{"id":3836101,"date":"2019-09-04T12:12:17","date_gmt":"2025-03-08T14:08:47","guid":{"rendered":"https:\/\/shop.diolosa.com\/product\/chenrezi-2\/"},"modified":"2025-05-06T15:20:24","modified_gmt":"2025-05-06T14:20:24","slug":"chenrezi-2","status":"publish","type":"product","link":"https:\/\/shop.diolosa.com\/pl\/product\/chenrezi-2\/","title":{"rendered":"Chenrezi 2"},"content":{"rendered":"<p>CHENREZI 2 jest stosowany w leczeniu mokrego zwyrodnienia plamki \u017c\u00f3\u0142tej. Ten preparat zio\u0142owy od\u017cywia Yang i Yin, krew, Qi, a przede wszystkim oczy. CHENREZI 2 udra\u017cnia oczy i zapobiega przekrwieniu i krwotokom w okolicy oczu. Leczenie zwyrodnienia plamki \u017c\u00f3\u0142tej mo\u017ce trwa\u0107 kilka lat, a pacjent powinien przyjmowa\u0107 ten preparat codziennie, aby zachowa\u0107 wzrok.<\/p>\n","protected":false},"excerpt":{"rendered":"<p>CHENREZI 2 jest stosowany w leczeniu mokrego zwyrodnienia plamki \u017c\u00f3\u0142tej.  [&#8230;]<\/p>\n","protected":false},"featured_media":3835943,"template":"","meta":{"_acf_changed":false},"product_brand":[],"product_cat":[11770],"product_tag":[11915],"class_list":{"0":"post-3836101","1":"product","2":"type-product","3":"status-publish","4":"has-post-thumbnail","6":"product_cat-okulistyka","7":"product_tag-zwyrodnienie-plamki-zoltej-mokre","9":"first","10":"instock","11":"taxable","12":"shipping-taxable","13":"purchasable","14":"product-type-simple"},"acf":{"yn_product_audio":"https:\/\/shop.diolosa.com\/wp-content\/uploads\/2018\/12\/DL_0986.mp3","yn_product_video":"https:\/\/shop.diolosa.com\/wp-content\/uploads\/2024\/04\/Chenrezi-2-1.mp4","yn_product_akupunktur":"<p>Leczenie miejscowe<br \/>\np\u0119cherz moczowy 1 &#8211; jing ming (du mai, yang\/yin qiao mai, jelito cienkie, san chiao, \u017co\u0142\u0105dek, jing bie of he and d\u00fc) &#8211; xie fa<br \/>\np\u0119cherz moczowy 2 &#8211; cuan zhu &#8211; xie fa<br \/>\nyi ming &#8211; M-HN-13 (shen, oczy,uszy) &#8211; xie fa<br \/>\nyu yao &#8211; M-HN-6 &#8211; xie fa<br \/>\nqiu hou &#8211; M-HN-8 &#8211; xie fa<br \/>\nworeczek \u017c\u00f3\u0142ciowy 14 &#8211; yang bai (\u017co\u0142\u0105dek, yang wei mai) &#8211; xie fa<br \/>\n\u017co\u0142\u0105dek 1 &#8211; cheng qi (jing bie of mb and ma) &#8211; xie fa<br \/>\nyin tang &#8211; M-HN-3 &#8211; xie fa<br \/>\ntai yang &#8211; M-HN-9 &#8211; xie fa  <\/p>\n<p>du mai 17 &#8211; nao hu (p\u0119cherz) &#8211; xie fa<br \/>\nworeczek \u017c\u00f3\u0142ciowy 19 &#8211; nao kong &#8211; xie fa<br \/>\nworeczek \u017c\u00f3\u0142ciowy 20 &#8211; feng chi (san chiao, yang wei mai) &#8211; xie fa<br \/>\njelito cienkie 6 &#8211; yang lao (xi) &#8211; xie fa<br \/>\nworeczek \u017c\u00f3\u0142ciowy 37 &#8211; guang ming (luo) &#8211; xie fa<br \/>\njelito grube 4 &#8211; he gu (yuan) &#8211; xie fa<br \/>\njelito grube 11 &#8211; qu chi &#8211; gui chen (he &#8211; gui) &#8211; xie fa  <\/p>\n<p>Leczenie na odleg\u0142o\u015b\u0107: Od\u017cywianie jing i krwi<br \/>\nnerka 3 &#8211; tai xi (shu,yuan) &#8211; bu fa<br \/>\np\u0119cherz moczowy 23 &#8211; shen shu &#8211; bu fa<br \/>\np\u0119cherz moczowy 20 &#8211; pi shu &#8211; bu fa<br \/>\np\u0119cherz moczowy 17 &#8211; ge shu (krew) &#8211; bu fa<br \/>\np\u0119cherzyk \u017c\u00f3\u0142ciowy 39 &#8211; xuan zhong &#8211; jue gu (szpik) &#8211; bu fa<br \/>\np\u0119cherzyk \u017c\u00f3\u0142ciowy 25 &#8211; jing men (mo &#8211; nerka) &#8211; bu fa<br \/>\nren mai 4 &#8211; guan yuan (mo> jelito cienkie, w\u0105troba, nerki, \u015bledziona) &#8211; bu fa ren mai 6 &#8211; qi xi (jing) &#8211; bu fa ren mai 6 &#8211; qi xi (jing) &#8211; bu fa jelito cienkie, w\u0105troba, nerki, \u015bledziona) &#8211; bu fa<br \/>\nren mai 6 &#8211; qi hai (yuan qi) &#8211; bu fa<\/p>\n","yn_product_verabreichungsart":"Pelety 140szt.","yn_product_dosierung":"<p>3 x 6 do 10 tabletek dziennie, przez 9 miesi\u0119cy do 3 lat bez przerwy.<\/p>\n","yn_product_combinations":"<p>BRIGHT LIGHT and BEAUTIFUL EYES od\u017cywia oczy, YIN ROOT, SAN BAO TEA na niedob\u00f3r yin i qi w nerkach, YANG ROOT, RINCHEN TEA na niedob\u00f3r yang w nerkach, IRON DROPS na niedob\u00f3r \u017celaza, FIVE DRAGONS (Luo Mai)<\/p>\n","yn_product_avoidable":"<p>Pieprz, alkohol, ostre i gor\u0105ce przyprawy, imbir, go\u017adziki, palenie tytoniu, a zw\u0142aszcza kawa.<\/p>\n","yn_product_tcm_mindmapping":"<p>Niedob\u00f3r qi, krwi, yin i yang w starszym wieku > niedo\u017cywienie oczu > przekrwienie > nagromadzenie \u015bluzu w okolicy oczu > ryzyko krwotoku<\/p>\n","yn_product_tongue_body":"<p>Bezsilny, niski, chudy, w\u0105ski, pop\u0119kany, blady<\/p>\n","yn_product_tongue_coating":"<p>Rzadki<\/p>\n","yn_product_pulse_diagnostics":"<p>xi mai &#8211; cienki, duan mai &#8211; kr\u00f3tki, xu mai &#8211; pusty, se mai &#8211; szorstki, shuo mai &#8211; szybki<\/p>\n","yn_product_indications":"<p>Mokre zwyrodnienie plamki \u017c\u00f3\u0142tej, krwotoki oczne<\/p>\n","yn_product_contra_indications":"<p>Puste ciep\u0142o, ciep\u0142o krwi, zast\u00f3j krwi, od\u0142\u0105czenie yang<\/p>\n","yn_product_pregnancy":"<p>Dozwolone<\/p>\n","yn_product_herbs":"<p>pseudostellariae radix &#8211; tai zhi shen, astragali radix &#8211; huang qi, rehmanniae radix praep &#8211; shu di huang, cuscutae semen &#8211; tu si zi, ligustri fructus &#8211; nu zhen zi, lycii fructus &#8211; gou qi zi, morindae radix &#8211; ba ji tian, eucommiae cortex &#8211; du zhong, corni fructus &#8211; shan zhu yu, dioscorea rhizoma &#8211; shan yao, angelicae sinensis radix &#8211; dang gui,<\/p>\n","yn_product_magisterrecipes":"<p>Wang Yi Jian, Ming Mu Di Huang Wan, Qi Ju Di Huang Wan<\/p>\n"},"yoast_head":"<!-- This site is optimized with the Yoast SEO plugin v24.9 - https:\/\/yoast.com\/wordpress\/plugins\/seo\/ -->\n<title>Chenrezi 2 - Claude Diolosa<\/title>\n<meta name=\"robots\" content=\"index, follow, max-snippet:-1, max-image-preview:large, max-video-preview:-1\" \/>\n<link rel=\"canonical\" href=\"https:\/\/shop.diolosa.com\/pl\/product\/chenrezi-2\/\" \/>\n<meta property=\"og:locale\" content=\"pl_PL\" \/>\n<meta property=\"og:type\" content=\"article\" \/>\n<meta property=\"og:title\" content=\"Chenrezi 2 - Claude Diolosa\" \/>\n<meta property=\"og:description\" content=\"CHENREZI 2 jest stosowany w leczeniu mokrego zwyrodnienia plamki \u017c\u00f3\u0142tej. [...]\" \/>\n<meta property=\"og:url\" content=\"https:\/\/shop.diolosa.com\/pl\/product\/chenrezi-2\/\" \/>\n<meta property=\"og:site_name\" content=\"Claude Diolosa\" \/>\n<meta property=\"article:publisher\" content=\"https:\/\/facebook.com\/claudediolosa\" \/>\n<meta property=\"article:modified_time\" content=\"2025-05-06T14:20:24+00:00\" \/>\n<meta property=\"og:image\" content=\"https:\/\/shop.diolosa.com\/wp-content\/uploads\/2019\/09\/Presslinge-140.jpg\" \/>\n\t<meta property=\"og:image:width\" content=\"800\" \/>\n\t<meta property=\"og:image:height\" content=\"533\" \/>\n\t<meta property=\"og:image:type\" content=\"image\/jpeg\" \/>\n<meta name=\"twitter:card\" content=\"summary_large_image\" \/>\n<script type=\"application\/ld+json\" class=\"yoast-schema-graph\">{\"@context\":\"https:\/\/schema.org\",\"@graph\":[{\"@type\":\"WebPage\",\"@id\":\"https:\/\/shop.diolosa.com\/pl\/product\/chenrezi-2\/\",\"url\":\"https:\/\/shop.diolosa.com\/pl\/product\/chenrezi-2\/\",\"name\":\"Chenrezi 2 - Claude Diolosa\",\"isPartOf\":{\"@id\":\"https:\/\/shop.diolosa.com\/pl\/#website\"},\"primaryImageOfPage\":{\"@id\":\"https:\/\/shop.diolosa.com\/pl\/product\/chenrezi-2\/#primaryimage\"},\"image\":{\"@id\":\"https:\/\/shop.diolosa.com\/pl\/product\/chenrezi-2\/#primaryimage\"},\"thumbnailUrl\":\"https:\/\/shop.diolosa.com\/wp-content\/uploads\/2019\/09\/Presslinge-140.jpg\",\"datePublished\":\"2025-03-08T14:08:47+00:00\",\"dateModified\":\"2025-05-06T14:20:24+00:00\",\"breadcrumb\":{\"@id\":\"https:\/\/shop.diolosa.com\/pl\/product\/chenrezi-2\/#breadcrumb\"},\"inLanguage\":\"pl-PL\",\"potentialAction\":[{\"@type\":\"ReadAction\",\"target\":[\"https:\/\/shop.diolosa.com\/pl\/product\/chenrezi-2\/\"]}]},{\"@type\":\"ImageObject\",\"inLanguage\":\"pl-PL\",\"@id\":\"https:\/\/shop.diolosa.com\/pl\/product\/chenrezi-2\/#primaryimage\",\"url\":\"https:\/\/shop.diolosa.com\/wp-content\/uploads\/2019\/09\/Presslinge-140.jpg\",\"contentUrl\":\"https:\/\/shop.diolosa.com\/wp-content\/uploads\/2019\/09\/Presslinge-140.jpg\",\"width\":800,\"height\":533},{\"@type\":\"BreadcrumbList\",\"@id\":\"https:\/\/shop.diolosa.com\/pl\/product\/chenrezi-2\/#breadcrumb\",\"itemListElement\":[{\"@type\":\"ListItem\",\"position\":1,\"name\":\"Startseite\",\"item\":\"https:\/\/shop.diolosa.com\/pl\/?page_id=3835710\"},{\"@type\":\"ListItem\",\"position\":2,\"name\":\"Sklep\",\"item\":\"https:\/\/shop.diolosa.com\/pl\/?page_id=3835710\"},{\"@type\":\"ListItem\",\"position\":3,\"name\":\"Chenrezi 2\"}]},{\"@type\":\"WebSite\",\"@id\":\"https:\/\/shop.diolosa.com\/pl\/#website\",\"url\":\"https:\/\/shop.diolosa.com\/pl\/\",\"name\":\"Claude Diolosa\",\"description\":\"\",\"publisher\":{\"@id\":\"https:\/\/shop.diolosa.com\/pl\/#organization\"},\"potentialAction\":[{\"@type\":\"SearchAction\",\"target\":{\"@type\":\"EntryPoint\",\"urlTemplate\":\"https:\/\/shop.diolosa.com\/pl\/?s={search_term_string}\"},\"query-input\":{\"@type\":\"PropertyValueSpecification\",\"valueRequired\":true,\"valueName\":\"search_term_string\"}}],\"inLanguage\":\"pl-PL\"},{\"@type\":\"Organization\",\"@id\":\"https:\/\/shop.diolosa.com\/pl\/#organization\",\"name\":\"Claude Diolosa\",\"url\":\"https:\/\/shop.diolosa.com\/pl\/\",\"logo\":{\"@type\":\"ImageObject\",\"inLanguage\":\"pl-PL\",\"@id\":\"https:\/\/shop.diolosa.com\/pl\/#\/schema\/logo\/image\/\",\"url\":\"https:\/\/shop.diolosa.com\/wp-content\/uploads\/2019\/08\/diolosa-drop-logo-new.png\",\"contentUrl\":\"https:\/\/shop.diolosa.com\/wp-content\/uploads\/2019\/08\/diolosa-drop-logo-new.png\",\"width\":134,\"height\":176,\"caption\":\"Claude Diolosa\"},\"image\":{\"@id\":\"https:\/\/shop.diolosa.com\/pl\/#\/schema\/logo\/image\/\"},\"sameAs\":[\"https:\/\/facebook.com\/claudediolosa\",\"https:\/\/www.instagram.com\/diolosaclaude108\/\"]}]}<\/script>\n<!-- \/ Yoast SEO plugin. -->","yoast_head_json":{"title":"Chenrezi 2 - Claude Diolosa","robots":{"index":"index","follow":"follow","max-snippet":"max-snippet:-1","max-image-preview":"max-image-preview:large","max-video-preview":"max-video-preview:-1"},"canonical":"https:\/\/shop.diolosa.com\/pl\/product\/chenrezi-2\/","og_locale":"pl_PL","og_type":"article","og_title":"Chenrezi 2 - Claude Diolosa","og_description":"CHENREZI 2 jest stosowany w leczeniu mokrego zwyrodnienia plamki \u017c\u00f3\u0142tej. [...]","og_url":"https:\/\/shop.diolosa.com\/pl\/product\/chenrezi-2\/","og_site_name":"Claude Diolosa","article_publisher":"https:\/\/facebook.com\/claudediolosa","article_modified_time":"2025-05-06T14:20:24+00:00","og_image":[{"width":800,"height":533,"url":"https:\/\/shop.diolosa.com\/wp-content\/uploads\/2019\/09\/Presslinge-140.jpg","type":"image\/jpeg"}],"twitter_card":"summary_large_image","schema":{"@context":"https:\/\/schema.org","@graph":[{"@type":"WebPage","@id":"https:\/\/shop.diolosa.com\/pl\/product\/chenrezi-2\/","url":"https:\/\/shop.diolosa.com\/pl\/product\/chenrezi-2\/","name":"Chenrezi 2 - Claude Diolosa","isPartOf":{"@id":"https:\/\/shop.diolosa.com\/pl\/#website"},"primaryImageOfPage":{"@id":"https:\/\/shop.diolosa.com\/pl\/product\/chenrezi-2\/#primaryimage"},"image":{"@id":"https:\/\/shop.diolosa.com\/pl\/product\/chenrezi-2\/#primaryimage"},"thumbnailUrl":"https:\/\/shop.diolosa.com\/wp-content\/uploads\/2019\/09\/Presslinge-140.jpg","datePublished":"2025-03-08T14:08:47+00:00","dateModified":"2025-05-06T14:20:24+00:00","breadcrumb":{"@id":"https:\/\/shop.diolosa.com\/pl\/product\/chenrezi-2\/#breadcrumb"},"inLanguage":"pl-PL","potentialAction":[{"@type":"ReadAction","target":["https:\/\/shop.diolosa.com\/pl\/product\/chenrezi-2\/"]}]},{"@type":"ImageObject","inLanguage":"pl-PL","@id":"https:\/\/shop.diolosa.com\/pl\/product\/chenrezi-2\/#primaryimage","url":"https:\/\/shop.diolosa.com\/wp-content\/uploads\/2019\/09\/Presslinge-140.jpg","contentUrl":"https:\/\/shop.diolosa.com\/wp-content\/uploads\/2019\/09\/Presslinge-140.jpg","width":800,"height":533},{"@type":"BreadcrumbList","@id":"https:\/\/shop.diolosa.com\/pl\/product\/chenrezi-2\/#breadcrumb","itemListElement":[{"@type":"ListItem","position":1,"name":"Startseite","item":"https:\/\/shop.diolosa.com\/pl\/?page_id=3835710"},{"@type":"ListItem","position":2,"name":"Sklep","item":"https:\/\/shop.diolosa.com\/pl\/?page_id=3835710"},{"@type":"ListItem","position":3,"name":"Chenrezi 2"}]},{"@type":"WebSite","@id":"https:\/\/shop.diolosa.com\/pl\/#website","url":"https:\/\/shop.diolosa.com\/pl\/","name":"Claude Diolosa","description":"","publisher":{"@id":"https:\/\/shop.diolosa.com\/pl\/#organization"},"potentialAction":[{"@type":"SearchAction","target":{"@type":"EntryPoint","urlTemplate":"https:\/\/shop.diolosa.com\/pl\/?s={search_term_string}"},"query-input":{"@type":"PropertyValueSpecification","valueRequired":true,"valueName":"search_term_string"}}],"inLanguage":"pl-PL"},{"@type":"Organization","@id":"https:\/\/shop.diolosa.com\/pl\/#organization","name":"Claude Diolosa","url":"https:\/\/shop.diolosa.com\/pl\/","logo":{"@type":"ImageObject","inLanguage":"pl-PL","@id":"https:\/\/shop.diolosa.com\/pl\/#\/schema\/logo\/image\/","url":"https:\/\/shop.diolosa.com\/wp-content\/uploads\/2019\/08\/diolosa-drop-logo-new.png","contentUrl":"https:\/\/shop.diolosa.com\/wp-content\/uploads\/2019\/08\/diolosa-drop-logo-new.png","width":134,"height":176,"caption":"Claude Diolosa"},"image":{"@id":"https:\/\/shop.diolosa.com\/pl\/#\/schema\/logo\/image\/"},"sameAs":["https:\/\/facebook.com\/claudediolosa","https:\/\/www.instagram.com\/diolosaclaude108\/"]}]}},"_links":{"self":[{"href":"https:\/\/shop.diolosa.com\/pl\/wp-json\/wp\/v2\/product\/3836101","targetHints":{"allow":["GET"]}}],"collection":[{"href":"https:\/\/shop.diolosa.com\/pl\/wp-json\/wp\/v2\/product"}],"about":[{"href":"https:\/\/shop.diolosa.com\/pl\/wp-json\/wp\/v2\/types\/product"}],"wp:featuredmedia":[{"embeddable":true,"href":"https:\/\/shop.diolosa.com\/pl\/wp-json\/wp\/v2\/media\/3835943"}],"wp:attachment":[{"href":"https:\/\/shop.diolosa.com\/pl\/wp-json\/wp\/v2\/media?parent=3836101"}],"wp:term":[{"taxonomy":"product_brand","embeddable":true,"href":"https:\/\/shop.diolosa.com\/pl\/wp-json\/wp\/v2\/product_brand?post=3836101"},{"taxonomy":"product_cat","embeddable":true,"href":"https:\/\/shop.diolosa.com\/pl\/wp-json\/wp\/v2\/product_cat?post=3836101"},{"taxonomy":"product_tag","embeddable":true,"href":"https:\/\/shop.diolosa.com\/pl\/wp-json\/wp\/v2\/product_tag?post=3836101"}],"curies":[{"name":"wp","href":"https:\/\/api.w.org\/{rel}","templated":true}]}}