{"id":3836111,"date":"2019-09-04T12:12:17","date_gmt":"2025-03-08T14:08:51","guid":{"rendered":"https:\/\/shop.diolosa.com\/product\/pewnosc-siebie\/"},"modified":"2025-05-06T15:20:33","modified_gmt":"2025-05-06T14:20:33","slug":"pewnosc-siebie","status":"publish","type":"product","link":"https:\/\/shop.diolosa.com\/pl\/product\/pewnosc-siebie\/","title":{"rendered":"Pewno\u015b\u0107 siebie"},"content":{"rendered":"<p>CONFIDENCE jest stosowany w leczeniu choroby wrzodowej. Preparat ten harmonizuje p\u0119cherzyk \u017c\u00f3\u0142ciowy, w\u0105trob\u0119 (drewno) i \u017co\u0142\u0105dek (ziemia), rozlu\u017ania qi, usuwa ciep\u0142o, eliminuje toksyny (przeciwzapalne), usuwa ciep\u0142o krwi, rozpuszcza zast\u00f3j krwi (b\u00f3l), \u0142agodzi nagromadzenia i stwardnienia, uspokaja YI i SHEN oraz przeciwdzia\u0142a nadkwa\u015bno\u015bci.<\/p>\n","protected":false},"excerpt":{"rendered":"<p>CONFIDENCE jest stosowany w leczeniu choroby wrzodowej. Preparat ten harmonizuje  [&#8230;]<\/p>\n","protected":false},"featured_media":3835943,"template":"","meta":{"_acf_changed":false},"product_brand":[],"product_cat":[11867],"product_tag":[11925],"class_list":{"0":"post-3836111","1":"product","2":"type-product","3":"status-publish","4":"has-post-thumbnail","6":"product_cat-gastroenterologia","7":"product_tag-wrzod-zoladka","9":"first","10":"instock","11":"taxable","12":"shipping-taxable","13":"purchasable","14":"product-type-simple"},"acf":{"yn_product_audio":"https:\/\/shop.diolosa.com\/wp-content\/uploads\/2018\/12\/DL_0766.mp3","yn_product_video":"https:\/\/shop.diolosa.com\/wp-content\/uploads\/2024\/10\/Confidence.mp4","yn_product_akupunktur":"<p>Uwolnienie Qi \u017co\u0142\u0105dka, rozpuszczenie zastoju, poruszenie Qi i krwi<br \/>\nw\u0105troba 13 &#8211; zhang men (mo spleen, ba hui xue, w\u0105troba i p\u0119cherzyk \u017c\u00f3\u0142ciowy) &#8211; xie fa<br \/>\nren mai 12 &#8211; zhong wan (mo>\u017co\u0142\u0105dek, ba hui xue, jelito cienkie, san chiao, \u017co\u0142\u0105dek) &#8211; xie fa<br \/>\nren mai 13 &#8211; shang wan (jelito cienkie, \u017co\u0142\u0105dek, ren mai) &#8211; xie fa<br \/>\nren mai 10 &#8211; xia wan (\u015bledziona) &#8211; xie fa<br \/>\n\u017co\u0142\u0105dek 21 &#8211; liang men &#8211; xie fa<br \/>\n\u017co\u0142\u0105dek 43 &#8211; xian gu (shu) &#8211; xie fa<br \/>\n\u017co\u0142\u0105dek 36 &#8211; to san li (shu, xia he xue &#8211; \u017co\u0142\u0105dek, si hai xue, si zhong xue) &#8211; xie fa<br \/>\n\u017co\u0142\u0105dek 25 &#8211; tian shu (mo, jelito grube, ME) &#8211; xie fa<br \/>\n\u017co\u0142\u0105dek 40 &#8211; feng long (luo) &#8211; xie fa<br \/>\n\u017co\u0142\u0105dek 44 &#8211; nei ting (ying) &#8211; xie fa<br \/>\ncykl 6 &#8211; nei guan (luo, yin wei mai) &#8211; xie fa<br \/>\n\u015bledziona 4 &#8211; gong sun (luo, chong mai) &#8211; xie fa<\/p>\n<p>Shen uspok\u00f3j si\u0119<br \/>\ndu mai 20 &#8211; bai hui &#8211; bai lao (jezioro szpiku kostnego, p\u0119cherz) &#8211; xie fa<br \/>\ndu mai 24 &#8211; shen ting (p\u0119cherz, \u017co\u0142\u0105dek, gui) &#8211; xie fa<br \/>\n\u017co\u0142\u0105dek 6 &#8211; jia che &#8211; gui chuan (gui) &#8211; xie fa<br \/>\nsi shen cong &#8211; M-HN-1 (m\u00f3zg, cns) &#8211; xie fa<br \/>\nworeczek \u017c\u00f3\u0142ciowy 34 &#8211; yang ling quan (he, xia he xue, gui) &#8211; xie fa<br \/>\nanmian &#8211; N-HN-54 (shen, m\u00f3zg) &#8211; xie fa<\/p>\n","yn_product_verabreichungsart":"Pelety 140szt.","yn_product_dosierung":"<p>6 tabletek rano przed \u015bniadaniem lub 3 x 6 do 10 tabletek dziennie, zawsze przed posi\u0142kami.<\/p>\n","yn_product_combinations":"<p>TEMPLE OF PEACE (wrz\u00f3d dwunastnicy), OPEN SPACE (zapalenie \u017co\u0142\u0105dka), INTELLIGENT LODGE (Yi Plus &#8211; obsesyjne my\u015blenie), BRIGHT FUTURE (depresja), NO WORRY (przekrwienie Qi), SIX FLOWERS (przekrwienie Qi i krwi), HAPPY DAYS (\u0142agodna depresja), FIVE SHELLS (nadkwasota), DEEP SLEEP FORTE, GOOD DREAMS TEE (bezsenno\u015b\u0107).<\/p>\n","yn_product_avoidable":"<p>Aromatyczne, ostre i gor\u0105ce przyprawy, s\u00f3l, ocet, alkohol, kawa i palenie tytoniu<\/p>\n","yn_product_tcm_mindmapping":"<p>Yi Plus > Zast\u00f3j Qi w \u017co\u0142\u0105dku > Zast\u00f3j krwi > Ogie\u0144 > Ciep\u0142o krwi > Wrz\u00f3d > Krwawienie > Niedob\u00f3r Yin w \u017co\u0142\u0105dku<\/p>\n","yn_product_tongue_body":"<p>Opuchni\u0119te brzegi j\u0119zyka lub obrz\u0119k po jednej stronie, czerwony, p\u0119kni\u0119ty w \u015brodku<\/p>\n","yn_product_tongue_coating":"<p>Pow\u0142oka j\u0119zyka mapy, \u017c\u00f3\u0142tawa<\/p>\n","yn_product_pulse_diagnostics":"<p>Pozycja \u017co\u0142\u0105dka: xian mai &#8211; napi\u0119ty, xi mai &#8211; cienki, xu mai &#8211; pusty, se mai &#8211; szorstki, shuo mai &#8211; szybki<\/p>\n","yn_product_indications":"<p>B\u00f3l brzucha, ucisk i pieczenie, uczucie napi\u0119cia w g\u00f3rnej cz\u0119\u015bci brzucha, odbijanie, nudno\u015bci, utrata apetytu, czarne stolce.<\/p>\n","yn_product_contra_indications":"<p>Biegunka, wielomocz, wilgo\u0107 i nagromadzenie flegmy w Yang Ming<\/p>\n","yn_product_pregnancy":"<p>Dozwolone<\/p>\n","yn_product_herbs":"<p>ostrae concha &#8211; mu li, glycyrrhizae uralensis radix &#8211; gan cao, opiophogonis radix &#8211; mai men dong, glehniae radix &#8211; bei sha shen, lonicerae japonicae flos &#8211; jin yin hua, forsythiae suspensae fructus &#8211; lian qiao, menthae haplocalycis herba &#8211; bo he, paeoniae rubrae radix &#8211; chi shao yao, biotae cacumen &#8211; ce bai ye, glycyrrhizae uralensis radix &#8211; gan cao<\/p>\n","yn_product_magisterrecipes":"<p>Qing Wei San, Chai Hu Su Gan San, Si Ni San<\/p>\n"},"yoast_head":"<!-- This site is optimized with the Yoast SEO plugin v24.9 - https:\/\/yoast.com\/wordpress\/plugins\/seo\/ -->\n<title>Pewno\u015b\u0107 siebie - Claude Diolosa<\/title>\n<meta name=\"robots\" content=\"index, follow, max-snippet:-1, max-image-preview:large, max-video-preview:-1\" \/>\n<link rel=\"canonical\" href=\"https:\/\/shop.diolosa.com\/pl\/product\/pewnosc-siebie\/\" \/>\n<meta property=\"og:locale\" content=\"pl_PL\" \/>\n<meta property=\"og:type\" content=\"article\" \/>\n<meta property=\"og:title\" content=\"Pewno\u015b\u0107 siebie - Claude Diolosa\" \/>\n<meta property=\"og:description\" content=\"CONFIDENCE jest stosowany w leczeniu choroby wrzodowej. Preparat ten harmonizuje [...]\" \/>\n<meta property=\"og:url\" content=\"https:\/\/shop.diolosa.com\/pl\/product\/pewnosc-siebie\/\" \/>\n<meta property=\"og:site_name\" content=\"Claude Diolosa\" \/>\n<meta property=\"article:publisher\" content=\"https:\/\/facebook.com\/claudediolosa\" \/>\n<meta property=\"article:modified_time\" content=\"2025-05-06T14:20:33+00:00\" \/>\n<meta property=\"og:image\" content=\"https:\/\/shop.diolosa.com\/wp-content\/uploads\/2019\/09\/Presslinge-140.jpg\" \/>\n\t<meta property=\"og:image:width\" content=\"800\" \/>\n\t<meta property=\"og:image:height\" content=\"533\" \/>\n\t<meta property=\"og:image:type\" content=\"image\/jpeg\" \/>\n<meta name=\"twitter:card\" content=\"summary_large_image\" \/>\n<script type=\"application\/ld+json\" class=\"yoast-schema-graph\">{\"@context\":\"https:\/\/schema.org\",\"@graph\":[{\"@type\":\"WebPage\",\"@id\":\"https:\/\/shop.diolosa.com\/pl\/product\/pewnosc-siebie\/\",\"url\":\"https:\/\/shop.diolosa.com\/pl\/product\/pewnosc-siebie\/\",\"name\":\"Pewno\u015b\u0107 siebie - Claude Diolosa\",\"isPartOf\":{\"@id\":\"https:\/\/shop.diolosa.com\/pl\/#website\"},\"primaryImageOfPage\":{\"@id\":\"https:\/\/shop.diolosa.com\/pl\/product\/pewnosc-siebie\/#primaryimage\"},\"image\":{\"@id\":\"https:\/\/shop.diolosa.com\/pl\/product\/pewnosc-siebie\/#primaryimage\"},\"thumbnailUrl\":\"https:\/\/shop.diolosa.com\/wp-content\/uploads\/2019\/09\/Presslinge-140.jpg\",\"datePublished\":\"2025-03-08T14:08:51+00:00\",\"dateModified\":\"2025-05-06T14:20:33+00:00\",\"breadcrumb\":{\"@id\":\"https:\/\/shop.diolosa.com\/pl\/product\/pewnosc-siebie\/#breadcrumb\"},\"inLanguage\":\"pl-PL\",\"potentialAction\":[{\"@type\":\"ReadAction\",\"target\":[\"https:\/\/shop.diolosa.com\/pl\/product\/pewnosc-siebie\/\"]}]},{\"@type\":\"ImageObject\",\"inLanguage\":\"pl-PL\",\"@id\":\"https:\/\/shop.diolosa.com\/pl\/product\/pewnosc-siebie\/#primaryimage\",\"url\":\"https:\/\/shop.diolosa.com\/wp-content\/uploads\/2019\/09\/Presslinge-140.jpg\",\"contentUrl\":\"https:\/\/shop.diolosa.com\/wp-content\/uploads\/2019\/09\/Presslinge-140.jpg\",\"width\":800,\"height\":533},{\"@type\":\"BreadcrumbList\",\"@id\":\"https:\/\/shop.diolosa.com\/pl\/product\/pewnosc-siebie\/#breadcrumb\",\"itemListElement\":[{\"@type\":\"ListItem\",\"position\":1,\"name\":\"Startseite\",\"item\":\"https:\/\/shop.diolosa.com\/pl\/?page_id=3835710\"},{\"@type\":\"ListItem\",\"position\":2,\"name\":\"Sklep\",\"item\":\"https:\/\/shop.diolosa.com\/pl\/?page_id=3835710\"},{\"@type\":\"ListItem\",\"position\":3,\"name\":\"Pewno\u015b\u0107 siebie\"}]},{\"@type\":\"WebSite\",\"@id\":\"https:\/\/shop.diolosa.com\/pl\/#website\",\"url\":\"https:\/\/shop.diolosa.com\/pl\/\",\"name\":\"Claude Diolosa\",\"description\":\"\",\"publisher\":{\"@id\":\"https:\/\/shop.diolosa.com\/pl\/#organization\"},\"potentialAction\":[{\"@type\":\"SearchAction\",\"target\":{\"@type\":\"EntryPoint\",\"urlTemplate\":\"https:\/\/shop.diolosa.com\/pl\/?s={search_term_string}\"},\"query-input\":{\"@type\":\"PropertyValueSpecification\",\"valueRequired\":true,\"valueName\":\"search_term_string\"}}],\"inLanguage\":\"pl-PL\"},{\"@type\":\"Organization\",\"@id\":\"https:\/\/shop.diolosa.com\/pl\/#organization\",\"name\":\"Claude Diolosa\",\"url\":\"https:\/\/shop.diolosa.com\/pl\/\",\"logo\":{\"@type\":\"ImageObject\",\"inLanguage\":\"pl-PL\",\"@id\":\"https:\/\/shop.diolosa.com\/pl\/#\/schema\/logo\/image\/\",\"url\":\"https:\/\/shop.diolosa.com\/wp-content\/uploads\/2019\/08\/diolosa-drop-logo-new.png\",\"contentUrl\":\"https:\/\/shop.diolosa.com\/wp-content\/uploads\/2019\/08\/diolosa-drop-logo-new.png\",\"width\":134,\"height\":176,\"caption\":\"Claude Diolosa\"},\"image\":{\"@id\":\"https:\/\/shop.diolosa.com\/pl\/#\/schema\/logo\/image\/\"},\"sameAs\":[\"https:\/\/facebook.com\/claudediolosa\",\"https:\/\/www.instagram.com\/diolosaclaude108\/\"]}]}<\/script>\n<!-- \/ Yoast SEO plugin. -->","yoast_head_json":{"title":"Pewno\u015b\u0107 siebie - Claude Diolosa","robots":{"index":"index","follow":"follow","max-snippet":"max-snippet:-1","max-image-preview":"max-image-preview:large","max-video-preview":"max-video-preview:-1"},"canonical":"https:\/\/shop.diolosa.com\/pl\/product\/pewnosc-siebie\/","og_locale":"pl_PL","og_type":"article","og_title":"Pewno\u015b\u0107 siebie - Claude Diolosa","og_description":"CONFIDENCE jest stosowany w leczeniu choroby wrzodowej. Preparat ten harmonizuje [...]","og_url":"https:\/\/shop.diolosa.com\/pl\/product\/pewnosc-siebie\/","og_site_name":"Claude Diolosa","article_publisher":"https:\/\/facebook.com\/claudediolosa","article_modified_time":"2025-05-06T14:20:33+00:00","og_image":[{"width":800,"height":533,"url":"https:\/\/shop.diolosa.com\/wp-content\/uploads\/2019\/09\/Presslinge-140.jpg","type":"image\/jpeg"}],"twitter_card":"summary_large_image","schema":{"@context":"https:\/\/schema.org","@graph":[{"@type":"WebPage","@id":"https:\/\/shop.diolosa.com\/pl\/product\/pewnosc-siebie\/","url":"https:\/\/shop.diolosa.com\/pl\/product\/pewnosc-siebie\/","name":"Pewno\u015b\u0107 siebie - Claude Diolosa","isPartOf":{"@id":"https:\/\/shop.diolosa.com\/pl\/#website"},"primaryImageOfPage":{"@id":"https:\/\/shop.diolosa.com\/pl\/product\/pewnosc-siebie\/#primaryimage"},"image":{"@id":"https:\/\/shop.diolosa.com\/pl\/product\/pewnosc-siebie\/#primaryimage"},"thumbnailUrl":"https:\/\/shop.diolosa.com\/wp-content\/uploads\/2019\/09\/Presslinge-140.jpg","datePublished":"2025-03-08T14:08:51+00:00","dateModified":"2025-05-06T14:20:33+00:00","breadcrumb":{"@id":"https:\/\/shop.diolosa.com\/pl\/product\/pewnosc-siebie\/#breadcrumb"},"inLanguage":"pl-PL","potentialAction":[{"@type":"ReadAction","target":["https:\/\/shop.diolosa.com\/pl\/product\/pewnosc-siebie\/"]}]},{"@type":"ImageObject","inLanguage":"pl-PL","@id":"https:\/\/shop.diolosa.com\/pl\/product\/pewnosc-siebie\/#primaryimage","url":"https:\/\/shop.diolosa.com\/wp-content\/uploads\/2019\/09\/Presslinge-140.jpg","contentUrl":"https:\/\/shop.diolosa.com\/wp-content\/uploads\/2019\/09\/Presslinge-140.jpg","width":800,"height":533},{"@type":"BreadcrumbList","@id":"https:\/\/shop.diolosa.com\/pl\/product\/pewnosc-siebie\/#breadcrumb","itemListElement":[{"@type":"ListItem","position":1,"name":"Startseite","item":"https:\/\/shop.diolosa.com\/pl\/?page_id=3835710"},{"@type":"ListItem","position":2,"name":"Sklep","item":"https:\/\/shop.diolosa.com\/pl\/?page_id=3835710"},{"@type":"ListItem","position":3,"name":"Pewno\u015b\u0107 siebie"}]},{"@type":"WebSite","@id":"https:\/\/shop.diolosa.com\/pl\/#website","url":"https:\/\/shop.diolosa.com\/pl\/","name":"Claude Diolosa","description":"","publisher":{"@id":"https:\/\/shop.diolosa.com\/pl\/#organization"},"potentialAction":[{"@type":"SearchAction","target":{"@type":"EntryPoint","urlTemplate":"https:\/\/shop.diolosa.com\/pl\/?s={search_term_string}"},"query-input":{"@type":"PropertyValueSpecification","valueRequired":true,"valueName":"search_term_string"}}],"inLanguage":"pl-PL"},{"@type":"Organization","@id":"https:\/\/shop.diolosa.com\/pl\/#organization","name":"Claude Diolosa","url":"https:\/\/shop.diolosa.com\/pl\/","logo":{"@type":"ImageObject","inLanguage":"pl-PL","@id":"https:\/\/shop.diolosa.com\/pl\/#\/schema\/logo\/image\/","url":"https:\/\/shop.diolosa.com\/wp-content\/uploads\/2019\/08\/diolosa-drop-logo-new.png","contentUrl":"https:\/\/shop.diolosa.com\/wp-content\/uploads\/2019\/08\/diolosa-drop-logo-new.png","width":134,"height":176,"caption":"Claude Diolosa"},"image":{"@id":"https:\/\/shop.diolosa.com\/pl\/#\/schema\/logo\/image\/"},"sameAs":["https:\/\/facebook.com\/claudediolosa","https:\/\/www.instagram.com\/diolosaclaude108\/"]}]}},"_links":{"self":[{"href":"https:\/\/shop.diolosa.com\/pl\/wp-json\/wp\/v2\/product\/3836111","targetHints":{"allow":["GET"]}}],"collection":[{"href":"https:\/\/shop.diolosa.com\/pl\/wp-json\/wp\/v2\/product"}],"about":[{"href":"https:\/\/shop.diolosa.com\/pl\/wp-json\/wp\/v2\/types\/product"}],"wp:featuredmedia":[{"embeddable":true,"href":"https:\/\/shop.diolosa.com\/pl\/wp-json\/wp\/v2\/media\/3835943"}],"wp:attachment":[{"href":"https:\/\/shop.diolosa.com\/pl\/wp-json\/wp\/v2\/media?parent=3836111"}],"wp:term":[{"taxonomy":"product_brand","embeddable":true,"href":"https:\/\/shop.diolosa.com\/pl\/wp-json\/wp\/v2\/product_brand?post=3836111"},{"taxonomy":"product_cat","embeddable":true,"href":"https:\/\/shop.diolosa.com\/pl\/wp-json\/wp\/v2\/product_cat?post=3836111"},{"taxonomy":"product_tag","embeddable":true,"href":"https:\/\/shop.diolosa.com\/pl\/wp-json\/wp\/v2\/product_tag?post=3836111"}],"curies":[{"name":"wp","href":"https:\/\/api.w.org\/{rel}","templated":true}]}}