{"id":3836115,"date":"2019-09-04T12:12:17","date_gmt":"2025-03-08T14:08:52","guid":{"rendered":"https:\/\/shop.diolosa.com\/product\/czarny-motyl\/"},"modified":"2025-05-31T12:54:53","modified_gmt":"2025-05-31T11:54:53","slug":"czarny-motyl","status":"publish","type":"product","link":"https:\/\/shop.diolosa.com\/pl\/product\/czarny-motyl\/","title":{"rendered":"Czarny motyl"},"content":{"rendered":"<p>BLACK BUTTERFLY jest stosowany w leczeniu tocznia rumieniowatego uk\u0142adowego (SLE), z\u0142o\u017conej choroby autoimmunologicznej, kt\u00f3ra wp\u0142ywa na wiele uk\u0142ad\u00f3w organizmu. Choroba ta jest wywo\u0142ywana przez wp\u0142yw patogennego Wen Bing, kt\u00f3ry przenika g\u0142\u0119boko do poziom\u00f3w Qi, Ying i Xue Fen. Proces ten prowadzi do upo\u015bledzenia Yin, powoduj\u0105c objawy takie jak Puste Ciep\u0142o, Gor\u0105co Krwi i Zast\u00f3j Krwi we wszystkich narz\u0105dach wewn\u0119trznych, znane jako Zang Fu. Wa\u017cne jest, aby zrozumie\u0107, \u017ce stan ten mo\u017ce by\u0107 bardzo powa\u017cny i wymaga wskaz\u00f3wek do\u015bwiadczonego lekarza tradycyjnej medycyny chi\u0144skiej (TCM), aby zapewni\u0107 odpowiednie i skuteczne leczenie.   <\/p>\n<p>Ponadto nale\u017cy zauwa\u017cy\u0107, \u017ce podej\u015bcie terapeutyczne mo\u017ce obejmowa\u0107 po\u0142\u0105czenie zachodnich lek\u00f3w z preparatami BUTTERFLY. Synergia mi\u0119dzy tymi dwiema ga\u0142\u0119ziami medycyny nigdy nie powinna by\u0107 zaniedbywana ani wykluczana, poniewa\u017c mo\u017ce oferowa\u0107 uzupe\u0142niaj\u0105ce si\u0119 korzy\u015bci w celu poprawy og\u00f3lnego stanu zdrowia pacjent\u00f3w z tym z\u0142o\u017conym schorzeniem. Taka wsp\u00f3\u0142praca mi\u0119dzy r\u00f3\u017cnymi podej\u015bciami medycznymi mo\u017ce potencjalnie prowadzi\u0107 do bardziej pozytywnych wynik\u00f3w i lepszej kontroli objaw\u00f3w zwi\u0105zanych z toczniem rumieniowatym uk\u0142adowym.<\/p>\n","protected":false},"excerpt":{"rendered":"<p>BLACK BUTTERFLY jest stosowany w leczeniu tocznia rumieniowatego uk\u0142adowego (SLE),  [&#8230;]<\/p>\n","protected":false},"featured_media":3835943,"template":"","meta":{"_acf_changed":false},"product_brand":[],"product_cat":[11910,11771],"product_tag":[11929],"class_list":{"0":"post-3836115","1":"product","2":"type-product","3":"status-publish","4":"has-post-thumbnail","6":"product_cat-choroby-autoimmunologiczne","7":"product_cat-wen-bing-lun-pl","8":"product_tag-toczen-rumieniowaty-sle","10":"first","11":"instock","12":"taxable","13":"shipping-taxable","14":"purchasable","15":"product-type-simple"},"acf":{"yn_product_audio":"https:\/\/shop.diolosa.com\/wp-content\/uploads\/2019\/09\/DL_1101.mp3","yn_product_akupunktur":"<p>Zachowaj yin i usu\u0144 ciep\u0142o pustki<br \/>\nnerka 6 &#8211; zhao hai (yin qiao mai) &#8211; bu fa<br \/>\nnerka 3 &#8211; tai xi (shu,yuan) &#8211; bu fa<br \/>\nnerka 7 &#8211; fu liu (jing) &#8211; bu fa<br \/>\np\u0119cherz 23 &#8211; shen shu &#8211; bu fa<br \/>\nworeczek \u017c\u00f3\u0142ciowy 25 &#8211; jing men (mo &#8211; nerka) &#8211; bu fa<br \/>\np\u0119cherz 43 &#8211; gao huang shu (qi,xue,jinye,yin,yang) &#8211; bu fa<br \/>\nnerka 2 &#8211; rang gu (ying) &#8211; xie fa<\/p>\n<p>Poporodowe \u017ar\u00f3d\u0142o Yin (Tai Yin) tonizuje<br \/>\n\u015bledzion\u0119 3 &#8211; tai bai (yuan) &#8211; bu fa<br \/>\np\u0119cherz 20 &#8211; pi shu &#8211; bu fa<br \/>\np\u0119cherz 13 &#8211; fei shu &#8211; bu fa<br \/>\np\u0142uca 9 &#8211; tai yuan &#8211; gui xin (shu, yuan, ba hui xue, gui) &#8211; bu fa<br \/>\np\u0142uca 5 &#8211; chi ze (he) &#8211; bu fa  <\/p>\n<p>Odprowadzanie ciep\u0142a i toksyn z Ying Fen<br \/>\nkr\u0105\u017cenie 8 &#8211; lao gong &#8211; gui cu (ying, gui) &#8211; xie fa<br \/>\nw\u0105troba 2 &#8211; xing jian (ying) &#8211; xie fa<br \/>\nserce 8 &#8211; shao fu (ying) &#8211; xie fa  <\/p>\n<p>Odprowadza ciep\u0142o i toksyny z Xue Fen<br \/>\nkrew Usuwa ciep\u0142o, rozpuszcza zastoje krwi i uspokaja wiatr<br \/>\nba feng -M-LE-8 (wiatr) &#8211; xie fa<br \/>\nshi xuan &#8211; M-UE-1 (krwawienie, shen) &#8211; xie fa<br \/>\np\u0119cherz 40 &#8211; wei zhong (he, xia he xue &#8211; p\u0119cherz, xi krwi, jing bie ni\/bl) &#8211; xie fa<\/p>\n<p>Shen uspok\u00f3j si\u0119<br \/>\nsi shen cong &#8211; M-HN-1 (m\u00f3zg, cns) &#8211; xie fa<br \/>\ndu mai 20 &#8211; bai hui &#8211; bai lao (jezioro szpiku kostnego, p\u0119cherz) &#8211; xie fa<br \/>\nyin tang &#8211; M-HN-3 &#8211; xie fa<br \/>\nanmian &#8211; N-HN-54 (shen,m\u00f3zg) &#8211; xie fa<br \/>\nworeczek \u017c\u00f3\u0142ciowy 20 &#8211; feng chi (san chiao, yang wei mai) &#8211; xie fa<br \/>\nkr\u0105\u017cenie 5 &#8211; jian shi &#8211; gui lu (jing, gui) &#8211; xie fa<br \/>\nkr\u0105\u017cenie 7 &#8211; da ling &#8211; gui xin (shu, yuan, gui) &#8211; xie fa  <\/p>\n<p>Zapobieganie zakrzepicy &#8211; wykorzystanie punkt\u00f3w xi<br \/>\n\u015bledziona 8 &#8211; di ji (xi) &#8211; xie fa<br \/>\nw\u0105troba 6 &#8211; zhong du (xi) &#8211; xie fa<br \/>\n\u015bledziona 6 &#8211; san yin jiao (le,ni,mb) &#8211; xie fa<br \/>\n\u015bledziona 10 &#8211; xue hai (jezioro krwi) &#8211; xie fa<br \/>\nserce 6 &#8211; yin xi (xi) &#8211; xie fa<br \/>\np\u0119cherz 40 &#8211; wei zhong (he, xia he xue &#8211; p\u0119cherz, xi krwi, jing bie ni\/bl) &#8211; xie fa  <\/p>\n<p>B\u00f3l staw\u00f3w<br \/>\nba feng &#8211; M-LE-8 (wiatr) &#8211; xie fa<br \/>\nworeczek \u017c\u00f3\u0142ciowy 39 &#8211; xuan zhong &#8211; jue gu (znak) &#8211; xie fa<br \/>\nworeczek \u017c\u00f3\u0142ciowy 34 &#8211; yang ling quan (he, xia he xue, gui) &#8211; xie fa  <\/p>\n<p>Wysypka sk\u00f3rna<br \/>\nshi xuan &#8211; M-UE-1 (krwawienie, shen) &#8211; xie fa<br \/>\nokr\u0119\u017cnica 4 &#8211; he gu (yuan) &#8211; xie fa<br \/>\nokr\u0119\u017cnica 11 &#8211; qu chi &#8211; gui tui (he &#8211; gui) &#8211; xie fa<\/p>\n","yn_product_verabreichungsart":"Pelety 140szt.","yn_product_dosierung":"<p>Przewlekle: Przyjmowa\u0107 3 x 4 do 6 tabletek dziennie przez 12 do 30 dni. Czas trwania leczenia musi by\u0107 dostosowany przez terapeut\u0119. <\/p>\n","yn_product_combinations":"<p>Wszystkie preparaty WBL z linii Diolosa, CZYSZCZ\u0104CE CIEP\u0141O na niedob\u00f3r Yin z Pustym Ciep\u0142em. Mo\u017cliwe jest po\u0142\u0105czenie obu preparat\u00f3w Lupus, a mianowicie RED BUTTERFLY rano i BLACK BUTTERFLY po po\u0142udniu. <\/p>\n","yn_product_avoidable":"<p>Ostre i gor\u0105ce przyprawy oraz mieszanki przypraw, ocet, czosnek, por, cebula, koperek, szczypiorek, jagni\u0119cina, owoce morza, dr\u00f3b, alkohol, wino, tyto\u0144, leki (kortyzon) i ciep\u0142e mieszanki herbat zio\u0142owych.<\/p>\n","yn_product_tcm_mindmapping":"<p>Wen Bing Lun > choroba wnikn\u0119\u0142a g\u0142\u0119boko > niedob\u00f3r Yin > puste ciep\u0142o > ciep\u0142o krwi i toksyny > zast\u00f3j krwi (zakrzepica) > Zang Fu s\u0105 zagro\u017cone.<\/p>\n","yn_product_tongue_body":"<p>Cienkie, w\u0105skie, kr\u00f3tkie, czerwone, pop\u0119kane, plamiste<\/p>\n","yn_product_tongue_coating":"<p>Rzadkie, suche, \u017c\u00f3\u0142te<\/p>\n","yn_product_pulse_diagnostics":"<p>Pozycja nerek: fu mai &#8211; powierzchowna, xi mai &#8211; cienka, xian mai &#8211; napi\u0119ta, shuo mai &#8211; szybka, xu mai &#8211; pusta, se mai &#8211; szorstka.<\/p>\n","yn_product_indications":"<p>Tocze\u0144 rumieniowaty uk\u0142adowy (SLE), nadwra\u017cliwo\u015b\u0107 na \u015bwiat\u0142o, owrzodzenie b\u0142ony \u015bluzowej jamy ustnej i\/lub nosa, b\u00f3l staw\u00f3w (artropatia toczniowa), toczniowe zapalenie nerek (70%), encefalopatia, zapalenie op\u0142ucnej, zapalenie osierdzia, niedokrwisto\u015b\u0107, ma\u0142op\u0142ytkowo\u015b\u0107, zakrzepica, zapalenie naczy\u0144.<\/p>\n","yn_product_contra_indications":"<p>Niedob\u00f3r Yang > wilgo\u0107, flegma > zast\u00f3j krwi<\/p>\n","yn_product_pregnancy":"<p>Dozwolone<\/p>\n","yn_product_herbs":"<p>rhemanniae radix &#8211; sheng di huang, phellodendri cortex &#8211; huang bai, alismati rhizoma &#8211; ze xie, moutan cortex &#8211; mu dan pi, alismati rhizoma &#8211; ze xie, glycyrrhizae uralensis radix &#8211; gan cao<\/p>\n","yn_product_magisterrecipes":"<p>Xi Jiao Di Huang Tang, Hu Ban Tang, Zhi Bai Di Huang Tang, Er Zhi Wan, Di Gu Pi Tang, Da Bu Yin Wan<\/p>\n","yn_product_video":"https:\/\/shop.diolosa.com\/wp-content\/uploads\/2025\/07\/Black-Butterfly.mp4"},"yoast_head":"<!-- This site is optimized with the Yoast SEO plugin v24.9 - https:\/\/yoast.com\/wordpress\/plugins\/seo\/ -->\n<title>Czarny motyl - Claude Diolosa<\/title>\n<meta name=\"robots\" content=\"index, follow, max-snippet:-1, max-image-preview:large, max-video-preview:-1\" \/>\n<link rel=\"canonical\" href=\"https:\/\/shop.diolosa.com\/pl\/product\/czarny-motyl\/\" \/>\n<meta property=\"og:locale\" content=\"pl_PL\" \/>\n<meta property=\"og:type\" content=\"article\" \/>\n<meta property=\"og:title\" content=\"Czarny motyl - Claude Diolosa\" \/>\n<meta property=\"og:description\" content=\"BLACK BUTTERFLY jest stosowany w leczeniu tocznia rumieniowatego uk\u0142adowego (SLE), [...]\" \/>\n<meta property=\"og:url\" content=\"https:\/\/shop.diolosa.com\/pl\/product\/czarny-motyl\/\" \/>\n<meta property=\"og:site_name\" content=\"Claude Diolosa\" \/>\n<meta property=\"article:publisher\" content=\"https:\/\/facebook.com\/claudediolosa\" \/>\n<meta property=\"article:modified_time\" content=\"2025-05-31T11:54:53+00:00\" \/>\n<meta property=\"og:image\" content=\"https:\/\/shop.diolosa.com\/wp-content\/uploads\/2019\/09\/Presslinge-140.jpg\" \/>\n\t<meta property=\"og:image:width\" content=\"800\" \/>\n\t<meta property=\"og:image:height\" content=\"533\" \/>\n\t<meta property=\"og:image:type\" content=\"image\/jpeg\" \/>\n<meta name=\"twitter:card\" content=\"summary_large_image\" \/>\n<meta name=\"twitter:label1\" content=\"Szacowany czas czytania\" \/>\n\t<meta name=\"twitter:data1\" content=\"1 minuta\" \/>\n<script type=\"application\/ld+json\" class=\"yoast-schema-graph\">{\"@context\":\"https:\/\/schema.org\",\"@graph\":[{\"@type\":\"WebPage\",\"@id\":\"https:\/\/shop.diolosa.com\/pl\/product\/czarny-motyl\/\",\"url\":\"https:\/\/shop.diolosa.com\/pl\/product\/czarny-motyl\/\",\"name\":\"Czarny motyl - Claude Diolosa\",\"isPartOf\":{\"@id\":\"https:\/\/shop.diolosa.com\/pl\/#website\"},\"primaryImageOfPage\":{\"@id\":\"https:\/\/shop.diolosa.com\/pl\/product\/czarny-motyl\/#primaryimage\"},\"image\":{\"@id\":\"https:\/\/shop.diolosa.com\/pl\/product\/czarny-motyl\/#primaryimage\"},\"thumbnailUrl\":\"https:\/\/shop.diolosa.com\/wp-content\/uploads\/2019\/09\/Presslinge-140.jpg\",\"datePublished\":\"2025-03-08T14:08:52+00:00\",\"dateModified\":\"2025-05-31T11:54:53+00:00\",\"breadcrumb\":{\"@id\":\"https:\/\/shop.diolosa.com\/pl\/product\/czarny-motyl\/#breadcrumb\"},\"inLanguage\":\"pl-PL\",\"potentialAction\":[{\"@type\":\"ReadAction\",\"target\":[\"https:\/\/shop.diolosa.com\/pl\/product\/czarny-motyl\/\"]}]},{\"@type\":\"ImageObject\",\"inLanguage\":\"pl-PL\",\"@id\":\"https:\/\/shop.diolosa.com\/pl\/product\/czarny-motyl\/#primaryimage\",\"url\":\"https:\/\/shop.diolosa.com\/wp-content\/uploads\/2019\/09\/Presslinge-140.jpg\",\"contentUrl\":\"https:\/\/shop.diolosa.com\/wp-content\/uploads\/2019\/09\/Presslinge-140.jpg\",\"width\":800,\"height\":533},{\"@type\":\"BreadcrumbList\",\"@id\":\"https:\/\/shop.diolosa.com\/pl\/product\/czarny-motyl\/#breadcrumb\",\"itemListElement\":[{\"@type\":\"ListItem\",\"position\":1,\"name\":\"Startseite\",\"item\":\"https:\/\/shop.diolosa.com\/pl\/?page_id=3835710\"},{\"@type\":\"ListItem\",\"position\":2,\"name\":\"Sklep\",\"item\":\"https:\/\/shop.diolosa.com\/pl\/?page_id=3835710\"},{\"@type\":\"ListItem\",\"position\":3,\"name\":\"Czarny motyl\"}]},{\"@type\":\"WebSite\",\"@id\":\"https:\/\/shop.diolosa.com\/pl\/#website\",\"url\":\"https:\/\/shop.diolosa.com\/pl\/\",\"name\":\"Claude Diolosa\",\"description\":\"\",\"publisher\":{\"@id\":\"https:\/\/shop.diolosa.com\/pl\/#organization\"},\"potentialAction\":[{\"@type\":\"SearchAction\",\"target\":{\"@type\":\"EntryPoint\",\"urlTemplate\":\"https:\/\/shop.diolosa.com\/pl\/?s={search_term_string}\"},\"query-input\":{\"@type\":\"PropertyValueSpecification\",\"valueRequired\":true,\"valueName\":\"search_term_string\"}}],\"inLanguage\":\"pl-PL\"},{\"@type\":\"Organization\",\"@id\":\"https:\/\/shop.diolosa.com\/pl\/#organization\",\"name\":\"Claude Diolosa\",\"url\":\"https:\/\/shop.diolosa.com\/pl\/\",\"logo\":{\"@type\":\"ImageObject\",\"inLanguage\":\"pl-PL\",\"@id\":\"https:\/\/shop.diolosa.com\/pl\/#\/schema\/logo\/image\/\",\"url\":\"https:\/\/shop.diolosa.com\/wp-content\/uploads\/2019\/08\/diolosa-drop-logo-new.png\",\"contentUrl\":\"https:\/\/shop.diolosa.com\/wp-content\/uploads\/2019\/08\/diolosa-drop-logo-new.png\",\"width\":134,\"height\":176,\"caption\":\"Claude Diolosa\"},\"image\":{\"@id\":\"https:\/\/shop.diolosa.com\/pl\/#\/schema\/logo\/image\/\"},\"sameAs\":[\"https:\/\/facebook.com\/claudediolosa\",\"https:\/\/www.instagram.com\/diolosaclaude108\/\"]}]}<\/script>\n<!-- \/ Yoast SEO plugin. -->","yoast_head_json":{"title":"Czarny motyl - Claude Diolosa","robots":{"index":"index","follow":"follow","max-snippet":"max-snippet:-1","max-image-preview":"max-image-preview:large","max-video-preview":"max-video-preview:-1"},"canonical":"https:\/\/shop.diolosa.com\/pl\/product\/czarny-motyl\/","og_locale":"pl_PL","og_type":"article","og_title":"Czarny motyl - Claude Diolosa","og_description":"BLACK BUTTERFLY jest stosowany w leczeniu tocznia rumieniowatego uk\u0142adowego (SLE), [...]","og_url":"https:\/\/shop.diolosa.com\/pl\/product\/czarny-motyl\/","og_site_name":"Claude Diolosa","article_publisher":"https:\/\/facebook.com\/claudediolosa","article_modified_time":"2025-05-31T11:54:53+00:00","og_image":[{"width":800,"height":533,"url":"https:\/\/shop.diolosa.com\/wp-content\/uploads\/2019\/09\/Presslinge-140.jpg","type":"image\/jpeg"}],"twitter_card":"summary_large_image","twitter_misc":{"Szacowany czas czytania":"1 minuta"},"schema":{"@context":"https:\/\/schema.org","@graph":[{"@type":"WebPage","@id":"https:\/\/shop.diolosa.com\/pl\/product\/czarny-motyl\/","url":"https:\/\/shop.diolosa.com\/pl\/product\/czarny-motyl\/","name":"Czarny motyl - Claude Diolosa","isPartOf":{"@id":"https:\/\/shop.diolosa.com\/pl\/#website"},"primaryImageOfPage":{"@id":"https:\/\/shop.diolosa.com\/pl\/product\/czarny-motyl\/#primaryimage"},"image":{"@id":"https:\/\/shop.diolosa.com\/pl\/product\/czarny-motyl\/#primaryimage"},"thumbnailUrl":"https:\/\/shop.diolosa.com\/wp-content\/uploads\/2019\/09\/Presslinge-140.jpg","datePublished":"2025-03-08T14:08:52+00:00","dateModified":"2025-05-31T11:54:53+00:00","breadcrumb":{"@id":"https:\/\/shop.diolosa.com\/pl\/product\/czarny-motyl\/#breadcrumb"},"inLanguage":"pl-PL","potentialAction":[{"@type":"ReadAction","target":["https:\/\/shop.diolosa.com\/pl\/product\/czarny-motyl\/"]}]},{"@type":"ImageObject","inLanguage":"pl-PL","@id":"https:\/\/shop.diolosa.com\/pl\/product\/czarny-motyl\/#primaryimage","url":"https:\/\/shop.diolosa.com\/wp-content\/uploads\/2019\/09\/Presslinge-140.jpg","contentUrl":"https:\/\/shop.diolosa.com\/wp-content\/uploads\/2019\/09\/Presslinge-140.jpg","width":800,"height":533},{"@type":"BreadcrumbList","@id":"https:\/\/shop.diolosa.com\/pl\/product\/czarny-motyl\/#breadcrumb","itemListElement":[{"@type":"ListItem","position":1,"name":"Startseite","item":"https:\/\/shop.diolosa.com\/pl\/?page_id=3835710"},{"@type":"ListItem","position":2,"name":"Sklep","item":"https:\/\/shop.diolosa.com\/pl\/?page_id=3835710"},{"@type":"ListItem","position":3,"name":"Czarny motyl"}]},{"@type":"WebSite","@id":"https:\/\/shop.diolosa.com\/pl\/#website","url":"https:\/\/shop.diolosa.com\/pl\/","name":"Claude Diolosa","description":"","publisher":{"@id":"https:\/\/shop.diolosa.com\/pl\/#organization"},"potentialAction":[{"@type":"SearchAction","target":{"@type":"EntryPoint","urlTemplate":"https:\/\/shop.diolosa.com\/pl\/?s={search_term_string}"},"query-input":{"@type":"PropertyValueSpecification","valueRequired":true,"valueName":"search_term_string"}}],"inLanguage":"pl-PL"},{"@type":"Organization","@id":"https:\/\/shop.diolosa.com\/pl\/#organization","name":"Claude Diolosa","url":"https:\/\/shop.diolosa.com\/pl\/","logo":{"@type":"ImageObject","inLanguage":"pl-PL","@id":"https:\/\/shop.diolosa.com\/pl\/#\/schema\/logo\/image\/","url":"https:\/\/shop.diolosa.com\/wp-content\/uploads\/2019\/08\/diolosa-drop-logo-new.png","contentUrl":"https:\/\/shop.diolosa.com\/wp-content\/uploads\/2019\/08\/diolosa-drop-logo-new.png","width":134,"height":176,"caption":"Claude Diolosa"},"image":{"@id":"https:\/\/shop.diolosa.com\/pl\/#\/schema\/logo\/image\/"},"sameAs":["https:\/\/facebook.com\/claudediolosa","https:\/\/www.instagram.com\/diolosaclaude108\/"]}]}},"_links":{"self":[{"href":"https:\/\/shop.diolosa.com\/pl\/wp-json\/wp\/v2\/product\/3836115","targetHints":{"allow":["GET"]}}],"collection":[{"href":"https:\/\/shop.diolosa.com\/pl\/wp-json\/wp\/v2\/product"}],"about":[{"href":"https:\/\/shop.diolosa.com\/pl\/wp-json\/wp\/v2\/types\/product"}],"wp:featuredmedia":[{"embeddable":true,"href":"https:\/\/shop.diolosa.com\/pl\/wp-json\/wp\/v2\/media\/3835943"}],"wp:attachment":[{"href":"https:\/\/shop.diolosa.com\/pl\/wp-json\/wp\/v2\/media?parent=3836115"}],"wp:term":[{"taxonomy":"product_brand","embeddable":true,"href":"https:\/\/shop.diolosa.com\/pl\/wp-json\/wp\/v2\/product_brand?post=3836115"},{"taxonomy":"product_cat","embeddable":true,"href":"https:\/\/shop.diolosa.com\/pl\/wp-json\/wp\/v2\/product_cat?post=3836115"},{"taxonomy":"product_tag","embeddable":true,"href":"https:\/\/shop.diolosa.com\/pl\/wp-json\/wp\/v2\/product_tag?post=3836115"}],"curies":[{"name":"wp","href":"https:\/\/api.w.org\/{rel}","templated":true}]}}