{"id":3836116,"date":"2019-09-04T12:12:00","date_gmt":"2025-03-08T14:08:52","guid":{"rendered":"https:\/\/shop.diolosa.com\/product\/tajemniczy-wojownik\/"},"modified":"2025-05-06T15:19:34","modified_gmt":"2025-05-06T14:19:34","slug":"tajemniczy-wojownik","status":"publish","type":"product","link":"https:\/\/shop.diolosa.com\/pl\/product\/tajemniczy-wojownik\/","title":{"rendered":"Tajemniczy Wojownik"},"content":{"rendered":"<p>MYSTERIOUS WARRIOR (XUAN WU) jest stosowany w leczeniu ostrej i agresywnej leukopenii. Ta pot\u0119\u017cna formu\u0142a zio\u0142owa tonizuje Qi, od\u017cywia Jing i krew, stymuluje produkcj\u0119 leukocyt\u00f3w i poprawia liczb\u0119 krwinek w najszybszy mo\u017cliwy spos\u00f3b.<\/p>\n","protected":false},"excerpt":{"rendered":"<p>MYSTERIOUS WARRIOR (XUAN WU) jest stosowany w leczeniu ostrej i  [&#8230;]<\/p>\n","protected":false},"featured_media":3835943,"template":"","meta":{"_acf_changed":false},"product_brand":[],"product_cat":[11803],"product_tag":[11930],"class_list":{"0":"post-3836116","1":"product","2":"type-product","3":"status-publish","4":"has-post-thumbnail","6":"product_cat-medycyna-ratunkowa","7":"product_tag-ostra-leukopenia","9":"first","10":"instock","11":"taxable","12":"shipping-taxable","13":"purchasable","14":"product-type-simple"},"acf":{"yn_product_audio":"https:\/\/shop.diolosa.com\/wp-content\/uploads\/2018\/12\/DL_0681.mp3","yn_product_akupunktur":"<p>Tonizuje nerki Jing, krew i Qi<br \/>\nbubble 20 &#8211; pi shu &#8211; bu fa<br \/>\n\u017co\u0142\u0105dek 36 &#8211; to san li (shu, xia he xue &#8211; \u017co\u0142\u0105dek, si hai xue, si zhong xue) &#8211; bu fa<br \/>\nbubble 17 &#8211; ge shu (krew) &#8211; bu fa<br \/>\nbai lao &#8211; M-HN-30 &#8211; bu fa<br \/>\nbubble 43 &#8211; gao huang shu (qi, xue, jinye, yin, yang) &#8211; bu fa<br \/>\nnerka 3 &#8211; tai xi (shu,yuan) &#8211; bu fa<br \/>\nbubble 23 &#8211; shen shu &#8211; bu fa<br \/>\nren mai 4 &#8211; guan yuan (mo> jelito cienkie, w\u0105troba, nerki, \u015bledziona) &#8211; bu fa<br \/>\nren mai 6 &#8211; qi hai (yuan qi) &#8211; bu fa<br \/>\n\u015bledziona 3 &#8211; tai bai (shu, yuan) &#8211; bu fa<br \/>\np\u0142uco 9 &#8211; tai yuan &#8211; gui xin (shu, yuan, ba hui xue, gui) &#8211; bu fa<\/p>\n","yn_product_verabreichungsart":"Pelety 140szt.","yn_product_dosierung":"<p>3 x 6 do 10 tabletek dziennie, przed posi\u0142kami. Zaleca si\u0119 zam\u00f3wienie tego przepisu w postaci wywaru i picie 3 x 150 ml dziennie przez 12 dni. Leczenie mo\u017cna kontynuowa\u0107 stosuj\u0105c granulki. Preparat ten nale\u017cy przyjmowa\u0107 w du\u017cych dawkach, przynajmniej przez okres od 12 do 30 dni.   <\/p>\n","yn_product_combinations":"<p>KROPLE \u017bELAZA (anemia), ENERGIA \u017bYCIA (niedob\u00f3r Qi \u015bledziony), KORZE\u0143 YANG, ROZGRZEWAJ\u0104CY KORZE\u0143, HERBATA RINCHEN (niedob\u00f3r Yang nerek), KORZE\u0143 YIN, HERBATA SAN BAO (niedob\u00f3r Yin nerek)<\/p>\n","yn_product_avoidable":"<p>Mro\u017conki, surowa \u017cywno\u015b\u0107, jogurt, cukier, owoce tropikalne, owoce cytrusowe, s\u0142odzik<\/p>\n","yn_product_tcm_mindmapping":"<p>Chemioterapia > wyzwala zimno\/ciep\u0142o Yang Ming > zapa\u015b\u0107 nerek Jing, wyczerpanie szpiku kostnego > pustka krwi > wyczerpanie Qi i Qi obronnej<\/p>\n","yn_product_tongue_body":"<p>Niski, s\u0142aby, w\u0105ski, cienki, blady, a nawet pop\u0119kany<\/p>\n","yn_product_tongue_coating":"<p>Cienki, bia\u0142y<\/p>\n","yn_product_pulse_diagnostics":"<p>Og\u00f3lne: xi mai &#8211; cienki, xian mai &#8211; napi\u0119ty, xu mai &#8211; pusty, shuo mai &#8211; szybki<\/p>\n","yn_product_indications":"<p>Leukopenia, krwotok, zm\u0119czenie, krwotok miesi\u0105czkowy, krwotok maciczny, neurastenia, ma\u0142op\u0142ytkowo\u015b\u0107, zapalenie jamy ustnej<\/p>\n","yn_product_contra_indications":"<p>Yang Ming Wilgotno\u015b\u0107 Ciep\u0142o, zast\u00f3j Qi i krwi<\/p>\n","yn_product_pregnancy":"<p>Dozwolone<\/p>\n","yn_product_herbs":"<p>astragali radix &#8211; huang qi, panacis quinquefolium radix &#8211; xi yang shen, platycodi grandiflori radix &#8211; jie geng, sclerotium poriae cocos &#8211; fu ling, citri reticulatae pericarpium &#8211; chen pi, spatholobi seu milletiae caulis &#8211; ji xue teng, angelicae sinensis radix &#8211; dang gui, paeoniae albae radix &#8211; bai shao yao, eucommiae ulmoidis cortex &#8211; du zhong<\/p>\n","yn_product_magisterrecipes":"<p>You Gui Wan, You Gui Yin, Da Bu Yin, Ba Zhen Tang<\/p>\n","yn_product_video":"https:\/\/shop.diolosa.com\/wp-content\/uploads\/2025\/06\/Mysterious-Warrior.mp4"},"yoast_head":"<!-- This site is optimized with the Yoast SEO plugin v24.9 - https:\/\/yoast.com\/wordpress\/plugins\/seo\/ -->\n<title>Tajemniczy Wojownik - Claude Diolosa<\/title>\n<meta name=\"robots\" content=\"index, follow, max-snippet:-1, max-image-preview:large, max-video-preview:-1\" \/>\n<link rel=\"canonical\" href=\"https:\/\/shop.diolosa.com\/pl\/product\/tajemniczy-wojownik\/\" \/>\n<meta property=\"og:locale\" content=\"pl_PL\" \/>\n<meta property=\"og:type\" content=\"article\" \/>\n<meta property=\"og:title\" content=\"Tajemniczy Wojownik - Claude Diolosa\" \/>\n<meta property=\"og:description\" content=\"MYSTERIOUS WARRIOR (XUAN WU) jest stosowany w leczeniu ostrej i [...]\" \/>\n<meta property=\"og:url\" content=\"https:\/\/shop.diolosa.com\/pl\/product\/tajemniczy-wojownik\/\" \/>\n<meta property=\"og:site_name\" content=\"Claude Diolosa\" \/>\n<meta property=\"article:publisher\" content=\"https:\/\/facebook.com\/claudediolosa\" \/>\n<meta property=\"article:modified_time\" content=\"2025-05-06T14:19:34+00:00\" \/>\n<meta property=\"og:image\" content=\"https:\/\/shop.diolosa.com\/wp-content\/uploads\/2019\/09\/Presslinge-140.jpg\" \/>\n\t<meta property=\"og:image:width\" content=\"800\" \/>\n\t<meta property=\"og:image:height\" content=\"533\" \/>\n\t<meta property=\"og:image:type\" content=\"image\/jpeg\" \/>\n<meta name=\"twitter:card\" content=\"summary_large_image\" \/>\n<script type=\"application\/ld+json\" class=\"yoast-schema-graph\">{\"@context\":\"https:\/\/schema.org\",\"@graph\":[{\"@type\":\"WebPage\",\"@id\":\"https:\/\/shop.diolosa.com\/pl\/product\/tajemniczy-wojownik\/\",\"url\":\"https:\/\/shop.diolosa.com\/pl\/product\/tajemniczy-wojownik\/\",\"name\":\"Tajemniczy Wojownik - Claude Diolosa\",\"isPartOf\":{\"@id\":\"https:\/\/shop.diolosa.com\/pl\/#website\"},\"primaryImageOfPage\":{\"@id\":\"https:\/\/shop.diolosa.com\/pl\/product\/tajemniczy-wojownik\/#primaryimage\"},\"image\":{\"@id\":\"https:\/\/shop.diolosa.com\/pl\/product\/tajemniczy-wojownik\/#primaryimage\"},\"thumbnailUrl\":\"https:\/\/shop.diolosa.com\/wp-content\/uploads\/2019\/09\/Presslinge-140.jpg\",\"datePublished\":\"2025-03-08T14:08:52+00:00\",\"dateModified\":\"2025-05-06T14:19:34+00:00\",\"breadcrumb\":{\"@id\":\"https:\/\/shop.diolosa.com\/pl\/product\/tajemniczy-wojownik\/#breadcrumb\"},\"inLanguage\":\"pl-PL\",\"potentialAction\":[{\"@type\":\"ReadAction\",\"target\":[\"https:\/\/shop.diolosa.com\/pl\/product\/tajemniczy-wojownik\/\"]}]},{\"@type\":\"ImageObject\",\"inLanguage\":\"pl-PL\",\"@id\":\"https:\/\/shop.diolosa.com\/pl\/product\/tajemniczy-wojownik\/#primaryimage\",\"url\":\"https:\/\/shop.diolosa.com\/wp-content\/uploads\/2019\/09\/Presslinge-140.jpg\",\"contentUrl\":\"https:\/\/shop.diolosa.com\/wp-content\/uploads\/2019\/09\/Presslinge-140.jpg\",\"width\":800,\"height\":533},{\"@type\":\"BreadcrumbList\",\"@id\":\"https:\/\/shop.diolosa.com\/pl\/product\/tajemniczy-wojownik\/#breadcrumb\",\"itemListElement\":[{\"@type\":\"ListItem\",\"position\":1,\"name\":\"Startseite\",\"item\":\"https:\/\/shop.diolosa.com\/pl\/?page_id=3835710\"},{\"@type\":\"ListItem\",\"position\":2,\"name\":\"Sklep\",\"item\":\"https:\/\/shop.diolosa.com\/pl\/?page_id=3835710\"},{\"@type\":\"ListItem\",\"position\":3,\"name\":\"Tajemniczy Wojownik\"}]},{\"@type\":\"WebSite\",\"@id\":\"https:\/\/shop.diolosa.com\/pl\/#website\",\"url\":\"https:\/\/shop.diolosa.com\/pl\/\",\"name\":\"Claude Diolosa\",\"description\":\"\",\"publisher\":{\"@id\":\"https:\/\/shop.diolosa.com\/pl\/#organization\"},\"potentialAction\":[{\"@type\":\"SearchAction\",\"target\":{\"@type\":\"EntryPoint\",\"urlTemplate\":\"https:\/\/shop.diolosa.com\/pl\/?s={search_term_string}\"},\"query-input\":{\"@type\":\"PropertyValueSpecification\",\"valueRequired\":true,\"valueName\":\"search_term_string\"}}],\"inLanguage\":\"pl-PL\"},{\"@type\":\"Organization\",\"@id\":\"https:\/\/shop.diolosa.com\/pl\/#organization\",\"name\":\"Claude Diolosa\",\"url\":\"https:\/\/shop.diolosa.com\/pl\/\",\"logo\":{\"@type\":\"ImageObject\",\"inLanguage\":\"pl-PL\",\"@id\":\"https:\/\/shop.diolosa.com\/pl\/#\/schema\/logo\/image\/\",\"url\":\"https:\/\/shop.diolosa.com\/wp-content\/uploads\/2019\/08\/diolosa-drop-logo-new.png\",\"contentUrl\":\"https:\/\/shop.diolosa.com\/wp-content\/uploads\/2019\/08\/diolosa-drop-logo-new.png\",\"width\":134,\"height\":176,\"caption\":\"Claude Diolosa\"},\"image\":{\"@id\":\"https:\/\/shop.diolosa.com\/pl\/#\/schema\/logo\/image\/\"},\"sameAs\":[\"https:\/\/facebook.com\/claudediolosa\",\"https:\/\/www.instagram.com\/diolosaclaude108\/\"]}]}<\/script>\n<!-- \/ Yoast SEO plugin. -->","yoast_head_json":{"title":"Tajemniczy Wojownik - Claude Diolosa","robots":{"index":"index","follow":"follow","max-snippet":"max-snippet:-1","max-image-preview":"max-image-preview:large","max-video-preview":"max-video-preview:-1"},"canonical":"https:\/\/shop.diolosa.com\/pl\/product\/tajemniczy-wojownik\/","og_locale":"pl_PL","og_type":"article","og_title":"Tajemniczy Wojownik - Claude Diolosa","og_description":"MYSTERIOUS WARRIOR (XUAN WU) jest stosowany w leczeniu ostrej i [...]","og_url":"https:\/\/shop.diolosa.com\/pl\/product\/tajemniczy-wojownik\/","og_site_name":"Claude Diolosa","article_publisher":"https:\/\/facebook.com\/claudediolosa","article_modified_time":"2025-05-06T14:19:34+00:00","og_image":[{"width":800,"height":533,"url":"https:\/\/shop.diolosa.com\/wp-content\/uploads\/2019\/09\/Presslinge-140.jpg","type":"image\/jpeg"}],"twitter_card":"summary_large_image","schema":{"@context":"https:\/\/schema.org","@graph":[{"@type":"WebPage","@id":"https:\/\/shop.diolosa.com\/pl\/product\/tajemniczy-wojownik\/","url":"https:\/\/shop.diolosa.com\/pl\/product\/tajemniczy-wojownik\/","name":"Tajemniczy Wojownik - Claude Diolosa","isPartOf":{"@id":"https:\/\/shop.diolosa.com\/pl\/#website"},"primaryImageOfPage":{"@id":"https:\/\/shop.diolosa.com\/pl\/product\/tajemniczy-wojownik\/#primaryimage"},"image":{"@id":"https:\/\/shop.diolosa.com\/pl\/product\/tajemniczy-wojownik\/#primaryimage"},"thumbnailUrl":"https:\/\/shop.diolosa.com\/wp-content\/uploads\/2019\/09\/Presslinge-140.jpg","datePublished":"2025-03-08T14:08:52+00:00","dateModified":"2025-05-06T14:19:34+00:00","breadcrumb":{"@id":"https:\/\/shop.diolosa.com\/pl\/product\/tajemniczy-wojownik\/#breadcrumb"},"inLanguage":"pl-PL","potentialAction":[{"@type":"ReadAction","target":["https:\/\/shop.diolosa.com\/pl\/product\/tajemniczy-wojownik\/"]}]},{"@type":"ImageObject","inLanguage":"pl-PL","@id":"https:\/\/shop.diolosa.com\/pl\/product\/tajemniczy-wojownik\/#primaryimage","url":"https:\/\/shop.diolosa.com\/wp-content\/uploads\/2019\/09\/Presslinge-140.jpg","contentUrl":"https:\/\/shop.diolosa.com\/wp-content\/uploads\/2019\/09\/Presslinge-140.jpg","width":800,"height":533},{"@type":"BreadcrumbList","@id":"https:\/\/shop.diolosa.com\/pl\/product\/tajemniczy-wojownik\/#breadcrumb","itemListElement":[{"@type":"ListItem","position":1,"name":"Startseite","item":"https:\/\/shop.diolosa.com\/pl\/?page_id=3835710"},{"@type":"ListItem","position":2,"name":"Sklep","item":"https:\/\/shop.diolosa.com\/pl\/?page_id=3835710"},{"@type":"ListItem","position":3,"name":"Tajemniczy Wojownik"}]},{"@type":"WebSite","@id":"https:\/\/shop.diolosa.com\/pl\/#website","url":"https:\/\/shop.diolosa.com\/pl\/","name":"Claude Diolosa","description":"","publisher":{"@id":"https:\/\/shop.diolosa.com\/pl\/#organization"},"potentialAction":[{"@type":"SearchAction","target":{"@type":"EntryPoint","urlTemplate":"https:\/\/shop.diolosa.com\/pl\/?s={search_term_string}"},"query-input":{"@type":"PropertyValueSpecification","valueRequired":true,"valueName":"search_term_string"}}],"inLanguage":"pl-PL"},{"@type":"Organization","@id":"https:\/\/shop.diolosa.com\/pl\/#organization","name":"Claude Diolosa","url":"https:\/\/shop.diolosa.com\/pl\/","logo":{"@type":"ImageObject","inLanguage":"pl-PL","@id":"https:\/\/shop.diolosa.com\/pl\/#\/schema\/logo\/image\/","url":"https:\/\/shop.diolosa.com\/wp-content\/uploads\/2019\/08\/diolosa-drop-logo-new.png","contentUrl":"https:\/\/shop.diolosa.com\/wp-content\/uploads\/2019\/08\/diolosa-drop-logo-new.png","width":134,"height":176,"caption":"Claude Diolosa"},"image":{"@id":"https:\/\/shop.diolosa.com\/pl\/#\/schema\/logo\/image\/"},"sameAs":["https:\/\/facebook.com\/claudediolosa","https:\/\/www.instagram.com\/diolosaclaude108\/"]}]}},"_links":{"self":[{"href":"https:\/\/shop.diolosa.com\/pl\/wp-json\/wp\/v2\/product\/3836116","targetHints":{"allow":["GET"]}}],"collection":[{"href":"https:\/\/shop.diolosa.com\/pl\/wp-json\/wp\/v2\/product"}],"about":[{"href":"https:\/\/shop.diolosa.com\/pl\/wp-json\/wp\/v2\/types\/product"}],"wp:featuredmedia":[{"embeddable":true,"href":"https:\/\/shop.diolosa.com\/pl\/wp-json\/wp\/v2\/media\/3835943"}],"wp:attachment":[{"href":"https:\/\/shop.diolosa.com\/pl\/wp-json\/wp\/v2\/media?parent=3836116"}],"wp:term":[{"taxonomy":"product_brand","embeddable":true,"href":"https:\/\/shop.diolosa.com\/pl\/wp-json\/wp\/v2\/product_brand?post=3836116"},{"taxonomy":"product_cat","embeddable":true,"href":"https:\/\/shop.diolosa.com\/pl\/wp-json\/wp\/v2\/product_cat?post=3836116"},{"taxonomy":"product_tag","embeddable":true,"href":"https:\/\/shop.diolosa.com\/pl\/wp-json\/wp\/v2\/product_tag?post=3836116"}],"curies":[{"name":"wp","href":"https:\/\/api.w.org\/{rel}","templated":true}]}}