{"id":3836122,"date":"2019-09-04T12:12:00","date_gmt":"2025-03-08T14:08:56","guid":{"rendered":"https:\/\/shop.diolosa.com\/product\/iron-man\/"},"modified":"2025-05-06T15:19:35","modified_gmt":"2025-05-06T14:19:35","slug":"iron-man","status":"publish","type":"product","link":"https:\/\/shop.diolosa.com\/pl\/product\/iron-man\/","title":{"rendered":"Iron Man"},"content":{"rendered":"<p>IRON MAN zosta\u0142 opracowany specjalnie dla sportowc\u00f3w, zw\u0142aszcza wyczynowych. Ten niesamowity preparat skraca czas regeneracji, tonizuje Yang Qi, od\u017cywia krew, rozpuszcza przekrwienie, a przede wszystkim bardzo szybko od\u017cywia \u015bci\u0119gna i mi\u0119\u015bnie, zapobiegaj\u0105c w ten spos\u00f3b kontuzjom sportowym. IRON MAN powinien by\u0107 przyjmowany przed i po uprawianiu sportu.<br \/>\nTa mieszanka zio\u0142owa nie jest \u015brodkiem dopinguj\u0105cym, ale zdrowym tonikiem i mo\u017ce by\u0107 przyjmowana bez wahania przed mistrzostwami. IRON MAN nie zawiera Herba Ephedra.<\/p>\n","protected":false},"excerpt":{"rendered":"<p>IRON MAN zosta\u0142 opracowany specjalnie dla sportowc\u00f3w, zw\u0142aszcza wyczynowych. Ten  [&#8230;]<\/p>\n","protected":false},"featured_media":3835943,"template":"","meta":{"_acf_changed":false},"product_brand":[],"product_cat":[11784],"product_tag":[11934],"class_list":{"0":"post-3836122","1":"product","2":"type-product","3":"status-publish","4":"has-post-thumbnail","6":"product_cat-medycyna-sportowa","7":"product_tag-sport-wyczynowy","9":"first","10":"instock","11":"taxable","12":"shipping-taxable","13":"purchasable","14":"product-type-simple"},"acf":{"yn_product_audio":"https:\/\/shop.diolosa.com\/wp-content\/uploads\/2018\/12\/DL_0380.mp3","yn_product_akupunktur":"<p>Zdalne i lokalne punkty wzmacniaj\u0105ce filary cia\u0142a<br \/>\nbubble 23 &#8211; shen shu &#8211; bu fa<br \/>\nnerka 3 &#8211; tai xi (shu,yuan) &#8211; bu fa<br \/>\nba\u0144ka 52 &#8211; zhi shi (gui = zhi) &#8211; bu fa<br \/>\nbubble 13 &#8211; fei shu &#8211; bu fa<br \/>\n\u017co\u0142\u0105dek 36 &#8211; to san li (shu, xia he xue &#8211; \u017co\u0142\u0105dek, si hai xue, si zhong xue) &#8211; bu fa<br \/>\n\u015bledziona 6 &#8211; san yin jiao (le,ni,mb) &#8211; bu fa<br \/>\nbubble 43 &#8211; gao huang shu (qi, xue, jinye, yin, yang) &#8211; bu fa<br \/>\nbubble 18 &#8211; gan shu &#8211; bu fa<br \/>\nbubble 17 &#8211; ge shu (krew) &#8211; bu fa<br \/>\np\u0142uco 9 &#8211; tai yuan &#8211; gui xin (shu, yuan, ba hui xue, gui) &#8211; bu fa<br \/>\nren mai 4 &#8211; guan yuan (mo> jelito cienkie, w\u0105troba, nerki, \u015bledziona) &#8211; bu fa z moks\u0105<br \/>\nren mai 6 &#8211; qi hai (yuan qi) &#8211; bu fa z moks\u0105<\/p>\n<p>Akupunktura Shen na emocje przed mistrzostwami<br \/>\nsi shen cong &#8211; M-HN-1 (m\u00f3zg, cns) &#8211; xie fa<br \/>\nyin tang &#8211; M-HN-3 &#8211; xie fa<br \/>\ndu mai 24 &#8211; shen ting (p\u0119cherz, \u017co\u0142\u0105dek, gui) &#8211; xie fa<br \/>\n\u017co\u0142\u0105dek 6 &#8211; jia che &#8211; gui chuan (gui) &#8211; xie fa<\/p>\n","yn_product_verabreichungsart":"Pelety 140szt.","yn_product_dosierung":"<p>3 x 6 do 10 tabletek dziennie, zawsze przed jedzeniem lub przed treningiem<\/p>\n","yn_product_combinations":"<p>KORZE\u0143 YANG, OGRZEWANIE KORZENIA, RINCHEN TEE (niedob\u00f3r yang nerek) s\u0105 lepsze przed treningiem, KORZE\u0143 YIN, SAN BAO TEE (niedob\u00f3r yin nerek) s\u0105 lepsze po treningu, KROPLE \u017bELAZA (niedob\u00f3r krwi) chroni\u0105 \u015bci\u0119gna, ZUPY MOCNE dla qi, krwi, yin i yang s\u0105 r\u00f3wnie\u017c bardzo wa\u017cne.<\/p>\n","yn_product_avoidable":"<p>W tym czasie sportowcy powinni unika\u0107 kwa\u015bnych i gorzko-zimnych pokarm\u00f3w, zw\u0142aszcza owoc\u00f3w cytrusowych, owoc\u00f3w tropikalnych, kiszonej kapusty, surowych warzyw i produkt\u00f3w mlecznych.<\/p>\n","yn_product_tcm_mindmapping":"<p>Sporty wyczynowe i wytrzyma\u0142o\u015bciowe > Niedob\u00f3r sok\u00f3w, krwi, a nawet yin > Puste ciep\u0142o > Niedob\u00f3r krwi w w\u0105trobie > Niedob\u00f3r yin w nerkach > Wyczerpanie<\/p>\n","yn_product_tongue_body":"<p>W\u0105ski, blady, cienki, pop\u0119kany<\/p>\n","yn_product_tongue_coating":"<p>Rzadkie, cienkie, bia\u0142e\/\u017c\u00f3\u0142tawe<\/p>\n","yn_product_pulse_diagnostics":"<p>Og\u00f3lne: duan mai &#8211; kr\u00f3tki, xi mai &#8211; cienki, xu mai &#8211; pusty, shuo mai &#8211; szybki<\/p>\n","yn_product_indications":"<p>Sporty wyczynowe wymagaj\u0105ce du\u017cej wytrzyma\u0142o\u015bci, wspinacze g\u00f3rscy, marato\u0144czycy, triathloni\u015bci. Iron Man zapobiega urazom \u015bci\u0119gien i wi\u0119zade\u0142 oraz skraca faz\u0119 regeneracji. <\/p>\n","yn_product_contra_indications":"<p>Niedob\u00f3r Qi i Yang \u015bledziony > Wilgo\u0107 i zimno flegmy<\/p>\n","yn_product_pregnancy":"<p>Dozwolone<\/p>\n","yn_product_herbs":"<p>opiophogonis radix &#8211; mai men dong, gleniae radix &#8211; sha shen, aucklandiae radix &#8211; mu xiang, sclerotium poriae cocos &#8211; fu ling, lycii fructus &#8211; gou qi zi, achyranthis radix &#8211; huai niu xi, loranthi ramulus &#8211; sang ji sheng, ligustri lucidi fructus &#8211; nu zhen zi<\/p>\n","yn_product_magisterrecipes":"<p>Sheng Mai San<\/p>\n","yn_product_video":"https:\/\/shop.diolosa.com\/wp-content\/uploads\/2026\/03\/Iron-Man-.mp4"},"yoast_head":"<!-- This site is optimized with the Yoast SEO plugin v24.9 - https:\/\/yoast.com\/wordpress\/plugins\/seo\/ -->\n<title>Iron Man - Claude Diolosa<\/title>\n<meta name=\"robots\" content=\"index, follow, max-snippet:-1, max-image-preview:large, max-video-preview:-1\" \/>\n<link rel=\"canonical\" href=\"https:\/\/shop.diolosa.com\/pl\/product\/iron-man\/\" \/>\n<meta property=\"og:locale\" content=\"pl_PL\" \/>\n<meta property=\"og:type\" content=\"article\" \/>\n<meta property=\"og:title\" content=\"Iron Man - Claude Diolosa\" \/>\n<meta property=\"og:description\" content=\"IRON MAN zosta\u0142 opracowany specjalnie dla sportowc\u00f3w, zw\u0142aszcza wyczynowych. Ten [...]\" \/>\n<meta property=\"og:url\" content=\"https:\/\/shop.diolosa.com\/pl\/product\/iron-man\/\" \/>\n<meta property=\"og:site_name\" content=\"Claude Diolosa\" \/>\n<meta property=\"article:publisher\" content=\"https:\/\/facebook.com\/claudediolosa\" \/>\n<meta property=\"article:modified_time\" content=\"2025-05-06T14:19:35+00:00\" \/>\n<meta property=\"og:image\" content=\"https:\/\/shop.diolosa.com\/wp-content\/uploads\/2019\/09\/Presslinge-140.jpg\" \/>\n\t<meta property=\"og:image:width\" content=\"800\" \/>\n\t<meta property=\"og:image:height\" content=\"533\" \/>\n\t<meta property=\"og:image:type\" content=\"image\/jpeg\" \/>\n<meta name=\"twitter:card\" content=\"summary_large_image\" \/>\n<script type=\"application\/ld+json\" class=\"yoast-schema-graph\">{\"@context\":\"https:\/\/schema.org\",\"@graph\":[{\"@type\":\"WebPage\",\"@id\":\"https:\/\/shop.diolosa.com\/pl\/product\/iron-man\/\",\"url\":\"https:\/\/shop.diolosa.com\/pl\/product\/iron-man\/\",\"name\":\"Iron Man - Claude Diolosa\",\"isPartOf\":{\"@id\":\"https:\/\/shop.diolosa.com\/pl\/#website\"},\"primaryImageOfPage\":{\"@id\":\"https:\/\/shop.diolosa.com\/pl\/product\/iron-man\/#primaryimage\"},\"image\":{\"@id\":\"https:\/\/shop.diolosa.com\/pl\/product\/iron-man\/#primaryimage\"},\"thumbnailUrl\":\"https:\/\/shop.diolosa.com\/wp-content\/uploads\/2019\/09\/Presslinge-140.jpg\",\"datePublished\":\"2025-03-08T14:08:56+00:00\",\"dateModified\":\"2025-05-06T14:19:35+00:00\",\"breadcrumb\":{\"@id\":\"https:\/\/shop.diolosa.com\/pl\/product\/iron-man\/#breadcrumb\"},\"inLanguage\":\"pl-PL\",\"potentialAction\":[{\"@type\":\"ReadAction\",\"target\":[\"https:\/\/shop.diolosa.com\/pl\/product\/iron-man\/\"]}]},{\"@type\":\"ImageObject\",\"inLanguage\":\"pl-PL\",\"@id\":\"https:\/\/shop.diolosa.com\/pl\/product\/iron-man\/#primaryimage\",\"url\":\"https:\/\/shop.diolosa.com\/wp-content\/uploads\/2019\/09\/Presslinge-140.jpg\",\"contentUrl\":\"https:\/\/shop.diolosa.com\/wp-content\/uploads\/2019\/09\/Presslinge-140.jpg\",\"width\":800,\"height\":533},{\"@type\":\"BreadcrumbList\",\"@id\":\"https:\/\/shop.diolosa.com\/pl\/product\/iron-man\/#breadcrumb\",\"itemListElement\":[{\"@type\":\"ListItem\",\"position\":1,\"name\":\"Startseite\",\"item\":\"https:\/\/shop.diolosa.com\/pl\/?page_id=3835710\"},{\"@type\":\"ListItem\",\"position\":2,\"name\":\"Sklep\",\"item\":\"https:\/\/shop.diolosa.com\/pl\/?page_id=3835710\"},{\"@type\":\"ListItem\",\"position\":3,\"name\":\"Iron Man\"}]},{\"@type\":\"WebSite\",\"@id\":\"https:\/\/shop.diolosa.com\/pl\/#website\",\"url\":\"https:\/\/shop.diolosa.com\/pl\/\",\"name\":\"Claude Diolosa\",\"description\":\"\",\"publisher\":{\"@id\":\"https:\/\/shop.diolosa.com\/pl\/#organization\"},\"potentialAction\":[{\"@type\":\"SearchAction\",\"target\":{\"@type\":\"EntryPoint\",\"urlTemplate\":\"https:\/\/shop.diolosa.com\/pl\/?s={search_term_string}\"},\"query-input\":{\"@type\":\"PropertyValueSpecification\",\"valueRequired\":true,\"valueName\":\"search_term_string\"}}],\"inLanguage\":\"pl-PL\"},{\"@type\":\"Organization\",\"@id\":\"https:\/\/shop.diolosa.com\/pl\/#organization\",\"name\":\"Claude Diolosa\",\"url\":\"https:\/\/shop.diolosa.com\/pl\/\",\"logo\":{\"@type\":\"ImageObject\",\"inLanguage\":\"pl-PL\",\"@id\":\"https:\/\/shop.diolosa.com\/pl\/#\/schema\/logo\/image\/\",\"url\":\"https:\/\/shop.diolosa.com\/wp-content\/uploads\/2019\/08\/diolosa-drop-logo-new.png\",\"contentUrl\":\"https:\/\/shop.diolosa.com\/wp-content\/uploads\/2019\/08\/diolosa-drop-logo-new.png\",\"width\":134,\"height\":176,\"caption\":\"Claude Diolosa\"},\"image\":{\"@id\":\"https:\/\/shop.diolosa.com\/pl\/#\/schema\/logo\/image\/\"},\"sameAs\":[\"https:\/\/facebook.com\/claudediolosa\",\"https:\/\/www.instagram.com\/diolosaclaude108\/\"]}]}<\/script>\n<!-- \/ Yoast SEO plugin. -->","yoast_head_json":{"title":"Iron Man - Claude Diolosa","robots":{"index":"index","follow":"follow","max-snippet":"max-snippet:-1","max-image-preview":"max-image-preview:large","max-video-preview":"max-video-preview:-1"},"canonical":"https:\/\/shop.diolosa.com\/pl\/product\/iron-man\/","og_locale":"pl_PL","og_type":"article","og_title":"Iron Man - Claude Diolosa","og_description":"IRON MAN zosta\u0142 opracowany specjalnie dla sportowc\u00f3w, zw\u0142aszcza wyczynowych. Ten [...]","og_url":"https:\/\/shop.diolosa.com\/pl\/product\/iron-man\/","og_site_name":"Claude Diolosa","article_publisher":"https:\/\/facebook.com\/claudediolosa","article_modified_time":"2025-05-06T14:19:35+00:00","og_image":[{"width":800,"height":533,"url":"https:\/\/shop.diolosa.com\/wp-content\/uploads\/2019\/09\/Presslinge-140.jpg","type":"image\/jpeg"}],"twitter_card":"summary_large_image","schema":{"@context":"https:\/\/schema.org","@graph":[{"@type":"WebPage","@id":"https:\/\/shop.diolosa.com\/pl\/product\/iron-man\/","url":"https:\/\/shop.diolosa.com\/pl\/product\/iron-man\/","name":"Iron Man - Claude Diolosa","isPartOf":{"@id":"https:\/\/shop.diolosa.com\/pl\/#website"},"primaryImageOfPage":{"@id":"https:\/\/shop.diolosa.com\/pl\/product\/iron-man\/#primaryimage"},"image":{"@id":"https:\/\/shop.diolosa.com\/pl\/product\/iron-man\/#primaryimage"},"thumbnailUrl":"https:\/\/shop.diolosa.com\/wp-content\/uploads\/2019\/09\/Presslinge-140.jpg","datePublished":"2025-03-08T14:08:56+00:00","dateModified":"2025-05-06T14:19:35+00:00","breadcrumb":{"@id":"https:\/\/shop.diolosa.com\/pl\/product\/iron-man\/#breadcrumb"},"inLanguage":"pl-PL","potentialAction":[{"@type":"ReadAction","target":["https:\/\/shop.diolosa.com\/pl\/product\/iron-man\/"]}]},{"@type":"ImageObject","inLanguage":"pl-PL","@id":"https:\/\/shop.diolosa.com\/pl\/product\/iron-man\/#primaryimage","url":"https:\/\/shop.diolosa.com\/wp-content\/uploads\/2019\/09\/Presslinge-140.jpg","contentUrl":"https:\/\/shop.diolosa.com\/wp-content\/uploads\/2019\/09\/Presslinge-140.jpg","width":800,"height":533},{"@type":"BreadcrumbList","@id":"https:\/\/shop.diolosa.com\/pl\/product\/iron-man\/#breadcrumb","itemListElement":[{"@type":"ListItem","position":1,"name":"Startseite","item":"https:\/\/shop.diolosa.com\/pl\/?page_id=3835710"},{"@type":"ListItem","position":2,"name":"Sklep","item":"https:\/\/shop.diolosa.com\/pl\/?page_id=3835710"},{"@type":"ListItem","position":3,"name":"Iron Man"}]},{"@type":"WebSite","@id":"https:\/\/shop.diolosa.com\/pl\/#website","url":"https:\/\/shop.diolosa.com\/pl\/","name":"Claude Diolosa","description":"","publisher":{"@id":"https:\/\/shop.diolosa.com\/pl\/#organization"},"potentialAction":[{"@type":"SearchAction","target":{"@type":"EntryPoint","urlTemplate":"https:\/\/shop.diolosa.com\/pl\/?s={search_term_string}"},"query-input":{"@type":"PropertyValueSpecification","valueRequired":true,"valueName":"search_term_string"}}],"inLanguage":"pl-PL"},{"@type":"Organization","@id":"https:\/\/shop.diolosa.com\/pl\/#organization","name":"Claude Diolosa","url":"https:\/\/shop.diolosa.com\/pl\/","logo":{"@type":"ImageObject","inLanguage":"pl-PL","@id":"https:\/\/shop.diolosa.com\/pl\/#\/schema\/logo\/image\/","url":"https:\/\/shop.diolosa.com\/wp-content\/uploads\/2019\/08\/diolosa-drop-logo-new.png","contentUrl":"https:\/\/shop.diolosa.com\/wp-content\/uploads\/2019\/08\/diolosa-drop-logo-new.png","width":134,"height":176,"caption":"Claude Diolosa"},"image":{"@id":"https:\/\/shop.diolosa.com\/pl\/#\/schema\/logo\/image\/"},"sameAs":["https:\/\/facebook.com\/claudediolosa","https:\/\/www.instagram.com\/diolosaclaude108\/"]}]}},"_links":{"self":[{"href":"https:\/\/shop.diolosa.com\/pl\/wp-json\/wp\/v2\/product\/3836122","targetHints":{"allow":["GET"]}}],"collection":[{"href":"https:\/\/shop.diolosa.com\/pl\/wp-json\/wp\/v2\/product"}],"about":[{"href":"https:\/\/shop.diolosa.com\/pl\/wp-json\/wp\/v2\/types\/product"}],"wp:featuredmedia":[{"embeddable":true,"href":"https:\/\/shop.diolosa.com\/pl\/wp-json\/wp\/v2\/media\/3835943"}],"wp:attachment":[{"href":"https:\/\/shop.diolosa.com\/pl\/wp-json\/wp\/v2\/media?parent=3836122"}],"wp:term":[{"taxonomy":"product_brand","embeddable":true,"href":"https:\/\/shop.diolosa.com\/pl\/wp-json\/wp\/v2\/product_brand?post=3836122"},{"taxonomy":"product_cat","embeddable":true,"href":"https:\/\/shop.diolosa.com\/pl\/wp-json\/wp\/v2\/product_cat?post=3836122"},{"taxonomy":"product_tag","embeddable":true,"href":"https:\/\/shop.diolosa.com\/pl\/wp-json\/wp\/v2\/product_tag?post=3836122"}],"curies":[{"name":"wp","href":"https:\/\/api.w.org\/{rel}","templated":true}]}}