{"id":3836125,"date":"2019-09-04T12:12:00","date_gmt":"2025-03-08T14:08:57","guid":{"rendered":"https:\/\/shop.diolosa.com\/product\/czyste-niebo\/"},"modified":"2025-05-06T14:56:30","modified_gmt":"2025-05-06T13:56:30","slug":"czyste-niebo","status":"publish","type":"product","link":"https:\/\/shop.diolosa.com\/pl\/product\/czyste-niebo\/","title":{"rendered":"Czyste niebo"},"content":{"rendered":"<p>CLEAR SKY jest stosowany w przypadku pustej formy (niedob\u00f3r Yin i Krwi) b\u00f3l\u00f3w g\u0142owy z od\u0142\u0105czeniem Yang. Preparat ten od\u017cywia Yin, usuwa Puste Ciep\u0142o i Ciep\u0142o Krwi, usuwa Zast\u00f3j Krwi, obni\u017ca Yang W\u0105troby, usuwa Ciep\u0142o P\u0119cherzyka \u017b\u00f3\u0142ciowego (r\u00f3wnie\u017c Ciep\u0142o Flegmy) i uspokaja Shen (Ducha). CLEAR SKY stosuje si\u0119 g\u0142\u00f3wnie w przypadku b\u00f3l\u00f3w g\u0142owy spowodowanych od\u0142\u0105czeniem Yang, kt\u00f3rym czasami towarzysz\u0105 uderzenia gor\u0105ca (objawy menopauzy) i nadci\u015bnienie.   (zawiera niewielkie ilo\u015bci glutenu!!!!)<\/p>\n<p>&nbsp;<\/p>\n","protected":false},"excerpt":{"rendered":"<p>&nbsp;<\/p>\n<p>&nbsp;<\/p>\n","protected":false},"featured_media":3835943,"template":"","meta":{"_acf_changed":false},"product_brand":[],"product_cat":[11834],"product_tag":[11937],"class_list":{"0":"post-3836125","1":"product","2":"type-product","3":"status-publish","4":"has-post-thumbnail","6":"product_cat-neurologia","7":"product_tag-bol-glowy-watroba","9":"first","10":"instock","11":"taxable","12":"shipping-taxable","13":"purchasable","14":"product-type-simple"},"acf":{"yn_product_audio":"https:\/\/shop.diolosa.com\/wp-content\/uploads\/2018\/12\/DL_0795.mp3","yn_product_video":"https:\/\/shop.diolosa.com\/wp-content\/uploads\/2025\/04\/Clear-Sky.mp4","yn_product_akupunktur":"<p>Ni\u017cszy poziom yang w\u0105troby<br \/>\ndu mai 20 &#8211; bai hui &#8211; bai lao (jezioro szpiku kostnego, p\u0119cherza moczowego) &#8211; xie fa<br \/>\nsi shen cong &#8211; M-HN-1 (m\u00f3zg, cns) &#8211; xie fa<br \/>\nba gua si shen cong &#8211; M-HN 1 (8 igie\u0142) &#8211; xie fa<br \/>\ntai yang &#8211; M-HN-9 &#8211; xie fa<br \/>\nyin tang &#8211; M-HN-3 &#8211; xie fa<br \/>\ner jian &#8211; M-HN-10 &#8211; xie fa &#8211; krwawienie<br \/>\nsan chiao 17 &#8211; yi feng (woreczek \u017c\u00f3\u0142ciowy) &#8211; xie fa<br \/>\ndwukropek 15 &#8211; jian yu (yang qiao mai) &#8211; xie fa<br \/>\nworeczek \u017c\u00f3\u0142ciowy 20 &#8211; feng chi (san chiao, yang wei mai) &#8211; xie fa<br \/>\nshi xuan &#8211; M-UE-1 (bleed,shen) &#8211; bleed > Zhong Feng Danger  <\/p>\n<p>Oczy\u015b\u0107 w\u0105trob\u0119 z ognia<br \/>\nw\u0105troba 2 &#8211; xing jian (ying) &#8211; xie fa &#8211; pozw\u00f3l krwawi\u0107  <\/p>\n<p>Rozpu\u015bci\u0107 przekrwienie qi w\u0105troby<br \/>\nw\u0105troba 3 &#8211; tai chong (shu, yuan) &#8211; xie fa<br \/>\njelito grube 4 &#8211; he gu (yuan) &#8211; xie fa<\/p>\n<p>Uzupe\u0142nienie yin nerki<br \/>\nnerka 3 &#8211; tai xi (shu,yuan) &#8211; bu fa<br \/>\nnerka 6 &#8211; zhao hai (yin qiao mai) &#8211; bu fa<br \/>\nnerka 7 &#8211; fu liu (jing) &#8211; bu fa<br \/>\n\u015bledziona 6 &#8211; san yin jiao (le,ni,mb) &#8211; bu fa  <\/p>\n<p>Shen uspokaja<br \/>\nkr\u0105\u017cenie 6 &#8211; nei guan (luo, yin wei mai) &#8211; xie fa<br \/>\nyin tang &#8211; M-HN-3 xie fa &#8211; krwawienie<\/p>\n","yn_product_verabreichungsart":"Pelety 140szt.","yn_product_dosierung":"<p>3 x 6 do 10 granulek dziennie, zawsze przed jedzeniem<\/p>\n<p>(zawiera niewielkie ilo\u015bci glutenu!!!!)<\/p>\n","yn_product_combinations":"<p>CALM RELIEF (nadci\u015bnienie), YIN ROOT, SAN BAO TEE (niedob\u00f3r Yin), BURNOUT RELIEF (zesp\u00f3\u0142 wypalenia), BREAKING THROUGH (przekrwienie &#8211; zakrzepica), CLEARING THE HEAT (niedob\u00f3r Yin i puste ciep\u0142o), COOL MOON (menopauza), MOON ESSENCE (niedob\u00f3r estrogenu), FIVE DRAGONS (Luo Mai)<\/p>\n","yn_product_avoidable":"<p>Kawa z mlekiem, cappuccino, kawa ze \u015bmietank\u0105, czosnek, alkohol, ostre przyprawy, t\u0142uste potrawy, kie\u0142basa, szynka, wieprzowina, smalec, chili, tabasco, owoce morza.<\/p>\n","yn_product_tcm_mindmapping":"<p>Niedob\u00f3r Yin w nerkach > Niedob\u00f3r Yin i krwi w w\u0105trobie > Rosn\u0105cy Yang w w\u0105trobie > Ogie\u0144 w w\u0105trobie > Wiatr w w\u0105trobie > B\u00f3l g\u0142owy w wierzcho\u0142ku.<\/p>\n","yn_product_tongue_body":"<p>Cienka, w\u0105ska, pop\u0119kana, czerwona do ciemnoczerwonej<\/p>\n","yn_product_tongue_coating":"<p>Rzadkie, \u017c\u00f3\u0142tawe<\/p>\n","yn_product_pulse_diagnostics":"<p>fu mai &#8211; powierzchowny, xian mai &#8211; napi\u0119ty, shi mai &#8211; pe\u0142ny, shuo mai &#8211; szybki, xu mai &#8211; pusty, se mai &#8211; szorstki<\/p>\n","yn_product_indications":"<p>B\u00f3l g\u0142owy w okolicy wierzcho\u0142ka, nadci\u015bnienie, uderzenia gor\u0105ca, zaczerwienienie twarzy, niepok\u00f3j, bardzo emocjonalne zachowanie, b\u00f3le g\u0142owy, zapalenie spoj\u00f3wek, sucho\u015b\u0107 oczu, wra\u017cliwo\u015b\u0107 na \u015bwiat\u0142o, skurcze i dr\u017cenie mi\u0119\u015bni, \u0142amliwe paznokcie, wypadanie w\u0142os\u00f3w.<\/p>\n","yn_product_contra_indications":"<p>Niedob\u00f3r Yang, Qi i krwi B\u00f3l g\u0142owy z wilgoci\u0105 i flegm\u0105 Zimno<\/p>\n","yn_product_pregnancy":"<p>Niedozwolone<\/p>\n","yn_product_herbs":"<p>Haliothidis conchae &#8211; shi jue ming, massa medicata fermentata &#8211; shen qu, moutan cortex &#8211; mu dan pi, ligustri fructus &#8211; niu zhen zi, ecliptae herba &#8211; han lian cao, loranthi ramulus &#8211; sang ji sheng, scutellariae baicalensis radix &#8211; huang qin, caulis bambusae &#8211; zhu ru<\/p>\n","yn_product_magisterrecipes":"<p>Tian Ma Gou Teng Yin, Qi Ju Di Huang Tang<\/p>\n"},"yoast_head":"<!-- This site is optimized with the Yoast SEO plugin v24.9 - https:\/\/yoast.com\/wordpress\/plugins\/seo\/ -->\n<title>Czyste niebo - Claude Diolosa<\/title>\n<meta name=\"robots\" content=\"index, follow, max-snippet:-1, max-image-preview:large, max-video-preview:-1\" \/>\n<link rel=\"canonical\" href=\"https:\/\/shop.diolosa.com\/pl\/product\/czyste-niebo\/\" \/>\n<meta property=\"og:locale\" content=\"pl_PL\" \/>\n<meta property=\"og:type\" content=\"article\" \/>\n<meta property=\"og:title\" content=\"Czyste niebo - Claude Diolosa\" \/>\n<meta property=\"og:description\" content=\"&nbsp; &nbsp;\" \/>\n<meta property=\"og:url\" content=\"https:\/\/shop.diolosa.com\/pl\/product\/czyste-niebo\/\" \/>\n<meta property=\"og:site_name\" content=\"Claude Diolosa\" \/>\n<meta property=\"article:publisher\" content=\"https:\/\/facebook.com\/claudediolosa\" \/>\n<meta property=\"article:modified_time\" content=\"2025-05-06T13:56:30+00:00\" \/>\n<meta property=\"og:image\" content=\"https:\/\/shop.diolosa.com\/wp-content\/uploads\/2019\/09\/Presslinge-140.jpg\" \/>\n\t<meta property=\"og:image:width\" content=\"800\" \/>\n\t<meta property=\"og:image:height\" content=\"533\" \/>\n\t<meta property=\"og:image:type\" content=\"image\/jpeg\" \/>\n<meta name=\"twitter:card\" content=\"summary_large_image\" \/>\n<script type=\"application\/ld+json\" class=\"yoast-schema-graph\">{\"@context\":\"https:\/\/schema.org\",\"@graph\":[{\"@type\":\"WebPage\",\"@id\":\"https:\/\/shop.diolosa.com\/pl\/product\/czyste-niebo\/\",\"url\":\"https:\/\/shop.diolosa.com\/pl\/product\/czyste-niebo\/\",\"name\":\"Czyste niebo - Claude Diolosa\",\"isPartOf\":{\"@id\":\"https:\/\/shop.diolosa.com\/pl\/#website\"},\"primaryImageOfPage\":{\"@id\":\"https:\/\/shop.diolosa.com\/pl\/product\/czyste-niebo\/#primaryimage\"},\"image\":{\"@id\":\"https:\/\/shop.diolosa.com\/pl\/product\/czyste-niebo\/#primaryimage\"},\"thumbnailUrl\":\"https:\/\/shop.diolosa.com\/wp-content\/uploads\/2019\/09\/Presslinge-140.jpg\",\"datePublished\":\"2025-03-08T14:08:57+00:00\",\"dateModified\":\"2025-05-06T13:56:30+00:00\",\"breadcrumb\":{\"@id\":\"https:\/\/shop.diolosa.com\/pl\/product\/czyste-niebo\/#breadcrumb\"},\"inLanguage\":\"pl-PL\",\"potentialAction\":[{\"@type\":\"ReadAction\",\"target\":[\"https:\/\/shop.diolosa.com\/pl\/product\/czyste-niebo\/\"]}]},{\"@type\":\"ImageObject\",\"inLanguage\":\"pl-PL\",\"@id\":\"https:\/\/shop.diolosa.com\/pl\/product\/czyste-niebo\/#primaryimage\",\"url\":\"https:\/\/shop.diolosa.com\/wp-content\/uploads\/2019\/09\/Presslinge-140.jpg\",\"contentUrl\":\"https:\/\/shop.diolosa.com\/wp-content\/uploads\/2019\/09\/Presslinge-140.jpg\",\"width\":800,\"height\":533},{\"@type\":\"BreadcrumbList\",\"@id\":\"https:\/\/shop.diolosa.com\/pl\/product\/czyste-niebo\/#breadcrumb\",\"itemListElement\":[{\"@type\":\"ListItem\",\"position\":1,\"name\":\"Startseite\",\"item\":\"https:\/\/shop.diolosa.com\/pl\/?page_id=3835710\"},{\"@type\":\"ListItem\",\"position\":2,\"name\":\"Sklep\",\"item\":\"https:\/\/shop.diolosa.com\/pl\/?page_id=3835710\"},{\"@type\":\"ListItem\",\"position\":3,\"name\":\"Czyste niebo\"}]},{\"@type\":\"WebSite\",\"@id\":\"https:\/\/shop.diolosa.com\/pl\/#website\",\"url\":\"https:\/\/shop.diolosa.com\/pl\/\",\"name\":\"Claude Diolosa\",\"description\":\"\",\"publisher\":{\"@id\":\"https:\/\/shop.diolosa.com\/pl\/#organization\"},\"potentialAction\":[{\"@type\":\"SearchAction\",\"target\":{\"@type\":\"EntryPoint\",\"urlTemplate\":\"https:\/\/shop.diolosa.com\/pl\/?s={search_term_string}\"},\"query-input\":{\"@type\":\"PropertyValueSpecification\",\"valueRequired\":true,\"valueName\":\"search_term_string\"}}],\"inLanguage\":\"pl-PL\"},{\"@type\":\"Organization\",\"@id\":\"https:\/\/shop.diolosa.com\/pl\/#organization\",\"name\":\"Claude Diolosa\",\"url\":\"https:\/\/shop.diolosa.com\/pl\/\",\"logo\":{\"@type\":\"ImageObject\",\"inLanguage\":\"pl-PL\",\"@id\":\"https:\/\/shop.diolosa.com\/pl\/#\/schema\/logo\/image\/\",\"url\":\"https:\/\/shop.diolosa.com\/wp-content\/uploads\/2019\/08\/diolosa-drop-logo-new.png\",\"contentUrl\":\"https:\/\/shop.diolosa.com\/wp-content\/uploads\/2019\/08\/diolosa-drop-logo-new.png\",\"width\":134,\"height\":176,\"caption\":\"Claude Diolosa\"},\"image\":{\"@id\":\"https:\/\/shop.diolosa.com\/pl\/#\/schema\/logo\/image\/\"},\"sameAs\":[\"https:\/\/facebook.com\/claudediolosa\",\"https:\/\/www.instagram.com\/diolosaclaude108\/\"]}]}<\/script>\n<!-- \/ Yoast SEO plugin. -->","yoast_head_json":{"title":"Czyste niebo - Claude Diolosa","robots":{"index":"index","follow":"follow","max-snippet":"max-snippet:-1","max-image-preview":"max-image-preview:large","max-video-preview":"max-video-preview:-1"},"canonical":"https:\/\/shop.diolosa.com\/pl\/product\/czyste-niebo\/","og_locale":"pl_PL","og_type":"article","og_title":"Czyste niebo - Claude Diolosa","og_description":"&nbsp; &nbsp;","og_url":"https:\/\/shop.diolosa.com\/pl\/product\/czyste-niebo\/","og_site_name":"Claude Diolosa","article_publisher":"https:\/\/facebook.com\/claudediolosa","article_modified_time":"2025-05-06T13:56:30+00:00","og_image":[{"width":800,"height":533,"url":"https:\/\/shop.diolosa.com\/wp-content\/uploads\/2019\/09\/Presslinge-140.jpg","type":"image\/jpeg"}],"twitter_card":"summary_large_image","schema":{"@context":"https:\/\/schema.org","@graph":[{"@type":"WebPage","@id":"https:\/\/shop.diolosa.com\/pl\/product\/czyste-niebo\/","url":"https:\/\/shop.diolosa.com\/pl\/product\/czyste-niebo\/","name":"Czyste niebo - Claude Diolosa","isPartOf":{"@id":"https:\/\/shop.diolosa.com\/pl\/#website"},"primaryImageOfPage":{"@id":"https:\/\/shop.diolosa.com\/pl\/product\/czyste-niebo\/#primaryimage"},"image":{"@id":"https:\/\/shop.diolosa.com\/pl\/product\/czyste-niebo\/#primaryimage"},"thumbnailUrl":"https:\/\/shop.diolosa.com\/wp-content\/uploads\/2019\/09\/Presslinge-140.jpg","datePublished":"2025-03-08T14:08:57+00:00","dateModified":"2025-05-06T13:56:30+00:00","breadcrumb":{"@id":"https:\/\/shop.diolosa.com\/pl\/product\/czyste-niebo\/#breadcrumb"},"inLanguage":"pl-PL","potentialAction":[{"@type":"ReadAction","target":["https:\/\/shop.diolosa.com\/pl\/product\/czyste-niebo\/"]}]},{"@type":"ImageObject","inLanguage":"pl-PL","@id":"https:\/\/shop.diolosa.com\/pl\/product\/czyste-niebo\/#primaryimage","url":"https:\/\/shop.diolosa.com\/wp-content\/uploads\/2019\/09\/Presslinge-140.jpg","contentUrl":"https:\/\/shop.diolosa.com\/wp-content\/uploads\/2019\/09\/Presslinge-140.jpg","width":800,"height":533},{"@type":"BreadcrumbList","@id":"https:\/\/shop.diolosa.com\/pl\/product\/czyste-niebo\/#breadcrumb","itemListElement":[{"@type":"ListItem","position":1,"name":"Startseite","item":"https:\/\/shop.diolosa.com\/pl\/?page_id=3835710"},{"@type":"ListItem","position":2,"name":"Sklep","item":"https:\/\/shop.diolosa.com\/pl\/?page_id=3835710"},{"@type":"ListItem","position":3,"name":"Czyste niebo"}]},{"@type":"WebSite","@id":"https:\/\/shop.diolosa.com\/pl\/#website","url":"https:\/\/shop.diolosa.com\/pl\/","name":"Claude Diolosa","description":"","publisher":{"@id":"https:\/\/shop.diolosa.com\/pl\/#organization"},"potentialAction":[{"@type":"SearchAction","target":{"@type":"EntryPoint","urlTemplate":"https:\/\/shop.diolosa.com\/pl\/?s={search_term_string}"},"query-input":{"@type":"PropertyValueSpecification","valueRequired":true,"valueName":"search_term_string"}}],"inLanguage":"pl-PL"},{"@type":"Organization","@id":"https:\/\/shop.diolosa.com\/pl\/#organization","name":"Claude Diolosa","url":"https:\/\/shop.diolosa.com\/pl\/","logo":{"@type":"ImageObject","inLanguage":"pl-PL","@id":"https:\/\/shop.diolosa.com\/pl\/#\/schema\/logo\/image\/","url":"https:\/\/shop.diolosa.com\/wp-content\/uploads\/2019\/08\/diolosa-drop-logo-new.png","contentUrl":"https:\/\/shop.diolosa.com\/wp-content\/uploads\/2019\/08\/diolosa-drop-logo-new.png","width":134,"height":176,"caption":"Claude Diolosa"},"image":{"@id":"https:\/\/shop.diolosa.com\/pl\/#\/schema\/logo\/image\/"},"sameAs":["https:\/\/facebook.com\/claudediolosa","https:\/\/www.instagram.com\/diolosaclaude108\/"]}]}},"_links":{"self":[{"href":"https:\/\/shop.diolosa.com\/pl\/wp-json\/wp\/v2\/product\/3836125","targetHints":{"allow":["GET"]}}],"collection":[{"href":"https:\/\/shop.diolosa.com\/pl\/wp-json\/wp\/v2\/product"}],"about":[{"href":"https:\/\/shop.diolosa.com\/pl\/wp-json\/wp\/v2\/types\/product"}],"wp:featuredmedia":[{"embeddable":true,"href":"https:\/\/shop.diolosa.com\/pl\/wp-json\/wp\/v2\/media\/3835943"}],"wp:attachment":[{"href":"https:\/\/shop.diolosa.com\/pl\/wp-json\/wp\/v2\/media?parent=3836125"}],"wp:term":[{"taxonomy":"product_brand","embeddable":true,"href":"https:\/\/shop.diolosa.com\/pl\/wp-json\/wp\/v2\/product_brand?post=3836125"},{"taxonomy":"product_cat","embeddable":true,"href":"https:\/\/shop.diolosa.com\/pl\/wp-json\/wp\/v2\/product_cat?post=3836125"},{"taxonomy":"product_tag","embeddable":true,"href":"https:\/\/shop.diolosa.com\/pl\/wp-json\/wp\/v2\/product_tag?post=3836125"}],"curies":[{"name":"wp","href":"https:\/\/api.w.org\/{rel}","templated":true}]}}