{"id":3836126,"date":"2019-09-04T12:12:00","date_gmt":"2025-03-08T14:08:57","guid":{"rendered":"https:\/\/shop.diolosa.com\/product\/herakles\/"},"modified":"2025-05-06T15:19:34","modified_gmt":"2025-05-06T14:19:34","slug":"herakles","status":"publish","type":"product","link":"https:\/\/shop.diolosa.com\/pl\/product\/herakles\/","title":{"rendered":"Herakles"},"content":{"rendered":"<p>HERAKLES jest stosowany w leczeniu przepukliny oponowo-rdzeniowej. Preparat ten rozgrzewa Yang Nerek, rozgrzewa W\u0105trob\u0119, rozprasza inwazyjne Zimno w Dolnym Ogrzewaczu, a zw\u0142aszcza w Przewodzie Naczyniowym W\u0105troby, wzmacnia mi\u0119\u015bnie brzucha i porusza Krew. W TCM przepuklina pachwinowa, a tak\u017ce urazy lub os\u0142abienie pachwin s\u0105 uwa\u017cane za nieprawid\u0142owe funkcjonowanie w\u0105troby, a nawet nerek.<\/p>\n","protected":false},"excerpt":{"rendered":"<p>HERAKLES jest stosowany w leczeniu przepukliny oponowo-rdzeniowej. Preparat ten rozgrzewa  [&#8230;]<\/p>\n","protected":false},"featured_media":3835943,"template":"","meta":{"_acf_changed":false},"product_brand":[],"product_cat":[11784],"product_tag":[11938],"class_list":{"0":"post-3836126","1":"product","2":"type-product","3":"status-publish","4":"has-post-thumbnail","6":"product_cat-medycyna-sportowa","7":"product_tag-przepuklina-pachwinowa","9":"first","10":"instock","11":"taxable","12":"shipping-taxable","13":"purchasable","14":"product-type-simple"},"acf":{"yn_product_audio":"https:\/\/shop.diolosa.com\/wp-content\/uploads\/2018\/12\/DL_0987.mp3","yn_product_akupunktur":"<p>Leczenie miejscowe &#8211; terapia moks\u0105<br \/>\nw\u0105troba 12 &#8211; ji mai &#8211; moksa<br \/>\nw\u0105troba 11 &#8211; yin lian &#8211; moksa<br \/>\nren mai 2 &#8211; qu gu (w\u0105troba, ren mai) &#8211; moksa<br \/>\np\u0119cherz moczowy 31 do 34 &#8211; ba liao &#8211; moksa<br \/>\nren mai 4 &#8211; guan yuan (mo> jelito cienkie, w\u0105troba, nerki, \u015bledziona) &#8211; moksajelito cienkie, w\u0105troba, nerki, \u015bledziona) &#8211; moxa<br \/>\nren mai 6 &#8211; qi hai (yuan qi) &#8211; moxa<br \/>\n\u017co\u0142\u0105dek 30 &#8211; qi qong &#8211; bu fa  <\/p>\n<p>Tonizuje nerki yang<br \/>\np\u0119cherz 23 &#8211; shen shu &#8211; moxa<br \/>\nnerki 3 &#8211; tai xi (shu,yuan) &#8211; bu fa  <\/p>\n<p>Od\u017cywia krew<br \/>\np\u0119cherz 20 &#8211; pi shu &#8211; bu fa<br \/>\np\u0119cherz 18 &#8211; gan shu &#8211; bu fa<br \/>\np\u0119cherz 17 &#8211; ge shu (krew) &#8211; bu fa<br \/>\n\u017co\u0142\u0105dek 36 &#8211; to san li (shu, xia he xue &#8211; \u017co\u0142\u0105dek, si hai xue, si zhong xue) &#8211; bu fa<br \/>\n\u015bledziona 6 &#8211; san yin jiao (le,ni,mb) &#8211; bu fa<\/p>\n","yn_product_verabreichungsart":"Pelety 140szt.","yn_product_dosierung":"<p>3 x 4 do 10 tabletek dziennie, zawsze przed posi\u0142kami<\/p>\n","yn_product_combinations":"<p>RINCHEN TEE, WARMING THE ROOT, YANG ROOT, aby tonizowa\u0107 Yang i od\u017cywia\u0107 esencj\u0119, SEA OF QI, aby podnie\u015b\u0107 Qi w przypadku obni\u017cenia Qi, LIFE ENERGY, aby tonizowa\u0107 Qi \u015bledziony i przekszta\u0142ca\u0107 wilgo\u0107, IRON DROPS w przypadku niedoboru krwi, REGENERATION w przypadku du\u017cego wyczerpania wszystkich korzeni organizmu.<\/p>\n","yn_product_avoidable":"<p>Pacjent powinien unika\u0107 kwa\u015bnych i gorzkich pokarm\u00f3w, zw\u0142aszcza owoc\u00f3w cytrusowych, owoc\u00f3w tropikalnych, kiszonej kapusty, surowych warzyw i produkt\u00f3w mlecznych.<\/p>\n","yn_product_tcm_mindmapping":"<p>Niedob\u00f3r Yang i Qi nerek > Przezi\u0119bienie w\u0105troby > Zast\u00f3j Qi i krwi > Przepuklina<\/p>\n","yn_product_tongue_body":"<p>Kr\u00f3tkie, szerokie, blade, fioletowe<\/p>\n","yn_product_tongue_coating":"<p>Bia\u0142y i wilgotny<\/p>\n","yn_product_pulse_diagnostics":"<p>Pozycja w\u0105troby: chen mai &#8211; g\u0142\u0119boka, jin mai &#8211; stanowcza, se mai &#8211; szorstka, shi mai &#8211; pe\u0142na, chi mai &#8211; powolna.<\/p>\n","yn_product_indications":"<p>Przepuklina pachwinowa, widoczny i wyczuwalny obrz\u0119k w okolicy pachwiny z b\u00f3lem<\/p>\n","yn_product_contra_indications":"<p>Niedob\u00f3r Yin, puste ciep\u0142o, ciep\u0142o krwi, ogie\u0144 w\u0105troby i wilgotne ciep\u0142o<\/p>\n","yn_product_pregnancy":"<p>Dozwolone<\/p>\n","yn_product_herbs":"<p>citrus reticulatae semen &#8211; ju he, linderae radix &#8211; wu yao, cyperi rhizoma &#8211; xiang fu, citri reticulatae viride pericarpium &#8211; qing pi, foeniculum fructus &#8211; xiao hui xiang, angelicae sinensis par caudensis radix &#8211; dang gui wei, aucklandiae radix &#8211; mu xiang, amomi fructus &#8211; sha ren, glycyrrhizae uralensis radix &#8211; gan cao<\/p>\n","yn_product_magisterrecipes":"<p>Tian Tai Wu Yao San, Nuan Gan Jian<\/p>\n","yn_product_video":"https:\/\/shop.diolosa.com\/wp-content\/uploads\/2026\/03\/Herakles.mp4"},"yoast_head":"<!-- This site is optimized with the Yoast SEO plugin v24.9 - https:\/\/yoast.com\/wordpress\/plugins\/seo\/ -->\n<title>Herakles - Claude Diolosa<\/title>\n<meta name=\"robots\" content=\"index, follow, max-snippet:-1, max-image-preview:large, max-video-preview:-1\" \/>\n<link rel=\"canonical\" href=\"https:\/\/shop.diolosa.com\/pl\/product\/herakles\/\" \/>\n<meta property=\"og:locale\" content=\"pl_PL\" \/>\n<meta property=\"og:type\" content=\"article\" \/>\n<meta property=\"og:title\" content=\"Herakles - Claude Diolosa\" \/>\n<meta property=\"og:description\" content=\"HERAKLES jest stosowany w leczeniu przepukliny oponowo-rdzeniowej. Preparat ten rozgrzewa [...]\" \/>\n<meta property=\"og:url\" content=\"https:\/\/shop.diolosa.com\/pl\/product\/herakles\/\" \/>\n<meta property=\"og:site_name\" content=\"Claude Diolosa\" \/>\n<meta property=\"article:publisher\" content=\"https:\/\/facebook.com\/claudediolosa\" \/>\n<meta property=\"article:modified_time\" content=\"2025-05-06T14:19:34+00:00\" \/>\n<meta property=\"og:image\" content=\"https:\/\/shop.diolosa.com\/wp-content\/uploads\/2019\/09\/Presslinge-140.jpg\" \/>\n\t<meta property=\"og:image:width\" content=\"800\" \/>\n\t<meta property=\"og:image:height\" content=\"533\" \/>\n\t<meta property=\"og:image:type\" content=\"image\/jpeg\" \/>\n<meta name=\"twitter:card\" content=\"summary_large_image\" \/>\n<script type=\"application\/ld+json\" class=\"yoast-schema-graph\">{\"@context\":\"https:\/\/schema.org\",\"@graph\":[{\"@type\":\"WebPage\",\"@id\":\"https:\/\/shop.diolosa.com\/pl\/product\/herakles\/\",\"url\":\"https:\/\/shop.diolosa.com\/pl\/product\/herakles\/\",\"name\":\"Herakles - Claude Diolosa\",\"isPartOf\":{\"@id\":\"https:\/\/shop.diolosa.com\/pl\/#website\"},\"primaryImageOfPage\":{\"@id\":\"https:\/\/shop.diolosa.com\/pl\/product\/herakles\/#primaryimage\"},\"image\":{\"@id\":\"https:\/\/shop.diolosa.com\/pl\/product\/herakles\/#primaryimage\"},\"thumbnailUrl\":\"https:\/\/shop.diolosa.com\/wp-content\/uploads\/2019\/09\/Presslinge-140.jpg\",\"datePublished\":\"2025-03-08T14:08:57+00:00\",\"dateModified\":\"2025-05-06T14:19:34+00:00\",\"breadcrumb\":{\"@id\":\"https:\/\/shop.diolosa.com\/pl\/product\/herakles\/#breadcrumb\"},\"inLanguage\":\"pl-PL\",\"potentialAction\":[{\"@type\":\"ReadAction\",\"target\":[\"https:\/\/shop.diolosa.com\/pl\/product\/herakles\/\"]}]},{\"@type\":\"ImageObject\",\"inLanguage\":\"pl-PL\",\"@id\":\"https:\/\/shop.diolosa.com\/pl\/product\/herakles\/#primaryimage\",\"url\":\"https:\/\/shop.diolosa.com\/wp-content\/uploads\/2019\/09\/Presslinge-140.jpg\",\"contentUrl\":\"https:\/\/shop.diolosa.com\/wp-content\/uploads\/2019\/09\/Presslinge-140.jpg\",\"width\":800,\"height\":533},{\"@type\":\"BreadcrumbList\",\"@id\":\"https:\/\/shop.diolosa.com\/pl\/product\/herakles\/#breadcrumb\",\"itemListElement\":[{\"@type\":\"ListItem\",\"position\":1,\"name\":\"Startseite\",\"item\":\"https:\/\/shop.diolosa.com\/pl\/?page_id=3835710\"},{\"@type\":\"ListItem\",\"position\":2,\"name\":\"Sklep\",\"item\":\"https:\/\/shop.diolosa.com\/pl\/?page_id=3835710\"},{\"@type\":\"ListItem\",\"position\":3,\"name\":\"Herakles\"}]},{\"@type\":\"WebSite\",\"@id\":\"https:\/\/shop.diolosa.com\/pl\/#website\",\"url\":\"https:\/\/shop.diolosa.com\/pl\/\",\"name\":\"Claude Diolosa\",\"description\":\"\",\"publisher\":{\"@id\":\"https:\/\/shop.diolosa.com\/pl\/#organization\"},\"potentialAction\":[{\"@type\":\"SearchAction\",\"target\":{\"@type\":\"EntryPoint\",\"urlTemplate\":\"https:\/\/shop.diolosa.com\/pl\/?s={search_term_string}\"},\"query-input\":{\"@type\":\"PropertyValueSpecification\",\"valueRequired\":true,\"valueName\":\"search_term_string\"}}],\"inLanguage\":\"pl-PL\"},{\"@type\":\"Organization\",\"@id\":\"https:\/\/shop.diolosa.com\/pl\/#organization\",\"name\":\"Claude Diolosa\",\"url\":\"https:\/\/shop.diolosa.com\/pl\/\",\"logo\":{\"@type\":\"ImageObject\",\"inLanguage\":\"pl-PL\",\"@id\":\"https:\/\/shop.diolosa.com\/pl\/#\/schema\/logo\/image\/\",\"url\":\"https:\/\/shop.diolosa.com\/wp-content\/uploads\/2019\/08\/diolosa-drop-logo-new.png\",\"contentUrl\":\"https:\/\/shop.diolosa.com\/wp-content\/uploads\/2019\/08\/diolosa-drop-logo-new.png\",\"width\":134,\"height\":176,\"caption\":\"Claude Diolosa\"},\"image\":{\"@id\":\"https:\/\/shop.diolosa.com\/pl\/#\/schema\/logo\/image\/\"},\"sameAs\":[\"https:\/\/facebook.com\/claudediolosa\",\"https:\/\/www.instagram.com\/diolosaclaude108\/\"]}]}<\/script>\n<!-- \/ Yoast SEO plugin. -->","yoast_head_json":{"title":"Herakles - Claude Diolosa","robots":{"index":"index","follow":"follow","max-snippet":"max-snippet:-1","max-image-preview":"max-image-preview:large","max-video-preview":"max-video-preview:-1"},"canonical":"https:\/\/shop.diolosa.com\/pl\/product\/herakles\/","og_locale":"pl_PL","og_type":"article","og_title":"Herakles - Claude Diolosa","og_description":"HERAKLES jest stosowany w leczeniu przepukliny oponowo-rdzeniowej. Preparat ten rozgrzewa [...]","og_url":"https:\/\/shop.diolosa.com\/pl\/product\/herakles\/","og_site_name":"Claude Diolosa","article_publisher":"https:\/\/facebook.com\/claudediolosa","article_modified_time":"2025-05-06T14:19:34+00:00","og_image":[{"width":800,"height":533,"url":"https:\/\/shop.diolosa.com\/wp-content\/uploads\/2019\/09\/Presslinge-140.jpg","type":"image\/jpeg"}],"twitter_card":"summary_large_image","schema":{"@context":"https:\/\/schema.org","@graph":[{"@type":"WebPage","@id":"https:\/\/shop.diolosa.com\/pl\/product\/herakles\/","url":"https:\/\/shop.diolosa.com\/pl\/product\/herakles\/","name":"Herakles - Claude Diolosa","isPartOf":{"@id":"https:\/\/shop.diolosa.com\/pl\/#website"},"primaryImageOfPage":{"@id":"https:\/\/shop.diolosa.com\/pl\/product\/herakles\/#primaryimage"},"image":{"@id":"https:\/\/shop.diolosa.com\/pl\/product\/herakles\/#primaryimage"},"thumbnailUrl":"https:\/\/shop.diolosa.com\/wp-content\/uploads\/2019\/09\/Presslinge-140.jpg","datePublished":"2025-03-08T14:08:57+00:00","dateModified":"2025-05-06T14:19:34+00:00","breadcrumb":{"@id":"https:\/\/shop.diolosa.com\/pl\/product\/herakles\/#breadcrumb"},"inLanguage":"pl-PL","potentialAction":[{"@type":"ReadAction","target":["https:\/\/shop.diolosa.com\/pl\/product\/herakles\/"]}]},{"@type":"ImageObject","inLanguage":"pl-PL","@id":"https:\/\/shop.diolosa.com\/pl\/product\/herakles\/#primaryimage","url":"https:\/\/shop.diolosa.com\/wp-content\/uploads\/2019\/09\/Presslinge-140.jpg","contentUrl":"https:\/\/shop.diolosa.com\/wp-content\/uploads\/2019\/09\/Presslinge-140.jpg","width":800,"height":533},{"@type":"BreadcrumbList","@id":"https:\/\/shop.diolosa.com\/pl\/product\/herakles\/#breadcrumb","itemListElement":[{"@type":"ListItem","position":1,"name":"Startseite","item":"https:\/\/shop.diolosa.com\/pl\/?page_id=3835710"},{"@type":"ListItem","position":2,"name":"Sklep","item":"https:\/\/shop.diolosa.com\/pl\/?page_id=3835710"},{"@type":"ListItem","position":3,"name":"Herakles"}]},{"@type":"WebSite","@id":"https:\/\/shop.diolosa.com\/pl\/#website","url":"https:\/\/shop.diolosa.com\/pl\/","name":"Claude Diolosa","description":"","publisher":{"@id":"https:\/\/shop.diolosa.com\/pl\/#organization"},"potentialAction":[{"@type":"SearchAction","target":{"@type":"EntryPoint","urlTemplate":"https:\/\/shop.diolosa.com\/pl\/?s={search_term_string}"},"query-input":{"@type":"PropertyValueSpecification","valueRequired":true,"valueName":"search_term_string"}}],"inLanguage":"pl-PL"},{"@type":"Organization","@id":"https:\/\/shop.diolosa.com\/pl\/#organization","name":"Claude Diolosa","url":"https:\/\/shop.diolosa.com\/pl\/","logo":{"@type":"ImageObject","inLanguage":"pl-PL","@id":"https:\/\/shop.diolosa.com\/pl\/#\/schema\/logo\/image\/","url":"https:\/\/shop.diolosa.com\/wp-content\/uploads\/2019\/08\/diolosa-drop-logo-new.png","contentUrl":"https:\/\/shop.diolosa.com\/wp-content\/uploads\/2019\/08\/diolosa-drop-logo-new.png","width":134,"height":176,"caption":"Claude Diolosa"},"image":{"@id":"https:\/\/shop.diolosa.com\/pl\/#\/schema\/logo\/image\/"},"sameAs":["https:\/\/facebook.com\/claudediolosa","https:\/\/www.instagram.com\/diolosaclaude108\/"]}]}},"_links":{"self":[{"href":"https:\/\/shop.diolosa.com\/pl\/wp-json\/wp\/v2\/product\/3836126","targetHints":{"allow":["GET"]}}],"collection":[{"href":"https:\/\/shop.diolosa.com\/pl\/wp-json\/wp\/v2\/product"}],"about":[{"href":"https:\/\/shop.diolosa.com\/pl\/wp-json\/wp\/v2\/types\/product"}],"wp:featuredmedia":[{"embeddable":true,"href":"https:\/\/shop.diolosa.com\/pl\/wp-json\/wp\/v2\/media\/3835943"}],"wp:attachment":[{"href":"https:\/\/shop.diolosa.com\/pl\/wp-json\/wp\/v2\/media?parent=3836126"}],"wp:term":[{"taxonomy":"product_brand","embeddable":true,"href":"https:\/\/shop.diolosa.com\/pl\/wp-json\/wp\/v2\/product_brand?post=3836126"},{"taxonomy":"product_cat","embeddable":true,"href":"https:\/\/shop.diolosa.com\/pl\/wp-json\/wp\/v2\/product_cat?post=3836126"},{"taxonomy":"product_tag","embeddable":true,"href":"https:\/\/shop.diolosa.com\/pl\/wp-json\/wp\/v2\/product_tag?post=3836126"}],"curies":[{"name":"wp","href":"https:\/\/api.w.org\/{rel}","templated":true}]}}