{"id":3836129,"date":"2019-09-04T12:12:00","date_gmt":"2025-03-08T14:08:58","guid":{"rendered":"https:\/\/shop.diolosa.com\/product\/spokojne-niebo\/"},"modified":"2025-05-06T15:19:44","modified_gmt":"2025-05-06T14:19:44","slug":"spokojne-niebo","status":"publish","type":"product","link":"https:\/\/shop.diolosa.com\/pl\/product\/spokojne-niebo\/","title":{"rendered":"Spokojne Niebo"},"content":{"rendered":"<p>CALM HEAVEN jest stosowany w leczeniu migreny z nudno\u015bciami i wymiotami. Preparat ten odgumowuje Shao Yang (p\u0119cherzyk \u017c\u00f3\u0142ciowy), obni\u017ca Qi p\u0119cherzyka \u017c\u00f3\u0142ciowego, uwalnia zast\u00f3j krwi i Qi, otwiera naczynia LUO i \u0142agodzi b\u00f3l. <\/p>\n<p>&nbsp;<\/p>\n","protected":false},"excerpt":{"rendered":"<p>&nbsp;<\/p>\n<p>&nbsp;<\/p>\n","protected":false},"featured_media":3835943,"template":"","meta":{"_acf_changed":false},"product_brand":[],"product_cat":[11834],"product_tag":[11941],"class_list":{"0":"post-3836129","1":"product","2":"type-product","3":"status-publish","4":"has-post-thumbnail","6":"product_cat-neurologia","7":"product_tag-bol-glowy-migrena","9":"first","10":"instock","11":"taxable","12":"shipping-taxable","13":"purchasable","14":"product-type-simple"},"acf":{"yn_product_audio":"https:\/\/shop.diolosa.com\/wp-content\/uploads\/2018\/12\/DL_0290.mp3","yn_product_video":"https:\/\/shop.diolosa.com\/wp-content\/uploads\/2024\/03\/Calm-heaven.mp4","yn_product_akupunktur":"<p>Leczenie ostre<br \/>\ntai yang &#8211; M-HN-9 &#8211; xie fa<br \/>\nyin tang &#8211; M-HN-3 &#8211; xie fa<br \/>\nworeczek \u017c\u00f3\u0142ciowy 8 &#8211; shuai gu (p\u0119cherz) &#8211; xie fa<br \/>\nworeczek \u017c\u00f3\u0142ciowy 20 &#8211; feng chi (san chiao, yang wei mai) &#8211; xie fa<br \/>\ndu mai 20 &#8211; bai hui &#8211; bai lao (jezioro szpiku kostnego, p\u0119cherz moczowy) &#8211; xie fa<br \/>\nsan chiao 23 &#8211; si zhu kong &#8211; xie fa<br \/>\nworeczek \u017c\u00f3\u0142ciowy 14 &#8211; yang bai (\u017co\u0142\u0105dek, yang wei mai) &#8211; xie fa  <\/p>\n<p>Punkty odleg\u0142e<br \/>\nsan chiao 3 &#8211; zhong zhu (shu) &#8211; xie fa<br \/>\njelito grube 4 &#8211; he gu (yuan) &#8211; xie fa<br \/>\nworeczek \u017c\u00f3\u0142ciowy 34 &#8211; yang ling quan (he, xia he xue, gui) &#8211; xie fa<br \/>\nworeczek \u017c\u00f3\u0142ciowy 40 &#8211; qiu xu (yuan) &#8211; xie fa<br \/>\n\u017co\u0142\u0105dek 40 &#8211; feng long (luo) &#8211; xie fa<br \/>\n\u017co\u0142\u0105dek 44 &#8211; nei ting (ying) &#8211; xie fa<br \/>\nren mai 12 &#8211; zhong wan (mo>)\u017co\u0142\u0105dek, ba hui xue, jelito cienkie, san chiao, \u017co\u0142\u0105dek) &#8211; xie fa  <\/p>\n<p>R\u00f3\u017cne rodzaje b\u00f3lu g\u0142owy:<br \/>\ntai yang- potylica: p\u0119cherzyk 10 &#8211; tian zhu (jing bie of bl and ni, niebia\u0144skie okno),<br \/>\njelito cienkie 3 &#8211; hou xi (shu,du mai) &#8211; xie fa<br \/>\nshao yang &#8211; boczne: woreczek \u017c\u00f3\u0142ciowy 8 &#8211; shuai gu (p\u0119cherz), tai yang &#8211; M-HN-9, du mai 20 &#8211; bai hui &#8211; bai lao (jezioro szpiku kostnego, p\u0119cherz), san chiao 3 &#8211; zhong zhu (shu) &#8211; xie fa<br \/>\nyang ming &#8211; czo\u0142o: \u017co\u0142\u0105dek 8 &#8211; tou wei, \u017co\u0142\u0105dek 43 &#8211; xian gu (shu), \u017co\u0142\u0105dek 44 &#8211; nei ting (ying) &#8211; xie fa<br \/>\njueyin &#8211; wierzcho\u0142ek: du mai 20 &#8211; bai hui &#8211; bai lao (jezioro szpiku kostnego, p\u0119cherz moczowy), w\u0105troba 3 &#8211; tai chong (shu, yuan) &#8211; xie fa<br \/>\nfeng &#8211; wiatr: du mai 16 &#8211; feng fu (jezioro szpiku kostnego, yang wei mai, gui), lung 7 &#8211; lie que (luo, ren mai), san chiao 5 &#8211; wai guan (yang wei mai, luo) &#8211; xie fa<\/p>\n","yn_product_verabreichungsart":"Pelety 140szt.","yn_product_dosierung":"<p>3 x 6 do 10 tabletek dziennie, zawsze przed posi\u0142kami<\/p>\n","yn_product_combinations":"<p>PEACEFUL GENERAL (cholesterol), CALM RELIEF (nadci\u015bnienie), YIN ROOT, SAN BAO TEE (niedob\u00f3r yin), BURNOUT RELIEF (zesp\u00f3\u0142 wypalenia), BREAKING THROUGH (przekrwienie &#8211; zakrzepica), FIVE DRAGONS (Luo Mai)<\/p>\n","yn_product_avoidable":"<p>Kawa z mlekiem, cappuccino, kawa ze \u015bmietank\u0105, czosnek, alkohol, ostre przyprawy, t\u0142uste potrawy, kie\u0142basa, szynka, wieprzowina, smalec.<\/p>\n","yn_product_tcm_mindmapping":"<p>Stres > Przekrwienie Qi p\u0119cherzyka \u017c\u00f3\u0142ciowego > Pe\u0142nia Yang p\u0119cherzyka \u017c\u00f3\u0142ciowego > Twarda flegma i przekrwienie w okolicy g\u0142owy > B\u00f3l i zawroty g\u0142owy > Buntownicza Qi \u017co\u0142\u0105dka > Nudno\u015bci > Niedob\u00f3r krwi w w\u0105trobie > Wra\u017cliwo\u015b\u0107 na \u015bwiat\u0142o<\/p>\n","yn_product_tongue_body":"<p>Opuchni\u0119te i poplamione kraw\u0119dzie j\u0119zyka lub wykrzywiony j\u0119zyk<\/p>\n","yn_product_tongue_coating":"<p>Pasiasty, lepki, \u017c\u00f3\u0142tawy, t\u0142usty<\/p>\n","yn_product_pulse_diagnostics":"<p>Pozycja p\u0119cherzyka \u017c\u00f3\u0142ciowego: fu mai &#8211; powierzchowna, xian mai &#8211; napi\u0119ta, hua mai &#8211; \u015blizgowa, shi mai &#8211; pe\u0142na, se mai &#8211; szorstka<br \/>\nPozycja w\u0105troby: chen mai &#8211; g\u0142\u0119boka, xi mai &#8211; cienka, xian mai &#8211; napi\u0119ta, xu mai &#8211; pusta, se mai &#8211; szorstka<\/p>\n","yn_product_indications":"<p>Ataki migreny, boczny b\u00f3l g\u0142owy, k\u0142uj\u0105cy b\u00f3l g\u0142owy, nudno\u015bci, wymioty, zawroty g\u0142owy, gorzki smak w ustach.<\/p>\n","yn_product_contra_indications":"<p>B\u00f3l g\u0142owy zwi\u0105zany z niedoborem Qi, Yang i krwi<\/p>\n","yn_product_pregnancy":"<p>Przeciwwskazane<\/p>\n","yn_product_herbs":"<p>bupleurum radix &#8211; chai hu, gastrodiae rhizoma &#8211; tian ma, scutellariae baicalensis radix &#8211; huang qin, pinellia ternata &#8211; ban xia, caulis bambusae &#8211; zhu ru, citri reticulatae pericarpium &#8211; chen pi, zingiberis rhizoma recensis &#8211; sheng jiang, alismati rhizoma &#8211; ze xie, salviae radix &#8211; dan shen, ligusticii rhizoma &#8211; chuan xiong, paeoniae rubrae radix &#8211; chi shao yao, glycyrrhizae uralensis radix &#8211; gan cao, curcuma longa &#8211; yu jin, gardeniae jasminoidis fructus &#8211; zhi zi, cyathulae radix &#8211; chuan niu xi.<\/p>\n","yn_product_magisterrecipes":"<p>Huang Lian Wen Dan Tang, Ban Xia Bai Zhu Tian Ma Tang, Tong Qiao Huo Xue Tang, Xiao Chai Hu Tang<\/p>\n"},"yoast_head":"<!-- This site is optimized with the Yoast SEO plugin v24.9 - https:\/\/yoast.com\/wordpress\/plugins\/seo\/ -->\n<title>Spokojne Niebo - Claude Diolosa<\/title>\n<meta name=\"robots\" content=\"index, follow, max-snippet:-1, max-image-preview:large, max-video-preview:-1\" \/>\n<link rel=\"canonical\" href=\"https:\/\/shop.diolosa.com\/pl\/product\/spokojne-niebo\/\" \/>\n<meta property=\"og:locale\" content=\"pl_PL\" \/>\n<meta property=\"og:type\" content=\"article\" \/>\n<meta property=\"og:title\" content=\"Spokojne Niebo - Claude Diolosa\" \/>\n<meta property=\"og:description\" content=\"&nbsp; &nbsp;\" \/>\n<meta property=\"og:url\" content=\"https:\/\/shop.diolosa.com\/pl\/product\/spokojne-niebo\/\" \/>\n<meta property=\"og:site_name\" content=\"Claude Diolosa\" \/>\n<meta property=\"article:publisher\" content=\"https:\/\/facebook.com\/claudediolosa\" \/>\n<meta property=\"article:modified_time\" content=\"2025-05-06T14:19:44+00:00\" \/>\n<meta property=\"og:image\" content=\"https:\/\/shop.diolosa.com\/wp-content\/uploads\/2019\/09\/Presslinge-140.jpg\" \/>\n\t<meta property=\"og:image:width\" content=\"800\" \/>\n\t<meta property=\"og:image:height\" content=\"533\" \/>\n\t<meta property=\"og:image:type\" content=\"image\/jpeg\" \/>\n<meta name=\"twitter:card\" content=\"summary_large_image\" \/>\n<script type=\"application\/ld+json\" class=\"yoast-schema-graph\">{\"@context\":\"https:\/\/schema.org\",\"@graph\":[{\"@type\":\"WebPage\",\"@id\":\"https:\/\/shop.diolosa.com\/pl\/product\/spokojne-niebo\/\",\"url\":\"https:\/\/shop.diolosa.com\/pl\/product\/spokojne-niebo\/\",\"name\":\"Spokojne Niebo - Claude Diolosa\",\"isPartOf\":{\"@id\":\"https:\/\/shop.diolosa.com\/pl\/#website\"},\"primaryImageOfPage\":{\"@id\":\"https:\/\/shop.diolosa.com\/pl\/product\/spokojne-niebo\/#primaryimage\"},\"image\":{\"@id\":\"https:\/\/shop.diolosa.com\/pl\/product\/spokojne-niebo\/#primaryimage\"},\"thumbnailUrl\":\"https:\/\/shop.diolosa.com\/wp-content\/uploads\/2019\/09\/Presslinge-140.jpg\",\"datePublished\":\"2025-03-08T14:08:58+00:00\",\"dateModified\":\"2025-05-06T14:19:44+00:00\",\"breadcrumb\":{\"@id\":\"https:\/\/shop.diolosa.com\/pl\/product\/spokojne-niebo\/#breadcrumb\"},\"inLanguage\":\"pl-PL\",\"potentialAction\":[{\"@type\":\"ReadAction\",\"target\":[\"https:\/\/shop.diolosa.com\/pl\/product\/spokojne-niebo\/\"]}]},{\"@type\":\"ImageObject\",\"inLanguage\":\"pl-PL\",\"@id\":\"https:\/\/shop.diolosa.com\/pl\/product\/spokojne-niebo\/#primaryimage\",\"url\":\"https:\/\/shop.diolosa.com\/wp-content\/uploads\/2019\/09\/Presslinge-140.jpg\",\"contentUrl\":\"https:\/\/shop.diolosa.com\/wp-content\/uploads\/2019\/09\/Presslinge-140.jpg\",\"width\":800,\"height\":533},{\"@type\":\"BreadcrumbList\",\"@id\":\"https:\/\/shop.diolosa.com\/pl\/product\/spokojne-niebo\/#breadcrumb\",\"itemListElement\":[{\"@type\":\"ListItem\",\"position\":1,\"name\":\"Startseite\",\"item\":\"https:\/\/shop.diolosa.com\/pl\/?page_id=3835710\"},{\"@type\":\"ListItem\",\"position\":2,\"name\":\"Sklep\",\"item\":\"https:\/\/shop.diolosa.com\/pl\/?page_id=3835710\"},{\"@type\":\"ListItem\",\"position\":3,\"name\":\"Spokojne Niebo\"}]},{\"@type\":\"WebSite\",\"@id\":\"https:\/\/shop.diolosa.com\/pl\/#website\",\"url\":\"https:\/\/shop.diolosa.com\/pl\/\",\"name\":\"Claude Diolosa\",\"description\":\"\",\"publisher\":{\"@id\":\"https:\/\/shop.diolosa.com\/pl\/#organization\"},\"potentialAction\":[{\"@type\":\"SearchAction\",\"target\":{\"@type\":\"EntryPoint\",\"urlTemplate\":\"https:\/\/shop.diolosa.com\/pl\/?s={search_term_string}\"},\"query-input\":{\"@type\":\"PropertyValueSpecification\",\"valueRequired\":true,\"valueName\":\"search_term_string\"}}],\"inLanguage\":\"pl-PL\"},{\"@type\":\"Organization\",\"@id\":\"https:\/\/shop.diolosa.com\/pl\/#organization\",\"name\":\"Claude Diolosa\",\"url\":\"https:\/\/shop.diolosa.com\/pl\/\",\"logo\":{\"@type\":\"ImageObject\",\"inLanguage\":\"pl-PL\",\"@id\":\"https:\/\/shop.diolosa.com\/pl\/#\/schema\/logo\/image\/\",\"url\":\"https:\/\/shop.diolosa.com\/wp-content\/uploads\/2019\/08\/diolosa-drop-logo-new.png\",\"contentUrl\":\"https:\/\/shop.diolosa.com\/wp-content\/uploads\/2019\/08\/diolosa-drop-logo-new.png\",\"width\":134,\"height\":176,\"caption\":\"Claude Diolosa\"},\"image\":{\"@id\":\"https:\/\/shop.diolosa.com\/pl\/#\/schema\/logo\/image\/\"},\"sameAs\":[\"https:\/\/facebook.com\/claudediolosa\",\"https:\/\/www.instagram.com\/diolosaclaude108\/\"]}]}<\/script>\n<!-- \/ Yoast SEO plugin. -->","yoast_head_json":{"title":"Spokojne Niebo - Claude Diolosa","robots":{"index":"index","follow":"follow","max-snippet":"max-snippet:-1","max-image-preview":"max-image-preview:large","max-video-preview":"max-video-preview:-1"},"canonical":"https:\/\/shop.diolosa.com\/pl\/product\/spokojne-niebo\/","og_locale":"pl_PL","og_type":"article","og_title":"Spokojne Niebo - Claude Diolosa","og_description":"&nbsp; &nbsp;","og_url":"https:\/\/shop.diolosa.com\/pl\/product\/spokojne-niebo\/","og_site_name":"Claude Diolosa","article_publisher":"https:\/\/facebook.com\/claudediolosa","article_modified_time":"2025-05-06T14:19:44+00:00","og_image":[{"width":800,"height":533,"url":"https:\/\/shop.diolosa.com\/wp-content\/uploads\/2019\/09\/Presslinge-140.jpg","type":"image\/jpeg"}],"twitter_card":"summary_large_image","schema":{"@context":"https:\/\/schema.org","@graph":[{"@type":"WebPage","@id":"https:\/\/shop.diolosa.com\/pl\/product\/spokojne-niebo\/","url":"https:\/\/shop.diolosa.com\/pl\/product\/spokojne-niebo\/","name":"Spokojne Niebo - Claude Diolosa","isPartOf":{"@id":"https:\/\/shop.diolosa.com\/pl\/#website"},"primaryImageOfPage":{"@id":"https:\/\/shop.diolosa.com\/pl\/product\/spokojne-niebo\/#primaryimage"},"image":{"@id":"https:\/\/shop.diolosa.com\/pl\/product\/spokojne-niebo\/#primaryimage"},"thumbnailUrl":"https:\/\/shop.diolosa.com\/wp-content\/uploads\/2019\/09\/Presslinge-140.jpg","datePublished":"2025-03-08T14:08:58+00:00","dateModified":"2025-05-06T14:19:44+00:00","breadcrumb":{"@id":"https:\/\/shop.diolosa.com\/pl\/product\/spokojne-niebo\/#breadcrumb"},"inLanguage":"pl-PL","potentialAction":[{"@type":"ReadAction","target":["https:\/\/shop.diolosa.com\/pl\/product\/spokojne-niebo\/"]}]},{"@type":"ImageObject","inLanguage":"pl-PL","@id":"https:\/\/shop.diolosa.com\/pl\/product\/spokojne-niebo\/#primaryimage","url":"https:\/\/shop.diolosa.com\/wp-content\/uploads\/2019\/09\/Presslinge-140.jpg","contentUrl":"https:\/\/shop.diolosa.com\/wp-content\/uploads\/2019\/09\/Presslinge-140.jpg","width":800,"height":533},{"@type":"BreadcrumbList","@id":"https:\/\/shop.diolosa.com\/pl\/product\/spokojne-niebo\/#breadcrumb","itemListElement":[{"@type":"ListItem","position":1,"name":"Startseite","item":"https:\/\/shop.diolosa.com\/pl\/?page_id=3835710"},{"@type":"ListItem","position":2,"name":"Sklep","item":"https:\/\/shop.diolosa.com\/pl\/?page_id=3835710"},{"@type":"ListItem","position":3,"name":"Spokojne Niebo"}]},{"@type":"WebSite","@id":"https:\/\/shop.diolosa.com\/pl\/#website","url":"https:\/\/shop.diolosa.com\/pl\/","name":"Claude Diolosa","description":"","publisher":{"@id":"https:\/\/shop.diolosa.com\/pl\/#organization"},"potentialAction":[{"@type":"SearchAction","target":{"@type":"EntryPoint","urlTemplate":"https:\/\/shop.diolosa.com\/pl\/?s={search_term_string}"},"query-input":{"@type":"PropertyValueSpecification","valueRequired":true,"valueName":"search_term_string"}}],"inLanguage":"pl-PL"},{"@type":"Organization","@id":"https:\/\/shop.diolosa.com\/pl\/#organization","name":"Claude Diolosa","url":"https:\/\/shop.diolosa.com\/pl\/","logo":{"@type":"ImageObject","inLanguage":"pl-PL","@id":"https:\/\/shop.diolosa.com\/pl\/#\/schema\/logo\/image\/","url":"https:\/\/shop.diolosa.com\/wp-content\/uploads\/2019\/08\/diolosa-drop-logo-new.png","contentUrl":"https:\/\/shop.diolosa.com\/wp-content\/uploads\/2019\/08\/diolosa-drop-logo-new.png","width":134,"height":176,"caption":"Claude Diolosa"},"image":{"@id":"https:\/\/shop.diolosa.com\/pl\/#\/schema\/logo\/image\/"},"sameAs":["https:\/\/facebook.com\/claudediolosa","https:\/\/www.instagram.com\/diolosaclaude108\/"]}]}},"_links":{"self":[{"href":"https:\/\/shop.diolosa.com\/pl\/wp-json\/wp\/v2\/product\/3836129","targetHints":{"allow":["GET"]}}],"collection":[{"href":"https:\/\/shop.diolosa.com\/pl\/wp-json\/wp\/v2\/product"}],"about":[{"href":"https:\/\/shop.diolosa.com\/pl\/wp-json\/wp\/v2\/types\/product"}],"wp:featuredmedia":[{"embeddable":true,"href":"https:\/\/shop.diolosa.com\/pl\/wp-json\/wp\/v2\/media\/3835943"}],"wp:attachment":[{"href":"https:\/\/shop.diolosa.com\/pl\/wp-json\/wp\/v2\/media?parent=3836129"}],"wp:term":[{"taxonomy":"product_brand","embeddable":true,"href":"https:\/\/shop.diolosa.com\/pl\/wp-json\/wp\/v2\/product_brand?post=3836129"},{"taxonomy":"product_cat","embeddable":true,"href":"https:\/\/shop.diolosa.com\/pl\/wp-json\/wp\/v2\/product_cat?post=3836129"},{"taxonomy":"product_tag","embeddable":true,"href":"https:\/\/shop.diolosa.com\/pl\/wp-json\/wp\/v2\/product_tag?post=3836129"}],"curies":[{"name":"wp","href":"https:\/\/api.w.org\/{rel}","templated":true}]}}