{"id":3836130,"date":"2019-09-04T12:12:00","date_gmt":"2025-03-08T14:08:58","guid":{"rendered":"https:\/\/shop.diolosa.com\/product\/tablety-light-legs\/"},"modified":"2025-05-06T15:19:35","modified_gmt":"2025-05-06T14:19:35","slug":"tablety-light-legs","status":"publish","type":"product","link":"https:\/\/shop.diolosa.com\/pl\/product\/tablety-light-legs\/","title":{"rendered":"Tablety Light Legs"},"content":{"rendered":"<p>LIGHT LEGS TABLETS stosuje si\u0119 w leczeniu cellulitu, \u017cylak\u00f3w i bolesnych zaburze\u0144 kr\u0105\u017cenia w nogach. Preparat ten nie jest magiczn\u0105 formu\u0142\u0105 i mo\u017ce rozwin\u0105\u0107 sw\u00f3j pe\u0142ny efekt tylko w po\u0142\u0105czeniu ze zmian\u0105 diety, masa\u017cem i \u0107wiczeniami. Uj\u0119drnia i osusza tkank\u0119 (cellulit) oraz odprowadza nagromadzone p\u0142yny poprzez diurez\u0119. LIGHT LEGS TABLETS stymuluje r\u00f3wnie\u017c kr\u0105\u017cenie krwi i ma dzia\u0142anie obkurczaj\u0105ce, od\u015bwie\u017caj\u0105ce i przeciwb\u00f3lowe.<\/p>\n","protected":false},"excerpt":{"rendered":"<p>LIGHT LEGS TABLETS stosuje si\u0119 w leczeniu cellulitu, \u017cylak\u00f3w i  [&#8230;]<\/p>\n","protected":false},"featured_media":3835943,"template":"","meta":{"_acf_changed":false},"product_brand":[],"product_cat":[11813],"product_tag":[11942],"class_list":{"0":"post-3836130","1":"product","2":"type-product","3":"status-publish","4":"has-post-thumbnail","6":"product_cat-dermatologia","7":"product_tag-zylaki-granulki","9":"first","10":"instock","11":"taxable","12":"shipping-taxable","13":"purchasable","14":"product-type-simple"},"acf":{"yn_product_audio":"https:\/\/shop.diolosa.com\/wp-content\/uploads\/2018\/12\/DL_0798.mp3","yn_product_video":"https:\/\/shop.diolosa.com\/wp-content\/uploads\/2024\/11\/Light-Legs-Tablets.mp4","yn_product_akupunktur":"<p>Tonizowanie \u015bledziony Qi<br \/>\np\u0119cherz 20 &#8211; pi shu &#8211; bu fa<br \/>\n\u015bledziona 3 &#8211; tai bai (yuan) &#8211; bu fa<br \/>\n\u015bledziona 2 &#8211; da du (ying) &#8211; bu fa  <\/p>\n<p>Drena\u017c wilgoci &#8211; stymulacja diurezy<br \/>\n\u015bledziona 9 &#8211; yin ling quan (he) &#8211; xie fa<br \/>\n\u015bledziona 6 &#8211; san yin jiao (le,ni,mb) &#8211; xie fa<br \/>\nren mai 9 &#8211; shui fen (jelito cienkie) &#8211; xie fa<br \/>\np\u0119cherz moczowy 39 &#8211; wei yang (xia he xue &#8211; san chiao) &#8211; xie fa<br \/>\np\u0119cherz moczowy 40 &#8211; wei zhong (he, xia he xue &#8211; p\u0119cherz moczowy, xi krwi, jing bie ni\/bl) &#8211; xie fa<br \/>\n\u015bledziona 5 &#8211; shang qiu (jing) &#8211; xie fa<\/p>\n<p>Rozpu\u015bci\u0107 zast\u00f3j krwi<br \/>\n\u015bledziona 10 &#8211; xue hai (jezioro krwi) &#8211; xie fa<br \/>\np\u0119cherz 40 &#8211; wei zhong (he, xia he xue &#8211; p\u0119cherz, xi krwi, jing bie ni\/bl) &#8211; xie fa<br \/>\n\u015bledziona 8 &#8211; di ji (xi) &#8211; xie fa<br \/>\nw\u0105troba 6 &#8211; zhong du (xi) &#8211; xie fa  <\/p>\n<p>Tan wydala<br \/>\n\u017co\u0142\u0105dek 40 &#8211; feng long (luo) &#8211; xie fa<br \/>\nren mai 12 &#8211; zhong wan (mo>\u017co\u0142\u0105dek, ba hui xue, jelito cienkie, san chiao, \u017co\u0142\u0105dek) &#8211; xie fa<br \/>\n\u017co\u0142\u0105dek 25 &#8211; tian shu (mo &#8211; jelito grube) &#8211; xie fa<br \/>\n\u017co\u0142\u0105dek 37 &#8211; shang ju xu (xia he xue &#8211; jelito grube, jezioro krwi, chong mai) &#8211; xie fa<\/p>\n","yn_product_verabreichungsart":"Pelety 140szt.","yn_product_dosierung":"<p>3 x 4 do 10 tabletek dziennie, zawsze przed posi\u0142kami<\/p>\n","yn_product_combinations":"<p>LIGHT LEGS GEL (\u017cylaki), FREE FLOW SPRAY, OIL i GEL (stosowanie zewn\u0119trzne), FREE FLOW TABLETS (traumatologia, przekrwienie Qi i krwi we wszystkich ko\u0144czynach), BREAKING THROUGH (ryzyko zakrzepicy)<\/p>\n","yn_product_avoidable":"<p>Kefir, twar\u00f3g, twar\u00f3g, jogurt, ser, mleko, owoce cytrusowe, owoce tropikalne, banan, kiwi, zielona sa\u0142ata, cykoria, endywia, og\u00f3rek i pomidor, cukier, czekolada, wieprzowina, kie\u0142basa, szynka, smalec, potrawy sma\u017cone.<\/p>\n","yn_product_tcm_mindmapping":"<p>Niedob\u00f3r Qi \u015bledziony > nagromadzenie wilgoci w dolnym cieple > zast\u00f3j krwi > wilgotne ciep\u0142o > b\u00f3l lub niedob\u00f3r Yang nerek > niedob\u00f3r Yang \u015bledziony > nagromadzenie wilgoci w dolnym cieple > zast\u00f3j Qi i krwi > wt\u00f3rne wilgotne ciep\u0142o > obrz\u0119k, ospa\u0142o\u015b\u0107, ciep\u0142o i b\u00f3l<\/p>\n","yn_product_tongue_body":"<p>Okr\u0105g\u0142a, szeroka, kr\u00f3tka, gruba, wilgotna, nieco fioletowa ze \u015bladami z\u0119b\u00f3w, plamista<\/p>\n","yn_product_tongue_coating":"<p>Bia\u0142y, wilgotny i lekko \u017c\u00f3\u0142tawy w dolnej grza\u0142ce<\/p>\n","yn_product_pulse_diagnostics":"<p>Dolna pozycja rozgrzewaj\u0105ca: chen mai &#8211; g\u0142\u0119boka, da mai &#8211; szeroka, hua mai &#8211; szybuj\u0105ca, se mai &#8211; szorstka<\/p>\n","yn_product_indications":"<p>Opuchni\u0119te i bolesne nogi, gor\u0105ce stopy, szczeg\u00f3lnie pod koniec dnia, \u017cylaki, cellulit<\/p>\n","yn_product_contra_indications":"<p>Niedob\u00f3r Yin i puste ciep\u0142o, miesi\u0105czka, leki rozrzedzaj\u0105ce krew<\/p>\n","yn_product_pregnancy":"<p>Przeciwwskazane<\/p>\n","yn_product_herbs":"<p>coicis semen &#8211; yi yi ren, sclerotium poriae cocos &#8211; fu ling, salviae radix &#8211; dan shen, baidolichoris labl semen &#8211; bai bian dou, phellodendri cortex &#8211; huang bai, alismati rhizoma &#8211; ze xie, cyathulae radix &#8211; chuan niu xi, loranthi ramulus &#8211; sang ji sheng<\/p>\n","yn_product_magisterrecipes":"<p>Si Miao San, Ge Xia Zhu Yu Tang, Wu Ling San<\/p>\n"},"yoast_head":"<!-- This site is optimized with the Yoast SEO plugin v24.9 - https:\/\/yoast.com\/wordpress\/plugins\/seo\/ -->\n<title>Tablety Light Legs - Claude Diolosa<\/title>\n<meta name=\"robots\" content=\"index, follow, max-snippet:-1, max-image-preview:large, max-video-preview:-1\" \/>\n<link rel=\"canonical\" href=\"https:\/\/shop.diolosa.com\/pl\/product\/tablety-light-legs\/\" \/>\n<meta property=\"og:locale\" content=\"pl_PL\" \/>\n<meta property=\"og:type\" content=\"article\" \/>\n<meta property=\"og:title\" content=\"Tablety Light Legs - Claude Diolosa\" \/>\n<meta property=\"og:description\" content=\"LIGHT LEGS TABLETS stosuje si\u0119 w leczeniu cellulitu, \u017cylak\u00f3w i [...]\" \/>\n<meta property=\"og:url\" content=\"https:\/\/shop.diolosa.com\/pl\/product\/tablety-light-legs\/\" \/>\n<meta property=\"og:site_name\" content=\"Claude Diolosa\" \/>\n<meta property=\"article:publisher\" content=\"https:\/\/facebook.com\/claudediolosa\" \/>\n<meta property=\"article:modified_time\" content=\"2025-05-06T14:19:35+00:00\" \/>\n<meta property=\"og:image\" content=\"https:\/\/shop.diolosa.com\/wp-content\/uploads\/2019\/09\/Presslinge-140.jpg\" \/>\n\t<meta property=\"og:image:width\" content=\"800\" \/>\n\t<meta property=\"og:image:height\" content=\"533\" \/>\n\t<meta property=\"og:image:type\" content=\"image\/jpeg\" \/>\n<meta name=\"twitter:card\" content=\"summary_large_image\" \/>\n<script type=\"application\/ld+json\" class=\"yoast-schema-graph\">{\"@context\":\"https:\/\/schema.org\",\"@graph\":[{\"@type\":\"WebPage\",\"@id\":\"https:\/\/shop.diolosa.com\/pl\/product\/tablety-light-legs\/\",\"url\":\"https:\/\/shop.diolosa.com\/pl\/product\/tablety-light-legs\/\",\"name\":\"Tablety Light Legs - Claude Diolosa\",\"isPartOf\":{\"@id\":\"https:\/\/shop.diolosa.com\/pl\/#website\"},\"primaryImageOfPage\":{\"@id\":\"https:\/\/shop.diolosa.com\/pl\/product\/tablety-light-legs\/#primaryimage\"},\"image\":{\"@id\":\"https:\/\/shop.diolosa.com\/pl\/product\/tablety-light-legs\/#primaryimage\"},\"thumbnailUrl\":\"https:\/\/shop.diolosa.com\/wp-content\/uploads\/2019\/09\/Presslinge-140.jpg\",\"datePublished\":\"2025-03-08T14:08:58+00:00\",\"dateModified\":\"2025-05-06T14:19:35+00:00\",\"breadcrumb\":{\"@id\":\"https:\/\/shop.diolosa.com\/pl\/product\/tablety-light-legs\/#breadcrumb\"},\"inLanguage\":\"pl-PL\",\"potentialAction\":[{\"@type\":\"ReadAction\",\"target\":[\"https:\/\/shop.diolosa.com\/pl\/product\/tablety-light-legs\/\"]}]},{\"@type\":\"ImageObject\",\"inLanguage\":\"pl-PL\",\"@id\":\"https:\/\/shop.diolosa.com\/pl\/product\/tablety-light-legs\/#primaryimage\",\"url\":\"https:\/\/shop.diolosa.com\/wp-content\/uploads\/2019\/09\/Presslinge-140.jpg\",\"contentUrl\":\"https:\/\/shop.diolosa.com\/wp-content\/uploads\/2019\/09\/Presslinge-140.jpg\",\"width\":800,\"height\":533},{\"@type\":\"BreadcrumbList\",\"@id\":\"https:\/\/shop.diolosa.com\/pl\/product\/tablety-light-legs\/#breadcrumb\",\"itemListElement\":[{\"@type\":\"ListItem\",\"position\":1,\"name\":\"Startseite\",\"item\":\"https:\/\/shop.diolosa.com\/pl\/?page_id=3835710\"},{\"@type\":\"ListItem\",\"position\":2,\"name\":\"Sklep\",\"item\":\"https:\/\/shop.diolosa.com\/pl\/?page_id=3835710\"},{\"@type\":\"ListItem\",\"position\":3,\"name\":\"Tablety Light Legs\"}]},{\"@type\":\"WebSite\",\"@id\":\"https:\/\/shop.diolosa.com\/pl\/#website\",\"url\":\"https:\/\/shop.diolosa.com\/pl\/\",\"name\":\"Claude Diolosa\",\"description\":\"\",\"publisher\":{\"@id\":\"https:\/\/shop.diolosa.com\/pl\/#organization\"},\"potentialAction\":[{\"@type\":\"SearchAction\",\"target\":{\"@type\":\"EntryPoint\",\"urlTemplate\":\"https:\/\/shop.diolosa.com\/pl\/?s={search_term_string}\"},\"query-input\":{\"@type\":\"PropertyValueSpecification\",\"valueRequired\":true,\"valueName\":\"search_term_string\"}}],\"inLanguage\":\"pl-PL\"},{\"@type\":\"Organization\",\"@id\":\"https:\/\/shop.diolosa.com\/pl\/#organization\",\"name\":\"Claude Diolosa\",\"url\":\"https:\/\/shop.diolosa.com\/pl\/\",\"logo\":{\"@type\":\"ImageObject\",\"inLanguage\":\"pl-PL\",\"@id\":\"https:\/\/shop.diolosa.com\/pl\/#\/schema\/logo\/image\/\",\"url\":\"https:\/\/shop.diolosa.com\/wp-content\/uploads\/2019\/08\/diolosa-drop-logo-new.png\",\"contentUrl\":\"https:\/\/shop.diolosa.com\/wp-content\/uploads\/2019\/08\/diolosa-drop-logo-new.png\",\"width\":134,\"height\":176,\"caption\":\"Claude Diolosa\"},\"image\":{\"@id\":\"https:\/\/shop.diolosa.com\/pl\/#\/schema\/logo\/image\/\"},\"sameAs\":[\"https:\/\/facebook.com\/claudediolosa\",\"https:\/\/www.instagram.com\/diolosaclaude108\/\"]}]}<\/script>\n<!-- \/ Yoast SEO plugin. -->","yoast_head_json":{"title":"Tablety Light Legs - Claude Diolosa","robots":{"index":"index","follow":"follow","max-snippet":"max-snippet:-1","max-image-preview":"max-image-preview:large","max-video-preview":"max-video-preview:-1"},"canonical":"https:\/\/shop.diolosa.com\/pl\/product\/tablety-light-legs\/","og_locale":"pl_PL","og_type":"article","og_title":"Tablety Light Legs - Claude Diolosa","og_description":"LIGHT LEGS TABLETS stosuje si\u0119 w leczeniu cellulitu, \u017cylak\u00f3w i [...]","og_url":"https:\/\/shop.diolosa.com\/pl\/product\/tablety-light-legs\/","og_site_name":"Claude Diolosa","article_publisher":"https:\/\/facebook.com\/claudediolosa","article_modified_time":"2025-05-06T14:19:35+00:00","og_image":[{"width":800,"height":533,"url":"https:\/\/shop.diolosa.com\/wp-content\/uploads\/2019\/09\/Presslinge-140.jpg","type":"image\/jpeg"}],"twitter_card":"summary_large_image","schema":{"@context":"https:\/\/schema.org","@graph":[{"@type":"WebPage","@id":"https:\/\/shop.diolosa.com\/pl\/product\/tablety-light-legs\/","url":"https:\/\/shop.diolosa.com\/pl\/product\/tablety-light-legs\/","name":"Tablety Light Legs - Claude Diolosa","isPartOf":{"@id":"https:\/\/shop.diolosa.com\/pl\/#website"},"primaryImageOfPage":{"@id":"https:\/\/shop.diolosa.com\/pl\/product\/tablety-light-legs\/#primaryimage"},"image":{"@id":"https:\/\/shop.diolosa.com\/pl\/product\/tablety-light-legs\/#primaryimage"},"thumbnailUrl":"https:\/\/shop.diolosa.com\/wp-content\/uploads\/2019\/09\/Presslinge-140.jpg","datePublished":"2025-03-08T14:08:58+00:00","dateModified":"2025-05-06T14:19:35+00:00","breadcrumb":{"@id":"https:\/\/shop.diolosa.com\/pl\/product\/tablety-light-legs\/#breadcrumb"},"inLanguage":"pl-PL","potentialAction":[{"@type":"ReadAction","target":["https:\/\/shop.diolosa.com\/pl\/product\/tablety-light-legs\/"]}]},{"@type":"ImageObject","inLanguage":"pl-PL","@id":"https:\/\/shop.diolosa.com\/pl\/product\/tablety-light-legs\/#primaryimage","url":"https:\/\/shop.diolosa.com\/wp-content\/uploads\/2019\/09\/Presslinge-140.jpg","contentUrl":"https:\/\/shop.diolosa.com\/wp-content\/uploads\/2019\/09\/Presslinge-140.jpg","width":800,"height":533},{"@type":"BreadcrumbList","@id":"https:\/\/shop.diolosa.com\/pl\/product\/tablety-light-legs\/#breadcrumb","itemListElement":[{"@type":"ListItem","position":1,"name":"Startseite","item":"https:\/\/shop.diolosa.com\/pl\/?page_id=3835710"},{"@type":"ListItem","position":2,"name":"Sklep","item":"https:\/\/shop.diolosa.com\/pl\/?page_id=3835710"},{"@type":"ListItem","position":3,"name":"Tablety Light Legs"}]},{"@type":"WebSite","@id":"https:\/\/shop.diolosa.com\/pl\/#website","url":"https:\/\/shop.diolosa.com\/pl\/","name":"Claude Diolosa","description":"","publisher":{"@id":"https:\/\/shop.diolosa.com\/pl\/#organization"},"potentialAction":[{"@type":"SearchAction","target":{"@type":"EntryPoint","urlTemplate":"https:\/\/shop.diolosa.com\/pl\/?s={search_term_string}"},"query-input":{"@type":"PropertyValueSpecification","valueRequired":true,"valueName":"search_term_string"}}],"inLanguage":"pl-PL"},{"@type":"Organization","@id":"https:\/\/shop.diolosa.com\/pl\/#organization","name":"Claude Diolosa","url":"https:\/\/shop.diolosa.com\/pl\/","logo":{"@type":"ImageObject","inLanguage":"pl-PL","@id":"https:\/\/shop.diolosa.com\/pl\/#\/schema\/logo\/image\/","url":"https:\/\/shop.diolosa.com\/wp-content\/uploads\/2019\/08\/diolosa-drop-logo-new.png","contentUrl":"https:\/\/shop.diolosa.com\/wp-content\/uploads\/2019\/08\/diolosa-drop-logo-new.png","width":134,"height":176,"caption":"Claude Diolosa"},"image":{"@id":"https:\/\/shop.diolosa.com\/pl\/#\/schema\/logo\/image\/"},"sameAs":["https:\/\/facebook.com\/claudediolosa","https:\/\/www.instagram.com\/diolosaclaude108\/"]}]}},"_links":{"self":[{"href":"https:\/\/shop.diolosa.com\/pl\/wp-json\/wp\/v2\/product\/3836130","targetHints":{"allow":["GET"]}}],"collection":[{"href":"https:\/\/shop.diolosa.com\/pl\/wp-json\/wp\/v2\/product"}],"about":[{"href":"https:\/\/shop.diolosa.com\/pl\/wp-json\/wp\/v2\/types\/product"}],"wp:featuredmedia":[{"embeddable":true,"href":"https:\/\/shop.diolosa.com\/pl\/wp-json\/wp\/v2\/media\/3835943"}],"wp:attachment":[{"href":"https:\/\/shop.diolosa.com\/pl\/wp-json\/wp\/v2\/media?parent=3836130"}],"wp:term":[{"taxonomy":"product_brand","embeddable":true,"href":"https:\/\/shop.diolosa.com\/pl\/wp-json\/wp\/v2\/product_brand?post=3836130"},{"taxonomy":"product_cat","embeddable":true,"href":"https:\/\/shop.diolosa.com\/pl\/wp-json\/wp\/v2\/product_cat?post=3836130"},{"taxonomy":"product_tag","embeddable":true,"href":"https:\/\/shop.diolosa.com\/pl\/wp-json\/wp\/v2\/product_tag?post=3836130"}],"curies":[{"name":"wp","href":"https:\/\/api.w.org\/{rel}","templated":true}]}}