{"id":3836148,"date":"2019-09-04T12:12:00","date_gmt":"2025-03-08T14:09:08","guid":{"rendered":"https:\/\/shop.diolosa.com\/product\/odciazenie\/"},"modified":"2025-05-06T15:19:55","modified_gmt":"2025-05-06T14:19:55","slug":"odciazenie","status":"publish","type":"product","link":"https:\/\/shop.diolosa.com\/pl\/product\/odciazenie\/","title":{"rendered":"Odci\u0105\u017cenie"},"content":{"rendered":"<p>RELIEVING THE BURDEN jest stosowany w leczeniu zapalenia nerwu kulszowego. Preparat ten od\u017cywia nerki Yin, usuwa puste ciep\u0142o i ogie\u0144 Shao Yang i Dai Mai (naczynie pasowe), rozprasza inwazyjne patogenne wp\u0142ywy w okolicy kr\u0119gos\u0142upa l\u0119d\u017awiowego, usuwa ciep\u0142o krwi, rozwi\u0105zuje zast\u00f3j krwi, uspokaja serce, relaksuje i \u0142agodzi b\u00f3l.<\/p>\n","protected":false},"excerpt":{"rendered":"<p>RELIEVING THE BURDEN jest stosowany w leczeniu zapalenia nerwu kulszowego.  [&#8230;]<\/p>\n","protected":false},"featured_media":3835943,"template":"","meta":{"_acf_changed":false},"product_brand":[],"product_cat":[11954],"product_tag":[11956],"class_list":{"0":"post-3836148","1":"product","2":"type-product","3":"status-publish","4":"has-post-thumbnail","6":"product_cat-reumatologia","7":"product_tag-ischialgia","9":"first","10":"instock","11":"taxable","12":"shipping-taxable","13":"purchasable","14":"product-type-simple"},"acf":{"yn_product_audio":"https:\/\/shop.diolosa.com\/wp-content\/uploads\/2018\/12\/DL_0311.mp3","yn_product_video":"https:\/\/shop.diolosa.com\/wp-content\/uploads\/2024\/05\/Relieving-the-Burden-.mp4","yn_product_akupunktur":"<p>Leczenie miejscowe<br \/>\njia ji &#8211; M-BW-35 &#8211; xie fa<br \/>\nworeczek \u017c\u00f3\u0142ciowy 30 &#8211; huan tiao (p\u0119cherz) &#8211; xie fa<br \/>\nworeczek \u017c\u00f3\u0142ciowy 31 &#8211; feng shi &#8211; xie fa<br \/>\np\u0119cherz 31 do 34 &#8211; ba liao &#8211; xie fa z moks\u0105<br \/>\nworeczek \u017c\u00f3\u0142ciowy 41 &#8211; to lin qi (dai mai, shu) &#8211; xie fa<br \/>\np\u0119cherzyk \u017c\u00f3\u0142ciowy 34 &#8211; yang ling quan (he, xia he xue, gui) &#8211; xie fa<br \/>\nworeczek \u017c\u00f3\u0142ciowy 36 &#8211; wai qiu (xi) &#8211; xie fa<br \/>\nbubble 40 &#8211; wei zhong (he, xia he xue &#8211; ba\u0144ka, xi krwi, jing bie ni\/bl) &#8211; xie fa<br \/>\nbubble 60 &#8211; kun lun (jing) &#8211; xie fa  <\/p>\n<p>Odleg\u0142e punkty<br \/>\nsan chiao 3 &#8211; zhong zhu (shu) &#8211; xie fa<br \/>\nyao tong xue &#8211; N-UE-19 &#8211; xie fa<br \/>\nmagen 43 &#8211; xian gu (shu) &#8211; xie fa  <\/p>\n<p>Nerka Yin tonizuje<br \/>\nnerka 3 &#8211; tai xi (shu,yuan) &#8211; bu fa<br \/>\nnerka 6 &#8211; zhao hai (yin qiao mai) &#8211; bu fa<br \/>\nnerka 7 &#8211; fu liu (jing) &#8211; bu fa<br \/>\nworeczek \u017c\u00f3\u0142ciowy 39 &#8211; xuan zhong &#8211; jue gu (mark) &#8211; bu fa<\/p>\n<p>Od\u017cywi\u0107 krew i yin w\u0105troby<br \/>\nw\u0105troba 8 &#8211; qu quan (he) &#8211; bu fa<br \/>\nw\u0105troba 3 &#8211; tai chong (shu, yuan) &#8211; bu fa<br \/>\np\u0119cherz 17 &#8211; ge shu (krew) &#8211; bu fa  <\/p>\n<p>Shen uspokaja<br \/>\ndu mai 20 &#8211; bai hui &#8211; bai lao (jezioro szpiku kostnego, p\u0119cherz) &#8211; xie fa<br \/>\nyin tang &#8211; M-HN-3 &#8211; xie fa<br \/>\nsi shen cong &#8211; M-HN-1 (m\u00f3zg, cns) &#8211; xie fa  <\/p>\n<p>Trzy rodzaje zapalenia nerwu kulszowego<\/p>\n<p>ba\u0144ka<br \/>\nba\u0144ka 60 &#8211; kun lun (jing) &#8211; xie fa<br \/>\nba\u0144ka 66 &#8211; zu ting gu (ying) &#8211; xie fa<br \/>\nba\u0144ka 63 &#8211; jin men (xi, yang wei mai) xie fa<br \/>\nba\u0144ka 40 &#8211; wei zhong (he, xia he xue &#8211; ba\u0144ka, xi krwi, jing bie ni\/bl) &#8211; xie fa  <\/p>\n<p>\u017co\u0142\u0105dek<br \/>\n\u017co\u0142\u0105dek 30 &#8211; qi qong &#8211; xie fa<br \/>\n\u017co\u0142\u0105dek 44 &#8211; nei ting (ying) &#8211; xie fa<br \/>\n\u017co\u0142\u0105dek 34 &#8211; liang qiu (xi) &#8211; xie fa<br \/>\n\u017co\u0142\u0105dek 40 &#8211; feng long (luo) &#8211; xie fa  <\/p>\n<p>Woreczek \u017c\u00f3\u0142ciowy<br \/>\nworeczek \u017c\u00f3\u0142ciowy 41 &#8211; zu lin qi (dai mai, shu) &#8211; xie fa<br \/>\nworeczek \u017c\u00f3\u0142ciowy 36 &#8211; wai qiu (xi) &#8211; xie fa<br \/>\nworeczek \u017c\u00f3\u0142ciowy 43 &#8211; xia xi (ying) &#8211; xie fa<\/p>\n","yn_product_verabreichungsart":"Pelety 140szt.","yn_product_dosierung":"<p>4 x 6 do 10 tabletek dziennie, zawsze przed posi\u0142kami<\/p>\n","yn_product_combinations":"<p>NO WORRY (stres), HAPPY DAYS (\u0142agodna depresja), SIX FLOWERS (przekrwienie Qi i krwi), JOYFUL DAYS (przekrwienie Qi), BURNOUT RELIEF (zesp\u00f3\u0142 wypalenia), PEACEFUL NIGHTS (bezsenno\u015b\u0107), YIN ROOT, SAN BAO TEA (niedob\u00f3r Qi nerek i Yin), HOT EASY MOVEMENT (zesp\u00f3\u0142 Re Bi), CLEARING THE HEAT (niedob\u00f3r Yin i puste ciep\u0142o).<\/p>\n","yn_product_avoidable":"<p>Czosnek, alkohole wysokoprocentowe, alkohol, stres, presja czasu, cebula, pory, ocet, palenie tytoniu, kawa, przyprawy, jagni\u0119cina, t\u0142uste i sma\u017cone potrawy.<\/p>\n","yn_product_tcm_mindmapping":"<p>Zast\u00f3j Qi p\u0119cherzyka \u017c\u00f3\u0142ciowego > Obfito\u015b\u0107 Yang p\u0119cherzyka \u017c\u00f3\u0142ciowego > Ogie\u0144 p\u0119cherzyka \u017c\u00f3\u0142ciowego > Zast\u00f3j Qi i Krwi oraz Ogie\u0144 Dai Mai > Niedob\u00f3r Yin nerek > Puste Ciep\u0142o > Ciep\u0142o Krwi lub Niedob\u00f3r Yin nerek i Puste Ciep\u0142o > Obfito\u015b\u0107 Yang p\u0119cherzyka \u017c\u00f3\u0142ciowego > Ogie\u0144 JING LUO<\/p>\n","yn_product_tongue_body":"<p>Spuchni\u0119ta z jednej strony, krzywa, gruba, pop\u0119kana w Shao Yin i czerwona.<\/p>\n","yn_product_tongue_coating":"<p>Rzadkie, pr\u0105\u017ckowane, jednostronne, \u017c\u00f3\u0142tawe, lepkie<\/p>\n","yn_product_pulse_diagnostics":"<p>Pozycja p\u0119cherzyka \u017c\u00f3\u0142ciowego: xian mai &#8211; napi\u0119ta, shi mai &#8211; pe\u0142na, shuo mai &#8211; szybka<br \/>\nPozycja nerek Yin: xu mai &#8211; pusta, xi mai &#8211; cienka, xian mai &#8211; napi\u0119ta, shuo mai &#8211; szybka, se mai &#8211; szorstka<\/p>\n","yn_product_indications":"<p>Ischialgia, ci\u0105gn\u0105cy i promieniuj\u0105cy b\u00f3l meridianu p\u0119cherzyka \u017c\u00f3\u0142ciowego oraz g\u0142\u00f3wnego p\u0119cherza moczowego i naczynia Luo p\u0119cherza moczowego, oznaki wycie\u0144czenia, stan wyczerpania, stres, zaburzenia snu, jednostronne b\u00f3le g\u0142owy, gorzki smak w ustach rano, sk\u0105pomocz.<\/p>\n","yn_product_contra_indications":"<p>Niedob\u00f3r Yang, mokry, zimny b\u00f3l plec\u00f3w<\/p>\n","yn_product_pregnancy":"<p>Dozwolone<\/p>\n","yn_product_herbs":"<p>achyranthis radix &#8211; huai niu xi, loranthi ramulus &#8211; sang ji sheng, ligustri lucidi fructus &#8211; nu zhen zi, anemarrhenae rhizoma &#8211; zhi mu, phellodendri cortex &#8211; huang bai, lilii bulbus &#8211; bai he, scrophulariae ningpoensis radix &#8211; xuan shen, gentianae macrocephalae &#8211; qin jiao, moutan cortex &#8211; mu dan pi, glycyrrhizae uralensis radix &#8211; gan cao<\/p>\n","yn_product_magisterrecipes":"<p>Hu Gu San, Zuo Gui Yin, Da Qin Jiao Tang, Zhi Bai Di Huang Wan<\/p>\n"},"yoast_head":"<!-- This site is optimized with the Yoast SEO plugin v24.9 - https:\/\/yoast.com\/wordpress\/plugins\/seo\/ -->\n<title>Odci\u0105\u017cenie - Claude Diolosa<\/title>\n<meta name=\"robots\" content=\"index, follow, max-snippet:-1, max-image-preview:large, max-video-preview:-1\" \/>\n<link rel=\"canonical\" href=\"https:\/\/shop.diolosa.com\/pl\/product\/odciazenie\/\" \/>\n<meta property=\"og:locale\" content=\"pl_PL\" \/>\n<meta property=\"og:type\" content=\"article\" \/>\n<meta property=\"og:title\" content=\"Odci\u0105\u017cenie - Claude Diolosa\" \/>\n<meta property=\"og:description\" content=\"RELIEVING THE BURDEN jest stosowany w leczeniu zapalenia nerwu kulszowego. [...]\" \/>\n<meta property=\"og:url\" content=\"https:\/\/shop.diolosa.com\/pl\/product\/odciazenie\/\" \/>\n<meta property=\"og:site_name\" content=\"Claude Diolosa\" \/>\n<meta property=\"article:publisher\" content=\"https:\/\/facebook.com\/claudediolosa\" \/>\n<meta property=\"article:modified_time\" content=\"2025-05-06T14:19:55+00:00\" \/>\n<meta property=\"og:image\" content=\"https:\/\/shop.diolosa.com\/wp-content\/uploads\/2019\/09\/Presslinge-140.jpg\" \/>\n\t<meta property=\"og:image:width\" content=\"800\" \/>\n\t<meta property=\"og:image:height\" content=\"533\" \/>\n\t<meta property=\"og:image:type\" content=\"image\/jpeg\" \/>\n<meta name=\"twitter:card\" content=\"summary_large_image\" \/>\n<script type=\"application\/ld+json\" class=\"yoast-schema-graph\">{\"@context\":\"https:\/\/schema.org\",\"@graph\":[{\"@type\":\"WebPage\",\"@id\":\"https:\/\/shop.diolosa.com\/pl\/product\/odciazenie\/\",\"url\":\"https:\/\/shop.diolosa.com\/pl\/product\/odciazenie\/\",\"name\":\"Odci\u0105\u017cenie - Claude Diolosa\",\"isPartOf\":{\"@id\":\"https:\/\/shop.diolosa.com\/pl\/#website\"},\"primaryImageOfPage\":{\"@id\":\"https:\/\/shop.diolosa.com\/pl\/product\/odciazenie\/#primaryimage\"},\"image\":{\"@id\":\"https:\/\/shop.diolosa.com\/pl\/product\/odciazenie\/#primaryimage\"},\"thumbnailUrl\":\"https:\/\/shop.diolosa.com\/wp-content\/uploads\/2019\/09\/Presslinge-140.jpg\",\"datePublished\":\"2025-03-08T14:09:08+00:00\",\"dateModified\":\"2025-05-06T14:19:55+00:00\",\"breadcrumb\":{\"@id\":\"https:\/\/shop.diolosa.com\/pl\/product\/odciazenie\/#breadcrumb\"},\"inLanguage\":\"pl-PL\",\"potentialAction\":[{\"@type\":\"ReadAction\",\"target\":[\"https:\/\/shop.diolosa.com\/pl\/product\/odciazenie\/\"]}]},{\"@type\":\"ImageObject\",\"inLanguage\":\"pl-PL\",\"@id\":\"https:\/\/shop.diolosa.com\/pl\/product\/odciazenie\/#primaryimage\",\"url\":\"https:\/\/shop.diolosa.com\/wp-content\/uploads\/2019\/09\/Presslinge-140.jpg\",\"contentUrl\":\"https:\/\/shop.diolosa.com\/wp-content\/uploads\/2019\/09\/Presslinge-140.jpg\",\"width\":800,\"height\":533},{\"@type\":\"BreadcrumbList\",\"@id\":\"https:\/\/shop.diolosa.com\/pl\/product\/odciazenie\/#breadcrumb\",\"itemListElement\":[{\"@type\":\"ListItem\",\"position\":1,\"name\":\"Startseite\",\"item\":\"https:\/\/shop.diolosa.com\/pl\/?page_id=3835710\"},{\"@type\":\"ListItem\",\"position\":2,\"name\":\"Sklep\",\"item\":\"https:\/\/shop.diolosa.com\/pl\/?page_id=3835710\"},{\"@type\":\"ListItem\",\"position\":3,\"name\":\"Odci\u0105\u017cenie\"}]},{\"@type\":\"WebSite\",\"@id\":\"https:\/\/shop.diolosa.com\/pl\/#website\",\"url\":\"https:\/\/shop.diolosa.com\/pl\/\",\"name\":\"Claude Diolosa\",\"description\":\"\",\"publisher\":{\"@id\":\"https:\/\/shop.diolosa.com\/pl\/#organization\"},\"potentialAction\":[{\"@type\":\"SearchAction\",\"target\":{\"@type\":\"EntryPoint\",\"urlTemplate\":\"https:\/\/shop.diolosa.com\/pl\/?s={search_term_string}\"},\"query-input\":{\"@type\":\"PropertyValueSpecification\",\"valueRequired\":true,\"valueName\":\"search_term_string\"}}],\"inLanguage\":\"pl-PL\"},{\"@type\":\"Organization\",\"@id\":\"https:\/\/shop.diolosa.com\/pl\/#organization\",\"name\":\"Claude Diolosa\",\"url\":\"https:\/\/shop.diolosa.com\/pl\/\",\"logo\":{\"@type\":\"ImageObject\",\"inLanguage\":\"pl-PL\",\"@id\":\"https:\/\/shop.diolosa.com\/pl\/#\/schema\/logo\/image\/\",\"url\":\"https:\/\/shop.diolosa.com\/wp-content\/uploads\/2019\/08\/diolosa-drop-logo-new.png\",\"contentUrl\":\"https:\/\/shop.diolosa.com\/wp-content\/uploads\/2019\/08\/diolosa-drop-logo-new.png\",\"width\":134,\"height\":176,\"caption\":\"Claude Diolosa\"},\"image\":{\"@id\":\"https:\/\/shop.diolosa.com\/pl\/#\/schema\/logo\/image\/\"},\"sameAs\":[\"https:\/\/facebook.com\/claudediolosa\",\"https:\/\/www.instagram.com\/diolosaclaude108\/\"]}]}<\/script>\n<!-- \/ Yoast SEO plugin. -->","yoast_head_json":{"title":"Odci\u0105\u017cenie - Claude Diolosa","robots":{"index":"index","follow":"follow","max-snippet":"max-snippet:-1","max-image-preview":"max-image-preview:large","max-video-preview":"max-video-preview:-1"},"canonical":"https:\/\/shop.diolosa.com\/pl\/product\/odciazenie\/","og_locale":"pl_PL","og_type":"article","og_title":"Odci\u0105\u017cenie - Claude Diolosa","og_description":"RELIEVING THE BURDEN jest stosowany w leczeniu zapalenia nerwu kulszowego. [...]","og_url":"https:\/\/shop.diolosa.com\/pl\/product\/odciazenie\/","og_site_name":"Claude Diolosa","article_publisher":"https:\/\/facebook.com\/claudediolosa","article_modified_time":"2025-05-06T14:19:55+00:00","og_image":[{"width":800,"height":533,"url":"https:\/\/shop.diolosa.com\/wp-content\/uploads\/2019\/09\/Presslinge-140.jpg","type":"image\/jpeg"}],"twitter_card":"summary_large_image","schema":{"@context":"https:\/\/schema.org","@graph":[{"@type":"WebPage","@id":"https:\/\/shop.diolosa.com\/pl\/product\/odciazenie\/","url":"https:\/\/shop.diolosa.com\/pl\/product\/odciazenie\/","name":"Odci\u0105\u017cenie - Claude Diolosa","isPartOf":{"@id":"https:\/\/shop.diolosa.com\/pl\/#website"},"primaryImageOfPage":{"@id":"https:\/\/shop.diolosa.com\/pl\/product\/odciazenie\/#primaryimage"},"image":{"@id":"https:\/\/shop.diolosa.com\/pl\/product\/odciazenie\/#primaryimage"},"thumbnailUrl":"https:\/\/shop.diolosa.com\/wp-content\/uploads\/2019\/09\/Presslinge-140.jpg","datePublished":"2025-03-08T14:09:08+00:00","dateModified":"2025-05-06T14:19:55+00:00","breadcrumb":{"@id":"https:\/\/shop.diolosa.com\/pl\/product\/odciazenie\/#breadcrumb"},"inLanguage":"pl-PL","potentialAction":[{"@type":"ReadAction","target":["https:\/\/shop.diolosa.com\/pl\/product\/odciazenie\/"]}]},{"@type":"ImageObject","inLanguage":"pl-PL","@id":"https:\/\/shop.diolosa.com\/pl\/product\/odciazenie\/#primaryimage","url":"https:\/\/shop.diolosa.com\/wp-content\/uploads\/2019\/09\/Presslinge-140.jpg","contentUrl":"https:\/\/shop.diolosa.com\/wp-content\/uploads\/2019\/09\/Presslinge-140.jpg","width":800,"height":533},{"@type":"BreadcrumbList","@id":"https:\/\/shop.diolosa.com\/pl\/product\/odciazenie\/#breadcrumb","itemListElement":[{"@type":"ListItem","position":1,"name":"Startseite","item":"https:\/\/shop.diolosa.com\/pl\/?page_id=3835710"},{"@type":"ListItem","position":2,"name":"Sklep","item":"https:\/\/shop.diolosa.com\/pl\/?page_id=3835710"},{"@type":"ListItem","position":3,"name":"Odci\u0105\u017cenie"}]},{"@type":"WebSite","@id":"https:\/\/shop.diolosa.com\/pl\/#website","url":"https:\/\/shop.diolosa.com\/pl\/","name":"Claude Diolosa","description":"","publisher":{"@id":"https:\/\/shop.diolosa.com\/pl\/#organization"},"potentialAction":[{"@type":"SearchAction","target":{"@type":"EntryPoint","urlTemplate":"https:\/\/shop.diolosa.com\/pl\/?s={search_term_string}"},"query-input":{"@type":"PropertyValueSpecification","valueRequired":true,"valueName":"search_term_string"}}],"inLanguage":"pl-PL"},{"@type":"Organization","@id":"https:\/\/shop.diolosa.com\/pl\/#organization","name":"Claude Diolosa","url":"https:\/\/shop.diolosa.com\/pl\/","logo":{"@type":"ImageObject","inLanguage":"pl-PL","@id":"https:\/\/shop.diolosa.com\/pl\/#\/schema\/logo\/image\/","url":"https:\/\/shop.diolosa.com\/wp-content\/uploads\/2019\/08\/diolosa-drop-logo-new.png","contentUrl":"https:\/\/shop.diolosa.com\/wp-content\/uploads\/2019\/08\/diolosa-drop-logo-new.png","width":134,"height":176,"caption":"Claude Diolosa"},"image":{"@id":"https:\/\/shop.diolosa.com\/pl\/#\/schema\/logo\/image\/"},"sameAs":["https:\/\/facebook.com\/claudediolosa","https:\/\/www.instagram.com\/diolosaclaude108\/"]}]}},"_links":{"self":[{"href":"https:\/\/shop.diolosa.com\/pl\/wp-json\/wp\/v2\/product\/3836148","targetHints":{"allow":["GET"]}}],"collection":[{"href":"https:\/\/shop.diolosa.com\/pl\/wp-json\/wp\/v2\/product"}],"about":[{"href":"https:\/\/shop.diolosa.com\/pl\/wp-json\/wp\/v2\/types\/product"}],"wp:featuredmedia":[{"embeddable":true,"href":"https:\/\/shop.diolosa.com\/pl\/wp-json\/wp\/v2\/media\/3835943"}],"wp:attachment":[{"href":"https:\/\/shop.diolosa.com\/pl\/wp-json\/wp\/v2\/media?parent=3836148"}],"wp:term":[{"taxonomy":"product_brand","embeddable":true,"href":"https:\/\/shop.diolosa.com\/pl\/wp-json\/wp\/v2\/product_brand?post=3836148"},{"taxonomy":"product_cat","embeddable":true,"href":"https:\/\/shop.diolosa.com\/pl\/wp-json\/wp\/v2\/product_cat?post=3836148"},{"taxonomy":"product_tag","embeddable":true,"href":"https:\/\/shop.diolosa.com\/pl\/wp-json\/wp\/v2\/product_tag?post=3836148"}],"curies":[{"name":"wp","href":"https:\/\/api.w.org\/{rel}","templated":true}]}}