{"id":3836150,"date":"2019-09-04T12:11:44","date_gmt":"2025-03-08T14:09:09","guid":{"rendered":"https:\/\/shop.diolosa.com\/product\/sekretna-moc\/"},"modified":"2025-05-06T15:19:08","modified_gmt":"2025-05-06T14:19:08","slug":"sekretna-moc","status":"publish","type":"product","link":"https:\/\/shop.diolosa.com\/pl\/product\/sekretna-moc\/","title":{"rendered":"Sekretna moc"},"content":{"rendered":"<p>SECRET POWER jest stosowany w leczeniu ozi\u0119b\u0142o\u015bci, apatii i impotencji. SECRET POWER ogrzewa Yang nerek i Ming Men, od\u017cywia Jing bez powodowania wilgoci lub stagnacji, wzmacnia Qi nerek, chroni przed przedwczesnym wytryskiem i nietrzymaniem moczu, rozprasza zimno w\u0105troby i otwiera LUO w\u0105troby, porusza krew w obszarze moczowo-p\u0142ciowym i harmonizuje komunikacj\u0119 mi\u0119dzy sercem (SHEN) a nerkami (ZHI).<\/p>\n","protected":false},"excerpt":{"rendered":"<p>SECRET POWER jest stosowany w leczeniu ozi\u0119b\u0142o\u015bci, apatii i impotencji.  [&#8230;]<\/p>\n","protected":false},"featured_media":3835943,"template":"","meta":{"_acf_changed":false},"product_brand":[],"product_cat":[11773],"product_tag":[11958],"class_list":{"0":"post-3836150","1":"product","2":"type-product","3":"status-publish","4":"has-post-thumbnail","6":"product_cat-urologia","7":"product_tag-impotencja","9":"first","10":"instock","11":"taxable","12":"shipping-taxable","13":"purchasable","14":"product-type-simple"},"acf":{"yn_product_audio":"https:\/\/shop.diolosa.com\/wp-content\/uploads\/2018\/12\/DL_0321.mp3","yn_product_video":"https:\/\/shop.diolosa.com\/wp-content\/uploads\/2024\/03\/Secret-Ppower.mp4","yn_product_akupunktur":"<p>Tonizuje yang nerek<br \/>\np\u0119cherz 23 &#8211; shen shu &#8211; bu fa<br \/>\ndu mai 4 &#8211; ming men &#8211; bu fa<br \/>\np\u0119cherz 52 &#8211; zhi shi (gui = zhi) &#8211; xie fa<br \/>\nnerki 3 &#8211; tai xi (shu, yuan) &#8211; bu fa  <\/p>\n<p>Podnoszenie Qi<br \/>\nren mai 4 &#8211; guan yuan (mo > jelito cienkie, w\u0105troba, nerki, \u015bledziona) &#8211; bu fa<br \/>\nren mai 6 &#8211; qi hai (yuan qi) &#8211; bu fa  <\/p>\n<p>Wydalenie zimna z w\u0105troby<br \/>\nw\u0105troba 5 &#8211; li gou (luo) &#8211; bu fa<br \/>\nren mai 3 &#8211; zhong ji (mo> p\u0119cherz, w\u0105troba, nerki, \u015bledziona) &#8211; moxa<br \/>\nren mai 2 &#8211; qu gu (w\u0105troba, ren mai) &#8211; moxa<br \/>\nw\u0105troba 6 &#8211; zhong du (xi) &#8211; xie fa  <\/p>\n<p>Rozpu\u015bci\u0107 zast\u00f3j qi w w\u0105trobie<br \/>\nw\u0105troba 3 &#8211; tai chong (shu, yuan) &#8211; xie fa<br \/>\njelito grube 4 &#8211; he gu (yuan) &#8211; xie fa  <\/p>\n<p>Oczy\u015b\u0107 kana\u0142y serca i uspok\u00f3j Shen<br \/>\ndu mai 20 &#8211; bai hui &#8211; bai lao (jezioro szpiku kostnego, p\u0119cherz) &#8211; xie fa<br \/>\nsi shen cong &#8211; M-HN-1 (m\u00f3zg, cns) &#8211; xie fa<br \/>\nkr\u0105\u017cenie 6 &#8211; nei guan (luo, yin wei mai) &#8211; xie fa<br \/>\nserce 7 &#8211; shen men (shu, yuan) &#8211; xie fa  <\/p>\n<p>PO wzmacnia<br \/>\np\u0119cherz 42 &#8211; po hu (po) &#8211; bu fa<br \/>\np\u0119cherz 13 &#8211; fei shu &#8211; bu fa<br \/>\np\u0142uca 8 &#8211; jing qu (jing) &#8211; bu fa<\/p>\n","yn_product_verabreichungsart":"Pelety 140szt.","yn_product_dosierung":"<p>3 x 6 do 10 tabletek dziennie, zawsze przed posi\u0142kami<\/p>\n","yn_product_combinations":"<p>KORZE\u0143 YANG, HERBATA RINCHEN (niedob\u00f3r yang w nerkach), KORZE\u0143 YIN, HERBATA SAN BAO (niedob\u00f3r yin w nerkach), DU\u017bA PERE\u0141KA (przerost prostaty), R\u00d3WNOWAGA WODY (nietrzymanie moczu), SZCZ\u0118\u015aLIWE DNI (depresja), BEZ STRESU (stres), SZE\u015a\u0106 KWIAT\u00d3W (zast\u00f3j qi i krwi), INTELIGENTNA LOD\u017bA (YI Plus)<\/p>\n","yn_product_avoidable":"<p>Zimne pokarmy i napoje, zielona sa\u0142ata, og\u00f3rek, pomidor, kawa, czarna i zielona herbata, owoce i owoce tropikalne, jogurt, mleko.<\/p>\n","yn_product_tcm_mindmapping":"<p>Niedob\u00f3r Qi i Yang w nerkach > Wilgo\u0107 i zimno w w\u0105trobie > Zast\u00f3j Qi i krwi w UE<\/p>\n","yn_product_tongue_body":"<p>Bezsilny, kr\u00f3tki, mi\u0119kki, wilgotny, blady lub fioletowy<\/p>\n","yn_product_tongue_coating":"<p>Cienki, bia\u0142y, bardzo rzadki<\/p>\n","yn_product_pulse_diagnostics":"<p>Pozycja nerek: chen mai &#8211; g\u0142\u0119boka, duan mai &#8211; kr\u00f3tka, xi mai &#8211; cienka, xu mai &#8211; pusta, chi mai &#8211; powolna lub ruo mai &#8211; s\u0142aba.<\/p>\n","yn_product_indications":"<p>Os\u0142abienie seksualne, apatia, przewlek\u0142y b\u00f3l plec\u00f3w, zimne ko\u0144czyny, wyczerpanie<\/p>\n","yn_product_contra_indications":"<p>Niedob\u00f3r Yin w nerkach z pustym ciep\u0142em lub w\u0105troba, p\u0119cherz moczowy i dolna ciep\u0142ota gor\u0105ca z zastojem krwi<\/p>\n","yn_product_pregnancy":"<p>Przeciwwskazane<\/p>\n","yn_product_herbs":"<p>epimedii herba &#8211; yin yang huo, morindae radix &#8211; ba ji tian, glycyrrhizae uralensis radix cum liquido fricta &#8211; zhi gan cao, cinnamomi cortex &#8211; rou gui<\/p>\n","yn_product_magisterrecipes":"<p>Zuo Gui Yin, Ba Wei Di Huang Wan, Nuan Gan Jian, Nuan Gan Wen Jing Tang<\/p>\n"},"yoast_head":"<!-- This site is optimized with the Yoast SEO plugin v24.9 - https:\/\/yoast.com\/wordpress\/plugins\/seo\/ -->\n<title>Sekretna moc - Claude Diolosa<\/title>\n<meta name=\"robots\" content=\"index, follow, max-snippet:-1, max-image-preview:large, max-video-preview:-1\" \/>\n<link rel=\"canonical\" href=\"https:\/\/shop.diolosa.com\/pl\/product\/sekretna-moc\/\" \/>\n<meta property=\"og:locale\" content=\"pl_PL\" \/>\n<meta property=\"og:type\" content=\"article\" \/>\n<meta property=\"og:title\" content=\"Sekretna moc - Claude Diolosa\" \/>\n<meta property=\"og:description\" content=\"SECRET POWER jest stosowany w leczeniu ozi\u0119b\u0142o\u015bci, apatii i impotencji. [...]\" \/>\n<meta property=\"og:url\" content=\"https:\/\/shop.diolosa.com\/pl\/product\/sekretna-moc\/\" \/>\n<meta property=\"og:site_name\" content=\"Claude Diolosa\" \/>\n<meta property=\"article:publisher\" content=\"https:\/\/facebook.com\/claudediolosa\" \/>\n<meta property=\"article:modified_time\" content=\"2025-05-06T14:19:08+00:00\" \/>\n<meta property=\"og:image\" content=\"https:\/\/shop.diolosa.com\/wp-content\/uploads\/2019\/09\/Presslinge-140.jpg\" \/>\n\t<meta property=\"og:image:width\" content=\"800\" \/>\n\t<meta property=\"og:image:height\" content=\"533\" \/>\n\t<meta property=\"og:image:type\" content=\"image\/jpeg\" \/>\n<meta name=\"twitter:card\" content=\"summary_large_image\" \/>\n<script type=\"application\/ld+json\" class=\"yoast-schema-graph\">{\"@context\":\"https:\/\/schema.org\",\"@graph\":[{\"@type\":\"WebPage\",\"@id\":\"https:\/\/shop.diolosa.com\/pl\/product\/sekretna-moc\/\",\"url\":\"https:\/\/shop.diolosa.com\/pl\/product\/sekretna-moc\/\",\"name\":\"Sekretna moc - Claude Diolosa\",\"isPartOf\":{\"@id\":\"https:\/\/shop.diolosa.com\/pl\/#website\"},\"primaryImageOfPage\":{\"@id\":\"https:\/\/shop.diolosa.com\/pl\/product\/sekretna-moc\/#primaryimage\"},\"image\":{\"@id\":\"https:\/\/shop.diolosa.com\/pl\/product\/sekretna-moc\/#primaryimage\"},\"thumbnailUrl\":\"https:\/\/shop.diolosa.com\/wp-content\/uploads\/2019\/09\/Presslinge-140.jpg\",\"datePublished\":\"2025-03-08T14:09:09+00:00\",\"dateModified\":\"2025-05-06T14:19:08+00:00\",\"breadcrumb\":{\"@id\":\"https:\/\/shop.diolosa.com\/pl\/product\/sekretna-moc\/#breadcrumb\"},\"inLanguage\":\"pl-PL\",\"potentialAction\":[{\"@type\":\"ReadAction\",\"target\":[\"https:\/\/shop.diolosa.com\/pl\/product\/sekretna-moc\/\"]}]},{\"@type\":\"ImageObject\",\"inLanguage\":\"pl-PL\",\"@id\":\"https:\/\/shop.diolosa.com\/pl\/product\/sekretna-moc\/#primaryimage\",\"url\":\"https:\/\/shop.diolosa.com\/wp-content\/uploads\/2019\/09\/Presslinge-140.jpg\",\"contentUrl\":\"https:\/\/shop.diolosa.com\/wp-content\/uploads\/2019\/09\/Presslinge-140.jpg\",\"width\":800,\"height\":533},{\"@type\":\"BreadcrumbList\",\"@id\":\"https:\/\/shop.diolosa.com\/pl\/product\/sekretna-moc\/#breadcrumb\",\"itemListElement\":[{\"@type\":\"ListItem\",\"position\":1,\"name\":\"Startseite\",\"item\":\"https:\/\/shop.diolosa.com\/pl\/?page_id=3835710\"},{\"@type\":\"ListItem\",\"position\":2,\"name\":\"Sklep\",\"item\":\"https:\/\/shop.diolosa.com\/pl\/?page_id=3835710\"},{\"@type\":\"ListItem\",\"position\":3,\"name\":\"Sekretna moc\"}]},{\"@type\":\"WebSite\",\"@id\":\"https:\/\/shop.diolosa.com\/pl\/#website\",\"url\":\"https:\/\/shop.diolosa.com\/pl\/\",\"name\":\"Claude Diolosa\",\"description\":\"\",\"publisher\":{\"@id\":\"https:\/\/shop.diolosa.com\/pl\/#organization\"},\"potentialAction\":[{\"@type\":\"SearchAction\",\"target\":{\"@type\":\"EntryPoint\",\"urlTemplate\":\"https:\/\/shop.diolosa.com\/pl\/?s={search_term_string}\"},\"query-input\":{\"@type\":\"PropertyValueSpecification\",\"valueRequired\":true,\"valueName\":\"search_term_string\"}}],\"inLanguage\":\"pl-PL\"},{\"@type\":\"Organization\",\"@id\":\"https:\/\/shop.diolosa.com\/pl\/#organization\",\"name\":\"Claude Diolosa\",\"url\":\"https:\/\/shop.diolosa.com\/pl\/\",\"logo\":{\"@type\":\"ImageObject\",\"inLanguage\":\"pl-PL\",\"@id\":\"https:\/\/shop.diolosa.com\/pl\/#\/schema\/logo\/image\/\",\"url\":\"https:\/\/shop.diolosa.com\/wp-content\/uploads\/2019\/08\/diolosa-drop-logo-new.png\",\"contentUrl\":\"https:\/\/shop.diolosa.com\/wp-content\/uploads\/2019\/08\/diolosa-drop-logo-new.png\",\"width\":134,\"height\":176,\"caption\":\"Claude Diolosa\"},\"image\":{\"@id\":\"https:\/\/shop.diolosa.com\/pl\/#\/schema\/logo\/image\/\"},\"sameAs\":[\"https:\/\/facebook.com\/claudediolosa\",\"https:\/\/www.instagram.com\/diolosaclaude108\/\"]}]}<\/script>\n<!-- \/ Yoast SEO plugin. -->","yoast_head_json":{"title":"Sekretna moc - Claude Diolosa","robots":{"index":"index","follow":"follow","max-snippet":"max-snippet:-1","max-image-preview":"max-image-preview:large","max-video-preview":"max-video-preview:-1"},"canonical":"https:\/\/shop.diolosa.com\/pl\/product\/sekretna-moc\/","og_locale":"pl_PL","og_type":"article","og_title":"Sekretna moc - Claude Diolosa","og_description":"SECRET POWER jest stosowany w leczeniu ozi\u0119b\u0142o\u015bci, apatii i impotencji. [...]","og_url":"https:\/\/shop.diolosa.com\/pl\/product\/sekretna-moc\/","og_site_name":"Claude Diolosa","article_publisher":"https:\/\/facebook.com\/claudediolosa","article_modified_time":"2025-05-06T14:19:08+00:00","og_image":[{"width":800,"height":533,"url":"https:\/\/shop.diolosa.com\/wp-content\/uploads\/2019\/09\/Presslinge-140.jpg","type":"image\/jpeg"}],"twitter_card":"summary_large_image","schema":{"@context":"https:\/\/schema.org","@graph":[{"@type":"WebPage","@id":"https:\/\/shop.diolosa.com\/pl\/product\/sekretna-moc\/","url":"https:\/\/shop.diolosa.com\/pl\/product\/sekretna-moc\/","name":"Sekretna moc - Claude Diolosa","isPartOf":{"@id":"https:\/\/shop.diolosa.com\/pl\/#website"},"primaryImageOfPage":{"@id":"https:\/\/shop.diolosa.com\/pl\/product\/sekretna-moc\/#primaryimage"},"image":{"@id":"https:\/\/shop.diolosa.com\/pl\/product\/sekretna-moc\/#primaryimage"},"thumbnailUrl":"https:\/\/shop.diolosa.com\/wp-content\/uploads\/2019\/09\/Presslinge-140.jpg","datePublished":"2025-03-08T14:09:09+00:00","dateModified":"2025-05-06T14:19:08+00:00","breadcrumb":{"@id":"https:\/\/shop.diolosa.com\/pl\/product\/sekretna-moc\/#breadcrumb"},"inLanguage":"pl-PL","potentialAction":[{"@type":"ReadAction","target":["https:\/\/shop.diolosa.com\/pl\/product\/sekretna-moc\/"]}]},{"@type":"ImageObject","inLanguage":"pl-PL","@id":"https:\/\/shop.diolosa.com\/pl\/product\/sekretna-moc\/#primaryimage","url":"https:\/\/shop.diolosa.com\/wp-content\/uploads\/2019\/09\/Presslinge-140.jpg","contentUrl":"https:\/\/shop.diolosa.com\/wp-content\/uploads\/2019\/09\/Presslinge-140.jpg","width":800,"height":533},{"@type":"BreadcrumbList","@id":"https:\/\/shop.diolosa.com\/pl\/product\/sekretna-moc\/#breadcrumb","itemListElement":[{"@type":"ListItem","position":1,"name":"Startseite","item":"https:\/\/shop.diolosa.com\/pl\/?page_id=3835710"},{"@type":"ListItem","position":2,"name":"Sklep","item":"https:\/\/shop.diolosa.com\/pl\/?page_id=3835710"},{"@type":"ListItem","position":3,"name":"Sekretna moc"}]},{"@type":"WebSite","@id":"https:\/\/shop.diolosa.com\/pl\/#website","url":"https:\/\/shop.diolosa.com\/pl\/","name":"Claude Diolosa","description":"","publisher":{"@id":"https:\/\/shop.diolosa.com\/pl\/#organization"},"potentialAction":[{"@type":"SearchAction","target":{"@type":"EntryPoint","urlTemplate":"https:\/\/shop.diolosa.com\/pl\/?s={search_term_string}"},"query-input":{"@type":"PropertyValueSpecification","valueRequired":true,"valueName":"search_term_string"}}],"inLanguage":"pl-PL"},{"@type":"Organization","@id":"https:\/\/shop.diolosa.com\/pl\/#organization","name":"Claude Diolosa","url":"https:\/\/shop.diolosa.com\/pl\/","logo":{"@type":"ImageObject","inLanguage":"pl-PL","@id":"https:\/\/shop.diolosa.com\/pl\/#\/schema\/logo\/image\/","url":"https:\/\/shop.diolosa.com\/wp-content\/uploads\/2019\/08\/diolosa-drop-logo-new.png","contentUrl":"https:\/\/shop.diolosa.com\/wp-content\/uploads\/2019\/08\/diolosa-drop-logo-new.png","width":134,"height":176,"caption":"Claude Diolosa"},"image":{"@id":"https:\/\/shop.diolosa.com\/pl\/#\/schema\/logo\/image\/"},"sameAs":["https:\/\/facebook.com\/claudediolosa","https:\/\/www.instagram.com\/diolosaclaude108\/"]}]}},"_links":{"self":[{"href":"https:\/\/shop.diolosa.com\/pl\/wp-json\/wp\/v2\/product\/3836150","targetHints":{"allow":["GET"]}}],"collection":[{"href":"https:\/\/shop.diolosa.com\/pl\/wp-json\/wp\/v2\/product"}],"about":[{"href":"https:\/\/shop.diolosa.com\/pl\/wp-json\/wp\/v2\/types\/product"}],"wp:featuredmedia":[{"embeddable":true,"href":"https:\/\/shop.diolosa.com\/pl\/wp-json\/wp\/v2\/media\/3835943"}],"wp:attachment":[{"href":"https:\/\/shop.diolosa.com\/pl\/wp-json\/wp\/v2\/media?parent=3836150"}],"wp:term":[{"taxonomy":"product_brand","embeddable":true,"href":"https:\/\/shop.diolosa.com\/pl\/wp-json\/wp\/v2\/product_brand?post=3836150"},{"taxonomy":"product_cat","embeddable":true,"href":"https:\/\/shop.diolosa.com\/pl\/wp-json\/wp\/v2\/product_cat?post=3836150"},{"taxonomy":"product_tag","embeddable":true,"href":"https:\/\/shop.diolosa.com\/pl\/wp-json\/wp\/v2\/product_tag?post=3836150"}],"curies":[{"name":"wp","href":"https:\/\/api.w.org\/{rel}","templated":true}]}}