{"id":3836154,"date":"2019-09-04T12:11:44","date_gmt":"2025-03-08T14:09:10","guid":{"rendered":"https:\/\/shop.diolosa.com\/product\/opieka-zdrowotna\/"},"modified":"2025-05-06T15:19:09","modified_gmt":"2025-05-06T14:19:09","slug":"opieka-zdrowotna","status":"publish","type":"product","link":"https:\/\/shop.diolosa.com\/pl\/product\/opieka-zdrowotna\/","title":{"rendered":"Opieka zdrowotna"},"content":{"rendered":"<p>HEALTH CARE jest zalecany jako \u015brodek zapobiegawczy przeciwko p\u00f3\u017anym skutkom szczepionek. Preparat ten penetruje JUE YIN (w\u0105trob\u0119 i krew), a zw\u0142aszcza poziom krwi. HEALTH CARE eliminuje wilgo\u0107, ciep\u0142o i toksyny ognia, od\u017cywia Yin i stabilizuje Yang w taki spos\u00f3b, \u017ce nie mo\u017ce rozwin\u0105\u0107 si\u0119 flegma wiatru (Feng Tan). Preparat ten chroni zatem o\u015brodkowy uk\u0142ad nerwowy i sk\u00f3r\u0119 przed niepo\u017c\u0105danymi skutkami ubocznymi. OPIEKA ZDROWOTNA powinna by\u0107 stosowana jako \u015brodek zapobiegawczy od tygodnia przed do 12 dni po szczepieniu. W tym czasie dziecko nie powinno spo\u017cywa\u0107 \u017cadnego bia\u0142ka zwierz\u0119cego, a zw\u0142aszcza \u017cadnych odpad\u00f3w bia\u0142kowych, takich jak kie\u0142basa, szynka itp. Pomimo zawarto\u015bci antytoksycznych zi\u00f3\u0142, preparat ten nie szkodzi Qi \u015bledziony i nie musi by\u0107 podawany w du\u017cych dawkach, ale zgodnie z wcze\u015bniejszymi zaleceniami przez prawie trzy tygodnie. Jednak HEALTH CARE nale\u017cy podawa\u0107 w du\u017cych dawkach, je\u015bli wyst\u0105pi\u0105 natychmiastowe widoczne skutki uboczne szczepionki.<\/p>\n","protected":false},"excerpt":{"rendered":"<p>HEALTH CARE jest zalecany jako \u015brodek zapobiegawczy przeciwko p\u00f3\u017anym skutkom  [&#8230;]<\/p>\n","protected":false},"featured_media":3835943,"template":"","meta":{"_acf_changed":false},"product_brand":[],"product_cat":[11771],"product_tag":[11961],"class_list":{"0":"post-3836154","1":"product","2":"type-product","3":"status-publish","4":"has-post-thumbnail","6":"product_cat-wen-bing-lun-pl","7":"product_tag-szczepienia-pozne-skutki","9":"first","10":"instock","11":"taxable","12":"shipping-taxable","13":"purchasable","14":"product-type-simple"},"acf":{"yn_product_audio":"https:\/\/shop.diolosa.com\/wp-content\/uploads\/2018\/12\/DL_0357.mp3","yn_product_video":"https:\/\/shop.diolosa.com\/wp-content\/uploads\/2024\/04\/Health-Care.mp4","yn_product_akupunktur":"<p>Leczenie w nag\u0142ych wypadkach &#8211; dolegliwo\u015bci ze strony o\u015brodkowego uk\u0142adu nerwowego<br \/>\nshi xuan &#8211; M-UE-1 (bleed,shen)<br \/>\nsi shen cong &#8211; M-HN-1 (m\u00f3zg, cns) &#8211; xie fa<br \/>\nyou mai 24 &#8211; shen ting (p\u0119cherz, \u017co\u0142\u0105dek, gui) &#8211; xie fa<br \/>\nbubble 62 &#8211; shen mai &#8211; gui lu (yang qiao mai) &#8211; xie fa<br \/>\njelito cienkie 3 &#8211; hou xi (shu,du mai) &#8211; bu fa<br \/>\nsan chiao 5 &#8211; wai guan (yang wei mai, luo) &#8211; xie fa<br \/>\nworeczek \u017c\u00f3\u0142ciowy 41 &#8211; to lin qi (dai mai, shu) &#8211; xie fa<br \/>\nw\u0105troba 2 &#8211; xing jian (ying) &#8211; xie fa<br \/>\nw\u0105troba 3 &#8211; tai chong (shu, yuan) &#8211; xie fa<br \/>\ndwukropek 4 &#8211; he gu (yuan) &#8211; xie fa<br \/>\nnerka 3 &#8211; tai xi (shu,yuan) &#8211; bu fa<br \/>\nnerka 6 &#8211; zhao hai (yin qiao mai) &#8211; bu fa<\/p>\n<p>Leczenie w nag\u0142ych wypadkach &#8211; wysypka<br \/>\n\u017co\u0142\u0105dek 44 &#8211; nei ting (ying) &#8211; xie fa<br \/>\nokr\u0119\u017cnica 11 &#8211; qu chi &#8211; gui tui (he &#8211; gui) &#8211; xie fa<br \/>\np\u0119cherz 40 &#8211; wei zhoEffectsng (he, xia he xue &#8211; p\u0119cherz, xi krwi, jing bie ni\/bl) &#8211; xie fa &#8211; krwawienie<br \/>\nkr\u0105\u017cenie 3 &#8211; qu ze (he) &#8211; xie fa<br \/>\n\u015bledziona 10 &#8211; xue hai (jezioro krwi) &#8211; xie fa<br \/>\ndu mai 10 &#8211; ling tai &#8211; xie fa<br \/>\nshi xuan &#8211; M-UE-1 (krwawienie, shen) &#8211; xie fa<\/p>\n","yn_product_verabreichungsart":"Pelety 140szt.","yn_product_dosierung":"<p>Matka powinna przyjmowa\u0107 granulki dla dziecka 3 x 3 dziennie, zawsze przed jedzeniem lub 1 do 3 granulek dziennie, zaczynaj\u0105c 6 dni przed szczepieniem dziecka, terapia mo\u017ce by\u0107 kontynuowana do tygodnia po szczepieniu.<\/p>\n","yn_product_combinations":"<p>WBL CZERWONY EKRAN OCHRONNY (zesp\u00f3\u0142 Qi i Ying Fen), WBL FIOLETOWY EKRAN OCHRONNY (zesp\u00f3\u0142 Xue Fen)<\/p>\n","yn_product_avoidable":"<p>Herbata z przyprawami, koper w\u0142oski, any\u017c gwiazdkowaty, kminek, herbatki laktacyjne, bia\u0142ko zwierz\u0119ce, wieprzowina, kie\u0142basa, szynka, og\u00f3lnie przyprawy.<\/p>\n","yn_product_tcm_mindmapping":"<p>Szczepienia = WBL > Wilgotne Toksyny Cieplne > penetruj\u0105 Xue Fen &#8211; Poziom Krwi > Toksyny Cieplne Krwi > Przekrwienie Krwi > Krwotoki > Wysypka > Nei Feng (dolegliwo\u015bci OUN)<\/p>\n","yn_product_tongue_body":"<p>Kr\u00f3tki, mi\u0119kki, zaczerwieniony, pop\u0119kany j\u0119zyk lub bardzo plamiste, zaczerwienione i opuchni\u0119te brodawki wskazuj\u0105 na infekcj\u0119 lub podatno\u015b\u0107 na infekcje.<\/p>\n","yn_product_tongue_coating":"<p>Cienka, \u017c\u00f3\u0142tawa i sucha<\/p>\n","yn_product_pulse_diagnostics":"<p>fu mai &#8211; powierzchowny, xian mai &#8211; napi\u0119ty, xi mai &#8211; cienki, shuo mai &#8211; szybki, xu mai &#8211; pusty<\/p>\n","yn_product_indications":"<p>P\u00f3\u017ane skutki szczepie\u0144 lub jako \u015brodek zapobiegawczy, drgawki, drgawki, padaczka, wysypki sk\u00f3rne, neurodermit, mru\u017cenie oczu, opisthotonos, niepok\u00f3j, bezsenno\u015b\u0107, nag\u0142e budzenie si\u0119 w nocy.<\/p>\n","yn_product_contra_indications":"<p>Niedob\u00f3r Yang nerek i \u015bledziony > wilgo\u0107 i flegma > zast\u00f3j krwi<\/p>\n","yn_product_pregnancy":"<p>Dozwolone<\/p>\n","yn_product_herbs":"<p>glycyrrhizae uralensis radix &#8211; gan cao, isatidis radix &#8211; ban lan gen, forsythiae suspensae fructus &#8211; lian qiao, dioscorea rhizoma &#8211; shan yao, scrophulariae radix &#8211; xuan shen, ligustri fructus &#8211; niu zhen zi, trichosanthis radix &#8211; gua lou gen<\/p>\n","yn_product_magisterrecipes":"<p>Qing Hao Bie Jia Tang, Qing Ying Tang, Xi Jiao Di Huang Tang<\/p>\n"},"yoast_head":"<!-- This site is optimized with the Yoast SEO plugin v24.9 - https:\/\/yoast.com\/wordpress\/plugins\/seo\/ -->\n<title>Opieka zdrowotna - Claude Diolosa<\/title>\n<meta name=\"robots\" content=\"index, follow, max-snippet:-1, max-image-preview:large, max-video-preview:-1\" \/>\n<link rel=\"canonical\" href=\"https:\/\/shop.diolosa.com\/pl\/product\/opieka-zdrowotna\/\" \/>\n<meta property=\"og:locale\" content=\"pl_PL\" \/>\n<meta property=\"og:type\" content=\"article\" \/>\n<meta property=\"og:title\" content=\"Opieka zdrowotna - Claude Diolosa\" \/>\n<meta property=\"og:description\" content=\"HEALTH CARE jest zalecany jako \u015brodek zapobiegawczy przeciwko p\u00f3\u017anym skutkom [...]\" \/>\n<meta property=\"og:url\" content=\"https:\/\/shop.diolosa.com\/pl\/product\/opieka-zdrowotna\/\" \/>\n<meta property=\"og:site_name\" content=\"Claude Diolosa\" \/>\n<meta property=\"article:publisher\" content=\"https:\/\/facebook.com\/claudediolosa\" \/>\n<meta property=\"article:modified_time\" content=\"2025-05-06T14:19:09+00:00\" \/>\n<meta property=\"og:image\" content=\"https:\/\/shop.diolosa.com\/wp-content\/uploads\/2019\/09\/Presslinge-140.jpg\" \/>\n\t<meta property=\"og:image:width\" content=\"800\" \/>\n\t<meta property=\"og:image:height\" content=\"533\" \/>\n\t<meta property=\"og:image:type\" content=\"image\/jpeg\" \/>\n<meta name=\"twitter:card\" content=\"summary_large_image\" \/>\n<meta name=\"twitter:label1\" content=\"Szacowany czas czytania\" \/>\n\t<meta name=\"twitter:data1\" content=\"1 minuta\" \/>\n<script type=\"application\/ld+json\" class=\"yoast-schema-graph\">{\"@context\":\"https:\/\/schema.org\",\"@graph\":[{\"@type\":\"WebPage\",\"@id\":\"https:\/\/shop.diolosa.com\/pl\/product\/opieka-zdrowotna\/\",\"url\":\"https:\/\/shop.diolosa.com\/pl\/product\/opieka-zdrowotna\/\",\"name\":\"Opieka zdrowotna - Claude Diolosa\",\"isPartOf\":{\"@id\":\"https:\/\/shop.diolosa.com\/pl\/#website\"},\"primaryImageOfPage\":{\"@id\":\"https:\/\/shop.diolosa.com\/pl\/product\/opieka-zdrowotna\/#primaryimage\"},\"image\":{\"@id\":\"https:\/\/shop.diolosa.com\/pl\/product\/opieka-zdrowotna\/#primaryimage\"},\"thumbnailUrl\":\"https:\/\/shop.diolosa.com\/wp-content\/uploads\/2019\/09\/Presslinge-140.jpg\",\"datePublished\":\"2025-03-08T14:09:10+00:00\",\"dateModified\":\"2025-05-06T14:19:09+00:00\",\"breadcrumb\":{\"@id\":\"https:\/\/shop.diolosa.com\/pl\/product\/opieka-zdrowotna\/#breadcrumb\"},\"inLanguage\":\"pl-PL\",\"potentialAction\":[{\"@type\":\"ReadAction\",\"target\":[\"https:\/\/shop.diolosa.com\/pl\/product\/opieka-zdrowotna\/\"]}]},{\"@type\":\"ImageObject\",\"inLanguage\":\"pl-PL\",\"@id\":\"https:\/\/shop.diolosa.com\/pl\/product\/opieka-zdrowotna\/#primaryimage\",\"url\":\"https:\/\/shop.diolosa.com\/wp-content\/uploads\/2019\/09\/Presslinge-140.jpg\",\"contentUrl\":\"https:\/\/shop.diolosa.com\/wp-content\/uploads\/2019\/09\/Presslinge-140.jpg\",\"width\":800,\"height\":533},{\"@type\":\"BreadcrumbList\",\"@id\":\"https:\/\/shop.diolosa.com\/pl\/product\/opieka-zdrowotna\/#breadcrumb\",\"itemListElement\":[{\"@type\":\"ListItem\",\"position\":1,\"name\":\"Startseite\",\"item\":\"https:\/\/shop.diolosa.com\/pl\/?page_id=3835710\"},{\"@type\":\"ListItem\",\"position\":2,\"name\":\"Sklep\",\"item\":\"https:\/\/shop.diolosa.com\/pl\/?page_id=3835710\"},{\"@type\":\"ListItem\",\"position\":3,\"name\":\"Opieka zdrowotna\"}]},{\"@type\":\"WebSite\",\"@id\":\"https:\/\/shop.diolosa.com\/pl\/#website\",\"url\":\"https:\/\/shop.diolosa.com\/pl\/\",\"name\":\"Claude Diolosa\",\"description\":\"\",\"publisher\":{\"@id\":\"https:\/\/shop.diolosa.com\/pl\/#organization\"},\"potentialAction\":[{\"@type\":\"SearchAction\",\"target\":{\"@type\":\"EntryPoint\",\"urlTemplate\":\"https:\/\/shop.diolosa.com\/pl\/?s={search_term_string}\"},\"query-input\":{\"@type\":\"PropertyValueSpecification\",\"valueRequired\":true,\"valueName\":\"search_term_string\"}}],\"inLanguage\":\"pl-PL\"},{\"@type\":\"Organization\",\"@id\":\"https:\/\/shop.diolosa.com\/pl\/#organization\",\"name\":\"Claude Diolosa\",\"url\":\"https:\/\/shop.diolosa.com\/pl\/\",\"logo\":{\"@type\":\"ImageObject\",\"inLanguage\":\"pl-PL\",\"@id\":\"https:\/\/shop.diolosa.com\/pl\/#\/schema\/logo\/image\/\",\"url\":\"https:\/\/shop.diolosa.com\/wp-content\/uploads\/2019\/08\/diolosa-drop-logo-new.png\",\"contentUrl\":\"https:\/\/shop.diolosa.com\/wp-content\/uploads\/2019\/08\/diolosa-drop-logo-new.png\",\"width\":134,\"height\":176,\"caption\":\"Claude Diolosa\"},\"image\":{\"@id\":\"https:\/\/shop.diolosa.com\/pl\/#\/schema\/logo\/image\/\"},\"sameAs\":[\"https:\/\/facebook.com\/claudediolosa\",\"https:\/\/www.instagram.com\/diolosaclaude108\/\"]}]}<\/script>\n<!-- \/ Yoast SEO plugin. -->","yoast_head_json":{"title":"Opieka zdrowotna - Claude Diolosa","robots":{"index":"index","follow":"follow","max-snippet":"max-snippet:-1","max-image-preview":"max-image-preview:large","max-video-preview":"max-video-preview:-1"},"canonical":"https:\/\/shop.diolosa.com\/pl\/product\/opieka-zdrowotna\/","og_locale":"pl_PL","og_type":"article","og_title":"Opieka zdrowotna - Claude Diolosa","og_description":"HEALTH CARE jest zalecany jako \u015brodek zapobiegawczy przeciwko p\u00f3\u017anym skutkom [...]","og_url":"https:\/\/shop.diolosa.com\/pl\/product\/opieka-zdrowotna\/","og_site_name":"Claude Diolosa","article_publisher":"https:\/\/facebook.com\/claudediolosa","article_modified_time":"2025-05-06T14:19:09+00:00","og_image":[{"width":800,"height":533,"url":"https:\/\/shop.diolosa.com\/wp-content\/uploads\/2019\/09\/Presslinge-140.jpg","type":"image\/jpeg"}],"twitter_card":"summary_large_image","twitter_misc":{"Szacowany czas czytania":"1 minuta"},"schema":{"@context":"https:\/\/schema.org","@graph":[{"@type":"WebPage","@id":"https:\/\/shop.diolosa.com\/pl\/product\/opieka-zdrowotna\/","url":"https:\/\/shop.diolosa.com\/pl\/product\/opieka-zdrowotna\/","name":"Opieka zdrowotna - Claude Diolosa","isPartOf":{"@id":"https:\/\/shop.diolosa.com\/pl\/#website"},"primaryImageOfPage":{"@id":"https:\/\/shop.diolosa.com\/pl\/product\/opieka-zdrowotna\/#primaryimage"},"image":{"@id":"https:\/\/shop.diolosa.com\/pl\/product\/opieka-zdrowotna\/#primaryimage"},"thumbnailUrl":"https:\/\/shop.diolosa.com\/wp-content\/uploads\/2019\/09\/Presslinge-140.jpg","datePublished":"2025-03-08T14:09:10+00:00","dateModified":"2025-05-06T14:19:09+00:00","breadcrumb":{"@id":"https:\/\/shop.diolosa.com\/pl\/product\/opieka-zdrowotna\/#breadcrumb"},"inLanguage":"pl-PL","potentialAction":[{"@type":"ReadAction","target":["https:\/\/shop.diolosa.com\/pl\/product\/opieka-zdrowotna\/"]}]},{"@type":"ImageObject","inLanguage":"pl-PL","@id":"https:\/\/shop.diolosa.com\/pl\/product\/opieka-zdrowotna\/#primaryimage","url":"https:\/\/shop.diolosa.com\/wp-content\/uploads\/2019\/09\/Presslinge-140.jpg","contentUrl":"https:\/\/shop.diolosa.com\/wp-content\/uploads\/2019\/09\/Presslinge-140.jpg","width":800,"height":533},{"@type":"BreadcrumbList","@id":"https:\/\/shop.diolosa.com\/pl\/product\/opieka-zdrowotna\/#breadcrumb","itemListElement":[{"@type":"ListItem","position":1,"name":"Startseite","item":"https:\/\/shop.diolosa.com\/pl\/?page_id=3835710"},{"@type":"ListItem","position":2,"name":"Sklep","item":"https:\/\/shop.diolosa.com\/pl\/?page_id=3835710"},{"@type":"ListItem","position":3,"name":"Opieka zdrowotna"}]},{"@type":"WebSite","@id":"https:\/\/shop.diolosa.com\/pl\/#website","url":"https:\/\/shop.diolosa.com\/pl\/","name":"Claude Diolosa","description":"","publisher":{"@id":"https:\/\/shop.diolosa.com\/pl\/#organization"},"potentialAction":[{"@type":"SearchAction","target":{"@type":"EntryPoint","urlTemplate":"https:\/\/shop.diolosa.com\/pl\/?s={search_term_string}"},"query-input":{"@type":"PropertyValueSpecification","valueRequired":true,"valueName":"search_term_string"}}],"inLanguage":"pl-PL"},{"@type":"Organization","@id":"https:\/\/shop.diolosa.com\/pl\/#organization","name":"Claude Diolosa","url":"https:\/\/shop.diolosa.com\/pl\/","logo":{"@type":"ImageObject","inLanguage":"pl-PL","@id":"https:\/\/shop.diolosa.com\/pl\/#\/schema\/logo\/image\/","url":"https:\/\/shop.diolosa.com\/wp-content\/uploads\/2019\/08\/diolosa-drop-logo-new.png","contentUrl":"https:\/\/shop.diolosa.com\/wp-content\/uploads\/2019\/08\/diolosa-drop-logo-new.png","width":134,"height":176,"caption":"Claude Diolosa"},"image":{"@id":"https:\/\/shop.diolosa.com\/pl\/#\/schema\/logo\/image\/"},"sameAs":["https:\/\/facebook.com\/claudediolosa","https:\/\/www.instagram.com\/diolosaclaude108\/"]}]}},"_links":{"self":[{"href":"https:\/\/shop.diolosa.com\/pl\/wp-json\/wp\/v2\/product\/3836154","targetHints":{"allow":["GET"]}}],"collection":[{"href":"https:\/\/shop.diolosa.com\/pl\/wp-json\/wp\/v2\/product"}],"about":[{"href":"https:\/\/shop.diolosa.com\/pl\/wp-json\/wp\/v2\/types\/product"}],"wp:featuredmedia":[{"embeddable":true,"href":"https:\/\/shop.diolosa.com\/pl\/wp-json\/wp\/v2\/media\/3835943"}],"wp:attachment":[{"href":"https:\/\/shop.diolosa.com\/pl\/wp-json\/wp\/v2\/media?parent=3836154"}],"wp:term":[{"taxonomy":"product_brand","embeddable":true,"href":"https:\/\/shop.diolosa.com\/pl\/wp-json\/wp\/v2\/product_brand?post=3836154"},{"taxonomy":"product_cat","embeddable":true,"href":"https:\/\/shop.diolosa.com\/pl\/wp-json\/wp\/v2\/product_cat?post=3836154"},{"taxonomy":"product_tag","embeddable":true,"href":"https:\/\/shop.diolosa.com\/pl\/wp-json\/wp\/v2\/product_tag?post=3836154"}],"curies":[{"name":"wp","href":"https:\/\/api.w.org\/{rel}","templated":true}]}}