{"id":3840796,"date":"2019-09-04T12:16:41","date_gmt":"2025-03-10T05:53:12","guid":{"rendered":"https:\/\/shop.diolosa.com\/product\/ekran-ochronny-etap-1\/"},"modified":"2025-04-24T20:22:54","modified_gmt":"2025-04-24T19:22:54","slug":"ekran-ochronny-etap-1","status":"publish","type":"product","link":"https:\/\/shop.diolosa.com\/pl\/product\/ekran-ochronny-etap-1\/","title":{"rendered":"Ekran ochronny (etap 1)"},"content":{"rendered":"<p>PROTECTION SCREEN (ostre uk\u0105szenie kleszcza etap 1) jest stosowany w leczeniu ostrej reakcji zapalnej na uk\u0105szenie kleszcza. Preparat ten zapobiega przedostawaniu si\u0119 toksyn Mokrego Ciep\u0142a (z Yang Ming zwierz\u0119cia) do YING FEN i XUE FEN i powodowaniu niebezpiecznych p\u00f3\u017anych skutk\u00f3w (zaburze\u0144 OUN). Pierwsz\u0105 formu\u0142\u0119 (etap 1) nale\u017cy przyjmowa\u0107 natychmiast po uk\u0105szeniu kleszcza (i ostro\u017cnym usuni\u0119ciu owada ze sk\u00f3ry) przez 12 dni. Po usuni\u0119ciu kleszcza nale\u017cy posmarowa\u0107 sk\u00f3r\u0119 DIAMOND SHIELD BALM.<\/p>\n","protected":false},"excerpt":{"rendered":"<p>PROTECTION SCREEN (ostre uk\u0105szenie kleszcza etap 1) jest stosowany w  [&#8230;]<\/p>\n","protected":false},"featured_media":3835943,"template":"","meta":{"_acf_changed":false},"product_brand":[],"product_cat":[11771],"product_tag":[11968],"class_list":{"0":"post-3840796","1":"product","2":"type-product","3":"status-publish","4":"has-post-thumbnail","6":"product_cat-wen-bing-lun-pl","7":"product_tag-ostre-ukaszenie-kleszcza","9":"first","10":"instock","11":"taxable","12":"shipping-taxable","13":"purchasable","14":"product-type-simple"},"acf":{"yn_product_audio":"https:\/\/shop.diolosa.com\/wp-content\/uploads\/2018\/12\/DL_407.mp3","yn_product_akupunktur":"<p>Ostre ig\u0142owanie &#8211; xie fa<br \/>\np\u0119cherz moczowy 62 &#8211; shen mai &#8211; gui lu (yang qiao mai) &#8211; xie fa<br \/>\njelito cienkie 3 &#8211; hou xi (shu, du mai) &#8211; xie fa<br \/>\nsan chiao 5 &#8211; wai guan (yang wei mai. luo, luo) &#8211; xie fa<br \/>\nworeczek \u017c\u00f3\u0142ciowy 41 &#8211; zu lin qi (dai mai, shu) &#8211; xie fa<br \/>\njelito grube 4 &#8211; he gu (yuan) &#8211; xie fa<br \/>\njelito grube 11 &#8211; qu chi &#8211; gui tui (he &#8211; gui) &#8211; xie fa<\/p>\n<p>Ciep\u0142o krwi oczyszcza<br \/>\np\u0119cherz 40 &#8211; wei zhong (he, xia he xue &#8211; p\u0119cherz, xi krwi, jing bie ni\/bl) &#8211; xie fa<br \/>\n\u015bledziona 10 &#8211; xue hai (jezioro krwi) &#8211; xie fa<br \/>\np\u0119cherz 17 &#8211; ge shu (krew) &#8211; xie fa<br \/>\nw\u0105troba 2 &#8211; xing jian (ying) &#8211; xie fa<\/p>\n","yn_product_verabreichungsart":"Pelety 140szt.","yn_product_dosierung":"<p>Stan ostry: Natychmiast po uk\u0105szeniu kleszcza nale\u017cy przyjmowa\u0107 od 6 do 10 tabletek 3 razy dziennie przed posi\u0142kami przez 12 dni bez przerwy. W przypadku dzieci mo\u017cliwe jest zmniejszenie dawki do 4 do 6 tabletek. <\/p>\n","yn_product_combinations":"<p>DIAMOND SHIELD BALM (miejscowe leczenie miejsca uk\u0105szenia)<\/p>\n<p>WBL GREEN PROTECTION SCREEN (grypa)<\/p>\n<p>FIVE HERBS (toksyny mokrego ciep\u0142a)<\/p>\n<p>HEAVENLY STREAMS (toksyny mokrego ciep\u0142a Jue Yin)<\/p>\n<p>HEALTH CARE (szczepienia)<\/p>\n<p>CLEANSING DAYS TABLETS and TEA (wczesne leczenie)<\/p>\n<p>FLEMING (gor\u0105czka)<\/p>\n<p>NIRIPSA (b\u00f3l)<\/p>\n","yn_product_avoidable":"<p>Ostre potrawy, przyprawy, alkohol, ocet, czosnek, por, cebula, koperek, szczypiorek, dymka, pieprz, go\u017adziki, imbir.<\/p>\n","yn_product_tcm_mindmapping":"<p>Ostre uk\u0105szenie kleszcza = Wen Bing Lung > zesp\u00f3\u0142 Wei Fen > zesp\u00f3\u0142 Xue Fen > zesp\u00f3\u0142 Ying Fen > zesp\u00f3\u0142 Xue Fen<\/p>\n","yn_product_tongue_body":"<p>Opuchni\u0119te, szerokie, czerwone do ciemnoczerwonych<\/p>\n","yn_product_tongue_coating":"<p>\u017b\u00f3\u0142tawy<\/p>\n","yn_product_pulse_diagnostics":"<p>xian mai &#8211; napi\u0119ty, hua mai &#8211; szybuj\u0105cy, shi mai &#8211; pe\u0142ny, shuo mai &#8211; szybki<\/p>\n","yn_product_indications":"<p>Uk\u0105szenie kleszcza Ostre zapalenie sk\u00f3ry w miejscu uk\u0105szenia kleszcza, wysypka w\u0119druj\u0105ca (rumie\u0144 w\u0119druj\u0105cy), objawy grypopodobne, takie jak gor\u0105czka, zm\u0119czenie, b\u00f3l g\u0142owy, b\u00f3l ko\u0144czyn i obrz\u0119k w\u0119z\u0142\u00f3w ch\u0142onnych, b\u00f3l g\u0142owy, b\u00f3l staw\u00f3w, niepok\u00f3j, ko\u0142atanie serca.<\/p>\n","yn_product_contra_indications":"<p>Niedob\u00f3r Yang nerek i \u015bledziony > Wilgotne zimno Yang Ming i Shao Yang<\/p>\n","yn_product_pregnancy":"<p>Dozwolone<\/p>\n","yn_product_herbs":"<p>mori folium &#8211; sang ye, lonicerae japonicae flos &#8211; jin yin hua, forsythiae suspensae fructus &#8211; lian qiao, isatidis radix &#8211; ban lan gen, salviae radix &#8211; dan shen, scrophulariae ningpoensis radix &#8211; xuan shen, rhemanniae radix &#8211; sheng di huang<\/p>\n","yn_product_magisterrecipes":"<p>Yin Qiao San, Wu Wei Xiao Du Yin<\/p>\n"},"yoast_head":"<!-- This site is optimized with the Yoast SEO plugin v24.9 - https:\/\/yoast.com\/wordpress\/plugins\/seo\/ -->\n<title>Ekran ochronny (etap 1) - Claude Diolosa<\/title>\n<meta name=\"robots\" content=\"index, follow, max-snippet:-1, max-image-preview:large, max-video-preview:-1\" \/>\n<link rel=\"canonical\" href=\"https:\/\/shop.diolosa.com\/pl\/product\/ekran-ochronny-etap-1\/\" \/>\n<meta property=\"og:locale\" content=\"pl_PL\" \/>\n<meta property=\"og:type\" content=\"article\" \/>\n<meta property=\"og:title\" content=\"Ekran ochronny (etap 1) - Claude Diolosa\" \/>\n<meta property=\"og:description\" content=\"PROTECTION SCREEN (ostre uk\u0105szenie kleszcza etap 1) jest stosowany w [...]\" \/>\n<meta property=\"og:url\" content=\"https:\/\/shop.diolosa.com\/pl\/product\/ekran-ochronny-etap-1\/\" \/>\n<meta property=\"og:site_name\" content=\"Claude Diolosa\" \/>\n<meta property=\"article:publisher\" content=\"https:\/\/facebook.com\/claudediolosa\" \/>\n<meta property=\"article:modified_time\" content=\"2025-04-24T19:22:54+00:00\" \/>\n<meta property=\"og:image\" content=\"https:\/\/shop.diolosa.com\/wp-content\/uploads\/2019\/09\/Presslinge-140.jpg\" \/>\n\t<meta property=\"og:image:width\" content=\"800\" \/>\n\t<meta property=\"og:image:height\" content=\"533\" \/>\n\t<meta property=\"og:image:type\" content=\"image\/jpeg\" \/>\n<meta name=\"twitter:card\" content=\"summary_large_image\" \/>\n<script type=\"application\/ld+json\" class=\"yoast-schema-graph\">{\"@context\":\"https:\/\/schema.org\",\"@graph\":[{\"@type\":\"WebPage\",\"@id\":\"https:\/\/shop.diolosa.com\/pl\/product\/ekran-ochronny-etap-1\/\",\"url\":\"https:\/\/shop.diolosa.com\/pl\/product\/ekran-ochronny-etap-1\/\",\"name\":\"Ekran ochronny (etap 1) - Claude Diolosa\",\"isPartOf\":{\"@id\":\"https:\/\/shop.diolosa.com\/pl\/#website\"},\"primaryImageOfPage\":{\"@id\":\"https:\/\/shop.diolosa.com\/pl\/product\/ekran-ochronny-etap-1\/#primaryimage\"},\"image\":{\"@id\":\"https:\/\/shop.diolosa.com\/pl\/product\/ekran-ochronny-etap-1\/#primaryimage\"},\"thumbnailUrl\":\"https:\/\/shop.diolosa.com\/wp-content\/uploads\/2019\/09\/Presslinge-140.jpg\",\"datePublished\":\"2025-03-10T05:53:12+00:00\",\"dateModified\":\"2025-04-24T19:22:54+00:00\",\"breadcrumb\":{\"@id\":\"https:\/\/shop.diolosa.com\/pl\/product\/ekran-ochronny-etap-1\/#breadcrumb\"},\"inLanguage\":\"pl-PL\",\"potentialAction\":[{\"@type\":\"ReadAction\",\"target\":[\"https:\/\/shop.diolosa.com\/pl\/product\/ekran-ochronny-etap-1\/\"]}]},{\"@type\":\"ImageObject\",\"inLanguage\":\"pl-PL\",\"@id\":\"https:\/\/shop.diolosa.com\/pl\/product\/ekran-ochronny-etap-1\/#primaryimage\",\"url\":\"https:\/\/shop.diolosa.com\/wp-content\/uploads\/2019\/09\/Presslinge-140.jpg\",\"contentUrl\":\"https:\/\/shop.diolosa.com\/wp-content\/uploads\/2019\/09\/Presslinge-140.jpg\",\"width\":800,\"height\":533},{\"@type\":\"BreadcrumbList\",\"@id\":\"https:\/\/shop.diolosa.com\/pl\/product\/ekran-ochronny-etap-1\/#breadcrumb\",\"itemListElement\":[{\"@type\":\"ListItem\",\"position\":1,\"name\":\"Startseite\",\"item\":\"https:\/\/shop.diolosa.com\/pl\/?page_id=3835710\"},{\"@type\":\"ListItem\",\"position\":2,\"name\":\"Sklep\",\"item\":\"https:\/\/shop.diolosa.com\/pl\/?page_id=3835710\"},{\"@type\":\"ListItem\",\"position\":3,\"name\":\"Ekran ochronny (etap 1)\"}]},{\"@type\":\"WebSite\",\"@id\":\"https:\/\/shop.diolosa.com\/pl\/#website\",\"url\":\"https:\/\/shop.diolosa.com\/pl\/\",\"name\":\"Claude Diolosa\",\"description\":\"\",\"publisher\":{\"@id\":\"https:\/\/shop.diolosa.com\/pl\/#organization\"},\"potentialAction\":[{\"@type\":\"SearchAction\",\"target\":{\"@type\":\"EntryPoint\",\"urlTemplate\":\"https:\/\/shop.diolosa.com\/pl\/?s={search_term_string}\"},\"query-input\":{\"@type\":\"PropertyValueSpecification\",\"valueRequired\":true,\"valueName\":\"search_term_string\"}}],\"inLanguage\":\"pl-PL\"},{\"@type\":\"Organization\",\"@id\":\"https:\/\/shop.diolosa.com\/pl\/#organization\",\"name\":\"Claude Diolosa\",\"url\":\"https:\/\/shop.diolosa.com\/pl\/\",\"logo\":{\"@type\":\"ImageObject\",\"inLanguage\":\"pl-PL\",\"@id\":\"https:\/\/shop.diolosa.com\/pl\/#\/schema\/logo\/image\/\",\"url\":\"https:\/\/shop.diolosa.com\/wp-content\/uploads\/2019\/08\/diolosa-drop-logo-new.png\",\"contentUrl\":\"https:\/\/shop.diolosa.com\/wp-content\/uploads\/2019\/08\/diolosa-drop-logo-new.png\",\"width\":134,\"height\":176,\"caption\":\"Claude Diolosa\"},\"image\":{\"@id\":\"https:\/\/shop.diolosa.com\/pl\/#\/schema\/logo\/image\/\"},\"sameAs\":[\"https:\/\/facebook.com\/claudediolosa\",\"https:\/\/www.instagram.com\/diolosaclaude108\/\"]}]}<\/script>\n<!-- \/ Yoast SEO plugin. -->","yoast_head_json":{"title":"Ekran ochronny (etap 1) - Claude Diolosa","robots":{"index":"index","follow":"follow","max-snippet":"max-snippet:-1","max-image-preview":"max-image-preview:large","max-video-preview":"max-video-preview:-1"},"canonical":"https:\/\/shop.diolosa.com\/pl\/product\/ekran-ochronny-etap-1\/","og_locale":"pl_PL","og_type":"article","og_title":"Ekran ochronny (etap 1) - Claude Diolosa","og_description":"PROTECTION SCREEN (ostre uk\u0105szenie kleszcza etap 1) jest stosowany w [...]","og_url":"https:\/\/shop.diolosa.com\/pl\/product\/ekran-ochronny-etap-1\/","og_site_name":"Claude Diolosa","article_publisher":"https:\/\/facebook.com\/claudediolosa","article_modified_time":"2025-04-24T19:22:54+00:00","og_image":[{"width":800,"height":533,"url":"https:\/\/shop.diolosa.com\/wp-content\/uploads\/2019\/09\/Presslinge-140.jpg","type":"image\/jpeg"}],"twitter_card":"summary_large_image","schema":{"@context":"https:\/\/schema.org","@graph":[{"@type":"WebPage","@id":"https:\/\/shop.diolosa.com\/pl\/product\/ekran-ochronny-etap-1\/","url":"https:\/\/shop.diolosa.com\/pl\/product\/ekran-ochronny-etap-1\/","name":"Ekran ochronny (etap 1) - Claude Diolosa","isPartOf":{"@id":"https:\/\/shop.diolosa.com\/pl\/#website"},"primaryImageOfPage":{"@id":"https:\/\/shop.diolosa.com\/pl\/product\/ekran-ochronny-etap-1\/#primaryimage"},"image":{"@id":"https:\/\/shop.diolosa.com\/pl\/product\/ekran-ochronny-etap-1\/#primaryimage"},"thumbnailUrl":"https:\/\/shop.diolosa.com\/wp-content\/uploads\/2019\/09\/Presslinge-140.jpg","datePublished":"2025-03-10T05:53:12+00:00","dateModified":"2025-04-24T19:22:54+00:00","breadcrumb":{"@id":"https:\/\/shop.diolosa.com\/pl\/product\/ekran-ochronny-etap-1\/#breadcrumb"},"inLanguage":"pl-PL","potentialAction":[{"@type":"ReadAction","target":["https:\/\/shop.diolosa.com\/pl\/product\/ekran-ochronny-etap-1\/"]}]},{"@type":"ImageObject","inLanguage":"pl-PL","@id":"https:\/\/shop.diolosa.com\/pl\/product\/ekran-ochronny-etap-1\/#primaryimage","url":"https:\/\/shop.diolosa.com\/wp-content\/uploads\/2019\/09\/Presslinge-140.jpg","contentUrl":"https:\/\/shop.diolosa.com\/wp-content\/uploads\/2019\/09\/Presslinge-140.jpg","width":800,"height":533},{"@type":"BreadcrumbList","@id":"https:\/\/shop.diolosa.com\/pl\/product\/ekran-ochronny-etap-1\/#breadcrumb","itemListElement":[{"@type":"ListItem","position":1,"name":"Startseite","item":"https:\/\/shop.diolosa.com\/pl\/?page_id=3835710"},{"@type":"ListItem","position":2,"name":"Sklep","item":"https:\/\/shop.diolosa.com\/pl\/?page_id=3835710"},{"@type":"ListItem","position":3,"name":"Ekran ochronny (etap 1)"}]},{"@type":"WebSite","@id":"https:\/\/shop.diolosa.com\/pl\/#website","url":"https:\/\/shop.diolosa.com\/pl\/","name":"Claude Diolosa","description":"","publisher":{"@id":"https:\/\/shop.diolosa.com\/pl\/#organization"},"potentialAction":[{"@type":"SearchAction","target":{"@type":"EntryPoint","urlTemplate":"https:\/\/shop.diolosa.com\/pl\/?s={search_term_string}"},"query-input":{"@type":"PropertyValueSpecification","valueRequired":true,"valueName":"search_term_string"}}],"inLanguage":"pl-PL"},{"@type":"Organization","@id":"https:\/\/shop.diolosa.com\/pl\/#organization","name":"Claude Diolosa","url":"https:\/\/shop.diolosa.com\/pl\/","logo":{"@type":"ImageObject","inLanguage":"pl-PL","@id":"https:\/\/shop.diolosa.com\/pl\/#\/schema\/logo\/image\/","url":"https:\/\/shop.diolosa.com\/wp-content\/uploads\/2019\/08\/diolosa-drop-logo-new.png","contentUrl":"https:\/\/shop.diolosa.com\/wp-content\/uploads\/2019\/08\/diolosa-drop-logo-new.png","width":134,"height":176,"caption":"Claude Diolosa"},"image":{"@id":"https:\/\/shop.diolosa.com\/pl\/#\/schema\/logo\/image\/"},"sameAs":["https:\/\/facebook.com\/claudediolosa","https:\/\/www.instagram.com\/diolosaclaude108\/"]}]}},"_links":{"self":[{"href":"https:\/\/shop.diolosa.com\/pl\/wp-json\/wp\/v2\/product\/3840796","targetHints":{"allow":["GET"]}}],"collection":[{"href":"https:\/\/shop.diolosa.com\/pl\/wp-json\/wp\/v2\/product"}],"about":[{"href":"https:\/\/shop.diolosa.com\/pl\/wp-json\/wp\/v2\/types\/product"}],"wp:featuredmedia":[{"embeddable":true,"href":"https:\/\/shop.diolosa.com\/pl\/wp-json\/wp\/v2\/media\/3835943"}],"wp:attachment":[{"href":"https:\/\/shop.diolosa.com\/pl\/wp-json\/wp\/v2\/media?parent=3840796"}],"wp:term":[{"taxonomy":"product_brand","embeddable":true,"href":"https:\/\/shop.diolosa.com\/pl\/wp-json\/wp\/v2\/product_brand?post=3840796"},{"taxonomy":"product_cat","embeddable":true,"href":"https:\/\/shop.diolosa.com\/pl\/wp-json\/wp\/v2\/product_cat?post=3840796"},{"taxonomy":"product_tag","embeddable":true,"href":"https:\/\/shop.diolosa.com\/pl\/wp-json\/wp\/v2\/product_tag?post=3840796"}],"curies":[{"name":"wp","href":"https:\/\/api.w.org\/{rel}","templated":true}]}}