{"id":3840801,"date":"2019-09-04T12:16:33","date_gmt":"2025-03-10T05:53:14","guid":{"rendered":"https:\/\/shop.diolosa.com\/product\/usuwanie-ciepla\/"},"modified":"2025-04-24T20:24:14","modified_gmt":"2025-04-24T19:24:14","slug":"usuwanie-ciepla","status":"publish","type":"product","link":"https:\/\/shop.diolosa.com\/pl\/product\/usuwanie-ciepla\/","title":{"rendered":"Usuwanie ciep\u0142a"},"content":{"rendered":"<p>CLEARING THE HEAT jest stosowany w leczeniu niedoboru Yin z pustym ciep\u0142em. Ten preparat zio\u0142owy od\u017cywia Yin, usuwa Puste Ciep\u0142o i Ciep\u0142o Krwi, od\u017cywia p\u0142yny ustrojowe i Yin P\u0142uc, obni\u017ca Qi P\u0142uc, uspokaja Yang W\u0105troby i Serca, przeciwdzia\u0142a podgor\u0105czkowej temperaturze cia\u0142a, wzmacnia Qi Nerek i od\u017cywia Esencj\u0119 bez wytwarzania Wilgoci lub Flegmy.<br \/>\nCLEARING THE HEAT jest stosowany w przypadku p\u00f3\u017anych skutk\u00f3w radioterapii, zapalenia p\u0142uc i innych chor\u00f3b wyniszczaj\u0105cych, z suchymi i silnymi napadami kaszlu w ci\u0105gu dnia i nocy, nocnymi potami, bezsenno\u015bci\u0105, utrat\u0105 masy cia\u0142a, gor\u0105czk\u0105 w nocy, suchymi zaparciami, utrat\u0105 apetytu i og\u00f3lnym wyczerpaniem trzech Yin (Jing, Blood i Jin Ye).<\/p>\n","protected":false},"excerpt":{"rendered":"<p>CLEARING THE HEAT jest stosowany w leczeniu niedoboru Yin z  [&#8230;]<\/p>\n","protected":false},"featured_media":3835943,"template":"","meta":{"_acf_changed":false},"product_brand":[],"product_cat":[11840],"product_tag":[11978],"class_list":{"0":"post-3840801","1":"product","2":"type-product","3":"status-publish","4":"has-post-thumbnail","6":"product_cat-procedura-tonizujaca-bu-fa","7":"product_tag-niedobor-yin-i-puste-cieplo","9":"first","10":"instock","11":"taxable","12":"shipping-taxable","13":"purchasable","14":"product-type-simple"},"acf":{"yn_product_audio":"https:\/\/shop.diolosa.com\/wp-content\/uploads\/2018\/12\/DL_0661.mp3","yn_product_video":"https:\/\/shop.diolosa.com\/wp-content\/uploads\/2024\/03\/Clearing-the-Heat-.mp4","yn_product_akupunktur":"<p>Uzupe\u0142nia yin i usuwa puste ciep\u0142o<br \/>\nbubble 23 &#8211; shen shu &#8211; bu fa<br \/>\nnerka 3 &#8211; tai xi (shu,yuan) &#8211; bu fa<br \/>\nnerka 7 &#8211; fu liu (jing) &#8211; bu fa<br \/>\nworeczek \u017c\u00f3\u0142ciowy 25 &#8211; jing men (mo) &#8211; bu fa<br \/>\nbubble 43 &#8211; gao huang shu (qi, xue, jinye, yin, yang) &#8211; bu fa<br \/>\n\u015bledziona 6 &#8211; san yin jiao (le,ni,mb) &#8211; bu fa<br \/>\n\u015bledziona 9 &#8211; yin ling quan (he) &#8211; bu fa<br \/>\n\u017co\u0142\u0105dek 36 &#8211; to san li (shu, xia he xue &#8211; \u017co\u0142\u0105dek, si hai xue, si zhong xue) &#8211; bu fa<br \/>\np\u0142uco 5 &#8211; chi ze (on) &#8211; bu fa<br \/>\np\u0142uco 9 &#8211; tai yuan (shu, yuan, ba hui xue) &#8211; bu fa<br \/>\nnerka 2 &#8211; rang gu (ying) &#8211; xie fa<br \/>\n\u017co\u0142\u0105dek 44 &#8211; nei ting (ying) &#8211; xie fa<br \/>\nworeczek \u017c\u00f3\u0142ciowy 43 &#8211; xia xi (ying) &#8211; xie fa  <\/p>\n<p>Oczy\u015bci\u0107 ciep\u0142o krwi<br \/>\n\u015bledziona 10 &#8211; xue hai (jezioro krwi) &#8211; xie fa<br \/>\np\u0119cherz 40 &#8211; wei zhong (he, xia he xue &#8211; p\u0119cherz, xi krwi, jing bie ni\/bl) &#8211; xie fa<\/p>\n<p>Cudowne naczynia<br \/>\np\u0142uco 7 &#8211; lie que (luo, ren mai) &#8211; bu fa<br \/>\nkr\u0105\u017cenie 6 &#8211; nei guan (luo, yin wei mai) &#8211; bu fa<br \/>\n\u015bledziona 4 &#8211; gong sun (luo, chong mai) &#8211; bu fa<br \/>\nnerka 6 &#8211; zhao hai (yin qiao mai) &#8211; bu fa  <\/p>\n<p>Shen uspok\u00f3j si\u0119<br \/>\nyin tang &#8211; M-HN-3 &#8211; xie fa<br \/>\nsi shen cong &#8211; M-HN-1 (hirn, cns) &#8211; xie fa<\/p>\n","yn_product_verabreichungsart":"Pelety 140szt.","yn_product_dosierung":"<p>3 x 4 do 9 tabletek dziennie, zawsze przed posi\u0142kami. Dawk\u0119 mo\u017cna zwi\u0119kszy\u0107 p\u00f3\u017anym popo\u0142udniem. <\/p>\n","yn_product_combinations":"<p>NOURISHING THE ESSENCE (niedob\u00f3r Yin nerek i sucho\u015b\u0107), DEW DROPS (niedob\u00f3r Yin p\u0142uc i puste ciep\u0142o), DEEP SLEEP FORTE (niedob\u00f3r Yin serca i puste ciep\u0142o), SAN BAO TEE, YIN ROOT (niedob\u00f3r Qi nerek i Yin), SOFT RELEASE (zaparcia &#8211; sucho\u015b\u0107), SUGAR BLUES 1 (cukrzyca typu 1), GENTLE BREATH (astma), COOL MOON (menopauza).<\/p>\n","yn_product_avoidable":"<p>Pikantne i ostre przyprawy, alkohol, chili, czosnek, por, cebula, go\u017adziki, ga\u0142ka muszkato\u0142owa, imbir, owoce morza, jagni\u0119cina, kurczak, w\u0119dzenie, ocet, tabasco, musztarda<\/p>\n","yn_product_tcm_mindmapping":"<p>Niedob\u00f3r Yin i Qi w nerkach > Puste ciep\u0142o > Ciep\u0142o krwi > Zast\u00f3j krwi<\/p>\n","yn_product_tongue_body":"<p>W\u0105ski, cienki, p\u0119kni\u0119ty w \u015brodku, czerwony do ciemnoczerwonego (ciep\u0142o krwi i przekrwienie krwi), krzywy (Shao Yang), chwiejny (wiatr serca)<\/p>\n","yn_product_tongue_coating":"<p>Cienka, \u017c\u00f3\u0142tawa, sucha, rzadka, mapowa pow\u0142oka j\u0119zyka<\/p>\n","yn_product_pulse_diagnostics":"<p>fu mai &#8211; powierzchowny, xi mai &#8211; cienki, shuo mai &#8211; szybki, xu mai &#8211; pusty, cu mai &#8211; szybki\/nieregularny<\/p>\n","yn_product_indications":"<p>Wychudzenie, utrata masy cia\u0142a, podgor\u0105czkowa temperatura cia\u0142a, cukrzyca, zesp\u00f3\u0142 niespokojnych n\u00f3g, bezsenno\u015b\u0107, nocne poty, cienie pod oczami, sucho\u015b\u0107 w ustach i sucho\u015b\u0107 b\u0142on \u015bluzowych, spierzchni\u0119te i zaczerwienione usta, zaparcia, suchy kaszel, lepka plwocina, kaszel, astma, oliguria, bolesne oddawanie moczu, b\u00f3l plec\u00f3w, rwa kulszowa, szum w uszach.<\/p>\n","yn_product_contra_indications":"<p>Niedob\u00f3r Yang, wewn\u0119trzna wilgotno\u015b\u0107\/zimno \u015bluzu i zimny wiatr PE<\/p>\n","yn_product_pregnancy":"<p>Dozwolone<\/p>\n","yn_product_herbs":"<p>poria cocos &#8211; fu ling, saussurea radix &#8211; mu xiang, ostra concha &#8211; mu li, dioscorea rhizoma &#8211; shan yao, lilii bulbus &#8211; bai he, fritillariae cirrhosae bulbus &#8211; chuan bei mu, opiophogonis radix &#8211; mai men dong, anemarrhenae rhizoma &#8211; zhi mu, moutan cortex &#8211; mu dan pi<\/p>\n","yn_product_magisterrecipes":"<p>Zhi Bai Di Huang Wan, Qing Hao Jiao Jiu Fei Tang<\/p>\n"},"yoast_head":"<!-- This site is optimized with the Yoast SEO plugin v24.9 - https:\/\/yoast.com\/wordpress\/plugins\/seo\/ -->\n<title>Usuwanie ciep\u0142a - Claude Diolosa<\/title>\n<meta name=\"robots\" content=\"index, follow, max-snippet:-1, max-image-preview:large, max-video-preview:-1\" \/>\n<link rel=\"canonical\" href=\"https:\/\/shop.diolosa.com\/pl\/product\/usuwanie-ciepla\/\" \/>\n<meta property=\"og:locale\" content=\"pl_PL\" \/>\n<meta property=\"og:type\" content=\"article\" \/>\n<meta property=\"og:title\" content=\"Usuwanie ciep\u0142a - Claude Diolosa\" \/>\n<meta property=\"og:description\" content=\"CLEARING THE HEAT jest stosowany w leczeniu niedoboru Yin z [...]\" \/>\n<meta property=\"og:url\" content=\"https:\/\/shop.diolosa.com\/pl\/product\/usuwanie-ciepla\/\" \/>\n<meta property=\"og:site_name\" content=\"Claude Diolosa\" \/>\n<meta property=\"article:publisher\" content=\"https:\/\/facebook.com\/claudediolosa\" \/>\n<meta property=\"article:modified_time\" content=\"2025-04-24T19:24:14+00:00\" \/>\n<meta property=\"og:image\" content=\"https:\/\/shop.diolosa.com\/wp-content\/uploads\/2019\/09\/Presslinge-140.jpg\" \/>\n\t<meta property=\"og:image:width\" content=\"800\" \/>\n\t<meta property=\"og:image:height\" content=\"533\" \/>\n\t<meta property=\"og:image:type\" content=\"image\/jpeg\" \/>\n<meta name=\"twitter:card\" content=\"summary_large_image\" \/>\n<meta name=\"twitter:label1\" content=\"Szacowany czas czytania\" \/>\n\t<meta name=\"twitter:data1\" content=\"1 minuta\" \/>\n<script type=\"application\/ld+json\" class=\"yoast-schema-graph\">{\"@context\":\"https:\/\/schema.org\",\"@graph\":[{\"@type\":\"WebPage\",\"@id\":\"https:\/\/shop.diolosa.com\/pl\/product\/usuwanie-ciepla\/\",\"url\":\"https:\/\/shop.diolosa.com\/pl\/product\/usuwanie-ciepla\/\",\"name\":\"Usuwanie ciep\u0142a - Claude Diolosa\",\"isPartOf\":{\"@id\":\"https:\/\/shop.diolosa.com\/pl\/#website\"},\"primaryImageOfPage\":{\"@id\":\"https:\/\/shop.diolosa.com\/pl\/product\/usuwanie-ciepla\/#primaryimage\"},\"image\":{\"@id\":\"https:\/\/shop.diolosa.com\/pl\/product\/usuwanie-ciepla\/#primaryimage\"},\"thumbnailUrl\":\"https:\/\/shop.diolosa.com\/wp-content\/uploads\/2019\/09\/Presslinge-140.jpg\",\"datePublished\":\"2025-03-10T05:53:14+00:00\",\"dateModified\":\"2025-04-24T19:24:14+00:00\",\"breadcrumb\":{\"@id\":\"https:\/\/shop.diolosa.com\/pl\/product\/usuwanie-ciepla\/#breadcrumb\"},\"inLanguage\":\"pl-PL\",\"potentialAction\":[{\"@type\":\"ReadAction\",\"target\":[\"https:\/\/shop.diolosa.com\/pl\/product\/usuwanie-ciepla\/\"]}]},{\"@type\":\"ImageObject\",\"inLanguage\":\"pl-PL\",\"@id\":\"https:\/\/shop.diolosa.com\/pl\/product\/usuwanie-ciepla\/#primaryimage\",\"url\":\"https:\/\/shop.diolosa.com\/wp-content\/uploads\/2019\/09\/Presslinge-140.jpg\",\"contentUrl\":\"https:\/\/shop.diolosa.com\/wp-content\/uploads\/2019\/09\/Presslinge-140.jpg\",\"width\":800,\"height\":533},{\"@type\":\"BreadcrumbList\",\"@id\":\"https:\/\/shop.diolosa.com\/pl\/product\/usuwanie-ciepla\/#breadcrumb\",\"itemListElement\":[{\"@type\":\"ListItem\",\"position\":1,\"name\":\"Startseite\",\"item\":\"https:\/\/shop.diolosa.com\/pl\/?page_id=3835710\"},{\"@type\":\"ListItem\",\"position\":2,\"name\":\"Sklep\",\"item\":\"https:\/\/shop.diolosa.com\/pl\/?page_id=3835710\"},{\"@type\":\"ListItem\",\"position\":3,\"name\":\"Usuwanie ciep\u0142a\"}]},{\"@type\":\"WebSite\",\"@id\":\"https:\/\/shop.diolosa.com\/pl\/#website\",\"url\":\"https:\/\/shop.diolosa.com\/pl\/\",\"name\":\"Claude Diolosa\",\"description\":\"\",\"publisher\":{\"@id\":\"https:\/\/shop.diolosa.com\/pl\/#organization\"},\"potentialAction\":[{\"@type\":\"SearchAction\",\"target\":{\"@type\":\"EntryPoint\",\"urlTemplate\":\"https:\/\/shop.diolosa.com\/pl\/?s={search_term_string}\"},\"query-input\":{\"@type\":\"PropertyValueSpecification\",\"valueRequired\":true,\"valueName\":\"search_term_string\"}}],\"inLanguage\":\"pl-PL\"},{\"@type\":\"Organization\",\"@id\":\"https:\/\/shop.diolosa.com\/pl\/#organization\",\"name\":\"Claude Diolosa\",\"url\":\"https:\/\/shop.diolosa.com\/pl\/\",\"logo\":{\"@type\":\"ImageObject\",\"inLanguage\":\"pl-PL\",\"@id\":\"https:\/\/shop.diolosa.com\/pl\/#\/schema\/logo\/image\/\",\"url\":\"https:\/\/shop.diolosa.com\/wp-content\/uploads\/2019\/08\/diolosa-drop-logo-new.png\",\"contentUrl\":\"https:\/\/shop.diolosa.com\/wp-content\/uploads\/2019\/08\/diolosa-drop-logo-new.png\",\"width\":134,\"height\":176,\"caption\":\"Claude Diolosa\"},\"image\":{\"@id\":\"https:\/\/shop.diolosa.com\/pl\/#\/schema\/logo\/image\/\"},\"sameAs\":[\"https:\/\/facebook.com\/claudediolosa\",\"https:\/\/www.instagram.com\/diolosaclaude108\/\"]}]}<\/script>\n<!-- \/ Yoast SEO plugin. -->","yoast_head_json":{"title":"Usuwanie ciep\u0142a - Claude Diolosa","robots":{"index":"index","follow":"follow","max-snippet":"max-snippet:-1","max-image-preview":"max-image-preview:large","max-video-preview":"max-video-preview:-1"},"canonical":"https:\/\/shop.diolosa.com\/pl\/product\/usuwanie-ciepla\/","og_locale":"pl_PL","og_type":"article","og_title":"Usuwanie ciep\u0142a - Claude Diolosa","og_description":"CLEARING THE HEAT jest stosowany w leczeniu niedoboru Yin z [...]","og_url":"https:\/\/shop.diolosa.com\/pl\/product\/usuwanie-ciepla\/","og_site_name":"Claude Diolosa","article_publisher":"https:\/\/facebook.com\/claudediolosa","article_modified_time":"2025-04-24T19:24:14+00:00","og_image":[{"width":800,"height":533,"url":"https:\/\/shop.diolosa.com\/wp-content\/uploads\/2019\/09\/Presslinge-140.jpg","type":"image\/jpeg"}],"twitter_card":"summary_large_image","twitter_misc":{"Szacowany czas czytania":"1 minuta"},"schema":{"@context":"https:\/\/schema.org","@graph":[{"@type":"WebPage","@id":"https:\/\/shop.diolosa.com\/pl\/product\/usuwanie-ciepla\/","url":"https:\/\/shop.diolosa.com\/pl\/product\/usuwanie-ciepla\/","name":"Usuwanie ciep\u0142a - Claude Diolosa","isPartOf":{"@id":"https:\/\/shop.diolosa.com\/pl\/#website"},"primaryImageOfPage":{"@id":"https:\/\/shop.diolosa.com\/pl\/product\/usuwanie-ciepla\/#primaryimage"},"image":{"@id":"https:\/\/shop.diolosa.com\/pl\/product\/usuwanie-ciepla\/#primaryimage"},"thumbnailUrl":"https:\/\/shop.diolosa.com\/wp-content\/uploads\/2019\/09\/Presslinge-140.jpg","datePublished":"2025-03-10T05:53:14+00:00","dateModified":"2025-04-24T19:24:14+00:00","breadcrumb":{"@id":"https:\/\/shop.diolosa.com\/pl\/product\/usuwanie-ciepla\/#breadcrumb"},"inLanguage":"pl-PL","potentialAction":[{"@type":"ReadAction","target":["https:\/\/shop.diolosa.com\/pl\/product\/usuwanie-ciepla\/"]}]},{"@type":"ImageObject","inLanguage":"pl-PL","@id":"https:\/\/shop.diolosa.com\/pl\/product\/usuwanie-ciepla\/#primaryimage","url":"https:\/\/shop.diolosa.com\/wp-content\/uploads\/2019\/09\/Presslinge-140.jpg","contentUrl":"https:\/\/shop.diolosa.com\/wp-content\/uploads\/2019\/09\/Presslinge-140.jpg","width":800,"height":533},{"@type":"BreadcrumbList","@id":"https:\/\/shop.diolosa.com\/pl\/product\/usuwanie-ciepla\/#breadcrumb","itemListElement":[{"@type":"ListItem","position":1,"name":"Startseite","item":"https:\/\/shop.diolosa.com\/pl\/?page_id=3835710"},{"@type":"ListItem","position":2,"name":"Sklep","item":"https:\/\/shop.diolosa.com\/pl\/?page_id=3835710"},{"@type":"ListItem","position":3,"name":"Usuwanie ciep\u0142a"}]},{"@type":"WebSite","@id":"https:\/\/shop.diolosa.com\/pl\/#website","url":"https:\/\/shop.diolosa.com\/pl\/","name":"Claude Diolosa","description":"","publisher":{"@id":"https:\/\/shop.diolosa.com\/pl\/#organization"},"potentialAction":[{"@type":"SearchAction","target":{"@type":"EntryPoint","urlTemplate":"https:\/\/shop.diolosa.com\/pl\/?s={search_term_string}"},"query-input":{"@type":"PropertyValueSpecification","valueRequired":true,"valueName":"search_term_string"}}],"inLanguage":"pl-PL"},{"@type":"Organization","@id":"https:\/\/shop.diolosa.com\/pl\/#organization","name":"Claude Diolosa","url":"https:\/\/shop.diolosa.com\/pl\/","logo":{"@type":"ImageObject","inLanguage":"pl-PL","@id":"https:\/\/shop.diolosa.com\/pl\/#\/schema\/logo\/image\/","url":"https:\/\/shop.diolosa.com\/wp-content\/uploads\/2019\/08\/diolosa-drop-logo-new.png","contentUrl":"https:\/\/shop.diolosa.com\/wp-content\/uploads\/2019\/08\/diolosa-drop-logo-new.png","width":134,"height":176,"caption":"Claude Diolosa"},"image":{"@id":"https:\/\/shop.diolosa.com\/pl\/#\/schema\/logo\/image\/"},"sameAs":["https:\/\/facebook.com\/claudediolosa","https:\/\/www.instagram.com\/diolosaclaude108\/"]}]}},"_links":{"self":[{"href":"https:\/\/shop.diolosa.com\/pl\/wp-json\/wp\/v2\/product\/3840801","targetHints":{"allow":["GET"]}}],"collection":[{"href":"https:\/\/shop.diolosa.com\/pl\/wp-json\/wp\/v2\/product"}],"about":[{"href":"https:\/\/shop.diolosa.com\/pl\/wp-json\/wp\/v2\/types\/product"}],"wp:featuredmedia":[{"embeddable":true,"href":"https:\/\/shop.diolosa.com\/pl\/wp-json\/wp\/v2\/media\/3835943"}],"wp:attachment":[{"href":"https:\/\/shop.diolosa.com\/pl\/wp-json\/wp\/v2\/media?parent=3840801"}],"wp:term":[{"taxonomy":"product_brand","embeddable":true,"href":"https:\/\/shop.diolosa.com\/pl\/wp-json\/wp\/v2\/product_brand?post=3840801"},{"taxonomy":"product_cat","embeddable":true,"href":"https:\/\/shop.diolosa.com\/pl\/wp-json\/wp\/v2\/product_cat?post=3840801"},{"taxonomy":"product_tag","embeddable":true,"href":"https:\/\/shop.diolosa.com\/pl\/wp-json\/wp\/v2\/product_tag?post=3840801"}],"curies":[{"name":"wp","href":"https:\/\/api.w.org\/{rel}","templated":true}]}}