{"id":3840823,"date":"2019-09-04T12:15:09","date_gmt":"2025-03-10T05:53:23","guid":{"rendered":"https:\/\/shop.diolosa.com\/product\/bogini-wspolczucia-2\/"},"modified":"2025-05-06T14:52:35","modified_gmt":"2025-05-06T13:52:35","slug":"bogini-wspolczucia-2","status":"publish","type":"product","link":"https:\/\/shop.diolosa.com\/pl\/product\/bogini-wspolczucia-2\/","title":{"rendered":"Bogini wsp\u00f3\u0142czucia 2"},"content":{"rendered":"<p>GODDESS OF COMPASSION 2 jest stosowany w leczeniu ospy wietrznej. Preparat ten przenika do QI FEN, YING FEN i XUE FEN i powinien by\u0107 stosowany w du\u017cych dawkach. BOGINI KOMPASU 2 (Kuan Yin) dociera do najg\u0142\u0119bszych warstw cia\u0142a i eliminuje toksyny Wilgotnego Ciep\u0142a Wiatru (Shi Re Du = wirus), usuwa Ciep\u0142o (zmniejsza gor\u0105czk\u0119), usuwa Ciep\u0142o Krwi, usuwa Wilgotne Ciep\u0142o Wiatru pod sk\u00f3r\u0105 (sw\u0119dz\u0105ca wysypka sk\u00f3rna z przezroczystymi p\u0119cherzami) i zapobiega zamkni\u0119ciu toksyn Wilgotnego Ciep\u0142a w Xue Fen (p\u00f3\u017any efekt = p\u00f3\u0142pasiec).<\/p>\n","protected":false},"excerpt":{"rendered":"<p>GODDESS OF COMPASSION 2 jest stosowany w leczeniu ospy wietrznej.  [&#8230;]<\/p>\n","protected":false},"featured_media":3835943,"template":"","meta":{"_acf_changed":false},"product_brand":[],"product_cat":[11778,11771],"product_tag":[12003,12005,12004],"class_list":{"0":"post-3840823","1":"product","2":"type-product","3":"status-publish","4":"has-post-thumbnail","6":"product_cat-pediatria","7":"product_cat-wen-bing-lun-pl","8":"product_tag-ospa-wietrzna-qi","9":"product_tag-xue-fen-pl","10":"product_tag-ying-pl","12":"first","13":"instock","14":"taxable","15":"shipping-taxable","16":"purchasable","17":"product-type-simple"},"acf":{"yn_product_audio":"https:\/\/shop.diolosa.com\/wp-content\/uploads\/2018\/12\/DL_0787.mp3","yn_product_video":"https:\/\/shop.diolosa.com\/wp-content\/uploads\/2024\/10\/Goddess-of-Compassion-2.mp4","yn_product_akupunktur":"<p>Ostre<br \/>\njelito grube 4 &#8211; he gu (yuan) &#8211; xie fa<br \/>\njelito grube 11 &#8211; qu chi &#8211; gui tui (he &#8211; gui) &#8211; xie fa<br \/>\nsan chiao 5 &#8211; wai guan (yang wei mai, luo) &#8211; xie fa<br \/>\np\u0142uca 7 &#8211; lie que (luo, ren mai) &#8211; xie fa<br \/>\np\u0119cherz 13 &#8211; fei shu &#8211; xie fa<br \/>\np\u0119cherz 12 &#8211; feng men (du mai) &#8211; xie fa  <\/p>\n<p>Przewlek\u0142y<br \/>\n\u017co\u0142\u0105dek 44 &#8211; nei ting (ying) &#8211; xie fa<br \/>\nlung 10 &#8211; yu jin (ying) &#8211; xie fa<br \/>\np\u0142uco 11 &#8211; shao shang &#8211; gui xin (jing, gui) &#8211; niech krwawi<br \/>\n\u017co\u0142\u0105dek 25 &#8211; tian shu (mo, jelito grube, ME) &#8211; xie fa<br \/>\nw\u0105troba 2 &#8211; xing jian (ying) &#8211; xie fa<br \/>\n\u015bledziona 10 &#8211; xue hai (jezioro krwi) &#8211; xie fa<br \/>\n\u015bledziona 6 &#8211; san yin jiao (le,ni,mb) &#8211; xie fa<br \/>\ndu mai 20 &#8211; bai hui &#8211; bai lao (jezioro szpiku kostnego, p\u0119cherza moczowego) &#8211; xie fa<br \/>\ndwukropek 11 &#8211; qu chi &#8211; gui tui (he &#8211; gui) &#8211; xie fa<br \/>\nsan chiao 6 &#8211; zhi gou (jing) &#8211; xie fa<br \/>\ncykl 6 &#8211; nei guan (luo, yin wei mai) &#8211; xie fa<br \/>\nyou mai 14 &#8211; da zhui (jezioro qi) &#8211; xie fa<br \/>\nyou mai 10 &#8211; ling tai &#8211; xie fa<br \/>\nyou mai 11 &#8211; shen dao &#8211; xie fa<br \/>\nbubble 40 &#8211; wei zhong (he, xia he xue &#8211; ba\u0144ka, xi krwi, jing bie ni\/bl) &#8211; xie fa<\/p>\n","yn_product_verabreichungsart":"Pelety 140szt.","yn_product_dosierung":"<p>Og\u00f3lnie: 3 x 4 do 9 tabletek dziennie, zawsze przed posi\u0142kami.<br \/>\nDzieci w wieku od 1 do 3 lat: od 1 do 3 granulek, od 3 do 6 lat: od 3 do 6 granulek i od 6 do 9 lat: od 6 do 9 granulek.<\/p>\n","yn_product_combinations":"<p>WBL RED PROTECTION SCREEN (grypa &#8211; zesp\u00f3\u0142 Qi, Ying, Xue Fen), WBL GREEN PROTECTION SCREEN (grypa &#8211; zesp\u00f3\u0142 Wei Fen), GODDES OF COMPASSION 1 (ospa wietrzna &#8211; zesp\u00f3\u0142 Wei Fen)<\/p>\n","yn_product_avoidable":"<p>Cukier, Coca Cola, Fanta, Sprite, czekolada, t\u0142uste i sma\u017cone potrawy, smalec, kie\u0142basa, szynka, wieprzowina, owoce morza, ryby, ostre przyprawy, pieprz, czosnek, cebula, por.<\/p>\n","yn_product_tcm_mindmapping":"<p>WBL > Wirus ospy wietrznej i p\u00f3\u0142pa\u015bca > Zesp\u00f3\u0142 Qi, Ying i Xue Fen > Wiatr na sk\u00f3rze<\/p>\n","yn_product_tongue_body":"<p>Ciemnoczerwony<\/p>\n","yn_product_tongue_coating":"<p>\u017b\u00f3\u0142tawy i t\u0142usty<\/p>\n","yn_product_pulse_diagnostics":"<p>hong mai &#8211; falisty, shi mai &#8211; pe\u0142ny, shuo mai &#8211; szybki<\/p>\n","yn_product_indications":"<p>Ospa wietrzna ze sw\u0119dz\u0105cymi, ciemnoczerwonymi i p\u0142acz\u0105cymi plamami, wysoka gor\u0105czka, niepok\u00f3j, pragnienie, zapalenie dzi\u0105se\u0142, bolesne oddawanie moczu, zaparcia.<\/p>\n","yn_product_contra_indications":"<p>Zesp\u00f3\u0142 zimnego wiatru, przewlek\u0142a biegunka, wielomocz, nokturia<\/p>\n","yn_product_pregnancy":"<p>Dozwolone<\/p>\n","yn_product_herbs":"<p>lonicerae japonicae flos &#8211; jin yin hua, forsythiae suspensae fructus &#8211; lian qiao, scrophulariae ningpoensis radix &#8211; xuan shen, rhemanniae radix &#8211; sheng di huang, paeoniae rubrae radix &#8211; chi shao yao, moutan cortex &#8211; mu dan pi, salviae radix &#8211; dan shen, opiophogonis radix &#8211; mai men dong<\/p>\n","yn_product_magisterrecipes":"<p>Qing Ying Tang, Xi Jiao Di Huang Tang<\/p>\n"},"yoast_head":"<!-- This site is optimized with the Yoast SEO plugin v24.9 - https:\/\/yoast.com\/wordpress\/plugins\/seo\/ -->\n<title>Bogini wsp\u00f3\u0142czucia 2 - Claude Diolosa<\/title>\n<meta name=\"robots\" content=\"index, follow, max-snippet:-1, max-image-preview:large, max-video-preview:-1\" \/>\n<link rel=\"canonical\" href=\"https:\/\/shop.diolosa.com\/pl\/product\/bogini-wspolczucia-2\/\" \/>\n<meta property=\"og:locale\" content=\"pl_PL\" \/>\n<meta property=\"og:type\" content=\"article\" \/>\n<meta property=\"og:title\" content=\"Bogini wsp\u00f3\u0142czucia 2 - Claude Diolosa\" \/>\n<meta property=\"og:description\" content=\"GODDESS OF COMPASSION 2 jest stosowany w leczeniu ospy wietrznej. [...]\" \/>\n<meta property=\"og:url\" content=\"https:\/\/shop.diolosa.com\/pl\/product\/bogini-wspolczucia-2\/\" \/>\n<meta property=\"og:site_name\" content=\"Claude Diolosa\" \/>\n<meta property=\"article:publisher\" content=\"https:\/\/facebook.com\/claudediolosa\" \/>\n<meta property=\"article:modified_time\" content=\"2025-05-06T13:52:35+00:00\" \/>\n<meta property=\"og:image\" content=\"https:\/\/shop.diolosa.com\/wp-content\/uploads\/2019\/09\/Presslinge-140.jpg\" \/>\n\t<meta property=\"og:image:width\" content=\"800\" \/>\n\t<meta property=\"og:image:height\" content=\"533\" \/>\n\t<meta property=\"og:image:type\" content=\"image\/jpeg\" \/>\n<meta name=\"twitter:card\" content=\"summary_large_image\" \/>\n<script type=\"application\/ld+json\" class=\"yoast-schema-graph\">{\"@context\":\"https:\/\/schema.org\",\"@graph\":[{\"@type\":\"WebPage\",\"@id\":\"https:\/\/shop.diolosa.com\/pl\/product\/bogini-wspolczucia-2\/\",\"url\":\"https:\/\/shop.diolosa.com\/pl\/product\/bogini-wspolczucia-2\/\",\"name\":\"Bogini wsp\u00f3\u0142czucia 2 - Claude Diolosa\",\"isPartOf\":{\"@id\":\"https:\/\/shop.diolosa.com\/pl\/#website\"},\"primaryImageOfPage\":{\"@id\":\"https:\/\/shop.diolosa.com\/pl\/product\/bogini-wspolczucia-2\/#primaryimage\"},\"image\":{\"@id\":\"https:\/\/shop.diolosa.com\/pl\/product\/bogini-wspolczucia-2\/#primaryimage\"},\"thumbnailUrl\":\"https:\/\/shop.diolosa.com\/wp-content\/uploads\/2019\/09\/Presslinge-140.jpg\",\"datePublished\":\"2025-03-10T05:53:23+00:00\",\"dateModified\":\"2025-05-06T13:52:35+00:00\",\"breadcrumb\":{\"@id\":\"https:\/\/shop.diolosa.com\/pl\/product\/bogini-wspolczucia-2\/#breadcrumb\"},\"inLanguage\":\"pl-PL\",\"potentialAction\":[{\"@type\":\"ReadAction\",\"target\":[\"https:\/\/shop.diolosa.com\/pl\/product\/bogini-wspolczucia-2\/\"]}]},{\"@type\":\"ImageObject\",\"inLanguage\":\"pl-PL\",\"@id\":\"https:\/\/shop.diolosa.com\/pl\/product\/bogini-wspolczucia-2\/#primaryimage\",\"url\":\"https:\/\/shop.diolosa.com\/wp-content\/uploads\/2019\/09\/Presslinge-140.jpg\",\"contentUrl\":\"https:\/\/shop.diolosa.com\/wp-content\/uploads\/2019\/09\/Presslinge-140.jpg\",\"width\":800,\"height\":533},{\"@type\":\"BreadcrumbList\",\"@id\":\"https:\/\/shop.diolosa.com\/pl\/product\/bogini-wspolczucia-2\/#breadcrumb\",\"itemListElement\":[{\"@type\":\"ListItem\",\"position\":1,\"name\":\"Startseite\",\"item\":\"https:\/\/shop.diolosa.com\/pl\/?page_id=3835710\"},{\"@type\":\"ListItem\",\"position\":2,\"name\":\"Sklep\",\"item\":\"https:\/\/shop.diolosa.com\/pl\/?page_id=3835710\"},{\"@type\":\"ListItem\",\"position\":3,\"name\":\"Bogini wsp\u00f3\u0142czucia 2\"}]},{\"@type\":\"WebSite\",\"@id\":\"https:\/\/shop.diolosa.com\/pl\/#website\",\"url\":\"https:\/\/shop.diolosa.com\/pl\/\",\"name\":\"Claude Diolosa\",\"description\":\"\",\"publisher\":{\"@id\":\"https:\/\/shop.diolosa.com\/pl\/#organization\"},\"potentialAction\":[{\"@type\":\"SearchAction\",\"target\":{\"@type\":\"EntryPoint\",\"urlTemplate\":\"https:\/\/shop.diolosa.com\/pl\/?s={search_term_string}\"},\"query-input\":{\"@type\":\"PropertyValueSpecification\",\"valueRequired\":true,\"valueName\":\"search_term_string\"}}],\"inLanguage\":\"pl-PL\"},{\"@type\":\"Organization\",\"@id\":\"https:\/\/shop.diolosa.com\/pl\/#organization\",\"name\":\"Claude Diolosa\",\"url\":\"https:\/\/shop.diolosa.com\/pl\/\",\"logo\":{\"@type\":\"ImageObject\",\"inLanguage\":\"pl-PL\",\"@id\":\"https:\/\/shop.diolosa.com\/pl\/#\/schema\/logo\/image\/\",\"url\":\"https:\/\/shop.diolosa.com\/wp-content\/uploads\/2019\/08\/diolosa-drop-logo-new.png\",\"contentUrl\":\"https:\/\/shop.diolosa.com\/wp-content\/uploads\/2019\/08\/diolosa-drop-logo-new.png\",\"width\":134,\"height\":176,\"caption\":\"Claude Diolosa\"},\"image\":{\"@id\":\"https:\/\/shop.diolosa.com\/pl\/#\/schema\/logo\/image\/\"},\"sameAs\":[\"https:\/\/facebook.com\/claudediolosa\",\"https:\/\/www.instagram.com\/diolosaclaude108\/\"]}]}<\/script>\n<!-- \/ Yoast SEO plugin. -->","yoast_head_json":{"title":"Bogini wsp\u00f3\u0142czucia 2 - Claude Diolosa","robots":{"index":"index","follow":"follow","max-snippet":"max-snippet:-1","max-image-preview":"max-image-preview:large","max-video-preview":"max-video-preview:-1"},"canonical":"https:\/\/shop.diolosa.com\/pl\/product\/bogini-wspolczucia-2\/","og_locale":"pl_PL","og_type":"article","og_title":"Bogini wsp\u00f3\u0142czucia 2 - Claude Diolosa","og_description":"GODDESS OF COMPASSION 2 jest stosowany w leczeniu ospy wietrznej. [...]","og_url":"https:\/\/shop.diolosa.com\/pl\/product\/bogini-wspolczucia-2\/","og_site_name":"Claude Diolosa","article_publisher":"https:\/\/facebook.com\/claudediolosa","article_modified_time":"2025-05-06T13:52:35+00:00","og_image":[{"width":800,"height":533,"url":"https:\/\/shop.diolosa.com\/wp-content\/uploads\/2019\/09\/Presslinge-140.jpg","type":"image\/jpeg"}],"twitter_card":"summary_large_image","schema":{"@context":"https:\/\/schema.org","@graph":[{"@type":"WebPage","@id":"https:\/\/shop.diolosa.com\/pl\/product\/bogini-wspolczucia-2\/","url":"https:\/\/shop.diolosa.com\/pl\/product\/bogini-wspolczucia-2\/","name":"Bogini wsp\u00f3\u0142czucia 2 - Claude Diolosa","isPartOf":{"@id":"https:\/\/shop.diolosa.com\/pl\/#website"},"primaryImageOfPage":{"@id":"https:\/\/shop.diolosa.com\/pl\/product\/bogini-wspolczucia-2\/#primaryimage"},"image":{"@id":"https:\/\/shop.diolosa.com\/pl\/product\/bogini-wspolczucia-2\/#primaryimage"},"thumbnailUrl":"https:\/\/shop.diolosa.com\/wp-content\/uploads\/2019\/09\/Presslinge-140.jpg","datePublished":"2025-03-10T05:53:23+00:00","dateModified":"2025-05-06T13:52:35+00:00","breadcrumb":{"@id":"https:\/\/shop.diolosa.com\/pl\/product\/bogini-wspolczucia-2\/#breadcrumb"},"inLanguage":"pl-PL","potentialAction":[{"@type":"ReadAction","target":["https:\/\/shop.diolosa.com\/pl\/product\/bogini-wspolczucia-2\/"]}]},{"@type":"ImageObject","inLanguage":"pl-PL","@id":"https:\/\/shop.diolosa.com\/pl\/product\/bogini-wspolczucia-2\/#primaryimage","url":"https:\/\/shop.diolosa.com\/wp-content\/uploads\/2019\/09\/Presslinge-140.jpg","contentUrl":"https:\/\/shop.diolosa.com\/wp-content\/uploads\/2019\/09\/Presslinge-140.jpg","width":800,"height":533},{"@type":"BreadcrumbList","@id":"https:\/\/shop.diolosa.com\/pl\/product\/bogini-wspolczucia-2\/#breadcrumb","itemListElement":[{"@type":"ListItem","position":1,"name":"Startseite","item":"https:\/\/shop.diolosa.com\/pl\/?page_id=3835710"},{"@type":"ListItem","position":2,"name":"Sklep","item":"https:\/\/shop.diolosa.com\/pl\/?page_id=3835710"},{"@type":"ListItem","position":3,"name":"Bogini wsp\u00f3\u0142czucia 2"}]},{"@type":"WebSite","@id":"https:\/\/shop.diolosa.com\/pl\/#website","url":"https:\/\/shop.diolosa.com\/pl\/","name":"Claude Diolosa","description":"","publisher":{"@id":"https:\/\/shop.diolosa.com\/pl\/#organization"},"potentialAction":[{"@type":"SearchAction","target":{"@type":"EntryPoint","urlTemplate":"https:\/\/shop.diolosa.com\/pl\/?s={search_term_string}"},"query-input":{"@type":"PropertyValueSpecification","valueRequired":true,"valueName":"search_term_string"}}],"inLanguage":"pl-PL"},{"@type":"Organization","@id":"https:\/\/shop.diolosa.com\/pl\/#organization","name":"Claude Diolosa","url":"https:\/\/shop.diolosa.com\/pl\/","logo":{"@type":"ImageObject","inLanguage":"pl-PL","@id":"https:\/\/shop.diolosa.com\/pl\/#\/schema\/logo\/image\/","url":"https:\/\/shop.diolosa.com\/wp-content\/uploads\/2019\/08\/diolosa-drop-logo-new.png","contentUrl":"https:\/\/shop.diolosa.com\/wp-content\/uploads\/2019\/08\/diolosa-drop-logo-new.png","width":134,"height":176,"caption":"Claude Diolosa"},"image":{"@id":"https:\/\/shop.diolosa.com\/pl\/#\/schema\/logo\/image\/"},"sameAs":["https:\/\/facebook.com\/claudediolosa","https:\/\/www.instagram.com\/diolosaclaude108\/"]}]}},"_links":{"self":[{"href":"https:\/\/shop.diolosa.com\/pl\/wp-json\/wp\/v2\/product\/3840823","targetHints":{"allow":["GET"]}}],"collection":[{"href":"https:\/\/shop.diolosa.com\/pl\/wp-json\/wp\/v2\/product"}],"about":[{"href":"https:\/\/shop.diolosa.com\/pl\/wp-json\/wp\/v2\/types\/product"}],"wp:featuredmedia":[{"embeddable":true,"href":"https:\/\/shop.diolosa.com\/pl\/wp-json\/wp\/v2\/media\/3835943"}],"wp:attachment":[{"href":"https:\/\/shop.diolosa.com\/pl\/wp-json\/wp\/v2\/media?parent=3840823"}],"wp:term":[{"taxonomy":"product_brand","embeddable":true,"href":"https:\/\/shop.diolosa.com\/pl\/wp-json\/wp\/v2\/product_brand?post=3840823"},{"taxonomy":"product_cat","embeddable":true,"href":"https:\/\/shop.diolosa.com\/pl\/wp-json\/wp\/v2\/product_cat?post=3840823"},{"taxonomy":"product_tag","embeddable":true,"href":"https:\/\/shop.diolosa.com\/pl\/wp-json\/wp\/v2\/product_tag?post=3840823"}],"curies":[{"name":"wp","href":"https:\/\/api.w.org\/{rel}","templated":true}]}}