{"id":3840826,"date":"2019-09-04T12:15:09","date_gmt":"2025-03-10T05:53:24","guid":{"rendered":"https:\/\/shop.diolosa.com\/product\/szybkie-zwolnienie\/"},"modified":"2025-05-06T14:51:39","modified_gmt":"2025-05-06T13:51:39","slug":"szybkie-zwolnienie","status":"publish","type":"product","link":"https:\/\/shop.diolosa.com\/pl\/product\/szybkie-zwolnienie\/","title":{"rendered":"Szybkie zwolnienie"},"content":{"rendered":"<p>QUICK RELEASE jest stosowany w leczeniu ostrych zapar\u0107. Preparat ten pobudza kr\u0105\u017cenie Yang Ming Qi, dzia\u0142a zmi\u0119kczaj\u0105co, a nawet przeczyszczaj\u0105co, rozpuszcza zastoje pokarmowe oraz zapobiega zastojom krwi i z\u0142ogom w przewodzie pokarmowym. QUICK RELEASE nale\u017cy przyjmowa\u0107 wieczorem przed p\u00f3j\u015bciem spa\u0107 lub jako jednorazowy lek dora\u017any w innych porach dnia.<\/p>\n","protected":false},"excerpt":{"rendered":"<p>QUICK RELEASE jest stosowany w leczeniu ostrych zapar\u0107. Preparat ten  [&#8230;]<\/p>\n","protected":false},"featured_media":3835943,"template":"","meta":{"_acf_changed":false},"product_brand":[],"product_cat":[11867],"product_tag":[12009],"class_list":{"0":"post-3840826","1":"product","2":"type-product","3":"status-publish","4":"has-post-thumbnail","6":"product_cat-gastroenterologia","7":"product_tag-ostre-zaparcia","9":"first","10":"instock","11":"taxable","12":"shipping-taxable","13":"purchasable","14":"product-type-simple"},"acf":{"yn_product_audio":"https:\/\/shop.diolosa.com\/wp-content\/uploads\/2018\/12\/DL_0305.mp3","yn_product_video":"https:\/\/shop.diolosa.com\/wp-content\/uploads\/2024\/10\/Quick-Release.mp4","yn_product_akupunktur":"<p>Yang Ming Stymuluje ruch Qi<\/p>\n<p>jelito grube 4 &#8211; he gu (yuan) &#8211; xie fa<br \/>\nw\u0105troba 3 &#8211; tai chong (shu, yuan) &#8211; xie fa<br \/>\nsan chiao 6 &#8211; zhi gou (jing) &#8211; xie fa<br \/>\n\u017co\u0142\u0105dek 37 &#8211; shang ju xu (xia he xue) &#8211; xie fa<br \/>\n\u017co\u0142\u0105dek 25 &#8211; tian shu (mo>jelito grube) &#8211; xie fa<br \/>\n\u015bledziona 15 &#8211; da heng (yin wei mai) &#8211; xie fa  da heng (yin wei mai) &#8211; xie fa<br \/>\np\u0119cherz 25 &#8211; da chang shu &#8211; xie fa<br \/>\n\u017co\u0142\u0105dek 40 &#8211; feng long (luo) &#8211; xie fa<br \/>\n\u015bledziona 14 &#8211; fu jie &#8211; xie fa<br \/>\np\u0119cherz 57 &#8211; cheng shan &#8211; xie fa<\/p>\n","yn_product_verabreichungsart":"Pelety 140szt.","yn_product_dosierung":"<p>4 do 6 tabletek wieczorem przed p\u00f3j\u015bciem spa\u0107, po skutecznym wypr\u00f3\u017cnieniu preparat nale\u017cy odstawi\u0107.<\/p>\n","yn_product_combinations":"<p>szybki ruch brzucha (zast\u00f3j pokarmu)<\/p>\n","yn_product_avoidable":"<p>Bia\u0142ko zwierz\u0119ce, zw\u0142aszcza szynka, wieprzowina, kie\u0142basa i ser (przez 12 dni)<\/p>\n","yn_product_tcm_mindmapping":"<p>Zast\u00f3j pokarmu > Wilgotno\u015b\u0107 Yang Ming > Zast\u00f3j Qi i krwi > Zaparcia<\/p>\n","yn_product_tongue_body":"<p>OB<\/p>\n","yn_product_tongue_coating":"<p>U nasady j\u0119zyka: t\u0142usta, g\u0119sta, lepka i \u017c\u00f3\u0142tawa.<\/p>\n","yn_product_pulse_diagnostics":"<p>Pozycja jelita grubego: xian mai &#8211; napi\u0119te, hua mai &#8211; przesuwaj\u0105ce si\u0119, shi mai &#8211; pe\u0142ne, shuo mai &#8211; szybkie, se mai &#8211; szorstkie<\/p>\n","yn_product_indications":"<p>Ostre zaparcia, trudne i cuchn\u0105ce wydalanie, zast\u00f3j pokarmu, zatrucie pokarmowe, przekrwienie Yang Ming<\/p>\n","yn_product_contra_indications":"<p>Biegunka, miesi\u0105czka, nadmierne miesi\u0105czkowanie, wyczerpanie, po operacji, zaparcia w podesz\u0142ym wieku<\/p>\n","yn_product_pregnancy":"<p>Przeciwwskazane<\/p>\n","yn_product_herbs":"<p>aucklandiae radix &#8211; mu xiang, citrus aurantii immaturi &#8211; zhi shi, magnoliae officinalis cortex &#8211; hou po, rhei radix et rhizoma &#8211; da huang, persicae semen &#8211; tao ren, curcuma zeodariae rhizoma &#8211; e zhu, angelicae sinensis radix &#8211; dang gui<\/p>\n","yn_product_magisterrecipes":"<p>Ma Zi Ren Wan, Run Chang Wan<\/p>\n"},"yoast_head":"<!-- This site is optimized with the Yoast SEO plugin v24.9 - https:\/\/yoast.com\/wordpress\/plugins\/seo\/ -->\n<title>Szybkie zwolnienie - Claude Diolosa<\/title>\n<meta name=\"robots\" content=\"index, follow, max-snippet:-1, max-image-preview:large, max-video-preview:-1\" \/>\n<link rel=\"canonical\" href=\"https:\/\/shop.diolosa.com\/pl\/product\/szybkie-zwolnienie\/\" \/>\n<meta property=\"og:locale\" content=\"pl_PL\" \/>\n<meta property=\"og:type\" content=\"article\" \/>\n<meta property=\"og:title\" content=\"Szybkie zwolnienie - Claude Diolosa\" \/>\n<meta property=\"og:description\" content=\"QUICK RELEASE jest stosowany w leczeniu ostrych zapar\u0107. Preparat ten [...]\" \/>\n<meta property=\"og:url\" content=\"https:\/\/shop.diolosa.com\/pl\/product\/szybkie-zwolnienie\/\" \/>\n<meta property=\"og:site_name\" content=\"Claude Diolosa\" \/>\n<meta property=\"article:publisher\" content=\"https:\/\/facebook.com\/claudediolosa\" \/>\n<meta property=\"article:modified_time\" content=\"2025-05-06T13:51:39+00:00\" \/>\n<meta property=\"og:image\" content=\"https:\/\/shop.diolosa.com\/wp-content\/uploads\/2019\/09\/Presslinge-140.jpg\" \/>\n\t<meta property=\"og:image:width\" content=\"800\" \/>\n\t<meta property=\"og:image:height\" content=\"533\" \/>\n\t<meta property=\"og:image:type\" content=\"image\/jpeg\" \/>\n<meta name=\"twitter:card\" content=\"summary_large_image\" \/>\n<script type=\"application\/ld+json\" class=\"yoast-schema-graph\">{\"@context\":\"https:\/\/schema.org\",\"@graph\":[{\"@type\":\"WebPage\",\"@id\":\"https:\/\/shop.diolosa.com\/pl\/product\/szybkie-zwolnienie\/\",\"url\":\"https:\/\/shop.diolosa.com\/pl\/product\/szybkie-zwolnienie\/\",\"name\":\"Szybkie zwolnienie - Claude Diolosa\",\"isPartOf\":{\"@id\":\"https:\/\/shop.diolosa.com\/pl\/#website\"},\"primaryImageOfPage\":{\"@id\":\"https:\/\/shop.diolosa.com\/pl\/product\/szybkie-zwolnienie\/#primaryimage\"},\"image\":{\"@id\":\"https:\/\/shop.diolosa.com\/pl\/product\/szybkie-zwolnienie\/#primaryimage\"},\"thumbnailUrl\":\"https:\/\/shop.diolosa.com\/wp-content\/uploads\/2019\/09\/Presslinge-140.jpg\",\"datePublished\":\"2025-03-10T05:53:24+00:00\",\"dateModified\":\"2025-05-06T13:51:39+00:00\",\"breadcrumb\":{\"@id\":\"https:\/\/shop.diolosa.com\/pl\/product\/szybkie-zwolnienie\/#breadcrumb\"},\"inLanguage\":\"pl-PL\",\"potentialAction\":[{\"@type\":\"ReadAction\",\"target\":[\"https:\/\/shop.diolosa.com\/pl\/product\/szybkie-zwolnienie\/\"]}]},{\"@type\":\"ImageObject\",\"inLanguage\":\"pl-PL\",\"@id\":\"https:\/\/shop.diolosa.com\/pl\/product\/szybkie-zwolnienie\/#primaryimage\",\"url\":\"https:\/\/shop.diolosa.com\/wp-content\/uploads\/2019\/09\/Presslinge-140.jpg\",\"contentUrl\":\"https:\/\/shop.diolosa.com\/wp-content\/uploads\/2019\/09\/Presslinge-140.jpg\",\"width\":800,\"height\":533},{\"@type\":\"BreadcrumbList\",\"@id\":\"https:\/\/shop.diolosa.com\/pl\/product\/szybkie-zwolnienie\/#breadcrumb\",\"itemListElement\":[{\"@type\":\"ListItem\",\"position\":1,\"name\":\"Startseite\",\"item\":\"https:\/\/shop.diolosa.com\/pl\/?page_id=3835710\"},{\"@type\":\"ListItem\",\"position\":2,\"name\":\"Sklep\",\"item\":\"https:\/\/shop.diolosa.com\/pl\/?page_id=3835710\"},{\"@type\":\"ListItem\",\"position\":3,\"name\":\"Szybkie zwolnienie\"}]},{\"@type\":\"WebSite\",\"@id\":\"https:\/\/shop.diolosa.com\/pl\/#website\",\"url\":\"https:\/\/shop.diolosa.com\/pl\/\",\"name\":\"Claude Diolosa\",\"description\":\"\",\"publisher\":{\"@id\":\"https:\/\/shop.diolosa.com\/pl\/#organization\"},\"potentialAction\":[{\"@type\":\"SearchAction\",\"target\":{\"@type\":\"EntryPoint\",\"urlTemplate\":\"https:\/\/shop.diolosa.com\/pl\/?s={search_term_string}\"},\"query-input\":{\"@type\":\"PropertyValueSpecification\",\"valueRequired\":true,\"valueName\":\"search_term_string\"}}],\"inLanguage\":\"pl-PL\"},{\"@type\":\"Organization\",\"@id\":\"https:\/\/shop.diolosa.com\/pl\/#organization\",\"name\":\"Claude Diolosa\",\"url\":\"https:\/\/shop.diolosa.com\/pl\/\",\"logo\":{\"@type\":\"ImageObject\",\"inLanguage\":\"pl-PL\",\"@id\":\"https:\/\/shop.diolosa.com\/pl\/#\/schema\/logo\/image\/\",\"url\":\"https:\/\/shop.diolosa.com\/wp-content\/uploads\/2019\/08\/diolosa-drop-logo-new.png\",\"contentUrl\":\"https:\/\/shop.diolosa.com\/wp-content\/uploads\/2019\/08\/diolosa-drop-logo-new.png\",\"width\":134,\"height\":176,\"caption\":\"Claude Diolosa\"},\"image\":{\"@id\":\"https:\/\/shop.diolosa.com\/pl\/#\/schema\/logo\/image\/\"},\"sameAs\":[\"https:\/\/facebook.com\/claudediolosa\",\"https:\/\/www.instagram.com\/diolosaclaude108\/\"]}]}<\/script>\n<!-- \/ Yoast SEO plugin. -->","yoast_head_json":{"title":"Szybkie zwolnienie - Claude Diolosa","robots":{"index":"index","follow":"follow","max-snippet":"max-snippet:-1","max-image-preview":"max-image-preview:large","max-video-preview":"max-video-preview:-1"},"canonical":"https:\/\/shop.diolosa.com\/pl\/product\/szybkie-zwolnienie\/","og_locale":"pl_PL","og_type":"article","og_title":"Szybkie zwolnienie - Claude Diolosa","og_description":"QUICK RELEASE jest stosowany w leczeniu ostrych zapar\u0107. Preparat ten [...]","og_url":"https:\/\/shop.diolosa.com\/pl\/product\/szybkie-zwolnienie\/","og_site_name":"Claude Diolosa","article_publisher":"https:\/\/facebook.com\/claudediolosa","article_modified_time":"2025-05-06T13:51:39+00:00","og_image":[{"width":800,"height":533,"url":"https:\/\/shop.diolosa.com\/wp-content\/uploads\/2019\/09\/Presslinge-140.jpg","type":"image\/jpeg"}],"twitter_card":"summary_large_image","schema":{"@context":"https:\/\/schema.org","@graph":[{"@type":"WebPage","@id":"https:\/\/shop.diolosa.com\/pl\/product\/szybkie-zwolnienie\/","url":"https:\/\/shop.diolosa.com\/pl\/product\/szybkie-zwolnienie\/","name":"Szybkie zwolnienie - Claude Diolosa","isPartOf":{"@id":"https:\/\/shop.diolosa.com\/pl\/#website"},"primaryImageOfPage":{"@id":"https:\/\/shop.diolosa.com\/pl\/product\/szybkie-zwolnienie\/#primaryimage"},"image":{"@id":"https:\/\/shop.diolosa.com\/pl\/product\/szybkie-zwolnienie\/#primaryimage"},"thumbnailUrl":"https:\/\/shop.diolosa.com\/wp-content\/uploads\/2019\/09\/Presslinge-140.jpg","datePublished":"2025-03-10T05:53:24+00:00","dateModified":"2025-05-06T13:51:39+00:00","breadcrumb":{"@id":"https:\/\/shop.diolosa.com\/pl\/product\/szybkie-zwolnienie\/#breadcrumb"},"inLanguage":"pl-PL","potentialAction":[{"@type":"ReadAction","target":["https:\/\/shop.diolosa.com\/pl\/product\/szybkie-zwolnienie\/"]}]},{"@type":"ImageObject","inLanguage":"pl-PL","@id":"https:\/\/shop.diolosa.com\/pl\/product\/szybkie-zwolnienie\/#primaryimage","url":"https:\/\/shop.diolosa.com\/wp-content\/uploads\/2019\/09\/Presslinge-140.jpg","contentUrl":"https:\/\/shop.diolosa.com\/wp-content\/uploads\/2019\/09\/Presslinge-140.jpg","width":800,"height":533},{"@type":"BreadcrumbList","@id":"https:\/\/shop.diolosa.com\/pl\/product\/szybkie-zwolnienie\/#breadcrumb","itemListElement":[{"@type":"ListItem","position":1,"name":"Startseite","item":"https:\/\/shop.diolosa.com\/pl\/?page_id=3835710"},{"@type":"ListItem","position":2,"name":"Sklep","item":"https:\/\/shop.diolosa.com\/pl\/?page_id=3835710"},{"@type":"ListItem","position":3,"name":"Szybkie zwolnienie"}]},{"@type":"WebSite","@id":"https:\/\/shop.diolosa.com\/pl\/#website","url":"https:\/\/shop.diolosa.com\/pl\/","name":"Claude Diolosa","description":"","publisher":{"@id":"https:\/\/shop.diolosa.com\/pl\/#organization"},"potentialAction":[{"@type":"SearchAction","target":{"@type":"EntryPoint","urlTemplate":"https:\/\/shop.diolosa.com\/pl\/?s={search_term_string}"},"query-input":{"@type":"PropertyValueSpecification","valueRequired":true,"valueName":"search_term_string"}}],"inLanguage":"pl-PL"},{"@type":"Organization","@id":"https:\/\/shop.diolosa.com\/pl\/#organization","name":"Claude Diolosa","url":"https:\/\/shop.diolosa.com\/pl\/","logo":{"@type":"ImageObject","inLanguage":"pl-PL","@id":"https:\/\/shop.diolosa.com\/pl\/#\/schema\/logo\/image\/","url":"https:\/\/shop.diolosa.com\/wp-content\/uploads\/2019\/08\/diolosa-drop-logo-new.png","contentUrl":"https:\/\/shop.diolosa.com\/wp-content\/uploads\/2019\/08\/diolosa-drop-logo-new.png","width":134,"height":176,"caption":"Claude Diolosa"},"image":{"@id":"https:\/\/shop.diolosa.com\/pl\/#\/schema\/logo\/image\/"},"sameAs":["https:\/\/facebook.com\/claudediolosa","https:\/\/www.instagram.com\/diolosaclaude108\/"]}]}},"_links":{"self":[{"href":"https:\/\/shop.diolosa.com\/pl\/wp-json\/wp\/v2\/product\/3840826","targetHints":{"allow":["GET"]}}],"collection":[{"href":"https:\/\/shop.diolosa.com\/pl\/wp-json\/wp\/v2\/product"}],"about":[{"href":"https:\/\/shop.diolosa.com\/pl\/wp-json\/wp\/v2\/types\/product"}],"wp:featuredmedia":[{"embeddable":true,"href":"https:\/\/shop.diolosa.com\/pl\/wp-json\/wp\/v2\/media\/3835943"}],"wp:attachment":[{"href":"https:\/\/shop.diolosa.com\/pl\/wp-json\/wp\/v2\/media?parent=3840826"}],"wp:term":[{"taxonomy":"product_brand","embeddable":true,"href":"https:\/\/shop.diolosa.com\/pl\/wp-json\/wp\/v2\/product_brand?post=3840826"},{"taxonomy":"product_cat","embeddable":true,"href":"https:\/\/shop.diolosa.com\/pl\/wp-json\/wp\/v2\/product_cat?post=3840826"},{"taxonomy":"product_tag","embeddable":true,"href":"https:\/\/shop.diolosa.com\/pl\/wp-json\/wp\/v2\/product_tag?post=3840826"}],"curies":[{"name":"wp","href":"https:\/\/api.w.org\/{rel}","templated":true}]}}