{"id":3840831,"date":"2019-09-04T12:15:00","date_gmt":"2025-03-10T05:53:27","guid":{"rendered":"https:\/\/shop.diolosa.com\/product\/zel-free-flow\/"},"modified":"2025-05-06T14:52:51","modified_gmt":"2025-05-06T13:52:51","slug":"zel-free-flow","status":"publish","type":"product","link":"https:\/\/shop.diolosa.com\/pl\/product\/zel-free-flow\/","title":{"rendered":"\u017bel Free Flow"},"content":{"rendered":"<p>FREE FLOW GEL jest stosowany w leczeniu zwichni\u0119\u0107, st\u0142ucze\u0144 i z\u0142ama\u0144 ko\u015bci. Preparat ten jest stosowany w medycynie ratunkowej i przede wszystkim w sektorze sportowym w po\u0142\u0105czeniu z FREE FLOW TABLETS i FREE FLOW SPRAY. Stosowany miejscowo FREE FLOW GEL rozpuszcza zastoje Qi i krwi, zmniejsza obrz\u0119ki, wspomaga kr\u0105\u017cenie p\u0142yn\u00f3w ustrojowych, otwiera naczynia Luo i \u0142agodzi b\u00f3l. Aby jak najszybciej wyeliminowa\u0107 zastoje, FREE FLOW GEL powinien by\u0107 stosowany w po\u0142\u0105czeniu z FREE FLOW SPRAY.   <\/p>\n<p>&nbsp;<\/p>\n","protected":false},"excerpt":{"rendered":"<p>&nbsp;<\/p>\n<p>&nbsp;<\/p>\n","protected":false},"featured_media":3840832,"template":"","meta":{"_acf_changed":false},"product_brand":[],"product_cat":[12011],"product_tag":[12016],"class_list":{"0":"post-3840831","1":"product","2":"type-product","3":"status-publish","4":"has-post-thumbnail","6":"product_cat-traumatologia","7":"product_tag-uraz-zel","9":"first","10":"instock","11":"taxable","12":"shipping-taxable","13":"purchasable","14":"product-type-simple"},"acf":{"yn_product_audio":"https:\/\/shop.diolosa.com\/wp-content\/uploads\/2022\/10\/DL_FReeFlowGel.m4a","yn_product_akupunktur":"<p>Punkty Ah-Shi > xie fa <\/p>\n<p>Punkty lokalne > xie fa <\/p>\n<p>Punkty Xi > xie fa <\/p>\n<p>Punkty dalekie > xie fa lub bu fa<\/p>\n<p>Spokojny Shen<\/p>\n","yn_product_verabreichungsart":"\u017bel 150g","yn_product_dosierung":"<p>Nak\u0142ada\u0107 i wmasowywa\u0107 kilka razy dziennie<\/p>\n","yn_product_combinations":"<p>FREE FLOW TABLETS (urazy), FREE FLOW OIL, SPRAY (zewn\u0119trzne, urazy), BREAKING THROUGH (zakrzepica), NIRIPSA (b\u00f3l)<\/p>\n","yn_product_avoidable":"<p>\u017bywno\u015b\u0107 na zimno, owoce cytrusowe, soki, surowe warzywa, produkty mleczne<\/p>\n","yn_product_tcm_mindmapping":"<p>St\u0142uczenie, skr\u0119cenie, operacja > przekrwienie Qi i krwi w naczyniach Jing Luo > b\u00f3l<\/p>\n","yn_product_tongue_body":"<p>Zaplamione, zaci\u0119te<\/p>\n","yn_product_tongue_coating":"<p>Cienki<\/p>\n","yn_product_pulse_diagnostics":"<p>se mai &#8211; szorstki, xian mai &#8211; napi\u0119ty<\/p>\n","yn_product_indications":"<p>St\u0142uczenia, z\u0142amania ko\u015bci, zaburzenia kr\u0105\u017cenia, b\u00f3l<\/p>\n","yn_product_contra_indications":"<p>Preparaty rozrzedzaj\u0105ce krew<\/p>\n","yn_product_pregnancy":"<p>Przeciwwskazane<\/p>\n","yn_product_herbs":"<p>olibanum resina &#8211; ru xiang, myrrhae gummi &#8211; mo yao, angelicae sinensis radix &#8211; dang gui, carthami flos &#8211; hong hua, borneolum (dryobalanops aromitaca) &#8211; bing pian<\/p>\n","yn_product_magisterrecipes":"<p>Da Wan<\/p>\n","yn_product_video":"https:\/\/shop.diolosa.com\/wp-content\/uploads\/2025\/06\/Free-Flow-Allgemein-.mp4"},"yoast_head":"<!-- This site is optimized with the Yoast SEO plugin v24.9 - https:\/\/yoast.com\/wordpress\/plugins\/seo\/ -->\n<title>\u017bel Free Flow - Claude Diolosa<\/title>\n<meta name=\"robots\" content=\"index, follow, max-snippet:-1, max-image-preview:large, max-video-preview:-1\" \/>\n<link rel=\"canonical\" href=\"https:\/\/shop.diolosa.com\/pl\/product\/zel-free-flow\/\" \/>\n<meta property=\"og:locale\" content=\"pl_PL\" \/>\n<meta property=\"og:type\" content=\"article\" \/>\n<meta property=\"og:title\" content=\"\u017bel Free Flow - Claude Diolosa\" \/>\n<meta property=\"og:description\" content=\"&nbsp; &nbsp;\" \/>\n<meta property=\"og:url\" content=\"https:\/\/shop.diolosa.com\/pl\/product\/zel-free-flow\/\" \/>\n<meta property=\"og:site_name\" content=\"Claude Diolosa\" \/>\n<meta property=\"article:publisher\" content=\"https:\/\/facebook.com\/claudediolosa\" \/>\n<meta property=\"article:modified_time\" content=\"2025-05-06T13:52:51+00:00\" \/>\n<meta property=\"og:image\" content=\"https:\/\/shop.diolosa.com\/wp-content\/uploads\/2019\/07\/DL_819_Apotheke_IBK_Produkte.jpg\" \/>\n\t<meta property=\"og:image:width\" content=\"800\" \/>\n\t<meta property=\"og:image:height\" content=\"533\" \/>\n\t<meta property=\"og:image:type\" content=\"image\/jpeg\" \/>\n<meta name=\"twitter:card\" content=\"summary_large_image\" \/>\n<script type=\"application\/ld+json\" class=\"yoast-schema-graph\">{\"@context\":\"https:\/\/schema.org\",\"@graph\":[{\"@type\":\"WebPage\",\"@id\":\"https:\/\/shop.diolosa.com\/pl\/product\/zel-free-flow\/\",\"url\":\"https:\/\/shop.diolosa.com\/pl\/product\/zel-free-flow\/\",\"name\":\"\u017bel Free Flow - Claude Diolosa\",\"isPartOf\":{\"@id\":\"https:\/\/shop.diolosa.com\/pl\/#website\"},\"primaryImageOfPage\":{\"@id\":\"https:\/\/shop.diolosa.com\/pl\/product\/zel-free-flow\/#primaryimage\"},\"image\":{\"@id\":\"https:\/\/shop.diolosa.com\/pl\/product\/zel-free-flow\/#primaryimage\"},\"thumbnailUrl\":\"https:\/\/shop.diolosa.com\/wp-content\/uploads\/2019\/07\/DL_819_Apotheke_IBK_Produkte.jpg\",\"datePublished\":\"2025-03-10T05:53:27+00:00\",\"dateModified\":\"2025-05-06T13:52:51+00:00\",\"breadcrumb\":{\"@id\":\"https:\/\/shop.diolosa.com\/pl\/product\/zel-free-flow\/#breadcrumb\"},\"inLanguage\":\"pl-PL\",\"potentialAction\":[{\"@type\":\"ReadAction\",\"target\":[\"https:\/\/shop.diolosa.com\/pl\/product\/zel-free-flow\/\"]}]},{\"@type\":\"ImageObject\",\"inLanguage\":\"pl-PL\",\"@id\":\"https:\/\/shop.diolosa.com\/pl\/product\/zel-free-flow\/#primaryimage\",\"url\":\"https:\/\/shop.diolosa.com\/wp-content\/uploads\/2019\/07\/DL_819_Apotheke_IBK_Produkte.jpg\",\"contentUrl\":\"https:\/\/shop.diolosa.com\/wp-content\/uploads\/2019\/07\/DL_819_Apotheke_IBK_Produkte.jpg\",\"width\":800,\"height\":533},{\"@type\":\"BreadcrumbList\",\"@id\":\"https:\/\/shop.diolosa.com\/pl\/product\/zel-free-flow\/#breadcrumb\",\"itemListElement\":[{\"@type\":\"ListItem\",\"position\":1,\"name\":\"Startseite\",\"item\":\"https:\/\/shop.diolosa.com\/pl\/?page_id=3835710\"},{\"@type\":\"ListItem\",\"position\":2,\"name\":\"Sklep\",\"item\":\"https:\/\/shop.diolosa.com\/pl\/?page_id=3835710\"},{\"@type\":\"ListItem\",\"position\":3,\"name\":\"\u017bel Free Flow\"}]},{\"@type\":\"WebSite\",\"@id\":\"https:\/\/shop.diolosa.com\/pl\/#website\",\"url\":\"https:\/\/shop.diolosa.com\/pl\/\",\"name\":\"Claude Diolosa\",\"description\":\"\",\"publisher\":{\"@id\":\"https:\/\/shop.diolosa.com\/pl\/#organization\"},\"potentialAction\":[{\"@type\":\"SearchAction\",\"target\":{\"@type\":\"EntryPoint\",\"urlTemplate\":\"https:\/\/shop.diolosa.com\/pl\/?s={search_term_string}\"},\"query-input\":{\"@type\":\"PropertyValueSpecification\",\"valueRequired\":true,\"valueName\":\"search_term_string\"}}],\"inLanguage\":\"pl-PL\"},{\"@type\":\"Organization\",\"@id\":\"https:\/\/shop.diolosa.com\/pl\/#organization\",\"name\":\"Claude Diolosa\",\"url\":\"https:\/\/shop.diolosa.com\/pl\/\",\"logo\":{\"@type\":\"ImageObject\",\"inLanguage\":\"pl-PL\",\"@id\":\"https:\/\/shop.diolosa.com\/pl\/#\/schema\/logo\/image\/\",\"url\":\"https:\/\/shop.diolosa.com\/wp-content\/uploads\/2019\/08\/diolosa-drop-logo-new.png\",\"contentUrl\":\"https:\/\/shop.diolosa.com\/wp-content\/uploads\/2019\/08\/diolosa-drop-logo-new.png\",\"width\":134,\"height\":176,\"caption\":\"Claude Diolosa\"},\"image\":{\"@id\":\"https:\/\/shop.diolosa.com\/pl\/#\/schema\/logo\/image\/\"},\"sameAs\":[\"https:\/\/facebook.com\/claudediolosa\",\"https:\/\/www.instagram.com\/diolosaclaude108\/\"]}]}<\/script>\n<!-- \/ Yoast SEO plugin. -->","yoast_head_json":{"title":"\u017bel Free Flow - Claude Diolosa","robots":{"index":"index","follow":"follow","max-snippet":"max-snippet:-1","max-image-preview":"max-image-preview:large","max-video-preview":"max-video-preview:-1"},"canonical":"https:\/\/shop.diolosa.com\/pl\/product\/zel-free-flow\/","og_locale":"pl_PL","og_type":"article","og_title":"\u017bel Free Flow - Claude Diolosa","og_description":"&nbsp; &nbsp;","og_url":"https:\/\/shop.diolosa.com\/pl\/product\/zel-free-flow\/","og_site_name":"Claude Diolosa","article_publisher":"https:\/\/facebook.com\/claudediolosa","article_modified_time":"2025-05-06T13:52:51+00:00","og_image":[{"width":800,"height":533,"url":"https:\/\/shop.diolosa.com\/wp-content\/uploads\/2019\/07\/DL_819_Apotheke_IBK_Produkte.jpg","type":"image\/jpeg"}],"twitter_card":"summary_large_image","schema":{"@context":"https:\/\/schema.org","@graph":[{"@type":"WebPage","@id":"https:\/\/shop.diolosa.com\/pl\/product\/zel-free-flow\/","url":"https:\/\/shop.diolosa.com\/pl\/product\/zel-free-flow\/","name":"\u017bel Free Flow - Claude Diolosa","isPartOf":{"@id":"https:\/\/shop.diolosa.com\/pl\/#website"},"primaryImageOfPage":{"@id":"https:\/\/shop.diolosa.com\/pl\/product\/zel-free-flow\/#primaryimage"},"image":{"@id":"https:\/\/shop.diolosa.com\/pl\/product\/zel-free-flow\/#primaryimage"},"thumbnailUrl":"https:\/\/shop.diolosa.com\/wp-content\/uploads\/2019\/07\/DL_819_Apotheke_IBK_Produkte.jpg","datePublished":"2025-03-10T05:53:27+00:00","dateModified":"2025-05-06T13:52:51+00:00","breadcrumb":{"@id":"https:\/\/shop.diolosa.com\/pl\/product\/zel-free-flow\/#breadcrumb"},"inLanguage":"pl-PL","potentialAction":[{"@type":"ReadAction","target":["https:\/\/shop.diolosa.com\/pl\/product\/zel-free-flow\/"]}]},{"@type":"ImageObject","inLanguage":"pl-PL","@id":"https:\/\/shop.diolosa.com\/pl\/product\/zel-free-flow\/#primaryimage","url":"https:\/\/shop.diolosa.com\/wp-content\/uploads\/2019\/07\/DL_819_Apotheke_IBK_Produkte.jpg","contentUrl":"https:\/\/shop.diolosa.com\/wp-content\/uploads\/2019\/07\/DL_819_Apotheke_IBK_Produkte.jpg","width":800,"height":533},{"@type":"BreadcrumbList","@id":"https:\/\/shop.diolosa.com\/pl\/product\/zel-free-flow\/#breadcrumb","itemListElement":[{"@type":"ListItem","position":1,"name":"Startseite","item":"https:\/\/shop.diolosa.com\/pl\/?page_id=3835710"},{"@type":"ListItem","position":2,"name":"Sklep","item":"https:\/\/shop.diolosa.com\/pl\/?page_id=3835710"},{"@type":"ListItem","position":3,"name":"\u017bel Free Flow"}]},{"@type":"WebSite","@id":"https:\/\/shop.diolosa.com\/pl\/#website","url":"https:\/\/shop.diolosa.com\/pl\/","name":"Claude Diolosa","description":"","publisher":{"@id":"https:\/\/shop.diolosa.com\/pl\/#organization"},"potentialAction":[{"@type":"SearchAction","target":{"@type":"EntryPoint","urlTemplate":"https:\/\/shop.diolosa.com\/pl\/?s={search_term_string}"},"query-input":{"@type":"PropertyValueSpecification","valueRequired":true,"valueName":"search_term_string"}}],"inLanguage":"pl-PL"},{"@type":"Organization","@id":"https:\/\/shop.diolosa.com\/pl\/#organization","name":"Claude Diolosa","url":"https:\/\/shop.diolosa.com\/pl\/","logo":{"@type":"ImageObject","inLanguage":"pl-PL","@id":"https:\/\/shop.diolosa.com\/pl\/#\/schema\/logo\/image\/","url":"https:\/\/shop.diolosa.com\/wp-content\/uploads\/2019\/08\/diolosa-drop-logo-new.png","contentUrl":"https:\/\/shop.diolosa.com\/wp-content\/uploads\/2019\/08\/diolosa-drop-logo-new.png","width":134,"height":176,"caption":"Claude Diolosa"},"image":{"@id":"https:\/\/shop.diolosa.com\/pl\/#\/schema\/logo\/image\/"},"sameAs":["https:\/\/facebook.com\/claudediolosa","https:\/\/www.instagram.com\/diolosaclaude108\/"]}]}},"_links":{"self":[{"href":"https:\/\/shop.diolosa.com\/pl\/wp-json\/wp\/v2\/product\/3840831","targetHints":{"allow":["GET"]}}],"collection":[{"href":"https:\/\/shop.diolosa.com\/pl\/wp-json\/wp\/v2\/product"}],"about":[{"href":"https:\/\/shop.diolosa.com\/pl\/wp-json\/wp\/v2\/types\/product"}],"wp:featuredmedia":[{"embeddable":true,"href":"https:\/\/shop.diolosa.com\/pl\/wp-json\/wp\/v2\/media\/3840832"}],"wp:attachment":[{"href":"https:\/\/shop.diolosa.com\/pl\/wp-json\/wp\/v2\/media?parent=3840831"}],"wp:term":[{"taxonomy":"product_brand","embeddable":true,"href":"https:\/\/shop.diolosa.com\/pl\/wp-json\/wp\/v2\/product_brand?post=3840831"},{"taxonomy":"product_cat","embeddable":true,"href":"https:\/\/shop.diolosa.com\/pl\/wp-json\/wp\/v2\/product_cat?post=3840831"},{"taxonomy":"product_tag","embeddable":true,"href":"https:\/\/shop.diolosa.com\/pl\/wp-json\/wp\/v2\/product_tag?post=3840831"}],"curies":[{"name":"wp","href":"https:\/\/api.w.org\/{rel}","templated":true}]}}