{"id":3840836,"date":"2019-09-04T12:15:00","date_gmt":"2025-03-10T05:53:28","guid":{"rendered":"https:\/\/shop.diolosa.com\/product\/free-flow-spray\/"},"modified":"2025-04-24T20:24:06","modified_gmt":"2025-04-24T19:24:06","slug":"free-flow-spray","status":"publish","type":"product","link":"https:\/\/shop.diolosa.com\/pl\/product\/free-flow-spray\/","title":{"rendered":"Free Flow Spray"},"content":{"rendered":"<p>FREE FLOW SPRAY jest stosowany do ostrego i szybkiego leczenia skr\u0119ce\u0144, st\u0142ucze\u0144, z\u0142ama\u0144 ko\u015bci, a nawet zakrzepicy. Ten \u0142atwy w u\u017cyciu spray jest stosowany jako lek ratunkowy i jest u\u017cywany g\u0142\u00f3wnie w sektorze sportowym w po\u0142\u0105czeniu z FREE FLOW TABLETS i FREE FLOW OIL, GEL. Stosowany miejscowo FREE FLOW SPRAY rozpuszcza zastoje Qi i krwi, zmniejsza obrz\u0119ki, wspomaga kr\u0105\u017cenie p\u0142yn\u00f3w ustrojowych, otwiera naczynia Luo i \u0142agodzi b\u00f3l. Aby jak najszybciej zlikwidowa\u0107 zastoje, FREE FLOW SPRAY powinien by\u0107 stosowany w po\u0142\u0105czeniu z FREE FLOW TABLETKI, \u017bEL i OLEJ.<\/p>\n","protected":false},"excerpt":{"rendered":"<p>FREE FLOW SPRAY jest stosowany do ostrego i szybkiego leczenia  [&#8230;]<\/p>\n","protected":false},"featured_media":3840837,"template":"","meta":{"_acf_changed":false},"product_brand":[],"product_cat":[12011],"product_tag":[12024],"class_list":{"0":"post-3840836","1":"product","2":"type-product","3":"status-publish","4":"has-post-thumbnail","6":"product_cat-traumatologia","7":"product_tag-uraz-spray","9":"first","10":"instock","11":"taxable","12":"shipping-taxable","13":"purchasable","14":"product-type-simple"},"acf":{"yn_product_audio":"https:\/\/shop.diolosa.com\/wp-content\/uploads\/2018\/12\/DL_0823.mp3","yn_product_video":"https:\/\/shop.diolosa.com\/wp-content\/uploads\/2024\/04\/Free-Flow-Spray.mp4","yn_product_akupunktur":"<p>Punkty Ah-Shi > xie fa <\/p>\n<p>Punkty lokalne > xie fa <\/p>\n<p>Punkty Xi > xie fa <\/p>\n<p>Punkty dalekie > xie fa lub bu fa<\/p>\n<p>Spokojny Shen<\/p>\n","yn_product_verabreichungsart":"Nalewka 100ml","yn_product_dosierung":"<p>Spryska\u0107 i wciera\u0107 kilka razy dziennie<\/p>\n","yn_product_combinations":"<p>FREE FLOW TABLETS (urazy), FREE FLOW GEL, OIL (zewn\u0119trzne, urazy), BREAKING THROUGH (zakrzepica), NIRIPSA (b\u00f3l)<\/p>\n","yn_product_avoidable":"<p>\u017bywno\u015b\u0107 na zimno, owoce cytrusowe, soki, surowe warzywa, produkty mleczne<\/p>\n","yn_product_tcm_mindmapping":"<p>St\u0142uczenie, skr\u0119cenie, operacja > przekrwienie Qi i krwi w naczyniach Jing Luo > b\u00f3l<\/p>\n","yn_product_tongue_body":"<p>Zaplamione, zaci\u0119te<\/p>\n","yn_product_tongue_coating":"<p>Cienki<\/p>\n","yn_product_pulse_diagnostics":"<p>se mai &#8211; szorstki, xian mai &#8211; napi\u0119ty<\/p>\n","yn_product_indications":"<p>St\u0142uczenia, z\u0142amania ko\u015bci, zaburzenia kr\u0105\u017cenia, b\u00f3l<\/p>\n","yn_product_contra_indications":"<p>Preparaty rozrzedzaj\u0105ce krew<\/p>\n","yn_product_pregnancy":"<p>Przeciwwskazane<\/p>\n","yn_product_herbs":"<p>olibanum resina &#8211; ru xiang, myrrhae gummi &#8211; mo yao, angelicae sinensis radix &#8211; dang gui, carthami flos &#8211; hong hua, borneolum (dryobalanops aromitaca) &#8211; bing pian<\/p>\n","yn_product_magisterrecipes":"<p>Da Wan<\/p>\n"},"yoast_head":"<!-- This site is optimized with the Yoast SEO plugin v24.9 - https:\/\/yoast.com\/wordpress\/plugins\/seo\/ -->\n<title>Free Flow Spray - Claude Diolosa<\/title>\n<meta name=\"robots\" content=\"index, follow, max-snippet:-1, max-image-preview:large, max-video-preview:-1\" \/>\n<link rel=\"canonical\" href=\"https:\/\/shop.diolosa.com\/pl\/product\/free-flow-spray\/\" \/>\n<meta property=\"og:locale\" content=\"pl_PL\" \/>\n<meta property=\"og:type\" content=\"article\" \/>\n<meta property=\"og:title\" content=\"Free Flow Spray - Claude Diolosa\" \/>\n<meta property=\"og:description\" content=\"FREE FLOW SPRAY jest stosowany do ostrego i szybkiego leczenia [...]\" \/>\n<meta property=\"og:url\" content=\"https:\/\/shop.diolosa.com\/pl\/product\/free-flow-spray\/\" \/>\n<meta property=\"og:site_name\" content=\"Claude Diolosa\" \/>\n<meta property=\"article:publisher\" content=\"https:\/\/facebook.com\/claudediolosa\" \/>\n<meta property=\"article:modified_time\" content=\"2025-04-24T19:24:06+00:00\" \/>\n<meta property=\"og:image\" content=\"https:\/\/shop.diolosa.com\/wp-content\/uploads\/2021\/12\/free-flow-spray.png\" \/>\n\t<meta property=\"og:image:width\" content=\"800\" \/>\n\t<meta property=\"og:image:height\" content=\"533\" \/>\n\t<meta property=\"og:image:type\" content=\"image\/png\" \/>\n<meta name=\"twitter:card\" content=\"summary_large_image\" \/>\n<meta name=\"twitter:label1\" content=\"Szacowany czas czytania\" \/>\n\t<meta name=\"twitter:data1\" content=\"1 minuta\" \/>\n<script type=\"application\/ld+json\" class=\"yoast-schema-graph\">{\"@context\":\"https:\/\/schema.org\",\"@graph\":[{\"@type\":\"WebPage\",\"@id\":\"https:\/\/shop.diolosa.com\/pl\/product\/free-flow-spray\/\",\"url\":\"https:\/\/shop.diolosa.com\/pl\/product\/free-flow-spray\/\",\"name\":\"Free Flow Spray - Claude Diolosa\",\"isPartOf\":{\"@id\":\"https:\/\/shop.diolosa.com\/pl\/#website\"},\"primaryImageOfPage\":{\"@id\":\"https:\/\/shop.diolosa.com\/pl\/product\/free-flow-spray\/#primaryimage\"},\"image\":{\"@id\":\"https:\/\/shop.diolosa.com\/pl\/product\/free-flow-spray\/#primaryimage\"},\"thumbnailUrl\":\"https:\/\/shop.diolosa.com\/wp-content\/uploads\/2021\/12\/free-flow-spray.png\",\"datePublished\":\"2025-03-10T05:53:28+00:00\",\"dateModified\":\"2025-04-24T19:24:06+00:00\",\"breadcrumb\":{\"@id\":\"https:\/\/shop.diolosa.com\/pl\/product\/free-flow-spray\/#breadcrumb\"},\"inLanguage\":\"pl-PL\",\"potentialAction\":[{\"@type\":\"ReadAction\",\"target\":[\"https:\/\/shop.diolosa.com\/pl\/product\/free-flow-spray\/\"]}]},{\"@type\":\"ImageObject\",\"inLanguage\":\"pl-PL\",\"@id\":\"https:\/\/shop.diolosa.com\/pl\/product\/free-flow-spray\/#primaryimage\",\"url\":\"https:\/\/shop.diolosa.com\/wp-content\/uploads\/2021\/12\/free-flow-spray.png\",\"contentUrl\":\"https:\/\/shop.diolosa.com\/wp-content\/uploads\/2021\/12\/free-flow-spray.png\",\"width\":800,\"height\":533},{\"@type\":\"BreadcrumbList\",\"@id\":\"https:\/\/shop.diolosa.com\/pl\/product\/free-flow-spray\/#breadcrumb\",\"itemListElement\":[{\"@type\":\"ListItem\",\"position\":1,\"name\":\"Startseite\",\"item\":\"https:\/\/shop.diolosa.com\/pl\/?page_id=3835710\"},{\"@type\":\"ListItem\",\"position\":2,\"name\":\"Sklep\",\"item\":\"https:\/\/shop.diolosa.com\/pl\/?page_id=3835710\"},{\"@type\":\"ListItem\",\"position\":3,\"name\":\"Free Flow Spray\"}]},{\"@type\":\"WebSite\",\"@id\":\"https:\/\/shop.diolosa.com\/pl\/#website\",\"url\":\"https:\/\/shop.diolosa.com\/pl\/\",\"name\":\"Claude Diolosa\",\"description\":\"\",\"publisher\":{\"@id\":\"https:\/\/shop.diolosa.com\/pl\/#organization\"},\"potentialAction\":[{\"@type\":\"SearchAction\",\"target\":{\"@type\":\"EntryPoint\",\"urlTemplate\":\"https:\/\/shop.diolosa.com\/pl\/?s={search_term_string}\"},\"query-input\":{\"@type\":\"PropertyValueSpecification\",\"valueRequired\":true,\"valueName\":\"search_term_string\"}}],\"inLanguage\":\"pl-PL\"},{\"@type\":\"Organization\",\"@id\":\"https:\/\/shop.diolosa.com\/pl\/#organization\",\"name\":\"Claude Diolosa\",\"url\":\"https:\/\/shop.diolosa.com\/pl\/\",\"logo\":{\"@type\":\"ImageObject\",\"inLanguage\":\"pl-PL\",\"@id\":\"https:\/\/shop.diolosa.com\/pl\/#\/schema\/logo\/image\/\",\"url\":\"https:\/\/shop.diolosa.com\/wp-content\/uploads\/2019\/08\/diolosa-drop-logo-new.png\",\"contentUrl\":\"https:\/\/shop.diolosa.com\/wp-content\/uploads\/2019\/08\/diolosa-drop-logo-new.png\",\"width\":134,\"height\":176,\"caption\":\"Claude Diolosa\"},\"image\":{\"@id\":\"https:\/\/shop.diolosa.com\/pl\/#\/schema\/logo\/image\/\"},\"sameAs\":[\"https:\/\/facebook.com\/claudediolosa\",\"https:\/\/www.instagram.com\/diolosaclaude108\/\"]}]}<\/script>\n<!-- \/ Yoast SEO plugin. -->","yoast_head_json":{"title":"Free Flow Spray - Claude Diolosa","robots":{"index":"index","follow":"follow","max-snippet":"max-snippet:-1","max-image-preview":"max-image-preview:large","max-video-preview":"max-video-preview:-1"},"canonical":"https:\/\/shop.diolosa.com\/pl\/product\/free-flow-spray\/","og_locale":"pl_PL","og_type":"article","og_title":"Free Flow Spray - Claude Diolosa","og_description":"FREE FLOW SPRAY jest stosowany do ostrego i szybkiego leczenia [...]","og_url":"https:\/\/shop.diolosa.com\/pl\/product\/free-flow-spray\/","og_site_name":"Claude Diolosa","article_publisher":"https:\/\/facebook.com\/claudediolosa","article_modified_time":"2025-04-24T19:24:06+00:00","og_image":[{"width":800,"height":533,"url":"https:\/\/shop.diolosa.com\/wp-content\/uploads\/2021\/12\/free-flow-spray.png","type":"image\/png"}],"twitter_card":"summary_large_image","twitter_misc":{"Szacowany czas czytania":"1 minuta"},"schema":{"@context":"https:\/\/schema.org","@graph":[{"@type":"WebPage","@id":"https:\/\/shop.diolosa.com\/pl\/product\/free-flow-spray\/","url":"https:\/\/shop.diolosa.com\/pl\/product\/free-flow-spray\/","name":"Free Flow Spray - Claude Diolosa","isPartOf":{"@id":"https:\/\/shop.diolosa.com\/pl\/#website"},"primaryImageOfPage":{"@id":"https:\/\/shop.diolosa.com\/pl\/product\/free-flow-spray\/#primaryimage"},"image":{"@id":"https:\/\/shop.diolosa.com\/pl\/product\/free-flow-spray\/#primaryimage"},"thumbnailUrl":"https:\/\/shop.diolosa.com\/wp-content\/uploads\/2021\/12\/free-flow-spray.png","datePublished":"2025-03-10T05:53:28+00:00","dateModified":"2025-04-24T19:24:06+00:00","breadcrumb":{"@id":"https:\/\/shop.diolosa.com\/pl\/product\/free-flow-spray\/#breadcrumb"},"inLanguage":"pl-PL","potentialAction":[{"@type":"ReadAction","target":["https:\/\/shop.diolosa.com\/pl\/product\/free-flow-spray\/"]}]},{"@type":"ImageObject","inLanguage":"pl-PL","@id":"https:\/\/shop.diolosa.com\/pl\/product\/free-flow-spray\/#primaryimage","url":"https:\/\/shop.diolosa.com\/wp-content\/uploads\/2021\/12\/free-flow-spray.png","contentUrl":"https:\/\/shop.diolosa.com\/wp-content\/uploads\/2021\/12\/free-flow-spray.png","width":800,"height":533},{"@type":"BreadcrumbList","@id":"https:\/\/shop.diolosa.com\/pl\/product\/free-flow-spray\/#breadcrumb","itemListElement":[{"@type":"ListItem","position":1,"name":"Startseite","item":"https:\/\/shop.diolosa.com\/pl\/?page_id=3835710"},{"@type":"ListItem","position":2,"name":"Sklep","item":"https:\/\/shop.diolosa.com\/pl\/?page_id=3835710"},{"@type":"ListItem","position":3,"name":"Free Flow Spray"}]},{"@type":"WebSite","@id":"https:\/\/shop.diolosa.com\/pl\/#website","url":"https:\/\/shop.diolosa.com\/pl\/","name":"Claude Diolosa","description":"","publisher":{"@id":"https:\/\/shop.diolosa.com\/pl\/#organization"},"potentialAction":[{"@type":"SearchAction","target":{"@type":"EntryPoint","urlTemplate":"https:\/\/shop.diolosa.com\/pl\/?s={search_term_string}"},"query-input":{"@type":"PropertyValueSpecification","valueRequired":true,"valueName":"search_term_string"}}],"inLanguage":"pl-PL"},{"@type":"Organization","@id":"https:\/\/shop.diolosa.com\/pl\/#organization","name":"Claude Diolosa","url":"https:\/\/shop.diolosa.com\/pl\/","logo":{"@type":"ImageObject","inLanguage":"pl-PL","@id":"https:\/\/shop.diolosa.com\/pl\/#\/schema\/logo\/image\/","url":"https:\/\/shop.diolosa.com\/wp-content\/uploads\/2019\/08\/diolosa-drop-logo-new.png","contentUrl":"https:\/\/shop.diolosa.com\/wp-content\/uploads\/2019\/08\/diolosa-drop-logo-new.png","width":134,"height":176,"caption":"Claude Diolosa"},"image":{"@id":"https:\/\/shop.diolosa.com\/pl\/#\/schema\/logo\/image\/"},"sameAs":["https:\/\/facebook.com\/claudediolosa","https:\/\/www.instagram.com\/diolosaclaude108\/"]}]}},"_links":{"self":[{"href":"https:\/\/shop.diolosa.com\/pl\/wp-json\/wp\/v2\/product\/3840836","targetHints":{"allow":["GET"]}}],"collection":[{"href":"https:\/\/shop.diolosa.com\/pl\/wp-json\/wp\/v2\/product"}],"about":[{"href":"https:\/\/shop.diolosa.com\/pl\/wp-json\/wp\/v2\/types\/product"}],"wp:featuredmedia":[{"embeddable":true,"href":"https:\/\/shop.diolosa.com\/pl\/wp-json\/wp\/v2\/media\/3840837"}],"wp:attachment":[{"href":"https:\/\/shop.diolosa.com\/pl\/wp-json\/wp\/v2\/media?parent=3840836"}],"wp:term":[{"taxonomy":"product_brand","embeddable":true,"href":"https:\/\/shop.diolosa.com\/pl\/wp-json\/wp\/v2\/product_brand?post=3840836"},{"taxonomy":"product_cat","embeddable":true,"href":"https:\/\/shop.diolosa.com\/pl\/wp-json\/wp\/v2\/product_cat?post=3840836"},{"taxonomy":"product_tag","embeddable":true,"href":"https:\/\/shop.diolosa.com\/pl\/wp-json\/wp\/v2\/product_tag?post=3840836"}],"curies":[{"name":"wp","href":"https:\/\/api.w.org\/{rel}","templated":true}]}}