{"id":3840838,"date":"2019-09-04T12:15:00","date_gmt":"2025-03-10T05:53:29","guid":{"rendered":"https:\/\/shop.diolosa.com\/product\/celestial-pivot\/"},"modified":"2025-05-06T14:52:52","modified_gmt":"2025-05-06T13:52:52","slug":"celestial-pivot","status":"publish","type":"product","link":"https:\/\/shop.diolosa.com\/pl\/product\/celestial-pivot\/","title":{"rendered":"Celestial Pivot"},"content":{"rendered":"<p>CELESTIAL PIVOT jest stosowany w leczeniu wt\u00f3rnych nagromadze\u0144 twardej flegmy z gor\u0105cem i toksynami w G\u00f3rnym Ogrzewaczu. Ten preparat zio\u0142owy dzia\u0142a korzystnie na uk\u0142ad limfatyczny, p\u0142uca, Yang Ming, OUN, narz\u0105dy zmys\u0142\u00f3w i wszystkie naczynia Luo twarzy, g\u0142owy i m\u00f3zgu. CELESTIAL PIVOT tonizuje Qi \u015bledziony, przekszta\u0142ca wilgo\u0107, rozpuszcza tward\u0105 flegm\u0119 i Tan, obni\u017ca Qi p\u0142uc i Yang Ming oraz u\u0142atwia przep\u0142yw krwi, poniewa\u017c nie gromadzi si\u0119 Tan bez zaburze\u0144 kr\u0105\u017cenia. Funkcja transportowa \u015bledziony jest promowana, a m\u0119tna materia jest odprowadzana lub przenoszona w d\u00f3\u0142 (Yang Ming).<\/p>\n","protected":false},"excerpt":{"rendered":"<p>CELESTIAL PIVOT jest stosowany w leczeniu wt\u00f3rnych nagromadze\u0144 twardej flegmy  [&#8230;]<\/p>\n","protected":false},"featured_media":3835943,"template":"","meta":{"_acf_changed":false},"product_brand":[],"product_cat":[11765],"product_tag":[12025],"class_list":{"0":"post-3840838","1":"product","2":"type-product","3":"status-publish","4":"has-post-thumbnail","6":"product_cat-procedura-uspokajajaca-xie-fa","7":"product_tag-stwardnienie-grudki-wtorne","9":"first","10":"instock","11":"taxable","12":"shipping-taxable","13":"purchasable","14":"product-type-simple"},"acf":{"yn_product_audio":"https:\/\/shop.diolosa.com\/wp-content\/uploads\/2018\/12\/DL_0713.mp3","yn_product_video":"https:\/\/shop.diolosa.com\/wp-content\/uploads\/2025\/03\/Celestial-Pivot-.mp4","yn_product_akupunktur":"<p>Harmonizacja \u015bledziony i \u017co\u0142\u0105dka<br \/>\n\u015bledziona 3 &#8211; tai bai (yuan) &#8211; bu fa<br \/>\n\u015bledziona 2 &#8211; da du (ying) &#8211; bu fa<br \/>\np\u0119cherz 20 &#8211; pi shu &#8211; bu fa<br \/>\n\u017co\u0142\u0105dek 40 &#8211; feng long (luo) &#8211; xie fa<br \/>\n\u017co\u0142\u0105dek 44 &#8211; nei ting (ying) &#8211; xie fa<br \/>\nsan chiao 10 &#8211; tian jing &#8211; xie fa<br \/>\nobieg 5 &#8211; jian shi &#8211; gui lu (jing. gui, gui) &#8211; xie fa<br \/>\ncykl 6 &#8211; nei guan (luo, yin wei mai) &#8211; xie fa<\/p>\n","yn_product_verabreichungsart":"Pelety 140szt.","yn_product_dosierung":"<p>3 x 4 do 9 tabletek dziennie, przed posi\u0142kami<\/p>\n","yn_product_combinations":"<p>OCHRONA NIEBA (profilaktyka stwardnie\u0144, akumulacji i chor\u00f3b zagra\u017caj\u0105cych \u017cyciu), PI\u0118\u0106 P\u0141ASZCZYZN (twarda flegma i stwardnienia), PI\u0118\u0106 SMOK\u00d3W (flegma wiatrowa, toksyny i b\u00f3l), PI\u0118\u0106 KR\u00d3LOWYCH (zast\u00f3j krwi), SZYBKI RUCH BRZUCHA (z\u0142ogi w Yang Ming), SPOKOJNY OG\u00d3L (cholesterol).<\/p>\n","yn_product_avoidable":"<p>Ostre przyprawy, alkohol, chili, czosnek, por, cebula, go\u017adziki, ga\u0142ka muszkato\u0142owa, imbir, owoce morza, jagni\u0119cina, kurczak, wieprzowina, w\u0119dzenie, ocet, tabasco, musztarda, czekolada, potrawy sma\u017cone, potrawy zapiekane z serem, ser g\u00f3rski, ser kozi, ser owczy<\/p>\n","yn_product_tcm_mindmapping":"<p>Niedob\u00f3r Qi \u015bledziony > Wilgo\u0107 > Flegma > Wt\u00f3rna twarda flegma Ciep\u0142o i ogie\u0144 w g\u00f3rnym ogrzewaczu > Zast\u00f3j Qi i krwi > Stwardnienie, tworzenie si\u0119 grudek, stan zapalny<\/p>\n","yn_product_tongue_body":"<p>Grube, kr\u00f3tkie, plamiste kraw\u0119dzie, mog\u0105 by\u0107 r\u00f3wnie\u017c krzywe.<\/p>\n","yn_product_tongue_coating":"<p>\u017b\u00f3\u0142tawy, lepki z korzeniem<\/p>\n","yn_product_pulse_diagnostics":"<p>Pozycja g\u00f3rnego rozgrzewacza: wei mai &#8211; \u017cylasty, se mai &#8211; szorstki, shi mai &#8211; pe\u0142ny, shuo mai &#8211; szybki<br \/>\nPozycja \u015bledziony: duan mai &#8211; kr\u00f3tki, xi mai &#8211; cienki, xu mai &#8211; pusty<\/p>\n","yn_product_indications":"<p>Przewlek\u0142e szumy uszne i b\u00f3le g\u0142owy, zawroty g\u0142owy, zaburzenia r\u00f3wnowagi, mia\u017cd\u017cyca t\u0119tnic, t\u0142uszczaki, guzki piersi, obrz\u0119k w\u0119z\u0142\u00f3w ch\u0142onnych, zesp\u00f3\u0142 Meniere&#8217;a, lepka plwocina, uczucie ucisku w klatce piersiowej.<\/p>\n","yn_product_contra_indications":"<p>Pierwotne osady ciep\u0142a z twardego \u015bluzu<\/p>\n","yn_product_pregnancy":"<p>Przeciwwskazane<\/p>\n","yn_product_herbs":"<p>coicis semen &#8211; yi yi ren, poria cocos &#8211; fu ling, magnoliae cortex &#8211; hou po, fritillariae thunbergyii bulbus &#8211; zhe bei mu, armeniacae semen &#8211; ku xing ren, ostrae concha &#8211; mu li, prunellae vulgaris &#8211; xia ku cao, trichosanthis radix &#8211; gua lou gen, citrus aurantii &#8211; zhi ke, glycyrrhizae uralensis radix &#8211; gan cao<\/p>\n","yn_product_magisterrecipes":"<p>Dang Tan Tang, Dao Tan Tang, Xiao Tan Tang Jia Jian<\/p>\n"},"yoast_head":"<!-- This site is optimized with the Yoast SEO plugin v24.9 - https:\/\/yoast.com\/wordpress\/plugins\/seo\/ -->\n<title>Celestial Pivot - Claude Diolosa<\/title>\n<meta name=\"robots\" content=\"index, follow, max-snippet:-1, max-image-preview:large, max-video-preview:-1\" \/>\n<link rel=\"canonical\" href=\"https:\/\/shop.diolosa.com\/pl\/product\/celestial-pivot\/\" \/>\n<meta property=\"og:locale\" content=\"pl_PL\" \/>\n<meta property=\"og:type\" content=\"article\" \/>\n<meta property=\"og:title\" content=\"Celestial Pivot - Claude Diolosa\" \/>\n<meta property=\"og:description\" content=\"CELESTIAL PIVOT jest stosowany w leczeniu wt\u00f3rnych nagromadze\u0144 twardej flegmy [...]\" \/>\n<meta property=\"og:url\" content=\"https:\/\/shop.diolosa.com\/pl\/product\/celestial-pivot\/\" \/>\n<meta property=\"og:site_name\" content=\"Claude Diolosa\" \/>\n<meta property=\"article:publisher\" content=\"https:\/\/facebook.com\/claudediolosa\" \/>\n<meta property=\"article:modified_time\" content=\"2025-05-06T13:52:52+00:00\" \/>\n<meta property=\"og:image\" content=\"https:\/\/shop.diolosa.com\/wp-content\/uploads\/2019\/09\/Presslinge-140.jpg\" \/>\n\t<meta property=\"og:image:width\" content=\"800\" \/>\n\t<meta property=\"og:image:height\" content=\"533\" \/>\n\t<meta property=\"og:image:type\" content=\"image\/jpeg\" \/>\n<meta name=\"twitter:card\" content=\"summary_large_image\" \/>\n<meta name=\"twitter:label1\" content=\"Szacowany czas czytania\" \/>\n\t<meta name=\"twitter:data1\" content=\"1 minuta\" \/>\n<script type=\"application\/ld+json\" class=\"yoast-schema-graph\">{\"@context\":\"https:\/\/schema.org\",\"@graph\":[{\"@type\":\"WebPage\",\"@id\":\"https:\/\/shop.diolosa.com\/pl\/product\/celestial-pivot\/\",\"url\":\"https:\/\/shop.diolosa.com\/pl\/product\/celestial-pivot\/\",\"name\":\"Celestial Pivot - Claude Diolosa\",\"isPartOf\":{\"@id\":\"https:\/\/shop.diolosa.com\/pl\/#website\"},\"primaryImageOfPage\":{\"@id\":\"https:\/\/shop.diolosa.com\/pl\/product\/celestial-pivot\/#primaryimage\"},\"image\":{\"@id\":\"https:\/\/shop.diolosa.com\/pl\/product\/celestial-pivot\/#primaryimage\"},\"thumbnailUrl\":\"https:\/\/shop.diolosa.com\/wp-content\/uploads\/2019\/09\/Presslinge-140.jpg\",\"datePublished\":\"2025-03-10T05:53:29+00:00\",\"dateModified\":\"2025-05-06T13:52:52+00:00\",\"breadcrumb\":{\"@id\":\"https:\/\/shop.diolosa.com\/pl\/product\/celestial-pivot\/#breadcrumb\"},\"inLanguage\":\"pl-PL\",\"potentialAction\":[{\"@type\":\"ReadAction\",\"target\":[\"https:\/\/shop.diolosa.com\/pl\/product\/celestial-pivot\/\"]}]},{\"@type\":\"ImageObject\",\"inLanguage\":\"pl-PL\",\"@id\":\"https:\/\/shop.diolosa.com\/pl\/product\/celestial-pivot\/#primaryimage\",\"url\":\"https:\/\/shop.diolosa.com\/wp-content\/uploads\/2019\/09\/Presslinge-140.jpg\",\"contentUrl\":\"https:\/\/shop.diolosa.com\/wp-content\/uploads\/2019\/09\/Presslinge-140.jpg\",\"width\":800,\"height\":533},{\"@type\":\"BreadcrumbList\",\"@id\":\"https:\/\/shop.diolosa.com\/pl\/product\/celestial-pivot\/#breadcrumb\",\"itemListElement\":[{\"@type\":\"ListItem\",\"position\":1,\"name\":\"Startseite\",\"item\":\"https:\/\/shop.diolosa.com\/pl\/?page_id=3835710\"},{\"@type\":\"ListItem\",\"position\":2,\"name\":\"Sklep\",\"item\":\"https:\/\/shop.diolosa.com\/pl\/?page_id=3835710\"},{\"@type\":\"ListItem\",\"position\":3,\"name\":\"Celestial Pivot\"}]},{\"@type\":\"WebSite\",\"@id\":\"https:\/\/shop.diolosa.com\/pl\/#website\",\"url\":\"https:\/\/shop.diolosa.com\/pl\/\",\"name\":\"Claude Diolosa\",\"description\":\"\",\"publisher\":{\"@id\":\"https:\/\/shop.diolosa.com\/pl\/#organization\"},\"potentialAction\":[{\"@type\":\"SearchAction\",\"target\":{\"@type\":\"EntryPoint\",\"urlTemplate\":\"https:\/\/shop.diolosa.com\/pl\/?s={search_term_string}\"},\"query-input\":{\"@type\":\"PropertyValueSpecification\",\"valueRequired\":true,\"valueName\":\"search_term_string\"}}],\"inLanguage\":\"pl-PL\"},{\"@type\":\"Organization\",\"@id\":\"https:\/\/shop.diolosa.com\/pl\/#organization\",\"name\":\"Claude Diolosa\",\"url\":\"https:\/\/shop.diolosa.com\/pl\/\",\"logo\":{\"@type\":\"ImageObject\",\"inLanguage\":\"pl-PL\",\"@id\":\"https:\/\/shop.diolosa.com\/pl\/#\/schema\/logo\/image\/\",\"url\":\"https:\/\/shop.diolosa.com\/wp-content\/uploads\/2019\/08\/diolosa-drop-logo-new.png\",\"contentUrl\":\"https:\/\/shop.diolosa.com\/wp-content\/uploads\/2019\/08\/diolosa-drop-logo-new.png\",\"width\":134,\"height\":176,\"caption\":\"Claude Diolosa\"},\"image\":{\"@id\":\"https:\/\/shop.diolosa.com\/pl\/#\/schema\/logo\/image\/\"},\"sameAs\":[\"https:\/\/facebook.com\/claudediolosa\",\"https:\/\/www.instagram.com\/diolosaclaude108\/\"]}]}<\/script>\n<!-- \/ Yoast SEO plugin. -->","yoast_head_json":{"title":"Celestial Pivot - Claude Diolosa","robots":{"index":"index","follow":"follow","max-snippet":"max-snippet:-1","max-image-preview":"max-image-preview:large","max-video-preview":"max-video-preview:-1"},"canonical":"https:\/\/shop.diolosa.com\/pl\/product\/celestial-pivot\/","og_locale":"pl_PL","og_type":"article","og_title":"Celestial Pivot - Claude Diolosa","og_description":"CELESTIAL PIVOT jest stosowany w leczeniu wt\u00f3rnych nagromadze\u0144 twardej flegmy [...]","og_url":"https:\/\/shop.diolosa.com\/pl\/product\/celestial-pivot\/","og_site_name":"Claude Diolosa","article_publisher":"https:\/\/facebook.com\/claudediolosa","article_modified_time":"2025-05-06T13:52:52+00:00","og_image":[{"width":800,"height":533,"url":"https:\/\/shop.diolosa.com\/wp-content\/uploads\/2019\/09\/Presslinge-140.jpg","type":"image\/jpeg"}],"twitter_card":"summary_large_image","twitter_misc":{"Szacowany czas czytania":"1 minuta"},"schema":{"@context":"https:\/\/schema.org","@graph":[{"@type":"WebPage","@id":"https:\/\/shop.diolosa.com\/pl\/product\/celestial-pivot\/","url":"https:\/\/shop.diolosa.com\/pl\/product\/celestial-pivot\/","name":"Celestial Pivot - Claude Diolosa","isPartOf":{"@id":"https:\/\/shop.diolosa.com\/pl\/#website"},"primaryImageOfPage":{"@id":"https:\/\/shop.diolosa.com\/pl\/product\/celestial-pivot\/#primaryimage"},"image":{"@id":"https:\/\/shop.diolosa.com\/pl\/product\/celestial-pivot\/#primaryimage"},"thumbnailUrl":"https:\/\/shop.diolosa.com\/wp-content\/uploads\/2019\/09\/Presslinge-140.jpg","datePublished":"2025-03-10T05:53:29+00:00","dateModified":"2025-05-06T13:52:52+00:00","breadcrumb":{"@id":"https:\/\/shop.diolosa.com\/pl\/product\/celestial-pivot\/#breadcrumb"},"inLanguage":"pl-PL","potentialAction":[{"@type":"ReadAction","target":["https:\/\/shop.diolosa.com\/pl\/product\/celestial-pivot\/"]}]},{"@type":"ImageObject","inLanguage":"pl-PL","@id":"https:\/\/shop.diolosa.com\/pl\/product\/celestial-pivot\/#primaryimage","url":"https:\/\/shop.diolosa.com\/wp-content\/uploads\/2019\/09\/Presslinge-140.jpg","contentUrl":"https:\/\/shop.diolosa.com\/wp-content\/uploads\/2019\/09\/Presslinge-140.jpg","width":800,"height":533},{"@type":"BreadcrumbList","@id":"https:\/\/shop.diolosa.com\/pl\/product\/celestial-pivot\/#breadcrumb","itemListElement":[{"@type":"ListItem","position":1,"name":"Startseite","item":"https:\/\/shop.diolosa.com\/pl\/?page_id=3835710"},{"@type":"ListItem","position":2,"name":"Sklep","item":"https:\/\/shop.diolosa.com\/pl\/?page_id=3835710"},{"@type":"ListItem","position":3,"name":"Celestial Pivot"}]},{"@type":"WebSite","@id":"https:\/\/shop.diolosa.com\/pl\/#website","url":"https:\/\/shop.diolosa.com\/pl\/","name":"Claude Diolosa","description":"","publisher":{"@id":"https:\/\/shop.diolosa.com\/pl\/#organization"},"potentialAction":[{"@type":"SearchAction","target":{"@type":"EntryPoint","urlTemplate":"https:\/\/shop.diolosa.com\/pl\/?s={search_term_string}"},"query-input":{"@type":"PropertyValueSpecification","valueRequired":true,"valueName":"search_term_string"}}],"inLanguage":"pl-PL"},{"@type":"Organization","@id":"https:\/\/shop.diolosa.com\/pl\/#organization","name":"Claude Diolosa","url":"https:\/\/shop.diolosa.com\/pl\/","logo":{"@type":"ImageObject","inLanguage":"pl-PL","@id":"https:\/\/shop.diolosa.com\/pl\/#\/schema\/logo\/image\/","url":"https:\/\/shop.diolosa.com\/wp-content\/uploads\/2019\/08\/diolosa-drop-logo-new.png","contentUrl":"https:\/\/shop.diolosa.com\/wp-content\/uploads\/2019\/08\/diolosa-drop-logo-new.png","width":134,"height":176,"caption":"Claude Diolosa"},"image":{"@id":"https:\/\/shop.diolosa.com\/pl\/#\/schema\/logo\/image\/"},"sameAs":["https:\/\/facebook.com\/claudediolosa","https:\/\/www.instagram.com\/diolosaclaude108\/"]}]}},"_links":{"self":[{"href":"https:\/\/shop.diolosa.com\/pl\/wp-json\/wp\/v2\/product\/3840838","targetHints":{"allow":["GET"]}}],"collection":[{"href":"https:\/\/shop.diolosa.com\/pl\/wp-json\/wp\/v2\/product"}],"about":[{"href":"https:\/\/shop.diolosa.com\/pl\/wp-json\/wp\/v2\/types\/product"}],"wp:featuredmedia":[{"embeddable":true,"href":"https:\/\/shop.diolosa.com\/pl\/wp-json\/wp\/v2\/media\/3835943"}],"wp:attachment":[{"href":"https:\/\/shop.diolosa.com\/pl\/wp-json\/wp\/v2\/media?parent=3840838"}],"wp:term":[{"taxonomy":"product_brand","embeddable":true,"href":"https:\/\/shop.diolosa.com\/pl\/wp-json\/wp\/v2\/product_brand?post=3840838"},{"taxonomy":"product_cat","embeddable":true,"href":"https:\/\/shop.diolosa.com\/pl\/wp-json\/wp\/v2\/product_cat?post=3840838"},{"taxonomy":"product_tag","embeddable":true,"href":"https:\/\/shop.diolosa.com\/pl\/wp-json\/wp\/v2\/product_tag?post=3840838"}],"curies":[{"name":"wp","href":"https:\/\/api.w.org\/{rel}","templated":true}]}}