{"id":3840843,"date":"2019-09-04T12:15:00","date_gmt":"2025-03-10T05:53:31","guid":{"rendered":"https:\/\/shop.diolosa.com\/product\/separacja-wody\/"},"modified":"2025-05-06T14:52:35","modified_gmt":"2025-05-06T13:52:35","slug":"separacja-wody","status":"publish","type":"product","link":"https:\/\/shop.diolosa.com\/pl\/product\/separacja-wody\/","title":{"rendered":"Separacja wody"},"content":{"rendered":"<p>SEPARACJA WODY jest stosowana w celu wyeliminowania wt\u00f3rnego ciep\u0142a i toksyn Dolnego Cieplejszego Ciep\u0142a. Ta zio\u0142owa kombinacja tonizuje Qi \u015bledziony, przekszta\u0142ca wewn\u0119trzn\u0105 wilgo\u0107, otwiera uk\u0142ad wydalniczy, stymuluje diurez\u0119 i odprowadza wt\u00f3rne ciep\u0142o wilgoci i toksyny z Jue Yin (w\u0105troby i kr\u0105\u017cenia) i p\u0119cherza moczowego.<\/p>\n","protected":false},"excerpt":{"rendered":"<p>SEPARACJA WODY jest stosowana w celu wyeliminowania wt\u00f3rnego ciep\u0142a i  [&#8230;]<\/p>\n","protected":false},"featured_media":3835943,"template":"","meta":{"_acf_changed":false},"product_brand":[],"product_cat":[11765],"product_tag":[12028],"class_list":{"0":"post-3840843","1":"product","2":"type-product","3":"status-publish","4":"has-post-thumbnail","6":"product_cat-procedura-uspokajajaca-xie-fa","7":"product_tag-grzalka-dolna-ogrzewanie-mokre","9":"first","10":"instock","11":"taxable","12":"shipping-taxable","13":"purchasable","14":"product-type-simple"},"acf":{"yn_product_audio":"https:\/\/shop.diolosa.com\/wp-content\/uploads\/2018\/12\/DL_0711.mp3","yn_product_video":"https:\/\/shop.diolosa.com\/wp-content\/uploads\/2025\/03\/Water-Separation.mp4","yn_product_akupunktur":"<p>Tonizuje \u015bledzion\u0119<br \/>\np\u0119cherz 20 &#8211; pi shu &#8211; bu fa<br \/>\n\u015bledziona 3 &#8211; tai bai (shu, yuan) &#8211; bu fa<br \/>\n\u015bledziona 2 &#8211; da du (ying) &#8211; bu fa  <\/p>\n<p>Odprowadzanie wilgoci<br \/>\nren mai 9 &#8211; shui fen (jelito cienkie) &#8211; xie fa z moks\u0105<br \/>\n\u017co\u0142\u0105dek 28 &#8211; shui dao (macica, prostata, p\u0119cherz moczowy) &#8211; xie fa<br \/>\n\u015bledziona 6 &#8211; san yin jiao (le,ni,mb) &#8211; xie fa<br \/>\n\u015bledziona 5 &#8211; shang qiu (jing) &#8211; xie fa<br \/>\nw\u0105troba 4 &#8211; zhong feng (jing) &#8211; xie fa<br \/>\nw\u0105troba 3 &#8211; tai chong (shu, yuan) &#8211; xie fa<br \/>\nren mai 3 &#8211; zhong ji (mo>p\u0119cherz, w\u0105troba, nerki, \u015bledziona) &#8211; xie fa<br \/>\nbubble 28 &#8211; pang guang shu &#8211; xie fa<br \/>\nbubble 40 &#8211; wei zhong (he, xia he xue &#8211; ba\u0144ka, xi krwi, jing bie ni\/bl) &#8211; xie fa<br \/>\nbubble 39 &#8211; wei yang (xia he xue &#8211; san chiao) &#8211; xie fa<br \/>\njelito cienkie 7 &#8211; zhi zheng (luo) &#8211; xie fa<\/p>\n<p>Rozpuszczenie zastoju krwi w dolnym ogrzewaczu<br \/>\n\u015bledziona 8 &#8211; di ji (xi) &#8211; xie fa<br \/>\n\u015bledziona 10 &#8211; xue hai (jezioro krwi) &#8211; xie fa<\/p>\n<p>Czyste ciep\u0142o<br \/>\nw\u0105troba 2 &#8211; xing jian (ying) &#8211; xie fa  <\/p>\n<p>Ocieplenie nerek Yang<br \/>\nba\u0144ka 23 &#8211; shen shu &#8211; moxa<br \/>\ndu mai 4 &#8211; ming men &#8211; moxa<\/p>\n","yn_product_verabreichungsart":"Pelety 140szt.","yn_product_dosierung":"<p>3 x 6 do 9 tabletek dziennie, zawsze przed posi\u0142kami, razem z herbat\u0105 kukurydzian\u0105. Dawk\u0119 mo\u017cna zwi\u0119kszy\u0107 rano. <\/p>\n","yn_product_combinations":"<p>ZIMNY STRUMIE\u0143 (wt\u00f3rne zapalenie p\u0119cherza moczowego), WIELKA PER\u0141A (przerost gruczo\u0142u krokowego) i CZERWONA PER\u0141A (ostre zapalenie gruczo\u0142u krokowego), WIELKA BRAMA (mokro\u015b\u0107 Yang Ming i zbuntowana Qi), ENERGIA \u017bYCIA (niedob\u00f3r Qi \u015bledziony i mokro\u015b\u0107 Yang Ming).<\/p>\n","yn_product_avoidable":"<p>S\u0142odycze, zimne potrawy, ostre przyprawy, alkohol, chili, czosnek, por, cebula, go\u017adziki, ga\u0142ka muszkato\u0142owa, imbir, owoce morza, jagni\u0119cina, kurczak, wieprzowina, w\u0119dzenie, ocet, tabasco, musztarda, czekolada, potrawy sma\u017cone, potrawy zapiekane z serem, ser g\u00f3rski, ser kozi, ser owczy<\/p>\n","yn_product_tcm_mindmapping":"<p>Niedob\u00f3r Qi \u015bledziony > Nagromadzenie wilgoci w dolnej cz\u0119\u015bci cia\u0142a > Wt\u00f3rne ciep\u0142o wilgoci > Zast\u00f3j Qi > Zast\u00f3j krwi > B\u00f3l<\/p>\n","yn_product_tongue_body":"<p>Szeroki ze \u015bladami z\u0119b\u00f3w, lekko czerwonawe brzegi, brodawki s\u0105 czerwone i wystaj\u0105 w dolnej grza\u0142ce<\/p>\n","yn_product_tongue_coating":"<p>U nasady j\u0119zyka: \u017c\u00f3\u0142tawy, t\u0142usty i wilgotny<\/p>\n","yn_product_pulse_diagnostics":"<p>Pozycja dolnej cz\u0119\u015bci cia\u0142a: da mai &#8211; szeroka, hua mai &#8211; szybuj\u0105ca, shi mai &#8211; pe\u0142na i lekka, shuo mai &#8211; szybka<br \/>\nPozycja \u015bledziony: chen mai &#8211; g\u0142\u0119boka, xi mai &#8211; cienka, xu mai &#8211; pusta, duan mai &#8211; kr\u00f3tka<\/p>\n","yn_product_indications":"<p>Trudno\u015bci w oddawaniu moczu, przerost i zapalenie prostaty, wt\u00f3rne zapalenie p\u0119cherza moczowego, bia\u0142o-\u017c\u00f3\u0142tawa wydzielina, grzybica<\/p>\n","yn_product_contra_indications":"<p>Niedob\u00f3r yin i sok\u00f3w<\/p>\n","yn_product_pregnancy":"<p>Przeciwwskazane<\/p>\n","yn_product_herbs":"<p>coicis semen &#8211; yi yi ren, polypori sclerotium &#8211; zhu ling, poria cocos &#8211; fu ling, phellodendri cortec &#8211; huang bai, alismati rhizoma &#8211; ze xie, moutan cortex &#8211; mu dan pi, achyranthis radix &#8211; huai niu xi<\/p>\n","yn_product_magisterrecipes":"<p>Si Miao San, He Miao San<\/p>\n"},"yoast_head":"<!-- This site is optimized with the Yoast SEO plugin v24.9 - https:\/\/yoast.com\/wordpress\/plugins\/seo\/ -->\n<title>Separacja wody - Claude Diolosa<\/title>\n<meta name=\"robots\" content=\"index, follow, max-snippet:-1, max-image-preview:large, max-video-preview:-1\" \/>\n<link rel=\"canonical\" href=\"https:\/\/shop.diolosa.com\/pl\/product\/separacja-wody\/\" \/>\n<meta property=\"og:locale\" content=\"pl_PL\" \/>\n<meta property=\"og:type\" content=\"article\" \/>\n<meta property=\"og:title\" content=\"Separacja wody - Claude Diolosa\" \/>\n<meta property=\"og:description\" content=\"SEPARACJA WODY jest stosowana w celu wyeliminowania wt\u00f3rnego ciep\u0142a i [...]\" \/>\n<meta property=\"og:url\" content=\"https:\/\/shop.diolosa.com\/pl\/product\/separacja-wody\/\" \/>\n<meta property=\"og:site_name\" content=\"Claude Diolosa\" \/>\n<meta property=\"article:publisher\" content=\"https:\/\/facebook.com\/claudediolosa\" \/>\n<meta property=\"article:modified_time\" content=\"2025-05-06T13:52:35+00:00\" \/>\n<meta property=\"og:image\" content=\"https:\/\/shop.diolosa.com\/wp-content\/uploads\/2019\/09\/Presslinge-140.jpg\" \/>\n\t<meta property=\"og:image:width\" content=\"800\" \/>\n\t<meta property=\"og:image:height\" content=\"533\" \/>\n\t<meta property=\"og:image:type\" content=\"image\/jpeg\" \/>\n<meta name=\"twitter:card\" content=\"summary_large_image\" \/>\n<script type=\"application\/ld+json\" class=\"yoast-schema-graph\">{\"@context\":\"https:\/\/schema.org\",\"@graph\":[{\"@type\":\"WebPage\",\"@id\":\"https:\/\/shop.diolosa.com\/pl\/product\/separacja-wody\/\",\"url\":\"https:\/\/shop.diolosa.com\/pl\/product\/separacja-wody\/\",\"name\":\"Separacja wody - Claude Diolosa\",\"isPartOf\":{\"@id\":\"https:\/\/shop.diolosa.com\/pl\/#website\"},\"primaryImageOfPage\":{\"@id\":\"https:\/\/shop.diolosa.com\/pl\/product\/separacja-wody\/#primaryimage\"},\"image\":{\"@id\":\"https:\/\/shop.diolosa.com\/pl\/product\/separacja-wody\/#primaryimage\"},\"thumbnailUrl\":\"https:\/\/shop.diolosa.com\/wp-content\/uploads\/2019\/09\/Presslinge-140.jpg\",\"datePublished\":\"2025-03-10T05:53:31+00:00\",\"dateModified\":\"2025-05-06T13:52:35+00:00\",\"breadcrumb\":{\"@id\":\"https:\/\/shop.diolosa.com\/pl\/product\/separacja-wody\/#breadcrumb\"},\"inLanguage\":\"pl-PL\",\"potentialAction\":[{\"@type\":\"ReadAction\",\"target\":[\"https:\/\/shop.diolosa.com\/pl\/product\/separacja-wody\/\"]}]},{\"@type\":\"ImageObject\",\"inLanguage\":\"pl-PL\",\"@id\":\"https:\/\/shop.diolosa.com\/pl\/product\/separacja-wody\/#primaryimage\",\"url\":\"https:\/\/shop.diolosa.com\/wp-content\/uploads\/2019\/09\/Presslinge-140.jpg\",\"contentUrl\":\"https:\/\/shop.diolosa.com\/wp-content\/uploads\/2019\/09\/Presslinge-140.jpg\",\"width\":800,\"height\":533},{\"@type\":\"BreadcrumbList\",\"@id\":\"https:\/\/shop.diolosa.com\/pl\/product\/separacja-wody\/#breadcrumb\",\"itemListElement\":[{\"@type\":\"ListItem\",\"position\":1,\"name\":\"Startseite\",\"item\":\"https:\/\/shop.diolosa.com\/pl\/?page_id=3835710\"},{\"@type\":\"ListItem\",\"position\":2,\"name\":\"Sklep\",\"item\":\"https:\/\/shop.diolosa.com\/pl\/?page_id=3835710\"},{\"@type\":\"ListItem\",\"position\":3,\"name\":\"Separacja wody\"}]},{\"@type\":\"WebSite\",\"@id\":\"https:\/\/shop.diolosa.com\/pl\/#website\",\"url\":\"https:\/\/shop.diolosa.com\/pl\/\",\"name\":\"Claude Diolosa\",\"description\":\"\",\"publisher\":{\"@id\":\"https:\/\/shop.diolosa.com\/pl\/#organization\"},\"potentialAction\":[{\"@type\":\"SearchAction\",\"target\":{\"@type\":\"EntryPoint\",\"urlTemplate\":\"https:\/\/shop.diolosa.com\/pl\/?s={search_term_string}\"},\"query-input\":{\"@type\":\"PropertyValueSpecification\",\"valueRequired\":true,\"valueName\":\"search_term_string\"}}],\"inLanguage\":\"pl-PL\"},{\"@type\":\"Organization\",\"@id\":\"https:\/\/shop.diolosa.com\/pl\/#organization\",\"name\":\"Claude Diolosa\",\"url\":\"https:\/\/shop.diolosa.com\/pl\/\",\"logo\":{\"@type\":\"ImageObject\",\"inLanguage\":\"pl-PL\",\"@id\":\"https:\/\/shop.diolosa.com\/pl\/#\/schema\/logo\/image\/\",\"url\":\"https:\/\/shop.diolosa.com\/wp-content\/uploads\/2019\/08\/diolosa-drop-logo-new.png\",\"contentUrl\":\"https:\/\/shop.diolosa.com\/wp-content\/uploads\/2019\/08\/diolosa-drop-logo-new.png\",\"width\":134,\"height\":176,\"caption\":\"Claude Diolosa\"},\"image\":{\"@id\":\"https:\/\/shop.diolosa.com\/pl\/#\/schema\/logo\/image\/\"},\"sameAs\":[\"https:\/\/facebook.com\/claudediolosa\",\"https:\/\/www.instagram.com\/diolosaclaude108\/\"]}]}<\/script>\n<!-- \/ Yoast SEO plugin. -->","yoast_head_json":{"title":"Separacja wody - Claude Diolosa","robots":{"index":"index","follow":"follow","max-snippet":"max-snippet:-1","max-image-preview":"max-image-preview:large","max-video-preview":"max-video-preview:-1"},"canonical":"https:\/\/shop.diolosa.com\/pl\/product\/separacja-wody\/","og_locale":"pl_PL","og_type":"article","og_title":"Separacja wody - Claude Diolosa","og_description":"SEPARACJA WODY jest stosowana w celu wyeliminowania wt\u00f3rnego ciep\u0142a i [...]","og_url":"https:\/\/shop.diolosa.com\/pl\/product\/separacja-wody\/","og_site_name":"Claude Diolosa","article_publisher":"https:\/\/facebook.com\/claudediolosa","article_modified_time":"2025-05-06T13:52:35+00:00","og_image":[{"width":800,"height":533,"url":"https:\/\/shop.diolosa.com\/wp-content\/uploads\/2019\/09\/Presslinge-140.jpg","type":"image\/jpeg"}],"twitter_card":"summary_large_image","schema":{"@context":"https:\/\/schema.org","@graph":[{"@type":"WebPage","@id":"https:\/\/shop.diolosa.com\/pl\/product\/separacja-wody\/","url":"https:\/\/shop.diolosa.com\/pl\/product\/separacja-wody\/","name":"Separacja wody - Claude Diolosa","isPartOf":{"@id":"https:\/\/shop.diolosa.com\/pl\/#website"},"primaryImageOfPage":{"@id":"https:\/\/shop.diolosa.com\/pl\/product\/separacja-wody\/#primaryimage"},"image":{"@id":"https:\/\/shop.diolosa.com\/pl\/product\/separacja-wody\/#primaryimage"},"thumbnailUrl":"https:\/\/shop.diolosa.com\/wp-content\/uploads\/2019\/09\/Presslinge-140.jpg","datePublished":"2025-03-10T05:53:31+00:00","dateModified":"2025-05-06T13:52:35+00:00","breadcrumb":{"@id":"https:\/\/shop.diolosa.com\/pl\/product\/separacja-wody\/#breadcrumb"},"inLanguage":"pl-PL","potentialAction":[{"@type":"ReadAction","target":["https:\/\/shop.diolosa.com\/pl\/product\/separacja-wody\/"]}]},{"@type":"ImageObject","inLanguage":"pl-PL","@id":"https:\/\/shop.diolosa.com\/pl\/product\/separacja-wody\/#primaryimage","url":"https:\/\/shop.diolosa.com\/wp-content\/uploads\/2019\/09\/Presslinge-140.jpg","contentUrl":"https:\/\/shop.diolosa.com\/wp-content\/uploads\/2019\/09\/Presslinge-140.jpg","width":800,"height":533},{"@type":"BreadcrumbList","@id":"https:\/\/shop.diolosa.com\/pl\/product\/separacja-wody\/#breadcrumb","itemListElement":[{"@type":"ListItem","position":1,"name":"Startseite","item":"https:\/\/shop.diolosa.com\/pl\/?page_id=3835710"},{"@type":"ListItem","position":2,"name":"Sklep","item":"https:\/\/shop.diolosa.com\/pl\/?page_id=3835710"},{"@type":"ListItem","position":3,"name":"Separacja wody"}]},{"@type":"WebSite","@id":"https:\/\/shop.diolosa.com\/pl\/#website","url":"https:\/\/shop.diolosa.com\/pl\/","name":"Claude Diolosa","description":"","publisher":{"@id":"https:\/\/shop.diolosa.com\/pl\/#organization"},"potentialAction":[{"@type":"SearchAction","target":{"@type":"EntryPoint","urlTemplate":"https:\/\/shop.diolosa.com\/pl\/?s={search_term_string}"},"query-input":{"@type":"PropertyValueSpecification","valueRequired":true,"valueName":"search_term_string"}}],"inLanguage":"pl-PL"},{"@type":"Organization","@id":"https:\/\/shop.diolosa.com\/pl\/#organization","name":"Claude Diolosa","url":"https:\/\/shop.diolosa.com\/pl\/","logo":{"@type":"ImageObject","inLanguage":"pl-PL","@id":"https:\/\/shop.diolosa.com\/pl\/#\/schema\/logo\/image\/","url":"https:\/\/shop.diolosa.com\/wp-content\/uploads\/2019\/08\/diolosa-drop-logo-new.png","contentUrl":"https:\/\/shop.diolosa.com\/wp-content\/uploads\/2019\/08\/diolosa-drop-logo-new.png","width":134,"height":176,"caption":"Claude Diolosa"},"image":{"@id":"https:\/\/shop.diolosa.com\/pl\/#\/schema\/logo\/image\/"},"sameAs":["https:\/\/facebook.com\/claudediolosa","https:\/\/www.instagram.com\/diolosaclaude108\/"]}]}},"_links":{"self":[{"href":"https:\/\/shop.diolosa.com\/pl\/wp-json\/wp\/v2\/product\/3840843","targetHints":{"allow":["GET"]}}],"collection":[{"href":"https:\/\/shop.diolosa.com\/pl\/wp-json\/wp\/v2\/product"}],"about":[{"href":"https:\/\/shop.diolosa.com\/pl\/wp-json\/wp\/v2\/types\/product"}],"wp:featuredmedia":[{"embeddable":true,"href":"https:\/\/shop.diolosa.com\/pl\/wp-json\/wp\/v2\/media\/3835943"}],"wp:attachment":[{"href":"https:\/\/shop.diolosa.com\/pl\/wp-json\/wp\/v2\/media?parent=3840843"}],"wp:term":[{"taxonomy":"product_brand","embeddable":true,"href":"https:\/\/shop.diolosa.com\/pl\/wp-json\/wp\/v2\/product_brand?post=3840843"},{"taxonomy":"product_cat","embeddable":true,"href":"https:\/\/shop.diolosa.com\/pl\/wp-json\/wp\/v2\/product_cat?post=3840843"},{"taxonomy":"product_tag","embeddable":true,"href":"https:\/\/shop.diolosa.com\/pl\/wp-json\/wp\/v2\/product_tag?post=3840843"}],"curies":[{"name":"wp","href":"https:\/\/api.w.org\/{rel}","templated":true}]}}