{"id":3840844,"date":"2019-09-04T12:15:00","date_gmt":"2025-03-10T05:53:32","guid":{"rendered":"https:\/\/shop.diolosa.com\/product\/piec-powlok\/"},"modified":"2025-05-06T14:52:54","modified_gmt":"2025-05-06T13:52:54","slug":"piec-powlok","status":"publish","type":"product","link":"https:\/\/shop.diolosa.com\/pl\/product\/piec-powlok\/","title":{"rendered":"Pi\u0119\u0107 pow\u0142ok"},"content":{"rendered":"<p>FIVE SHELLS jest stosowany w leczeniu przekrwienia i stwardnienia w g\u00f3rnej cz\u0119\u015bci serca, p\u0142ucach, uk\u0142adzie limfatycznym, o\u015brodkowym uk\u0142adzie nerwowym, m\u00f3zgu, narz\u0105dach zmys\u0142\u00f3w i Yang Ming. Ten niezwyk\u0142y preparat up\u0142ynnia i zmi\u0119kcza stwardnienia, grudki, naro\u015bla oraz lepkie i stwardnia\u0142e nagromadzenia twardego \u015bluzu. FIVE SHELLS mo\u017ce by\u0107 stosowany wy\u0142\u0105cznie w po\u0142\u0105czeniu z innymi preparatami, poniewa\u017c jego sk\u0142ad jest objawowy. Ten sk\u0142ad mineralny okaza\u0142 si\u0119 bardzo pomocny w leczeniu ostrego zapalenia \u017co\u0142\u0105dka o bardzo wysokiej kwasowo\u015bci. FIVE SHELLS jest bardzo zimny termicznie i mo\u017ce by\u0107 przyjmowany tylko przez ograniczony czas lub w po\u0142\u0105czeniu z innym preparatem. (zawiera niewielkie ilo\u015bci glutenu!!!!)<\/p>\n","protected":false},"excerpt":{"rendered":"<p>FIVE SHELLS jest stosowany w leczeniu przekrwienia i stwardnienia w  [&#8230;]<\/p>\n","protected":false},"featured_media":3835943,"template":"","meta":{"_acf_changed":false},"product_brand":[],"product_cat":[11765],"product_tag":[12030],"class_list":{"0":"post-3840844","1":"product","2":"type-product","3":"status-publish","4":"has-post-thumbnail","6":"product_cat-procedura-uspokajajaca-xie-fa","7":"product_tag-stwardnienie-grudki-pierwotne","9":"first","10":"instock","11":"taxable","12":"shipping-taxable","13":"purchasable","14":"product-type-simple"},"acf":{"yn_product_audio":"https:\/\/shop.diolosa.com\/wp-content\/uploads\/2018\/12\/DL_0712.mp3","yn_product_video":"https:\/\/shop.diolosa.com\/wp-content\/uploads\/2025\/03\/Five-Shells.mp4","yn_product_akupunktur":"<p><strong>Wydalanie flegmy i lepkiego ciep\u0142a flegmy<\/strong><br \/>\nOsierdzie\/kr\u0105\u017cenie-5 \u9593\u4f7f ji\u0101n sh\u01d0. &#8211; sedate &#8211; xie fa<br \/>\nPericard\/\/circulation-7 \u5927\u9675 d\u00e0 l\u00edng &#8211; gui xin \u9b3c\u5fc3 . &#8211; sedate &#8211; xie fa<br \/>\nobw\u00f3d-6 \u5167\u95dc n\u00e8i gu\u0101n. sedate &#8211; sedate &#8211; xie fa<br \/>\n\u017co\u0142\u0105dek 40 &#8211; feng long (luo) &#8211; sedate &#8211; xie fa<br \/>\n\u017co\u0142\u0105dek -37 \u4e0a\u5de8\u865b sh\u00e0ng j\u00f9 x\u016b &#8211; sedate &#8211; xie fa<br \/>\n\u017co\u0142\u0105dek-39 \u4e0b\u5de8\u865bxi\u00e0 j\u00f9 x\u016b &#8211; sedate &#8211; xie fa   <\/p>\n<p><strong>Slime Heat<\/strong><\/p>\n<p>Ren-17 \u81bb\u4e2d sh\u0101n zh\u014dng &#8211; uspokajaj\u0105cy &#8211; xie fa<br \/>\nStomach\/Magen-40 \u8c50\u9686 f\u0113ng l\u00f3ng &#8211; uspokajaj\u0105cy &#8211; xie fa<br \/>\nLungs\/Lunge-9 \u592a\u6df5 t\u00e0i yu\u0101n &#8211; uspokajaj\u0105cy &#8211; xie fa<br \/>\nBlase-15 \u5fc3\u4fde x\u012bn sh\u016bn. &#8211; sedate &#8211; xie fa<br \/>\nBlase-13\u80ba\u4fde f\u00e8i sh\u016b.  &#8211; spokojny &#8211; xie fa<\/p>\n<p><strong>Shen Acupuncture <\/strong><br \/>\nEX-HN-1 &#8211; \u56db\u795e\u806a &#8211; si shen cong &#8211; sedacja &#8211; xie fa<br \/>\nDu Mai -20 \u767e\u6703 b\u01cei hu\u00ec. &#8211; sedate &#8211; xie fa<br \/>\nEX-HN3 &#8211; \u5370\u5802 Yin Tang &#8211; sedate &#8211; xie fa<br \/>\nDu Mai -23 \u4e0a\u661f sh\u00e0ng x\u012bng &#8211; Gui Tang \u9b3c\u5802 &#8211; Ghost Hall &#8211; Du 23 &#8211; sedate &#8211; xie fa<br \/>\nDu Mai -24 \u795e\u5ead sh\u00e9n t\u00edng &#8211; sedate &#8211; xie fa <\/p>\n<p>\u00a0<\/p>\n","yn_product_verabreichungsart":"Pelety 140szt.","yn_product_dosierung":"<p>3 x 1 do 4 granulek przed posi\u0142kami, w po\u0142\u0105czeniu z wywarem lub innymi granulkami. Granulki mo\u017cna r\u00f3wnie\u017c dodawa\u0107 bezpo\u015brednio do wywaru. <\/p>\n<p>(zawiera niewielkie ilo\u015bci glutenu!!!!)<\/p>\n","yn_product_combinations":"<p>OPEN SPACE (zapalenie \u017co\u0142\u0105dka), TEMPLE OF PEACE (wrz\u00f3d dwunastnicy), CONFIDENCE (wrz\u00f3d \u017co\u0142\u0105dka), HEAVEN&#8217;S PROTECTION (profilaktyka Zhong Liu), CELESTIAL PIVOT (twardy \u015bluz i nagromadzenie opalenizny), wszystkie preparaty Zhong Liu.<\/p>\n","yn_product_avoidable":"<p>Palenie tytoniu, kawa, ostre przyprawy, alkohol, chili, czosnek, por, cebula, go\u017adziki, ga\u0142ka muszkato\u0142owa, imbir, owoce morza, jagni\u0119cina, kurczak, wieprzowina, ocet, tabasco, musztarda, czekolada, potrawy sma\u017cone, potrawy zapiekane z serem, ser g\u00f3rski, ser kozi, ser owczy<\/p>\n","yn_product_tcm_mindmapping":"<p>Twarda flegma (stara flegma) zatyka Qi i krew > Ciep\u0142o twardej flegmy > Stwardnienie i tworzenie si\u0119 grudek<\/p>\n","yn_product_tongue_body":"<p>Czerwony, gruby, kr\u00f3tki, nier\u00f3wny, sztywny, a nawet krzywy (Feng Tan)<\/p>\n","yn_product_tongue_coating":"<p>\u017b\u00f3\u0142tawy, lepki<\/p>\n","yn_product_pulse_diagnostics":"<p>G\u00f3rny ciep\u0142y: wei mai &#8211; \u017cylasty (opalenizna), se mai &#8211; szorstki (przekrwienie), shi mai &#8211; pe\u0142ny<\/p>\n","yn_product_indications":"<p>Choroby tarczycy, wole, zast\u00f3j limfy, zapalenie migda\u0142k\u00f3w, nadkwasota, wrzody \u017co\u0142\u0105dka i dwunastnicy, nagromadzenie twardego \u015bluzu w p\u0142ucach, p\u00f3\u017ane skutki palenia, niebezpieczne nagromadzenie i stwardnienie, wa\u017cne przygotowanie do leczenia chor\u00f3b zagra\u017caj\u0105cych \u017cyciu.<\/p>\n","yn_product_contra_indications":"<p>Niedob\u00f3r Qi\/Yang \u015bledziony, przezi\u0119bienie \u017co\u0142\u0105dka, flegma w p\u0142ucach, p\u0142ynna i przewlek\u0142a biegunka, wielomocz, nokturia, stan wyczerpania.<\/p>\n","yn_product_pregnancy":"<p>Przeciwwskazane<\/p>\n","yn_product_herbs":"<p>stalactitum &#8211; zhong ru shi, arcae conchae &#8211; wa leng zi, ostrae concha &#8211; mu li, cyclinae concha &#8211; hai ge ke, lapis pumicis &#8211; fu hai shi<\/p>\n","yn_product_magisterrecipes":"<p>Dang Tan Tang, Dao Tan Tang, Xiao Tan Tang Jia Jian<\/p>\n"},"yoast_head":"<!-- This site is optimized with the Yoast SEO plugin v24.9 - https:\/\/yoast.com\/wordpress\/plugins\/seo\/ -->\n<title>Pi\u0119\u0107 pow\u0142ok - Claude Diolosa<\/title>\n<meta name=\"robots\" content=\"index, follow, max-snippet:-1, max-image-preview:large, max-video-preview:-1\" \/>\n<link rel=\"canonical\" href=\"https:\/\/shop.diolosa.com\/pl\/product\/piec-powlok\/\" \/>\n<meta property=\"og:locale\" content=\"pl_PL\" \/>\n<meta property=\"og:type\" content=\"article\" \/>\n<meta property=\"og:title\" content=\"Pi\u0119\u0107 pow\u0142ok - Claude Diolosa\" \/>\n<meta property=\"og:description\" content=\"FIVE SHELLS jest stosowany w leczeniu przekrwienia i stwardnienia w [...]\" \/>\n<meta property=\"og:url\" content=\"https:\/\/shop.diolosa.com\/pl\/product\/piec-powlok\/\" \/>\n<meta property=\"og:site_name\" content=\"Claude Diolosa\" \/>\n<meta property=\"article:publisher\" content=\"https:\/\/facebook.com\/claudediolosa\" \/>\n<meta property=\"article:modified_time\" content=\"2025-05-06T13:52:54+00:00\" \/>\n<meta property=\"og:image\" content=\"https:\/\/shop.diolosa.com\/wp-content\/uploads\/2019\/09\/Presslinge-140.jpg\" \/>\n\t<meta property=\"og:image:width\" content=\"800\" \/>\n\t<meta property=\"og:image:height\" content=\"533\" \/>\n\t<meta property=\"og:image:type\" content=\"image\/jpeg\" \/>\n<meta name=\"twitter:card\" content=\"summary_large_image\" \/>\n<meta name=\"twitter:label1\" content=\"Szacowany czas czytania\" \/>\n\t<meta name=\"twitter:data1\" content=\"1 minuta\" \/>\n<script type=\"application\/ld+json\" class=\"yoast-schema-graph\">{\"@context\":\"https:\/\/schema.org\",\"@graph\":[{\"@type\":\"WebPage\",\"@id\":\"https:\/\/shop.diolosa.com\/pl\/product\/piec-powlok\/\",\"url\":\"https:\/\/shop.diolosa.com\/pl\/product\/piec-powlok\/\",\"name\":\"Pi\u0119\u0107 pow\u0142ok - Claude Diolosa\",\"isPartOf\":{\"@id\":\"https:\/\/shop.diolosa.com\/pl\/#website\"},\"primaryImageOfPage\":{\"@id\":\"https:\/\/shop.diolosa.com\/pl\/product\/piec-powlok\/#primaryimage\"},\"image\":{\"@id\":\"https:\/\/shop.diolosa.com\/pl\/product\/piec-powlok\/#primaryimage\"},\"thumbnailUrl\":\"https:\/\/shop.diolosa.com\/wp-content\/uploads\/2019\/09\/Presslinge-140.jpg\",\"datePublished\":\"2025-03-10T05:53:32+00:00\",\"dateModified\":\"2025-05-06T13:52:54+00:00\",\"breadcrumb\":{\"@id\":\"https:\/\/shop.diolosa.com\/pl\/product\/piec-powlok\/#breadcrumb\"},\"inLanguage\":\"pl-PL\",\"potentialAction\":[{\"@type\":\"ReadAction\",\"target\":[\"https:\/\/shop.diolosa.com\/pl\/product\/piec-powlok\/\"]}]},{\"@type\":\"ImageObject\",\"inLanguage\":\"pl-PL\",\"@id\":\"https:\/\/shop.diolosa.com\/pl\/product\/piec-powlok\/#primaryimage\",\"url\":\"https:\/\/shop.diolosa.com\/wp-content\/uploads\/2019\/09\/Presslinge-140.jpg\",\"contentUrl\":\"https:\/\/shop.diolosa.com\/wp-content\/uploads\/2019\/09\/Presslinge-140.jpg\",\"width\":800,\"height\":533},{\"@type\":\"BreadcrumbList\",\"@id\":\"https:\/\/shop.diolosa.com\/pl\/product\/piec-powlok\/#breadcrumb\",\"itemListElement\":[{\"@type\":\"ListItem\",\"position\":1,\"name\":\"Startseite\",\"item\":\"https:\/\/shop.diolosa.com\/pl\/?page_id=3835710\"},{\"@type\":\"ListItem\",\"position\":2,\"name\":\"Sklep\",\"item\":\"https:\/\/shop.diolosa.com\/pl\/?page_id=3835710\"},{\"@type\":\"ListItem\",\"position\":3,\"name\":\"Pi\u0119\u0107 pow\u0142ok\"}]},{\"@type\":\"WebSite\",\"@id\":\"https:\/\/shop.diolosa.com\/pl\/#website\",\"url\":\"https:\/\/shop.diolosa.com\/pl\/\",\"name\":\"Claude Diolosa\",\"description\":\"\",\"publisher\":{\"@id\":\"https:\/\/shop.diolosa.com\/pl\/#organization\"},\"potentialAction\":[{\"@type\":\"SearchAction\",\"target\":{\"@type\":\"EntryPoint\",\"urlTemplate\":\"https:\/\/shop.diolosa.com\/pl\/?s={search_term_string}\"},\"query-input\":{\"@type\":\"PropertyValueSpecification\",\"valueRequired\":true,\"valueName\":\"search_term_string\"}}],\"inLanguage\":\"pl-PL\"},{\"@type\":\"Organization\",\"@id\":\"https:\/\/shop.diolosa.com\/pl\/#organization\",\"name\":\"Claude Diolosa\",\"url\":\"https:\/\/shop.diolosa.com\/pl\/\",\"logo\":{\"@type\":\"ImageObject\",\"inLanguage\":\"pl-PL\",\"@id\":\"https:\/\/shop.diolosa.com\/pl\/#\/schema\/logo\/image\/\",\"url\":\"https:\/\/shop.diolosa.com\/wp-content\/uploads\/2019\/08\/diolosa-drop-logo-new.png\",\"contentUrl\":\"https:\/\/shop.diolosa.com\/wp-content\/uploads\/2019\/08\/diolosa-drop-logo-new.png\",\"width\":134,\"height\":176,\"caption\":\"Claude Diolosa\"},\"image\":{\"@id\":\"https:\/\/shop.diolosa.com\/pl\/#\/schema\/logo\/image\/\"},\"sameAs\":[\"https:\/\/facebook.com\/claudediolosa\",\"https:\/\/www.instagram.com\/diolosaclaude108\/\"]}]}<\/script>\n<!-- \/ Yoast SEO plugin. -->","yoast_head_json":{"title":"Pi\u0119\u0107 pow\u0142ok - Claude Diolosa","robots":{"index":"index","follow":"follow","max-snippet":"max-snippet:-1","max-image-preview":"max-image-preview:large","max-video-preview":"max-video-preview:-1"},"canonical":"https:\/\/shop.diolosa.com\/pl\/product\/piec-powlok\/","og_locale":"pl_PL","og_type":"article","og_title":"Pi\u0119\u0107 pow\u0142ok - Claude Diolosa","og_description":"FIVE SHELLS jest stosowany w leczeniu przekrwienia i stwardnienia w [...]","og_url":"https:\/\/shop.diolosa.com\/pl\/product\/piec-powlok\/","og_site_name":"Claude Diolosa","article_publisher":"https:\/\/facebook.com\/claudediolosa","article_modified_time":"2025-05-06T13:52:54+00:00","og_image":[{"width":800,"height":533,"url":"https:\/\/shop.diolosa.com\/wp-content\/uploads\/2019\/09\/Presslinge-140.jpg","type":"image\/jpeg"}],"twitter_card":"summary_large_image","twitter_misc":{"Szacowany czas czytania":"1 minuta"},"schema":{"@context":"https:\/\/schema.org","@graph":[{"@type":"WebPage","@id":"https:\/\/shop.diolosa.com\/pl\/product\/piec-powlok\/","url":"https:\/\/shop.diolosa.com\/pl\/product\/piec-powlok\/","name":"Pi\u0119\u0107 pow\u0142ok - Claude Diolosa","isPartOf":{"@id":"https:\/\/shop.diolosa.com\/pl\/#website"},"primaryImageOfPage":{"@id":"https:\/\/shop.diolosa.com\/pl\/product\/piec-powlok\/#primaryimage"},"image":{"@id":"https:\/\/shop.diolosa.com\/pl\/product\/piec-powlok\/#primaryimage"},"thumbnailUrl":"https:\/\/shop.diolosa.com\/wp-content\/uploads\/2019\/09\/Presslinge-140.jpg","datePublished":"2025-03-10T05:53:32+00:00","dateModified":"2025-05-06T13:52:54+00:00","breadcrumb":{"@id":"https:\/\/shop.diolosa.com\/pl\/product\/piec-powlok\/#breadcrumb"},"inLanguage":"pl-PL","potentialAction":[{"@type":"ReadAction","target":["https:\/\/shop.diolosa.com\/pl\/product\/piec-powlok\/"]}]},{"@type":"ImageObject","inLanguage":"pl-PL","@id":"https:\/\/shop.diolosa.com\/pl\/product\/piec-powlok\/#primaryimage","url":"https:\/\/shop.diolosa.com\/wp-content\/uploads\/2019\/09\/Presslinge-140.jpg","contentUrl":"https:\/\/shop.diolosa.com\/wp-content\/uploads\/2019\/09\/Presslinge-140.jpg","width":800,"height":533},{"@type":"BreadcrumbList","@id":"https:\/\/shop.diolosa.com\/pl\/product\/piec-powlok\/#breadcrumb","itemListElement":[{"@type":"ListItem","position":1,"name":"Startseite","item":"https:\/\/shop.diolosa.com\/pl\/?page_id=3835710"},{"@type":"ListItem","position":2,"name":"Sklep","item":"https:\/\/shop.diolosa.com\/pl\/?page_id=3835710"},{"@type":"ListItem","position":3,"name":"Pi\u0119\u0107 pow\u0142ok"}]},{"@type":"WebSite","@id":"https:\/\/shop.diolosa.com\/pl\/#website","url":"https:\/\/shop.diolosa.com\/pl\/","name":"Claude Diolosa","description":"","publisher":{"@id":"https:\/\/shop.diolosa.com\/pl\/#organization"},"potentialAction":[{"@type":"SearchAction","target":{"@type":"EntryPoint","urlTemplate":"https:\/\/shop.diolosa.com\/pl\/?s={search_term_string}"},"query-input":{"@type":"PropertyValueSpecification","valueRequired":true,"valueName":"search_term_string"}}],"inLanguage":"pl-PL"},{"@type":"Organization","@id":"https:\/\/shop.diolosa.com\/pl\/#organization","name":"Claude Diolosa","url":"https:\/\/shop.diolosa.com\/pl\/","logo":{"@type":"ImageObject","inLanguage":"pl-PL","@id":"https:\/\/shop.diolosa.com\/pl\/#\/schema\/logo\/image\/","url":"https:\/\/shop.diolosa.com\/wp-content\/uploads\/2019\/08\/diolosa-drop-logo-new.png","contentUrl":"https:\/\/shop.diolosa.com\/wp-content\/uploads\/2019\/08\/diolosa-drop-logo-new.png","width":134,"height":176,"caption":"Claude Diolosa"},"image":{"@id":"https:\/\/shop.diolosa.com\/pl\/#\/schema\/logo\/image\/"},"sameAs":["https:\/\/facebook.com\/claudediolosa","https:\/\/www.instagram.com\/diolosaclaude108\/"]}]}},"_links":{"self":[{"href":"https:\/\/shop.diolosa.com\/pl\/wp-json\/wp\/v2\/product\/3840844","targetHints":{"allow":["GET"]}}],"collection":[{"href":"https:\/\/shop.diolosa.com\/pl\/wp-json\/wp\/v2\/product"}],"about":[{"href":"https:\/\/shop.diolosa.com\/pl\/wp-json\/wp\/v2\/types\/product"}],"wp:featuredmedia":[{"embeddable":true,"href":"https:\/\/shop.diolosa.com\/pl\/wp-json\/wp\/v2\/media\/3835943"}],"wp:attachment":[{"href":"https:\/\/shop.diolosa.com\/pl\/wp-json\/wp\/v2\/media?parent=3840844"}],"wp:term":[{"taxonomy":"product_brand","embeddable":true,"href":"https:\/\/shop.diolosa.com\/pl\/wp-json\/wp\/v2\/product_brand?post=3840844"},{"taxonomy":"product_cat","embeddable":true,"href":"https:\/\/shop.diolosa.com\/pl\/wp-json\/wp\/v2\/product_cat?post=3840844"},{"taxonomy":"product_tag","embeddable":true,"href":"https:\/\/shop.diolosa.com\/pl\/wp-json\/wp\/v2\/product_tag?post=3840844"}],"curies":[{"name":"wp","href":"https:\/\/api.w.org\/{rel}","templated":true}]}}