{"id":3840849,"date":"2019-09-04T12:15:00","date_gmt":"2025-03-10T05:53:33","guid":{"rendered":"https:\/\/shop.diolosa.com\/product\/red-gate\/"},"modified":"2025-05-06T14:55:22","modified_gmt":"2025-05-06T13:55:22","slug":"red-gate","status":"publish","type":"product","link":"https:\/\/shop.diolosa.com\/pl\/product\/red-gate\/","title":{"rendered":"Red Gate"},"content":{"rendered":"<p>RED GATE zosta\u0142 opracowany specjalnie dla wegetarian i wegan. Ta zio\u0142owa formu\u0142a tonizuje Qi \u015arodkowego Ogrzewacza, podnosi Qi, harmonizuje \u015aledzion\u0119 i \u017bo\u0142\u0105dek, od\u017cywia Krew, promuje kr\u0105\u017cenie Krwi, szczeg\u00f3lnie w G\u00f3rnym Ogrzewaczu, przekszta\u0142ca wilgo\u0107 i zapobiega stagnacji pokarmu i Qi. <\/p>\n<p>&nbsp;<\/p>\n<p>&nbsp;<\/p>\n","protected":false},"excerpt":{"rendered":"<p>&nbsp;<\/p>\n<p>&nbsp;<\/p>\n<p>&nbsp;<\/p>\n","protected":false},"featured_media":3835943,"template":"","meta":{"_acf_changed":false},"product_brand":[],"product_cat":[12034],"product_tag":[12035],"class_list":{"0":"post-3840849","1":"product","2":"type-product","3":"status-publish","4":"has-post-thumbnail","6":"product_cat-przedluzenie-zycia","7":"product_tag-weganizm","9":"first","10":"instock","11":"taxable","12":"shipping-taxable","13":"purchasable","14":"product-type-simple"},"acf":{"yn_product_audio":"https:\/\/shop.diolosa.com\/wp-content\/uploads\/2022\/10\/DL_RedGate.m4a","yn_product_video":"https:\/\/shop.diolosa.com\/wp-content\/uploads\/2025\/04\/Red-Gate.mp4","yn_product_akupunktur":"<p>Tonizuje \u015bledzion\u0119<br \/>\np\u0119cherz 20 &#8211; pi shu &#8211; bu fa<br \/>\n\u015bledziona 2 &#8211; da du (ying) &#8211; bu fa<br \/>\n\u015bledziona 3 &#8211; tai bai (shu, yuan) &#8211; bu fa<br \/>\n\u017co\u0142\u0105dek 36 &#8211; zu san li (shu, xia he xue &#8211; \u017co\u0142\u0105dek, si hai xue, si zhong xue) &#8211; bu fa<\/p>\n<p>Od\u017cywia krew<br \/>\n\u015bledziona 10 &#8211; xue hai &#8211; bu fa<br \/>\np\u0119cherz 17 &#8211; he shu &#8211; bu fa  <\/p>\n<p>Uzupe\u0142nij esencj\u0119 nerki za pomoc\u0105 moxa<br \/>\nnerka 3 &#8211; tai xi (shu,yuan) &#8211; bu fa<br \/>\np\u0119cherz 23 &#8211; shen shu &#8211; bu fa<br \/>\nnerka 12 &#8211; da he (chong mai) &#8211; bu fa<br \/>\nren mai 7 &#8211; yin jiao (chong mai- UE) &#8211; bu fa<br \/>\nma 30 &#8211; qi qong &#8211; bu fa<br \/>\np\u0119cherz 43 &#8211; gao huang shu (qi,xue,jinye,yin,yang) &#8211; bu fa<\/p>\n","yn_product_verabreichungsart":"Pelety 140szt.","yn_product_dosierung":"<p>3 x 4 do 9 tabletek, zawsze przed posi\u0142kami<\/p>\n","yn_product_combinations":"<p>KORZE\u0143 YANG, RINCHEN TEE (niedob\u00f3r Yang), TAJEMNA MOC (apatia), MORZE QI (niedoci\u015bnienie), ENERGIA \u017bYCIOWA (niedob\u00f3r Qi, wilgo\u0107 i niedob\u00f3r krwi), SZYBKIE RUCHY BRZUCHA (zast\u00f3j pokarmu), WITALNO\u015a\u0106 (niedob\u00f3r Qi i krwi), REGENERACJA (Qi, Yin, Yang, niedob\u00f3r krwi), WIELKA HARMONIA (niedob\u00f3r Qi i du\u017co wilgoci), KROPLE \u017bELAZA (niedob\u00f3r krwi)<\/p>\n","yn_product_avoidable":"<p>Surowe warzywa, kawa, czarna herbata, zielona herbata, produkty mleczne, cukier, fruktoza, mi\u00f3d, w\u0119glowodany, zw\u0142aszcza pszenica, orkisz, zielony orkisz, owoce, soki owocowe, owoce tropikalne, suplementy witaminy C, zielona sa\u0142ata, pomidory, og\u00f3rki, bak\u0142a\u017cany, ziemniaki, endywia, kawa zbo\u017cowa, cykoria.<\/p>\n","yn_product_tcm_mindmapping":"<p>Niedob\u00f3r Qi \u015bledziony > Wilgotno\u015b\u0107 Yang Ming > Niedob\u00f3r krwi > Zast\u00f3j krwi<\/p>\n","yn_product_tongue_body":"<p>Blada i kr\u00f3tka, ma r\u00f3wnie\u017c tendencj\u0119 do bycia fioletow\u0105 lub lekko plamist\u0105.<\/p>\n","yn_product_tongue_coating":"<p>Bia\u0142y, wilgotny lub lekko \u017c\u00f3\u0142tawy<\/p>\n","yn_product_pulse_diagnostics":"<p>duan mai &#8211; kr\u00f3tki, xi mai &#8211; cienki, xu mai &#8211; pusty, chi mai &#8211; powolny<\/p>\n","yn_product_indications":"<p>Zm\u0119czenie po ka\u017cdym posi\u0142ku, apatia, apatia, wzd\u0119cia, wzd\u0119cia, niedoci\u015bnienie, przewlek\u0142e b\u00f3le g\u0142owy, b\u00f3le g\u0142owy, blada twarz, zimne i wilgotne ko\u0144czyny, nieuformowane wypr\u00f3\u017cnienia.<\/p>\n","yn_product_contra_indications":"<p>Ogie\u0144 i od\u0142\u0105czenie Yang w\u0105troby, choroba zaka\u017ana (Wen Bing Lun)<\/p>\n","yn_product_pregnancy":"<p>Dozwolone<\/p>\n","yn_product_herbs":"<p>atractylodes macrocephalae rhizoma praep &#8211; chao bai zhu, astragali radix praep &#8211; mi zhi huang qi, pericarpium citri reticulatae &#8211; chen pi, magnoliae cortex &#8211; hou po, poria cocos sclerotium &#8211; fu ling, angelicae sinensis caudensis &#8211; dang gui wei<\/p>\n","yn_product_magisterrecipes":"<p>Bu Zhong Yi Qi Tang, Shi Quan Da Bu Tang<\/p>\n"},"yoast_head":"<!-- This site is optimized with the Yoast SEO plugin v24.9 - https:\/\/yoast.com\/wordpress\/plugins\/seo\/ -->\n<title>Red Gate - Claude Diolosa<\/title>\n<meta name=\"robots\" content=\"index, follow, max-snippet:-1, max-image-preview:large, max-video-preview:-1\" \/>\n<link rel=\"canonical\" href=\"https:\/\/shop.diolosa.com\/pl\/product\/red-gate\/\" \/>\n<meta property=\"og:locale\" content=\"pl_PL\" \/>\n<meta property=\"og:type\" content=\"article\" \/>\n<meta property=\"og:title\" content=\"Red Gate - Claude Diolosa\" \/>\n<meta property=\"og:description\" content=\"&nbsp; &nbsp; &nbsp;\" \/>\n<meta property=\"og:url\" content=\"https:\/\/shop.diolosa.com\/pl\/product\/red-gate\/\" \/>\n<meta property=\"og:site_name\" content=\"Claude Diolosa\" \/>\n<meta property=\"article:publisher\" content=\"https:\/\/facebook.com\/claudediolosa\" \/>\n<meta property=\"article:modified_time\" content=\"2025-05-06T13:55:22+00:00\" \/>\n<meta property=\"og:image\" content=\"https:\/\/shop.diolosa.com\/wp-content\/uploads\/2019\/09\/Presslinge-140.jpg\" \/>\n\t<meta property=\"og:image:width\" content=\"800\" \/>\n\t<meta property=\"og:image:height\" content=\"533\" \/>\n\t<meta property=\"og:image:type\" content=\"image\/jpeg\" \/>\n<meta name=\"twitter:card\" content=\"summary_large_image\" \/>\n<script type=\"application\/ld+json\" class=\"yoast-schema-graph\">{\"@context\":\"https:\/\/schema.org\",\"@graph\":[{\"@type\":\"WebPage\",\"@id\":\"https:\/\/shop.diolosa.com\/pl\/product\/red-gate\/\",\"url\":\"https:\/\/shop.diolosa.com\/pl\/product\/red-gate\/\",\"name\":\"Red Gate - Claude Diolosa\",\"isPartOf\":{\"@id\":\"https:\/\/shop.diolosa.com\/pl\/#website\"},\"primaryImageOfPage\":{\"@id\":\"https:\/\/shop.diolosa.com\/pl\/product\/red-gate\/#primaryimage\"},\"image\":{\"@id\":\"https:\/\/shop.diolosa.com\/pl\/product\/red-gate\/#primaryimage\"},\"thumbnailUrl\":\"https:\/\/shop.diolosa.com\/wp-content\/uploads\/2019\/09\/Presslinge-140.jpg\",\"datePublished\":\"2025-03-10T05:53:33+00:00\",\"dateModified\":\"2025-05-06T13:55:22+00:00\",\"breadcrumb\":{\"@id\":\"https:\/\/shop.diolosa.com\/pl\/product\/red-gate\/#breadcrumb\"},\"inLanguage\":\"pl-PL\",\"potentialAction\":[{\"@type\":\"ReadAction\",\"target\":[\"https:\/\/shop.diolosa.com\/pl\/product\/red-gate\/\"]}]},{\"@type\":\"ImageObject\",\"inLanguage\":\"pl-PL\",\"@id\":\"https:\/\/shop.diolosa.com\/pl\/product\/red-gate\/#primaryimage\",\"url\":\"https:\/\/shop.diolosa.com\/wp-content\/uploads\/2019\/09\/Presslinge-140.jpg\",\"contentUrl\":\"https:\/\/shop.diolosa.com\/wp-content\/uploads\/2019\/09\/Presslinge-140.jpg\",\"width\":800,\"height\":533},{\"@type\":\"BreadcrumbList\",\"@id\":\"https:\/\/shop.diolosa.com\/pl\/product\/red-gate\/#breadcrumb\",\"itemListElement\":[{\"@type\":\"ListItem\",\"position\":1,\"name\":\"Startseite\",\"item\":\"https:\/\/shop.diolosa.com\/pl\/?page_id=3835710\"},{\"@type\":\"ListItem\",\"position\":2,\"name\":\"Sklep\",\"item\":\"https:\/\/shop.diolosa.com\/pl\/?page_id=3835710\"},{\"@type\":\"ListItem\",\"position\":3,\"name\":\"Red Gate\"}]},{\"@type\":\"WebSite\",\"@id\":\"https:\/\/shop.diolosa.com\/pl\/#website\",\"url\":\"https:\/\/shop.diolosa.com\/pl\/\",\"name\":\"Claude Diolosa\",\"description\":\"\",\"publisher\":{\"@id\":\"https:\/\/shop.diolosa.com\/pl\/#organization\"},\"potentialAction\":[{\"@type\":\"SearchAction\",\"target\":{\"@type\":\"EntryPoint\",\"urlTemplate\":\"https:\/\/shop.diolosa.com\/pl\/?s={search_term_string}\"},\"query-input\":{\"@type\":\"PropertyValueSpecification\",\"valueRequired\":true,\"valueName\":\"search_term_string\"}}],\"inLanguage\":\"pl-PL\"},{\"@type\":\"Organization\",\"@id\":\"https:\/\/shop.diolosa.com\/pl\/#organization\",\"name\":\"Claude Diolosa\",\"url\":\"https:\/\/shop.diolosa.com\/pl\/\",\"logo\":{\"@type\":\"ImageObject\",\"inLanguage\":\"pl-PL\",\"@id\":\"https:\/\/shop.diolosa.com\/pl\/#\/schema\/logo\/image\/\",\"url\":\"https:\/\/shop.diolosa.com\/wp-content\/uploads\/2019\/08\/diolosa-drop-logo-new.png\",\"contentUrl\":\"https:\/\/shop.diolosa.com\/wp-content\/uploads\/2019\/08\/diolosa-drop-logo-new.png\",\"width\":134,\"height\":176,\"caption\":\"Claude Diolosa\"},\"image\":{\"@id\":\"https:\/\/shop.diolosa.com\/pl\/#\/schema\/logo\/image\/\"},\"sameAs\":[\"https:\/\/facebook.com\/claudediolosa\",\"https:\/\/www.instagram.com\/diolosaclaude108\/\"]}]}<\/script>\n<!-- \/ Yoast SEO plugin. -->","yoast_head_json":{"title":"Red Gate - Claude Diolosa","robots":{"index":"index","follow":"follow","max-snippet":"max-snippet:-1","max-image-preview":"max-image-preview:large","max-video-preview":"max-video-preview:-1"},"canonical":"https:\/\/shop.diolosa.com\/pl\/product\/red-gate\/","og_locale":"pl_PL","og_type":"article","og_title":"Red Gate - Claude Diolosa","og_description":"&nbsp; &nbsp; &nbsp;","og_url":"https:\/\/shop.diolosa.com\/pl\/product\/red-gate\/","og_site_name":"Claude Diolosa","article_publisher":"https:\/\/facebook.com\/claudediolosa","article_modified_time":"2025-05-06T13:55:22+00:00","og_image":[{"width":800,"height":533,"url":"https:\/\/shop.diolosa.com\/wp-content\/uploads\/2019\/09\/Presslinge-140.jpg","type":"image\/jpeg"}],"twitter_card":"summary_large_image","schema":{"@context":"https:\/\/schema.org","@graph":[{"@type":"WebPage","@id":"https:\/\/shop.diolosa.com\/pl\/product\/red-gate\/","url":"https:\/\/shop.diolosa.com\/pl\/product\/red-gate\/","name":"Red Gate - Claude Diolosa","isPartOf":{"@id":"https:\/\/shop.diolosa.com\/pl\/#website"},"primaryImageOfPage":{"@id":"https:\/\/shop.diolosa.com\/pl\/product\/red-gate\/#primaryimage"},"image":{"@id":"https:\/\/shop.diolosa.com\/pl\/product\/red-gate\/#primaryimage"},"thumbnailUrl":"https:\/\/shop.diolosa.com\/wp-content\/uploads\/2019\/09\/Presslinge-140.jpg","datePublished":"2025-03-10T05:53:33+00:00","dateModified":"2025-05-06T13:55:22+00:00","breadcrumb":{"@id":"https:\/\/shop.diolosa.com\/pl\/product\/red-gate\/#breadcrumb"},"inLanguage":"pl-PL","potentialAction":[{"@type":"ReadAction","target":["https:\/\/shop.diolosa.com\/pl\/product\/red-gate\/"]}]},{"@type":"ImageObject","inLanguage":"pl-PL","@id":"https:\/\/shop.diolosa.com\/pl\/product\/red-gate\/#primaryimage","url":"https:\/\/shop.diolosa.com\/wp-content\/uploads\/2019\/09\/Presslinge-140.jpg","contentUrl":"https:\/\/shop.diolosa.com\/wp-content\/uploads\/2019\/09\/Presslinge-140.jpg","width":800,"height":533},{"@type":"BreadcrumbList","@id":"https:\/\/shop.diolosa.com\/pl\/product\/red-gate\/#breadcrumb","itemListElement":[{"@type":"ListItem","position":1,"name":"Startseite","item":"https:\/\/shop.diolosa.com\/pl\/?page_id=3835710"},{"@type":"ListItem","position":2,"name":"Sklep","item":"https:\/\/shop.diolosa.com\/pl\/?page_id=3835710"},{"@type":"ListItem","position":3,"name":"Red Gate"}]},{"@type":"WebSite","@id":"https:\/\/shop.diolosa.com\/pl\/#website","url":"https:\/\/shop.diolosa.com\/pl\/","name":"Claude Diolosa","description":"","publisher":{"@id":"https:\/\/shop.diolosa.com\/pl\/#organization"},"potentialAction":[{"@type":"SearchAction","target":{"@type":"EntryPoint","urlTemplate":"https:\/\/shop.diolosa.com\/pl\/?s={search_term_string}"},"query-input":{"@type":"PropertyValueSpecification","valueRequired":true,"valueName":"search_term_string"}}],"inLanguage":"pl-PL"},{"@type":"Organization","@id":"https:\/\/shop.diolosa.com\/pl\/#organization","name":"Claude Diolosa","url":"https:\/\/shop.diolosa.com\/pl\/","logo":{"@type":"ImageObject","inLanguage":"pl-PL","@id":"https:\/\/shop.diolosa.com\/pl\/#\/schema\/logo\/image\/","url":"https:\/\/shop.diolosa.com\/wp-content\/uploads\/2019\/08\/diolosa-drop-logo-new.png","contentUrl":"https:\/\/shop.diolosa.com\/wp-content\/uploads\/2019\/08\/diolosa-drop-logo-new.png","width":134,"height":176,"caption":"Claude Diolosa"},"image":{"@id":"https:\/\/shop.diolosa.com\/pl\/#\/schema\/logo\/image\/"},"sameAs":["https:\/\/facebook.com\/claudediolosa","https:\/\/www.instagram.com\/diolosaclaude108\/"]}]}},"_links":{"self":[{"href":"https:\/\/shop.diolosa.com\/pl\/wp-json\/wp\/v2\/product\/3840849","targetHints":{"allow":["GET"]}}],"collection":[{"href":"https:\/\/shop.diolosa.com\/pl\/wp-json\/wp\/v2\/product"}],"about":[{"href":"https:\/\/shop.diolosa.com\/pl\/wp-json\/wp\/v2\/types\/product"}],"wp:featuredmedia":[{"embeddable":true,"href":"https:\/\/shop.diolosa.com\/pl\/wp-json\/wp\/v2\/media\/3835943"}],"wp:attachment":[{"href":"https:\/\/shop.diolosa.com\/pl\/wp-json\/wp\/v2\/media?parent=3840849"}],"wp:term":[{"taxonomy":"product_brand","embeddable":true,"href":"https:\/\/shop.diolosa.com\/pl\/wp-json\/wp\/v2\/product_brand?post=3840849"},{"taxonomy":"product_cat","embeddable":true,"href":"https:\/\/shop.diolosa.com\/pl\/wp-json\/wp\/v2\/product_cat?post=3840849"},{"taxonomy":"product_tag","embeddable":true,"href":"https:\/\/shop.diolosa.com\/pl\/wp-json\/wp\/v2\/product_tag?post=3840849"}],"curies":[{"name":"wp","href":"https:\/\/api.w.org\/{rel}","templated":true}]}}