{"id":3840850,"date":"2019-09-04T12:15:00","date_gmt":"2025-03-10T05:53:33","guid":{"rendered":"https:\/\/shop.diolosa.com\/product\/weight-balance-cold\/"},"modified":"2025-05-06T14:54:50","modified_gmt":"2025-05-06T13:54:50","slug":"weight-balance-cold","status":"publish","type":"product","link":"https:\/\/shop.diolosa.com\/pl\/product\/weight-balance-cold\/","title":{"rendered":"Weight Balance Cold"},"content":{"rendered":"<p>WEIGHT BALANCE COLD jest stosowany w leczeniu oty\u0142o\u015bci spowodowanej przezi\u0119bieniem i niedoborem Yang. Preparat ten tonizuje Yang Qi, rozprasza wewn\u0119trzne zimno, stymuluje wch\u0142anianie i eliminacj\u0119 pokarmu, przekszta\u0142ca wilgo\u0107 i flegm\u0119, porusza krew i harmonizuje po\u0142\u0105czenie mi\u0119dzy drewnem (w\u0105trob\u0105) a ziemi\u0105 (\u015bledzion\u0105).<\/p>\n","protected":false},"excerpt":{"rendered":"<p>WEIGHT BALANCE COLD jest stosowany w leczeniu oty\u0142o\u015bci spowodowanej przezi\u0119bieniem  [&#8230;]<\/p>\n","protected":false},"featured_media":3835943,"template":"","meta":{"_acf_changed":false},"product_brand":[],"product_cat":[11867],"product_tag":[12036],"class_list":{"0":"post-3840850","1":"product","2":"type-product","3":"status-publish","4":"has-post-thumbnail","6":"product_cat-gastroenterologia","7":"product_tag-nadwaga-mokrosc-zimno","9":"first","10":"instock","11":"taxable","12":"shipping-taxable","13":"purchasable","14":"product-type-simple"},"acf":{"yn_product_audio":"https:\/\/shop.diolosa.com\/wp-content\/uploads\/2018\/12\/DL_0304.mp3","yn_product_video":"https:\/\/shop.diolosa.com\/wp-content\/uploads\/2024\/10\/Weight-Balance-Cold.mp4","yn_product_akupunktur":"<p>Stymulacja resorpcji<br \/>\np\u0119cherz 23 &#8211; shen shu &#8211; bu fa z moks\u0105<br \/>\np\u0119cherz 20 &#8211; pi shu &#8211; bu fa z moks\u0105<br \/>\n\u015bledziona 2 &#8211; da du (ying) &#8211; bu fa<br \/>\n\u015bledziona 3 &#8211; tai bai (yuan) &#8211; bu fa  <\/p>\n<p>Drena\u017c flegmy<br \/>\n\u017co\u0142\u0105dek 40 &#8211; feng long (luo) &#8211; xie fa<br \/>\n\u015bledziona 9 &#8211; yin ling quan (he) &#8211; xie fa z moks\u0105<br \/>\nren mai 12 &#8211; zhong wan (mo>)\u017co\u0142\u0105dek, ba hui xue, jelito cienkie, san chiao, \u017co\u0142\u0105dek) &#8211; xie fa<br \/>\nren mai 9 &#8211; shui fen (jelito cienkie) &#8211; xie fa z mox\u0105<br \/>\np\u0119cherz 22 &#8211; san jiao shu &#8211; xie fa z mox\u0105<\/p>\n<p>Tonizuje yang nerek<br \/>\nren mai 4 &#8211; guan yuan (mo>jelito cienkie, w\u0105troba, nerki, \u015bledziona) &#8211; bu fa z moks\u0105<br \/>\np\u0119cherz 23 &#8211; shen shu &#8211; bu fa z moks\u0105<br \/>\ndu mai 4 &#8211; ming men &#8211; bu fa z moks\u0105<\/p>\n<p>Shen clarify<br \/>\nstomach 6 &#8211; jia che &#8211; gui chuan (gui) &#8211; xie fa<\/p>\n","yn_product_verabreichungsart":"Pelety 140szt.","yn_product_dosierung":"<p>Przyjmowa\u0107 3 x 6 do 9 tabletek dziennie, zawsze przed posi\u0142kami.<\/p>\n","yn_product_combinations":"<p>QUICK BELLY MOVEMENT (zast\u00f3j pokarmu), COLD BLISS (niedoczynno\u015b\u0107 tarczycy), YANG ROOT, RINCHEN TEE (niedob\u00f3r yang nerek), BRIGHT FUTURE (depresja)<\/p>\n","yn_product_avoidable":"<p>Cukier, w\u0119glowodany, zw\u0142aszcza pszenica, chleb, makaron, pizza, mi\u00f3d, produkty mleczne, ser, mas\u0142o, banan, owoce tropikalne, soki, jab\u0142ko, gruszka, czekolada.<\/p>\n","yn_product_tcm_mindmapping":"<p>Zast\u00f3j Qi w\u0105troby > Zast\u00f3j Qi \u015bledziony > Wilgotno\u015b\u0107 San Chiao > Flegma > Z\u0142ogi flegmy i zast\u00f3j krwi > Oty\u0142o\u015b\u0107<\/p>\n","yn_product_tongue_body":"<p>Kr\u00f3tkie, \u015blady z\u0119b\u00f3w, mi\u0119kkie, szerokie, grube, nabrzmia\u0142e brzegi, nabrzmia\u0142e z jednej strony, lekko czerwonawy kolor<\/p>\n","yn_product_tongue_coating":"<p>Bia\u0142e, \u017c\u00f3\u0142tawe i wilgotne w Yang Ming i Shao Yang<\/p>\n","yn_product_pulse_diagnostics":"<p>Pozycja p\u0119cherzyka \u017c\u00f3\u0142ciowego i \u017co\u0142\u0105dka: da mai &#8211; szeroka, shi mai &#8211; pe\u0142na, chi mai &#8211; powolna, se mai &#8211; szorstka, xian mai &#8211; napi\u0119ta<br \/>\nPozycja \u015bledziony: duan mai &#8211; kr\u00f3tka, huan mai &#8211; spokojna, chi mai &#8211; powolna, se mai &#8211; szorstka<\/p>\n","yn_product_indications":"<p>Wahania nastroju, niepok\u00f3j, depresja, senno\u015b\u0107, zaburzenia wch\u0142aniania, nietolerancja w\u0119glowodan\u00f3w, nadwaga, sk\u0142onno\u015b\u0107 do niedoczynno\u015bci tarczycy, zimne ko\u0144czyny, ma\u0142o je, ale przybiera na wadze.<\/p>\n","yn_product_contra_indications":"<p>Niedob\u00f3r Yin i puste ciep\u0142o, po porodzie<\/p>\n","yn_product_pregnancy":"<p>Przeciwwskazane<\/p>\n","yn_product_herbs":"<p>cyperi rhizoma &#8211; xiang fu, atractylodes macrocephalae rhizoma &#8211; bai zhu, sclerotium poriae cocos &#8211; fu ling, pinelliae ternatae rhizoma &#8211; ban xia, citri reticulatae pericarpium &#8211; chen pi, magnoliae officinalis cortex &#8211; hou po, zingiberis recensis officinalis rhizoma &#8211; sheng jiang, alismati rhizoma &#8211; ze xie, crataegus fructus praep &#8211; chao shan zha<\/p>\n","yn_product_magisterrecipes":"<p>Bao He Wan, Dao Dan Tang, Er Chen Tang, Xian Sha Liu Jun Zi Tang<\/p>\n"},"yoast_head":"<!-- This site is optimized with the Yoast SEO plugin v24.9 - https:\/\/yoast.com\/wordpress\/plugins\/seo\/ -->\n<title>Weight Balance Cold - Claude Diolosa<\/title>\n<meta name=\"robots\" content=\"index, follow, max-snippet:-1, max-image-preview:large, max-video-preview:-1\" \/>\n<link rel=\"canonical\" href=\"https:\/\/shop.diolosa.com\/pl\/product\/weight-balance-cold\/\" \/>\n<meta property=\"og:locale\" content=\"pl_PL\" \/>\n<meta property=\"og:type\" content=\"article\" \/>\n<meta property=\"og:title\" content=\"Weight Balance Cold - Claude Diolosa\" \/>\n<meta property=\"og:description\" content=\"WEIGHT BALANCE COLD jest stosowany w leczeniu oty\u0142o\u015bci spowodowanej przezi\u0119bieniem [...]\" \/>\n<meta property=\"og:url\" content=\"https:\/\/shop.diolosa.com\/pl\/product\/weight-balance-cold\/\" \/>\n<meta property=\"og:site_name\" content=\"Claude Diolosa\" \/>\n<meta property=\"article:publisher\" content=\"https:\/\/facebook.com\/claudediolosa\" \/>\n<meta property=\"article:modified_time\" content=\"2025-05-06T13:54:50+00:00\" \/>\n<meta property=\"og:image\" content=\"https:\/\/shop.diolosa.com\/wp-content\/uploads\/2019\/09\/Presslinge-140.jpg\" \/>\n\t<meta property=\"og:image:width\" content=\"800\" \/>\n\t<meta property=\"og:image:height\" content=\"533\" \/>\n\t<meta property=\"og:image:type\" content=\"image\/jpeg\" \/>\n<meta name=\"twitter:card\" content=\"summary_large_image\" \/>\n<script type=\"application\/ld+json\" class=\"yoast-schema-graph\">{\"@context\":\"https:\/\/schema.org\",\"@graph\":[{\"@type\":\"WebPage\",\"@id\":\"https:\/\/shop.diolosa.com\/pl\/product\/weight-balance-cold\/\",\"url\":\"https:\/\/shop.diolosa.com\/pl\/product\/weight-balance-cold\/\",\"name\":\"Weight Balance Cold - Claude Diolosa\",\"isPartOf\":{\"@id\":\"https:\/\/shop.diolosa.com\/pl\/#website\"},\"primaryImageOfPage\":{\"@id\":\"https:\/\/shop.diolosa.com\/pl\/product\/weight-balance-cold\/#primaryimage\"},\"image\":{\"@id\":\"https:\/\/shop.diolosa.com\/pl\/product\/weight-balance-cold\/#primaryimage\"},\"thumbnailUrl\":\"https:\/\/shop.diolosa.com\/wp-content\/uploads\/2019\/09\/Presslinge-140.jpg\",\"datePublished\":\"2025-03-10T05:53:33+00:00\",\"dateModified\":\"2025-05-06T13:54:50+00:00\",\"breadcrumb\":{\"@id\":\"https:\/\/shop.diolosa.com\/pl\/product\/weight-balance-cold\/#breadcrumb\"},\"inLanguage\":\"pl-PL\",\"potentialAction\":[{\"@type\":\"ReadAction\",\"target\":[\"https:\/\/shop.diolosa.com\/pl\/product\/weight-balance-cold\/\"]}]},{\"@type\":\"ImageObject\",\"inLanguage\":\"pl-PL\",\"@id\":\"https:\/\/shop.diolosa.com\/pl\/product\/weight-balance-cold\/#primaryimage\",\"url\":\"https:\/\/shop.diolosa.com\/wp-content\/uploads\/2019\/09\/Presslinge-140.jpg\",\"contentUrl\":\"https:\/\/shop.diolosa.com\/wp-content\/uploads\/2019\/09\/Presslinge-140.jpg\",\"width\":800,\"height\":533},{\"@type\":\"BreadcrumbList\",\"@id\":\"https:\/\/shop.diolosa.com\/pl\/product\/weight-balance-cold\/#breadcrumb\",\"itemListElement\":[{\"@type\":\"ListItem\",\"position\":1,\"name\":\"Startseite\",\"item\":\"https:\/\/shop.diolosa.com\/pl\/?page_id=3835710\"},{\"@type\":\"ListItem\",\"position\":2,\"name\":\"Sklep\",\"item\":\"https:\/\/shop.diolosa.com\/pl\/?page_id=3835710\"},{\"@type\":\"ListItem\",\"position\":3,\"name\":\"Weight Balance Cold\"}]},{\"@type\":\"WebSite\",\"@id\":\"https:\/\/shop.diolosa.com\/pl\/#website\",\"url\":\"https:\/\/shop.diolosa.com\/pl\/\",\"name\":\"Claude Diolosa\",\"description\":\"\",\"publisher\":{\"@id\":\"https:\/\/shop.diolosa.com\/pl\/#organization\"},\"potentialAction\":[{\"@type\":\"SearchAction\",\"target\":{\"@type\":\"EntryPoint\",\"urlTemplate\":\"https:\/\/shop.diolosa.com\/pl\/?s={search_term_string}\"},\"query-input\":{\"@type\":\"PropertyValueSpecification\",\"valueRequired\":true,\"valueName\":\"search_term_string\"}}],\"inLanguage\":\"pl-PL\"},{\"@type\":\"Organization\",\"@id\":\"https:\/\/shop.diolosa.com\/pl\/#organization\",\"name\":\"Claude Diolosa\",\"url\":\"https:\/\/shop.diolosa.com\/pl\/\",\"logo\":{\"@type\":\"ImageObject\",\"inLanguage\":\"pl-PL\",\"@id\":\"https:\/\/shop.diolosa.com\/pl\/#\/schema\/logo\/image\/\",\"url\":\"https:\/\/shop.diolosa.com\/wp-content\/uploads\/2019\/08\/diolosa-drop-logo-new.png\",\"contentUrl\":\"https:\/\/shop.diolosa.com\/wp-content\/uploads\/2019\/08\/diolosa-drop-logo-new.png\",\"width\":134,\"height\":176,\"caption\":\"Claude Diolosa\"},\"image\":{\"@id\":\"https:\/\/shop.diolosa.com\/pl\/#\/schema\/logo\/image\/\"},\"sameAs\":[\"https:\/\/facebook.com\/claudediolosa\",\"https:\/\/www.instagram.com\/diolosaclaude108\/\"]}]}<\/script>\n<!-- \/ Yoast SEO plugin. -->","yoast_head_json":{"title":"Weight Balance Cold - Claude Diolosa","robots":{"index":"index","follow":"follow","max-snippet":"max-snippet:-1","max-image-preview":"max-image-preview:large","max-video-preview":"max-video-preview:-1"},"canonical":"https:\/\/shop.diolosa.com\/pl\/product\/weight-balance-cold\/","og_locale":"pl_PL","og_type":"article","og_title":"Weight Balance Cold - Claude Diolosa","og_description":"WEIGHT BALANCE COLD jest stosowany w leczeniu oty\u0142o\u015bci spowodowanej przezi\u0119bieniem [...]","og_url":"https:\/\/shop.diolosa.com\/pl\/product\/weight-balance-cold\/","og_site_name":"Claude Diolosa","article_publisher":"https:\/\/facebook.com\/claudediolosa","article_modified_time":"2025-05-06T13:54:50+00:00","og_image":[{"width":800,"height":533,"url":"https:\/\/shop.diolosa.com\/wp-content\/uploads\/2019\/09\/Presslinge-140.jpg","type":"image\/jpeg"}],"twitter_card":"summary_large_image","schema":{"@context":"https:\/\/schema.org","@graph":[{"@type":"WebPage","@id":"https:\/\/shop.diolosa.com\/pl\/product\/weight-balance-cold\/","url":"https:\/\/shop.diolosa.com\/pl\/product\/weight-balance-cold\/","name":"Weight Balance Cold - Claude Diolosa","isPartOf":{"@id":"https:\/\/shop.diolosa.com\/pl\/#website"},"primaryImageOfPage":{"@id":"https:\/\/shop.diolosa.com\/pl\/product\/weight-balance-cold\/#primaryimage"},"image":{"@id":"https:\/\/shop.diolosa.com\/pl\/product\/weight-balance-cold\/#primaryimage"},"thumbnailUrl":"https:\/\/shop.diolosa.com\/wp-content\/uploads\/2019\/09\/Presslinge-140.jpg","datePublished":"2025-03-10T05:53:33+00:00","dateModified":"2025-05-06T13:54:50+00:00","breadcrumb":{"@id":"https:\/\/shop.diolosa.com\/pl\/product\/weight-balance-cold\/#breadcrumb"},"inLanguage":"pl-PL","potentialAction":[{"@type":"ReadAction","target":["https:\/\/shop.diolosa.com\/pl\/product\/weight-balance-cold\/"]}]},{"@type":"ImageObject","inLanguage":"pl-PL","@id":"https:\/\/shop.diolosa.com\/pl\/product\/weight-balance-cold\/#primaryimage","url":"https:\/\/shop.diolosa.com\/wp-content\/uploads\/2019\/09\/Presslinge-140.jpg","contentUrl":"https:\/\/shop.diolosa.com\/wp-content\/uploads\/2019\/09\/Presslinge-140.jpg","width":800,"height":533},{"@type":"BreadcrumbList","@id":"https:\/\/shop.diolosa.com\/pl\/product\/weight-balance-cold\/#breadcrumb","itemListElement":[{"@type":"ListItem","position":1,"name":"Startseite","item":"https:\/\/shop.diolosa.com\/pl\/?page_id=3835710"},{"@type":"ListItem","position":2,"name":"Sklep","item":"https:\/\/shop.diolosa.com\/pl\/?page_id=3835710"},{"@type":"ListItem","position":3,"name":"Weight Balance Cold"}]},{"@type":"WebSite","@id":"https:\/\/shop.diolosa.com\/pl\/#website","url":"https:\/\/shop.diolosa.com\/pl\/","name":"Claude Diolosa","description":"","publisher":{"@id":"https:\/\/shop.diolosa.com\/pl\/#organization"},"potentialAction":[{"@type":"SearchAction","target":{"@type":"EntryPoint","urlTemplate":"https:\/\/shop.diolosa.com\/pl\/?s={search_term_string}"},"query-input":{"@type":"PropertyValueSpecification","valueRequired":true,"valueName":"search_term_string"}}],"inLanguage":"pl-PL"},{"@type":"Organization","@id":"https:\/\/shop.diolosa.com\/pl\/#organization","name":"Claude Diolosa","url":"https:\/\/shop.diolosa.com\/pl\/","logo":{"@type":"ImageObject","inLanguage":"pl-PL","@id":"https:\/\/shop.diolosa.com\/pl\/#\/schema\/logo\/image\/","url":"https:\/\/shop.diolosa.com\/wp-content\/uploads\/2019\/08\/diolosa-drop-logo-new.png","contentUrl":"https:\/\/shop.diolosa.com\/wp-content\/uploads\/2019\/08\/diolosa-drop-logo-new.png","width":134,"height":176,"caption":"Claude Diolosa"},"image":{"@id":"https:\/\/shop.diolosa.com\/pl\/#\/schema\/logo\/image\/"},"sameAs":["https:\/\/facebook.com\/claudediolosa","https:\/\/www.instagram.com\/diolosaclaude108\/"]}]}},"_links":{"self":[{"href":"https:\/\/shop.diolosa.com\/pl\/wp-json\/wp\/v2\/product\/3840850","targetHints":{"allow":["GET"]}}],"collection":[{"href":"https:\/\/shop.diolosa.com\/pl\/wp-json\/wp\/v2\/product"}],"about":[{"href":"https:\/\/shop.diolosa.com\/pl\/wp-json\/wp\/v2\/types\/product"}],"wp:featuredmedia":[{"embeddable":true,"href":"https:\/\/shop.diolosa.com\/pl\/wp-json\/wp\/v2\/media\/3835943"}],"wp:attachment":[{"href":"https:\/\/shop.diolosa.com\/pl\/wp-json\/wp\/v2\/media?parent=3840850"}],"wp:term":[{"taxonomy":"product_brand","embeddable":true,"href":"https:\/\/shop.diolosa.com\/pl\/wp-json\/wp\/v2\/product_brand?post=3840850"},{"taxonomy":"product_cat","embeddable":true,"href":"https:\/\/shop.diolosa.com\/pl\/wp-json\/wp\/v2\/product_cat?post=3840850"},{"taxonomy":"product_tag","embeddable":true,"href":"https:\/\/shop.diolosa.com\/pl\/wp-json\/wp\/v2\/product_tag?post=3840850"}],"curies":[{"name":"wp","href":"https:\/\/api.w.org\/{rel}","templated":true}]}}