{"id":3840854,"date":"2019-09-04T12:14:50","date_gmt":"2025-03-10T05:53:36","guid":{"rendered":"https:\/\/shop.diolosa.com\/product\/peaceful-road-1\/"},"modified":"2025-05-06T18:20:28","modified_gmt":"2025-05-06T17:20:28","slug":"peaceful-road-1","status":"publish","type":"product","link":"https:\/\/shop.diolosa.com\/pl\/product\/peaceful-road-1\/","title":{"rendered":"Peaceful Road 1"},"content":{"rendered":"<p>PEACEFUL ROAD 1 jest stosowany w leczeniu neuralgii nerwu tr\u00f3jdzielnego (posta\u0107 pe\u0142no\u015bci). Preparat ten usuwa zast\u00f3j Qi, usuwa ciep\u0142o flegmy z \u017co\u0142\u0105dka i p\u0119cherzyka \u017c\u00f3\u0142ciowego, usuwa ogie\u0144 serca, uspokaja Shen, obni\u017ca Qi \u017co\u0142\u0105dka, wzmacnia Yin, otwiera naczynia Luo twarzy i \u0142agodzi b\u00f3l. <\/p>\n<p>&nbsp;<\/p>\n<p>&nbsp;<\/p>\n","protected":false},"excerpt":{"rendered":"<p>&nbsp;<\/p>\n<p>&nbsp;<\/p>\n<p>&nbsp;<\/p>\n","protected":false},"featured_media":3835943,"template":"","meta":{"_acf_changed":false},"product_brand":[],"product_cat":[11834],"product_tag":[12039],"class_list":{"0":"post-3840854","1":"product","2":"type-product","3":"status-publish","4":"has-post-thumbnail","6":"product_cat-neurologia","7":"product_tag-neuralgia-nerwu-trojdzielnego-uczucie-pelnosci","9":"first","10":"instock","11":"taxable","12":"shipping-taxable","13":"purchasable","14":"product-type-simple"},"acf":{"yn_product_audio":"https:\/\/shop.diolosa.com\/wp-content\/uploads\/2018\/12\/DL_0925.mp3","yn_product_video":"https:\/\/shop.diolosa.com\/wp-content\/uploads\/2025\/05\/Peaceful-Ropad-1.mp4","yn_product_akupunktur":"<p>Leczenie miejscowe<br \/>\npunkty ah-shi &#8211; xie fa<br \/>\njia cheng jiang &#8211; M-HN-18 &#8211; xie fa<br \/>\n\u017co\u0142\u0105dek 7 &#8211; xia guan &#8211; xie fa<br \/>\ntai yang &#8211; M-HN-9 &#8211; xie fa<br \/>\nyu yao &#8211; M-HN-6 &#8211; xie fa<br \/>\nworeczek \u017c\u00f3\u0142ciowy 14 &#8211; yang bai (\u017co\u0142\u0105dek, yang wei mai) &#8211; xie fa<br \/>\nsan chiao 23 &#8211; si zhu kong &#8211; xie fa<br \/>\np\u0119cherz moczowy 2 &#8211; cuan zhu &#8211; xie fa > pierwsza ga\u0142\u0105\u017a nerwu tr\u00f3jdzielnego<br \/>\n\u017co\u0142\u0105dek 2 &#8211; si bai &#8211; xie fa > druga ga\u0142\u0105\u017a nerwu tr\u00f3jdzielnego<br \/>\n\u017co\u0142\u0105dek 5 &#8211; da ying &#8211; xie fa > trzecia ga\u0142\u0105\u017a nerwu tr\u00f3jdzielnego  <\/p>\n<p>Odleg\u0142e punkty twarzy<br \/>\njelito cienkie 3 &#8211; hou xi (shu,du mai) kierunek jelito grube 4 &#8211; he gu (yuan) &#8211; xie fa<br \/>\ndwukropek 11 &#8211; qu chi &#8211; gui chen (he &#8211; gui) &#8211; xie fa<br \/>\nsan chiao 5 &#8211; wai guan (yang wei mai, lu) kierunek kr\u0105\u017cenia 6 &#8211; nei guan (luo, yin wei mai) &#8211; xie fa<br \/>\nsan chiao 3 &#8211; zhong zhu (shu) &#8211; xie fa<br \/>\nsan chiao 6 &#8211; zhi gou (jing) &#8211; xie fa<br \/>\nlon\u017ca 7 &#8211; lie que (luo, ren mai) &#8211; xie fa<br \/>\ncolon 7 &#8211; wen liu (xi) &#8211; xie fa<br \/>\njelito cienkie 6 &#8211; yang lao (xi) &#8211; xie fa<br \/>\nsan chiao 7 &#8211; hui zong (xi) &#8211; xie fa  <\/p>\n<p>Odprowadzanie ciep\u0142a \u015bluzu<br \/>\n\u017co\u0142\u0105dek 40 &#8211; feng long (luo) &#8211; xie fa<br \/>\n\u017co\u0142\u0105dek 44 &#8211; nei ting (ying) &#8211; xie fa<br \/>\n\u017co\u0142\u0105dek 45 &#8211; li dui (jing) &#8211; xie fa<br \/>\ndwukropek 4 &#8211; he gu (yuan) &#8211; xie fa<br \/>\ndwukropek 11 &#8211; qu chi &#8211; gui tui (he &#8211; gui) &#8211; xie fa  <\/p>\n<p>Ciep\u0142o czystej krwi<br \/>\nw\u0105troba 2 &#8211; xing jian (ying) &#8211; xie fa  <\/p>\n<p>Od\u017cywianie yin<br \/>\nnerka 7 &#8211; fu liu (jing) &#8211; bu fa<br \/>\nnerka 3 &#8211; tai xi (shu,yuan) &#8211; bu fa<br \/>\nnerka 6 &#8211; zhao hai (yin qiao mai) &#8211; bu fa<\/p>\n","yn_product_verabreichungsart":"Pelety 140szt.","yn_product_dosierung":"<p>3 x 4 do 9 tabletek przed posi\u0142kami. Dawk\u0119 mo\u017cna zwi\u0119kszy\u0107 rano. <\/p>\n","yn_product_combinations":"<p>OPEN SPACE (zapalenie b\u0142ony \u015bluzowej \u017co\u0142\u0105dka), CONFIDENCE (wrz\u00f3d \u017co\u0142\u0105dka), FIVE SHELLS (nadkwa\u015bno\u015b\u0107)<\/p>\n","yn_product_avoidable":"<p>Stres, alkohol, kawa, palenie tytoniu, aromatyczne, ostre i gor\u0105ce przyprawy, pieprz, tabasco, ocet, czosnek, cebula, por, jagni\u0119cina, mi\u0119so drobiowe, ga\u0142ka muszkato\u0142owa, imbir.<\/p>\n","yn_product_tcm_mindmapping":"<p>Zast\u00f3j Qi p\u0119cherzyka \u017c\u00f3\u0142ciowego > Zast\u00f3j Qi \u017co\u0142\u0105dka > Ciep\u0142o flegmy > Zast\u00f3j krwi i Qi > B\u00f3l > Zubo\u017cenie Yin<\/p>\n","yn_product_tongue_body":"<p>Gruby i czerwony, czubek j\u0119zyka jest bardzo czerwony<\/p>\n","yn_product_tongue_coating":"<p>\u017b\u00f3\u0142tawy i nieco t\u0142usty<\/p>\n","yn_product_pulse_diagnostics":"<p>Pozycja \u017co\u0142\u0105dka i woreczka \u017c\u00f3\u0142ciowego: xian mai &#8211; napi\u0119ty, hua mai &#8211; szybuj\u0105cy, shi mai &#8211; pe\u0142ny, shuo mai &#8211; szybki<br \/>\nPozycja nerek: xu mai &#8211; pusty, xi mai &#8211; cienki, shuo mai &#8211; szybki<\/p>\n","yn_product_indications":"<p>Neuralgia nerwu tr\u00f3jdzielnego z zaostrzeniem, szczeg\u00f3lnie rano i pod wp\u0142ywem gor\u0105cych przypraw, alkoholu, palenia tytoniu i kawy, b\u00f3l z\u0119ba i og\u00f3lnie b\u00f3l neuralgiczny.<\/p>\n","yn_product_contra_indications":"<p>Niedob\u00f3r Yang, Han Huo, wilgo\u0107 i zimna flegma<\/p>\n","yn_product_pregnancy":"<p>Przeciwwskazane<\/p>\n","yn_product_herbs":"<p>coicis semen &#8211; yi yi ren, phaseoli semen &#8211; chi xiao dou, bupleurum radix &#8211; chai hu, sclerotium poriae cocos rubrae &#8211; chi fu ling, pinellia ternata praep &#8211; zhu li ban xia, scutellariae baicalensis radix &#8211; huang qin, curcuma longa &#8211; yu jin, citrus aurantii immaturi &#8211; zhi shi, salviae radix &#8211; dan shen, anemarrhenae rhizoma &#8211; zhi mu, corydalis rhizoma &#8211; yan hu suo, alismati rhizoma &#8211; ze xie, achyranthis radix &#8211; huai niu xi, ecliptae herba &#8211; han lian cao, glycyrrhizae uralensis radix &#8211; gan cao, bingpian &#8211; borneolum dryobalanops aromitaca<\/p>\n","yn_product_magisterrecipes":"<p>Tong Qiao Huo Xue Tang, Huang Lian Wen Dan Tang Jia Wei<\/p>\n"},"yoast_head":"<!-- This site is optimized with the Yoast SEO plugin v24.9 - https:\/\/yoast.com\/wordpress\/plugins\/seo\/ -->\n<title>Peaceful Road 1 - Claude Diolosa<\/title>\n<meta name=\"robots\" content=\"index, follow, max-snippet:-1, max-image-preview:large, max-video-preview:-1\" \/>\n<link rel=\"canonical\" href=\"https:\/\/shop.diolosa.com\/pl\/product\/peaceful-road-1\/\" \/>\n<meta property=\"og:locale\" content=\"pl_PL\" \/>\n<meta property=\"og:type\" content=\"article\" \/>\n<meta property=\"og:title\" content=\"Peaceful Road 1 - Claude Diolosa\" \/>\n<meta property=\"og:description\" content=\"&nbsp; &nbsp; &nbsp;\" \/>\n<meta property=\"og:url\" content=\"https:\/\/shop.diolosa.com\/pl\/product\/peaceful-road-1\/\" \/>\n<meta property=\"og:site_name\" content=\"Claude Diolosa\" \/>\n<meta property=\"article:publisher\" content=\"https:\/\/facebook.com\/claudediolosa\" \/>\n<meta property=\"article:modified_time\" content=\"2025-05-06T17:20:28+00:00\" \/>\n<meta property=\"og:image\" content=\"https:\/\/shop.diolosa.com\/wp-content\/uploads\/2019\/09\/Presslinge-140.jpg\" \/>\n\t<meta property=\"og:image:width\" content=\"800\" \/>\n\t<meta property=\"og:image:height\" content=\"533\" \/>\n\t<meta property=\"og:image:type\" content=\"image\/jpeg\" \/>\n<meta name=\"twitter:card\" content=\"summary_large_image\" \/>\n<script type=\"application\/ld+json\" class=\"yoast-schema-graph\">{\"@context\":\"https:\/\/schema.org\",\"@graph\":[{\"@type\":\"WebPage\",\"@id\":\"https:\/\/shop.diolosa.com\/pl\/product\/peaceful-road-1\/\",\"url\":\"https:\/\/shop.diolosa.com\/pl\/product\/peaceful-road-1\/\",\"name\":\"Peaceful Road 1 - Claude Diolosa\",\"isPartOf\":{\"@id\":\"https:\/\/shop.diolosa.com\/pl\/#website\"},\"primaryImageOfPage\":{\"@id\":\"https:\/\/shop.diolosa.com\/pl\/product\/peaceful-road-1\/#primaryimage\"},\"image\":{\"@id\":\"https:\/\/shop.diolosa.com\/pl\/product\/peaceful-road-1\/#primaryimage\"},\"thumbnailUrl\":\"https:\/\/shop.diolosa.com\/wp-content\/uploads\/2019\/09\/Presslinge-140.jpg\",\"datePublished\":\"2025-03-10T05:53:36+00:00\",\"dateModified\":\"2025-05-06T17:20:28+00:00\",\"breadcrumb\":{\"@id\":\"https:\/\/shop.diolosa.com\/pl\/product\/peaceful-road-1\/#breadcrumb\"},\"inLanguage\":\"pl-PL\",\"potentialAction\":[{\"@type\":\"ReadAction\",\"target\":[\"https:\/\/shop.diolosa.com\/pl\/product\/peaceful-road-1\/\"]}]},{\"@type\":\"ImageObject\",\"inLanguage\":\"pl-PL\",\"@id\":\"https:\/\/shop.diolosa.com\/pl\/product\/peaceful-road-1\/#primaryimage\",\"url\":\"https:\/\/shop.diolosa.com\/wp-content\/uploads\/2019\/09\/Presslinge-140.jpg\",\"contentUrl\":\"https:\/\/shop.diolosa.com\/wp-content\/uploads\/2019\/09\/Presslinge-140.jpg\",\"width\":800,\"height\":533},{\"@type\":\"BreadcrumbList\",\"@id\":\"https:\/\/shop.diolosa.com\/pl\/product\/peaceful-road-1\/#breadcrumb\",\"itemListElement\":[{\"@type\":\"ListItem\",\"position\":1,\"name\":\"Startseite\",\"item\":\"https:\/\/shop.diolosa.com\/pl\/?page_id=3835710\"},{\"@type\":\"ListItem\",\"position\":2,\"name\":\"Sklep\",\"item\":\"https:\/\/shop.diolosa.com\/pl\/?page_id=3835710\"},{\"@type\":\"ListItem\",\"position\":3,\"name\":\"Peaceful Road 1\"}]},{\"@type\":\"WebSite\",\"@id\":\"https:\/\/shop.diolosa.com\/pl\/#website\",\"url\":\"https:\/\/shop.diolosa.com\/pl\/\",\"name\":\"Claude Diolosa\",\"description\":\"\",\"publisher\":{\"@id\":\"https:\/\/shop.diolosa.com\/pl\/#organization\"},\"potentialAction\":[{\"@type\":\"SearchAction\",\"target\":{\"@type\":\"EntryPoint\",\"urlTemplate\":\"https:\/\/shop.diolosa.com\/pl\/?s={search_term_string}\"},\"query-input\":{\"@type\":\"PropertyValueSpecification\",\"valueRequired\":true,\"valueName\":\"search_term_string\"}}],\"inLanguage\":\"pl-PL\"},{\"@type\":\"Organization\",\"@id\":\"https:\/\/shop.diolosa.com\/pl\/#organization\",\"name\":\"Claude Diolosa\",\"url\":\"https:\/\/shop.diolosa.com\/pl\/\",\"logo\":{\"@type\":\"ImageObject\",\"inLanguage\":\"pl-PL\",\"@id\":\"https:\/\/shop.diolosa.com\/pl\/#\/schema\/logo\/image\/\",\"url\":\"https:\/\/shop.diolosa.com\/wp-content\/uploads\/2019\/08\/diolosa-drop-logo-new.png\",\"contentUrl\":\"https:\/\/shop.diolosa.com\/wp-content\/uploads\/2019\/08\/diolosa-drop-logo-new.png\",\"width\":134,\"height\":176,\"caption\":\"Claude Diolosa\"},\"image\":{\"@id\":\"https:\/\/shop.diolosa.com\/pl\/#\/schema\/logo\/image\/\"},\"sameAs\":[\"https:\/\/facebook.com\/claudediolosa\",\"https:\/\/www.instagram.com\/diolosaclaude108\/\"]}]}<\/script>\n<!-- \/ Yoast SEO plugin. -->","yoast_head_json":{"title":"Peaceful Road 1 - Claude Diolosa","robots":{"index":"index","follow":"follow","max-snippet":"max-snippet:-1","max-image-preview":"max-image-preview:large","max-video-preview":"max-video-preview:-1"},"canonical":"https:\/\/shop.diolosa.com\/pl\/product\/peaceful-road-1\/","og_locale":"pl_PL","og_type":"article","og_title":"Peaceful Road 1 - Claude Diolosa","og_description":"&nbsp; &nbsp; &nbsp;","og_url":"https:\/\/shop.diolosa.com\/pl\/product\/peaceful-road-1\/","og_site_name":"Claude Diolosa","article_publisher":"https:\/\/facebook.com\/claudediolosa","article_modified_time":"2025-05-06T17:20:28+00:00","og_image":[{"width":800,"height":533,"url":"https:\/\/shop.diolosa.com\/wp-content\/uploads\/2019\/09\/Presslinge-140.jpg","type":"image\/jpeg"}],"twitter_card":"summary_large_image","schema":{"@context":"https:\/\/schema.org","@graph":[{"@type":"WebPage","@id":"https:\/\/shop.diolosa.com\/pl\/product\/peaceful-road-1\/","url":"https:\/\/shop.diolosa.com\/pl\/product\/peaceful-road-1\/","name":"Peaceful Road 1 - Claude Diolosa","isPartOf":{"@id":"https:\/\/shop.diolosa.com\/pl\/#website"},"primaryImageOfPage":{"@id":"https:\/\/shop.diolosa.com\/pl\/product\/peaceful-road-1\/#primaryimage"},"image":{"@id":"https:\/\/shop.diolosa.com\/pl\/product\/peaceful-road-1\/#primaryimage"},"thumbnailUrl":"https:\/\/shop.diolosa.com\/wp-content\/uploads\/2019\/09\/Presslinge-140.jpg","datePublished":"2025-03-10T05:53:36+00:00","dateModified":"2025-05-06T17:20:28+00:00","breadcrumb":{"@id":"https:\/\/shop.diolosa.com\/pl\/product\/peaceful-road-1\/#breadcrumb"},"inLanguage":"pl-PL","potentialAction":[{"@type":"ReadAction","target":["https:\/\/shop.diolosa.com\/pl\/product\/peaceful-road-1\/"]}]},{"@type":"ImageObject","inLanguage":"pl-PL","@id":"https:\/\/shop.diolosa.com\/pl\/product\/peaceful-road-1\/#primaryimage","url":"https:\/\/shop.diolosa.com\/wp-content\/uploads\/2019\/09\/Presslinge-140.jpg","contentUrl":"https:\/\/shop.diolosa.com\/wp-content\/uploads\/2019\/09\/Presslinge-140.jpg","width":800,"height":533},{"@type":"BreadcrumbList","@id":"https:\/\/shop.diolosa.com\/pl\/product\/peaceful-road-1\/#breadcrumb","itemListElement":[{"@type":"ListItem","position":1,"name":"Startseite","item":"https:\/\/shop.diolosa.com\/pl\/?page_id=3835710"},{"@type":"ListItem","position":2,"name":"Sklep","item":"https:\/\/shop.diolosa.com\/pl\/?page_id=3835710"},{"@type":"ListItem","position":3,"name":"Peaceful Road 1"}]},{"@type":"WebSite","@id":"https:\/\/shop.diolosa.com\/pl\/#website","url":"https:\/\/shop.diolosa.com\/pl\/","name":"Claude Diolosa","description":"","publisher":{"@id":"https:\/\/shop.diolosa.com\/pl\/#organization"},"potentialAction":[{"@type":"SearchAction","target":{"@type":"EntryPoint","urlTemplate":"https:\/\/shop.diolosa.com\/pl\/?s={search_term_string}"},"query-input":{"@type":"PropertyValueSpecification","valueRequired":true,"valueName":"search_term_string"}}],"inLanguage":"pl-PL"},{"@type":"Organization","@id":"https:\/\/shop.diolosa.com\/pl\/#organization","name":"Claude Diolosa","url":"https:\/\/shop.diolosa.com\/pl\/","logo":{"@type":"ImageObject","inLanguage":"pl-PL","@id":"https:\/\/shop.diolosa.com\/pl\/#\/schema\/logo\/image\/","url":"https:\/\/shop.diolosa.com\/wp-content\/uploads\/2019\/08\/diolosa-drop-logo-new.png","contentUrl":"https:\/\/shop.diolosa.com\/wp-content\/uploads\/2019\/08\/diolosa-drop-logo-new.png","width":134,"height":176,"caption":"Claude Diolosa"},"image":{"@id":"https:\/\/shop.diolosa.com\/pl\/#\/schema\/logo\/image\/"},"sameAs":["https:\/\/facebook.com\/claudediolosa","https:\/\/www.instagram.com\/diolosaclaude108\/"]}]}},"_links":{"self":[{"href":"https:\/\/shop.diolosa.com\/pl\/wp-json\/wp\/v2\/product\/3840854","targetHints":{"allow":["GET"]}}],"collection":[{"href":"https:\/\/shop.diolosa.com\/pl\/wp-json\/wp\/v2\/product"}],"about":[{"href":"https:\/\/shop.diolosa.com\/pl\/wp-json\/wp\/v2\/types\/product"}],"wp:featuredmedia":[{"embeddable":true,"href":"https:\/\/shop.diolosa.com\/pl\/wp-json\/wp\/v2\/media\/3835943"}],"wp:attachment":[{"href":"https:\/\/shop.diolosa.com\/pl\/wp-json\/wp\/v2\/media?parent=3840854"}],"wp:term":[{"taxonomy":"product_brand","embeddable":true,"href":"https:\/\/shop.diolosa.com\/pl\/wp-json\/wp\/v2\/product_brand?post=3840854"},{"taxonomy":"product_cat","embeddable":true,"href":"https:\/\/shop.diolosa.com\/pl\/wp-json\/wp\/v2\/product_cat?post=3840854"},{"taxonomy":"product_tag","embeddable":true,"href":"https:\/\/shop.diolosa.com\/pl\/wp-json\/wp\/v2\/product_tag?post=3840854"}],"curies":[{"name":"wp","href":"https:\/\/api.w.org\/{rel}","templated":true}]}}