{"id":3840858,"date":"2019-09-04T12:14:50","date_gmt":"2025-03-10T05:53:37","guid":{"rendered":"https:\/\/shop.diolosa.com\/product\/dzwony-dzienne\/"},"modified":"2025-05-06T14:52:00","modified_gmt":"2025-05-06T13:52:00","slug":"dzwony-dzienne","status":"publish","type":"product","link":"https:\/\/shop.diolosa.com\/pl\/product\/dzwony-dzienne\/","title":{"rendered":"Dzwony dzienne"},"content":{"rendered":"<p>DAYTIME BELLS jest stosowany w leczeniu szum\u00f3w usznych spowodowanych niedoborem Yang i Qi. Preparat ten tonizuje i podnosi Yang Qi, od\u017cywia m\u00f3zg, odt\u0142uszcza krew, wspomaga kr\u0105\u017cenie krwi w okolicy g\u0142owy, rozprasza wiatr w g\u0142owie i otwiera subtelne kana\u0142y serca.<\/p>\n","protected":false},"excerpt":{"rendered":"<p>DAYTIME BELLS jest stosowany w leczeniu szum\u00f3w usznych spowodowanych niedoborem  [&#8230;]<\/p>\n","protected":false},"featured_media":3835943,"template":"","meta":{"_acf_changed":false},"product_brand":[],"product_cat":[11869],"product_tag":[12043],"class_list":{"0":"post-3840858","1":"product","2":"type-product","3":"status-publish","4":"has-post-thumbnail","6":"product_cat-ent-pl","7":"product_tag-szumy-uszne-niedobor-qi","9":"first","10":"instock","11":"taxable","12":"shipping-taxable","13":"purchasable","14":"product-type-simple"},"acf":{"yn_product_audio":"https:\/\/shop.diolosa.com\/wp-content\/uploads\/2025\/02\/Daytime-Bells.m4a","yn_product_video":"https:\/\/shop.diolosa.com\/wp-content\/uploads\/2024\/12\/Daytime-Bells.mp4","yn_product_akupunktur":"<p>Tonizuje \u015bledzion\u0119 Qi<br \/>\n\u015bledziona 3 &#8211; tai bai (yuan) &#8211; bu fa<br \/>\n\u015bledziona 2 &#8211; da du (ying) &#8211; bu fa<br \/>\np\u0119cherz 20 &#8211; pi shu &#8211; bu fa  <\/p>\n<p>Yang Ming Wydzielina Mokro\u015b\u0107 Flegma Zimno<br \/>\n\u017co\u0142\u0105dek 40 &#8211; feng long (luo) &#8211; xie fa<br \/>\njelito grube 4 &#8211; he gu (yuan) &#8211; xie fa<br \/>\n\u017co\u0142\u0105dek 34 &#8211; liang qiu (xi) &#8211; xie fa  <\/p>\n<p>P\u0119cherzyk \u017c\u00f3\u0142ciowy odprowadza zimny \u015bluz<br \/>\np\u0119cherzyk \u017c\u00f3\u0142ciowy 37 &#8211; guang ming (luo) &#8211; xie fa<br \/>\np\u0119cherzyk \u017c\u00f3\u0142ciowy 34 &#8211; yang ling quan (he, xia he xue, gui) &#8211; xie fa<br \/>\np\u0119cherzyk \u017c\u00f3\u0142ciowy 36 &#8211; wai qiu (xi) &#8211; xie fa  <\/p>\n<p>uszy<br \/>\njelito cienkie 19 &#8211; ting gong (woreczek \u017c\u00f3\u0142ciowy, san chiao) &#8211; xie fa<br \/>\nworeczek \u017c\u00f3\u0142ciowy 2 &#8211; ting hui &#8211; xie fa<br \/>\nworeczek \u017c\u00f3\u0142ciowy 12 &#8211; wang gu &#8211; xie fa<br \/>\nsan chiao 17 &#8211; yi feng (woreczek \u017c\u00f3\u0142ciowy) &#8211; xie fa<br \/>\nworeczek \u017c\u00f3\u0142ciowy 8 &#8211; shuai gu (p\u0119cherz) &#8211; xie fa<br \/>\nworeczek \u017c\u00f3\u0142ciowy 20 &#8211; feng chi (san chiao, yang wei mai) &#8211; xie fa<br \/>\nsan chiao 5 &#8211; wai guan (yang wei mai, luo) &#8211; xie fa<br \/>\nsan chiao 3 &#8211; zhong zhu (shu) &#8211; xie fa<\/p>\n","yn_product_verabreichungsart":"Pelety 140szt.","yn_product_dosierung":"<p>3 x 4 do 9 tabletek przed posi\u0142kami, czas trwania terapii wynosi 120 dni.<\/p>\n","yn_product_combinations":"<p>WIELKI DIPPER (zesp\u00f3\u0142 Meniere&#8217;a), SZYBKIE I POWOLNE RUCHY BIEGOWE (zast\u00f3j pokarmu, flegma, wilgo\u0107 i zast\u00f3j krwi w Yang Ming)<\/p>\n","yn_product_avoidable":"<p>Cukier, produkty mleczne, w\u0119glowodany, zw\u0142aszcza chleb, owoce tropikalne<\/p>\n","yn_product_tcm_mindmapping":"<p>Niedob\u00f3r Qi \u015bledziony > Wilgotno\u015b\u0107 p\u0119cherzyka \u017c\u00f3\u0142ciowego i flegma > Buntowniczy ruch Shao Yang Qi > Zast\u00f3j Qi i krwi w okolicy g\u0142owy i ucha > Niedob\u00f3r krwi<\/p>\n","yn_product_tongue_body":"<p>Kr\u00f3tki, szeroki, mi\u0119kki, s\u0142aby, blady<\/p>\n","yn_product_tongue_coating":"<p>Bia\u0142y, wilgotny, szczeg\u00f3lnie w Yang Ming i Shao Yang<\/p>\n","yn_product_pulse_diagnostics":"<p>Pozycja \u015bledziony: duan mai &#8211; kr\u00f3tka, xi mai &#8211; cienka, xu mai &#8211; pusta, huan mai &#8211; spokojna > Pozycja \u017co\u0142\u0105dka i woreczka \u017c\u00f3\u0142ciowego: da mai &#8211; szeroka, huan mai &#8211; spokojna, shi mai &#8211; pe\u0142na<\/p>\n","yn_product_indications":"<p>Dzwonienie w uszach, nasilaj\u0105ce si\u0119 w pozycji le\u017c\u0105cej, po \u015bnie, zw\u0142aszcza po popo\u0142udniowej drzemce, wra\u017cliwo\u015b\u0107 na \u015bwiat\u0142o, ciche i st\u0142umione d\u017awi\u0119ki w g\u0142owie, niedoci\u015bnienie, zesp\u00f3\u0142 Meni\u00e8re&#8217;a, utrata apetytu, zaburzenia wch\u0142aniania, nietolerancja w\u0119glowodan\u00f3w i cukru<\/p>\n","yn_product_contra_indications":"<p>Niedob\u00f3r Yin i puste ciep\u0142o<\/p>\n","yn_product_pregnancy":"<p>Dozwolone<\/p>\n","yn_product_magisterrecipes":"<p>Ban Xia Bai Zhu Tian Ma Tang, Wen Dang Tang, Er Chen Tang, Xiang Shao Liu Jun Zi Tang, Dao Dan Tang<\/p>\n"},"yoast_head":"<!-- This site is optimized with the Yoast SEO plugin v24.9 - https:\/\/yoast.com\/wordpress\/plugins\/seo\/ -->\n<title>Dzwony dzienne - Claude Diolosa<\/title>\n<meta name=\"robots\" content=\"index, follow, max-snippet:-1, max-image-preview:large, max-video-preview:-1\" \/>\n<link rel=\"canonical\" href=\"https:\/\/shop.diolosa.com\/pl\/product\/dzwony-dzienne\/\" \/>\n<meta property=\"og:locale\" content=\"pl_PL\" \/>\n<meta property=\"og:type\" content=\"article\" \/>\n<meta property=\"og:title\" content=\"Dzwony dzienne - Claude Diolosa\" \/>\n<meta property=\"og:description\" content=\"DAYTIME BELLS jest stosowany w leczeniu szum\u00f3w usznych spowodowanych niedoborem [...]\" \/>\n<meta property=\"og:url\" content=\"https:\/\/shop.diolosa.com\/pl\/product\/dzwony-dzienne\/\" \/>\n<meta property=\"og:site_name\" content=\"Claude Diolosa\" \/>\n<meta property=\"article:publisher\" content=\"https:\/\/facebook.com\/claudediolosa\" \/>\n<meta property=\"article:modified_time\" content=\"2025-05-06T13:52:00+00:00\" \/>\n<meta property=\"og:image\" content=\"https:\/\/shop.diolosa.com\/wp-content\/uploads\/2019\/09\/Presslinge-140.jpg\" \/>\n\t<meta property=\"og:image:width\" content=\"800\" \/>\n\t<meta property=\"og:image:height\" content=\"533\" \/>\n\t<meta property=\"og:image:type\" content=\"image\/jpeg\" \/>\n<meta name=\"twitter:card\" content=\"summary_large_image\" \/>\n<script type=\"application\/ld+json\" class=\"yoast-schema-graph\">{\"@context\":\"https:\/\/schema.org\",\"@graph\":[{\"@type\":\"WebPage\",\"@id\":\"https:\/\/shop.diolosa.com\/pl\/product\/dzwony-dzienne\/\",\"url\":\"https:\/\/shop.diolosa.com\/pl\/product\/dzwony-dzienne\/\",\"name\":\"Dzwony dzienne - Claude Diolosa\",\"isPartOf\":{\"@id\":\"https:\/\/shop.diolosa.com\/pl\/#website\"},\"primaryImageOfPage\":{\"@id\":\"https:\/\/shop.diolosa.com\/pl\/product\/dzwony-dzienne\/#primaryimage\"},\"image\":{\"@id\":\"https:\/\/shop.diolosa.com\/pl\/product\/dzwony-dzienne\/#primaryimage\"},\"thumbnailUrl\":\"https:\/\/shop.diolosa.com\/wp-content\/uploads\/2019\/09\/Presslinge-140.jpg\",\"datePublished\":\"2025-03-10T05:53:37+00:00\",\"dateModified\":\"2025-05-06T13:52:00+00:00\",\"breadcrumb\":{\"@id\":\"https:\/\/shop.diolosa.com\/pl\/product\/dzwony-dzienne\/#breadcrumb\"},\"inLanguage\":\"pl-PL\",\"potentialAction\":[{\"@type\":\"ReadAction\",\"target\":[\"https:\/\/shop.diolosa.com\/pl\/product\/dzwony-dzienne\/\"]}]},{\"@type\":\"ImageObject\",\"inLanguage\":\"pl-PL\",\"@id\":\"https:\/\/shop.diolosa.com\/pl\/product\/dzwony-dzienne\/#primaryimage\",\"url\":\"https:\/\/shop.diolosa.com\/wp-content\/uploads\/2019\/09\/Presslinge-140.jpg\",\"contentUrl\":\"https:\/\/shop.diolosa.com\/wp-content\/uploads\/2019\/09\/Presslinge-140.jpg\",\"width\":800,\"height\":533},{\"@type\":\"BreadcrumbList\",\"@id\":\"https:\/\/shop.diolosa.com\/pl\/product\/dzwony-dzienne\/#breadcrumb\",\"itemListElement\":[{\"@type\":\"ListItem\",\"position\":1,\"name\":\"Startseite\",\"item\":\"https:\/\/shop.diolosa.com\/pl\/?page_id=3835710\"},{\"@type\":\"ListItem\",\"position\":2,\"name\":\"Sklep\",\"item\":\"https:\/\/shop.diolosa.com\/pl\/?page_id=3835710\"},{\"@type\":\"ListItem\",\"position\":3,\"name\":\"Dzwony dzienne\"}]},{\"@type\":\"WebSite\",\"@id\":\"https:\/\/shop.diolosa.com\/pl\/#website\",\"url\":\"https:\/\/shop.diolosa.com\/pl\/\",\"name\":\"Claude Diolosa\",\"description\":\"\",\"publisher\":{\"@id\":\"https:\/\/shop.diolosa.com\/pl\/#organization\"},\"potentialAction\":[{\"@type\":\"SearchAction\",\"target\":{\"@type\":\"EntryPoint\",\"urlTemplate\":\"https:\/\/shop.diolosa.com\/pl\/?s={search_term_string}\"},\"query-input\":{\"@type\":\"PropertyValueSpecification\",\"valueRequired\":true,\"valueName\":\"search_term_string\"}}],\"inLanguage\":\"pl-PL\"},{\"@type\":\"Organization\",\"@id\":\"https:\/\/shop.diolosa.com\/pl\/#organization\",\"name\":\"Claude Diolosa\",\"url\":\"https:\/\/shop.diolosa.com\/pl\/\",\"logo\":{\"@type\":\"ImageObject\",\"inLanguage\":\"pl-PL\",\"@id\":\"https:\/\/shop.diolosa.com\/pl\/#\/schema\/logo\/image\/\",\"url\":\"https:\/\/shop.diolosa.com\/wp-content\/uploads\/2019\/08\/diolosa-drop-logo-new.png\",\"contentUrl\":\"https:\/\/shop.diolosa.com\/wp-content\/uploads\/2019\/08\/diolosa-drop-logo-new.png\",\"width\":134,\"height\":176,\"caption\":\"Claude Diolosa\"},\"image\":{\"@id\":\"https:\/\/shop.diolosa.com\/pl\/#\/schema\/logo\/image\/\"},\"sameAs\":[\"https:\/\/facebook.com\/claudediolosa\",\"https:\/\/www.instagram.com\/diolosaclaude108\/\"]}]}<\/script>\n<!-- \/ Yoast SEO plugin. -->","yoast_head_json":{"title":"Dzwony dzienne - Claude Diolosa","robots":{"index":"index","follow":"follow","max-snippet":"max-snippet:-1","max-image-preview":"max-image-preview:large","max-video-preview":"max-video-preview:-1"},"canonical":"https:\/\/shop.diolosa.com\/pl\/product\/dzwony-dzienne\/","og_locale":"pl_PL","og_type":"article","og_title":"Dzwony dzienne - Claude Diolosa","og_description":"DAYTIME BELLS jest stosowany w leczeniu szum\u00f3w usznych spowodowanych niedoborem [...]","og_url":"https:\/\/shop.diolosa.com\/pl\/product\/dzwony-dzienne\/","og_site_name":"Claude Diolosa","article_publisher":"https:\/\/facebook.com\/claudediolosa","article_modified_time":"2025-05-06T13:52:00+00:00","og_image":[{"width":800,"height":533,"url":"https:\/\/shop.diolosa.com\/wp-content\/uploads\/2019\/09\/Presslinge-140.jpg","type":"image\/jpeg"}],"twitter_card":"summary_large_image","schema":{"@context":"https:\/\/schema.org","@graph":[{"@type":"WebPage","@id":"https:\/\/shop.diolosa.com\/pl\/product\/dzwony-dzienne\/","url":"https:\/\/shop.diolosa.com\/pl\/product\/dzwony-dzienne\/","name":"Dzwony dzienne - Claude Diolosa","isPartOf":{"@id":"https:\/\/shop.diolosa.com\/pl\/#website"},"primaryImageOfPage":{"@id":"https:\/\/shop.diolosa.com\/pl\/product\/dzwony-dzienne\/#primaryimage"},"image":{"@id":"https:\/\/shop.diolosa.com\/pl\/product\/dzwony-dzienne\/#primaryimage"},"thumbnailUrl":"https:\/\/shop.diolosa.com\/wp-content\/uploads\/2019\/09\/Presslinge-140.jpg","datePublished":"2025-03-10T05:53:37+00:00","dateModified":"2025-05-06T13:52:00+00:00","breadcrumb":{"@id":"https:\/\/shop.diolosa.com\/pl\/product\/dzwony-dzienne\/#breadcrumb"},"inLanguage":"pl-PL","potentialAction":[{"@type":"ReadAction","target":["https:\/\/shop.diolosa.com\/pl\/product\/dzwony-dzienne\/"]}]},{"@type":"ImageObject","inLanguage":"pl-PL","@id":"https:\/\/shop.diolosa.com\/pl\/product\/dzwony-dzienne\/#primaryimage","url":"https:\/\/shop.diolosa.com\/wp-content\/uploads\/2019\/09\/Presslinge-140.jpg","contentUrl":"https:\/\/shop.diolosa.com\/wp-content\/uploads\/2019\/09\/Presslinge-140.jpg","width":800,"height":533},{"@type":"BreadcrumbList","@id":"https:\/\/shop.diolosa.com\/pl\/product\/dzwony-dzienne\/#breadcrumb","itemListElement":[{"@type":"ListItem","position":1,"name":"Startseite","item":"https:\/\/shop.diolosa.com\/pl\/?page_id=3835710"},{"@type":"ListItem","position":2,"name":"Sklep","item":"https:\/\/shop.diolosa.com\/pl\/?page_id=3835710"},{"@type":"ListItem","position":3,"name":"Dzwony dzienne"}]},{"@type":"WebSite","@id":"https:\/\/shop.diolosa.com\/pl\/#website","url":"https:\/\/shop.diolosa.com\/pl\/","name":"Claude Diolosa","description":"","publisher":{"@id":"https:\/\/shop.diolosa.com\/pl\/#organization"},"potentialAction":[{"@type":"SearchAction","target":{"@type":"EntryPoint","urlTemplate":"https:\/\/shop.diolosa.com\/pl\/?s={search_term_string}"},"query-input":{"@type":"PropertyValueSpecification","valueRequired":true,"valueName":"search_term_string"}}],"inLanguage":"pl-PL"},{"@type":"Organization","@id":"https:\/\/shop.diolosa.com\/pl\/#organization","name":"Claude Diolosa","url":"https:\/\/shop.diolosa.com\/pl\/","logo":{"@type":"ImageObject","inLanguage":"pl-PL","@id":"https:\/\/shop.diolosa.com\/pl\/#\/schema\/logo\/image\/","url":"https:\/\/shop.diolosa.com\/wp-content\/uploads\/2019\/08\/diolosa-drop-logo-new.png","contentUrl":"https:\/\/shop.diolosa.com\/wp-content\/uploads\/2019\/08\/diolosa-drop-logo-new.png","width":134,"height":176,"caption":"Claude Diolosa"},"image":{"@id":"https:\/\/shop.diolosa.com\/pl\/#\/schema\/logo\/image\/"},"sameAs":["https:\/\/facebook.com\/claudediolosa","https:\/\/www.instagram.com\/diolosaclaude108\/"]}]}},"_links":{"self":[{"href":"https:\/\/shop.diolosa.com\/pl\/wp-json\/wp\/v2\/product\/3840858","targetHints":{"allow":["GET"]}}],"collection":[{"href":"https:\/\/shop.diolosa.com\/pl\/wp-json\/wp\/v2\/product"}],"about":[{"href":"https:\/\/shop.diolosa.com\/pl\/wp-json\/wp\/v2\/types\/product"}],"wp:featuredmedia":[{"embeddable":true,"href":"https:\/\/shop.diolosa.com\/pl\/wp-json\/wp\/v2\/media\/3835943"}],"wp:attachment":[{"href":"https:\/\/shop.diolosa.com\/pl\/wp-json\/wp\/v2\/media?parent=3840858"}],"wp:term":[{"taxonomy":"product_brand","embeddable":true,"href":"https:\/\/shop.diolosa.com\/pl\/wp-json\/wp\/v2\/product_brand?post=3840858"},{"taxonomy":"product_cat","embeddable":true,"href":"https:\/\/shop.diolosa.com\/pl\/wp-json\/wp\/v2\/product_cat?post=3840858"},{"taxonomy":"product_tag","embeddable":true,"href":"https:\/\/shop.diolosa.com\/pl\/wp-json\/wp\/v2\/product_tag?post=3840858"}],"curies":[{"name":"wp","href":"https:\/\/api.w.org\/{rel}","templated":true}]}}