{"id":3840861,"date":"2019-09-04T12:14:50","date_gmt":"2025-03-10T05:53:38","guid":{"rendered":"https:\/\/shop.diolosa.com\/product\/peaceful-road-2\/"},"modified":"2025-05-06T14:56:29","modified_gmt":"2025-05-06T13:56:29","slug":"peaceful-road-2","status":"publish","type":"product","link":"https:\/\/shop.diolosa.com\/pl\/product\/peaceful-road-2\/","title":{"rendered":"Peaceful Road 2"},"content":{"rendered":"<p>PEACEFUL ROAD 2 jest stosowany w leczeniu neuralgii nerwu tr\u00f3jdzielnego (pusta forma). Preparat ten od\u017cywia Yin, usuwa Puste Ciep\u0142o i Ciep\u0142o Krwi, obni\u017ca Yang W\u0105troby, usuwa P\u0119cherzyk \u017b\u00f3\u0142ciowy i Ogie\u0144 \u017bo\u0142\u0105dka, \u0142agodzi b\u00f3l i uspokaja Shen. <\/p>\n<p>&nbsp;<\/p>\n","protected":false},"excerpt":{"rendered":"<p>&nbsp;<\/p>\n<p>&nbsp;<\/p>\n","protected":false},"featured_media":3835943,"template":"","meta":{"_acf_changed":false},"product_brand":[],"product_cat":[11834],"product_tag":[12046],"class_list":{"0":"post-3840861","1":"product","2":"type-product","3":"status-publish","4":"has-post-thumbnail","6":"product_cat-neurologia","7":"product_tag-neuralgia-nerwu-trojdzielnego-pustka","9":"first","10":"instock","11":"taxable","12":"shipping-taxable","13":"purchasable","14":"product-type-simple"},"acf":{"yn_product_audio":"https:\/\/shop.diolosa.com\/wp-content\/uploads\/2018\/12\/DL_0926.mp3","yn_product_video":"https:\/\/shop.diolosa.com\/wp-content\/uploads\/2025\/05\/Peaceful-Road-2.mp4","yn_product_akupunktur":"<p>Leczenie miejscowe<br \/>\npunkty ah-shi &#8211; xie fa<br \/>\njia cheng jiang &#8211; M-HN-18 &#8211; xie fa<br \/>\n\u017co\u0142\u0105dek 7 &#8211; xia guan &#8211; xie fa<br \/>\ntai yang &#8211; M-HN-9 &#8211; xie fa<br \/>\nyu yao &#8211; M-HN-6 &#8211; xie fa<br \/>\nworeczek \u017c\u00f3\u0142ciowy 14 &#8211; yang bai (\u017co\u0142\u0105dek, yang wei mai) &#8211; xie fa<br \/>\nsan chiao 23 &#8211; si zhu kong &#8211; xie fa<br \/>\np\u0119cherz moczowy 2 &#8211; cuan zhu &#8211; xie fa > pierwsza ga\u0142\u0105\u017a nerwu tr\u00f3jdzielnego<br \/>\n\u017co\u0142\u0105dek 2 &#8211; si bai &#8211; xie fa > druga ga\u0142\u0105\u017a nerwu tr\u00f3jdzielnego<br \/>\n\u017co\u0142\u0105dek 5 &#8211; da ying &#8211; xie fa > trzecia ga\u0142\u0105\u017a nerwu tr\u00f3jdzielnego  <\/p>\n<p>Odleg\u0142e punkty twarzy<br \/>\njelito cienkie 3 &#8211; hou xi (shu,du mai) kierunek jelito grube 4 &#8211; he gu (yuan) &#8211; xie fa<br \/>\ndwukropek 11 &#8211; qu chi &#8211; gui chen (he &#8211; gui) &#8211; xie fa<br \/>\nsan chiao 5 &#8211; wai guan (yang wei mai, lu) kierunek kr\u0105\u017cenia 6 &#8211; nei guan (luo, yin wei mai) &#8211; xie fa<br \/>\nsan chiao 3 &#8211; zhong zhu (shu) &#8211; xie fa<br \/>\nsan chiao 6 &#8211; zhi gou (jing) &#8211; xie fa<br \/>\nlon\u017ca 7 &#8211; lie que (luo, ren mai) &#8211; xie fa<br \/>\ncolon 7 &#8211; wen liu (xi) &#8211; xie fa<br \/>\njelito cienkie 6 &#8211; yang lao (xi) &#8211; xie fa<br \/>\nsan chiao 7 &#8211; hui zong (xi) &#8211; xie fa  <\/p>\n<p>Nourish Yin<br \/>\nnerka 6 &#8211; zhao hai (yin qiao mai) &#8211; bu fa<br \/>\nlon\u017ca 7 &#8211; lie que (luo, ren mai, gao wu, ma da yang) &#8211; bu fa<br \/>\nserce 6 &#8211; yin xi (xi) &#8211; xie fa<br \/>\np\u0142uco 9 &#8211; tai yuan &#8211; gui xin (shu, yuan, ba hui xue, gui) &#8211; bu fa<br \/>\np\u0142uco 5 &#8211; chi ze (on) &#8211; bu fa<br \/>\nworeczek \u017c\u00f3\u0142ciowy 39 &#8211; xuan zhong &#8211; jue gu (mark) &#8211; bu fa<br \/>\nnerka 3 &#8211; tai xi (shu,yuan) &#8211; bu fa<br \/>\nbubble 23 &#8211; shen shu &#8211; bu fa<br \/>\nbubble 43 &#8211; gao huang shu (qi, xue, jinye, yin, yang) &#8211; bu fa<br \/>\nnerka 12 &#8211; da he (chong mai) &#8211; bu fa<br \/>\nren mai 7 &#8211; yin jiao (chong mai- UE) &#8211; bu fa<\/p>\n","yn_product_verabreichungsart":"Pelety 140szt.","yn_product_dosierung":"<p>3 x 4 do 9 tabletek dziennie, zawsze przed posi\u0142kiem. Dawk\u0119 mo\u017cna zwi\u0119kszy\u0107 po po\u0142udniu i p\u00f3\u017anym wieczorem. <\/p>\n","yn_product_combinations":"<p>OPEN SPACE (zapalenie b\u0142ony \u015bluzowej \u017co\u0142\u0105dka), CONFIDENCE (wrzody \u017co\u0142\u0105dka), FIVE SHELLS (nadkwasota), BURNOUT RELIEF (wypalenie), PEACEFUL NIGHTS (bezsenno\u015b\u0107), CALM RELIEF (nadci\u015bnienie), DEEP SLEEP FORTE (bezsenno\u015b\u0107 z niedoborem yin), CLEARING THE HEAT (niedob\u00f3r yin i puste ciep\u0142o).<\/p>\n","yn_product_avoidable":"<p>Stres, alkohol, kawa, palenie tytoniu, aromatyczne, ostre i gor\u0105ce przyprawy, pieprz, tabasco, ocet, czosnek, cebula, por, jagni\u0119cina, mi\u0119so drobiowe, ga\u0142ka muszkato\u0142owa, imbir.<\/p>\n","yn_product_tcm_mindmapping":"<p>Niedob\u00f3r Yin w nerkach > Puste ciep\u0142o > Obfito\u015b\u0107 Yang w p\u0119cherzyku \u017c\u00f3\u0142ciowym i \u017co\u0142\u0105dku > Rosn\u0105cy ogie\u0144 na twarzy<\/p>\n","yn_product_tongue_body":"<p>Czerwony, p\u0119kni\u0119ty w \u015brodku, czerwony czubek j\u0119zyka<\/p>\n","yn_product_tongue_coating":"<p>\u017b\u00f3\u0142tawy, suchy<\/p>\n","yn_product_pulse_diagnostics":"<p>Pozycja \u017co\u0142\u0105dka i woreczka \u017c\u00f3\u0142ciowego: xian mai &#8211; napi\u0119ty, shi mai &#8211; pe\u0142ny, shuo mai &#8211; szybki<br \/>\nPozycja nerek: xu mai &#8211; pusty, xi mai &#8211; cienki, shuo mai &#8211; szybki<\/p>\n","yn_product_indications":"<p>Neuralgia nerwu tr\u00f3jdzielnego z wyra\u017anym zaostrzeniem p\u00f3\u017anym popo\u0142udniem i w nocy, zaostrzenie spowodowane wyczerpaniem, alkoholem i ostrymi przyprawami, b\u00f3l neuralgiczny, b\u00f3l z\u0119ba, zapalenie oka<\/p>\n","yn_product_contra_indications":"<p>Niedob\u00f3r Yang, Han Huo, wilgo\u0107 i zimna flegma<\/p>\n","yn_product_pregnancy":"<p>Przeciwwskazane<\/p>\n","yn_product_herbs":"<p>chrysanthemum flos &#8211; ju hua, tribuli terrestri fructus &#8211; ci ji li, prunellae vulgaris &#8211; xia ku cao, achyranthis radix &#8211; huai niu xi, loranthi ramulus &#8211; sang ji sheng, biotae orientalis semen &#8211; bai zi ren, polygoni multiflori caulis &#8211; ye jiao teng, ecliptae herba &#8211; han lian cao, salviae radix &#8211; dan shen, ligusticii rhizoma &#8211; chuan xiong, scrophulariae radix &#8211; xuan shen, fritillariae cirrhosae bulbus &#8211; chuan bei mu, moutan cortex &#8211; mu dan pi, amomi fructus &#8211; sha ren, glycyrrhizae uralensis radix &#8211; gan cao<\/p>\n","yn_product_magisterrecipes":"<p>Di Huang Shi Gao Tang, Zhi Bai Di Huang Tang<\/p>\n"},"yoast_head":"<!-- This site is optimized with the Yoast SEO plugin v24.9 - https:\/\/yoast.com\/wordpress\/plugins\/seo\/ -->\n<title>Peaceful Road 2 - Claude Diolosa<\/title>\n<meta name=\"robots\" content=\"index, follow, max-snippet:-1, max-image-preview:large, max-video-preview:-1\" \/>\n<link rel=\"canonical\" href=\"https:\/\/shop.diolosa.com\/pl\/product\/peaceful-road-2\/\" \/>\n<meta property=\"og:locale\" content=\"pl_PL\" \/>\n<meta property=\"og:type\" content=\"article\" \/>\n<meta property=\"og:title\" content=\"Peaceful Road 2 - Claude Diolosa\" \/>\n<meta property=\"og:description\" content=\"&nbsp; &nbsp;\" \/>\n<meta property=\"og:url\" content=\"https:\/\/shop.diolosa.com\/pl\/product\/peaceful-road-2\/\" \/>\n<meta property=\"og:site_name\" content=\"Claude Diolosa\" \/>\n<meta property=\"article:publisher\" content=\"https:\/\/facebook.com\/claudediolosa\" \/>\n<meta property=\"article:modified_time\" content=\"2025-05-06T13:56:29+00:00\" \/>\n<meta property=\"og:image\" content=\"https:\/\/shop.diolosa.com\/wp-content\/uploads\/2019\/09\/Presslinge-140.jpg\" \/>\n\t<meta property=\"og:image:width\" content=\"800\" \/>\n\t<meta property=\"og:image:height\" content=\"533\" \/>\n\t<meta property=\"og:image:type\" content=\"image\/jpeg\" \/>\n<meta name=\"twitter:card\" content=\"summary_large_image\" \/>\n<script type=\"application\/ld+json\" class=\"yoast-schema-graph\">{\"@context\":\"https:\/\/schema.org\",\"@graph\":[{\"@type\":\"WebPage\",\"@id\":\"https:\/\/shop.diolosa.com\/pl\/product\/peaceful-road-2\/\",\"url\":\"https:\/\/shop.diolosa.com\/pl\/product\/peaceful-road-2\/\",\"name\":\"Peaceful Road 2 - Claude Diolosa\",\"isPartOf\":{\"@id\":\"https:\/\/shop.diolosa.com\/pl\/#website\"},\"primaryImageOfPage\":{\"@id\":\"https:\/\/shop.diolosa.com\/pl\/product\/peaceful-road-2\/#primaryimage\"},\"image\":{\"@id\":\"https:\/\/shop.diolosa.com\/pl\/product\/peaceful-road-2\/#primaryimage\"},\"thumbnailUrl\":\"https:\/\/shop.diolosa.com\/wp-content\/uploads\/2019\/09\/Presslinge-140.jpg\",\"datePublished\":\"2025-03-10T05:53:38+00:00\",\"dateModified\":\"2025-05-06T13:56:29+00:00\",\"breadcrumb\":{\"@id\":\"https:\/\/shop.diolosa.com\/pl\/product\/peaceful-road-2\/#breadcrumb\"},\"inLanguage\":\"pl-PL\",\"potentialAction\":[{\"@type\":\"ReadAction\",\"target\":[\"https:\/\/shop.diolosa.com\/pl\/product\/peaceful-road-2\/\"]}]},{\"@type\":\"ImageObject\",\"inLanguage\":\"pl-PL\",\"@id\":\"https:\/\/shop.diolosa.com\/pl\/product\/peaceful-road-2\/#primaryimage\",\"url\":\"https:\/\/shop.diolosa.com\/wp-content\/uploads\/2019\/09\/Presslinge-140.jpg\",\"contentUrl\":\"https:\/\/shop.diolosa.com\/wp-content\/uploads\/2019\/09\/Presslinge-140.jpg\",\"width\":800,\"height\":533},{\"@type\":\"BreadcrumbList\",\"@id\":\"https:\/\/shop.diolosa.com\/pl\/product\/peaceful-road-2\/#breadcrumb\",\"itemListElement\":[{\"@type\":\"ListItem\",\"position\":1,\"name\":\"Startseite\",\"item\":\"https:\/\/shop.diolosa.com\/pl\/?page_id=3835710\"},{\"@type\":\"ListItem\",\"position\":2,\"name\":\"Sklep\",\"item\":\"https:\/\/shop.diolosa.com\/pl\/?page_id=3835710\"},{\"@type\":\"ListItem\",\"position\":3,\"name\":\"Peaceful Road 2\"}]},{\"@type\":\"WebSite\",\"@id\":\"https:\/\/shop.diolosa.com\/pl\/#website\",\"url\":\"https:\/\/shop.diolosa.com\/pl\/\",\"name\":\"Claude Diolosa\",\"description\":\"\",\"publisher\":{\"@id\":\"https:\/\/shop.diolosa.com\/pl\/#organization\"},\"potentialAction\":[{\"@type\":\"SearchAction\",\"target\":{\"@type\":\"EntryPoint\",\"urlTemplate\":\"https:\/\/shop.diolosa.com\/pl\/?s={search_term_string}\"},\"query-input\":{\"@type\":\"PropertyValueSpecification\",\"valueRequired\":true,\"valueName\":\"search_term_string\"}}],\"inLanguage\":\"pl-PL\"},{\"@type\":\"Organization\",\"@id\":\"https:\/\/shop.diolosa.com\/pl\/#organization\",\"name\":\"Claude Diolosa\",\"url\":\"https:\/\/shop.diolosa.com\/pl\/\",\"logo\":{\"@type\":\"ImageObject\",\"inLanguage\":\"pl-PL\",\"@id\":\"https:\/\/shop.diolosa.com\/pl\/#\/schema\/logo\/image\/\",\"url\":\"https:\/\/shop.diolosa.com\/wp-content\/uploads\/2019\/08\/diolosa-drop-logo-new.png\",\"contentUrl\":\"https:\/\/shop.diolosa.com\/wp-content\/uploads\/2019\/08\/diolosa-drop-logo-new.png\",\"width\":134,\"height\":176,\"caption\":\"Claude Diolosa\"},\"image\":{\"@id\":\"https:\/\/shop.diolosa.com\/pl\/#\/schema\/logo\/image\/\"},\"sameAs\":[\"https:\/\/facebook.com\/claudediolosa\",\"https:\/\/www.instagram.com\/diolosaclaude108\/\"]}]}<\/script>\n<!-- \/ Yoast SEO plugin. -->","yoast_head_json":{"title":"Peaceful Road 2 - Claude Diolosa","robots":{"index":"index","follow":"follow","max-snippet":"max-snippet:-1","max-image-preview":"max-image-preview:large","max-video-preview":"max-video-preview:-1"},"canonical":"https:\/\/shop.diolosa.com\/pl\/product\/peaceful-road-2\/","og_locale":"pl_PL","og_type":"article","og_title":"Peaceful Road 2 - Claude Diolosa","og_description":"&nbsp; &nbsp;","og_url":"https:\/\/shop.diolosa.com\/pl\/product\/peaceful-road-2\/","og_site_name":"Claude Diolosa","article_publisher":"https:\/\/facebook.com\/claudediolosa","article_modified_time":"2025-05-06T13:56:29+00:00","og_image":[{"width":800,"height":533,"url":"https:\/\/shop.diolosa.com\/wp-content\/uploads\/2019\/09\/Presslinge-140.jpg","type":"image\/jpeg"}],"twitter_card":"summary_large_image","schema":{"@context":"https:\/\/schema.org","@graph":[{"@type":"WebPage","@id":"https:\/\/shop.diolosa.com\/pl\/product\/peaceful-road-2\/","url":"https:\/\/shop.diolosa.com\/pl\/product\/peaceful-road-2\/","name":"Peaceful Road 2 - Claude Diolosa","isPartOf":{"@id":"https:\/\/shop.diolosa.com\/pl\/#website"},"primaryImageOfPage":{"@id":"https:\/\/shop.diolosa.com\/pl\/product\/peaceful-road-2\/#primaryimage"},"image":{"@id":"https:\/\/shop.diolosa.com\/pl\/product\/peaceful-road-2\/#primaryimage"},"thumbnailUrl":"https:\/\/shop.diolosa.com\/wp-content\/uploads\/2019\/09\/Presslinge-140.jpg","datePublished":"2025-03-10T05:53:38+00:00","dateModified":"2025-05-06T13:56:29+00:00","breadcrumb":{"@id":"https:\/\/shop.diolosa.com\/pl\/product\/peaceful-road-2\/#breadcrumb"},"inLanguage":"pl-PL","potentialAction":[{"@type":"ReadAction","target":["https:\/\/shop.diolosa.com\/pl\/product\/peaceful-road-2\/"]}]},{"@type":"ImageObject","inLanguage":"pl-PL","@id":"https:\/\/shop.diolosa.com\/pl\/product\/peaceful-road-2\/#primaryimage","url":"https:\/\/shop.diolosa.com\/wp-content\/uploads\/2019\/09\/Presslinge-140.jpg","contentUrl":"https:\/\/shop.diolosa.com\/wp-content\/uploads\/2019\/09\/Presslinge-140.jpg","width":800,"height":533},{"@type":"BreadcrumbList","@id":"https:\/\/shop.diolosa.com\/pl\/product\/peaceful-road-2\/#breadcrumb","itemListElement":[{"@type":"ListItem","position":1,"name":"Startseite","item":"https:\/\/shop.diolosa.com\/pl\/?page_id=3835710"},{"@type":"ListItem","position":2,"name":"Sklep","item":"https:\/\/shop.diolosa.com\/pl\/?page_id=3835710"},{"@type":"ListItem","position":3,"name":"Peaceful Road 2"}]},{"@type":"WebSite","@id":"https:\/\/shop.diolosa.com\/pl\/#website","url":"https:\/\/shop.diolosa.com\/pl\/","name":"Claude Diolosa","description":"","publisher":{"@id":"https:\/\/shop.diolosa.com\/pl\/#organization"},"potentialAction":[{"@type":"SearchAction","target":{"@type":"EntryPoint","urlTemplate":"https:\/\/shop.diolosa.com\/pl\/?s={search_term_string}"},"query-input":{"@type":"PropertyValueSpecification","valueRequired":true,"valueName":"search_term_string"}}],"inLanguage":"pl-PL"},{"@type":"Organization","@id":"https:\/\/shop.diolosa.com\/pl\/#organization","name":"Claude Diolosa","url":"https:\/\/shop.diolosa.com\/pl\/","logo":{"@type":"ImageObject","inLanguage":"pl-PL","@id":"https:\/\/shop.diolosa.com\/pl\/#\/schema\/logo\/image\/","url":"https:\/\/shop.diolosa.com\/wp-content\/uploads\/2019\/08\/diolosa-drop-logo-new.png","contentUrl":"https:\/\/shop.diolosa.com\/wp-content\/uploads\/2019\/08\/diolosa-drop-logo-new.png","width":134,"height":176,"caption":"Claude Diolosa"},"image":{"@id":"https:\/\/shop.diolosa.com\/pl\/#\/schema\/logo\/image\/"},"sameAs":["https:\/\/facebook.com\/claudediolosa","https:\/\/www.instagram.com\/diolosaclaude108\/"]}]}},"_links":{"self":[{"href":"https:\/\/shop.diolosa.com\/pl\/wp-json\/wp\/v2\/product\/3840861","targetHints":{"allow":["GET"]}}],"collection":[{"href":"https:\/\/shop.diolosa.com\/pl\/wp-json\/wp\/v2\/product"}],"about":[{"href":"https:\/\/shop.diolosa.com\/pl\/wp-json\/wp\/v2\/types\/product"}],"wp:featuredmedia":[{"embeddable":true,"href":"https:\/\/shop.diolosa.com\/pl\/wp-json\/wp\/v2\/media\/3835943"}],"wp:attachment":[{"href":"https:\/\/shop.diolosa.com\/pl\/wp-json\/wp\/v2\/media?parent=3840861"}],"wp:term":[{"taxonomy":"product_brand","embeddable":true,"href":"https:\/\/shop.diolosa.com\/pl\/wp-json\/wp\/v2\/product_brand?post=3840861"},{"taxonomy":"product_cat","embeddable":true,"href":"https:\/\/shop.diolosa.com\/pl\/wp-json\/wp\/v2\/product_cat?post=3840861"},{"taxonomy":"product_tag","embeddable":true,"href":"https:\/\/shop.diolosa.com\/pl\/wp-json\/wp\/v2\/product_tag?post=3840861"}],"curies":[{"name":"wp","href":"https:\/\/api.w.org\/{rel}","templated":true}]}}