{"id":3840862,"date":"2019-09-04T12:14:50","date_gmt":"2025-03-10T05:53:38","guid":{"rendered":"https:\/\/shop.diolosa.com\/product\/wieczorne-dzwony\/"},"modified":"2025-05-06T14:54:41","modified_gmt":"2025-05-06T13:54:41","slug":"wieczorne-dzwony","status":"publish","type":"product","link":"https:\/\/shop.diolosa.com\/pl\/product\/wieczorne-dzwony\/","title":{"rendered":"Wieczorne dzwony"},"content":{"rendered":"<p>EVENING BELLS jest stosowany w przewlek\u0142ej postaci szum\u00f3w usznych (niedob\u00f3r Yin) z nasileniem wieczorem i w nocy. Preparat ten od\u017cywia Yin bez wytwarzania wilgoci lub flegmy, obni\u017ca Yang, wykrztusza Shao Yang (p\u0119cherzyk \u017c\u00f3\u0142ciowy &#8211; San Chiao), Yang Ming (\u017co\u0142\u0105dek &#8211; jelito grube) i krew, wspomaga kr\u0105\u017cenie krwi w okolicy g\u0142owy i rozprasza wiatr w g\u0142owie. EVENING BELLS wspomaga sen i podobnie jak wszystkie preparaty na szumy uszne z linii Diolosa, otwiera subtelne kana\u0142y serca. (zawiera niewielkie ilo\u015bci glutenu!!!!)<\/p>\n","protected":false},"excerpt":{"rendered":"<p>EVENING BELLS jest stosowany w przewlek\u0142ej postaci szum\u00f3w usznych (niedob\u00f3r  [&#8230;]<\/p>\n","protected":false},"featured_media":3835943,"template":"","meta":{"_acf_changed":false},"product_brand":[],"product_cat":[11869],"product_tag":[12047],"class_list":{"0":"post-3840862","1":"product","2":"type-product","3":"status-publish","4":"has-post-thumbnail","6":"product_cat-ent-pl","7":"product_tag-szum-w-uszach-pustka-wieczor","9":"first","10":"instock","11":"taxable","12":"shipping-taxable","13":"purchasable","14":"product-type-simple"},"acf":{"yn_product_audio":"https:\/\/shop.diolosa.com\/wp-content\/uploads\/2025\/02\/Evening-Bells.m4a","yn_product_video":"https:\/\/shop.diolosa.com\/wp-content\/uploads\/2025\/01\/Evening-Bells-NEUE.mp4","yn_product_akupunktur":"<p>Yang Ming Wy\u0142adowanie Wilgo\u0107 Ciep\u0142o<br \/>\njelito grube 4 &#8211; he gu (yuan) &#8211; xie fa<br \/>\njelito grube 11 &#8211; qu chi &#8211; gui tui (he &#8211; gui) &#8211; xie fa<br \/>\n\u017co\u0142\u0105dek 40 &#8211; feng long (luo) &#8211; xie fa<br \/>\n\u017co\u0142\u0105dek 44 &#8211; nei ting (ying) &#8211; xie fa<br \/>\n\u017co\u0142\u0105dek 25 &#8211; tian shu (mo &#8211; jelito grube) &#8211; xie fa  <\/p>\n<p>Shao Yang Wilgo\u0107 i flegma Ciep\u0142o<br \/>\nworeczek \u017c\u00f3\u0142ciowy 34 &#8211; yang ling quan (he, xia he xue, gui) &#8211; xie fa<br \/>\nworeczek \u017c\u00f3\u0142ciowy 40 &#8211; qiu xu (yuan) &#8211; xie fa<br \/>\nworeczek \u017c\u00f3\u0142ciowy 41 &#8211; to lin qi (dai mai, shu) &#8211; xie fa  <\/p>\n<p>Uszy<br \/>\njelito cienkie 19 &#8211; ting gong (woreczek \u017c\u00f3\u0142ciowy, san chiao) &#8211; xie fa<br \/>\nworeczek \u017c\u00f3\u0142ciowy 2 &#8211; ting hui &#8211; xie fa<br \/>\nsan chiao 17 &#8211; yi feng (woreczek \u017c\u00f3\u0142ciowy) &#8211; xie fa<br \/>\nluo zhen &#8211; M-UE-24 (hws) &#8211; xie fa > szyja<br \/>\njelito cienkie 3 &#8211; hou xi (shu, du mai) &#8211; xie fa > szyja<br \/>\njelito cienkie 7 &#8211; zhi zheng (luo) &#8211; xie fa<br \/>\nsan chiao 5 &#8211; wai guan (yang wei mai, luo) &#8211; xie fa<br \/>\nworeczek \u017c\u00f3\u0142ciowy 41 &#8211; to lin qi (dai mai, shu) &#8211; xie fa<br \/>\nsan chiao 3 &#8211; zhong zhu (shu) &#8211; xie fa<br \/>\nworeczek \u017c\u00f3\u0142ciowy 8 &#8211; shuai gu (p\u0119cherz) &#8211; xie fa<br \/>\ndwukropek 6 &#8211; pian li (luo) &#8211; xie fa<\/p>\n<p>Shen uspokaja<br \/>\ndu mai 20 &#8211; bai hui &#8211; bai lao (jezioro szpiku kostnego, p\u0119cherza moczowego) &#8211; xie fa<br \/>\nsi shen cong &#8211; M-HN 1 &#8211; xie fa<br \/>\nba gua si shen cong &#8211; M-HN 1 (8 igie\u0142) &#8211; xie fa<br \/>\nyin tang &#8211; M-HN-3 &#8211; xie fa  <\/p>\n<p>Tonizacja nerek<br \/>\nnerka 3 &#8211; tai xi (shu,yuan) &#8211; bu fa<br \/>\nnerka 7 &#8211; fu liu (jing) &#8211; bu fa<br \/>\np\u0119cherz 23 &#8211; shen shu &#8211; bu fa<br \/>\nnerka 6 &#8211; zhao hai (yin qiao mai) &#8211; bu fa<br \/>\np\u0119cherz 62 &#8211; shen mai &#8211; gui lu (yang qiao mai) &#8211; xie fa<\/p>\n<p>Tonizuje \u015bledzion\u0119<br \/>\n\u015bledziona 3 &#8211; tai bai (yuan) &#8211; bu fa<br \/>\np\u0119cherz 20 &#8211; pi shu &#8211; bu fa<br \/>\n\u015bledziona 6 &#8211; san yin jiao (le,ni,mb) &#8211; bu fa<\/p>\n","yn_product_verabreichungsart":"Pelety 140szt.","yn_product_dosierung":"<p>Mo\u017cna przyjmowa\u0107 w po\u0142\u0105czeniu z MORNING BELLS 6 do 9 tabletek wieczorem przed snem lub jako pojedynczy preparat 3 razy 4 do 9 tabletek dziennie. Czas trwania terapii wynosi 120 dni. <\/p>\n<p>(zawiera niewielkie ilo\u015bci glutenu!!!!)<\/p>\n","yn_product_combinations":"<p>MORNING BELLS (szum w uszach, rano), YIN ROOT, SAN BAO TEA (niedob\u00f3r Qi nerek i Yin, po po\u0142udniu), CLEARING THE HEAT (niedob\u00f3r Yin i puste ciep\u0142o), DEEP SLEEP FORTE (niedob\u00f3r Yin, bezsenno\u015b\u0107), CALM RELIEF (nadci\u015bnienie).<\/p>\n","yn_product_avoidable":"<p>Kawa, papierosy, ostre przyprawy, alkohol, czosnek, cebula, por, pieprz, tabasco, koktajle, jagni\u0119cina, owoce morza<\/p>\n","yn_product_tcm_mindmapping":"<p>Niedob\u00f3r Yin w nerkach > Obfito\u015b\u0107 Yang w p\u0119cherzyku \u017c\u00f3\u0142ciowym > Buntownicza Qi p\u0119cherzyka \u017c\u00f3\u0142ciowego > Zast\u00f3j Qi i krwi w okolicy g\u0142owy<\/p>\n","yn_product_tongue_body":"<p>W\u0105ski, cienki, p\u0119kni\u0119ty w Shao Yin, czerwony, suchy, czubek j\u0119zyka bardzo czerwony, nieco dr\u017c\u0105cy, jednostronny obrz\u0119k, skrzywiony korpus j\u0119zyka<\/p>\n","yn_product_tongue_coating":"<p>\u017b\u00f3\u0142tawa, sucha i smugowata pow\u0142oka w Shao Yang<\/p>\n","yn_product_pulse_diagnostics":"<p>fu mai &#8211; powierzchowny, xi mai &#8211; cienki, xu mai &#8211; pusty, shuo mai &#8211; szybki, se mai &#8211; szorstki<\/p>\n","yn_product_indications":"<p>Szumy uszne z wysokimi d\u017awi\u0119kami, nasilaj\u0105ce si\u0119 wieczorem i w nocy, bezsenno\u015b\u0107, nocne poty, zapominanie, niepok\u00f3j, ko\u0142atanie serca, og\u00f3lna poprawa przy g\u0142\u0119bokim \u015bnie i pogorszenie przy stresie i bezsenno\u015bci.<\/p>\n","yn_product_contra_indications":"<p>Niedob\u00f3r Qi i Yang \u015bledziony i \u017co\u0142\u0105dka, wilgo\u0107 i ciep\u0142o wilgoci<\/p>\n","yn_product_pregnancy":"<p>Dozwolone<\/p>\n","yn_product_herbs":"<p>cyathulae radix &#8211; chuan niu xi, loranthi ramulus &#8211; sang ji sheng, eucommiae cortex praep &#8211; yan zhi du zhong, rhemanniae radix praep &#8211; shu di huang, corni fructus &#8211; shan zhu yu, dioscorea rhizoma &#8211; shan yao, sclerotium poriae cocos &#8211; fu ling, alismati rhizoma &#8211; ze xie, moutan cortex &#8211; mu dan pi, salviae radix &#8211; dan shen, paeoniae rubrae radix &#8211; chi shao yao, ligusticii rhizoma &#8211; chuan xiong, magnetitum\/loadstone &#8211; ci shi, massa medicata fermentata &#8211; shen qu<\/p>\n","yn_product_magisterrecipes":"<p>Tian Ma Gou Teng Yin, Er Long Zuo Ci Wan<\/p>\n"},"yoast_head":"<!-- This site is optimized with the Yoast SEO plugin v24.9 - https:\/\/yoast.com\/wordpress\/plugins\/seo\/ -->\n<title>Wieczorne dzwony - Claude Diolosa<\/title>\n<meta name=\"robots\" content=\"index, follow, max-snippet:-1, max-image-preview:large, max-video-preview:-1\" \/>\n<link rel=\"canonical\" href=\"https:\/\/shop.diolosa.com\/pl\/product\/wieczorne-dzwony\/\" \/>\n<meta property=\"og:locale\" content=\"pl_PL\" \/>\n<meta property=\"og:type\" content=\"article\" \/>\n<meta property=\"og:title\" content=\"Wieczorne dzwony - Claude Diolosa\" \/>\n<meta property=\"og:description\" content=\"EVENING BELLS jest stosowany w przewlek\u0142ej postaci szum\u00f3w usznych (niedob\u00f3r [...]\" \/>\n<meta property=\"og:url\" content=\"https:\/\/shop.diolosa.com\/pl\/product\/wieczorne-dzwony\/\" \/>\n<meta property=\"og:site_name\" content=\"Claude Diolosa\" \/>\n<meta property=\"article:publisher\" content=\"https:\/\/facebook.com\/claudediolosa\" \/>\n<meta property=\"article:modified_time\" content=\"2025-05-06T13:54:41+00:00\" \/>\n<meta property=\"og:image\" content=\"https:\/\/shop.diolosa.com\/wp-content\/uploads\/2019\/09\/Presslinge-140.jpg\" \/>\n\t<meta property=\"og:image:width\" content=\"800\" \/>\n\t<meta property=\"og:image:height\" content=\"533\" \/>\n\t<meta property=\"og:image:type\" content=\"image\/jpeg\" \/>\n<meta name=\"twitter:card\" content=\"summary_large_image\" \/>\n<script type=\"application\/ld+json\" class=\"yoast-schema-graph\">{\"@context\":\"https:\/\/schema.org\",\"@graph\":[{\"@type\":\"WebPage\",\"@id\":\"https:\/\/shop.diolosa.com\/pl\/product\/wieczorne-dzwony\/\",\"url\":\"https:\/\/shop.diolosa.com\/pl\/product\/wieczorne-dzwony\/\",\"name\":\"Wieczorne dzwony - Claude Diolosa\",\"isPartOf\":{\"@id\":\"https:\/\/shop.diolosa.com\/pl\/#website\"},\"primaryImageOfPage\":{\"@id\":\"https:\/\/shop.diolosa.com\/pl\/product\/wieczorne-dzwony\/#primaryimage\"},\"image\":{\"@id\":\"https:\/\/shop.diolosa.com\/pl\/product\/wieczorne-dzwony\/#primaryimage\"},\"thumbnailUrl\":\"https:\/\/shop.diolosa.com\/wp-content\/uploads\/2019\/09\/Presslinge-140.jpg\",\"datePublished\":\"2025-03-10T05:53:38+00:00\",\"dateModified\":\"2025-05-06T13:54:41+00:00\",\"breadcrumb\":{\"@id\":\"https:\/\/shop.diolosa.com\/pl\/product\/wieczorne-dzwony\/#breadcrumb\"},\"inLanguage\":\"pl-PL\",\"potentialAction\":[{\"@type\":\"ReadAction\",\"target\":[\"https:\/\/shop.diolosa.com\/pl\/product\/wieczorne-dzwony\/\"]}]},{\"@type\":\"ImageObject\",\"inLanguage\":\"pl-PL\",\"@id\":\"https:\/\/shop.diolosa.com\/pl\/product\/wieczorne-dzwony\/#primaryimage\",\"url\":\"https:\/\/shop.diolosa.com\/wp-content\/uploads\/2019\/09\/Presslinge-140.jpg\",\"contentUrl\":\"https:\/\/shop.diolosa.com\/wp-content\/uploads\/2019\/09\/Presslinge-140.jpg\",\"width\":800,\"height\":533},{\"@type\":\"BreadcrumbList\",\"@id\":\"https:\/\/shop.diolosa.com\/pl\/product\/wieczorne-dzwony\/#breadcrumb\",\"itemListElement\":[{\"@type\":\"ListItem\",\"position\":1,\"name\":\"Startseite\",\"item\":\"https:\/\/shop.diolosa.com\/pl\/?page_id=3835710\"},{\"@type\":\"ListItem\",\"position\":2,\"name\":\"Sklep\",\"item\":\"https:\/\/shop.diolosa.com\/pl\/?page_id=3835710\"},{\"@type\":\"ListItem\",\"position\":3,\"name\":\"Wieczorne dzwony\"}]},{\"@type\":\"WebSite\",\"@id\":\"https:\/\/shop.diolosa.com\/pl\/#website\",\"url\":\"https:\/\/shop.diolosa.com\/pl\/\",\"name\":\"Claude Diolosa\",\"description\":\"\",\"publisher\":{\"@id\":\"https:\/\/shop.diolosa.com\/pl\/#organization\"},\"potentialAction\":[{\"@type\":\"SearchAction\",\"target\":{\"@type\":\"EntryPoint\",\"urlTemplate\":\"https:\/\/shop.diolosa.com\/pl\/?s={search_term_string}\"},\"query-input\":{\"@type\":\"PropertyValueSpecification\",\"valueRequired\":true,\"valueName\":\"search_term_string\"}}],\"inLanguage\":\"pl-PL\"},{\"@type\":\"Organization\",\"@id\":\"https:\/\/shop.diolosa.com\/pl\/#organization\",\"name\":\"Claude Diolosa\",\"url\":\"https:\/\/shop.diolosa.com\/pl\/\",\"logo\":{\"@type\":\"ImageObject\",\"inLanguage\":\"pl-PL\",\"@id\":\"https:\/\/shop.diolosa.com\/pl\/#\/schema\/logo\/image\/\",\"url\":\"https:\/\/shop.diolosa.com\/wp-content\/uploads\/2019\/08\/diolosa-drop-logo-new.png\",\"contentUrl\":\"https:\/\/shop.diolosa.com\/wp-content\/uploads\/2019\/08\/diolosa-drop-logo-new.png\",\"width\":134,\"height\":176,\"caption\":\"Claude Diolosa\"},\"image\":{\"@id\":\"https:\/\/shop.diolosa.com\/pl\/#\/schema\/logo\/image\/\"},\"sameAs\":[\"https:\/\/facebook.com\/claudediolosa\",\"https:\/\/www.instagram.com\/diolosaclaude108\/\"]}]}<\/script>\n<!-- \/ Yoast SEO plugin. -->","yoast_head_json":{"title":"Wieczorne dzwony - Claude Diolosa","robots":{"index":"index","follow":"follow","max-snippet":"max-snippet:-1","max-image-preview":"max-image-preview:large","max-video-preview":"max-video-preview:-1"},"canonical":"https:\/\/shop.diolosa.com\/pl\/product\/wieczorne-dzwony\/","og_locale":"pl_PL","og_type":"article","og_title":"Wieczorne dzwony - Claude Diolosa","og_description":"EVENING BELLS jest stosowany w przewlek\u0142ej postaci szum\u00f3w usznych (niedob\u00f3r [...]","og_url":"https:\/\/shop.diolosa.com\/pl\/product\/wieczorne-dzwony\/","og_site_name":"Claude Diolosa","article_publisher":"https:\/\/facebook.com\/claudediolosa","article_modified_time":"2025-05-06T13:54:41+00:00","og_image":[{"width":800,"height":533,"url":"https:\/\/shop.diolosa.com\/wp-content\/uploads\/2019\/09\/Presslinge-140.jpg","type":"image\/jpeg"}],"twitter_card":"summary_large_image","schema":{"@context":"https:\/\/schema.org","@graph":[{"@type":"WebPage","@id":"https:\/\/shop.diolosa.com\/pl\/product\/wieczorne-dzwony\/","url":"https:\/\/shop.diolosa.com\/pl\/product\/wieczorne-dzwony\/","name":"Wieczorne dzwony - Claude Diolosa","isPartOf":{"@id":"https:\/\/shop.diolosa.com\/pl\/#website"},"primaryImageOfPage":{"@id":"https:\/\/shop.diolosa.com\/pl\/product\/wieczorne-dzwony\/#primaryimage"},"image":{"@id":"https:\/\/shop.diolosa.com\/pl\/product\/wieczorne-dzwony\/#primaryimage"},"thumbnailUrl":"https:\/\/shop.diolosa.com\/wp-content\/uploads\/2019\/09\/Presslinge-140.jpg","datePublished":"2025-03-10T05:53:38+00:00","dateModified":"2025-05-06T13:54:41+00:00","breadcrumb":{"@id":"https:\/\/shop.diolosa.com\/pl\/product\/wieczorne-dzwony\/#breadcrumb"},"inLanguage":"pl-PL","potentialAction":[{"@type":"ReadAction","target":["https:\/\/shop.diolosa.com\/pl\/product\/wieczorne-dzwony\/"]}]},{"@type":"ImageObject","inLanguage":"pl-PL","@id":"https:\/\/shop.diolosa.com\/pl\/product\/wieczorne-dzwony\/#primaryimage","url":"https:\/\/shop.diolosa.com\/wp-content\/uploads\/2019\/09\/Presslinge-140.jpg","contentUrl":"https:\/\/shop.diolosa.com\/wp-content\/uploads\/2019\/09\/Presslinge-140.jpg","width":800,"height":533},{"@type":"BreadcrumbList","@id":"https:\/\/shop.diolosa.com\/pl\/product\/wieczorne-dzwony\/#breadcrumb","itemListElement":[{"@type":"ListItem","position":1,"name":"Startseite","item":"https:\/\/shop.diolosa.com\/pl\/?page_id=3835710"},{"@type":"ListItem","position":2,"name":"Sklep","item":"https:\/\/shop.diolosa.com\/pl\/?page_id=3835710"},{"@type":"ListItem","position":3,"name":"Wieczorne dzwony"}]},{"@type":"WebSite","@id":"https:\/\/shop.diolosa.com\/pl\/#website","url":"https:\/\/shop.diolosa.com\/pl\/","name":"Claude Diolosa","description":"","publisher":{"@id":"https:\/\/shop.diolosa.com\/pl\/#organization"},"potentialAction":[{"@type":"SearchAction","target":{"@type":"EntryPoint","urlTemplate":"https:\/\/shop.diolosa.com\/pl\/?s={search_term_string}"},"query-input":{"@type":"PropertyValueSpecification","valueRequired":true,"valueName":"search_term_string"}}],"inLanguage":"pl-PL"},{"@type":"Organization","@id":"https:\/\/shop.diolosa.com\/pl\/#organization","name":"Claude Diolosa","url":"https:\/\/shop.diolosa.com\/pl\/","logo":{"@type":"ImageObject","inLanguage":"pl-PL","@id":"https:\/\/shop.diolosa.com\/pl\/#\/schema\/logo\/image\/","url":"https:\/\/shop.diolosa.com\/wp-content\/uploads\/2019\/08\/diolosa-drop-logo-new.png","contentUrl":"https:\/\/shop.diolosa.com\/wp-content\/uploads\/2019\/08\/diolosa-drop-logo-new.png","width":134,"height":176,"caption":"Claude Diolosa"},"image":{"@id":"https:\/\/shop.diolosa.com\/pl\/#\/schema\/logo\/image\/"},"sameAs":["https:\/\/facebook.com\/claudediolosa","https:\/\/www.instagram.com\/diolosaclaude108\/"]}]}},"_links":{"self":[{"href":"https:\/\/shop.diolosa.com\/pl\/wp-json\/wp\/v2\/product\/3840862","targetHints":{"allow":["GET"]}}],"collection":[{"href":"https:\/\/shop.diolosa.com\/pl\/wp-json\/wp\/v2\/product"}],"about":[{"href":"https:\/\/shop.diolosa.com\/pl\/wp-json\/wp\/v2\/types\/product"}],"wp:featuredmedia":[{"embeddable":true,"href":"https:\/\/shop.diolosa.com\/pl\/wp-json\/wp\/v2\/media\/3835943"}],"wp:attachment":[{"href":"https:\/\/shop.diolosa.com\/pl\/wp-json\/wp\/v2\/media?parent=3840862"}],"wp:term":[{"taxonomy":"product_brand","embeddable":true,"href":"https:\/\/shop.diolosa.com\/pl\/wp-json\/wp\/v2\/product_brand?post=3840862"},{"taxonomy":"product_cat","embeddable":true,"href":"https:\/\/shop.diolosa.com\/pl\/wp-json\/wp\/v2\/product_cat?post=3840862"},{"taxonomy":"product_tag","embeddable":true,"href":"https:\/\/shop.diolosa.com\/pl\/wp-json\/wp\/v2\/product_tag?post=3840862"}],"curies":[{"name":"wp","href":"https:\/\/api.w.org\/{rel}","templated":true}]}}