{"id":3840866,"date":"2019-09-04T12:14:50","date_gmt":"2025-03-10T05:53:40","guid":{"rendered":"https:\/\/shop.diolosa.com\/product\/przelamywanie\/"},"modified":"2025-05-31T17:25:29","modified_gmt":"2025-05-31T16:25:29","slug":"przelamywanie","status":"publish","type":"product","link":"https:\/\/shop.diolosa.com\/pl\/product\/przelamywanie\/","title":{"rendered":"Prze\u0142amywanie"},"content":{"rendered":"<p>BREAKING THROUGH jest stosowany w leczeniu zastoju krwi, stanu charakteryzuj\u0105cego si\u0119 niewystarczaj\u0105cym kr\u0105\u017ceniem krwi. Ten konkretny preparat odnosi si\u0119 w szczeg\u00f3lno\u015bci do r\u00f3\u017cnych czynnik\u00f3w, takich jak Tan (flegma), wilgo\u0107, niedob\u00f3r Qi i Yang, kt\u00f3re s\u0105 uwa\u017cane za przyczyny zastoju krwi. Aktywne sk\u0142adniki BREAKING THROUGH dzia\u0142aj\u0105 synergistycznie, aby promowa\u0107 kr\u0105\u017cenie krwi i uwalnia\u0107 blokady w organizmie. Docieraj\u0105 do wszystkich cz\u0119\u015bci cia\u0142a i maj\u0105 szczeg\u00f3lne preferencje dla m\u00f3zgu i serca, co oznacza, \u017ce s\u0105 tam szczeg\u00f3lnie skuteczne. Ponadto mo\u017ce by\u0107 r\u00f3wnie\u017c stosowany w zaburzeniach kr\u0105\u017cenia obwodowego w celu poprawy kr\u0105\u017cenia krwi w ko\u0144czynach.    <\/p>\n<p>Preparat ten zapewnia istotn\u0105 ochron\u0119 przed powa\u017cnymi zagro\u017ceniami dla zdrowia, takimi jak zakrzepica, zatorowo\u015b\u0107 p\u0142ucna, udary i zawa\u0142y serca. Aby jednak optymalnie wykorzysta\u0107 te efekty ochronne, konieczne jest regularne przyjmowanie BREAKING THROUGH przez d\u0142u\u017cszy czas. Jest to jedyny spos\u00f3b, aby zapewni\u0107, \u017ce organizm stale korzysta z pozytywnych w\u0142a\u015bciwo\u015bci produktu. BREAKING THROUGH jest r\u00f3wnie\u017c idealny do przyjmowania przed lotem; mo\u017ce to pom\u00f3c zmniejszy\u0107 ryzyko zakrzepicy podczas d\u0142ugich lot\u00f3w, a tym samym wspiera\u0107 zdrowie podr\u00f3\u017cnych.<\/p>\n","protected":false},"excerpt":{"rendered":"<p>BREAKING THROUGH jest stosowany w leczeniu zastoju krwi, stanu charakteryzuj\u0105cego  [&#8230;]<\/p>\n","protected":false},"featured_media":3835943,"template":"","meta":{"_acf_changed":false},"product_brand":[],"product_cat":[12049],"product_tag":[12050],"class_list":{"0":"post-3840866","1":"product","2":"type-product","3":"status-publish","4":"has-post-thumbnail","6":"product_cat-hematologia","7":"product_tag-zakrzepica","9":"first","10":"instock","11":"taxable","12":"shipping-taxable","13":"purchasable","14":"product-type-simple"},"acf":{"yn_product_audio":"https:\/\/shop.diolosa.com\/wp-content\/uploads\/2018\/12\/DL_0381.mp3","yn_product_video":"https:\/\/shop.diolosa.com\/wp-content\/uploads\/2019\/09\/Breacking-Through-.mp4","yn_product_akupunktur":"<p>Qi i krew tonizuj\u0105<br \/>\np\u0119cherz 13 &#8211; fei shu &#8211; bu fa<br \/>\np\u0142uca 9 &#8211; tai yuan &#8211; gui xin (shu, yuan, ba hui xue, gui) &#8211; bu fa<br \/>\np\u0119cherz 15 &#8211; xin shu &#8211; bu fa<br \/>\n\u015bledziona 3 &#8211; tai bai (shu, yuan) &#8211; bu fa<br \/>\np\u0119cherz 20 &#8211; pi shu &#8211; bu fa z mox\u0105<br \/>\n\u015bledziona 8 &#8211; di ji (xi) &#8211; xie fa<br \/>\nren mai 4 &#8211; guan yuan (mo>)jelito cienkie, w\u0105troba, nerki, \u015bledziona) &#8211; bu fa<br \/>\nren mai 6 &#8211; qi hai (yuan qi) &#8211; bu fa  <\/p>\n<p>Hartowanie flegmy i rozpuszczanie zastoju krwi<br \/>\n\u017co\u0142\u0105dek 40 &#8211; feng long (luo) &#8211; xie fa<br \/>\nkr\u0105\u017cenie 5 &#8211; jian shi &#8211; gui lu (jing, gui) &#8211; xie fa<br \/>\n\u015bledziona 10 &#8211; xue hai (jezioro krwi) &#8211; xie fa<br \/>\np\u0119cherz 17 &#8211; ge shu (krew) &#8211; xie fa<\/p>\n<p>przekrwienie p\u0142uc<br \/>\np\u0142uco 6 &#8211; kong zui (xi) &#8211; xie fa<br \/>\np\u0142uco 9 &#8211; tai yuan &#8211; gui xin (shu, yuan, ba hui xue, gui) &#8211; xie fa<br \/>\nkr\u0105\u017cenie 6 &#8211; nei guan (luo, yin wei mai) &#8211; xie fa  <\/p>\n<p>Przekrwienie serca i m\u00f3zgu<br \/>\nserce 6 &#8211; yin xi (xi) &#8211; xie fa<br \/>\nkr\u0105\u017cenie 6 &#8211; nei guan (luo, yin wei mai) &#8211; xie fa<br \/>\nkr\u0105\u017cenie 5 &#8211; jian shi &#8211; gui lu (jing. gui, gui) &#8211; xie fa<br \/>\ncykl 7 &#8211; da ling &#8211; gui xin (shu, yuan, gui) &#8211; xie fa<br \/>\n\u015bledziona 4 &#8211; gong sun (luo, chong mai) &#8211; xie fa<\/p>\n","yn_product_verabreichungsart":"Pelety 140szt.","yn_product_dosierung":"<p>Terapia d\u0142ugoterminowa: 3 x 4 do 9 tabletek dziennie, zawsze przed posi\u0142kami. BREAKING THROUGH mo\u017ce by\u0107 podawany razem z zachodnimi preparatami rozrzedzaj\u0105cymi krew, ale dawkowanie musi by\u0107 precyzyjnie skoordynowane.<br \/>\nW przypadku lot\u00f3w d\u0142ugodystansowych: 1 x 6 tabletek przed odlotem, 1 x 6 tabletek podczas lotu.<\/p>\n","yn_product_combinations":"<p>LIGHT LEGS TABLETKI i \u017bEL (\u017cylaki), LION&#8217;S HEART (dusznica bolesna), FREE FLOW TABLETKI (urazy), FREE FLOW \u017bEL, OLEJ, SPRAY (urazy), FIVE QUEENS (og\u00f3lne przekrwienie)<\/p>\n","yn_product_avoidable":"<p>W zale\u017cno\u015bci od przyczyny, w przypadku gor\u0105ca krwi: przyprawy, alkohol, mi\u0119so, ryby i owoce morza, w przypadku niedoboru Qi i Yang: jogurt, serek \u015bmietankowy, mleko, owoce tropikalne, w\u0119glowodany, cukier, sa\u0142ata, og\u00f3rek, pomidor.<\/p>\n","yn_product_tcm_mindmapping":"<p>P\u00f3\u017ane skutki operacji > zbyt d\u0142ugie le\u017cenie > odle\u017cyny lub lepki \u015bluz i przekrwienie w g\u00f3rnym cieple > zakrzepica p\u0142uc, serca i m\u00f3zgu<\/p>\n","yn_product_tongue_body":"<p>Plamiste, zw\u0142aszcza na kraw\u0119dziach, przekrwione \u017cy\u0142y podj\u0119zykowe<\/p>\n","yn_product_tongue_coating":"<p>Cienki, bia\u0142y lub \u017c\u00f3\u0142tawy<\/p>\n","yn_product_pulse_diagnostics":"<p>se mai &#8211; szorstki<\/p>\n","yn_product_indications":"<p>P\u00f3\u017ane skutki operacji, odle\u017cyny, p\u00f3\u017ane skutki Zhong Feng, podatno\u015b\u0107 na zakrzepic\u0119, dusznica bolesna, mi\u0119\u015bniaki macicy, endometrioza, bolesne miesi\u0105czkowanie z przekrwieniem, loty d\u0142ugodystansowe, szum w uszach, b\u00f3le g\u0142owy.<\/p>\n","yn_product_contra_indications":"<p>Zachodnie leki rozrzedzaj\u0105ce krew, hemofilia, nadmierne miesi\u0105czkowanie, niedokrwisto\u015b\u0107<\/p>\n","yn_product_pregnancy":"<p>Przeciwwskazane<\/p>\n","yn_product_herbs":"<p>astragali radix &#8211; huang qi, ginseng radix &#8211; ren shen, ramulus cinamomi &#8211; gui zhi, crataegus fructus &#8211; shan zha , salviae radix &#8211; dan shen, pinellia ternata &#8211; ban xia, acori graminei rhizoma &#8211; shi chang pu, pseudoginseng radix &#8211; san qi, spatholobi seu milletiae caulis &#8211; ji xue teng<\/p>\n","yn_product_magisterrecipes":"<p>Xue Fu Zhu Yu Tang, Tong Xiao Huo Xue Tang, Bu Yang Huan Wu Tang<\/p>\n"},"yoast_head":"<!-- This site is optimized with the Yoast SEO plugin v24.9 - https:\/\/yoast.com\/wordpress\/plugins\/seo\/ -->\n<title>Prze\u0142amywanie - Claude Diolosa<\/title>\n<meta name=\"robots\" content=\"index, follow, max-snippet:-1, max-image-preview:large, max-video-preview:-1\" \/>\n<link rel=\"canonical\" href=\"https:\/\/shop.diolosa.com\/pl\/product\/przelamywanie\/\" \/>\n<meta property=\"og:locale\" content=\"pl_PL\" \/>\n<meta property=\"og:type\" content=\"article\" \/>\n<meta property=\"og:title\" content=\"Prze\u0142amywanie - Claude Diolosa\" \/>\n<meta property=\"og:description\" content=\"BREAKING THROUGH jest stosowany w leczeniu zastoju krwi, stanu charakteryzuj\u0105cego [...]\" \/>\n<meta property=\"og:url\" content=\"https:\/\/shop.diolosa.com\/pl\/product\/przelamywanie\/\" \/>\n<meta property=\"og:site_name\" content=\"Claude Diolosa\" \/>\n<meta property=\"article:publisher\" content=\"https:\/\/facebook.com\/claudediolosa\" \/>\n<meta property=\"article:modified_time\" content=\"2025-05-31T16:25:29+00:00\" \/>\n<meta property=\"og:image\" content=\"https:\/\/shop.diolosa.com\/wp-content\/uploads\/2019\/09\/Presslinge-140.jpg\" \/>\n\t<meta property=\"og:image:width\" content=\"800\" \/>\n\t<meta property=\"og:image:height\" content=\"533\" \/>\n\t<meta property=\"og:image:type\" content=\"image\/jpeg\" \/>\n<meta name=\"twitter:card\" content=\"summary_large_image\" \/>\n<meta name=\"twitter:label1\" content=\"Szacowany czas czytania\" \/>\n\t<meta name=\"twitter:data1\" content=\"1 minuta\" \/>\n<script type=\"application\/ld+json\" class=\"yoast-schema-graph\">{\"@context\":\"https:\/\/schema.org\",\"@graph\":[{\"@type\":\"WebPage\",\"@id\":\"https:\/\/shop.diolosa.com\/pl\/product\/przelamywanie\/\",\"url\":\"https:\/\/shop.diolosa.com\/pl\/product\/przelamywanie\/\",\"name\":\"Prze\u0142amywanie - Claude Diolosa\",\"isPartOf\":{\"@id\":\"https:\/\/shop.diolosa.com\/pl\/#website\"},\"primaryImageOfPage\":{\"@id\":\"https:\/\/shop.diolosa.com\/pl\/product\/przelamywanie\/#primaryimage\"},\"image\":{\"@id\":\"https:\/\/shop.diolosa.com\/pl\/product\/przelamywanie\/#primaryimage\"},\"thumbnailUrl\":\"https:\/\/shop.diolosa.com\/wp-content\/uploads\/2019\/09\/Presslinge-140.jpg\",\"datePublished\":\"2025-03-10T05:53:40+00:00\",\"dateModified\":\"2025-05-31T16:25:29+00:00\",\"breadcrumb\":{\"@id\":\"https:\/\/shop.diolosa.com\/pl\/product\/przelamywanie\/#breadcrumb\"},\"inLanguage\":\"pl-PL\",\"potentialAction\":[{\"@type\":\"ReadAction\",\"target\":[\"https:\/\/shop.diolosa.com\/pl\/product\/przelamywanie\/\"]}]},{\"@type\":\"ImageObject\",\"inLanguage\":\"pl-PL\",\"@id\":\"https:\/\/shop.diolosa.com\/pl\/product\/przelamywanie\/#primaryimage\",\"url\":\"https:\/\/shop.diolosa.com\/wp-content\/uploads\/2019\/09\/Presslinge-140.jpg\",\"contentUrl\":\"https:\/\/shop.diolosa.com\/wp-content\/uploads\/2019\/09\/Presslinge-140.jpg\",\"width\":800,\"height\":533},{\"@type\":\"BreadcrumbList\",\"@id\":\"https:\/\/shop.diolosa.com\/pl\/product\/przelamywanie\/#breadcrumb\",\"itemListElement\":[{\"@type\":\"ListItem\",\"position\":1,\"name\":\"Startseite\",\"item\":\"https:\/\/shop.diolosa.com\/pl\/?page_id=3835710\"},{\"@type\":\"ListItem\",\"position\":2,\"name\":\"Sklep\",\"item\":\"https:\/\/shop.diolosa.com\/pl\/?page_id=3835710\"},{\"@type\":\"ListItem\",\"position\":3,\"name\":\"Prze\u0142amywanie\"}]},{\"@type\":\"WebSite\",\"@id\":\"https:\/\/shop.diolosa.com\/pl\/#website\",\"url\":\"https:\/\/shop.diolosa.com\/pl\/\",\"name\":\"Claude Diolosa\",\"description\":\"\",\"publisher\":{\"@id\":\"https:\/\/shop.diolosa.com\/pl\/#organization\"},\"potentialAction\":[{\"@type\":\"SearchAction\",\"target\":{\"@type\":\"EntryPoint\",\"urlTemplate\":\"https:\/\/shop.diolosa.com\/pl\/?s={search_term_string}\"},\"query-input\":{\"@type\":\"PropertyValueSpecification\",\"valueRequired\":true,\"valueName\":\"search_term_string\"}}],\"inLanguage\":\"pl-PL\"},{\"@type\":\"Organization\",\"@id\":\"https:\/\/shop.diolosa.com\/pl\/#organization\",\"name\":\"Claude Diolosa\",\"url\":\"https:\/\/shop.diolosa.com\/pl\/\",\"logo\":{\"@type\":\"ImageObject\",\"inLanguage\":\"pl-PL\",\"@id\":\"https:\/\/shop.diolosa.com\/pl\/#\/schema\/logo\/image\/\",\"url\":\"https:\/\/shop.diolosa.com\/wp-content\/uploads\/2019\/08\/diolosa-drop-logo-new.png\",\"contentUrl\":\"https:\/\/shop.diolosa.com\/wp-content\/uploads\/2019\/08\/diolosa-drop-logo-new.png\",\"width\":134,\"height\":176,\"caption\":\"Claude Diolosa\"},\"image\":{\"@id\":\"https:\/\/shop.diolosa.com\/pl\/#\/schema\/logo\/image\/\"},\"sameAs\":[\"https:\/\/facebook.com\/claudediolosa\",\"https:\/\/www.instagram.com\/diolosaclaude108\/\"]}]}<\/script>\n<!-- \/ Yoast SEO plugin. -->","yoast_head_json":{"title":"Prze\u0142amywanie - Claude Diolosa","robots":{"index":"index","follow":"follow","max-snippet":"max-snippet:-1","max-image-preview":"max-image-preview:large","max-video-preview":"max-video-preview:-1"},"canonical":"https:\/\/shop.diolosa.com\/pl\/product\/przelamywanie\/","og_locale":"pl_PL","og_type":"article","og_title":"Prze\u0142amywanie - Claude Diolosa","og_description":"BREAKING THROUGH jest stosowany w leczeniu zastoju krwi, stanu charakteryzuj\u0105cego [...]","og_url":"https:\/\/shop.diolosa.com\/pl\/product\/przelamywanie\/","og_site_name":"Claude Diolosa","article_publisher":"https:\/\/facebook.com\/claudediolosa","article_modified_time":"2025-05-31T16:25:29+00:00","og_image":[{"width":800,"height":533,"url":"https:\/\/shop.diolosa.com\/wp-content\/uploads\/2019\/09\/Presslinge-140.jpg","type":"image\/jpeg"}],"twitter_card":"summary_large_image","twitter_misc":{"Szacowany czas czytania":"1 minuta"},"schema":{"@context":"https:\/\/schema.org","@graph":[{"@type":"WebPage","@id":"https:\/\/shop.diolosa.com\/pl\/product\/przelamywanie\/","url":"https:\/\/shop.diolosa.com\/pl\/product\/przelamywanie\/","name":"Prze\u0142amywanie - Claude Diolosa","isPartOf":{"@id":"https:\/\/shop.diolosa.com\/pl\/#website"},"primaryImageOfPage":{"@id":"https:\/\/shop.diolosa.com\/pl\/product\/przelamywanie\/#primaryimage"},"image":{"@id":"https:\/\/shop.diolosa.com\/pl\/product\/przelamywanie\/#primaryimage"},"thumbnailUrl":"https:\/\/shop.diolosa.com\/wp-content\/uploads\/2019\/09\/Presslinge-140.jpg","datePublished":"2025-03-10T05:53:40+00:00","dateModified":"2025-05-31T16:25:29+00:00","breadcrumb":{"@id":"https:\/\/shop.diolosa.com\/pl\/product\/przelamywanie\/#breadcrumb"},"inLanguage":"pl-PL","potentialAction":[{"@type":"ReadAction","target":["https:\/\/shop.diolosa.com\/pl\/product\/przelamywanie\/"]}]},{"@type":"ImageObject","inLanguage":"pl-PL","@id":"https:\/\/shop.diolosa.com\/pl\/product\/przelamywanie\/#primaryimage","url":"https:\/\/shop.diolosa.com\/wp-content\/uploads\/2019\/09\/Presslinge-140.jpg","contentUrl":"https:\/\/shop.diolosa.com\/wp-content\/uploads\/2019\/09\/Presslinge-140.jpg","width":800,"height":533},{"@type":"BreadcrumbList","@id":"https:\/\/shop.diolosa.com\/pl\/product\/przelamywanie\/#breadcrumb","itemListElement":[{"@type":"ListItem","position":1,"name":"Startseite","item":"https:\/\/shop.diolosa.com\/pl\/?page_id=3835710"},{"@type":"ListItem","position":2,"name":"Sklep","item":"https:\/\/shop.diolosa.com\/pl\/?page_id=3835710"},{"@type":"ListItem","position":3,"name":"Prze\u0142amywanie"}]},{"@type":"WebSite","@id":"https:\/\/shop.diolosa.com\/pl\/#website","url":"https:\/\/shop.diolosa.com\/pl\/","name":"Claude Diolosa","description":"","publisher":{"@id":"https:\/\/shop.diolosa.com\/pl\/#organization"},"potentialAction":[{"@type":"SearchAction","target":{"@type":"EntryPoint","urlTemplate":"https:\/\/shop.diolosa.com\/pl\/?s={search_term_string}"},"query-input":{"@type":"PropertyValueSpecification","valueRequired":true,"valueName":"search_term_string"}}],"inLanguage":"pl-PL"},{"@type":"Organization","@id":"https:\/\/shop.diolosa.com\/pl\/#organization","name":"Claude Diolosa","url":"https:\/\/shop.diolosa.com\/pl\/","logo":{"@type":"ImageObject","inLanguage":"pl-PL","@id":"https:\/\/shop.diolosa.com\/pl\/#\/schema\/logo\/image\/","url":"https:\/\/shop.diolosa.com\/wp-content\/uploads\/2019\/08\/diolosa-drop-logo-new.png","contentUrl":"https:\/\/shop.diolosa.com\/wp-content\/uploads\/2019\/08\/diolosa-drop-logo-new.png","width":134,"height":176,"caption":"Claude Diolosa"},"image":{"@id":"https:\/\/shop.diolosa.com\/pl\/#\/schema\/logo\/image\/"},"sameAs":["https:\/\/facebook.com\/claudediolosa","https:\/\/www.instagram.com\/diolosaclaude108\/"]}]}},"_links":{"self":[{"href":"https:\/\/shop.diolosa.com\/pl\/wp-json\/wp\/v2\/product\/3840866","targetHints":{"allow":["GET"]}}],"collection":[{"href":"https:\/\/shop.diolosa.com\/pl\/wp-json\/wp\/v2\/product"}],"about":[{"href":"https:\/\/shop.diolosa.com\/pl\/wp-json\/wp\/v2\/types\/product"}],"wp:featuredmedia":[{"embeddable":true,"href":"https:\/\/shop.diolosa.com\/pl\/wp-json\/wp\/v2\/media\/3835943"}],"wp:attachment":[{"href":"https:\/\/shop.diolosa.com\/pl\/wp-json\/wp\/v2\/media?parent=3840866"}],"wp:term":[{"taxonomy":"product_brand","embeddable":true,"href":"https:\/\/shop.diolosa.com\/pl\/wp-json\/wp\/v2\/product_brand?post=3840866"},{"taxonomy":"product_cat","embeddable":true,"href":"https:\/\/shop.diolosa.com\/pl\/wp-json\/wp\/v2\/product_cat?post=3840866"},{"taxonomy":"product_tag","embeddable":true,"href":"https:\/\/shop.diolosa.com\/pl\/wp-json\/wp\/v2\/product_tag?post=3840866"}],"curies":[{"name":"wp","href":"https:\/\/api.w.org\/{rel}","templated":true}]}}