{"id":3840869,"date":"2019-09-04T12:14:50","date_gmt":"2025-03-10T05:53:41","guid":{"rendered":"https:\/\/shop.diolosa.com\/product\/poranne-dzwony\/"},"modified":"2025-05-06T14:51:57","modified_gmt":"2025-05-06T13:51:57","slug":"poranne-dzwony","status":"publish","type":"product","link":"https:\/\/shop.diolosa.com\/pl\/product\/poranne-dzwony\/","title":{"rendered":"Poranne dzwony"},"content":{"rendered":"<p>MORNING BELLS jest stosowany w leczeniu szum\u00f3w usznych z nasileniem w godzinach pracy p\u0119cherzyka \u017c\u00f3\u0142ciowego (od 23:00 do 1:00), w nocy i rano. Preparat ten odtruwa Shao Yang (P\u0119cherzyk \u017b\u00f3\u0142ciowy i San Chiao) i Yang Ming (\u017bo\u0142\u0105dek i Jelito Grube), zapobiega zastojowi krwi w okolicy g\u0142owy i ucha, otwiera naczynia LUO g\u0142owy, oczyszcza narz\u0105dy zmys\u0142\u00f3w, otwiera osiem subtelnych kana\u0142\u00f3w Serca i rozprasza Wiatr. MORNING BELLS jest stosowany w przypadku pe\u0142no\u015bci i ostrej postaci szum\u00f3w usznych i powinien by\u0107 przyjmowany g\u0142\u00f3wnie rano.<\/p>\n","protected":false},"excerpt":{"rendered":"<p>MORNING BELLS jest stosowany w leczeniu szum\u00f3w usznych z nasileniem  [&#8230;]<\/p>\n","protected":false},"featured_media":3835943,"template":"","meta":{"_acf_changed":false},"product_brand":[],"product_cat":[11869],"product_tag":[12053],"class_list":{"0":"post-3840869","1":"product","2":"type-product","3":"status-publish","4":"has-post-thumbnail","6":"product_cat-ent-pl","7":"product_tag-szumy-uszne-pelnia-rano","9":"first","10":"instock","11":"taxable","12":"shipping-taxable","13":"purchasable","14":"product-type-simple"},"acf":{"yn_product_audio":"https:\/\/shop.diolosa.com\/wp-content\/uploads\/2025\/02\/Morning-Bells.m4a","yn_product_video":"https:\/\/shop.diolosa.com\/wp-content\/uploads\/2025\/01\/Morning-Bells-Neue-.mp4","yn_product_akupunktur":"<p>Yang Ming Wy\u0142adowanie Wilgo\u0107 Ciep\u0142o<br \/>\njelito grube 4 &#8211; he gu (yuan) &#8211; xie fa<br \/>\njelito grube 11 &#8211; qu chi &#8211; gui tui (he &#8211; gui) &#8211; xie fa<br \/>\n\u017co\u0142\u0105dek 40 &#8211; feng long (luo) &#8211; xie fa<br \/>\n\u017co\u0142\u0105dek 44 &#8211; nei ting (ying) &#8211; xie fa<br \/>\n\u017co\u0142\u0105dek 25 &#8211; tian shu (mo &#8211; jelito grube) &#8211; xie fa  <\/p>\n<p>Shao Yang Wilgo\u0107 i flegma Ciep\u0142o<br \/>\nworeczek \u017c\u00f3\u0142ciowy 34 &#8211; yang ling quan (he, xia he xue, gui) &#8211; xie fa<br \/>\nworeczek \u017c\u00f3\u0142ciowy 40 &#8211; qiu xu (yuan) &#8211; xie fa<br \/>\nworeczek \u017c\u00f3\u0142ciowy 41 &#8211; to lin qi (dai mai, shu) &#8211; xie fa  <\/p>\n<p>Uszy<br \/>\njelito cienkie 19 &#8211; ting gong (woreczek \u017c\u00f3\u0142ciowy, san chiao) &#8211; xie fa<br \/>\nworeczek \u017c\u00f3\u0142ciowy 2 &#8211; ting hui &#8211; xie fa<br \/>\nsan chiao 17 &#8211; yi feng (woreczek \u017c\u00f3\u0142ciowy) &#8211; xie fa<br \/>\nluo zhen &#8211; M-UE-24 (hws) &#8211; xie fa > szyja<br \/>\njelito cienkie 3 &#8211; hou xi (shu, du mai) &#8211; xie fa > szyja<br \/>\njelito cienkie 7 &#8211; zhi zheng (luo) &#8211; xie fa<br \/>\nsan chiao 5 &#8211; wai guan (yang wei mai, luo) &#8211; xie fa<br \/>\nsan chiao 3 &#8211; zhong zhu (shu) &#8211; xie fa<br \/>\nworeczek \u017c\u00f3\u0142ciowy 8 &#8211; shuai gu (p\u0119cherz) &#8211; xie fa<br \/>\ndwukropek 6 &#8211; pian li (luo) &#8211; xie fa<\/p>\n<p>Shen uspokaja<br \/>\ndu mai 20 &#8211; bai hui &#8211; bai lao (jezioro szpiku kostnego, p\u0119cherza moczowego) &#8211; xie fa<br \/>\nsi shen cong &#8211; M-HN 1 &#8211; xie fa<br \/>\nba gua si shen cong &#8211; M-HN 1 (8 igie\u0142) &#8211; xie fa<br \/>\nyin tang &#8211; M-HN-3 &#8211; xie fa  <\/p>\n<p>Tonizuje nerki<br \/>\nnerka 3 &#8211; tai xi (shu,yuan) &#8211; bu fa<br \/>\nnerka 7 &#8211; fu liu (jing) &#8211; bu fa<\/p>\n","yn_product_verabreichungsart":"Pelety 140szt.","yn_product_dosierung":"<p>MORNING BELLS mo\u017cna \u0142\u0105czy\u0107 z EVENING BELLS, czyli 6 do 9 tabletek rano lub jako pojedynczy preparat 3 x 4 do 9 tabletek dziennie, przed posi\u0142kami. Czas trwania terapii wynosi 120 dni. <\/p>\n","yn_product_combinations":"<p>Wieczorne dzwonki (szum w uszach spowodowany niedoborem yin), SZYBKIE RUCHY BRZUCHA (zast\u00f3j pokarmu), SPOK\u00d3J OG\u00d3LNY (cholesterol), SPOK\u00d3J (nadci\u015bnienie), PRZE\u0141OM (zakrzepica), SPOK\u00d3J W NIEBIE (migrena).<\/p>\n","yn_product_avoidable":"<p>T\u0142uste i sma\u017cone potrawy, czosnek, cebula, pory, alkohol, smalec, pieprz, ostre przyprawy, przyprawy indyjskie, chili, tabasco.<\/p>\n","yn_product_tcm_mindmapping":"<p>Przekrwienie Qi p\u0119cherzyka \u017c\u00f3\u0142ciowego i w\u0105troby > Przekrwienie Qi \u017co\u0142\u0105dka > Wilgotne ciep\u0142o flegmy \u017co\u0142\u0105dka i p\u0119cherzyka \u017c\u00f3\u0142ciowego > Buntowniczy ruch Qi \u017co\u0142\u0105dka i p\u0119cherzyka \u017c\u00f3\u0142ciowego > Twarda flegma i przekrwienie krwi w okolicy g\u0142owy<\/p>\n","yn_product_tongue_body":"<p>D\u0142ugie, mocne, brzegi spuchni\u0119te, czerwone do ciemnoczerwonych<\/p>\n","yn_product_tongue_coating":"<p>\u017b\u00f3\u0142tawy i t\u0142usty nalot, szczeg\u00f3lnie w Shao Yang, plamiste brzegi j\u0119zyka<\/p>\n","yn_product_pulse_diagnostics":"<p>Pozycja \u017co\u0142\u0105dka i p\u0119cherzyka \u017c\u00f3\u0142ciowego: hua mai &#8211; szybuj\u0105ca, xian mai &#8211; napi\u0119ta, shi mai &#8211; pe\u0142na, shuo mai &#8211; szybka, se mai &#8211; szorstka.<\/p>\n","yn_product_indications":"<p>dzwonienie w uszach, boczne b\u00f3le g\u0142owy, zawroty g\u0142owy, podwy\u017cszony poziom cholesterolu, sk\u0142onno\u015b\u0107 do nadci\u015bnienia, niepok\u00f3j<\/p>\n","yn_product_contra_indications":"<p>Niedob\u00f3r Yin i szum w uszach wywo\u0142any ciep\u0142em pustki<\/p>\n","yn_product_pregnancy":"<p>Przeciwwskazane<\/p>\n","yn_product_herbs":"<p>bupleurum radix &#8211; chai hu, ligusticii rhizoma &#8211; chuan xiong, angelicae sinensis par caudensis radix &#8211; dang gui wei, persicae semen &#8211; tao ren, carthami flos &#8211; hong hua, salviae radix &#8211; dan shen, puerariae lobatae radix &#8211; ge gen, viticis fructus &#8211; man jing zi<\/p>\n","yn_product_magisterrecipes":"<p>Ban Xia Bai Zhu Tian Ma Tang, Wen Dan Tang, Bu Yang Huan Wu Tang<\/p>\n"},"yoast_head":"<!-- This site is optimized with the Yoast SEO plugin v24.9 - https:\/\/yoast.com\/wordpress\/plugins\/seo\/ -->\n<title>Poranne dzwony - Claude Diolosa<\/title>\n<meta name=\"robots\" content=\"index, follow, max-snippet:-1, max-image-preview:large, max-video-preview:-1\" \/>\n<link rel=\"canonical\" href=\"https:\/\/shop.diolosa.com\/pl\/product\/poranne-dzwony\/\" \/>\n<meta property=\"og:locale\" content=\"pl_PL\" \/>\n<meta property=\"og:type\" content=\"article\" \/>\n<meta property=\"og:title\" content=\"Poranne dzwony - Claude Diolosa\" \/>\n<meta property=\"og:description\" content=\"MORNING BELLS jest stosowany w leczeniu szum\u00f3w usznych z nasileniem [...]\" \/>\n<meta property=\"og:url\" content=\"https:\/\/shop.diolosa.com\/pl\/product\/poranne-dzwony\/\" \/>\n<meta property=\"og:site_name\" content=\"Claude Diolosa\" \/>\n<meta property=\"article:publisher\" content=\"https:\/\/facebook.com\/claudediolosa\" \/>\n<meta property=\"article:modified_time\" content=\"2025-05-06T13:51:57+00:00\" \/>\n<meta property=\"og:image\" content=\"https:\/\/shop.diolosa.com\/wp-content\/uploads\/2019\/09\/Presslinge-140.jpg\" \/>\n\t<meta property=\"og:image:width\" content=\"800\" \/>\n\t<meta property=\"og:image:height\" content=\"533\" \/>\n\t<meta property=\"og:image:type\" content=\"image\/jpeg\" \/>\n<meta name=\"twitter:card\" content=\"summary_large_image\" \/>\n<script type=\"application\/ld+json\" class=\"yoast-schema-graph\">{\"@context\":\"https:\/\/schema.org\",\"@graph\":[{\"@type\":\"WebPage\",\"@id\":\"https:\/\/shop.diolosa.com\/pl\/product\/poranne-dzwony\/\",\"url\":\"https:\/\/shop.diolosa.com\/pl\/product\/poranne-dzwony\/\",\"name\":\"Poranne dzwony - Claude Diolosa\",\"isPartOf\":{\"@id\":\"https:\/\/shop.diolosa.com\/pl\/#website\"},\"primaryImageOfPage\":{\"@id\":\"https:\/\/shop.diolosa.com\/pl\/product\/poranne-dzwony\/#primaryimage\"},\"image\":{\"@id\":\"https:\/\/shop.diolosa.com\/pl\/product\/poranne-dzwony\/#primaryimage\"},\"thumbnailUrl\":\"https:\/\/shop.diolosa.com\/wp-content\/uploads\/2019\/09\/Presslinge-140.jpg\",\"datePublished\":\"2025-03-10T05:53:41+00:00\",\"dateModified\":\"2025-05-06T13:51:57+00:00\",\"breadcrumb\":{\"@id\":\"https:\/\/shop.diolosa.com\/pl\/product\/poranne-dzwony\/#breadcrumb\"},\"inLanguage\":\"pl-PL\",\"potentialAction\":[{\"@type\":\"ReadAction\",\"target\":[\"https:\/\/shop.diolosa.com\/pl\/product\/poranne-dzwony\/\"]}]},{\"@type\":\"ImageObject\",\"inLanguage\":\"pl-PL\",\"@id\":\"https:\/\/shop.diolosa.com\/pl\/product\/poranne-dzwony\/#primaryimage\",\"url\":\"https:\/\/shop.diolosa.com\/wp-content\/uploads\/2019\/09\/Presslinge-140.jpg\",\"contentUrl\":\"https:\/\/shop.diolosa.com\/wp-content\/uploads\/2019\/09\/Presslinge-140.jpg\",\"width\":800,\"height\":533},{\"@type\":\"BreadcrumbList\",\"@id\":\"https:\/\/shop.diolosa.com\/pl\/product\/poranne-dzwony\/#breadcrumb\",\"itemListElement\":[{\"@type\":\"ListItem\",\"position\":1,\"name\":\"Startseite\",\"item\":\"https:\/\/shop.diolosa.com\/pl\/?page_id=3835710\"},{\"@type\":\"ListItem\",\"position\":2,\"name\":\"Sklep\",\"item\":\"https:\/\/shop.diolosa.com\/pl\/?page_id=3835710\"},{\"@type\":\"ListItem\",\"position\":3,\"name\":\"Poranne dzwony\"}]},{\"@type\":\"WebSite\",\"@id\":\"https:\/\/shop.diolosa.com\/pl\/#website\",\"url\":\"https:\/\/shop.diolosa.com\/pl\/\",\"name\":\"Claude Diolosa\",\"description\":\"\",\"publisher\":{\"@id\":\"https:\/\/shop.diolosa.com\/pl\/#organization\"},\"potentialAction\":[{\"@type\":\"SearchAction\",\"target\":{\"@type\":\"EntryPoint\",\"urlTemplate\":\"https:\/\/shop.diolosa.com\/pl\/?s={search_term_string}\"},\"query-input\":{\"@type\":\"PropertyValueSpecification\",\"valueRequired\":true,\"valueName\":\"search_term_string\"}}],\"inLanguage\":\"pl-PL\"},{\"@type\":\"Organization\",\"@id\":\"https:\/\/shop.diolosa.com\/pl\/#organization\",\"name\":\"Claude Diolosa\",\"url\":\"https:\/\/shop.diolosa.com\/pl\/\",\"logo\":{\"@type\":\"ImageObject\",\"inLanguage\":\"pl-PL\",\"@id\":\"https:\/\/shop.diolosa.com\/pl\/#\/schema\/logo\/image\/\",\"url\":\"https:\/\/shop.diolosa.com\/wp-content\/uploads\/2019\/08\/diolosa-drop-logo-new.png\",\"contentUrl\":\"https:\/\/shop.diolosa.com\/wp-content\/uploads\/2019\/08\/diolosa-drop-logo-new.png\",\"width\":134,\"height\":176,\"caption\":\"Claude Diolosa\"},\"image\":{\"@id\":\"https:\/\/shop.diolosa.com\/pl\/#\/schema\/logo\/image\/\"},\"sameAs\":[\"https:\/\/facebook.com\/claudediolosa\",\"https:\/\/www.instagram.com\/diolosaclaude108\/\"]}]}<\/script>\n<!-- \/ Yoast SEO plugin. -->","yoast_head_json":{"title":"Poranne dzwony - Claude Diolosa","robots":{"index":"index","follow":"follow","max-snippet":"max-snippet:-1","max-image-preview":"max-image-preview:large","max-video-preview":"max-video-preview:-1"},"canonical":"https:\/\/shop.diolosa.com\/pl\/product\/poranne-dzwony\/","og_locale":"pl_PL","og_type":"article","og_title":"Poranne dzwony - Claude Diolosa","og_description":"MORNING BELLS jest stosowany w leczeniu szum\u00f3w usznych z nasileniem [...]","og_url":"https:\/\/shop.diolosa.com\/pl\/product\/poranne-dzwony\/","og_site_name":"Claude Diolosa","article_publisher":"https:\/\/facebook.com\/claudediolosa","article_modified_time":"2025-05-06T13:51:57+00:00","og_image":[{"width":800,"height":533,"url":"https:\/\/shop.diolosa.com\/wp-content\/uploads\/2019\/09\/Presslinge-140.jpg","type":"image\/jpeg"}],"twitter_card":"summary_large_image","schema":{"@context":"https:\/\/schema.org","@graph":[{"@type":"WebPage","@id":"https:\/\/shop.diolosa.com\/pl\/product\/poranne-dzwony\/","url":"https:\/\/shop.diolosa.com\/pl\/product\/poranne-dzwony\/","name":"Poranne dzwony - Claude Diolosa","isPartOf":{"@id":"https:\/\/shop.diolosa.com\/pl\/#website"},"primaryImageOfPage":{"@id":"https:\/\/shop.diolosa.com\/pl\/product\/poranne-dzwony\/#primaryimage"},"image":{"@id":"https:\/\/shop.diolosa.com\/pl\/product\/poranne-dzwony\/#primaryimage"},"thumbnailUrl":"https:\/\/shop.diolosa.com\/wp-content\/uploads\/2019\/09\/Presslinge-140.jpg","datePublished":"2025-03-10T05:53:41+00:00","dateModified":"2025-05-06T13:51:57+00:00","breadcrumb":{"@id":"https:\/\/shop.diolosa.com\/pl\/product\/poranne-dzwony\/#breadcrumb"},"inLanguage":"pl-PL","potentialAction":[{"@type":"ReadAction","target":["https:\/\/shop.diolosa.com\/pl\/product\/poranne-dzwony\/"]}]},{"@type":"ImageObject","inLanguage":"pl-PL","@id":"https:\/\/shop.diolosa.com\/pl\/product\/poranne-dzwony\/#primaryimage","url":"https:\/\/shop.diolosa.com\/wp-content\/uploads\/2019\/09\/Presslinge-140.jpg","contentUrl":"https:\/\/shop.diolosa.com\/wp-content\/uploads\/2019\/09\/Presslinge-140.jpg","width":800,"height":533},{"@type":"BreadcrumbList","@id":"https:\/\/shop.diolosa.com\/pl\/product\/poranne-dzwony\/#breadcrumb","itemListElement":[{"@type":"ListItem","position":1,"name":"Startseite","item":"https:\/\/shop.diolosa.com\/pl\/?page_id=3835710"},{"@type":"ListItem","position":2,"name":"Sklep","item":"https:\/\/shop.diolosa.com\/pl\/?page_id=3835710"},{"@type":"ListItem","position":3,"name":"Poranne dzwony"}]},{"@type":"WebSite","@id":"https:\/\/shop.diolosa.com\/pl\/#website","url":"https:\/\/shop.diolosa.com\/pl\/","name":"Claude Diolosa","description":"","publisher":{"@id":"https:\/\/shop.diolosa.com\/pl\/#organization"},"potentialAction":[{"@type":"SearchAction","target":{"@type":"EntryPoint","urlTemplate":"https:\/\/shop.diolosa.com\/pl\/?s={search_term_string}"},"query-input":{"@type":"PropertyValueSpecification","valueRequired":true,"valueName":"search_term_string"}}],"inLanguage":"pl-PL"},{"@type":"Organization","@id":"https:\/\/shop.diolosa.com\/pl\/#organization","name":"Claude Diolosa","url":"https:\/\/shop.diolosa.com\/pl\/","logo":{"@type":"ImageObject","inLanguage":"pl-PL","@id":"https:\/\/shop.diolosa.com\/pl\/#\/schema\/logo\/image\/","url":"https:\/\/shop.diolosa.com\/wp-content\/uploads\/2019\/08\/diolosa-drop-logo-new.png","contentUrl":"https:\/\/shop.diolosa.com\/wp-content\/uploads\/2019\/08\/diolosa-drop-logo-new.png","width":134,"height":176,"caption":"Claude Diolosa"},"image":{"@id":"https:\/\/shop.diolosa.com\/pl\/#\/schema\/logo\/image\/"},"sameAs":["https:\/\/facebook.com\/claudediolosa","https:\/\/www.instagram.com\/diolosaclaude108\/"]}]}},"_links":{"self":[{"href":"https:\/\/shop.diolosa.com\/pl\/wp-json\/wp\/v2\/product\/3840869","targetHints":{"allow":["GET"]}}],"collection":[{"href":"https:\/\/shop.diolosa.com\/pl\/wp-json\/wp\/v2\/product"}],"about":[{"href":"https:\/\/shop.diolosa.com\/pl\/wp-json\/wp\/v2\/types\/product"}],"wp:featuredmedia":[{"embeddable":true,"href":"https:\/\/shop.diolosa.com\/pl\/wp-json\/wp\/v2\/media\/3835943"}],"wp:attachment":[{"href":"https:\/\/shop.diolosa.com\/pl\/wp-json\/wp\/v2\/media?parent=3840869"}],"wp:term":[{"taxonomy":"product_brand","embeddable":true,"href":"https:\/\/shop.diolosa.com\/pl\/wp-json\/wp\/v2\/product_brand?post=3840869"},{"taxonomy":"product_cat","embeddable":true,"href":"https:\/\/shop.diolosa.com\/pl\/wp-json\/wp\/v2\/product_cat?post=3840869"},{"taxonomy":"product_tag","embeddable":true,"href":"https:\/\/shop.diolosa.com\/pl\/wp-json\/wp\/v2\/product_tag?post=3840869"}],"curies":[{"name":"wp","href":"https:\/\/api.w.org\/{rel}","templated":true}]}}