{"id":3840872,"date":"2019-09-04T12:14:50","date_gmt":"2025-03-10T05:53:42","guid":{"rendered":"https:\/\/shop.diolosa.com\/product\/shl-warming-the-centre\/"},"modified":"2025-05-06T14:52:53","modified_gmt":"2025-05-06T13:52:53","slug":"shl-warming-the-centre","status":"publish","type":"product","link":"https:\/\/shop.diolosa.com\/pl\/product\/shl-warming-the-centre\/","title":{"rendered":"SHL Warming the Centre"},"content":{"rendered":"<p>SHL WARMING THE CENTER jest stosowany w leczeniu zespo\u0142u Tai Yin z biegunk\u0105 i b\u00f3lem brzucha. Ta modyfikacja &#8222;Li Zhong Wan&#8221; rozgrzewa \u015bledzion\u0119, usuwa zimny i wilgotny PE z przewodu pokarmowego i stymuluje wch\u0142anianie pokarmu.<\/p>\n","protected":false},"excerpt":{"rendered":"<p>SHL WARMING THE CENTER jest stosowany w leczeniu zespo\u0142u Tai  [&#8230;]<\/p>\n","protected":false},"featured_media":3835943,"template":"","meta":{"_acf_changed":false},"product_brand":[],"product_cat":[11991],"product_tag":[12056],"class_list":{"0":"post-3840872","1":"product","2":"type-product","3":"status-publish","4":"has-post-thumbnail","6":"product_cat-shang-han-lun-pl","7":"product_tag-zespol-tai-yin","9":"first","10":"instock","11":"taxable","12":"shipping-taxable","13":"purchasable","14":"product-type-simple"},"acf":{"yn_product_audio":"https:\/\/shop.diolosa.com\/wp-content\/uploads\/2018\/12\/DL_0776.mp3","yn_product_video":"https:\/\/shop.diolosa.com\/wp-content\/uploads\/2025\/03\/SHL-Warming-The-Center.mp4","yn_product_akupunktur":"<p>Rozgrzej centrum<br \/>\nren mai 8 &#8211; shen que &#8211; moxa z sol\u0105<br \/>\n\u017co\u0142\u0105dek 25 &#8211; tian shu (mo, jelito grube,ME) &#8211; bu fa z moks\u0105<br \/>\n\u015bledziona 15 &#8211; da heng (yin wei mai) &#8211; bu fa z moks\u0105<br \/>\np\u0119cherz 20 &#8211; pi shu &#8211; bu fa z moks\u0105<br \/>\n\u015bledziona 2 &#8211; da du (ying) &#8211; bu fa<br \/>\n\u015bledziona 3 &#8211; tai bai (yuan) &#8211; bu fa z moks\u0105<br \/>\np\u0119cherz 25 &#8211; da chang shu &#8211; bu fa z moks\u0105<\/p>\n","yn_product_verabreichungsart":"Pelety 140szt.","yn_product_dosierung":"<p>3 x 6 do 10 tabletek dziennie, przed posi\u0142kami<\/p>\n","yn_product_combinations":"<p>SHL COLD DRAFT REMEDY (Tai Yang), HAPPY RELEASE (biegunka przezi\u0119bienie)<\/p>\n","yn_product_avoidable":"<p>Produkty mleczne, jogurt, kefir, owoce tropikalne, owoce cytrusowe, kawa, czarna herbata, zielona herbata, og\u00f3rek, szpinak, bak\u0142a\u017can, sa\u0142ata, cukier, og\u00f3lnie surowe warzywa.<\/p>\n","yn_product_tcm_mindmapping":"<p>Przenikni\u0119te zimno w Tai Yin > Niedob\u00f3r Yang \u015bledziony > Wilgotno\u015b\u0107 \u017co\u0142\u0105dka i jelita grubego > P\u0142ynna i zimna biegunka<\/p>\n","yn_product_tongue_body":"<p>Blada, okr\u0105g\u0142a i wilgotna<\/p>\n","yn_product_tongue_coating":"<p>Bia\u0142y i wilgotny<\/p>\n","yn_product_pulse_diagnostics":"<p>chen mai &#8211; g\u0142\u0119boki, jin mai &#8211; napi\u0119ty, shi mai &#8211; pe\u0142ny, chi mai &#8211; powolny<\/p>\n","yn_product_indications":"<p>Przezi\u0119bienie z biegunk\u0105, p\u0142ynna i zimna biegunka, nudno\u015bci, wymioty, b\u00f3l w dolnej cz\u0119\u015bci brzucha, utrata apetytu, brak uczucia pragnienia, bardzo zimne ko\u0144czyny, zesp\u00f3\u0142 b\u00f3lu brzucha i klatki piersiowej<\/p>\n","yn_product_contra_indications":"<p>Mokro\u015b\u0107, Ciep\u0142o, Biegunka, Puste ciep\u0142o, Ciep\u0142o krwi, Stan ognia<\/p>\n","yn_product_pregnancy":"<p>Przeciwwskazane<\/p>\n","yn_product_herbs":"<p>zingiberis officinalis rhizoma &#8211; gan jiang, atractylodes macrocephalae rhizoma praep &#8211; chao bai zhu, glycyrrhizae uralensis radix cum liquido fricta &#8211; zhi gan cao, citri reticulatae pericarpium &#8211; chen pi<\/p>\n","yn_product_magisterrecipes":"<p>Li Zhong Wan, Hou Po Wen Zhong Tang<\/p>\n"},"yoast_head":"<!-- This site is optimized with the Yoast SEO plugin v24.9 - https:\/\/yoast.com\/wordpress\/plugins\/seo\/ -->\n<title>SHL Warming the Centre - Claude Diolosa<\/title>\n<meta name=\"robots\" content=\"index, follow, max-snippet:-1, max-image-preview:large, max-video-preview:-1\" \/>\n<link rel=\"canonical\" href=\"https:\/\/shop.diolosa.com\/pl\/product\/shl-warming-the-centre\/\" \/>\n<meta property=\"og:locale\" content=\"pl_PL\" \/>\n<meta property=\"og:type\" content=\"article\" \/>\n<meta property=\"og:title\" content=\"SHL Warming the Centre - Claude Diolosa\" \/>\n<meta property=\"og:description\" content=\"SHL WARMING THE CENTER jest stosowany w leczeniu zespo\u0142u Tai [...]\" \/>\n<meta property=\"og:url\" content=\"https:\/\/shop.diolosa.com\/pl\/product\/shl-warming-the-centre\/\" \/>\n<meta property=\"og:site_name\" content=\"Claude Diolosa\" \/>\n<meta property=\"article:publisher\" content=\"https:\/\/facebook.com\/claudediolosa\" \/>\n<meta property=\"article:modified_time\" content=\"2025-05-06T13:52:53+00:00\" \/>\n<meta property=\"og:image\" content=\"https:\/\/shop.diolosa.com\/wp-content\/uploads\/2019\/09\/Presslinge-140.jpg\" \/>\n\t<meta property=\"og:image:width\" content=\"800\" \/>\n\t<meta property=\"og:image:height\" content=\"533\" \/>\n\t<meta property=\"og:image:type\" content=\"image\/jpeg\" \/>\n<meta name=\"twitter:card\" content=\"summary_large_image\" \/>\n<script type=\"application\/ld+json\" class=\"yoast-schema-graph\">{\"@context\":\"https:\/\/schema.org\",\"@graph\":[{\"@type\":\"WebPage\",\"@id\":\"https:\/\/shop.diolosa.com\/pl\/product\/shl-warming-the-centre\/\",\"url\":\"https:\/\/shop.diolosa.com\/pl\/product\/shl-warming-the-centre\/\",\"name\":\"SHL Warming the Centre - Claude Diolosa\",\"isPartOf\":{\"@id\":\"https:\/\/shop.diolosa.com\/pl\/#website\"},\"primaryImageOfPage\":{\"@id\":\"https:\/\/shop.diolosa.com\/pl\/product\/shl-warming-the-centre\/#primaryimage\"},\"image\":{\"@id\":\"https:\/\/shop.diolosa.com\/pl\/product\/shl-warming-the-centre\/#primaryimage\"},\"thumbnailUrl\":\"https:\/\/shop.diolosa.com\/wp-content\/uploads\/2019\/09\/Presslinge-140.jpg\",\"datePublished\":\"2025-03-10T05:53:42+00:00\",\"dateModified\":\"2025-05-06T13:52:53+00:00\",\"breadcrumb\":{\"@id\":\"https:\/\/shop.diolosa.com\/pl\/product\/shl-warming-the-centre\/#breadcrumb\"},\"inLanguage\":\"pl-PL\",\"potentialAction\":[{\"@type\":\"ReadAction\",\"target\":[\"https:\/\/shop.diolosa.com\/pl\/product\/shl-warming-the-centre\/\"]}]},{\"@type\":\"ImageObject\",\"inLanguage\":\"pl-PL\",\"@id\":\"https:\/\/shop.diolosa.com\/pl\/product\/shl-warming-the-centre\/#primaryimage\",\"url\":\"https:\/\/shop.diolosa.com\/wp-content\/uploads\/2019\/09\/Presslinge-140.jpg\",\"contentUrl\":\"https:\/\/shop.diolosa.com\/wp-content\/uploads\/2019\/09\/Presslinge-140.jpg\",\"width\":800,\"height\":533},{\"@type\":\"BreadcrumbList\",\"@id\":\"https:\/\/shop.diolosa.com\/pl\/product\/shl-warming-the-centre\/#breadcrumb\",\"itemListElement\":[{\"@type\":\"ListItem\",\"position\":1,\"name\":\"Startseite\",\"item\":\"https:\/\/shop.diolosa.com\/pl\/?page_id=3835710\"},{\"@type\":\"ListItem\",\"position\":2,\"name\":\"Sklep\",\"item\":\"https:\/\/shop.diolosa.com\/pl\/?page_id=3835710\"},{\"@type\":\"ListItem\",\"position\":3,\"name\":\"SHL Warming the Centre\"}]},{\"@type\":\"WebSite\",\"@id\":\"https:\/\/shop.diolosa.com\/pl\/#website\",\"url\":\"https:\/\/shop.diolosa.com\/pl\/\",\"name\":\"Claude Diolosa\",\"description\":\"\",\"publisher\":{\"@id\":\"https:\/\/shop.diolosa.com\/pl\/#organization\"},\"potentialAction\":[{\"@type\":\"SearchAction\",\"target\":{\"@type\":\"EntryPoint\",\"urlTemplate\":\"https:\/\/shop.diolosa.com\/pl\/?s={search_term_string}\"},\"query-input\":{\"@type\":\"PropertyValueSpecification\",\"valueRequired\":true,\"valueName\":\"search_term_string\"}}],\"inLanguage\":\"pl-PL\"},{\"@type\":\"Organization\",\"@id\":\"https:\/\/shop.diolosa.com\/pl\/#organization\",\"name\":\"Claude Diolosa\",\"url\":\"https:\/\/shop.diolosa.com\/pl\/\",\"logo\":{\"@type\":\"ImageObject\",\"inLanguage\":\"pl-PL\",\"@id\":\"https:\/\/shop.diolosa.com\/pl\/#\/schema\/logo\/image\/\",\"url\":\"https:\/\/shop.diolosa.com\/wp-content\/uploads\/2019\/08\/diolosa-drop-logo-new.png\",\"contentUrl\":\"https:\/\/shop.diolosa.com\/wp-content\/uploads\/2019\/08\/diolosa-drop-logo-new.png\",\"width\":134,\"height\":176,\"caption\":\"Claude Diolosa\"},\"image\":{\"@id\":\"https:\/\/shop.diolosa.com\/pl\/#\/schema\/logo\/image\/\"},\"sameAs\":[\"https:\/\/facebook.com\/claudediolosa\",\"https:\/\/www.instagram.com\/diolosaclaude108\/\"]}]}<\/script>\n<!-- \/ Yoast SEO plugin. -->","yoast_head_json":{"title":"SHL Warming the Centre - Claude Diolosa","robots":{"index":"index","follow":"follow","max-snippet":"max-snippet:-1","max-image-preview":"max-image-preview:large","max-video-preview":"max-video-preview:-1"},"canonical":"https:\/\/shop.diolosa.com\/pl\/product\/shl-warming-the-centre\/","og_locale":"pl_PL","og_type":"article","og_title":"SHL Warming the Centre - Claude Diolosa","og_description":"SHL WARMING THE CENTER jest stosowany w leczeniu zespo\u0142u Tai [...]","og_url":"https:\/\/shop.diolosa.com\/pl\/product\/shl-warming-the-centre\/","og_site_name":"Claude Diolosa","article_publisher":"https:\/\/facebook.com\/claudediolosa","article_modified_time":"2025-05-06T13:52:53+00:00","og_image":[{"width":800,"height":533,"url":"https:\/\/shop.diolosa.com\/wp-content\/uploads\/2019\/09\/Presslinge-140.jpg","type":"image\/jpeg"}],"twitter_card":"summary_large_image","schema":{"@context":"https:\/\/schema.org","@graph":[{"@type":"WebPage","@id":"https:\/\/shop.diolosa.com\/pl\/product\/shl-warming-the-centre\/","url":"https:\/\/shop.diolosa.com\/pl\/product\/shl-warming-the-centre\/","name":"SHL Warming the Centre - Claude Diolosa","isPartOf":{"@id":"https:\/\/shop.diolosa.com\/pl\/#website"},"primaryImageOfPage":{"@id":"https:\/\/shop.diolosa.com\/pl\/product\/shl-warming-the-centre\/#primaryimage"},"image":{"@id":"https:\/\/shop.diolosa.com\/pl\/product\/shl-warming-the-centre\/#primaryimage"},"thumbnailUrl":"https:\/\/shop.diolosa.com\/wp-content\/uploads\/2019\/09\/Presslinge-140.jpg","datePublished":"2025-03-10T05:53:42+00:00","dateModified":"2025-05-06T13:52:53+00:00","breadcrumb":{"@id":"https:\/\/shop.diolosa.com\/pl\/product\/shl-warming-the-centre\/#breadcrumb"},"inLanguage":"pl-PL","potentialAction":[{"@type":"ReadAction","target":["https:\/\/shop.diolosa.com\/pl\/product\/shl-warming-the-centre\/"]}]},{"@type":"ImageObject","inLanguage":"pl-PL","@id":"https:\/\/shop.diolosa.com\/pl\/product\/shl-warming-the-centre\/#primaryimage","url":"https:\/\/shop.diolosa.com\/wp-content\/uploads\/2019\/09\/Presslinge-140.jpg","contentUrl":"https:\/\/shop.diolosa.com\/wp-content\/uploads\/2019\/09\/Presslinge-140.jpg","width":800,"height":533},{"@type":"BreadcrumbList","@id":"https:\/\/shop.diolosa.com\/pl\/product\/shl-warming-the-centre\/#breadcrumb","itemListElement":[{"@type":"ListItem","position":1,"name":"Startseite","item":"https:\/\/shop.diolosa.com\/pl\/?page_id=3835710"},{"@type":"ListItem","position":2,"name":"Sklep","item":"https:\/\/shop.diolosa.com\/pl\/?page_id=3835710"},{"@type":"ListItem","position":3,"name":"SHL Warming the Centre"}]},{"@type":"WebSite","@id":"https:\/\/shop.diolosa.com\/pl\/#website","url":"https:\/\/shop.diolosa.com\/pl\/","name":"Claude Diolosa","description":"","publisher":{"@id":"https:\/\/shop.diolosa.com\/pl\/#organization"},"potentialAction":[{"@type":"SearchAction","target":{"@type":"EntryPoint","urlTemplate":"https:\/\/shop.diolosa.com\/pl\/?s={search_term_string}"},"query-input":{"@type":"PropertyValueSpecification","valueRequired":true,"valueName":"search_term_string"}}],"inLanguage":"pl-PL"},{"@type":"Organization","@id":"https:\/\/shop.diolosa.com\/pl\/#organization","name":"Claude Diolosa","url":"https:\/\/shop.diolosa.com\/pl\/","logo":{"@type":"ImageObject","inLanguage":"pl-PL","@id":"https:\/\/shop.diolosa.com\/pl\/#\/schema\/logo\/image\/","url":"https:\/\/shop.diolosa.com\/wp-content\/uploads\/2019\/08\/diolosa-drop-logo-new.png","contentUrl":"https:\/\/shop.diolosa.com\/wp-content\/uploads\/2019\/08\/diolosa-drop-logo-new.png","width":134,"height":176,"caption":"Claude Diolosa"},"image":{"@id":"https:\/\/shop.diolosa.com\/pl\/#\/schema\/logo\/image\/"},"sameAs":["https:\/\/facebook.com\/claudediolosa","https:\/\/www.instagram.com\/diolosaclaude108\/"]}]}},"_links":{"self":[{"href":"https:\/\/shop.diolosa.com\/pl\/wp-json\/wp\/v2\/product\/3840872","targetHints":{"allow":["GET"]}}],"collection":[{"href":"https:\/\/shop.diolosa.com\/pl\/wp-json\/wp\/v2\/product"}],"about":[{"href":"https:\/\/shop.diolosa.com\/pl\/wp-json\/wp\/v2\/types\/product"}],"wp:featuredmedia":[{"embeddable":true,"href":"https:\/\/shop.diolosa.com\/pl\/wp-json\/wp\/v2\/media\/3835943"}],"wp:attachment":[{"href":"https:\/\/shop.diolosa.com\/pl\/wp-json\/wp\/v2\/media?parent=3840872"}],"wp:term":[{"taxonomy":"product_brand","embeddable":true,"href":"https:\/\/shop.diolosa.com\/pl\/wp-json\/wp\/v2\/product_brand?post=3840872"},{"taxonomy":"product_cat","embeddable":true,"href":"https:\/\/shop.diolosa.com\/pl\/wp-json\/wp\/v2\/product_cat?post=3840872"},{"taxonomy":"product_tag","embeddable":true,"href":"https:\/\/shop.diolosa.com\/pl\/wp-json\/wp\/v2\/product_tag?post=3840872"}],"curies":[{"name":"wp","href":"https:\/\/api.w.org\/{rel}","templated":true}]}}