{"id":3840880,"date":"2019-09-04T12:14:40","date_gmt":"2025-03-10T05:53:46","guid":{"rendered":"https:\/\/shop.diolosa.com\/product\/holy-mountains-streams\/"},"modified":"2025-05-06T20:11:24","modified_gmt":"2025-05-06T19:11:24","slug":"holy-mountains-streams","status":"publish","type":"product","link":"https:\/\/shop.diolosa.com\/pl\/product\/holy-mountains-streams\/","title":{"rendered":"Holy Mountains STREAMS"},"content":{"rendered":"<p>HOLY MOUNTAINS STREAMS jest stosowany podczas radioterapii (klatka piersiowa, obszar piersi) w celu zachowania yin, a przede wszystkim w celu zapobiegania przenikaniu niebezpiecznych toksyn ognia do klatki piersiowej. Preparat ten nale\u017cy przyjmowa\u0107 natychmiast na pocz\u0105tku radioterapii, a nast\u0119pnie w spos\u00f3b ci\u0105g\u0142y. Formu\u0142a ta zapobiega przenikaniu toksyn ognia w g\u0142\u0105b (do Xue Fen), oczyszcza z toksyn ognia, zachowuje i od\u017cywia p\u0142yny ustrojowe, tonizuje obronn\u0105 Qi i wzmacnia PO.  <\/p>\n<p>&nbsp;<\/p>\n","protected":false},"excerpt":{"rendered":"<p>&nbsp;<\/p>\n<p>&nbsp;<\/p>\n","protected":false},"featured_media":3835943,"template":"","meta":{"_acf_changed":false},"product_brand":[],"product_cat":[11803],"product_tag":[12062],"class_list":{"0":"post-3840880","1":"product","2":"type-product","3":"status-publish","4":"has-post-thumbnail","6":"product_cat-medycyna-ratunkowa","7":"product_tag-pozne-skutki-radioterapii","9":"first","10":"instock","11":"taxable","12":"shipping-taxable","13":"purchasable","14":"product-type-simple"},"acf":{"yn_product_audio":"https:\/\/shop.diolosa.com\/wp-content\/uploads\/2018\/12\/DL_0692.mp3","yn_product_video":"https:\/\/shop.diolosa.com\/wp-content\/uploads\/2025\/05\/Holy-Mountains-Stream-.mp4","yn_product_akupunktur":"<p>Tonizuje p\u0142uca Yin i PO<br \/>\np\u0119cherz 43 &#8211; gao huang shu (qi,xue,jinye,yin,yang) &#8211; bu fa<br \/>\np\u0119cherz 42 &#8211; po hu (po) &#8211; bu fa<br \/>\np\u0119cherz 13 &#8211; fei shu &#8211; bu fa<br \/>\np\u0119cherz 20 &#8211; pi shu &#8211; bu fa<br \/>\np\u0119cherz 23 &#8211; shen shu &#8211; bu fa<br \/>\nnerka 3 &#8211; tai xi (shu,yuan) &#8211; bu fa<br \/>\np\u0142uco 9 &#8211; tai yuan &#8211; gui xin (shu, yuan, ba hui xue, gui) &#8211; bu fa<br \/>\np\u0119cherz 51 &#8211; huang men &#8211; xie fa<br \/>\nsan chiao 5 &#8211; wai guan (yang wei mai, luo) &#8211; xie fa  <\/p>\n<p>Roz\u0142adowanie lokalnego ciep\u0142a<br \/>\nworeczek \u017c\u00f3\u0142ciowy 24 &#8211; ri yue (mo) &#8211; xie fa<br \/>\nw\u0105troba 14 &#8211; qi men (mo, yin wei mai) &#8211; xie fa<br \/>\nkr\u0105\u017cenie 1 &#8211; tian chi (woreczek \u017c\u00f3\u0142ciowy, san chiao, woreczek \u017c\u00f3\u0142ciowy, w\u0105troba) &#8211; xie fa<br \/>\n\u017co\u0142\u0105dek 16 &#8211; ying chuan &#8211; xie fa<br \/>\n\u017co\u0142\u0105dek 18 &#8211; ru gen &#8211; xie fa<br \/>\n\u017co\u0142\u0105dek 34 &#8211; liang qiu (xi) &#8211; xie fa<br \/>\n\u017co\u0142\u0105dek 44 &#8211; nei ting (ying) &#8211; xie fa<br \/>\np\u0119cherz 17 &#8211; ge shu (krew) &#8211; xie fa<\/p>\n","yn_product_verabreichungsart":"Pelety 140szt.","yn_product_dosierung":"<p>3 x 6 do 9 tabletek dziennie, zawsze przed posi\u0142kami, nale\u017cy przyjmowa\u0107 w spos\u00f3b ci\u0105g\u0142y podczas radioterapii.<\/p>\n","yn_product_combinations":"<p>USUWANIE CIEP\u0141A (niedob\u00f3r Yin i Puste Ciep\u0142o), OD\u017bYWIANIE Esencji (niedob\u00f3r Yin i Jin Ye), REGENERACJA (niedob\u00f3r Qi i Jing), \u0141AGODNY ODDECH (astma), KROPLE DESZCZU (przewlek\u0142e zapalenie oskrzeli), KORZE\u0143 YIN, SAN BAO TEE (Esencja), FORTE G\u0141\u0118BOKIEGO SENU (bezsenno\u015b\u0107), DRZWI DUSZY ZWIERZ\u0104T (PO)<\/p>\n","yn_product_avoidable":"<p>w\u0119dzenie, kawa, czosnek, cebula, por, szczypiorek, ostre przyprawy, pieprz, Tabasco, dr\u00f3b, jagni\u0119cina, ocet, papryka, czerwone wino<\/p>\n","yn_product_tcm_mindmapping":"<p>Radioterapia (klatka piersiowa, obszar piersi) > Toksyny Ognia > Niedob\u00f3r Yin p\u0142uc > Puste Ciep\u0142o > Ciep\u0142o Krwi > Przekrwienie > Niedob\u00f3r Qi, Krwi i Yin<\/p>\n","yn_product_tongue_body":"<p>Czerwony, suchy i pop\u0119kany w OE<\/p>\n","yn_product_tongue_coating":"<p>Rzadkie, cienkie, \u017c\u00f3\u0142te, suche<\/p>\n","yn_product_pulse_diagnostics":"<p>fu mai &#8211; powierzchowny, xi mai &#8211; cienki, xu mai &#8211; pusty, shuo mai &#8211; szybki, xian mai &#8211; napi\u0119ty, se mai &#8211; szorstki<\/p>\n","yn_product_indications":"<p>P\u00f3\u017ane skutki radioterapii (klatka piersiowa, obszar piersi), wyczerpanie, suchy kaszel, sucha astma, oparzenia sk\u00f3ry, niepok\u00f3j, b\u00f3l<\/p>\n","yn_product_contra_indications":"<p>Zimny \u015bluz w p\u0142ucach, obrz\u0119k p\u0142uc<\/p>\n","yn_product_pregnancy":"<p>Dozwolone<\/p>\n","yn_product_herbs":"<p>mori ramulus &#8211; sang zhi, scrophulariae radix &#8211; xuan shen, mori radix cortex &#8211; sang bai pi, lycii radicis cortex &#8211; di gu pi, trichosanthis semen &#8211; gua lou zi, salviae radix &#8211; dan shen, paeoniae rubrae radix &#8211; chi shao yao, opiophogonis radix &#8211; mai men dong, ligustri fructus &#8211; niu zhen zi, lycii fructus &#8211; gou qi zi, anemarrhenae rhizoma &#8211; zhi mu<\/p>\n","yn_product_magisterrecipes":"<p>Xing Xiao Wan, Wu Wei Xiao Du Yin, Xue Fu Zhu Yu Tang, Sang Xing Tang<\/p>\n"},"yoast_head":"<!-- This site is optimized with the Yoast SEO plugin v24.9 - https:\/\/yoast.com\/wordpress\/plugins\/seo\/ -->\n<title>Holy Mountains STREAMS - Claude Diolosa<\/title>\n<meta name=\"robots\" content=\"index, follow, max-snippet:-1, max-image-preview:large, max-video-preview:-1\" \/>\n<link rel=\"canonical\" href=\"https:\/\/shop.diolosa.com\/pl\/product\/holy-mountains-streams\/\" \/>\n<meta property=\"og:locale\" content=\"pl_PL\" \/>\n<meta property=\"og:type\" content=\"article\" \/>\n<meta property=\"og:title\" content=\"Holy Mountains STREAMS - Claude Diolosa\" \/>\n<meta property=\"og:description\" content=\"&nbsp; &nbsp;\" \/>\n<meta property=\"og:url\" content=\"https:\/\/shop.diolosa.com\/pl\/product\/holy-mountains-streams\/\" \/>\n<meta property=\"og:site_name\" content=\"Claude Diolosa\" \/>\n<meta property=\"article:publisher\" content=\"https:\/\/facebook.com\/claudediolosa\" \/>\n<meta property=\"article:modified_time\" content=\"2025-05-06T19:11:24+00:00\" \/>\n<meta property=\"og:image\" content=\"https:\/\/shop.diolosa.com\/wp-content\/uploads\/2019\/09\/Presslinge-140.jpg\" \/>\n\t<meta property=\"og:image:width\" content=\"800\" \/>\n\t<meta property=\"og:image:height\" content=\"533\" \/>\n\t<meta property=\"og:image:type\" content=\"image\/jpeg\" \/>\n<meta name=\"twitter:card\" content=\"summary_large_image\" \/>\n<script type=\"application\/ld+json\" class=\"yoast-schema-graph\">{\"@context\":\"https:\/\/schema.org\",\"@graph\":[{\"@type\":\"WebPage\",\"@id\":\"https:\/\/shop.diolosa.com\/pl\/product\/holy-mountains-streams\/\",\"url\":\"https:\/\/shop.diolosa.com\/pl\/product\/holy-mountains-streams\/\",\"name\":\"Holy Mountains STREAMS - Claude Diolosa\",\"isPartOf\":{\"@id\":\"https:\/\/shop.diolosa.com\/pl\/#website\"},\"primaryImageOfPage\":{\"@id\":\"https:\/\/shop.diolosa.com\/pl\/product\/holy-mountains-streams\/#primaryimage\"},\"image\":{\"@id\":\"https:\/\/shop.diolosa.com\/pl\/product\/holy-mountains-streams\/#primaryimage\"},\"thumbnailUrl\":\"https:\/\/shop.diolosa.com\/wp-content\/uploads\/2019\/09\/Presslinge-140.jpg\",\"datePublished\":\"2025-03-10T05:53:46+00:00\",\"dateModified\":\"2025-05-06T19:11:24+00:00\",\"breadcrumb\":{\"@id\":\"https:\/\/shop.diolosa.com\/pl\/product\/holy-mountains-streams\/#breadcrumb\"},\"inLanguage\":\"pl-PL\",\"potentialAction\":[{\"@type\":\"ReadAction\",\"target\":[\"https:\/\/shop.diolosa.com\/pl\/product\/holy-mountains-streams\/\"]}]},{\"@type\":\"ImageObject\",\"inLanguage\":\"pl-PL\",\"@id\":\"https:\/\/shop.diolosa.com\/pl\/product\/holy-mountains-streams\/#primaryimage\",\"url\":\"https:\/\/shop.diolosa.com\/wp-content\/uploads\/2019\/09\/Presslinge-140.jpg\",\"contentUrl\":\"https:\/\/shop.diolosa.com\/wp-content\/uploads\/2019\/09\/Presslinge-140.jpg\",\"width\":800,\"height\":533},{\"@type\":\"BreadcrumbList\",\"@id\":\"https:\/\/shop.diolosa.com\/pl\/product\/holy-mountains-streams\/#breadcrumb\",\"itemListElement\":[{\"@type\":\"ListItem\",\"position\":1,\"name\":\"Startseite\",\"item\":\"https:\/\/shop.diolosa.com\/pl\/?page_id=3835710\"},{\"@type\":\"ListItem\",\"position\":2,\"name\":\"Sklep\",\"item\":\"https:\/\/shop.diolosa.com\/pl\/?page_id=3835710\"},{\"@type\":\"ListItem\",\"position\":3,\"name\":\"Holy Mountains STREAMS\"}]},{\"@type\":\"WebSite\",\"@id\":\"https:\/\/shop.diolosa.com\/pl\/#website\",\"url\":\"https:\/\/shop.diolosa.com\/pl\/\",\"name\":\"Claude Diolosa\",\"description\":\"\",\"publisher\":{\"@id\":\"https:\/\/shop.diolosa.com\/pl\/#organization\"},\"potentialAction\":[{\"@type\":\"SearchAction\",\"target\":{\"@type\":\"EntryPoint\",\"urlTemplate\":\"https:\/\/shop.diolosa.com\/pl\/?s={search_term_string}\"},\"query-input\":{\"@type\":\"PropertyValueSpecification\",\"valueRequired\":true,\"valueName\":\"search_term_string\"}}],\"inLanguage\":\"pl-PL\"},{\"@type\":\"Organization\",\"@id\":\"https:\/\/shop.diolosa.com\/pl\/#organization\",\"name\":\"Claude Diolosa\",\"url\":\"https:\/\/shop.diolosa.com\/pl\/\",\"logo\":{\"@type\":\"ImageObject\",\"inLanguage\":\"pl-PL\",\"@id\":\"https:\/\/shop.diolosa.com\/pl\/#\/schema\/logo\/image\/\",\"url\":\"https:\/\/shop.diolosa.com\/wp-content\/uploads\/2019\/08\/diolosa-drop-logo-new.png\",\"contentUrl\":\"https:\/\/shop.diolosa.com\/wp-content\/uploads\/2019\/08\/diolosa-drop-logo-new.png\",\"width\":134,\"height\":176,\"caption\":\"Claude Diolosa\"},\"image\":{\"@id\":\"https:\/\/shop.diolosa.com\/pl\/#\/schema\/logo\/image\/\"},\"sameAs\":[\"https:\/\/facebook.com\/claudediolosa\",\"https:\/\/www.instagram.com\/diolosaclaude108\/\"]}]}<\/script>\n<!-- \/ Yoast SEO plugin. -->","yoast_head_json":{"title":"Holy Mountains STREAMS - Claude Diolosa","robots":{"index":"index","follow":"follow","max-snippet":"max-snippet:-1","max-image-preview":"max-image-preview:large","max-video-preview":"max-video-preview:-1"},"canonical":"https:\/\/shop.diolosa.com\/pl\/product\/holy-mountains-streams\/","og_locale":"pl_PL","og_type":"article","og_title":"Holy Mountains STREAMS - Claude Diolosa","og_description":"&nbsp; &nbsp;","og_url":"https:\/\/shop.diolosa.com\/pl\/product\/holy-mountains-streams\/","og_site_name":"Claude Diolosa","article_publisher":"https:\/\/facebook.com\/claudediolosa","article_modified_time":"2025-05-06T19:11:24+00:00","og_image":[{"width":800,"height":533,"url":"https:\/\/shop.diolosa.com\/wp-content\/uploads\/2019\/09\/Presslinge-140.jpg","type":"image\/jpeg"}],"twitter_card":"summary_large_image","schema":{"@context":"https:\/\/schema.org","@graph":[{"@type":"WebPage","@id":"https:\/\/shop.diolosa.com\/pl\/product\/holy-mountains-streams\/","url":"https:\/\/shop.diolosa.com\/pl\/product\/holy-mountains-streams\/","name":"Holy Mountains STREAMS - Claude Diolosa","isPartOf":{"@id":"https:\/\/shop.diolosa.com\/pl\/#website"},"primaryImageOfPage":{"@id":"https:\/\/shop.diolosa.com\/pl\/product\/holy-mountains-streams\/#primaryimage"},"image":{"@id":"https:\/\/shop.diolosa.com\/pl\/product\/holy-mountains-streams\/#primaryimage"},"thumbnailUrl":"https:\/\/shop.diolosa.com\/wp-content\/uploads\/2019\/09\/Presslinge-140.jpg","datePublished":"2025-03-10T05:53:46+00:00","dateModified":"2025-05-06T19:11:24+00:00","breadcrumb":{"@id":"https:\/\/shop.diolosa.com\/pl\/product\/holy-mountains-streams\/#breadcrumb"},"inLanguage":"pl-PL","potentialAction":[{"@type":"ReadAction","target":["https:\/\/shop.diolosa.com\/pl\/product\/holy-mountains-streams\/"]}]},{"@type":"ImageObject","inLanguage":"pl-PL","@id":"https:\/\/shop.diolosa.com\/pl\/product\/holy-mountains-streams\/#primaryimage","url":"https:\/\/shop.diolosa.com\/wp-content\/uploads\/2019\/09\/Presslinge-140.jpg","contentUrl":"https:\/\/shop.diolosa.com\/wp-content\/uploads\/2019\/09\/Presslinge-140.jpg","width":800,"height":533},{"@type":"BreadcrumbList","@id":"https:\/\/shop.diolosa.com\/pl\/product\/holy-mountains-streams\/#breadcrumb","itemListElement":[{"@type":"ListItem","position":1,"name":"Startseite","item":"https:\/\/shop.diolosa.com\/pl\/?page_id=3835710"},{"@type":"ListItem","position":2,"name":"Sklep","item":"https:\/\/shop.diolosa.com\/pl\/?page_id=3835710"},{"@type":"ListItem","position":3,"name":"Holy Mountains STREAMS"}]},{"@type":"WebSite","@id":"https:\/\/shop.diolosa.com\/pl\/#website","url":"https:\/\/shop.diolosa.com\/pl\/","name":"Claude Diolosa","description":"","publisher":{"@id":"https:\/\/shop.diolosa.com\/pl\/#organization"},"potentialAction":[{"@type":"SearchAction","target":{"@type":"EntryPoint","urlTemplate":"https:\/\/shop.diolosa.com\/pl\/?s={search_term_string}"},"query-input":{"@type":"PropertyValueSpecification","valueRequired":true,"valueName":"search_term_string"}}],"inLanguage":"pl-PL"},{"@type":"Organization","@id":"https:\/\/shop.diolosa.com\/pl\/#organization","name":"Claude Diolosa","url":"https:\/\/shop.diolosa.com\/pl\/","logo":{"@type":"ImageObject","inLanguage":"pl-PL","@id":"https:\/\/shop.diolosa.com\/pl\/#\/schema\/logo\/image\/","url":"https:\/\/shop.diolosa.com\/wp-content\/uploads\/2019\/08\/diolosa-drop-logo-new.png","contentUrl":"https:\/\/shop.diolosa.com\/wp-content\/uploads\/2019\/08\/diolosa-drop-logo-new.png","width":134,"height":176,"caption":"Claude Diolosa"},"image":{"@id":"https:\/\/shop.diolosa.com\/pl\/#\/schema\/logo\/image\/"},"sameAs":["https:\/\/facebook.com\/claudediolosa","https:\/\/www.instagram.com\/diolosaclaude108\/"]}]}},"_links":{"self":[{"href":"https:\/\/shop.diolosa.com\/pl\/wp-json\/wp\/v2\/product\/3840880","targetHints":{"allow":["GET"]}}],"collection":[{"href":"https:\/\/shop.diolosa.com\/pl\/wp-json\/wp\/v2\/product"}],"about":[{"href":"https:\/\/shop.diolosa.com\/pl\/wp-json\/wp\/v2\/types\/product"}],"wp:featuredmedia":[{"embeddable":true,"href":"https:\/\/shop.diolosa.com\/pl\/wp-json\/wp\/v2\/media\/3835943"}],"wp:attachment":[{"href":"https:\/\/shop.diolosa.com\/pl\/wp-json\/wp\/v2\/media?parent=3840880"}],"wp:term":[{"taxonomy":"product_brand","embeddable":true,"href":"https:\/\/shop.diolosa.com\/pl\/wp-json\/wp\/v2\/product_brand?post=3840880"},{"taxonomy":"product_cat","embeddable":true,"href":"https:\/\/shop.diolosa.com\/pl\/wp-json\/wp\/v2\/product_cat?post=3840880"},{"taxonomy":"product_tag","embeddable":true,"href":"https:\/\/shop.diolosa.com\/pl\/wp-json\/wp\/v2\/product_tag?post=3840880"}],"curies":[{"name":"wp","href":"https:\/\/api.w.org\/{rel}","templated":true}]}}