{"id":3840893,"date":"2019-09-04T12:14:40","date_gmt":"2025-03-10T05:53:50","guid":{"rendered":"https:\/\/shop.diolosa.com\/product\/smocza-skora\/"},"modified":"2025-05-06T14:51:05","modified_gmt":"2025-05-06T13:51:05","slug":"smocza-skora","status":"publish","type":"product","link":"https:\/\/shop.diolosa.com\/pl\/product\/smocza-skora\/","title":{"rendered":"Smocza sk\u00f3ra"},"content":{"rendered":"<p>DRAGON SKIN jest stosowany w ostrej postaci lub pierwszym stadium twardziny. Formu\u0142a ta wzmacnia \u015bledzion\u0119, usuwa wilgo\u0107 i flegm\u0119, otwiera LUO MAI, usuwa inwazyjne czynniki chorobotw\u00f3rcze, stymuluje kr\u0105\u017cenie krwi, wspomaga mobilno\u015b\u0107, zmi\u0119kcza sk\u00f3r\u0119 i \u0142agodzi b\u00f3l.<\/p>\n","protected":false},"excerpt":{"rendered":"<p>DRAGON SKIN jest stosowany w ostrej postaci lub pierwszym stadium  [&#8230;]<\/p>\n","protected":false},"featured_media":3835943,"template":"","meta":{"_acf_changed":false},"product_brand":[],"product_cat":[11910,11771],"product_tag":[12073],"class_list":{"0":"post-3840893","1":"product","2":"type-product","3":"status-publish","4":"has-post-thumbnail","6":"product_cat-choroby-autoimmunologiczne","7":"product_cat-wen-bing-lun-pl","8":"product_tag-twardzina","10":"first","11":"instock","12":"taxable","13":"shipping-taxable","14":"purchasable","15":"product-type-simple"},"acf":{"yn_product_akupunktur":"<p>Tonizuje \u015bledzion\u0119<br \/>\n\u015bledziona 3 &#8211; tai bai (yuan) &#8211; bu fa<br \/>\np\u0119cherz 20 &#8211; pi shu &#8211; bu fa  <\/p>\n<p>Otw\u00f3rz Luo Mai i oczy\u015b\u0107 Shen<br \/>\n\u017co\u0142\u0105dek 40 &#8211; feng long (luo) &#8211; xie fa<br \/>\nworeczek \u017c\u00f3\u0142ciowy 36 &#8211; wai qiu (xi) &#8211; xie fa<br \/>\nsi shen cong &#8211; M-HN-1 (m\u00f3zg, cns) &#8211; xie fa<br \/>\ndu mai 20 &#8211; bai hui &#8211; bai lao (jezioro szpiku kostnego, xie fa<br \/>\ndu mai 17 &#8211; nao hu (p\u0119cherz moczowy) &#8211; xie fa<br \/>\nworeczek \u017c\u00f3\u0142ciowy 19 &#8211; nao kong &#8211; xie fa<br \/>\nserce 5 &#8211; tong li (luo) &#8211; xie fa<br \/>\nkr\u0105\u017cenie 5 &#8211; jian shi &#8211; gui lu (jing, gui) &#8211; xie fa<\/p>\n<p>D\u0142onie &#8211; parestezja<br \/>\nba xie &#8211; M-UE-22 (d\u0142onie, stopy, twarz) &#8211; xie fa<br \/>\nba feng &#8211; M-LE-8 (wiatr) &#8211; xie fa<br \/>\nsan chiao 5 &#8211; wai guan (yang wei mai, luo) &#8211; xie fa<br \/>\nsan chiao 3 &#8211; zhong zhu (shu) &#8211; xie fa<br \/>\nsan chiao 4 &#8211; yang chi (yuan) &#8211; xie fa<br \/>\ndwukropek 4 &#8211; he gu (yuan) &#8211; xie fa<br \/>\nObw\u00f3d 9 &#8211; zhong chong (jing) &#8211; krwawienie  <\/p>\n<p>Za\u0142\u0105cz PO<br \/>\np\u0142uco 8 &#8211; jing qu (jing) &#8211; bu fa<br \/>\np\u0142uco 9 &#8211; tai yuan &#8211; gui xin (shu, yuan, ba hui xue, gui) &#8211; bu fa<br \/>\np\u0142uco 5 &#8211; chi ze (on) &#8211; bu fa<br \/>\nbubble 13 &#8211; fei shu &#8211; bu fa  <\/p>\n<p>Twarz<br \/>\njelito grube 4 &#8211; he gu (yuan) &#8211; xie fa<br \/>\njelito grube 11 &#8211; qu chi &#8211; gui tui (he &#8211; gui) &#8211; xie fa<br \/>\nsan chiao 5 &#8211; wai guan (yang wei mai, luo) &#8211; xie fa<br \/>\n\u017co\u0142\u0105dek 4 &#8211; di can &#8211; xie fa<br \/>\n\u017co\u0142\u0105dek 6 &#8211; jia che &#8211; gui chuan (gui) &#8211; xie fa<br \/>\nLeczenie miejscowe  <\/p>\n<p>Od\u017cywia i porusza krew<br \/>\np\u0119cherz 17 &#8211; ge shu (krew) &#8211; bu fa<br \/>\np\u0119cherz 40 &#8211; wei zhong (he, xia he xue &#8211; p\u0119cherz, xi krwi, jing bie ni\/bl) &#8211; xie fa  <\/p>\n<p>Niewydolno\u015b\u0107 oddechowa<br \/>\nkr\u0105\u017cenie 6 &#8211; nei guan (luo, yin wei mai) &#8211; xie fa<br \/>\np\u0142uca 6 &#8211; kong zui (xi) &#8211; xie fa<br \/>\nren mai 17 &#8211; tan zhong (mo>)kr\u0105\u017cenie, ba hui xue, OE) &#8211; xie fa<br \/>\n\u017co\u0142\u0105dek 36 &#8211; zu san li (shu, xia he xue &#8211; \u017co\u0142\u0105dek, si hai xue, si zhong xue) &#8211; xie fa<br \/>\np\u0142uco 1 &#8211; zhong fu (mo) &#8211; xie fa<\/p>\n","yn_product_verabreichungsart":"Pelety 140szt.","yn_product_dosierung":"<p>3 x 6 do 10 granulek dziennie<\/p>\n","yn_product_combinations":"<p>FIVE SHELLS (stwardnienie), FIVE DRAGONS (Luo Mai), LOVING CARE (choroba Reynauda), COLD EASY MOVEMENT (zimny reumatyzm), ANIMAL SOUL DOOR (PO)<\/p>\n","yn_product_avoidable":"<p>Produkty mleczne, cukier, owoce cytrusowe, sma\u017cone i t\u0142uste potrawy<\/p>\n","yn_product_tcm_mindmapping":"<p>Zesp\u00f3\u0142 Skin Bi > niedob\u00f3r Qi \u015bledziony > wilgo\u0107 Yang Ming i Shao Yang, flegma > atakuje Luo Mai i naczynia krwiono\u015bne > zast\u00f3j krwi > zesp\u00f3\u0142 Skin Bi (Pi Bi), dodatkowo wiatr, zimno, wilgo\u0107 PE i niedob\u00f3r krwi<\/p>\n","yn_product_tongue_body":"<p>Kr\u00f3tkie, grube, blade, plamiste<\/p>\n","yn_product_tongue_coating":"<p>Rzadkie, bia\u0142e, lepkie, pr\u0105\u017ckowane, jednostronne<\/p>\n","yn_product_pulse_diagnostics":"<p>xi mai &#8211; cienka do wei mai &#8211; \u017cylasta, se mai &#8211; szorstka lub da mai &#8211; szeroka i se mai &#8211; szorstka<br \/>\nPozycja \u015bledziony: chen mai &#8211; g\u0142\u0119boka, duan mai &#8211; kr\u00f3tka, xi mai &#8211; cienka, xu mai &#8211; pusta<\/p>\n","yn_product_indications":"<p>W pierwszym stadium twardziny uk\u0142adowej obrz\u0119k jest szczeg\u00f3lnie widoczny na d\u0142oniach (tzw. &#8222;opuchni\u0119te palce&#8221;). Tkanka \u0142\u0105czna twardnieje (stwardnienie) i zanika (atrofia), wt\u00f3rny zesp\u00f3\u0142 Raynauda, sztywno\u015b\u0107 mimiczna (maska na twarzy), teleangiektazje. Drugi etap: b\u00f3l staw\u00f3w (b\u00f3le staw\u00f3w). Trzeci etap: stwardnienie tkanek w przewodzie pokarmowym, trudno\u015bci w po\u0142ykaniu, zw\u0142\u00f3knienie p\u0142uc (bliznowacenie tkanki p\u0142ucnej) oraz uszkodzenie nerek i innych narz\u0105d\u00f3w.   <\/p>\n","yn_product_contra_indications":"<p>Niedob\u00f3r Yin w nerkach i puste ciep\u0142o z ciep\u0142em krwi, ciep\u0142em flegmy i zastojem krwi<\/p>\n","yn_product_pregnancy":"<p>Przeciwwskazane<\/p>\n","yn_product_herbs":"<p>coicis semen &#8211; yi yi ren, atractylodes macrocephalae rhizoma &#8211; bai zhu, sclerotium poriae cocos &#8211; fu ling, spatholobi seu milletiae caulis &#8211; ji xue teng, angelicae sinensis par caudensis radix &#8211; dang gui wei, ligusticii rhizoma &#8211; chuan xiong, persicae semen &#8211; tao ren, carthami flos &#8211; hong hua, salviae radix &#8211; dan shen<\/p>\n","yn_product_magisterrecipes":"<p>Shen Tong Zhu Yu Tang, Dan Shen Tong Luo Yin, Huo Luo Xiao Ling Tang<\/p>\n","yn_product_audio":"https:\/\/shop.diolosa.com\/wp-content\/uploads\/2025\/07\/Dragon-Skin.m4a","yn_product_video":"https:\/\/shop.diolosa.com\/wp-content\/uploads\/2025\/07\/Dragon-Skin.mp4"},"yoast_head":"<!-- This site is optimized with the Yoast SEO plugin v24.9 - https:\/\/yoast.com\/wordpress\/plugins\/seo\/ -->\n<title>Smocza sk\u00f3ra - Claude Diolosa<\/title>\n<meta name=\"robots\" content=\"index, follow, max-snippet:-1, max-image-preview:large, max-video-preview:-1\" \/>\n<link rel=\"canonical\" href=\"https:\/\/shop.diolosa.com\/pl\/product\/smocza-skora\/\" \/>\n<meta property=\"og:locale\" content=\"pl_PL\" \/>\n<meta property=\"og:type\" content=\"article\" \/>\n<meta property=\"og:title\" content=\"Smocza sk\u00f3ra - Claude Diolosa\" \/>\n<meta property=\"og:description\" content=\"DRAGON SKIN jest stosowany w ostrej postaci lub pierwszym stadium [...]\" \/>\n<meta property=\"og:url\" content=\"https:\/\/shop.diolosa.com\/pl\/product\/smocza-skora\/\" \/>\n<meta property=\"og:site_name\" content=\"Claude Diolosa\" \/>\n<meta property=\"article:publisher\" content=\"https:\/\/facebook.com\/claudediolosa\" \/>\n<meta property=\"article:modified_time\" content=\"2025-05-06T13:51:05+00:00\" \/>\n<meta property=\"og:image\" content=\"https:\/\/shop.diolosa.com\/wp-content\/uploads\/2019\/09\/Presslinge-140.jpg\" \/>\n\t<meta property=\"og:image:width\" content=\"800\" \/>\n\t<meta property=\"og:image:height\" content=\"533\" \/>\n\t<meta property=\"og:image:type\" content=\"image\/jpeg\" \/>\n<meta name=\"twitter:card\" content=\"summary_large_image\" \/>\n<script type=\"application\/ld+json\" class=\"yoast-schema-graph\">{\"@context\":\"https:\/\/schema.org\",\"@graph\":[{\"@type\":\"WebPage\",\"@id\":\"https:\/\/shop.diolosa.com\/pl\/product\/smocza-skora\/\",\"url\":\"https:\/\/shop.diolosa.com\/pl\/product\/smocza-skora\/\",\"name\":\"Smocza sk\u00f3ra - Claude Diolosa\",\"isPartOf\":{\"@id\":\"https:\/\/shop.diolosa.com\/pl\/#website\"},\"primaryImageOfPage\":{\"@id\":\"https:\/\/shop.diolosa.com\/pl\/product\/smocza-skora\/#primaryimage\"},\"image\":{\"@id\":\"https:\/\/shop.diolosa.com\/pl\/product\/smocza-skora\/#primaryimage\"},\"thumbnailUrl\":\"https:\/\/shop.diolosa.com\/wp-content\/uploads\/2019\/09\/Presslinge-140.jpg\",\"datePublished\":\"2025-03-10T05:53:50+00:00\",\"dateModified\":\"2025-05-06T13:51:05+00:00\",\"breadcrumb\":{\"@id\":\"https:\/\/shop.diolosa.com\/pl\/product\/smocza-skora\/#breadcrumb\"},\"inLanguage\":\"pl-PL\",\"potentialAction\":[{\"@type\":\"ReadAction\",\"target\":[\"https:\/\/shop.diolosa.com\/pl\/product\/smocza-skora\/\"]}]},{\"@type\":\"ImageObject\",\"inLanguage\":\"pl-PL\",\"@id\":\"https:\/\/shop.diolosa.com\/pl\/product\/smocza-skora\/#primaryimage\",\"url\":\"https:\/\/shop.diolosa.com\/wp-content\/uploads\/2019\/09\/Presslinge-140.jpg\",\"contentUrl\":\"https:\/\/shop.diolosa.com\/wp-content\/uploads\/2019\/09\/Presslinge-140.jpg\",\"width\":800,\"height\":533},{\"@type\":\"BreadcrumbList\",\"@id\":\"https:\/\/shop.diolosa.com\/pl\/product\/smocza-skora\/#breadcrumb\",\"itemListElement\":[{\"@type\":\"ListItem\",\"position\":1,\"name\":\"Startseite\",\"item\":\"https:\/\/shop.diolosa.com\/pl\/?page_id=3835710\"},{\"@type\":\"ListItem\",\"position\":2,\"name\":\"Sklep\",\"item\":\"https:\/\/shop.diolosa.com\/pl\/?page_id=3835710\"},{\"@type\":\"ListItem\",\"position\":3,\"name\":\"Smocza sk\u00f3ra\"}]},{\"@type\":\"WebSite\",\"@id\":\"https:\/\/shop.diolosa.com\/pl\/#website\",\"url\":\"https:\/\/shop.diolosa.com\/pl\/\",\"name\":\"Claude Diolosa\",\"description\":\"\",\"publisher\":{\"@id\":\"https:\/\/shop.diolosa.com\/pl\/#organization\"},\"potentialAction\":[{\"@type\":\"SearchAction\",\"target\":{\"@type\":\"EntryPoint\",\"urlTemplate\":\"https:\/\/shop.diolosa.com\/pl\/?s={search_term_string}\"},\"query-input\":{\"@type\":\"PropertyValueSpecification\",\"valueRequired\":true,\"valueName\":\"search_term_string\"}}],\"inLanguage\":\"pl-PL\"},{\"@type\":\"Organization\",\"@id\":\"https:\/\/shop.diolosa.com\/pl\/#organization\",\"name\":\"Claude Diolosa\",\"url\":\"https:\/\/shop.diolosa.com\/pl\/\",\"logo\":{\"@type\":\"ImageObject\",\"inLanguage\":\"pl-PL\",\"@id\":\"https:\/\/shop.diolosa.com\/pl\/#\/schema\/logo\/image\/\",\"url\":\"https:\/\/shop.diolosa.com\/wp-content\/uploads\/2019\/08\/diolosa-drop-logo-new.png\",\"contentUrl\":\"https:\/\/shop.diolosa.com\/wp-content\/uploads\/2019\/08\/diolosa-drop-logo-new.png\",\"width\":134,\"height\":176,\"caption\":\"Claude Diolosa\"},\"image\":{\"@id\":\"https:\/\/shop.diolosa.com\/pl\/#\/schema\/logo\/image\/\"},\"sameAs\":[\"https:\/\/facebook.com\/claudediolosa\",\"https:\/\/www.instagram.com\/diolosaclaude108\/\"]}]}<\/script>\n<!-- \/ Yoast SEO plugin. -->","yoast_head_json":{"title":"Smocza sk\u00f3ra - Claude Diolosa","robots":{"index":"index","follow":"follow","max-snippet":"max-snippet:-1","max-image-preview":"max-image-preview:large","max-video-preview":"max-video-preview:-1"},"canonical":"https:\/\/shop.diolosa.com\/pl\/product\/smocza-skora\/","og_locale":"pl_PL","og_type":"article","og_title":"Smocza sk\u00f3ra - Claude Diolosa","og_description":"DRAGON SKIN jest stosowany w ostrej postaci lub pierwszym stadium [...]","og_url":"https:\/\/shop.diolosa.com\/pl\/product\/smocza-skora\/","og_site_name":"Claude Diolosa","article_publisher":"https:\/\/facebook.com\/claudediolosa","article_modified_time":"2025-05-06T13:51:05+00:00","og_image":[{"width":800,"height":533,"url":"https:\/\/shop.diolosa.com\/wp-content\/uploads\/2019\/09\/Presslinge-140.jpg","type":"image\/jpeg"}],"twitter_card":"summary_large_image","schema":{"@context":"https:\/\/schema.org","@graph":[{"@type":"WebPage","@id":"https:\/\/shop.diolosa.com\/pl\/product\/smocza-skora\/","url":"https:\/\/shop.diolosa.com\/pl\/product\/smocza-skora\/","name":"Smocza sk\u00f3ra - Claude Diolosa","isPartOf":{"@id":"https:\/\/shop.diolosa.com\/pl\/#website"},"primaryImageOfPage":{"@id":"https:\/\/shop.diolosa.com\/pl\/product\/smocza-skora\/#primaryimage"},"image":{"@id":"https:\/\/shop.diolosa.com\/pl\/product\/smocza-skora\/#primaryimage"},"thumbnailUrl":"https:\/\/shop.diolosa.com\/wp-content\/uploads\/2019\/09\/Presslinge-140.jpg","datePublished":"2025-03-10T05:53:50+00:00","dateModified":"2025-05-06T13:51:05+00:00","breadcrumb":{"@id":"https:\/\/shop.diolosa.com\/pl\/product\/smocza-skora\/#breadcrumb"},"inLanguage":"pl-PL","potentialAction":[{"@type":"ReadAction","target":["https:\/\/shop.diolosa.com\/pl\/product\/smocza-skora\/"]}]},{"@type":"ImageObject","inLanguage":"pl-PL","@id":"https:\/\/shop.diolosa.com\/pl\/product\/smocza-skora\/#primaryimage","url":"https:\/\/shop.diolosa.com\/wp-content\/uploads\/2019\/09\/Presslinge-140.jpg","contentUrl":"https:\/\/shop.diolosa.com\/wp-content\/uploads\/2019\/09\/Presslinge-140.jpg","width":800,"height":533},{"@type":"BreadcrumbList","@id":"https:\/\/shop.diolosa.com\/pl\/product\/smocza-skora\/#breadcrumb","itemListElement":[{"@type":"ListItem","position":1,"name":"Startseite","item":"https:\/\/shop.diolosa.com\/pl\/?page_id=3835710"},{"@type":"ListItem","position":2,"name":"Sklep","item":"https:\/\/shop.diolosa.com\/pl\/?page_id=3835710"},{"@type":"ListItem","position":3,"name":"Smocza sk\u00f3ra"}]},{"@type":"WebSite","@id":"https:\/\/shop.diolosa.com\/pl\/#website","url":"https:\/\/shop.diolosa.com\/pl\/","name":"Claude Diolosa","description":"","publisher":{"@id":"https:\/\/shop.diolosa.com\/pl\/#organization"},"potentialAction":[{"@type":"SearchAction","target":{"@type":"EntryPoint","urlTemplate":"https:\/\/shop.diolosa.com\/pl\/?s={search_term_string}"},"query-input":{"@type":"PropertyValueSpecification","valueRequired":true,"valueName":"search_term_string"}}],"inLanguage":"pl-PL"},{"@type":"Organization","@id":"https:\/\/shop.diolosa.com\/pl\/#organization","name":"Claude Diolosa","url":"https:\/\/shop.diolosa.com\/pl\/","logo":{"@type":"ImageObject","inLanguage":"pl-PL","@id":"https:\/\/shop.diolosa.com\/pl\/#\/schema\/logo\/image\/","url":"https:\/\/shop.diolosa.com\/wp-content\/uploads\/2019\/08\/diolosa-drop-logo-new.png","contentUrl":"https:\/\/shop.diolosa.com\/wp-content\/uploads\/2019\/08\/diolosa-drop-logo-new.png","width":134,"height":176,"caption":"Claude Diolosa"},"image":{"@id":"https:\/\/shop.diolosa.com\/pl\/#\/schema\/logo\/image\/"},"sameAs":["https:\/\/facebook.com\/claudediolosa","https:\/\/www.instagram.com\/diolosaclaude108\/"]}]}},"_links":{"self":[{"href":"https:\/\/shop.diolosa.com\/pl\/wp-json\/wp\/v2\/product\/3840893","targetHints":{"allow":["GET"]}}],"collection":[{"href":"https:\/\/shop.diolosa.com\/pl\/wp-json\/wp\/v2\/product"}],"about":[{"href":"https:\/\/shop.diolosa.com\/pl\/wp-json\/wp\/v2\/types\/product"}],"wp:featuredmedia":[{"embeddable":true,"href":"https:\/\/shop.diolosa.com\/pl\/wp-json\/wp\/v2\/media\/3835943"}],"wp:attachment":[{"href":"https:\/\/shop.diolosa.com\/pl\/wp-json\/wp\/v2\/media?parent=3840893"}],"wp:term":[{"taxonomy":"product_brand","embeddable":true,"href":"https:\/\/shop.diolosa.com\/pl\/wp-json\/wp\/v2\/product_brand?post=3840893"},{"taxonomy":"product_cat","embeddable":true,"href":"https:\/\/shop.diolosa.com\/pl\/wp-json\/wp\/v2\/product_cat?post=3840893"},{"taxonomy":"product_tag","embeddable":true,"href":"https:\/\/shop.diolosa.com\/pl\/wp-json\/wp\/v2\/product_tag?post=3840893"}],"curies":[{"name":"wp","href":"https:\/\/api.w.org\/{rel}","templated":true}]}}