{"id":3840894,"date":"2019-09-04T12:14:40","date_gmt":"2025-03-10T05:53:51","guid":{"rendered":"https:\/\/shop.diolosa.com\/product\/pysk-bialego-smoka\/"},"modified":"2025-05-06T14:50:49","modified_gmt":"2025-05-06T13:50:49","slug":"pysk-bialego-smoka","status":"publish","type":"product","link":"https:\/\/shop.diolosa.com\/pl\/product\/pysk-bialego-smoka\/","title":{"rendered":"Pysk Bia\u0142ego Smoka"},"content":{"rendered":"<p>WHITE DRAGON MOUTH jest stosowany w przypadku nudno\u015bci spowodowanych chemioterapi\u0105. W tym przypadku chemioterapia wyzwala Yang Ming Flegm\u0119\/Zimno Wilgoci i buntownicz\u0105 Qi \u017bo\u0142\u0105dka, a tak\u017ce p\u00f3\u017aniejsze wyczerpanie Esencji Nerek (wypadanie w\u0142os\u00f3w, rz\u0119s i brwi). WHITE DRAGON MOUTH przekszta\u0142ca wilgo\u0107 Yang Ming, obni\u017ca Qi \u017co\u0142\u0105dka, tonizuje Qi centrum bez generowania wilgoci oraz stymuluje wch\u0142anianie pokarmu i apetyt. (zawiera niewielkie ilo\u015bci glutenu!!!!)<\/p>\n","protected":false},"excerpt":{"rendered":"<p>WHITE DRAGON MOUTH jest stosowany w przypadku nudno\u015bci spowodowanych chemioterapi\u0105.  [&#8230;]<\/p>\n","protected":false},"featured_media":3835943,"template":"","meta":{"_acf_changed":false},"product_brand":[],"product_cat":[11803],"product_tag":[12074],"class_list":{"0":"post-3840894","1":"product","2":"type-product","3":"status-publish","4":"has-post-thumbnail","6":"product_cat-medycyna-ratunkowa","7":"product_tag-pozny-efekt-chemioterapii-nudnosci-przeziebienia","9":"first","10":"instock","11":"taxable","12":"shipping-taxable","13":"purchasable","14":"product-type-simple"},"acf":{"yn_product_audio":"https:\/\/shop.diolosa.com\/wp-content\/uploads\/2018\/12\/DL_0700.mp3","yn_product_akupunktur":"<p>Przekszta\u0142cenie mokrej flegmy w zimn\u0105 i Qi dolnej cz\u0119\u015bci \u017co\u0142\u0105dka<br \/>\ncykl 6 &#8211; nei guan (luo, yin wei mai) &#8211; xie fa<br \/>\n\u015bledziona 4 &#8211; gong sun (luo, chong mai) &#8211; xie fa<br \/>\n\u017co\u0142\u0105dek 36 &#8211; to san li (shu, xia he xue &#8211; \u017co\u0142\u0105dek, si hai xue, si zhong xue) &#8211; xie fa<br \/>\nren mai 10 &#8211; xia wan (\u015bledziona) &#8211; xie fa<br \/>\nren mai 12 &#8211; zhong wan (mo>\u017co\u0142\u0105dek, ba hui xue, jelito cienkie, san chiao, \u017co\u0142\u0105dek) &#8211; xie fa<br \/>\nren mai 13 &#8211; shang wan (jelito cienkie, \u017co\u0142\u0105dek, ren mai) &#8211; xie fa<br \/>\nren mai 17 &#8211; tan zhong (mo>circulation, ba hui xue) &#8211; xie fa<br \/>\n\u017co\u0142\u0105dek 21 &#8211; liang men &#8211; xie fa<br \/>\n\u017co\u0142\u0105dek 40 &#8211; feng long (luo) &#8211; xie fa<br \/>\n\u017co\u0142\u0105dek 45 &#8211; li dui (jing) &#8211; xie fa<br \/>\np\u0119cherzyk \u017c\u00f3\u0142ciowy 34 &#8211; yang ling quan (he, xia he xue, gui) &#8211; xie fa<\/p>\n<p>Tonizuje \u015bledzion\u0119<br \/>\np\u0119cherz 20 &#8211; pi shu &#8211; bu fa<br \/>\n\u015bledziona 3 &#8211; tai bai (shu, yuan) &#8211; bu fa<\/p>\n","yn_product_verabreichungsart":"Pelety 140szt.","yn_product_dosierung":"<p>3 x 1 do 6 granulek dziennie, przed posi\u0142kami lub w razie potrzeby<\/p>\n<p>(zawiera niewielkie ilo\u015bci glutenu!!!!)<\/p>\n","yn_product_combinations":"<p>szybki ruch brzucha (zast\u00f3j pokarmu)<\/p>\n","yn_product_avoidable":"<p>Cukier, produkty mleczne, ser, jogurt, \u015bmietana, owoce tropikalne, soki owocowe, przetwory pszenne<\/p>\n","yn_product_tcm_mindmapping":"<p>Chemioterapia > Wilgo\u0107 i flegma > Zimno > Zast\u00f3j Qi i krwi > Buntownicza Qi \u017co\u0142\u0105dka > Nudno\u015bci i wymioty<\/p>\n","yn_product_tongue_body":"<p>Szeroki, wilgotny, przekrwiony, blady do fioletowego<\/p>\n","yn_product_tongue_coating":"<p>Bia\u0142y\/\u017c\u00f3\u0142tawy, wilgotny i g\u0119sty<\/p>\n","yn_product_pulse_diagnostics":"<p>Pozycja brzucha: da mai &#8211; szeroki, xian mai &#8211; napi\u0119ty, shi mai &#8211; pe\u0142ny lub huan mai &#8211; spokojny<\/p>\n","yn_product_indications":"<p>P\u00f3\u017ane skutki chemioterapii, nudno\u015bci, wymioty, utrata apetytu, md\u0142y smak w ustach, niewielkie pragnienie, papkowate stolce.<\/p>\n","yn_product_contra_indications":"<p>Suche zaparcia<\/p>\n","yn_product_pregnancy":"<p>Przeciwwskazane<\/p>\n","yn_product_herbs":"<p>aquilariae lignum &#8211; chen xiang, inulae flos &#8211; xuan fu hua, massa medicata fermentata &#8211; shen qu, agastache herba &#8211; huo xiang, perillae folium &#8211; zi su ye, magnoliae cortex &#8211; hou po, pinellia rhizoma praep &#8211; fa ban xia, citri reticulatae pericarpium &#8211; chen pi, poria cocos &#8211; fu ling, zingiberis rhizoma recensis &#8211; sheng jiang, atractylodes macrocephalae &#8211; bai zhu, saussurea radix &#8211; mu xiang, amomi fructus &#8211; sha ren, glycyrrhizae uralensis radix &#8211; gan cao<\/p>\n","yn_product_magisterrecipes":"<p>He Chen Tang, Xiang Sha Liu Jun Zi Tang, Jia Wei Ping Wei San, Xiao Ban Xia Jia Fu Ling Tang, Ban Xia Fu Ling Tang<\/p>\n","yn_product_video":"https:\/\/shop.diolosa.com\/wp-content\/uploads\/2025\/06\/White-Dragon-Mouth-.mp4"},"yoast_head":"<!-- This site is optimized with the Yoast SEO plugin v24.9 - https:\/\/yoast.com\/wordpress\/plugins\/seo\/ -->\n<title>Pysk Bia\u0142ego Smoka - Claude Diolosa<\/title>\n<meta name=\"robots\" content=\"index, follow, max-snippet:-1, max-image-preview:large, max-video-preview:-1\" \/>\n<link rel=\"canonical\" href=\"https:\/\/shop.diolosa.com\/pl\/product\/pysk-bialego-smoka\/\" \/>\n<meta property=\"og:locale\" content=\"pl_PL\" \/>\n<meta property=\"og:type\" content=\"article\" \/>\n<meta property=\"og:title\" content=\"Pysk Bia\u0142ego Smoka - Claude Diolosa\" \/>\n<meta property=\"og:description\" content=\"WHITE DRAGON MOUTH jest stosowany w przypadku nudno\u015bci spowodowanych chemioterapi\u0105. [...]\" \/>\n<meta property=\"og:url\" content=\"https:\/\/shop.diolosa.com\/pl\/product\/pysk-bialego-smoka\/\" \/>\n<meta property=\"og:site_name\" content=\"Claude Diolosa\" \/>\n<meta property=\"article:publisher\" content=\"https:\/\/facebook.com\/claudediolosa\" \/>\n<meta property=\"article:modified_time\" content=\"2025-05-06T13:50:49+00:00\" \/>\n<meta property=\"og:image\" content=\"https:\/\/shop.diolosa.com\/wp-content\/uploads\/2019\/09\/Presslinge-140.jpg\" \/>\n\t<meta property=\"og:image:width\" content=\"800\" \/>\n\t<meta property=\"og:image:height\" content=\"533\" \/>\n\t<meta property=\"og:image:type\" content=\"image\/jpeg\" \/>\n<meta name=\"twitter:card\" content=\"summary_large_image\" \/>\n<script type=\"application\/ld+json\" class=\"yoast-schema-graph\">{\"@context\":\"https:\/\/schema.org\",\"@graph\":[{\"@type\":\"WebPage\",\"@id\":\"https:\/\/shop.diolosa.com\/pl\/product\/pysk-bialego-smoka\/\",\"url\":\"https:\/\/shop.diolosa.com\/pl\/product\/pysk-bialego-smoka\/\",\"name\":\"Pysk Bia\u0142ego Smoka - Claude Diolosa\",\"isPartOf\":{\"@id\":\"https:\/\/shop.diolosa.com\/pl\/#website\"},\"primaryImageOfPage\":{\"@id\":\"https:\/\/shop.diolosa.com\/pl\/product\/pysk-bialego-smoka\/#primaryimage\"},\"image\":{\"@id\":\"https:\/\/shop.diolosa.com\/pl\/product\/pysk-bialego-smoka\/#primaryimage\"},\"thumbnailUrl\":\"https:\/\/shop.diolosa.com\/wp-content\/uploads\/2019\/09\/Presslinge-140.jpg\",\"datePublished\":\"2025-03-10T05:53:51+00:00\",\"dateModified\":\"2025-05-06T13:50:49+00:00\",\"breadcrumb\":{\"@id\":\"https:\/\/shop.diolosa.com\/pl\/product\/pysk-bialego-smoka\/#breadcrumb\"},\"inLanguage\":\"pl-PL\",\"potentialAction\":[{\"@type\":\"ReadAction\",\"target\":[\"https:\/\/shop.diolosa.com\/pl\/product\/pysk-bialego-smoka\/\"]}]},{\"@type\":\"ImageObject\",\"inLanguage\":\"pl-PL\",\"@id\":\"https:\/\/shop.diolosa.com\/pl\/product\/pysk-bialego-smoka\/#primaryimage\",\"url\":\"https:\/\/shop.diolosa.com\/wp-content\/uploads\/2019\/09\/Presslinge-140.jpg\",\"contentUrl\":\"https:\/\/shop.diolosa.com\/wp-content\/uploads\/2019\/09\/Presslinge-140.jpg\",\"width\":800,\"height\":533},{\"@type\":\"BreadcrumbList\",\"@id\":\"https:\/\/shop.diolosa.com\/pl\/product\/pysk-bialego-smoka\/#breadcrumb\",\"itemListElement\":[{\"@type\":\"ListItem\",\"position\":1,\"name\":\"Startseite\",\"item\":\"https:\/\/shop.diolosa.com\/pl\/?page_id=3835710\"},{\"@type\":\"ListItem\",\"position\":2,\"name\":\"Sklep\",\"item\":\"https:\/\/shop.diolosa.com\/pl\/?page_id=3835710\"},{\"@type\":\"ListItem\",\"position\":3,\"name\":\"Pysk Bia\u0142ego Smoka\"}]},{\"@type\":\"WebSite\",\"@id\":\"https:\/\/shop.diolosa.com\/pl\/#website\",\"url\":\"https:\/\/shop.diolosa.com\/pl\/\",\"name\":\"Claude Diolosa\",\"description\":\"\",\"publisher\":{\"@id\":\"https:\/\/shop.diolosa.com\/pl\/#organization\"},\"potentialAction\":[{\"@type\":\"SearchAction\",\"target\":{\"@type\":\"EntryPoint\",\"urlTemplate\":\"https:\/\/shop.diolosa.com\/pl\/?s={search_term_string}\"},\"query-input\":{\"@type\":\"PropertyValueSpecification\",\"valueRequired\":true,\"valueName\":\"search_term_string\"}}],\"inLanguage\":\"pl-PL\"},{\"@type\":\"Organization\",\"@id\":\"https:\/\/shop.diolosa.com\/pl\/#organization\",\"name\":\"Claude Diolosa\",\"url\":\"https:\/\/shop.diolosa.com\/pl\/\",\"logo\":{\"@type\":\"ImageObject\",\"inLanguage\":\"pl-PL\",\"@id\":\"https:\/\/shop.diolosa.com\/pl\/#\/schema\/logo\/image\/\",\"url\":\"https:\/\/shop.diolosa.com\/wp-content\/uploads\/2019\/08\/diolosa-drop-logo-new.png\",\"contentUrl\":\"https:\/\/shop.diolosa.com\/wp-content\/uploads\/2019\/08\/diolosa-drop-logo-new.png\",\"width\":134,\"height\":176,\"caption\":\"Claude Diolosa\"},\"image\":{\"@id\":\"https:\/\/shop.diolosa.com\/pl\/#\/schema\/logo\/image\/\"},\"sameAs\":[\"https:\/\/facebook.com\/claudediolosa\",\"https:\/\/www.instagram.com\/diolosaclaude108\/\"]}]}<\/script>\n<!-- \/ Yoast SEO plugin. -->","yoast_head_json":{"title":"Pysk Bia\u0142ego Smoka - Claude Diolosa","robots":{"index":"index","follow":"follow","max-snippet":"max-snippet:-1","max-image-preview":"max-image-preview:large","max-video-preview":"max-video-preview:-1"},"canonical":"https:\/\/shop.diolosa.com\/pl\/product\/pysk-bialego-smoka\/","og_locale":"pl_PL","og_type":"article","og_title":"Pysk Bia\u0142ego Smoka - Claude Diolosa","og_description":"WHITE DRAGON MOUTH jest stosowany w przypadku nudno\u015bci spowodowanych chemioterapi\u0105. [...]","og_url":"https:\/\/shop.diolosa.com\/pl\/product\/pysk-bialego-smoka\/","og_site_name":"Claude Diolosa","article_publisher":"https:\/\/facebook.com\/claudediolosa","article_modified_time":"2025-05-06T13:50:49+00:00","og_image":[{"width":800,"height":533,"url":"https:\/\/shop.diolosa.com\/wp-content\/uploads\/2019\/09\/Presslinge-140.jpg","type":"image\/jpeg"}],"twitter_card":"summary_large_image","schema":{"@context":"https:\/\/schema.org","@graph":[{"@type":"WebPage","@id":"https:\/\/shop.diolosa.com\/pl\/product\/pysk-bialego-smoka\/","url":"https:\/\/shop.diolosa.com\/pl\/product\/pysk-bialego-smoka\/","name":"Pysk Bia\u0142ego Smoka - Claude Diolosa","isPartOf":{"@id":"https:\/\/shop.diolosa.com\/pl\/#website"},"primaryImageOfPage":{"@id":"https:\/\/shop.diolosa.com\/pl\/product\/pysk-bialego-smoka\/#primaryimage"},"image":{"@id":"https:\/\/shop.diolosa.com\/pl\/product\/pysk-bialego-smoka\/#primaryimage"},"thumbnailUrl":"https:\/\/shop.diolosa.com\/wp-content\/uploads\/2019\/09\/Presslinge-140.jpg","datePublished":"2025-03-10T05:53:51+00:00","dateModified":"2025-05-06T13:50:49+00:00","breadcrumb":{"@id":"https:\/\/shop.diolosa.com\/pl\/product\/pysk-bialego-smoka\/#breadcrumb"},"inLanguage":"pl-PL","potentialAction":[{"@type":"ReadAction","target":["https:\/\/shop.diolosa.com\/pl\/product\/pysk-bialego-smoka\/"]}]},{"@type":"ImageObject","inLanguage":"pl-PL","@id":"https:\/\/shop.diolosa.com\/pl\/product\/pysk-bialego-smoka\/#primaryimage","url":"https:\/\/shop.diolosa.com\/wp-content\/uploads\/2019\/09\/Presslinge-140.jpg","contentUrl":"https:\/\/shop.diolosa.com\/wp-content\/uploads\/2019\/09\/Presslinge-140.jpg","width":800,"height":533},{"@type":"BreadcrumbList","@id":"https:\/\/shop.diolosa.com\/pl\/product\/pysk-bialego-smoka\/#breadcrumb","itemListElement":[{"@type":"ListItem","position":1,"name":"Startseite","item":"https:\/\/shop.diolosa.com\/pl\/?page_id=3835710"},{"@type":"ListItem","position":2,"name":"Sklep","item":"https:\/\/shop.diolosa.com\/pl\/?page_id=3835710"},{"@type":"ListItem","position":3,"name":"Pysk Bia\u0142ego Smoka"}]},{"@type":"WebSite","@id":"https:\/\/shop.diolosa.com\/pl\/#website","url":"https:\/\/shop.diolosa.com\/pl\/","name":"Claude Diolosa","description":"","publisher":{"@id":"https:\/\/shop.diolosa.com\/pl\/#organization"},"potentialAction":[{"@type":"SearchAction","target":{"@type":"EntryPoint","urlTemplate":"https:\/\/shop.diolosa.com\/pl\/?s={search_term_string}"},"query-input":{"@type":"PropertyValueSpecification","valueRequired":true,"valueName":"search_term_string"}}],"inLanguage":"pl-PL"},{"@type":"Organization","@id":"https:\/\/shop.diolosa.com\/pl\/#organization","name":"Claude Diolosa","url":"https:\/\/shop.diolosa.com\/pl\/","logo":{"@type":"ImageObject","inLanguage":"pl-PL","@id":"https:\/\/shop.diolosa.com\/pl\/#\/schema\/logo\/image\/","url":"https:\/\/shop.diolosa.com\/wp-content\/uploads\/2019\/08\/diolosa-drop-logo-new.png","contentUrl":"https:\/\/shop.diolosa.com\/wp-content\/uploads\/2019\/08\/diolosa-drop-logo-new.png","width":134,"height":176,"caption":"Claude Diolosa"},"image":{"@id":"https:\/\/shop.diolosa.com\/pl\/#\/schema\/logo\/image\/"},"sameAs":["https:\/\/facebook.com\/claudediolosa","https:\/\/www.instagram.com\/diolosaclaude108\/"]}]}},"_links":{"self":[{"href":"https:\/\/shop.diolosa.com\/pl\/wp-json\/wp\/v2\/product\/3840894","targetHints":{"allow":["GET"]}}],"collection":[{"href":"https:\/\/shop.diolosa.com\/pl\/wp-json\/wp\/v2\/product"}],"about":[{"href":"https:\/\/shop.diolosa.com\/pl\/wp-json\/wp\/v2\/types\/product"}],"wp:featuredmedia":[{"embeddable":true,"href":"https:\/\/shop.diolosa.com\/pl\/wp-json\/wp\/v2\/media\/3835943"}],"wp:attachment":[{"href":"https:\/\/shop.diolosa.com\/pl\/wp-json\/wp\/v2\/media?parent=3840894"}],"wp:term":[{"taxonomy":"product_brand","embeddable":true,"href":"https:\/\/shop.diolosa.com\/pl\/wp-json\/wp\/v2\/product_brand?post=3840894"},{"taxonomy":"product_cat","embeddable":true,"href":"https:\/\/shop.diolosa.com\/pl\/wp-json\/wp\/v2\/product_cat?post=3840894"},{"taxonomy":"product_tag","embeddable":true,"href":"https:\/\/shop.diolosa.com\/pl\/wp-json\/wp\/v2\/product_tag?post=3840894"}],"curies":[{"name":"wp","href":"https:\/\/api.w.org\/{rel}","templated":true}]}}