{"id":3840897,"date":"2019-09-04T12:14:30","date_gmt":"2025-03-10T05:53:51","guid":{"rendered":"https:\/\/shop.diolosa.com\/product\/nozdrza-smoka\/"},"modified":"2025-05-06T14:51:20","modified_gmt":"2025-05-06T13:51:20","slug":"nozdrza-smoka","status":"publish","type":"product","link":"https:\/\/shop.diolosa.com\/pl\/product\/nozdrza-smoka\/","title":{"rendered":"Nozdrza smoka"},"content":{"rendered":"<p>DRAGON NOSTRIL jest stosowany w leczeniu zespo\u0142u Sj\u00f6grena. Ten preparat zio\u0142owy usuwa g\u0142\u0119boko wnikni\u0119te wp\u0142ywy chorobotw\u00f3rcze (Wen Bing Lun), chroni Yin, oczyszcza z gor\u0105ca krwi, rozpuszcza zast\u00f3j krwi, zmi\u0119kcza lepkie nagromadzenia, otwiera LUO MAI i wspomaga kr\u0105\u017cenie p\u0142yn\u00f3w ustrojowych (Jin Ye). <\/p>\n<p>Zesp\u00f3\u0142 Sj\u00f6grena wynika z p\u00f3\u017anych skutk\u00f3w pustego ciep\u0142a i opornych o\u015brodk\u00f3w ciep\u0142a w organizmie oraz z chor\u00f3b Wen Bing, kt\u00f3re nie zosta\u0142y ca\u0142kowicie wyleczone. Szczeg\u00f3lnie wa\u017cne jest ponowne otwarcie LUO MAI w celu przywr\u00f3cenia kr\u0105\u017cenia p\u0142yn\u00f3w ustrojowych i nawil\u017cenia b\u0142on \u015bluzowych. <\/p>\n<p>&nbsp;<\/p>\n","protected":false},"excerpt":{"rendered":"<p>&nbsp;<\/p>\n<p>&nbsp;<\/p>\n","protected":false},"featured_media":3835943,"template":"","meta":{"_acf_changed":false},"product_brand":[],"product_cat":[11910,11771],"product_tag":[12077],"class_list":{"0":"post-3840897","1":"product","2":"type-product","3":"status-publish","4":"has-post-thumbnail","6":"product_cat-choroby-autoimmunologiczne","7":"product_cat-wen-bing-lun-pl","8":"product_tag-zespol-sjoegrena","10":"first","11":"instock","12":"taxable","13":"shipping-taxable","14":"purchasable","15":"product-type-simple"},"acf":{"yn_product_audio":"https:\/\/shop.diolosa.com\/wp-content\/uploads\/2019\/09\/DL_1098.mp3","yn_product_akupunktur":"<p>Do\u0142\u0105cz PO &#8211; nape\u0142nij p\u0142uca yin<br \/>\np\u0119cherz 13 &#8211; fei shu &#8211; bu fa<br \/>\np\u0119cherz 42 &#8211; po hu (po) &#8211; bu fa<br \/>\np\u0119cherz 43 &#8211; gao huang shu (qi,xue,jinye,yin,yang) &#8211; bu fa<br \/>\np\u0142uca 5 &#8211; chi ze (he) &#8211; bu fa<br \/>\np\u0142uca 9 &#8211; tai yuan &#8211; gui xin (shu, yuan, ba hui xue, gui) &#8211; bu fa<\/p>\n<p>Uzupe\u0142nienie esencji nerek<br \/>\n\u015bledziona 6 &#8211; san yin jiao (le,ni,mb) &#8211; bu fa<br \/>\n\u017co\u0142\u0105dek 36 &#8211; to san li (shu, xia he xue &#8211; \u017co\u0142\u0105dek, si hai xue, si zhong xue) &#8211; bu fa<br \/>\nnerki 3 &#8211; tai xi (shu,yuan) &#8211; bu fa<br \/>\np\u0119cherz 23 &#8211; shen shu &#8211; bu fa<\/p>\n<p>\u00a0<\/p>\n","yn_product_verabreichungsart":"Pelety 140szt.","yn_product_dosierung":"<p>3 x 6 do 10 granulek dziennie<\/p>\n","yn_product_combinations":"<p>OCZYSZCZANIE CIEP\u0141A (niedob\u00f3r Yin i puste ciep\u0142o), SAN BAO TEE, KORZE\u0143 YIN (niedob\u00f3r Yin)<\/p>\n","yn_product_avoidable":"<p>Ro\u015bliny cebulowe, alkohol, ostre i gor\u0105ce przyprawy, owoce morza, jagni\u0119cina, dr\u00f3b, ocet, pieprz, go\u017adziki, nasiona kopru w\u0142oskiego, ga\u0142ka muszkato\u0142owa, czosnek, cebula, por, koper, szczypiorek, chili, sma\u017cone i t\u0142uste potrawy.<\/p>\n","yn_product_tcm_mindmapping":"<p>WBL > niedob\u00f3r Yin p\u0142uc i \u017co\u0142\u0105dka > puste ciep\u0142o > ciep\u0142o krwi > przekrwienie krwi i twarda flegma blokuj\u0105 LUO MAI i uniemo\u017cliwiaj\u0105 dystrybucj\u0119 p\u0142yn\u00f3w ustrojowych.<\/p>\n","yn_product_tongue_body":"<p>Cienkie, w\u0105skie, suche, pop\u0119kane w \u015brodku, czerwone do ciemnoczerwonych<\/p>\n","yn_product_tongue_coating":"<p>Rzadkie, \u017c\u00f3\u0142tawe, suche<\/p>\n","yn_product_pulse_diagnostics":"<p>Pozycja \u017co\u0142\u0105dka i woreczka \u017c\u00f3\u0142ciowego: se mai &#8211; szorstka, xian mai &#8211; napi\u0119ta, shuo mai &#8211; szybka<br \/>\nPozycja nerek Yin: fu mai &#8211; powierzchowna, xian mai &#8211; napi\u0119ta, xu mai &#8211; pusta, shuo mai &#8211; szybka<\/p>\n","yn_product_indications":"<p>Wysuszenie sk\u00f3ry i powierzchni b\u0142on \u015bluzowych, a tak\u017ce \u0142amliwe, kruche w\u0142osy, paznokcie u r\u0105k i n\u00f3g, sucho\u015b\u0107 nosa, tworzenie si\u0119 strup\u00f3w, przekrwienie b\u0142ony \u015bluzowej nosa, zwi\u0119kszone odczuwanie zapach\u00f3w i krwawienia z nosa, silne zm\u0119czenie, brak koncentracji, znu\u017cenie, depresja, zapalenie staw\u00f3w (artretyzm), sztywno\u015b\u0107 poranna, zapalenie \u015blinianek i zesp\u00f3\u0142 Raynauda. Rzadko mo\u017ce doj\u015b\u0107 do uszkodzenia innych narz\u0105d\u00f3w, takich jak nerki, naczynia krwiono\u015bne, p\u0142uca, w\u0105troba, trzustka lub m\u00f3zg. Jednym z mo\u017cliwych powik\u0142a\u0144 zespo\u0142u Sj\u00f6grena jest ch\u0142oniak nieziarniczy.  <\/p>\n","yn_product_contra_indications":"<p>Niedob\u00f3r Qi\/Yang \u015bledziony i nerek, wilgo\u0107, flegma, zimno w Yang Ming i Shao Yang<\/p>\n","yn_product_pregnancy":"<p>Dozwolone<\/p>\n","yn_product_herbs":"<p>paeoniae rubrae radix &#8211; chi shao yao, loranthi ramulus &#8211; sang ji sheng, achyranthis radix &#8211; huai niu xi, ecliptae herba &#8211; han lian cao, ligustri lucidi fructus &#8211; nu zhen zi, moutan cortex &#8211; mu dan pi, glycyrrhizae uralensis radix &#8211; gan cao, polygonati odorati rhizoma &#8211; yu zhu<\/p>\n","yn_product_magisterrecipes":"<p>Qing Hao Bie Jia Tang, Zhi Bai Di Huang Tang, Bai He Gu Jin Tang<\/p>\n"},"yoast_head":"<!-- This site is optimized with the Yoast SEO plugin v24.9 - https:\/\/yoast.com\/wordpress\/plugins\/seo\/ -->\n<title>Nozdrza smoka - Claude Diolosa<\/title>\n<meta name=\"robots\" content=\"index, follow, max-snippet:-1, max-image-preview:large, max-video-preview:-1\" \/>\n<link rel=\"canonical\" href=\"https:\/\/shop.diolosa.com\/pl\/product\/nozdrza-smoka\/\" \/>\n<meta property=\"og:locale\" content=\"pl_PL\" \/>\n<meta property=\"og:type\" content=\"article\" \/>\n<meta property=\"og:title\" content=\"Nozdrza smoka - Claude Diolosa\" \/>\n<meta property=\"og:description\" content=\"&nbsp; &nbsp;\" \/>\n<meta property=\"og:url\" content=\"https:\/\/shop.diolosa.com\/pl\/product\/nozdrza-smoka\/\" \/>\n<meta property=\"og:site_name\" content=\"Claude Diolosa\" \/>\n<meta property=\"article:publisher\" content=\"https:\/\/facebook.com\/claudediolosa\" \/>\n<meta property=\"article:modified_time\" content=\"2025-05-06T13:51:20+00:00\" \/>\n<meta property=\"og:image\" content=\"https:\/\/shop.diolosa.com\/wp-content\/uploads\/2019\/09\/Presslinge-140.jpg\" \/>\n\t<meta property=\"og:image:width\" content=\"800\" \/>\n\t<meta property=\"og:image:height\" content=\"533\" \/>\n\t<meta property=\"og:image:type\" content=\"image\/jpeg\" \/>\n<meta name=\"twitter:card\" content=\"summary_large_image\" \/>\n<meta name=\"twitter:label1\" content=\"Szacowany czas czytania\" \/>\n\t<meta name=\"twitter:data1\" content=\"1 minuta\" \/>\n<script type=\"application\/ld+json\" class=\"yoast-schema-graph\">{\"@context\":\"https:\/\/schema.org\",\"@graph\":[{\"@type\":\"WebPage\",\"@id\":\"https:\/\/shop.diolosa.com\/pl\/product\/nozdrza-smoka\/\",\"url\":\"https:\/\/shop.diolosa.com\/pl\/product\/nozdrza-smoka\/\",\"name\":\"Nozdrza smoka - Claude Diolosa\",\"isPartOf\":{\"@id\":\"https:\/\/shop.diolosa.com\/pl\/#website\"},\"primaryImageOfPage\":{\"@id\":\"https:\/\/shop.diolosa.com\/pl\/product\/nozdrza-smoka\/#primaryimage\"},\"image\":{\"@id\":\"https:\/\/shop.diolosa.com\/pl\/product\/nozdrza-smoka\/#primaryimage\"},\"thumbnailUrl\":\"https:\/\/shop.diolosa.com\/wp-content\/uploads\/2019\/09\/Presslinge-140.jpg\",\"datePublished\":\"2025-03-10T05:53:51+00:00\",\"dateModified\":\"2025-05-06T13:51:20+00:00\",\"breadcrumb\":{\"@id\":\"https:\/\/shop.diolosa.com\/pl\/product\/nozdrza-smoka\/#breadcrumb\"},\"inLanguage\":\"pl-PL\",\"potentialAction\":[{\"@type\":\"ReadAction\",\"target\":[\"https:\/\/shop.diolosa.com\/pl\/product\/nozdrza-smoka\/\"]}]},{\"@type\":\"ImageObject\",\"inLanguage\":\"pl-PL\",\"@id\":\"https:\/\/shop.diolosa.com\/pl\/product\/nozdrza-smoka\/#primaryimage\",\"url\":\"https:\/\/shop.diolosa.com\/wp-content\/uploads\/2019\/09\/Presslinge-140.jpg\",\"contentUrl\":\"https:\/\/shop.diolosa.com\/wp-content\/uploads\/2019\/09\/Presslinge-140.jpg\",\"width\":800,\"height\":533},{\"@type\":\"BreadcrumbList\",\"@id\":\"https:\/\/shop.diolosa.com\/pl\/product\/nozdrza-smoka\/#breadcrumb\",\"itemListElement\":[{\"@type\":\"ListItem\",\"position\":1,\"name\":\"Startseite\",\"item\":\"https:\/\/shop.diolosa.com\/pl\/?page_id=3835710\"},{\"@type\":\"ListItem\",\"position\":2,\"name\":\"Sklep\",\"item\":\"https:\/\/shop.diolosa.com\/pl\/?page_id=3835710\"},{\"@type\":\"ListItem\",\"position\":3,\"name\":\"Nozdrza smoka\"}]},{\"@type\":\"WebSite\",\"@id\":\"https:\/\/shop.diolosa.com\/pl\/#website\",\"url\":\"https:\/\/shop.diolosa.com\/pl\/\",\"name\":\"Claude Diolosa\",\"description\":\"\",\"publisher\":{\"@id\":\"https:\/\/shop.diolosa.com\/pl\/#organization\"},\"potentialAction\":[{\"@type\":\"SearchAction\",\"target\":{\"@type\":\"EntryPoint\",\"urlTemplate\":\"https:\/\/shop.diolosa.com\/pl\/?s={search_term_string}\"},\"query-input\":{\"@type\":\"PropertyValueSpecification\",\"valueRequired\":true,\"valueName\":\"search_term_string\"}}],\"inLanguage\":\"pl-PL\"},{\"@type\":\"Organization\",\"@id\":\"https:\/\/shop.diolosa.com\/pl\/#organization\",\"name\":\"Claude Diolosa\",\"url\":\"https:\/\/shop.diolosa.com\/pl\/\",\"logo\":{\"@type\":\"ImageObject\",\"inLanguage\":\"pl-PL\",\"@id\":\"https:\/\/shop.diolosa.com\/pl\/#\/schema\/logo\/image\/\",\"url\":\"https:\/\/shop.diolosa.com\/wp-content\/uploads\/2019\/08\/diolosa-drop-logo-new.png\",\"contentUrl\":\"https:\/\/shop.diolosa.com\/wp-content\/uploads\/2019\/08\/diolosa-drop-logo-new.png\",\"width\":134,\"height\":176,\"caption\":\"Claude Diolosa\"},\"image\":{\"@id\":\"https:\/\/shop.diolosa.com\/pl\/#\/schema\/logo\/image\/\"},\"sameAs\":[\"https:\/\/facebook.com\/claudediolosa\",\"https:\/\/www.instagram.com\/diolosaclaude108\/\"]}]}<\/script>\n<!-- \/ Yoast SEO plugin. -->","yoast_head_json":{"title":"Nozdrza smoka - Claude Diolosa","robots":{"index":"index","follow":"follow","max-snippet":"max-snippet:-1","max-image-preview":"max-image-preview:large","max-video-preview":"max-video-preview:-1"},"canonical":"https:\/\/shop.diolosa.com\/pl\/product\/nozdrza-smoka\/","og_locale":"pl_PL","og_type":"article","og_title":"Nozdrza smoka - Claude Diolosa","og_description":"&nbsp; &nbsp;","og_url":"https:\/\/shop.diolosa.com\/pl\/product\/nozdrza-smoka\/","og_site_name":"Claude Diolosa","article_publisher":"https:\/\/facebook.com\/claudediolosa","article_modified_time":"2025-05-06T13:51:20+00:00","og_image":[{"width":800,"height":533,"url":"https:\/\/shop.diolosa.com\/wp-content\/uploads\/2019\/09\/Presslinge-140.jpg","type":"image\/jpeg"}],"twitter_card":"summary_large_image","twitter_misc":{"Szacowany czas czytania":"1 minuta"},"schema":{"@context":"https:\/\/schema.org","@graph":[{"@type":"WebPage","@id":"https:\/\/shop.diolosa.com\/pl\/product\/nozdrza-smoka\/","url":"https:\/\/shop.diolosa.com\/pl\/product\/nozdrza-smoka\/","name":"Nozdrza smoka - Claude Diolosa","isPartOf":{"@id":"https:\/\/shop.diolosa.com\/pl\/#website"},"primaryImageOfPage":{"@id":"https:\/\/shop.diolosa.com\/pl\/product\/nozdrza-smoka\/#primaryimage"},"image":{"@id":"https:\/\/shop.diolosa.com\/pl\/product\/nozdrza-smoka\/#primaryimage"},"thumbnailUrl":"https:\/\/shop.diolosa.com\/wp-content\/uploads\/2019\/09\/Presslinge-140.jpg","datePublished":"2025-03-10T05:53:51+00:00","dateModified":"2025-05-06T13:51:20+00:00","breadcrumb":{"@id":"https:\/\/shop.diolosa.com\/pl\/product\/nozdrza-smoka\/#breadcrumb"},"inLanguage":"pl-PL","potentialAction":[{"@type":"ReadAction","target":["https:\/\/shop.diolosa.com\/pl\/product\/nozdrza-smoka\/"]}]},{"@type":"ImageObject","inLanguage":"pl-PL","@id":"https:\/\/shop.diolosa.com\/pl\/product\/nozdrza-smoka\/#primaryimage","url":"https:\/\/shop.diolosa.com\/wp-content\/uploads\/2019\/09\/Presslinge-140.jpg","contentUrl":"https:\/\/shop.diolosa.com\/wp-content\/uploads\/2019\/09\/Presslinge-140.jpg","width":800,"height":533},{"@type":"BreadcrumbList","@id":"https:\/\/shop.diolosa.com\/pl\/product\/nozdrza-smoka\/#breadcrumb","itemListElement":[{"@type":"ListItem","position":1,"name":"Startseite","item":"https:\/\/shop.diolosa.com\/pl\/?page_id=3835710"},{"@type":"ListItem","position":2,"name":"Sklep","item":"https:\/\/shop.diolosa.com\/pl\/?page_id=3835710"},{"@type":"ListItem","position":3,"name":"Nozdrza smoka"}]},{"@type":"WebSite","@id":"https:\/\/shop.diolosa.com\/pl\/#website","url":"https:\/\/shop.diolosa.com\/pl\/","name":"Claude Diolosa","description":"","publisher":{"@id":"https:\/\/shop.diolosa.com\/pl\/#organization"},"potentialAction":[{"@type":"SearchAction","target":{"@type":"EntryPoint","urlTemplate":"https:\/\/shop.diolosa.com\/pl\/?s={search_term_string}"},"query-input":{"@type":"PropertyValueSpecification","valueRequired":true,"valueName":"search_term_string"}}],"inLanguage":"pl-PL"},{"@type":"Organization","@id":"https:\/\/shop.diolosa.com\/pl\/#organization","name":"Claude Diolosa","url":"https:\/\/shop.diolosa.com\/pl\/","logo":{"@type":"ImageObject","inLanguage":"pl-PL","@id":"https:\/\/shop.diolosa.com\/pl\/#\/schema\/logo\/image\/","url":"https:\/\/shop.diolosa.com\/wp-content\/uploads\/2019\/08\/diolosa-drop-logo-new.png","contentUrl":"https:\/\/shop.diolosa.com\/wp-content\/uploads\/2019\/08\/diolosa-drop-logo-new.png","width":134,"height":176,"caption":"Claude Diolosa"},"image":{"@id":"https:\/\/shop.diolosa.com\/pl\/#\/schema\/logo\/image\/"},"sameAs":["https:\/\/facebook.com\/claudediolosa","https:\/\/www.instagram.com\/diolosaclaude108\/"]}]}},"_links":{"self":[{"href":"https:\/\/shop.diolosa.com\/pl\/wp-json\/wp\/v2\/product\/3840897","targetHints":{"allow":["GET"]}}],"collection":[{"href":"https:\/\/shop.diolosa.com\/pl\/wp-json\/wp\/v2\/product"}],"about":[{"href":"https:\/\/shop.diolosa.com\/pl\/wp-json\/wp\/v2\/types\/product"}],"wp:featuredmedia":[{"embeddable":true,"href":"https:\/\/shop.diolosa.com\/pl\/wp-json\/wp\/v2\/media\/3835943"}],"wp:attachment":[{"href":"https:\/\/shop.diolosa.com\/pl\/wp-json\/wp\/v2\/media?parent=3840897"}],"wp:term":[{"taxonomy":"product_brand","embeddable":true,"href":"https:\/\/shop.diolosa.com\/pl\/wp-json\/wp\/v2\/product_brand?post=3840897"},{"taxonomy":"product_cat","embeddable":true,"href":"https:\/\/shop.diolosa.com\/pl\/wp-json\/wp\/v2\/product_cat?post=3840897"},{"taxonomy":"product_tag","embeddable":true,"href":"https:\/\/shop.diolosa.com\/pl\/wp-json\/wp\/v2\/product_tag?post=3840897"}],"curies":[{"name":"wp","href":"https:\/\/api.w.org\/{rel}","templated":true}]}}