{"id":3840903,"date":"2019-09-04T12:14:30","date_gmt":"2025-03-10T05:53:55","guid":{"rendered":"https:\/\/shop.diolosa.com\/product\/chlodzace-tabletki-zapachowe\/"},"modified":"2025-05-06T14:51:26","modified_gmt":"2025-05-06T13:51:26","slug":"chlodzace-tabletki-zapachowe","status":"publish","type":"product","link":"https:\/\/shop.diolosa.com\/pl\/product\/chlodzace-tabletki-zapachowe\/","title":{"rendered":"Ch\u0142odz\u0105ce tabletki zapachowe"},"content":{"rendered":"<p>COOLING FRAGRANCE TABLETS jest stosowany w leczeniu zapalenia zatok. Preparat ten rozpuszcza i up\u0142ynnia tward\u0105 flegm\u0119, ciep\u0142o i z\u0142ogi toksyn w zatokach, otwiera naczynia LUO Shao Yang i Yang Ming, usuwa toksyny cieplne (przeciwzapalne), \u0142agodzi b\u00f3l i dzia\u0142a przeciwgor\u0105czkowo.<\/p>\n","protected":false},"excerpt":{"rendered":"<p>COOLING FRAGRANCE TABLETS jest stosowany w leczeniu zapalenia zatok. Preparat  [&#8230;]<\/p>\n","protected":false},"featured_media":3835943,"template":"","meta":{"_acf_changed":false},"product_brand":[],"product_cat":[11869,11771],"product_tag":[12081],"class_list":{"0":"post-3840903","1":"product","2":"type-product","3":"status-publish","4":"has-post-thumbnail","6":"product_cat-ent-pl","7":"product_cat-wen-bing-lun-pl","8":"product_tag-ostre-zapalenie-zatok","10":"first","11":"instock","12":"taxable","13":"shipping-taxable","14":"purchasable","15":"product-type-simple"},"acf":{"yn_product_audio":"https:\/\/shop.diolosa.com\/wp-content\/uploads\/2018\/12\/DL_0270.mp3","yn_product_video":"https:\/\/shop.diolosa.com\/wp-content\/uploads\/2024\/12\/Cooling-Fragrance.mp4","yn_product_akupunktur":"<p>Shao Yang odprowadza ciep\u0142o i toksyny<br \/>\nsan chiao 5 &#8211; wai guan (yang wei mai, luo) &#8211; xie fa<br \/>\nsan chiao 3 &#8211; zhong zhu (shu) &#8211; xie fa<br \/>\nworeczek \u017c\u00f3\u0142ciowy 20 &#8211; feng chi (san chiao, yang wei mai) &#8211; xie fa<br \/>\nworeczek \u017c\u00f3\u0142ciowy 14 &#8211; yang bai (\u017co\u0142\u0105dek, yang wei mai) &#8211; xie fa<br \/>\nbai lao &#8211; M-HN-30 &#8211; xie fa  <\/p>\n<p>Yang Ming odprowadza ciep\u0142o i toksyny<br \/>\njelito grube 11 &#8211; qu chi &#8211; gui tui (he &#8211; gui) &#8211; xie fa<br \/>\njelito grube 4 &#8211; he gu (yuan) &#8211; xie fa<br \/>\n\u017co\u0142\u0105dek 40 &#8211; feng long (luo) &#8211; xie fa<br \/>\n\u017co\u0142\u0105dek 44 &#8211; nei ting (ying) &#8211; xie fa  <\/p>\n<p>Miejscowe ig\u0142owanie<br \/>\nokr\u0119\u017cnica 20 &#8211; ying xiang &#8211; xie fa<br \/>\nokr\u0119\u017cnica 19 &#8211; kou he liao &#8211; xie fa<br \/>\np\u0119cherz 5 &#8211; wu chu &#8211; xie fa<br \/>\nyin tang &#8211; M-HN-3 &#8211; xie fa<br \/>\nyu yao &#8211; M-HN-6 &#8211; xie fa<br \/>\nba\u0144ka 2 &#8211; zan zhu &#8211; xie fa<br \/>\nbi tong -M-HN-14 &#8211; xie fa<br \/>\ndu mai 23 &#8211; shang xing &#8211; xie fa<br \/>\ndu mai 24 &#8211; shen ting (ba\u0144ka,\u017co\u0142\u0105dek, gui) &#8211; xie fa<\/p>\n","yn_product_verabreichungsart":"Pelety 140szt.","yn_product_dosierung":"<p>3 x 6 do 10 tabletek dziennie przed posi\u0142kami<\/p>\n","yn_product_combinations":"<p>WBL GREEN PROTECTION SCREEN (grypa), SHL TAMING THE DRAGON (zesp\u00f3\u0142 Shao Yang)<\/p>\n","yn_product_avoidable":"<p>czosnek, czekolada, alkohol, pieprz, cebula, por, czerwone wino, jagni\u0119cina, dr\u00f3b, smalec, kie\u0142basa, szynka<\/p>\n","yn_product_tcm_mindmapping":"<p>Ciep\u0142o wiatru > ogranicza p\u0142uca > przekrwienie Qi p\u0142uc > nagromadzenie flegmy Shao Yang i Yang Ming na twarzy<\/p>\n","yn_product_tongue_body":"<p>Zaczerwieniony czubek j\u0119zyka z czerwonawymi kropkami, obrz\u0119k po jednej stronie, czerwonawe opuchni\u0119te brzegi.<\/p>\n","yn_product_tongue_coating":"<p>\u017b\u00f3\u0142tawy, t\u0142usty w Shao Yang i Yang Ming lub cienki, bia\u0142y\/\u017c\u00f3\u0142ty w OE<\/p>\n","yn_product_pulse_diagnostics":"<p>Pozycja g\u00f3rnej rozgrzewki: fu mai &#8211; powierzchowna, xian mai &#8211; napi\u0119ta, hua mai &#8211; szybuj\u0105ca, shuo mai &#8211; szybka, shi mai &#8211; pe\u0142na<\/p>\n","yn_product_indications":"<p>Ostre zapalenie zatok, nie\u017cyt nosa, cuchn\u0105ca i bolesna wydzielina, gor\u0105czka, b\u00f3l g\u0142owy<\/p>\n","yn_product_contra_indications":"<p>Niedob\u00f3r Qi\/Yang \u015bledziony i nerek<\/p>\n","yn_product_pregnancy":"<p>Dozwolone<\/p>\n","yn_product_herbs":"<p>angelicae dahuricae rhizoma &#8211; bai zhi, magnoliae flos &#8211; xin yi hua, platycodi grandiflori radix &#8211; jie geng, paeoniae rubrae radix &#8211; chi shao yao, forsythiae suspensae fructus &#8211; lian qiao, scutellariae baicalensis radix &#8211; huang qin, caulis bambusae in taeniam &#8211; zhu ru, fritillariae thunbergyii bulbus &#8211; zhe bei mu<\/p>\n","yn_product_magisterrecipes":"<p>Xin Yi San, Bi Yuan Pian, Cang Er Zi San<\/p>\n"},"yoast_head":"<!-- This site is optimized with the Yoast SEO plugin v24.9 - https:\/\/yoast.com\/wordpress\/plugins\/seo\/ -->\n<title>Ch\u0142odz\u0105ce tabletki zapachowe - Claude Diolosa<\/title>\n<meta name=\"robots\" content=\"index, follow, max-snippet:-1, max-image-preview:large, max-video-preview:-1\" \/>\n<link rel=\"canonical\" href=\"https:\/\/shop.diolosa.com\/pl\/product\/chlodzace-tabletki-zapachowe\/\" \/>\n<meta property=\"og:locale\" content=\"pl_PL\" \/>\n<meta property=\"og:type\" content=\"article\" \/>\n<meta property=\"og:title\" content=\"Ch\u0142odz\u0105ce tabletki zapachowe - Claude Diolosa\" \/>\n<meta property=\"og:description\" content=\"COOLING FRAGRANCE TABLETS jest stosowany w leczeniu zapalenia zatok. Preparat [...]\" \/>\n<meta property=\"og:url\" content=\"https:\/\/shop.diolosa.com\/pl\/product\/chlodzace-tabletki-zapachowe\/\" \/>\n<meta property=\"og:site_name\" content=\"Claude Diolosa\" \/>\n<meta property=\"article:publisher\" content=\"https:\/\/facebook.com\/claudediolosa\" \/>\n<meta property=\"article:modified_time\" content=\"2025-05-06T13:51:26+00:00\" \/>\n<meta property=\"og:image\" content=\"https:\/\/shop.diolosa.com\/wp-content\/uploads\/2019\/09\/Presslinge-140.jpg\" \/>\n\t<meta property=\"og:image:width\" content=\"800\" \/>\n\t<meta property=\"og:image:height\" content=\"533\" \/>\n\t<meta property=\"og:image:type\" content=\"image\/jpeg\" \/>\n<meta name=\"twitter:card\" content=\"summary_large_image\" \/>\n<script type=\"application\/ld+json\" class=\"yoast-schema-graph\">{\"@context\":\"https:\/\/schema.org\",\"@graph\":[{\"@type\":\"WebPage\",\"@id\":\"https:\/\/shop.diolosa.com\/pl\/product\/chlodzace-tabletki-zapachowe\/\",\"url\":\"https:\/\/shop.diolosa.com\/pl\/product\/chlodzace-tabletki-zapachowe\/\",\"name\":\"Ch\u0142odz\u0105ce tabletki zapachowe - Claude Diolosa\",\"isPartOf\":{\"@id\":\"https:\/\/shop.diolosa.com\/pl\/#website\"},\"primaryImageOfPage\":{\"@id\":\"https:\/\/shop.diolosa.com\/pl\/product\/chlodzace-tabletki-zapachowe\/#primaryimage\"},\"image\":{\"@id\":\"https:\/\/shop.diolosa.com\/pl\/product\/chlodzace-tabletki-zapachowe\/#primaryimage\"},\"thumbnailUrl\":\"https:\/\/shop.diolosa.com\/wp-content\/uploads\/2019\/09\/Presslinge-140.jpg\",\"datePublished\":\"2025-03-10T05:53:55+00:00\",\"dateModified\":\"2025-05-06T13:51:26+00:00\",\"breadcrumb\":{\"@id\":\"https:\/\/shop.diolosa.com\/pl\/product\/chlodzace-tabletki-zapachowe\/#breadcrumb\"},\"inLanguage\":\"pl-PL\",\"potentialAction\":[{\"@type\":\"ReadAction\",\"target\":[\"https:\/\/shop.diolosa.com\/pl\/product\/chlodzace-tabletki-zapachowe\/\"]}]},{\"@type\":\"ImageObject\",\"inLanguage\":\"pl-PL\",\"@id\":\"https:\/\/shop.diolosa.com\/pl\/product\/chlodzace-tabletki-zapachowe\/#primaryimage\",\"url\":\"https:\/\/shop.diolosa.com\/wp-content\/uploads\/2019\/09\/Presslinge-140.jpg\",\"contentUrl\":\"https:\/\/shop.diolosa.com\/wp-content\/uploads\/2019\/09\/Presslinge-140.jpg\",\"width\":800,\"height\":533},{\"@type\":\"BreadcrumbList\",\"@id\":\"https:\/\/shop.diolosa.com\/pl\/product\/chlodzace-tabletki-zapachowe\/#breadcrumb\",\"itemListElement\":[{\"@type\":\"ListItem\",\"position\":1,\"name\":\"Startseite\",\"item\":\"https:\/\/shop.diolosa.com\/pl\/?page_id=3835710\"},{\"@type\":\"ListItem\",\"position\":2,\"name\":\"Sklep\",\"item\":\"https:\/\/shop.diolosa.com\/pl\/?page_id=3835710\"},{\"@type\":\"ListItem\",\"position\":3,\"name\":\"Ch\u0142odz\u0105ce tabletki zapachowe\"}]},{\"@type\":\"WebSite\",\"@id\":\"https:\/\/shop.diolosa.com\/pl\/#website\",\"url\":\"https:\/\/shop.diolosa.com\/pl\/\",\"name\":\"Claude Diolosa\",\"description\":\"\",\"publisher\":{\"@id\":\"https:\/\/shop.diolosa.com\/pl\/#organization\"},\"potentialAction\":[{\"@type\":\"SearchAction\",\"target\":{\"@type\":\"EntryPoint\",\"urlTemplate\":\"https:\/\/shop.diolosa.com\/pl\/?s={search_term_string}\"},\"query-input\":{\"@type\":\"PropertyValueSpecification\",\"valueRequired\":true,\"valueName\":\"search_term_string\"}}],\"inLanguage\":\"pl-PL\"},{\"@type\":\"Organization\",\"@id\":\"https:\/\/shop.diolosa.com\/pl\/#organization\",\"name\":\"Claude Diolosa\",\"url\":\"https:\/\/shop.diolosa.com\/pl\/\",\"logo\":{\"@type\":\"ImageObject\",\"inLanguage\":\"pl-PL\",\"@id\":\"https:\/\/shop.diolosa.com\/pl\/#\/schema\/logo\/image\/\",\"url\":\"https:\/\/shop.diolosa.com\/wp-content\/uploads\/2019\/08\/diolosa-drop-logo-new.png\",\"contentUrl\":\"https:\/\/shop.diolosa.com\/wp-content\/uploads\/2019\/08\/diolosa-drop-logo-new.png\",\"width\":134,\"height\":176,\"caption\":\"Claude Diolosa\"},\"image\":{\"@id\":\"https:\/\/shop.diolosa.com\/pl\/#\/schema\/logo\/image\/\"},\"sameAs\":[\"https:\/\/facebook.com\/claudediolosa\",\"https:\/\/www.instagram.com\/diolosaclaude108\/\"]}]}<\/script>\n<!-- \/ Yoast SEO plugin. -->","yoast_head_json":{"title":"Ch\u0142odz\u0105ce tabletki zapachowe - Claude Diolosa","robots":{"index":"index","follow":"follow","max-snippet":"max-snippet:-1","max-image-preview":"max-image-preview:large","max-video-preview":"max-video-preview:-1"},"canonical":"https:\/\/shop.diolosa.com\/pl\/product\/chlodzace-tabletki-zapachowe\/","og_locale":"pl_PL","og_type":"article","og_title":"Ch\u0142odz\u0105ce tabletki zapachowe - Claude Diolosa","og_description":"COOLING FRAGRANCE TABLETS jest stosowany w leczeniu zapalenia zatok. Preparat [...]","og_url":"https:\/\/shop.diolosa.com\/pl\/product\/chlodzace-tabletki-zapachowe\/","og_site_name":"Claude Diolosa","article_publisher":"https:\/\/facebook.com\/claudediolosa","article_modified_time":"2025-05-06T13:51:26+00:00","og_image":[{"width":800,"height":533,"url":"https:\/\/shop.diolosa.com\/wp-content\/uploads\/2019\/09\/Presslinge-140.jpg","type":"image\/jpeg"}],"twitter_card":"summary_large_image","schema":{"@context":"https:\/\/schema.org","@graph":[{"@type":"WebPage","@id":"https:\/\/shop.diolosa.com\/pl\/product\/chlodzace-tabletki-zapachowe\/","url":"https:\/\/shop.diolosa.com\/pl\/product\/chlodzace-tabletki-zapachowe\/","name":"Ch\u0142odz\u0105ce tabletki zapachowe - Claude Diolosa","isPartOf":{"@id":"https:\/\/shop.diolosa.com\/pl\/#website"},"primaryImageOfPage":{"@id":"https:\/\/shop.diolosa.com\/pl\/product\/chlodzace-tabletki-zapachowe\/#primaryimage"},"image":{"@id":"https:\/\/shop.diolosa.com\/pl\/product\/chlodzace-tabletki-zapachowe\/#primaryimage"},"thumbnailUrl":"https:\/\/shop.diolosa.com\/wp-content\/uploads\/2019\/09\/Presslinge-140.jpg","datePublished":"2025-03-10T05:53:55+00:00","dateModified":"2025-05-06T13:51:26+00:00","breadcrumb":{"@id":"https:\/\/shop.diolosa.com\/pl\/product\/chlodzace-tabletki-zapachowe\/#breadcrumb"},"inLanguage":"pl-PL","potentialAction":[{"@type":"ReadAction","target":["https:\/\/shop.diolosa.com\/pl\/product\/chlodzace-tabletki-zapachowe\/"]}]},{"@type":"ImageObject","inLanguage":"pl-PL","@id":"https:\/\/shop.diolosa.com\/pl\/product\/chlodzace-tabletki-zapachowe\/#primaryimage","url":"https:\/\/shop.diolosa.com\/wp-content\/uploads\/2019\/09\/Presslinge-140.jpg","contentUrl":"https:\/\/shop.diolosa.com\/wp-content\/uploads\/2019\/09\/Presslinge-140.jpg","width":800,"height":533},{"@type":"BreadcrumbList","@id":"https:\/\/shop.diolosa.com\/pl\/product\/chlodzace-tabletki-zapachowe\/#breadcrumb","itemListElement":[{"@type":"ListItem","position":1,"name":"Startseite","item":"https:\/\/shop.diolosa.com\/pl\/?page_id=3835710"},{"@type":"ListItem","position":2,"name":"Sklep","item":"https:\/\/shop.diolosa.com\/pl\/?page_id=3835710"},{"@type":"ListItem","position":3,"name":"Ch\u0142odz\u0105ce tabletki zapachowe"}]},{"@type":"WebSite","@id":"https:\/\/shop.diolosa.com\/pl\/#website","url":"https:\/\/shop.diolosa.com\/pl\/","name":"Claude Diolosa","description":"","publisher":{"@id":"https:\/\/shop.diolosa.com\/pl\/#organization"},"potentialAction":[{"@type":"SearchAction","target":{"@type":"EntryPoint","urlTemplate":"https:\/\/shop.diolosa.com\/pl\/?s={search_term_string}"},"query-input":{"@type":"PropertyValueSpecification","valueRequired":true,"valueName":"search_term_string"}}],"inLanguage":"pl-PL"},{"@type":"Organization","@id":"https:\/\/shop.diolosa.com\/pl\/#organization","name":"Claude Diolosa","url":"https:\/\/shop.diolosa.com\/pl\/","logo":{"@type":"ImageObject","inLanguage":"pl-PL","@id":"https:\/\/shop.diolosa.com\/pl\/#\/schema\/logo\/image\/","url":"https:\/\/shop.diolosa.com\/wp-content\/uploads\/2019\/08\/diolosa-drop-logo-new.png","contentUrl":"https:\/\/shop.diolosa.com\/wp-content\/uploads\/2019\/08\/diolosa-drop-logo-new.png","width":134,"height":176,"caption":"Claude Diolosa"},"image":{"@id":"https:\/\/shop.diolosa.com\/pl\/#\/schema\/logo\/image\/"},"sameAs":["https:\/\/facebook.com\/claudediolosa","https:\/\/www.instagram.com\/diolosaclaude108\/"]}]}},"_links":{"self":[{"href":"https:\/\/shop.diolosa.com\/pl\/wp-json\/wp\/v2\/product\/3840903","targetHints":{"allow":["GET"]}}],"collection":[{"href":"https:\/\/shop.diolosa.com\/pl\/wp-json\/wp\/v2\/product"}],"about":[{"href":"https:\/\/shop.diolosa.com\/pl\/wp-json\/wp\/v2\/types\/product"}],"wp:featuredmedia":[{"embeddable":true,"href":"https:\/\/shop.diolosa.com\/pl\/wp-json\/wp\/v2\/media\/3835943"}],"wp:attachment":[{"href":"https:\/\/shop.diolosa.com\/pl\/wp-json\/wp\/v2\/media?parent=3840903"}],"wp:term":[{"taxonomy":"product_brand","embeddable":true,"href":"https:\/\/shop.diolosa.com\/pl\/wp-json\/wp\/v2\/product_brand?post=3840903"},{"taxonomy":"product_cat","embeddable":true,"href":"https:\/\/shop.diolosa.com\/pl\/wp-json\/wp\/v2\/product_cat?post=3840903"},{"taxonomy":"product_tag","embeddable":true,"href":"https:\/\/shop.diolosa.com\/pl\/wp-json\/wp\/v2\/product_tag?post=3840903"}],"curies":[{"name":"wp","href":"https:\/\/api.w.org\/{rel}","templated":true}]}}