{"id":3840904,"date":"2019-09-04T12:14:30","date_gmt":"2025-03-10T05:53:55","guid":{"rendered":"https:\/\/shop.diolosa.com\/product\/lina-zelazna\/"},"modified":"2025-05-06T14:51:17","modified_gmt":"2025-05-06T13:51:17","slug":"lina-zelazna","status":"publish","type":"product","link":"https:\/\/shop.diolosa.com\/pl\/product\/lina-zelazna\/","title":{"rendered":"Lina \u017celazna"},"content":{"rendered":"<p>IRON ROPE jest stosowany w leczeniu zapalenia \u015bci\u0119gien, uraz\u00f3w, skr\u0119ce\u0144, a nawet zerwania \u015bci\u0119gien. Ten preparat zio\u0142owy od\u017cywia \u015bci\u0119gna poprzez Jing nerek i krew w\u0105troby, zapobiega stagnacji krwi, stymuluje poporodowe \u017ar\u00f3d\u0142o Yin, \u0142agodzi b\u00f3l i przyspiesza gojenie. (zawiera niewielkie ilo\u015bci glutenu!!!!)<\/p>\n","protected":false},"excerpt":{"rendered":"<p>IRON ROPE jest stosowany w leczeniu zapalenia \u015bci\u0119gien, uraz\u00f3w, skr\u0119ce\u0144,  [&#8230;]<\/p>\n","protected":false},"featured_media":3835943,"template":"","meta":{"_acf_changed":false},"product_brand":[],"product_cat":[11784],"product_tag":[12082],"class_list":{"0":"post-3840904","1":"product","2":"type-product","3":"status-publish","4":"has-post-thumbnail","6":"product_cat-medycyna-sportowa","7":"product_tag-uraz-sciegna-w-ujeciu-ogolnym","9":"first","10":"instock","11":"taxable","12":"shipping-taxable","13":"purchasable","14":"product-type-simple"},"acf":{"yn_product_audio":"https:\/\/shop.diolosa.com\/wp-content\/uploads\/2018\/12\/DL_0979.mp3","yn_product_video":"https:\/\/shop.diolosa.com\/wp-content\/uploads\/2024\/05\/Iron-Rope.mp4","yn_product_akupunktur":"<p>Akupunktura miejscowa, punkty b\u00f3lu i punkty odleg\u0142e<\/p>\n<p>Wa\u017cne: Tonizacja Jing i krwi &#8211; Bu Fa:<br \/>\nnerka 3 &#8211; tai xi (shu,yuan)<br \/>\np\u0119cherz 23 &#8211; shen shu<br \/>\nworeczek \u017c\u00f3\u0142ciowy 39 &#8211; xuan zhong &#8211; jue gu (szpik)<br \/>\n\u017co\u0142\u0105dek 36 &#8211; zu san li (shu, xia he xue &#8211; \u017co\u0142\u0105dek, si hai xue, si zhong xue)<br \/>\n\u015bledziona 6 &#8211; san yin jiao (le,ni,mb)<br \/>\np\u0119cherz 17 &#8211; ge shu (krew)<br \/>\np\u0119cherz 18 &#8211; gan shu<\/p>\n","yn_product_verabreichungsart":"Pelety 140szt.","yn_product_dosierung":"<p>3 x 4 do 9 granulek dziennie, zawsze przed posi\u0142kami<\/p>\n<p>(zawiera niewielkie ilo\u015bci glutenu!!!!)<\/p>\n","yn_product_combinations":"<p>KROPLE \u017bELAZA od\u017cywiaj\u0105ce krew, TABLETKI FREE FLOW zapobiegaj\u0105ce przekrwieniu i b\u00f3lowi, SPRAY FREE FLOW, OLEJ i \u017bEL stosowane zewn\u0119trznie zapobiegaj\u0105ce przekrwieniu, RINCHEN TEE, YANG ROOT, SAN BAO TEE, YIN ROOT od\u017cywiaj\u0105ce esencj\u0119.<\/p>\n","yn_product_avoidable":"<p>Produkty mleczne, zw\u0142aszcza mleko, jogurt, ser, kefir, \u015bmietana, owoce tropikalne, owoce cytrusowe, kapusta kiszona, produkty sojowe, bak\u0142a\u017can, og\u00f3rek, pomidory, sa\u0142ata.<\/p>\n","yn_product_tcm_mindmapping":"<p>Niedob\u00f3r krwi w w\u0105trobie > niedostateczna poda\u017c \u015bci\u0119gien lub sport wyczynowy uszkadza krew w w\u0105trobie > niedostateczna poda\u017c \u015bci\u0119gien<\/p>\n","yn_product_tongue_body":"<p>Blade kraw\u0119dzie j\u0119zyka, w\u0105skie i cienkie<\/p>\n","yn_product_tongue_coating":"<p>Cienki i bia\u0142y<\/p>\n","yn_product_pulse_diagnostics":"<p>xi mai &#8211; cienki, xu mai &#8211; pusty, shuo mai &#8211; szybki i se mai &#8211; szorstki<\/p>\n","yn_product_indications":"<p>Zapalenie \u015bci\u0119gien, urazy \u015bci\u0119gien, zapalenie pochewki \u015bci\u0119gna, zapalenie pochewki \u015bci\u0119gna, zapalenie pochewki \u015bci\u0119gna<\/p>\n","yn_product_contra_indications":"<p>Mokre ciep\u0142o w Yang Ming, zachodnie preparaty stymuluj\u0105ce kr\u0105\u017cenie krwi<\/p>\n","yn_product_pregnancy":"<p>Przeciwwskazane<\/p>\n","yn_product_herbs":"<p>spatholobi seu milletiae caulis &#8211; ji xue teng, angelicae sinensis par caudensis radix &#8211; dang gui wei, salviae radix &#8211; dan shen, ligusticii rhizoma &#8211; chuan xiong, rehmanniae radix praep &#8211; shu di huang, olibanum resina &#8211; ru xiang, myrrhae gummi &#8211; mo yao<\/p>\n","yn_product_magisterrecipes":"<p>Die Da Wan, Huo Luo Xiao Ling Dan<\/p>\n"},"yoast_head":"<!-- This site is optimized with the Yoast SEO plugin v24.9 - https:\/\/yoast.com\/wordpress\/plugins\/seo\/ -->\n<title>Lina \u017celazna - Claude Diolosa<\/title>\n<meta name=\"robots\" content=\"index, follow, max-snippet:-1, max-image-preview:large, max-video-preview:-1\" \/>\n<link rel=\"canonical\" href=\"https:\/\/shop.diolosa.com\/pl\/product\/lina-zelazna\/\" \/>\n<meta property=\"og:locale\" content=\"pl_PL\" \/>\n<meta property=\"og:type\" content=\"article\" \/>\n<meta property=\"og:title\" content=\"Lina \u017celazna - Claude Diolosa\" \/>\n<meta property=\"og:description\" content=\"IRON ROPE jest stosowany w leczeniu zapalenia \u015bci\u0119gien, uraz\u00f3w, skr\u0119ce\u0144, [...]\" \/>\n<meta property=\"og:url\" content=\"https:\/\/shop.diolosa.com\/pl\/product\/lina-zelazna\/\" \/>\n<meta property=\"og:site_name\" content=\"Claude Diolosa\" \/>\n<meta property=\"article:publisher\" content=\"https:\/\/facebook.com\/claudediolosa\" \/>\n<meta property=\"article:modified_time\" content=\"2025-05-06T13:51:17+00:00\" \/>\n<meta property=\"og:image\" content=\"https:\/\/shop.diolosa.com\/wp-content\/uploads\/2019\/09\/Presslinge-140.jpg\" \/>\n\t<meta property=\"og:image:width\" content=\"800\" \/>\n\t<meta property=\"og:image:height\" content=\"533\" \/>\n\t<meta property=\"og:image:type\" content=\"image\/jpeg\" \/>\n<meta name=\"twitter:card\" content=\"summary_large_image\" \/>\n<script type=\"application\/ld+json\" class=\"yoast-schema-graph\">{\"@context\":\"https:\/\/schema.org\",\"@graph\":[{\"@type\":\"WebPage\",\"@id\":\"https:\/\/shop.diolosa.com\/pl\/product\/lina-zelazna\/\",\"url\":\"https:\/\/shop.diolosa.com\/pl\/product\/lina-zelazna\/\",\"name\":\"Lina \u017celazna - Claude Diolosa\",\"isPartOf\":{\"@id\":\"https:\/\/shop.diolosa.com\/pl\/#website\"},\"primaryImageOfPage\":{\"@id\":\"https:\/\/shop.diolosa.com\/pl\/product\/lina-zelazna\/#primaryimage\"},\"image\":{\"@id\":\"https:\/\/shop.diolosa.com\/pl\/product\/lina-zelazna\/#primaryimage\"},\"thumbnailUrl\":\"https:\/\/shop.diolosa.com\/wp-content\/uploads\/2019\/09\/Presslinge-140.jpg\",\"datePublished\":\"2025-03-10T05:53:55+00:00\",\"dateModified\":\"2025-05-06T13:51:17+00:00\",\"breadcrumb\":{\"@id\":\"https:\/\/shop.diolosa.com\/pl\/product\/lina-zelazna\/#breadcrumb\"},\"inLanguage\":\"pl-PL\",\"potentialAction\":[{\"@type\":\"ReadAction\",\"target\":[\"https:\/\/shop.diolosa.com\/pl\/product\/lina-zelazna\/\"]}]},{\"@type\":\"ImageObject\",\"inLanguage\":\"pl-PL\",\"@id\":\"https:\/\/shop.diolosa.com\/pl\/product\/lina-zelazna\/#primaryimage\",\"url\":\"https:\/\/shop.diolosa.com\/wp-content\/uploads\/2019\/09\/Presslinge-140.jpg\",\"contentUrl\":\"https:\/\/shop.diolosa.com\/wp-content\/uploads\/2019\/09\/Presslinge-140.jpg\",\"width\":800,\"height\":533},{\"@type\":\"BreadcrumbList\",\"@id\":\"https:\/\/shop.diolosa.com\/pl\/product\/lina-zelazna\/#breadcrumb\",\"itemListElement\":[{\"@type\":\"ListItem\",\"position\":1,\"name\":\"Startseite\",\"item\":\"https:\/\/shop.diolosa.com\/pl\/?page_id=3835710\"},{\"@type\":\"ListItem\",\"position\":2,\"name\":\"Sklep\",\"item\":\"https:\/\/shop.diolosa.com\/pl\/?page_id=3835710\"},{\"@type\":\"ListItem\",\"position\":3,\"name\":\"Lina \u017celazna\"}]},{\"@type\":\"WebSite\",\"@id\":\"https:\/\/shop.diolosa.com\/pl\/#website\",\"url\":\"https:\/\/shop.diolosa.com\/pl\/\",\"name\":\"Claude Diolosa\",\"description\":\"\",\"publisher\":{\"@id\":\"https:\/\/shop.diolosa.com\/pl\/#organization\"},\"potentialAction\":[{\"@type\":\"SearchAction\",\"target\":{\"@type\":\"EntryPoint\",\"urlTemplate\":\"https:\/\/shop.diolosa.com\/pl\/?s={search_term_string}\"},\"query-input\":{\"@type\":\"PropertyValueSpecification\",\"valueRequired\":true,\"valueName\":\"search_term_string\"}}],\"inLanguage\":\"pl-PL\"},{\"@type\":\"Organization\",\"@id\":\"https:\/\/shop.diolosa.com\/pl\/#organization\",\"name\":\"Claude Diolosa\",\"url\":\"https:\/\/shop.diolosa.com\/pl\/\",\"logo\":{\"@type\":\"ImageObject\",\"inLanguage\":\"pl-PL\",\"@id\":\"https:\/\/shop.diolosa.com\/pl\/#\/schema\/logo\/image\/\",\"url\":\"https:\/\/shop.diolosa.com\/wp-content\/uploads\/2019\/08\/diolosa-drop-logo-new.png\",\"contentUrl\":\"https:\/\/shop.diolosa.com\/wp-content\/uploads\/2019\/08\/diolosa-drop-logo-new.png\",\"width\":134,\"height\":176,\"caption\":\"Claude Diolosa\"},\"image\":{\"@id\":\"https:\/\/shop.diolosa.com\/pl\/#\/schema\/logo\/image\/\"},\"sameAs\":[\"https:\/\/facebook.com\/claudediolosa\",\"https:\/\/www.instagram.com\/diolosaclaude108\/\"]}]}<\/script>\n<!-- \/ Yoast SEO plugin. -->","yoast_head_json":{"title":"Lina \u017celazna - Claude Diolosa","robots":{"index":"index","follow":"follow","max-snippet":"max-snippet:-1","max-image-preview":"max-image-preview:large","max-video-preview":"max-video-preview:-1"},"canonical":"https:\/\/shop.diolosa.com\/pl\/product\/lina-zelazna\/","og_locale":"pl_PL","og_type":"article","og_title":"Lina \u017celazna - Claude Diolosa","og_description":"IRON ROPE jest stosowany w leczeniu zapalenia \u015bci\u0119gien, uraz\u00f3w, skr\u0119ce\u0144, [...]","og_url":"https:\/\/shop.diolosa.com\/pl\/product\/lina-zelazna\/","og_site_name":"Claude Diolosa","article_publisher":"https:\/\/facebook.com\/claudediolosa","article_modified_time":"2025-05-06T13:51:17+00:00","og_image":[{"width":800,"height":533,"url":"https:\/\/shop.diolosa.com\/wp-content\/uploads\/2019\/09\/Presslinge-140.jpg","type":"image\/jpeg"}],"twitter_card":"summary_large_image","schema":{"@context":"https:\/\/schema.org","@graph":[{"@type":"WebPage","@id":"https:\/\/shop.diolosa.com\/pl\/product\/lina-zelazna\/","url":"https:\/\/shop.diolosa.com\/pl\/product\/lina-zelazna\/","name":"Lina \u017celazna - Claude Diolosa","isPartOf":{"@id":"https:\/\/shop.diolosa.com\/pl\/#website"},"primaryImageOfPage":{"@id":"https:\/\/shop.diolosa.com\/pl\/product\/lina-zelazna\/#primaryimage"},"image":{"@id":"https:\/\/shop.diolosa.com\/pl\/product\/lina-zelazna\/#primaryimage"},"thumbnailUrl":"https:\/\/shop.diolosa.com\/wp-content\/uploads\/2019\/09\/Presslinge-140.jpg","datePublished":"2025-03-10T05:53:55+00:00","dateModified":"2025-05-06T13:51:17+00:00","breadcrumb":{"@id":"https:\/\/shop.diolosa.com\/pl\/product\/lina-zelazna\/#breadcrumb"},"inLanguage":"pl-PL","potentialAction":[{"@type":"ReadAction","target":["https:\/\/shop.diolosa.com\/pl\/product\/lina-zelazna\/"]}]},{"@type":"ImageObject","inLanguage":"pl-PL","@id":"https:\/\/shop.diolosa.com\/pl\/product\/lina-zelazna\/#primaryimage","url":"https:\/\/shop.diolosa.com\/wp-content\/uploads\/2019\/09\/Presslinge-140.jpg","contentUrl":"https:\/\/shop.diolosa.com\/wp-content\/uploads\/2019\/09\/Presslinge-140.jpg","width":800,"height":533},{"@type":"BreadcrumbList","@id":"https:\/\/shop.diolosa.com\/pl\/product\/lina-zelazna\/#breadcrumb","itemListElement":[{"@type":"ListItem","position":1,"name":"Startseite","item":"https:\/\/shop.diolosa.com\/pl\/?page_id=3835710"},{"@type":"ListItem","position":2,"name":"Sklep","item":"https:\/\/shop.diolosa.com\/pl\/?page_id=3835710"},{"@type":"ListItem","position":3,"name":"Lina \u017celazna"}]},{"@type":"WebSite","@id":"https:\/\/shop.diolosa.com\/pl\/#website","url":"https:\/\/shop.diolosa.com\/pl\/","name":"Claude Diolosa","description":"","publisher":{"@id":"https:\/\/shop.diolosa.com\/pl\/#organization"},"potentialAction":[{"@type":"SearchAction","target":{"@type":"EntryPoint","urlTemplate":"https:\/\/shop.diolosa.com\/pl\/?s={search_term_string}"},"query-input":{"@type":"PropertyValueSpecification","valueRequired":true,"valueName":"search_term_string"}}],"inLanguage":"pl-PL"},{"@type":"Organization","@id":"https:\/\/shop.diolosa.com\/pl\/#organization","name":"Claude Diolosa","url":"https:\/\/shop.diolosa.com\/pl\/","logo":{"@type":"ImageObject","inLanguage":"pl-PL","@id":"https:\/\/shop.diolosa.com\/pl\/#\/schema\/logo\/image\/","url":"https:\/\/shop.diolosa.com\/wp-content\/uploads\/2019\/08\/diolosa-drop-logo-new.png","contentUrl":"https:\/\/shop.diolosa.com\/wp-content\/uploads\/2019\/08\/diolosa-drop-logo-new.png","width":134,"height":176,"caption":"Claude Diolosa"},"image":{"@id":"https:\/\/shop.diolosa.com\/pl\/#\/schema\/logo\/image\/"},"sameAs":["https:\/\/facebook.com\/claudediolosa","https:\/\/www.instagram.com\/diolosaclaude108\/"]}]}},"_links":{"self":[{"href":"https:\/\/shop.diolosa.com\/pl\/wp-json\/wp\/v2\/product\/3840904","targetHints":{"allow":["GET"]}}],"collection":[{"href":"https:\/\/shop.diolosa.com\/pl\/wp-json\/wp\/v2\/product"}],"about":[{"href":"https:\/\/shop.diolosa.com\/pl\/wp-json\/wp\/v2\/types\/product"}],"wp:featuredmedia":[{"embeddable":true,"href":"https:\/\/shop.diolosa.com\/pl\/wp-json\/wp\/v2\/media\/3835943"}],"wp:attachment":[{"href":"https:\/\/shop.diolosa.com\/pl\/wp-json\/wp\/v2\/media?parent=3840904"}],"wp:term":[{"taxonomy":"product_brand","embeddable":true,"href":"https:\/\/shop.diolosa.com\/pl\/wp-json\/wp\/v2\/product_brand?post=3840904"},{"taxonomy":"product_cat","embeddable":true,"href":"https:\/\/shop.diolosa.com\/pl\/wp-json\/wp\/v2\/product_cat?post=3840904"},{"taxonomy":"product_tag","embeddable":true,"href":"https:\/\/shop.diolosa.com\/pl\/wp-json\/wp\/v2\/product_tag?post=3840904"}],"curies":[{"name":"wp","href":"https:\/\/api.w.org\/{rel}","templated":true}]}}