{"id":3840907,"date":"2019-09-04T12:14:30","date_gmt":"2025-03-10T05:53:56","guid":{"rendered":"https:\/\/shop.diolosa.com\/product\/shl-taming-the-dragon\/"},"modified":"2025-05-06T14:51:17","modified_gmt":"2025-05-06T13:51:17","slug":"shl-taming-the-dragon","status":"publish","type":"product","link":"https:\/\/shop.diolosa.com\/pl\/product\/shl-taming-the-dragon\/","title":{"rendered":"SHL Taming the Dragon"},"content":{"rendered":"<p><strong>SHL TAMING THE DRAGON<\/strong> jest stosowany w leczeniu inwazyjnego PE Wiatru i Ciep\u0142a w Shao Yang. Preparat ten jest modyfikacj\u0105 &#8222;Xiao Chai Hu Tang&#8221; i jest stosowany w przypadku wielu wzorc\u00f3w chorobowych z jednostronn\u0105 patologi\u0105. SHL TAMING THE DRAGON rozprasza Ciep\u0142o Wiatru, stymuluje kr\u0105\u017cenie Qi Shao Yang, usuwa Ciep\u0142o i toksyny, obni\u017ca Qi Yang Ming i ma dzia\u0142anie wykrztu\u015bne.<\/p>\n","protected":false},"excerpt":{"rendered":"<p>SHL TAMING THE DRAGON jest stosowany w leczeniu inwazyjnego PE  [&#8230;]<\/p>\n","protected":false},"featured_media":3835943,"template":"","meta":{"_acf_changed":false},"product_brand":[],"product_cat":[11991],"product_tag":[12085],"class_list":{"0":"post-3840907","1":"product","2":"type-product","3":"status-publish","4":"has-post-thumbnail","6":"product_cat-shang-han-lun-pl","7":"product_tag-zespol-shao-yang","9":"first","10":"instock","11":"taxable","12":"shipping-taxable","13":"purchasable","14":"product-type-simple"},"acf":{"yn_product_audio":"https:\/\/shop.diolosa.com\/wp-content\/uploads\/2018\/12\/DL_0775.mp3","yn_product_video":"https:\/\/shop.diolosa.com\/wp-content\/uploads\/2025\/03\/SHL-Taming-The-Dragon-.mp4","yn_product_akupunktur":"<p><strong>Rozproszenie ciep\u0142a wiatru<\/strong><br \/>\nsan chiao 5 &#8211; wai guan (yang wei mai, luo) &#8211; xie fa<br \/>\nsan chiao 3 &#8211; zhong zhu (shu) &#8211; xie fa<br \/>\nsan chiao 6 &#8211; zhi gou (jing) &#8211; xie fa<br \/>\nworeczek \u017c\u00f3\u0142ciowy 20 &#8211; feng chi (san chiao, yang wei mai) &#8211; xie fa<br \/>\nlon\u017ca 7 &#8211; lie que (luo, ren mai) &#8211; xie fa<br \/>\ndwukropek 11 &#8211; qu chi &#8211; gui tui (he &#8211; gui) &#8211; xie fa<br \/>\nsan chiao 10 &#8211; tian jing (he) &#8211; xie fa<br \/>\nsan chiao 18 &#8211; chi mai &#8211; xie fa<br \/>\nworeczek \u017c\u00f3\u0142ciowy 12 &#8211; wang gu &#8211; xie fa<br \/>\nsan chiao 12 &#8211; xiao luo &#8211; xie fa<br \/>\nworeczek \u017c\u00f3\u0142ciowy 22 &#8211; yuan ye &#8211; xie fa<\/p>\n<p><strong>Obni\u017cenie Qi \u017co\u0142\u0105dka i jelita<\/strong> grubego<br \/>\nkr\u0105\u017cenie 6 &#8211; nei guan (luo, yin wei mai) &#8211; xie fa<br \/>\n\u017co\u0142\u0105dek 25 &#8211; tian shu (mo, jelito grube, ME) &#8211; xie fa<br \/>\n\u017co\u0142\u0105dek 37 &#8211; shang ju xu (xia he xue &#8211; jelito grube, jezioro krwi, chong mai) &#8211; xie fa<\/p>\n","yn_product_verabreichungsart":"Pelety 140szt.","yn_product_dosierung":"<p>3 x 6 do 9 tabletek dziennie, przyjmowanych przed posi\u0142kami, popijaj\u0105c herbat\u0105 mi\u0119tow\u0105.<\/p>\n","yn_product_combinations":"<p>WBL GREEN PROTECTION SCREEN (zesp\u00f3\u0142 Wei Fen), RED SHELL (ostre zapalenie ucha \u015brodkowego), WIND SCREEN (\u015bwinka), GREAT DRAGON&#8217;S BREATH (katar sienny)<\/p>\n","yn_product_avoidable":"<p>Suplementy witaminy C, owoce tropikalne, sok pomara\u0144czowy, mandarynki, cytryna, kiszona kapusta, jogurt, kefir, ser, mleko, czarna i zielona herbata, t\u0142uste i sma\u017cone potrawy.<\/p>\n","yn_product_tcm_mindmapping":"<p>Wiatr atakuje Shao Yang > Stagnacja Qi Shao Yang > Stagnacja Qi Yang Ming > Wilgo\u0107\/gor\u0105co \u015bluzu<\/p>\n","yn_product_tongue_body":"<p>OB<\/p>\n","yn_product_tongue_coating":"<p>Cienki, \u017c\u00f3\u0142ty<\/p>\n","yn_product_pulse_diagnostics":"<p>Og\u00f3lne: xian mai &#8211; napi\u0119ty, shi mai &#8211; pe\u0142ny, shuo mai &#8211; szybki<\/p>\n","yn_product_indications":"<p>Dreszcze i gor\u0105czka na przemian, zapalenie spoj\u00f3wek, zapalenie ucha \u015brodkowego, boczny b\u00f3l g\u0142owy, gor\u0105czka, gorzki smak w ustach, nudno\u015bci, sk\u0105pomocz, zaburzenia widzenia<\/p>\n","yn_product_contra_indications":"<p>Zimny wiatr<\/p>\n","yn_product_pregnancy":"<p>Dozwolone<\/p>\n","yn_product_herbs":"<p>bupleurum radix &#8211; chai hu, scutellariae baicalensis radix &#8211; huang qin, pinelliae ternatae rhizoma &#8211; ban xia, caulis bambusae in taeniam &#8211; zhu ru, gardeniae jasminoidis fructus &#8211; zhi zi, citrus aurantii fructus &#8211; zhi ke, zingiberis recensis officinalis rhizoma &#8211; sheng jiang<\/p>\n","yn_product_magisterrecipes":"<p>Xiao Chai Hu Tang<\/p>\n"},"yoast_head":"<!-- This site is optimized with the Yoast SEO plugin v24.9 - https:\/\/yoast.com\/wordpress\/plugins\/seo\/ -->\n<title>SHL Taming the Dragon - Claude Diolosa<\/title>\n<meta name=\"robots\" content=\"index, follow, max-snippet:-1, max-image-preview:large, max-video-preview:-1\" \/>\n<link rel=\"canonical\" href=\"https:\/\/shop.diolosa.com\/pl\/product\/shl-taming-the-dragon\/\" \/>\n<meta property=\"og:locale\" content=\"pl_PL\" \/>\n<meta property=\"og:type\" content=\"article\" \/>\n<meta property=\"og:title\" content=\"SHL Taming the Dragon - Claude Diolosa\" \/>\n<meta property=\"og:description\" content=\"SHL TAMING THE DRAGON jest stosowany w leczeniu inwazyjnego PE [...]\" \/>\n<meta property=\"og:url\" content=\"https:\/\/shop.diolosa.com\/pl\/product\/shl-taming-the-dragon\/\" \/>\n<meta property=\"og:site_name\" content=\"Claude Diolosa\" \/>\n<meta property=\"article:publisher\" content=\"https:\/\/facebook.com\/claudediolosa\" \/>\n<meta property=\"article:modified_time\" content=\"2025-05-06T13:51:17+00:00\" \/>\n<meta property=\"og:image\" content=\"https:\/\/shop.diolosa.com\/wp-content\/uploads\/2019\/09\/Presslinge-140.jpg\" \/>\n\t<meta property=\"og:image:width\" content=\"800\" \/>\n\t<meta property=\"og:image:height\" content=\"533\" \/>\n\t<meta property=\"og:image:type\" content=\"image\/jpeg\" \/>\n<meta name=\"twitter:card\" content=\"summary_large_image\" \/>\n<script type=\"application\/ld+json\" class=\"yoast-schema-graph\">{\"@context\":\"https:\/\/schema.org\",\"@graph\":[{\"@type\":\"WebPage\",\"@id\":\"https:\/\/shop.diolosa.com\/pl\/product\/shl-taming-the-dragon\/\",\"url\":\"https:\/\/shop.diolosa.com\/pl\/product\/shl-taming-the-dragon\/\",\"name\":\"SHL Taming the Dragon - Claude Diolosa\",\"isPartOf\":{\"@id\":\"https:\/\/shop.diolosa.com\/pl\/#website\"},\"primaryImageOfPage\":{\"@id\":\"https:\/\/shop.diolosa.com\/pl\/product\/shl-taming-the-dragon\/#primaryimage\"},\"image\":{\"@id\":\"https:\/\/shop.diolosa.com\/pl\/product\/shl-taming-the-dragon\/#primaryimage\"},\"thumbnailUrl\":\"https:\/\/shop.diolosa.com\/wp-content\/uploads\/2019\/09\/Presslinge-140.jpg\",\"datePublished\":\"2025-03-10T05:53:56+00:00\",\"dateModified\":\"2025-05-06T13:51:17+00:00\",\"breadcrumb\":{\"@id\":\"https:\/\/shop.diolosa.com\/pl\/product\/shl-taming-the-dragon\/#breadcrumb\"},\"inLanguage\":\"pl-PL\",\"potentialAction\":[{\"@type\":\"ReadAction\",\"target\":[\"https:\/\/shop.diolosa.com\/pl\/product\/shl-taming-the-dragon\/\"]}]},{\"@type\":\"ImageObject\",\"inLanguage\":\"pl-PL\",\"@id\":\"https:\/\/shop.diolosa.com\/pl\/product\/shl-taming-the-dragon\/#primaryimage\",\"url\":\"https:\/\/shop.diolosa.com\/wp-content\/uploads\/2019\/09\/Presslinge-140.jpg\",\"contentUrl\":\"https:\/\/shop.diolosa.com\/wp-content\/uploads\/2019\/09\/Presslinge-140.jpg\",\"width\":800,\"height\":533},{\"@type\":\"BreadcrumbList\",\"@id\":\"https:\/\/shop.diolosa.com\/pl\/product\/shl-taming-the-dragon\/#breadcrumb\",\"itemListElement\":[{\"@type\":\"ListItem\",\"position\":1,\"name\":\"Startseite\",\"item\":\"https:\/\/shop.diolosa.com\/pl\/?page_id=3835710\"},{\"@type\":\"ListItem\",\"position\":2,\"name\":\"Sklep\",\"item\":\"https:\/\/shop.diolosa.com\/pl\/?page_id=3835710\"},{\"@type\":\"ListItem\",\"position\":3,\"name\":\"SHL Taming the Dragon\"}]},{\"@type\":\"WebSite\",\"@id\":\"https:\/\/shop.diolosa.com\/pl\/#website\",\"url\":\"https:\/\/shop.diolosa.com\/pl\/\",\"name\":\"Claude Diolosa\",\"description\":\"\",\"publisher\":{\"@id\":\"https:\/\/shop.diolosa.com\/pl\/#organization\"},\"potentialAction\":[{\"@type\":\"SearchAction\",\"target\":{\"@type\":\"EntryPoint\",\"urlTemplate\":\"https:\/\/shop.diolosa.com\/pl\/?s={search_term_string}\"},\"query-input\":{\"@type\":\"PropertyValueSpecification\",\"valueRequired\":true,\"valueName\":\"search_term_string\"}}],\"inLanguage\":\"pl-PL\"},{\"@type\":\"Organization\",\"@id\":\"https:\/\/shop.diolosa.com\/pl\/#organization\",\"name\":\"Claude Diolosa\",\"url\":\"https:\/\/shop.diolosa.com\/pl\/\",\"logo\":{\"@type\":\"ImageObject\",\"inLanguage\":\"pl-PL\",\"@id\":\"https:\/\/shop.diolosa.com\/pl\/#\/schema\/logo\/image\/\",\"url\":\"https:\/\/shop.diolosa.com\/wp-content\/uploads\/2019\/08\/diolosa-drop-logo-new.png\",\"contentUrl\":\"https:\/\/shop.diolosa.com\/wp-content\/uploads\/2019\/08\/diolosa-drop-logo-new.png\",\"width\":134,\"height\":176,\"caption\":\"Claude Diolosa\"},\"image\":{\"@id\":\"https:\/\/shop.diolosa.com\/pl\/#\/schema\/logo\/image\/\"},\"sameAs\":[\"https:\/\/facebook.com\/claudediolosa\",\"https:\/\/www.instagram.com\/diolosaclaude108\/\"]}]}<\/script>\n<!-- \/ Yoast SEO plugin. -->","yoast_head_json":{"title":"SHL Taming the Dragon - Claude Diolosa","robots":{"index":"index","follow":"follow","max-snippet":"max-snippet:-1","max-image-preview":"max-image-preview:large","max-video-preview":"max-video-preview:-1"},"canonical":"https:\/\/shop.diolosa.com\/pl\/product\/shl-taming-the-dragon\/","og_locale":"pl_PL","og_type":"article","og_title":"SHL Taming the Dragon - Claude Diolosa","og_description":"SHL TAMING THE DRAGON jest stosowany w leczeniu inwazyjnego PE [...]","og_url":"https:\/\/shop.diolosa.com\/pl\/product\/shl-taming-the-dragon\/","og_site_name":"Claude Diolosa","article_publisher":"https:\/\/facebook.com\/claudediolosa","article_modified_time":"2025-05-06T13:51:17+00:00","og_image":[{"width":800,"height":533,"url":"https:\/\/shop.diolosa.com\/wp-content\/uploads\/2019\/09\/Presslinge-140.jpg","type":"image\/jpeg"}],"twitter_card":"summary_large_image","schema":{"@context":"https:\/\/schema.org","@graph":[{"@type":"WebPage","@id":"https:\/\/shop.diolosa.com\/pl\/product\/shl-taming-the-dragon\/","url":"https:\/\/shop.diolosa.com\/pl\/product\/shl-taming-the-dragon\/","name":"SHL Taming the Dragon - Claude Diolosa","isPartOf":{"@id":"https:\/\/shop.diolosa.com\/pl\/#website"},"primaryImageOfPage":{"@id":"https:\/\/shop.diolosa.com\/pl\/product\/shl-taming-the-dragon\/#primaryimage"},"image":{"@id":"https:\/\/shop.diolosa.com\/pl\/product\/shl-taming-the-dragon\/#primaryimage"},"thumbnailUrl":"https:\/\/shop.diolosa.com\/wp-content\/uploads\/2019\/09\/Presslinge-140.jpg","datePublished":"2025-03-10T05:53:56+00:00","dateModified":"2025-05-06T13:51:17+00:00","breadcrumb":{"@id":"https:\/\/shop.diolosa.com\/pl\/product\/shl-taming-the-dragon\/#breadcrumb"},"inLanguage":"pl-PL","potentialAction":[{"@type":"ReadAction","target":["https:\/\/shop.diolosa.com\/pl\/product\/shl-taming-the-dragon\/"]}]},{"@type":"ImageObject","inLanguage":"pl-PL","@id":"https:\/\/shop.diolosa.com\/pl\/product\/shl-taming-the-dragon\/#primaryimage","url":"https:\/\/shop.diolosa.com\/wp-content\/uploads\/2019\/09\/Presslinge-140.jpg","contentUrl":"https:\/\/shop.diolosa.com\/wp-content\/uploads\/2019\/09\/Presslinge-140.jpg","width":800,"height":533},{"@type":"BreadcrumbList","@id":"https:\/\/shop.diolosa.com\/pl\/product\/shl-taming-the-dragon\/#breadcrumb","itemListElement":[{"@type":"ListItem","position":1,"name":"Startseite","item":"https:\/\/shop.diolosa.com\/pl\/?page_id=3835710"},{"@type":"ListItem","position":2,"name":"Sklep","item":"https:\/\/shop.diolosa.com\/pl\/?page_id=3835710"},{"@type":"ListItem","position":3,"name":"SHL Taming the Dragon"}]},{"@type":"WebSite","@id":"https:\/\/shop.diolosa.com\/pl\/#website","url":"https:\/\/shop.diolosa.com\/pl\/","name":"Claude Diolosa","description":"","publisher":{"@id":"https:\/\/shop.diolosa.com\/pl\/#organization"},"potentialAction":[{"@type":"SearchAction","target":{"@type":"EntryPoint","urlTemplate":"https:\/\/shop.diolosa.com\/pl\/?s={search_term_string}"},"query-input":{"@type":"PropertyValueSpecification","valueRequired":true,"valueName":"search_term_string"}}],"inLanguage":"pl-PL"},{"@type":"Organization","@id":"https:\/\/shop.diolosa.com\/pl\/#organization","name":"Claude Diolosa","url":"https:\/\/shop.diolosa.com\/pl\/","logo":{"@type":"ImageObject","inLanguage":"pl-PL","@id":"https:\/\/shop.diolosa.com\/pl\/#\/schema\/logo\/image\/","url":"https:\/\/shop.diolosa.com\/wp-content\/uploads\/2019\/08\/diolosa-drop-logo-new.png","contentUrl":"https:\/\/shop.diolosa.com\/wp-content\/uploads\/2019\/08\/diolosa-drop-logo-new.png","width":134,"height":176,"caption":"Claude Diolosa"},"image":{"@id":"https:\/\/shop.diolosa.com\/pl\/#\/schema\/logo\/image\/"},"sameAs":["https:\/\/facebook.com\/claudediolosa","https:\/\/www.instagram.com\/diolosaclaude108\/"]}]}},"_links":{"self":[{"href":"https:\/\/shop.diolosa.com\/pl\/wp-json\/wp\/v2\/product\/3840907","targetHints":{"allow":["GET"]}}],"collection":[{"href":"https:\/\/shop.diolosa.com\/pl\/wp-json\/wp\/v2\/product"}],"about":[{"href":"https:\/\/shop.diolosa.com\/pl\/wp-json\/wp\/v2\/types\/product"}],"wp:featuredmedia":[{"embeddable":true,"href":"https:\/\/shop.diolosa.com\/pl\/wp-json\/wp\/v2\/media\/3835943"}],"wp:attachment":[{"href":"https:\/\/shop.diolosa.com\/pl\/wp-json\/wp\/v2\/media?parent=3840907"}],"wp:term":[{"taxonomy":"product_brand","embeddable":true,"href":"https:\/\/shop.diolosa.com\/pl\/wp-json\/wp\/v2\/product_brand?post=3840907"},{"taxonomy":"product_cat","embeddable":true,"href":"https:\/\/shop.diolosa.com\/pl\/wp-json\/wp\/v2\/product_cat?post=3840907"},{"taxonomy":"product_tag","embeddable":true,"href":"https:\/\/shop.diolosa.com\/pl\/wp-json\/wp\/v2\/product_tag?post=3840907"}],"curies":[{"name":"wp","href":"https:\/\/api.w.org\/{rel}","templated":true}]}}