{"id":3840908,"date":"2019-09-04T12:14:30","date_gmt":"2025-03-10T05:53:57","guid":{"rendered":"https:\/\/shop.diolosa.com\/product\/powrot-na-ziemie\/"},"modified":"2025-05-31T08:02:49","modified_gmt":"2025-05-31T07:02:49","slug":"powrot-na-ziemie","status":"publish","type":"product","link":"https:\/\/shop.diolosa.com\/pl\/product\/powrot-na-ziemie\/","title":{"rendered":"Powr\u00f3t na Ziemi\u0119"},"content":{"rendered":"<p>BACK TO THE EARTH jest stosowany w szczeg\u00f3lno\u015bci w leczeniu zawrot\u00f3w g\u0142owy, kt\u00f3re cz\u0119sto opisywane s\u0105 jako uczucie przechylania si\u0119 do przodu lub utraty r\u00f3wnowagi. Preparat ten odzwierciedla koncepcj\u0119 Jue Yin, kt\u00f3ra odgrywa wa\u017cn\u0105 rol\u0119 w tradycyjnej medycynie chi\u0144skiej i cz\u0119sto wi\u0105\u017ce si\u0119 z niedostatecznym dop\u0142ywem energii do m\u00f3zgu. BACK TO THE EARTH ma zdolno\u015b\u0107 tonizowania i podnoszenia Qi, co oznacza, \u017ce wzmacnia i aktywuje energi\u0119 \u017cyciow\u0105 w organizmie. Bezpo\u015brednio od\u017cywia r\u00f3wnie\u017c m\u00f3zg i wspiera jego funkcjonalno\u015b\u0107.   <\/p>\n<p>Innym wa\u017cnym aspektem tego preparatu jest jego wp\u0142yw na przep\u0142yw krwi; sprawniej przepuszcza krew przez cia\u0142o, zapobiegaj\u0105c zatorom lub gromadzeniu si\u0119 opalenizny w okolicy g\u0142owy. Osady te mog\u0105 cz\u0119sto prowadzi\u0107 do uczucia ci\u0119\u017cko\u015bci lub dezorientacji. Ponadto BACK TO THE EARTH oczyszcza narz\u0105dy zmys\u0142\u00f3w, takie jak oczy i uszy, co ma kluczowe znaczenie dla zachowania r\u00f3wnowagi. Otwiera r\u00f3wnie\u017c subtelne kana\u0142y serca, co mo\u017ce uwolni\u0107 blokady emocjonalne i promowa\u0107 harmonijne po\u0142\u0105czenie mi\u0119dzy umys\u0142em a cia\u0142em.   <\/p>\n<p><strong>&nbsp;<\/strong><\/p>\n","protected":false},"excerpt":{"rendered":"<p>&nbsp;<\/p>\n<p>&nbsp;<\/p>\n<p>&nbsp;<\/p>\n","protected":false},"featured_media":3835943,"template":"","meta":{"_acf_changed":false},"product_brand":[],"product_cat":[11834],"product_tag":[12086],"class_list":{"0":"post-3840908","1":"product","2":"type-product","3":"status-publish","4":"has-post-thumbnail","6":"product_cat-neurologia","7":"product_tag-zawroty-glowy-kolysanie","9":"first","10":"instock","11":"taxable","12":"shipping-taxable","13":"purchasable","14":"product-type-simple"},"acf":{"yn_product_audio":"https:\/\/shop.diolosa.com\/wp-content\/uploads\/2018\/12\/DL_0781.mp3","yn_product_video":"https:\/\/shop.diolosa.com\/wp-content\/uploads\/2025\/04\/Back-To-The-Earth-.mp4","yn_product_akupunktur":"<p>Tonizowanie yuan qi<br \/>\nren mai 4 &#8211; guan yuan (mo>)jelito cienkie, w\u0105troba, nerki, \u015bledziona) &#8211; bu fa z mox\u0105<br \/>\nren mai 6 &#8211; qi hai (yuan qi) &#8211; bu fa z mox\u0105<br \/>\nren mai 8 &#8211; shen que &#8211; bu fa z sol\u0105 i mox\u0105<br \/>\n\u017co\u0142\u0105dek 36 &#8211; zu san li (shu, xia he xue &#8211; \u017co\u0142\u0105dek, si hai xue, si zhong xue) &#8211; bu fa<br \/>\n\u015bledziona 6 &#8211; san yin jiao (le,ni,mb) &#8211; bu fa<br \/>\n\u015bledziona 2 &#8211; da du (ying) &#8211; bu fa<br \/>\np\u0119cherz 20 &#8211; pi shu &#8211; bu fa<br \/>\np\u0119cherz 17 &#8211; ge shu (krew) &#8211; bu fa<\/p>\n<p>Tonizowanie nerek<br \/>\np\u0119cherz 23 &#8211; shen shu &#8211; bu fa z mox\u0105<br \/>\nnerki 3 &#8211; tai xi (shu,yuan) &#8211; bu fa<br \/>\np\u0119cherz 43 &#8211; gao huang shu (qi,xue,jinye,yin,yang) &#8211; bu fa<\/p>\n","yn_product_verabreichungsart":"Pelety 140szt.","yn_product_dosierung":"<p>3 x 6 do 10 tabletek dziennie, przed posi\u0142kami<\/p>\n","yn_product_combinations":"<p>MORZE QI (zapa\u015b\u0107 Qi), KORZE\u0143 YANG, RINCHEN TEE, OGRZEWANIE KORZENIA (niedob\u00f3r Yang nerek), KROPLE \u017bELAZA (niedokrwisto\u015b\u0107), WITALNO\u015a\u0106 (niedob\u00f3r Qi i krwi), REGENERACJA (pustka przed- i poporodowa), OD\u017bYWIANIE ESSENCJI (niedob\u00f3r Yin i Jin Ye), WIELKA HARMONIA (niedob\u00f3r Qi i mokro\u015b\u0107 Yang Ming).<\/p>\n","yn_product_avoidable":"<p>Produkty mleczne, zw\u0142aszcza jogurt, kefir, \u015bmietana, cukier, owoce tropikalne, owoce cytrusowe, soki owocowe, sa\u0142ata, og\u00f3rek, pomidor, czarna herbata, zielona herbata, kawa, herbata mi\u0119towa, herbata rumiankowa.<\/p>\n","yn_product_tcm_mindmapping":"<p>Niedob\u00f3r Yuan Qi > Niedoczynno\u015b\u0107 m\u00f3zgu<\/p>\n","yn_product_tongue_body":"<p>Bezsilny, okr\u0105g\u0142y, wilgotny, w\u0105ski, blady do fioletowego<\/p>\n","yn_product_tongue_coating":"<p>Cienki, bia\u0142y i wilgotny<\/p>\n","yn_product_pulse_diagnostics":"<p>Og\u00f3lne: duan mai &#8211; kr\u00f3tki, xi mai &#8211; cienki, xu mai &#8211; pusty, chi mai &#8211; powolny, se mai &#8211; szorstki<\/p>\n","yn_product_indications":"<p>Zaburzenia r\u00f3wnowagi, zapa\u015b\u0107 kr\u0105\u017ceniowa, mroczki przed oczami, przewlek\u0142e b\u00f3le g\u0142owy, b\u00f3le g\u0142owy, niewyra\u017ane widzenie, nudno\u015bci, hipotermia<\/p>\n","yn_product_contra_indications":"<p>Ciep\u0142o \u015bluzu p\u0119cherzyka \u017c\u00f3\u0142ciowego, od\u0142\u0105czenie yang w\u0105troby, nadci\u015bnienie t\u0119tnicze<\/p>\n","yn_product_pregnancy":"<p>Dozwolone<\/p>\n","yn_product_herbs":"<p>astragali radix &#8211; huang qi, ligusticii rhizoma &#8211; chuan xiong, angelicae sinensis radix &#8211; dang gui, zizyphi jujubae fructus &#8211; da zao, zingiberis rhizoma recensis &#8211; sheng jiang<\/p>\n","yn_product_magisterrecipes":"<p>Bu Zhong Yi Qi Tang, Si Jun Zi Tang<\/p>\n"},"yoast_head":"<!-- This site is optimized with the Yoast SEO plugin v24.9 - https:\/\/yoast.com\/wordpress\/plugins\/seo\/ -->\n<title>Powr\u00f3t na Ziemi\u0119 - Claude Diolosa<\/title>\n<meta name=\"robots\" content=\"index, follow, max-snippet:-1, max-image-preview:large, max-video-preview:-1\" \/>\n<link rel=\"canonical\" href=\"https:\/\/shop.diolosa.com\/pl\/product\/powrot-na-ziemie\/\" \/>\n<meta property=\"og:locale\" content=\"pl_PL\" \/>\n<meta property=\"og:type\" content=\"article\" \/>\n<meta property=\"og:title\" content=\"Powr\u00f3t na Ziemi\u0119 - Claude Diolosa\" \/>\n<meta property=\"og:description\" content=\"&nbsp; &nbsp; &nbsp;\" \/>\n<meta property=\"og:url\" content=\"https:\/\/shop.diolosa.com\/pl\/product\/powrot-na-ziemie\/\" \/>\n<meta property=\"og:site_name\" content=\"Claude Diolosa\" \/>\n<meta property=\"article:publisher\" content=\"https:\/\/facebook.com\/claudediolosa\" \/>\n<meta property=\"article:modified_time\" content=\"2025-05-31T07:02:49+00:00\" \/>\n<meta property=\"og:image\" content=\"https:\/\/shop.diolosa.com\/wp-content\/uploads\/2019\/09\/Presslinge-140.jpg\" \/>\n\t<meta property=\"og:image:width\" content=\"800\" \/>\n\t<meta property=\"og:image:height\" content=\"533\" \/>\n\t<meta property=\"og:image:type\" content=\"image\/jpeg\" \/>\n<meta name=\"twitter:card\" content=\"summary_large_image\" \/>\n<meta name=\"twitter:label1\" content=\"Szacowany czas czytania\" \/>\n\t<meta name=\"twitter:data1\" content=\"1 minuta\" \/>\n<script type=\"application\/ld+json\" class=\"yoast-schema-graph\">{\"@context\":\"https:\/\/schema.org\",\"@graph\":[{\"@type\":\"WebPage\",\"@id\":\"https:\/\/shop.diolosa.com\/pl\/product\/powrot-na-ziemie\/\",\"url\":\"https:\/\/shop.diolosa.com\/pl\/product\/powrot-na-ziemie\/\",\"name\":\"Powr\u00f3t na Ziemi\u0119 - Claude Diolosa\",\"isPartOf\":{\"@id\":\"https:\/\/shop.diolosa.com\/pl\/#website\"},\"primaryImageOfPage\":{\"@id\":\"https:\/\/shop.diolosa.com\/pl\/product\/powrot-na-ziemie\/#primaryimage\"},\"image\":{\"@id\":\"https:\/\/shop.diolosa.com\/pl\/product\/powrot-na-ziemie\/#primaryimage\"},\"thumbnailUrl\":\"https:\/\/shop.diolosa.com\/wp-content\/uploads\/2019\/09\/Presslinge-140.jpg\",\"datePublished\":\"2025-03-10T05:53:57+00:00\",\"dateModified\":\"2025-05-31T07:02:49+00:00\",\"breadcrumb\":{\"@id\":\"https:\/\/shop.diolosa.com\/pl\/product\/powrot-na-ziemie\/#breadcrumb\"},\"inLanguage\":\"pl-PL\",\"potentialAction\":[{\"@type\":\"ReadAction\",\"target\":[\"https:\/\/shop.diolosa.com\/pl\/product\/powrot-na-ziemie\/\"]}]},{\"@type\":\"ImageObject\",\"inLanguage\":\"pl-PL\",\"@id\":\"https:\/\/shop.diolosa.com\/pl\/product\/powrot-na-ziemie\/#primaryimage\",\"url\":\"https:\/\/shop.diolosa.com\/wp-content\/uploads\/2019\/09\/Presslinge-140.jpg\",\"contentUrl\":\"https:\/\/shop.diolosa.com\/wp-content\/uploads\/2019\/09\/Presslinge-140.jpg\",\"width\":800,\"height\":533},{\"@type\":\"BreadcrumbList\",\"@id\":\"https:\/\/shop.diolosa.com\/pl\/product\/powrot-na-ziemie\/#breadcrumb\",\"itemListElement\":[{\"@type\":\"ListItem\",\"position\":1,\"name\":\"Startseite\",\"item\":\"https:\/\/shop.diolosa.com\/pl\/?page_id=3835710\"},{\"@type\":\"ListItem\",\"position\":2,\"name\":\"Sklep\",\"item\":\"https:\/\/shop.diolosa.com\/pl\/?page_id=3835710\"},{\"@type\":\"ListItem\",\"position\":3,\"name\":\"Powr\u00f3t na Ziemi\u0119\"}]},{\"@type\":\"WebSite\",\"@id\":\"https:\/\/shop.diolosa.com\/pl\/#website\",\"url\":\"https:\/\/shop.diolosa.com\/pl\/\",\"name\":\"Claude Diolosa\",\"description\":\"\",\"publisher\":{\"@id\":\"https:\/\/shop.diolosa.com\/pl\/#organization\"},\"potentialAction\":[{\"@type\":\"SearchAction\",\"target\":{\"@type\":\"EntryPoint\",\"urlTemplate\":\"https:\/\/shop.diolosa.com\/pl\/?s={search_term_string}\"},\"query-input\":{\"@type\":\"PropertyValueSpecification\",\"valueRequired\":true,\"valueName\":\"search_term_string\"}}],\"inLanguage\":\"pl-PL\"},{\"@type\":\"Organization\",\"@id\":\"https:\/\/shop.diolosa.com\/pl\/#organization\",\"name\":\"Claude Diolosa\",\"url\":\"https:\/\/shop.diolosa.com\/pl\/\",\"logo\":{\"@type\":\"ImageObject\",\"inLanguage\":\"pl-PL\",\"@id\":\"https:\/\/shop.diolosa.com\/pl\/#\/schema\/logo\/image\/\",\"url\":\"https:\/\/shop.diolosa.com\/wp-content\/uploads\/2019\/08\/diolosa-drop-logo-new.png\",\"contentUrl\":\"https:\/\/shop.diolosa.com\/wp-content\/uploads\/2019\/08\/diolosa-drop-logo-new.png\",\"width\":134,\"height\":176,\"caption\":\"Claude Diolosa\"},\"image\":{\"@id\":\"https:\/\/shop.diolosa.com\/pl\/#\/schema\/logo\/image\/\"},\"sameAs\":[\"https:\/\/facebook.com\/claudediolosa\",\"https:\/\/www.instagram.com\/diolosaclaude108\/\"]}]}<\/script>\n<!-- \/ Yoast SEO plugin. -->","yoast_head_json":{"title":"Powr\u00f3t na Ziemi\u0119 - Claude Diolosa","robots":{"index":"index","follow":"follow","max-snippet":"max-snippet:-1","max-image-preview":"max-image-preview:large","max-video-preview":"max-video-preview:-1"},"canonical":"https:\/\/shop.diolosa.com\/pl\/product\/powrot-na-ziemie\/","og_locale":"pl_PL","og_type":"article","og_title":"Powr\u00f3t na Ziemi\u0119 - Claude Diolosa","og_description":"&nbsp; &nbsp; &nbsp;","og_url":"https:\/\/shop.diolosa.com\/pl\/product\/powrot-na-ziemie\/","og_site_name":"Claude Diolosa","article_publisher":"https:\/\/facebook.com\/claudediolosa","article_modified_time":"2025-05-31T07:02:49+00:00","og_image":[{"width":800,"height":533,"url":"https:\/\/shop.diolosa.com\/wp-content\/uploads\/2019\/09\/Presslinge-140.jpg","type":"image\/jpeg"}],"twitter_card":"summary_large_image","twitter_misc":{"Szacowany czas czytania":"1 minuta"},"schema":{"@context":"https:\/\/schema.org","@graph":[{"@type":"WebPage","@id":"https:\/\/shop.diolosa.com\/pl\/product\/powrot-na-ziemie\/","url":"https:\/\/shop.diolosa.com\/pl\/product\/powrot-na-ziemie\/","name":"Powr\u00f3t na Ziemi\u0119 - Claude Diolosa","isPartOf":{"@id":"https:\/\/shop.diolosa.com\/pl\/#website"},"primaryImageOfPage":{"@id":"https:\/\/shop.diolosa.com\/pl\/product\/powrot-na-ziemie\/#primaryimage"},"image":{"@id":"https:\/\/shop.diolosa.com\/pl\/product\/powrot-na-ziemie\/#primaryimage"},"thumbnailUrl":"https:\/\/shop.diolosa.com\/wp-content\/uploads\/2019\/09\/Presslinge-140.jpg","datePublished":"2025-03-10T05:53:57+00:00","dateModified":"2025-05-31T07:02:49+00:00","breadcrumb":{"@id":"https:\/\/shop.diolosa.com\/pl\/product\/powrot-na-ziemie\/#breadcrumb"},"inLanguage":"pl-PL","potentialAction":[{"@type":"ReadAction","target":["https:\/\/shop.diolosa.com\/pl\/product\/powrot-na-ziemie\/"]}]},{"@type":"ImageObject","inLanguage":"pl-PL","@id":"https:\/\/shop.diolosa.com\/pl\/product\/powrot-na-ziemie\/#primaryimage","url":"https:\/\/shop.diolosa.com\/wp-content\/uploads\/2019\/09\/Presslinge-140.jpg","contentUrl":"https:\/\/shop.diolosa.com\/wp-content\/uploads\/2019\/09\/Presslinge-140.jpg","width":800,"height":533},{"@type":"BreadcrumbList","@id":"https:\/\/shop.diolosa.com\/pl\/product\/powrot-na-ziemie\/#breadcrumb","itemListElement":[{"@type":"ListItem","position":1,"name":"Startseite","item":"https:\/\/shop.diolosa.com\/pl\/?page_id=3835710"},{"@type":"ListItem","position":2,"name":"Sklep","item":"https:\/\/shop.diolosa.com\/pl\/?page_id=3835710"},{"@type":"ListItem","position":3,"name":"Powr\u00f3t na Ziemi\u0119"}]},{"@type":"WebSite","@id":"https:\/\/shop.diolosa.com\/pl\/#website","url":"https:\/\/shop.diolosa.com\/pl\/","name":"Claude Diolosa","description":"","publisher":{"@id":"https:\/\/shop.diolosa.com\/pl\/#organization"},"potentialAction":[{"@type":"SearchAction","target":{"@type":"EntryPoint","urlTemplate":"https:\/\/shop.diolosa.com\/pl\/?s={search_term_string}"},"query-input":{"@type":"PropertyValueSpecification","valueRequired":true,"valueName":"search_term_string"}}],"inLanguage":"pl-PL"},{"@type":"Organization","@id":"https:\/\/shop.diolosa.com\/pl\/#organization","name":"Claude Diolosa","url":"https:\/\/shop.diolosa.com\/pl\/","logo":{"@type":"ImageObject","inLanguage":"pl-PL","@id":"https:\/\/shop.diolosa.com\/pl\/#\/schema\/logo\/image\/","url":"https:\/\/shop.diolosa.com\/wp-content\/uploads\/2019\/08\/diolosa-drop-logo-new.png","contentUrl":"https:\/\/shop.diolosa.com\/wp-content\/uploads\/2019\/08\/diolosa-drop-logo-new.png","width":134,"height":176,"caption":"Claude Diolosa"},"image":{"@id":"https:\/\/shop.diolosa.com\/pl\/#\/schema\/logo\/image\/"},"sameAs":["https:\/\/facebook.com\/claudediolosa","https:\/\/www.instagram.com\/diolosaclaude108\/"]}]}},"_links":{"self":[{"href":"https:\/\/shop.diolosa.com\/pl\/wp-json\/wp\/v2\/product\/3840908","targetHints":{"allow":["GET"]}}],"collection":[{"href":"https:\/\/shop.diolosa.com\/pl\/wp-json\/wp\/v2\/product"}],"about":[{"href":"https:\/\/shop.diolosa.com\/pl\/wp-json\/wp\/v2\/types\/product"}],"wp:featuredmedia":[{"embeddable":true,"href":"https:\/\/shop.diolosa.com\/pl\/wp-json\/wp\/v2\/media\/3835943"}],"wp:attachment":[{"href":"https:\/\/shop.diolosa.com\/pl\/wp-json\/wp\/v2\/media?parent=3840908"}],"wp:term":[{"taxonomy":"product_brand","embeddable":true,"href":"https:\/\/shop.diolosa.com\/pl\/wp-json\/wp\/v2\/product_brand?post=3840908"},{"taxonomy":"product_cat","embeddable":true,"href":"https:\/\/shop.diolosa.com\/pl\/wp-json\/wp\/v2\/product_cat?post=3840908"},{"taxonomy":"product_tag","embeddable":true,"href":"https:\/\/shop.diolosa.com\/pl\/wp-json\/wp\/v2\/product_tag?post=3840908"}],"curies":[{"name":"wp","href":"https:\/\/api.w.org\/{rel}","templated":true}]}}