{"id":3840935,"date":"2019-09-04T12:12:50","date_gmt":"2025-03-10T05:55:17","guid":{"rendered":"https:\/\/shop.diolosa.com\/product\/phoenix-mouth-supp\/"},"modified":"2025-05-14T06:06:16","modified_gmt":"2025-05-14T05:06:16","slug":"phoenix-mouth-supp","status":"publish","type":"product","link":"https:\/\/shop.diolosa.com\/pl\/product\/phoenix-mouth-supp\/","title":{"rendered":"Phoenix Mouth Supp."},"content":{"rendered":"<p>PHOENIX MOUTH SUPP. jest stosowany jako czopek razem z PHOENIX MOUTH TABLETS w leczeniu zespo\u0142u PAP i Zhong Liu Danger. Preparat ten eliminuje wilgo\u0107, ciep\u0142o i toksyny, przeciwdzia\u0142a grzybicom, dzia\u0142a przeciwzapalnie, \u0142agodzi sw\u0119dzenie narz\u0105d\u00f3w p\u0142ciowych oraz usuwa zastoje krwi i qi.<\/p>\n","protected":false},"excerpt":{"rendered":"<p>PHOENIX MOUTH SUPP. jest stosowany jako czopek razem z PHOENIX  [&#8230;]<\/p>\n","protected":false},"featured_media":3840936,"template":"","meta":{"_acf_changed":false},"product_brand":[],"product_cat":[11799],"product_tag":[12098],"class_list":{"0":"post-3840935","1":"product","2":"type-product","3":"status-publish","4":"has-post-thumbnail","6":"product_cat-ginekologia","7":"product_tag-zespol-pap-supp","9":"first","10":"instock","11":"taxable","12":"shipping-taxable","13":"purchasable","14":"product-type-simple"},"acf":{"yn_product_verabreichungsart":"Czopki 20szt.","yn_product_dosierung":"<p>1 czopek dziennie wieczorem przez co najmniej 12 dni<\/p>\n","yn_product_combinations":"<p>HOT DAMP BELT (\u017c\u00f3\u0142tawa wydzielina), PEACEFUL VALLEY BALM and SUPP. (grzybica), CLEANSING DAYS TABLETS and TEE (wilgotne up\u0142awy), PHOENIX MOUTH TABLETS (granulki na zesp\u00f3\u0142 PAP), HOT STREAM (ostre zapalenie p\u0119cherza moczowego), LADY&#8217;S RELIEF (mastopatia), EASY FLOW HOT (bolesne miesi\u0105czkowanie), YELLOW DRAGON (wirusowe zapalenie w\u0105troby typu B), WATER SEPARATION (wilgotne up\u0142awy). <\/p>\n","yn_product_avoidable":"<p>Ostre przyprawy, alkohol, w\u0119dzenie, kawa, czosnek, por, cebula, jagni\u0119cina, owoce morza<\/p>\n","yn_product_tcm_mindmapping":"<p>W\u0105troba, p\u0119cherzyk \u017c\u00f3\u0142ciowy i Dai Mai Wetness Heat Toxins > Zast\u00f3j Qi i krwi > Zhong Liu<\/p>\n"},"yoast_head":"<!-- This site is optimized with the Yoast SEO plugin v24.9 - https:\/\/yoast.com\/wordpress\/plugins\/seo\/ -->\n<title>Phoenix Mouth Supp. - Claude Diolosa<\/title>\n<meta name=\"robots\" content=\"index, follow, max-snippet:-1, max-image-preview:large, max-video-preview:-1\" \/>\n<link rel=\"canonical\" href=\"https:\/\/shop.diolosa.com\/pl\/product\/phoenix-mouth-supp\/\" \/>\n<meta property=\"og:locale\" content=\"pl_PL\" \/>\n<meta property=\"og:type\" content=\"article\" \/>\n<meta property=\"og:title\" content=\"Phoenix Mouth Supp. - Claude Diolosa\" \/>\n<meta property=\"og:description\" content=\"PHOENIX MOUTH SUPP. jest stosowany jako czopek razem z PHOENIX [...]\" \/>\n<meta property=\"og:url\" content=\"https:\/\/shop.diolosa.com\/pl\/product\/phoenix-mouth-supp\/\" \/>\n<meta property=\"og:site_name\" content=\"Claude Diolosa\" \/>\n<meta property=\"article:publisher\" content=\"https:\/\/facebook.com\/claudediolosa\" \/>\n<meta property=\"article:modified_time\" content=\"2025-05-14T05:06:16+00:00\" \/>\n<meta property=\"og:image\" content=\"https:\/\/shop.diolosa.com\/wp-content\/uploads\/2019\/07\/DL_716_Apotheke_IBK_Produkte.jpg\" \/>\n\t<meta property=\"og:image:width\" content=\"800\" \/>\n\t<meta property=\"og:image:height\" content=\"533\" \/>\n\t<meta property=\"og:image:type\" content=\"image\/jpeg\" \/>\n<meta name=\"twitter:card\" content=\"summary_large_image\" \/>\n<script type=\"application\/ld+json\" class=\"yoast-schema-graph\">{\"@context\":\"https:\/\/schema.org\",\"@graph\":[{\"@type\":\"WebPage\",\"@id\":\"https:\/\/shop.diolosa.com\/pl\/product\/phoenix-mouth-supp\/\",\"url\":\"https:\/\/shop.diolosa.com\/pl\/product\/phoenix-mouth-supp\/\",\"name\":\"Phoenix Mouth Supp. - Claude Diolosa\",\"isPartOf\":{\"@id\":\"https:\/\/shop.diolosa.com\/pl\/#website\"},\"primaryImageOfPage\":{\"@id\":\"https:\/\/shop.diolosa.com\/pl\/product\/phoenix-mouth-supp\/#primaryimage\"},\"image\":{\"@id\":\"https:\/\/shop.diolosa.com\/pl\/product\/phoenix-mouth-supp\/#primaryimage\"},\"thumbnailUrl\":\"https:\/\/shop.diolosa.com\/wp-content\/uploads\/2019\/07\/DL_716_Apotheke_IBK_Produkte.jpg\",\"datePublished\":\"2025-03-10T05:55:17+00:00\",\"dateModified\":\"2025-05-14T05:06:16+00:00\",\"breadcrumb\":{\"@id\":\"https:\/\/shop.diolosa.com\/pl\/product\/phoenix-mouth-supp\/#breadcrumb\"},\"inLanguage\":\"pl-PL\",\"potentialAction\":[{\"@type\":\"ReadAction\",\"target\":[\"https:\/\/shop.diolosa.com\/pl\/product\/phoenix-mouth-supp\/\"]}]},{\"@type\":\"ImageObject\",\"inLanguage\":\"pl-PL\",\"@id\":\"https:\/\/shop.diolosa.com\/pl\/product\/phoenix-mouth-supp\/#primaryimage\",\"url\":\"https:\/\/shop.diolosa.com\/wp-content\/uploads\/2019\/07\/DL_716_Apotheke_IBK_Produkte.jpg\",\"contentUrl\":\"https:\/\/shop.diolosa.com\/wp-content\/uploads\/2019\/07\/DL_716_Apotheke_IBK_Produkte.jpg\",\"width\":800,\"height\":533},{\"@type\":\"BreadcrumbList\",\"@id\":\"https:\/\/shop.diolosa.com\/pl\/product\/phoenix-mouth-supp\/#breadcrumb\",\"itemListElement\":[{\"@type\":\"ListItem\",\"position\":1,\"name\":\"Startseite\",\"item\":\"https:\/\/shop.diolosa.com\/pl\/?page_id=3835710\"},{\"@type\":\"ListItem\",\"position\":2,\"name\":\"Sklep\",\"item\":\"https:\/\/shop.diolosa.com\/pl\/?page_id=3835710\"},{\"@type\":\"ListItem\",\"position\":3,\"name\":\"Phoenix Mouth Supp.\"}]},{\"@type\":\"WebSite\",\"@id\":\"https:\/\/shop.diolosa.com\/pl\/#website\",\"url\":\"https:\/\/shop.diolosa.com\/pl\/\",\"name\":\"Claude Diolosa\",\"description\":\"\",\"publisher\":{\"@id\":\"https:\/\/shop.diolosa.com\/pl\/#organization\"},\"potentialAction\":[{\"@type\":\"SearchAction\",\"target\":{\"@type\":\"EntryPoint\",\"urlTemplate\":\"https:\/\/shop.diolosa.com\/pl\/?s={search_term_string}\"},\"query-input\":{\"@type\":\"PropertyValueSpecification\",\"valueRequired\":true,\"valueName\":\"search_term_string\"}}],\"inLanguage\":\"pl-PL\"},{\"@type\":\"Organization\",\"@id\":\"https:\/\/shop.diolosa.com\/pl\/#organization\",\"name\":\"Claude Diolosa\",\"url\":\"https:\/\/shop.diolosa.com\/pl\/\",\"logo\":{\"@type\":\"ImageObject\",\"inLanguage\":\"pl-PL\",\"@id\":\"https:\/\/shop.diolosa.com\/pl\/#\/schema\/logo\/image\/\",\"url\":\"https:\/\/shop.diolosa.com\/wp-content\/uploads\/2019\/08\/diolosa-drop-logo-new.png\",\"contentUrl\":\"https:\/\/shop.diolosa.com\/wp-content\/uploads\/2019\/08\/diolosa-drop-logo-new.png\",\"width\":134,\"height\":176,\"caption\":\"Claude Diolosa\"},\"image\":{\"@id\":\"https:\/\/shop.diolosa.com\/pl\/#\/schema\/logo\/image\/\"},\"sameAs\":[\"https:\/\/facebook.com\/claudediolosa\",\"https:\/\/www.instagram.com\/diolosaclaude108\/\"]}]}<\/script>\n<!-- \/ Yoast SEO plugin. -->","yoast_head_json":{"title":"Phoenix Mouth Supp. - Claude Diolosa","robots":{"index":"index","follow":"follow","max-snippet":"max-snippet:-1","max-image-preview":"max-image-preview:large","max-video-preview":"max-video-preview:-1"},"canonical":"https:\/\/shop.diolosa.com\/pl\/product\/phoenix-mouth-supp\/","og_locale":"pl_PL","og_type":"article","og_title":"Phoenix Mouth Supp. - Claude Diolosa","og_description":"PHOENIX MOUTH SUPP. jest stosowany jako czopek razem z PHOENIX [...]","og_url":"https:\/\/shop.diolosa.com\/pl\/product\/phoenix-mouth-supp\/","og_site_name":"Claude Diolosa","article_publisher":"https:\/\/facebook.com\/claudediolosa","article_modified_time":"2025-05-14T05:06:16+00:00","og_image":[{"width":800,"height":533,"url":"https:\/\/shop.diolosa.com\/wp-content\/uploads\/2019\/07\/DL_716_Apotheke_IBK_Produkte.jpg","type":"image\/jpeg"}],"twitter_card":"summary_large_image","schema":{"@context":"https:\/\/schema.org","@graph":[{"@type":"WebPage","@id":"https:\/\/shop.diolosa.com\/pl\/product\/phoenix-mouth-supp\/","url":"https:\/\/shop.diolosa.com\/pl\/product\/phoenix-mouth-supp\/","name":"Phoenix Mouth Supp. - Claude Diolosa","isPartOf":{"@id":"https:\/\/shop.diolosa.com\/pl\/#website"},"primaryImageOfPage":{"@id":"https:\/\/shop.diolosa.com\/pl\/product\/phoenix-mouth-supp\/#primaryimage"},"image":{"@id":"https:\/\/shop.diolosa.com\/pl\/product\/phoenix-mouth-supp\/#primaryimage"},"thumbnailUrl":"https:\/\/shop.diolosa.com\/wp-content\/uploads\/2019\/07\/DL_716_Apotheke_IBK_Produkte.jpg","datePublished":"2025-03-10T05:55:17+00:00","dateModified":"2025-05-14T05:06:16+00:00","breadcrumb":{"@id":"https:\/\/shop.diolosa.com\/pl\/product\/phoenix-mouth-supp\/#breadcrumb"},"inLanguage":"pl-PL","potentialAction":[{"@type":"ReadAction","target":["https:\/\/shop.diolosa.com\/pl\/product\/phoenix-mouth-supp\/"]}]},{"@type":"ImageObject","inLanguage":"pl-PL","@id":"https:\/\/shop.diolosa.com\/pl\/product\/phoenix-mouth-supp\/#primaryimage","url":"https:\/\/shop.diolosa.com\/wp-content\/uploads\/2019\/07\/DL_716_Apotheke_IBK_Produkte.jpg","contentUrl":"https:\/\/shop.diolosa.com\/wp-content\/uploads\/2019\/07\/DL_716_Apotheke_IBK_Produkte.jpg","width":800,"height":533},{"@type":"BreadcrumbList","@id":"https:\/\/shop.diolosa.com\/pl\/product\/phoenix-mouth-supp\/#breadcrumb","itemListElement":[{"@type":"ListItem","position":1,"name":"Startseite","item":"https:\/\/shop.diolosa.com\/pl\/?page_id=3835710"},{"@type":"ListItem","position":2,"name":"Sklep","item":"https:\/\/shop.diolosa.com\/pl\/?page_id=3835710"},{"@type":"ListItem","position":3,"name":"Phoenix Mouth Supp."}]},{"@type":"WebSite","@id":"https:\/\/shop.diolosa.com\/pl\/#website","url":"https:\/\/shop.diolosa.com\/pl\/","name":"Claude Diolosa","description":"","publisher":{"@id":"https:\/\/shop.diolosa.com\/pl\/#organization"},"potentialAction":[{"@type":"SearchAction","target":{"@type":"EntryPoint","urlTemplate":"https:\/\/shop.diolosa.com\/pl\/?s={search_term_string}"},"query-input":{"@type":"PropertyValueSpecification","valueRequired":true,"valueName":"search_term_string"}}],"inLanguage":"pl-PL"},{"@type":"Organization","@id":"https:\/\/shop.diolosa.com\/pl\/#organization","name":"Claude Diolosa","url":"https:\/\/shop.diolosa.com\/pl\/","logo":{"@type":"ImageObject","inLanguage":"pl-PL","@id":"https:\/\/shop.diolosa.com\/pl\/#\/schema\/logo\/image\/","url":"https:\/\/shop.diolosa.com\/wp-content\/uploads\/2019\/08\/diolosa-drop-logo-new.png","contentUrl":"https:\/\/shop.diolosa.com\/wp-content\/uploads\/2019\/08\/diolosa-drop-logo-new.png","width":134,"height":176,"caption":"Claude Diolosa"},"image":{"@id":"https:\/\/shop.diolosa.com\/pl\/#\/schema\/logo\/image\/"},"sameAs":["https:\/\/facebook.com\/claudediolosa","https:\/\/www.instagram.com\/diolosaclaude108\/"]}]}},"_links":{"self":[{"href":"https:\/\/shop.diolosa.com\/pl\/wp-json\/wp\/v2\/product\/3840935","targetHints":{"allow":["GET"]}}],"collection":[{"href":"https:\/\/shop.diolosa.com\/pl\/wp-json\/wp\/v2\/product"}],"about":[{"href":"https:\/\/shop.diolosa.com\/pl\/wp-json\/wp\/v2\/types\/product"}],"wp:featuredmedia":[{"embeddable":true,"href":"https:\/\/shop.diolosa.com\/pl\/wp-json\/wp\/v2\/media\/3840936"}],"wp:attachment":[{"href":"https:\/\/shop.diolosa.com\/pl\/wp-json\/wp\/v2\/media?parent=3840935"}],"wp:term":[{"taxonomy":"product_brand","embeddable":true,"href":"https:\/\/shop.diolosa.com\/pl\/wp-json\/wp\/v2\/product_brand?post=3840935"},{"taxonomy":"product_cat","embeddable":true,"href":"https:\/\/shop.diolosa.com\/pl\/wp-json\/wp\/v2\/product_cat?post=3840935"},{"taxonomy":"product_tag","embeddable":true,"href":"https:\/\/shop.diolosa.com\/pl\/wp-json\/wp\/v2\/product_tag?post=3840935"}],"curies":[{"name":"wp","href":"https:\/\/api.w.org\/{rel}","templated":true}]}}