{"id":3840941,"date":"2019-09-04T12:12:50","date_gmt":"2025-03-10T05:55:19","guid":{"rendered":"https:\/\/shop.diolosa.com\/product\/afternoon-heavens-bliss\/"},"modified":"2025-05-30T19:22:12","modified_gmt":"2025-05-30T18:22:12","slug":"afternoon-heavens-bliss","status":"publish","type":"product","link":"https:\/\/shop.diolosa.com\/pl\/product\/afternoon-heavens-bliss\/","title":{"rendered":"Afternoon Heaven&#8217;s Bliss"},"content":{"rendered":"<p>AFTERNOON HEAVEN&#8217;S BLISS jest stosowany szczeg\u00f3lnie w leczeniu przewlek\u0142ej i suchej postaci atopowego zapalenia sk\u00f3ry. Ten innowacyjny preparat ma zdolno\u015b\u0107 od\u017cywiania Yin bez powodowania zator\u00f3w w organizmie, co jest szczeg\u00f3lnie wa\u017cne dla utrzymania zr\u00f3wnowa\u017conego \u015brodowiska wewn\u0119trznego. Jest r\u00f3wnie\u017c skuteczny w zwalczaniu Pustego Ciep\u0142a i Ciep\u0142a Krwi, dw\u00f3ch powszechnych problem\u00f3w zwi\u0105zanych z chorobami sk\u00f3ry, takimi jak atopowe zapalenie sk\u00f3ry.  <\/p>\n<p>Innym wa\u017cnym aspektem tego produktu jest jego zdolno\u015b\u0107 do otwierania naczy\u0144 LUO. Naczynia te odgrywaj\u0105 kluczow\u0105 rol\u0119 w przep\u0142ywie Qi i krwi w organizmie. Promuj\u0105c kr\u0105\u017cenie krwi, AFTERNOON HEAVEN&#8217;S BLISS nie tylko pomaga z\u0142agodzi\u0107 problemy sk\u00f3rne, ale tak\u017ce wspiera og\u00f3lny stan zdrowia sk\u00f3ry.  <\/p>\n<p>Ponadto preparat rozprasza tzw. wiatr sk\u00f3rny &#8211; termin z tradycyjnej medycyny chi\u0144skiej (TCM) odnosz\u0105cy si\u0119 do czynnik\u00f3w zewn\u0119trznych, kt\u00f3re mog\u0105 powodowa\u0107 sw\u0119dzenie i podra\u017cnienie. Dzi\u0119ki temu wielofunkcyjnemu dzia\u0142aniu AFTERNOON HEAVEN&#8217;S BLISS pomaga znacz\u0105co z\u0142agodzi\u0107 dokuczliwe sw\u0119dzenie sk\u00f3ry, a tym samym znacznie poprawi\u0107 samopoczucie pacjenta.<\/p>\n","protected":false},"excerpt":{"rendered":"<p>AFTERNOON HEAVEN&#8217;S BLISS jest stosowany szczeg\u00f3lnie w leczeniu przewlek\u0142ej i  [&#8230;]<\/p>\n","protected":false},"featured_media":3835943,"template":"","meta":{"_acf_changed":false},"product_brand":[],"product_cat":[11813],"product_tag":[12101],"class_list":{"0":"post-3840941","1":"product","2":"type-product","3":"status-publish","4":"has-post-thumbnail","6":"product_cat-dermatologia","7":"product_tag-przewlekle-neurodermit","9":"first","10":"instock","11":"taxable","12":"shipping-taxable","13":"purchasable","14":"product-type-simple"},"acf":{"yn_product_audio":"https:\/\/shop.diolosa.com\/wp-content\/uploads\/2018\/12\/DL_0284.mp3","yn_product_video":"https:\/\/shop.diolosa.com\/wp-content\/uploads\/2024\/11\/Afternoon-Heaven-s-Bliss-1.mp4","yn_product_akupunktur":"<p>Oczy\u015b\u0107 \u017co\u0142\u0105dek<br \/>\n\u017co\u0142\u0105dek 44 &#8211; nei ting (ying) &#8211; xie fa<br \/>\njelito grube 2 &#8211; er jian (ying) &#8211; xie fa<br \/>\n\u017co\u0142\u0105dek 40 &#8211; feng long (luo) &#8211; xie fa  <\/p>\n<p>Stymulacja pasa\u017cu jelitowego<br \/>\n\u017co\u0142\u0105dek 25 &#8211; tian shu (mo &#8211; jelito grube) &#8211; xie fa<br \/>\nsan chiao 6 &#8211; zhi gou (jing) &#8211; xie fa<br \/>\n\u017co\u0142\u0105dek 37 &#8211; shang ju xu (xia he xue &#8211; jelito grube, jezioro krwi, chong mai) &#8211; xie fa<br \/>\njelito grube 11 &#8211; qu chi &#8211; gui tui (he &#8211; gui) &#8211; xie fa  <\/p>\n<p>San Chiao ciep\u0142o i wilgo\u0107 czyste ciep\u0142o<br \/>\nsan chiao 5 &#8211; wai guan (yang wei mai, luo) &#8211; xie fa<br \/>\nsan chiao 6 &#8211; zhi gou (jing) &#8211; xie fa<br \/>\nsan chiao 3 &#8211; zhong zhu (shu) &#8211; xie fa<br \/>\nsan chiao 2 &#8211; ye men (ying) &#8211; xie fa  <\/p>\n<p>Nerki Yin tonizuj\u0105<br \/>\nnerka 3 &#8211; tai xi (shu,yuan) &#8211; bu fa<br \/>\nnerka 7 &#8211; fu liu (jing) &#8211; bu fa<br \/>\nnerka 6 &#8211; zhao hai (yin qiao mai) &#8211; bu fa<br \/>\np\u0119cherz 23 &#8211; shen shu &#8211; bu fa  <\/p>\n<p>Shen uspok\u00f3j si\u0119<br \/>\nsi shen cong &#8211; M-HN-1 (hirn, cns) &#8211; xie fa<br \/>\nanmian &#8211; N-HN-54 &#8211; xie fa  <\/p>\n<p>Odprowadzanie ciep\u0142a krwi i wilgoci<br \/>\n\u015bledziona 10 &#8211; xue hai (xue) &#8211; xie fa<br \/>\np\u0119cherz 17 &#8211; ge shu (krew) &#8211; krwawienie<br \/>\nshi xuan &#8211; M-UE-1 (krwawienie, shen)<br \/>\ndu mai 10 &#8211; ling tai &#8211; xie fa<br \/>\nkr\u0105\u017cenie 5 &#8211; jian shi &#8211; gui lu (jing, gui) &#8211; xie fa<\/p>\n","yn_product_verabreichungsart":"Pelety 140szt.","yn_product_dosierung":"<p>3 x 6 do 10 tabletek dziennie, zawsze przed posi\u0142kami.<\/p>\n","yn_product_combinations":"<p>AFTERNOON HEAVEN&#8217;S BALM (przewlek\u0142e neurodermit &#8211; ma\u015b\u0107), SUNSET (neurodermit Xue Fen), YIN ROOT i SAN BAO TEE (niedob\u00f3r Yin), CLEARING THE HEAT (niedob\u00f3r Yin nerek i puste ciep\u0142o), GENTLE BREATH (astma).<\/p>\n","yn_product_avoidable":"<p>Kawa, czarna herbata, zielona herbata, owoce morza, ryby, jagni\u0119cina, dr\u00f3b, czerwone wino, bia\u0142e wino, orzechy w\u0142oskie, orzechy, sok pomara\u0144czowy, sok z cytryny, owoce tropikalne, ocet, tabasco, pieprz, chili, czosnek, por, cebula, szczypiorek, dymka, kozi ser<\/p>\n","yn_product_tcm_mindmapping":"<p>Przewlek\u0142e neurodermit i kortyzon > Niedob\u00f3r Yin w p\u0142ucach > Ciep\u0142o twardego \u015bluzu > Przekrwienie Qi w p\u0142ucach > Astma > Niedob\u00f3r Yin w nerkach > Puste ciep\u0142o > Sucha, \u0142uszcz\u0105ca si\u0119, sw\u0119dz\u0105ca sk\u00f3ra<\/p>\n","yn_product_tongue_body":"<p>W\u0105skie, cienkie, pop\u0119kane, czerwone, suche<\/p>\n","yn_product_tongue_coating":"<p>Rzadkie, cienkie, \u017c\u00f3\u0142tawe, suche<\/p>\n","yn_product_pulse_diagnostics":"<p>Og\u00f3lne: fu mai &#8211; powierzchowny, xian mai &#8211; napi\u0119ty, xi mai &#8211; cienki, shuo mai &#8211; szybki, se mai &#8211; szorstki, xu mai &#8211; pusty<\/p>\n","yn_product_indications":"<p>Przewlek\u0142e neurodermit, sw\u0119dz\u0105ca sk\u00f3ra, sucha i \u0142uszcz\u0105ca si\u0119 sk\u00f3ra, suche zaparcia, sk\u0105pomocz, astma, suchy kaszel, d\u0142ugotrwa\u0142e leczenie kortyzonem.<\/p>\n","yn_product_contra_indications":"<p>Niedob\u00f3r Yang nerek > Yang Ming Wilgo\u0107 \u015aluz Zimno > Wysypka sk\u00f3rna<\/p>\n","yn_product_pregnancy":"<p>Dozwolone<\/p>\n","yn_product_herbs":"<p>rhemanniae radix &#8211; sheng di huang, isatidis radix &#8211; ban lan gen, moutan cortex &#8211; mu dan pi, salviae radix &#8211; dan shen, alismati rhizoma &#8211; ze xie, anemarrhenae rhizoma &#8211; zhi mu, schizonepetae tenuifoliae herba seu flos &#8211; jing jie, phellodendri cortex &#8211; huang bai<\/p>\n","yn_product_magisterrecipes":"<p>Di Huang Yin Zi, Zhi Bai Di Huang Wan<\/p>\n"},"yoast_head":"<!-- This site is optimized with the Yoast SEO plugin v24.9 - https:\/\/yoast.com\/wordpress\/plugins\/seo\/ -->\n<title>Afternoon Heaven&#039;s Bliss - Claude Diolosa<\/title>\n<meta name=\"robots\" content=\"index, follow, max-snippet:-1, max-image-preview:large, max-video-preview:-1\" \/>\n<link rel=\"canonical\" href=\"https:\/\/shop.diolosa.com\/pl\/product\/afternoon-heavens-bliss\/\" \/>\n<meta property=\"og:locale\" content=\"pl_PL\" \/>\n<meta property=\"og:type\" content=\"article\" \/>\n<meta property=\"og:title\" content=\"Afternoon Heaven&#039;s Bliss - Claude Diolosa\" \/>\n<meta property=\"og:description\" content=\"AFTERNOON HEAVEN&#8217;S BLISS jest stosowany szczeg\u00f3lnie w leczeniu przewlek\u0142ej i [...]\" \/>\n<meta property=\"og:url\" content=\"https:\/\/shop.diolosa.com\/pl\/product\/afternoon-heavens-bliss\/\" \/>\n<meta property=\"og:site_name\" content=\"Claude Diolosa\" \/>\n<meta property=\"article:publisher\" content=\"https:\/\/facebook.com\/claudediolosa\" \/>\n<meta property=\"article:modified_time\" content=\"2025-05-30T18:22:12+00:00\" \/>\n<meta property=\"og:image\" content=\"https:\/\/shop.diolosa.com\/wp-content\/uploads\/2019\/09\/Presslinge-140.jpg\" \/>\n\t<meta property=\"og:image:width\" content=\"800\" \/>\n\t<meta property=\"og:image:height\" content=\"533\" \/>\n\t<meta property=\"og:image:type\" content=\"image\/jpeg\" \/>\n<meta name=\"twitter:card\" content=\"summary_large_image\" \/>\n<meta name=\"twitter:label1\" content=\"Szacowany czas czytania\" \/>\n\t<meta name=\"twitter:data1\" content=\"1 minuta\" \/>\n<script type=\"application\/ld+json\" class=\"yoast-schema-graph\">{\"@context\":\"https:\/\/schema.org\",\"@graph\":[{\"@type\":\"WebPage\",\"@id\":\"https:\/\/shop.diolosa.com\/pl\/product\/afternoon-heavens-bliss\/\",\"url\":\"https:\/\/shop.diolosa.com\/pl\/product\/afternoon-heavens-bliss\/\",\"name\":\"Afternoon Heaven's Bliss - Claude Diolosa\",\"isPartOf\":{\"@id\":\"https:\/\/shop.diolosa.com\/pl\/#website\"},\"primaryImageOfPage\":{\"@id\":\"https:\/\/shop.diolosa.com\/pl\/product\/afternoon-heavens-bliss\/#primaryimage\"},\"image\":{\"@id\":\"https:\/\/shop.diolosa.com\/pl\/product\/afternoon-heavens-bliss\/#primaryimage\"},\"thumbnailUrl\":\"https:\/\/shop.diolosa.com\/wp-content\/uploads\/2019\/09\/Presslinge-140.jpg\",\"datePublished\":\"2025-03-10T05:55:19+00:00\",\"dateModified\":\"2025-05-30T18:22:12+00:00\",\"breadcrumb\":{\"@id\":\"https:\/\/shop.diolosa.com\/pl\/product\/afternoon-heavens-bliss\/#breadcrumb\"},\"inLanguage\":\"pl-PL\",\"potentialAction\":[{\"@type\":\"ReadAction\",\"target\":[\"https:\/\/shop.diolosa.com\/pl\/product\/afternoon-heavens-bliss\/\"]}]},{\"@type\":\"ImageObject\",\"inLanguage\":\"pl-PL\",\"@id\":\"https:\/\/shop.diolosa.com\/pl\/product\/afternoon-heavens-bliss\/#primaryimage\",\"url\":\"https:\/\/shop.diolosa.com\/wp-content\/uploads\/2019\/09\/Presslinge-140.jpg\",\"contentUrl\":\"https:\/\/shop.diolosa.com\/wp-content\/uploads\/2019\/09\/Presslinge-140.jpg\",\"width\":800,\"height\":533},{\"@type\":\"BreadcrumbList\",\"@id\":\"https:\/\/shop.diolosa.com\/pl\/product\/afternoon-heavens-bliss\/#breadcrumb\",\"itemListElement\":[{\"@type\":\"ListItem\",\"position\":1,\"name\":\"Startseite\",\"item\":\"https:\/\/shop.diolosa.com\/pl\/?page_id=3835710\"},{\"@type\":\"ListItem\",\"position\":2,\"name\":\"Sklep\",\"item\":\"https:\/\/shop.diolosa.com\/pl\/?page_id=3835710\"},{\"@type\":\"ListItem\",\"position\":3,\"name\":\"Afternoon Heaven&#8217;s Bliss\"}]},{\"@type\":\"WebSite\",\"@id\":\"https:\/\/shop.diolosa.com\/pl\/#website\",\"url\":\"https:\/\/shop.diolosa.com\/pl\/\",\"name\":\"Claude Diolosa\",\"description\":\"\",\"publisher\":{\"@id\":\"https:\/\/shop.diolosa.com\/pl\/#organization\"},\"potentialAction\":[{\"@type\":\"SearchAction\",\"target\":{\"@type\":\"EntryPoint\",\"urlTemplate\":\"https:\/\/shop.diolosa.com\/pl\/?s={search_term_string}\"},\"query-input\":{\"@type\":\"PropertyValueSpecification\",\"valueRequired\":true,\"valueName\":\"search_term_string\"}}],\"inLanguage\":\"pl-PL\"},{\"@type\":\"Organization\",\"@id\":\"https:\/\/shop.diolosa.com\/pl\/#organization\",\"name\":\"Claude Diolosa\",\"url\":\"https:\/\/shop.diolosa.com\/pl\/\",\"logo\":{\"@type\":\"ImageObject\",\"inLanguage\":\"pl-PL\",\"@id\":\"https:\/\/shop.diolosa.com\/pl\/#\/schema\/logo\/image\/\",\"url\":\"https:\/\/shop.diolosa.com\/wp-content\/uploads\/2019\/08\/diolosa-drop-logo-new.png\",\"contentUrl\":\"https:\/\/shop.diolosa.com\/wp-content\/uploads\/2019\/08\/diolosa-drop-logo-new.png\",\"width\":134,\"height\":176,\"caption\":\"Claude Diolosa\"},\"image\":{\"@id\":\"https:\/\/shop.diolosa.com\/pl\/#\/schema\/logo\/image\/\"},\"sameAs\":[\"https:\/\/facebook.com\/claudediolosa\",\"https:\/\/www.instagram.com\/diolosaclaude108\/\"]}]}<\/script>\n<!-- \/ Yoast SEO plugin. -->","yoast_head_json":{"title":"Afternoon Heaven's Bliss - Claude Diolosa","robots":{"index":"index","follow":"follow","max-snippet":"max-snippet:-1","max-image-preview":"max-image-preview:large","max-video-preview":"max-video-preview:-1"},"canonical":"https:\/\/shop.diolosa.com\/pl\/product\/afternoon-heavens-bliss\/","og_locale":"pl_PL","og_type":"article","og_title":"Afternoon Heaven's Bliss - Claude Diolosa","og_description":"AFTERNOON HEAVEN&#8217;S BLISS jest stosowany szczeg\u00f3lnie w leczeniu przewlek\u0142ej i [...]","og_url":"https:\/\/shop.diolosa.com\/pl\/product\/afternoon-heavens-bliss\/","og_site_name":"Claude Diolosa","article_publisher":"https:\/\/facebook.com\/claudediolosa","article_modified_time":"2025-05-30T18:22:12+00:00","og_image":[{"width":800,"height":533,"url":"https:\/\/shop.diolosa.com\/wp-content\/uploads\/2019\/09\/Presslinge-140.jpg","type":"image\/jpeg"}],"twitter_card":"summary_large_image","twitter_misc":{"Szacowany czas czytania":"1 minuta"},"schema":{"@context":"https:\/\/schema.org","@graph":[{"@type":"WebPage","@id":"https:\/\/shop.diolosa.com\/pl\/product\/afternoon-heavens-bliss\/","url":"https:\/\/shop.diolosa.com\/pl\/product\/afternoon-heavens-bliss\/","name":"Afternoon Heaven's Bliss - Claude Diolosa","isPartOf":{"@id":"https:\/\/shop.diolosa.com\/pl\/#website"},"primaryImageOfPage":{"@id":"https:\/\/shop.diolosa.com\/pl\/product\/afternoon-heavens-bliss\/#primaryimage"},"image":{"@id":"https:\/\/shop.diolosa.com\/pl\/product\/afternoon-heavens-bliss\/#primaryimage"},"thumbnailUrl":"https:\/\/shop.diolosa.com\/wp-content\/uploads\/2019\/09\/Presslinge-140.jpg","datePublished":"2025-03-10T05:55:19+00:00","dateModified":"2025-05-30T18:22:12+00:00","breadcrumb":{"@id":"https:\/\/shop.diolosa.com\/pl\/product\/afternoon-heavens-bliss\/#breadcrumb"},"inLanguage":"pl-PL","potentialAction":[{"@type":"ReadAction","target":["https:\/\/shop.diolosa.com\/pl\/product\/afternoon-heavens-bliss\/"]}]},{"@type":"ImageObject","inLanguage":"pl-PL","@id":"https:\/\/shop.diolosa.com\/pl\/product\/afternoon-heavens-bliss\/#primaryimage","url":"https:\/\/shop.diolosa.com\/wp-content\/uploads\/2019\/09\/Presslinge-140.jpg","contentUrl":"https:\/\/shop.diolosa.com\/wp-content\/uploads\/2019\/09\/Presslinge-140.jpg","width":800,"height":533},{"@type":"BreadcrumbList","@id":"https:\/\/shop.diolosa.com\/pl\/product\/afternoon-heavens-bliss\/#breadcrumb","itemListElement":[{"@type":"ListItem","position":1,"name":"Startseite","item":"https:\/\/shop.diolosa.com\/pl\/?page_id=3835710"},{"@type":"ListItem","position":2,"name":"Sklep","item":"https:\/\/shop.diolosa.com\/pl\/?page_id=3835710"},{"@type":"ListItem","position":3,"name":"Afternoon Heaven&#8217;s Bliss"}]},{"@type":"WebSite","@id":"https:\/\/shop.diolosa.com\/pl\/#website","url":"https:\/\/shop.diolosa.com\/pl\/","name":"Claude Diolosa","description":"","publisher":{"@id":"https:\/\/shop.diolosa.com\/pl\/#organization"},"potentialAction":[{"@type":"SearchAction","target":{"@type":"EntryPoint","urlTemplate":"https:\/\/shop.diolosa.com\/pl\/?s={search_term_string}"},"query-input":{"@type":"PropertyValueSpecification","valueRequired":true,"valueName":"search_term_string"}}],"inLanguage":"pl-PL"},{"@type":"Organization","@id":"https:\/\/shop.diolosa.com\/pl\/#organization","name":"Claude Diolosa","url":"https:\/\/shop.diolosa.com\/pl\/","logo":{"@type":"ImageObject","inLanguage":"pl-PL","@id":"https:\/\/shop.diolosa.com\/pl\/#\/schema\/logo\/image\/","url":"https:\/\/shop.diolosa.com\/wp-content\/uploads\/2019\/08\/diolosa-drop-logo-new.png","contentUrl":"https:\/\/shop.diolosa.com\/wp-content\/uploads\/2019\/08\/diolosa-drop-logo-new.png","width":134,"height":176,"caption":"Claude Diolosa"},"image":{"@id":"https:\/\/shop.diolosa.com\/pl\/#\/schema\/logo\/image\/"},"sameAs":["https:\/\/facebook.com\/claudediolosa","https:\/\/www.instagram.com\/diolosaclaude108\/"]}]}},"_links":{"self":[{"href":"https:\/\/shop.diolosa.com\/pl\/wp-json\/wp\/v2\/product\/3840941","targetHints":{"allow":["GET"]}}],"collection":[{"href":"https:\/\/shop.diolosa.com\/pl\/wp-json\/wp\/v2\/product"}],"about":[{"href":"https:\/\/shop.diolosa.com\/pl\/wp-json\/wp\/v2\/types\/product"}],"wp:featuredmedia":[{"embeddable":true,"href":"https:\/\/shop.diolosa.com\/pl\/wp-json\/wp\/v2\/media\/3835943"}],"wp:attachment":[{"href":"https:\/\/shop.diolosa.com\/pl\/wp-json\/wp\/v2\/media?parent=3840941"}],"wp:term":[{"taxonomy":"product_brand","embeddable":true,"href":"https:\/\/shop.diolosa.com\/pl\/wp-json\/wp\/v2\/product_brand?post=3840941"},{"taxonomy":"product_cat","embeddable":true,"href":"https:\/\/shop.diolosa.com\/pl\/wp-json\/wp\/v2\/product_cat?post=3840941"},{"taxonomy":"product_tag","embeddable":true,"href":"https:\/\/shop.diolosa.com\/pl\/wp-json\/wp\/v2\/product_tag?post=3840941"}],"curies":[{"name":"wp","href":"https:\/\/api.w.org\/{rel}","templated":true}]}}