{"id":3840942,"date":"2019-09-04T12:12:50","date_gmt":"2025-03-10T05:55:20","guid":{"rendered":"https:\/\/shop.diolosa.com\/product\/balsam-popoludniowego-nieba\/"},"modified":"2025-05-30T19:20:26","modified_gmt":"2025-05-30T18:20:26","slug":"balsam-popoludniowego-nieba","status":"publish","type":"product","link":"https:\/\/shop.diolosa.com\/pl\/product\/balsam-popoludniowego-nieba\/","title":{"rendered":"Balsam popo\u0142udniowego nieba"},"content":{"rendered":"<p>AFTERNOON HEAVEN&#8217;S BALM to specjalnie opracowany preparat stosowany w leczeniu przewlek\u0142ej i suchej postaci neurodermit\u00f3w. Ten stan sk\u00f3ry mo\u017ce by\u0107 bardzo nieprzyjemny i prowadzi\u0107 do silnego sw\u0119dzenia i stanu zapalnego. Produkt od\u017cywia yin, co oznacza, \u017ce pomaga dostarczy\u0107 organizmowi niezb\u0119dnych sk\u0142adnik\u00f3w nawil\u017caj\u0105cych bez powodowania zastoju w przep\u0142ywie energii. Jest to szczeg\u00f3lnie wa\u017cne, poniewa\u017c stagnacja mo\u017ce cz\u0119sto powodowa\u0107 dodatkowy dyskomfort.   <\/p>\n<p>Ponadto ma\u015b\u0107 usuwa zar\u00f3wno Puste Ciep\u0142o, jak i Ciep\u0142o Krwi. Puste Ciep\u0142o odnosi si\u0119 do stanu w organizmie, w kt\u00f3rym brakuje niezb\u0119dnych sk\u0142adnik\u00f3w od\u017cywczych, a jednocze\u015bnie generowane jest nadmierne ciep\u0142o; Ciep\u0142o Krwi, z drugiej strony, opisuje przegrzanie krwi, kt\u00f3re mo\u017ce r\u00f3wnie\u017c prowadzi\u0107 do problem\u00f3w sk\u00f3rnych. Otwieraj\u0105c naczynia LUO, AFTERNOON HEAVEN&#8217;S BALM wspomaga kr\u0105\u017cenie krwi i zapewnia lepsz\u0105 cyrkulacj\u0119 niezb\u0119dnych sk\u0142adnik\u00f3w od\u017cywczych.  <\/p>\n<p>Innym wa\u017cnym aspektem tej ma\u015bci jest jej zdolno\u015b\u0107 do pobudzania krwi. Pomaga to nie tylko z\u0142agodzi\u0107 objawy, takie jak sw\u0119dzenie i stan zapalny, ale tak\u017ce wspomaga og\u00f3lny proces gojenia si\u0119 sk\u00f3ry. Rozprasza r\u00f3wnie\u017c tak zwany wiatr sk\u00f3ry &#8211; termin u\u017cywany w tradycyjnej medycynie chi\u0144skiej (TCM) do opisania r\u00f3\u017cnych rodzaj\u00f3w podra\u017cnie\u0144 sk\u00f3ry lub wysypek.  <\/p>\n<p>Aby osi\u0105gn\u0105\u0107 optymalne rezultaty i przynie\u015b\u0107 zauwa\u017caln\u0105 ulg\u0119 w sw\u0119dzeniu, ma\u015b\u0107 ta powinna by\u0107 stosowana kilka razy w godzinach popo\u0142udniowych. Regularne stosowanie pomo\u017ce kontrolowa\u0107 objawy w d\u0142u\u017cszej perspektywie i znacznie poprawi samopoczucie osoby dotkni\u0119tej chorob\u0105.<\/p>\n","protected":false},"excerpt":{"rendered":"<p>AFTERNOON HEAVEN&#8217;S BALM to specjalnie opracowany preparat stosowany w leczeniu  [&#8230;]<\/p>\n","protected":false},"featured_media":3840944,"template":"","meta":{"_acf_changed":false},"product_brand":[],"product_cat":[11813],"product_tag":[12102],"class_list":{"0":"post-3840942","1":"product","2":"type-product","3":"status-publish","4":"has-post-thumbnail","6":"product_cat-dermatologia","7":"product_tag-masc-na-neurodermit-przewlekla","9":"first","10":"instock","11":"taxable","12":"shipping-taxable","13":"purchasable","14":"product-type-simple"},"acf":{"yn_product_audio":"https:\/\/shop.diolosa.com\/wp-content\/uploads\/2018\/12\/DL_403.mp3","yn_product_video":"https:\/\/shop.diolosa.com\/wp-content\/uploads\/2024\/11\/Afternoon-Heaven-s-Balm-.mp4","yn_product_akupunktur":"<p>Oczy\u015b\u0107 \u017co\u0142\u0105dek<br \/>\n\u017co\u0142\u0105dek 44 &#8211; nei ting (ying) &#8211; xie fa<br \/>\njelito grube 2 &#8211; er jian (ying) &#8211; xie fa<br \/>\n\u017co\u0142\u0105dek 40 &#8211; feng long (luo) &#8211; xie fa  <\/p>\n<p>Stymulacja pasa\u017cu jelitowego<br \/>\n\u017co\u0142\u0105dek 25 &#8211; tian shu (mo &#8211; jelito grube) &#8211; xie fa<br \/>\nsan chiao 6 &#8211; zhi gou (jing) &#8211; xie fa<br \/>\n\u017co\u0142\u0105dek 37 &#8211; shang ju xu (xia he xue &#8211; jelito grube, jezioro krwi, chong mai) &#8211; xie fa<br \/>\njelito grube 11 &#8211; qu chi &#8211; gui tui (he &#8211; gui) &#8211; xie fa  <\/p>\n<p>San Chiao ciep\u0142o i wilgo\u0107 czyste ciep\u0142o<br \/>\nsan chiao 5 &#8211; wai guan (yang wei mai, luo) &#8211; xie fa<br \/>\nsan chiao 6 &#8211; zhi gou (jing) &#8211; xie fa<br \/>\nsan chiao 3 &#8211; zhong zhu (shu) &#8211; xie fa<br \/>\nsan chiao 2 &#8211; ye men (ying) &#8211; xie fa  <\/p>\n<p>Nerki Yin tonizuj\u0105<br \/>\nnerka 3 &#8211; tai xi (shu,yuan) &#8211; bu fa<br \/>\nnerka 7 &#8211; fu liu (jing) &#8211; bu fa<br \/>\nnerka 6 &#8211; zhao hai (yin qiao mai) &#8211; bu fa<br \/>\np\u0119cherz 23 &#8211; shen shu &#8211; bu fa  <\/p>\n<p>Shen uspok\u00f3j si\u0119<br \/>\nsi shen cong &#8211; M-HN-1 (hirn, cns) &#8211; xie fa<br \/>\nanmian &#8211; N-HN-54 &#8211; xie fa  <\/p>\n<p>Odprowadzanie ciep\u0142a krwi i wilgoci<br \/>\n\u015bledziona 10 &#8211; xue hai (xue) &#8211; xie fa<br \/>\np\u0119cherz 17 &#8211; ge shu (krew) &#8211; krwawienie<br \/>\nshi xuan &#8211; M-UE-1 (krwawienie, shen)<br \/>\ndu mai 10 &#8211; ling tai &#8211; xie fa<br \/>\nkr\u0105\u017cenie 5 &#8211; jian shi &#8211; gui lu (jing, gui) &#8211; xie fa<\/p>\n","yn_product_verabreichungsart":"Ma\u015b\u0107 100ml","yn_product_dosierung":"<p>Stosowa\u0107 3 razy dziennie<\/p>\n","yn_product_combinations":"<p>SUNSET (neurodermit Xue Fen), AFTERNOON HEAVEN&#8217;S BLISS (przewlek\u0142y neurodermit), YIN ROOT i SAN BAO TEE (niedob\u00f3r yin), DEEP SLEEP FORTE (bezsenno\u015b\u0107).<\/p>\n","yn_product_avoidable":"<p>Kawa, czarna herbata, zielona herbata, owoce morza, ryby, jagni\u0119cina, czerwone wino, bia\u0142e wino, orzechy w\u0142oskie, orzechy, sok pomara\u0144czowy, sok z cytryny, owoce tropikalne, ocet, tabasco, pieprz, czosnek, por, cebula<\/p>\n","yn_product_tcm_mindmapping":"<p>Przewlek\u0142e neurodermit i kortyzon > Niedob\u00f3r Yin w nerkach > Puste ciep\u0142o > Ciep\u0142o krwi > Przekrwienie krwi > Sucha sk\u00f3ra<\/p>\n","yn_product_tongue_body":"<p>W\u0105skie, cienkie, pop\u0119kane, czerwone, suche<\/p>\n","yn_product_tongue_coating":"<p>Cienki, \u017c\u00f3\u0142tawy, suchy<\/p>\n","yn_product_pulse_diagnostics":"<p>fu mai &#8211; powierzchowny, xi mai &#8211; cienki, shuo mai &#8211; szybki, xu mai &#8211; pusty, xian mai &#8211; napi\u0119ty, se mai &#8211; szorstki<\/p>\n","yn_product_indications":"<p>Neurodermit, sw\u0119dz\u0105ca sk\u00f3ra, sucha, pop\u0119kana i \u0142uszcz\u0105ca si\u0119 sk\u00f3ra<\/p>\n","yn_product_contra_indications":"<p>Wilgo\u0107 i \u015bluz Zimno > Wysypka sk\u00f3rna<\/p>\n","yn_product_pregnancy":"<p>Dozwolone<\/p>\n","yn_product_herbs":"<p>chrysanthemi inici flores &#8211; ye ju hua, taraxacum herba &#8211; pu gong yin, paeoniae rubrae radix &#8211; chi shao yao, moutan cortex &#8211; mu dan pi, sophorae flavenscentis radix &#8211; ku shen, angelicae sinensis radix &#8211; dang gui, schizonepetae tenuifoliae herba seu flos &#8211; jing jie<\/p>\n","yn_product_magisterrecipes":"<p>Feng You Gao, Xian Yao Shui<\/p>\n"},"yoast_head":"<!-- This site is optimized with the Yoast SEO plugin v24.9 - https:\/\/yoast.com\/wordpress\/plugins\/seo\/ -->\n<title>Balsam popo\u0142udniowego nieba - Claude Diolosa<\/title>\n<meta name=\"robots\" content=\"index, follow, max-snippet:-1, max-image-preview:large, max-video-preview:-1\" \/>\n<link rel=\"canonical\" href=\"https:\/\/shop.diolosa.com\/pl\/product\/balsam-popoludniowego-nieba\/\" \/>\n<meta property=\"og:locale\" content=\"pl_PL\" \/>\n<meta property=\"og:type\" content=\"article\" \/>\n<meta property=\"og:title\" content=\"Balsam popo\u0142udniowego nieba - Claude Diolosa\" \/>\n<meta property=\"og:description\" content=\"AFTERNOON HEAVEN&#8217;S BALM to specjalnie opracowany preparat stosowany w leczeniu [...]\" \/>\n<meta property=\"og:url\" content=\"https:\/\/shop.diolosa.com\/pl\/product\/balsam-popoludniowego-nieba\/\" \/>\n<meta property=\"og:site_name\" content=\"Claude Diolosa\" \/>\n<meta property=\"article:publisher\" content=\"https:\/\/facebook.com\/claudediolosa\" \/>\n<meta property=\"article:modified_time\" content=\"2025-05-30T18:20:26+00:00\" \/>\n<meta property=\"og:image\" content=\"https:\/\/shop.diolosa.com\/wp-content\/uploads\/2019\/07\/DL_403_Apotheke_IBK_Produkte.jpg\" \/>\n\t<meta property=\"og:image:width\" content=\"800\" \/>\n\t<meta property=\"og:image:height\" content=\"533\" \/>\n\t<meta property=\"og:image:type\" content=\"image\/jpeg\" \/>\n<meta name=\"twitter:card\" content=\"summary_large_image\" \/>\n<meta name=\"twitter:label1\" content=\"Szacowany czas czytania\" \/>\n\t<meta name=\"twitter:data1\" content=\"1 minuta\" \/>\n<script type=\"application\/ld+json\" class=\"yoast-schema-graph\">{\"@context\":\"https:\/\/schema.org\",\"@graph\":[{\"@type\":\"WebPage\",\"@id\":\"https:\/\/shop.diolosa.com\/pl\/product\/balsam-popoludniowego-nieba\/\",\"url\":\"https:\/\/shop.diolosa.com\/pl\/product\/balsam-popoludniowego-nieba\/\",\"name\":\"Balsam popo\u0142udniowego nieba - Claude Diolosa\",\"isPartOf\":{\"@id\":\"https:\/\/shop.diolosa.com\/pl\/#website\"},\"primaryImageOfPage\":{\"@id\":\"https:\/\/shop.diolosa.com\/pl\/product\/balsam-popoludniowego-nieba\/#primaryimage\"},\"image\":{\"@id\":\"https:\/\/shop.diolosa.com\/pl\/product\/balsam-popoludniowego-nieba\/#primaryimage\"},\"thumbnailUrl\":\"https:\/\/shop.diolosa.com\/wp-content\/uploads\/2019\/07\/DL_403_Apotheke_IBK_Produkte.jpg\",\"datePublished\":\"2025-03-10T05:55:20+00:00\",\"dateModified\":\"2025-05-30T18:20:26+00:00\",\"breadcrumb\":{\"@id\":\"https:\/\/shop.diolosa.com\/pl\/product\/balsam-popoludniowego-nieba\/#breadcrumb\"},\"inLanguage\":\"pl-PL\",\"potentialAction\":[{\"@type\":\"ReadAction\",\"target\":[\"https:\/\/shop.diolosa.com\/pl\/product\/balsam-popoludniowego-nieba\/\"]}]},{\"@type\":\"ImageObject\",\"inLanguage\":\"pl-PL\",\"@id\":\"https:\/\/shop.diolosa.com\/pl\/product\/balsam-popoludniowego-nieba\/#primaryimage\",\"url\":\"https:\/\/shop.diolosa.com\/wp-content\/uploads\/2019\/07\/DL_403_Apotheke_IBK_Produkte.jpg\",\"contentUrl\":\"https:\/\/shop.diolosa.com\/wp-content\/uploads\/2019\/07\/DL_403_Apotheke_IBK_Produkte.jpg\",\"width\":800,\"height\":533},{\"@type\":\"BreadcrumbList\",\"@id\":\"https:\/\/shop.diolosa.com\/pl\/product\/balsam-popoludniowego-nieba\/#breadcrumb\",\"itemListElement\":[{\"@type\":\"ListItem\",\"position\":1,\"name\":\"Startseite\",\"item\":\"https:\/\/shop.diolosa.com\/pl\/?page_id=3835710\"},{\"@type\":\"ListItem\",\"position\":2,\"name\":\"Sklep\",\"item\":\"https:\/\/shop.diolosa.com\/pl\/?page_id=3835710\"},{\"@type\":\"ListItem\",\"position\":3,\"name\":\"Balsam popo\u0142udniowego nieba\"}]},{\"@type\":\"WebSite\",\"@id\":\"https:\/\/shop.diolosa.com\/pl\/#website\",\"url\":\"https:\/\/shop.diolosa.com\/pl\/\",\"name\":\"Claude Diolosa\",\"description\":\"\",\"publisher\":{\"@id\":\"https:\/\/shop.diolosa.com\/pl\/#organization\"},\"potentialAction\":[{\"@type\":\"SearchAction\",\"target\":{\"@type\":\"EntryPoint\",\"urlTemplate\":\"https:\/\/shop.diolosa.com\/pl\/?s={search_term_string}\"},\"query-input\":{\"@type\":\"PropertyValueSpecification\",\"valueRequired\":true,\"valueName\":\"search_term_string\"}}],\"inLanguage\":\"pl-PL\"},{\"@type\":\"Organization\",\"@id\":\"https:\/\/shop.diolosa.com\/pl\/#organization\",\"name\":\"Claude Diolosa\",\"url\":\"https:\/\/shop.diolosa.com\/pl\/\",\"logo\":{\"@type\":\"ImageObject\",\"inLanguage\":\"pl-PL\",\"@id\":\"https:\/\/shop.diolosa.com\/pl\/#\/schema\/logo\/image\/\",\"url\":\"https:\/\/shop.diolosa.com\/wp-content\/uploads\/2019\/08\/diolosa-drop-logo-new.png\",\"contentUrl\":\"https:\/\/shop.diolosa.com\/wp-content\/uploads\/2019\/08\/diolosa-drop-logo-new.png\",\"width\":134,\"height\":176,\"caption\":\"Claude Diolosa\"},\"image\":{\"@id\":\"https:\/\/shop.diolosa.com\/pl\/#\/schema\/logo\/image\/\"},\"sameAs\":[\"https:\/\/facebook.com\/claudediolosa\",\"https:\/\/www.instagram.com\/diolosaclaude108\/\"]}]}<\/script>\n<!-- \/ Yoast SEO plugin. -->","yoast_head_json":{"title":"Balsam popo\u0142udniowego nieba - Claude Diolosa","robots":{"index":"index","follow":"follow","max-snippet":"max-snippet:-1","max-image-preview":"max-image-preview:large","max-video-preview":"max-video-preview:-1"},"canonical":"https:\/\/shop.diolosa.com\/pl\/product\/balsam-popoludniowego-nieba\/","og_locale":"pl_PL","og_type":"article","og_title":"Balsam popo\u0142udniowego nieba - Claude Diolosa","og_description":"AFTERNOON HEAVEN&#8217;S BALM to specjalnie opracowany preparat stosowany w leczeniu [...]","og_url":"https:\/\/shop.diolosa.com\/pl\/product\/balsam-popoludniowego-nieba\/","og_site_name":"Claude Diolosa","article_publisher":"https:\/\/facebook.com\/claudediolosa","article_modified_time":"2025-05-30T18:20:26+00:00","og_image":[{"width":800,"height":533,"url":"https:\/\/shop.diolosa.com\/wp-content\/uploads\/2019\/07\/DL_403_Apotheke_IBK_Produkte.jpg","type":"image\/jpeg"}],"twitter_card":"summary_large_image","twitter_misc":{"Szacowany czas czytania":"1 minuta"},"schema":{"@context":"https:\/\/schema.org","@graph":[{"@type":"WebPage","@id":"https:\/\/shop.diolosa.com\/pl\/product\/balsam-popoludniowego-nieba\/","url":"https:\/\/shop.diolosa.com\/pl\/product\/balsam-popoludniowego-nieba\/","name":"Balsam popo\u0142udniowego nieba - Claude Diolosa","isPartOf":{"@id":"https:\/\/shop.diolosa.com\/pl\/#website"},"primaryImageOfPage":{"@id":"https:\/\/shop.diolosa.com\/pl\/product\/balsam-popoludniowego-nieba\/#primaryimage"},"image":{"@id":"https:\/\/shop.diolosa.com\/pl\/product\/balsam-popoludniowego-nieba\/#primaryimage"},"thumbnailUrl":"https:\/\/shop.diolosa.com\/wp-content\/uploads\/2019\/07\/DL_403_Apotheke_IBK_Produkte.jpg","datePublished":"2025-03-10T05:55:20+00:00","dateModified":"2025-05-30T18:20:26+00:00","breadcrumb":{"@id":"https:\/\/shop.diolosa.com\/pl\/product\/balsam-popoludniowego-nieba\/#breadcrumb"},"inLanguage":"pl-PL","potentialAction":[{"@type":"ReadAction","target":["https:\/\/shop.diolosa.com\/pl\/product\/balsam-popoludniowego-nieba\/"]}]},{"@type":"ImageObject","inLanguage":"pl-PL","@id":"https:\/\/shop.diolosa.com\/pl\/product\/balsam-popoludniowego-nieba\/#primaryimage","url":"https:\/\/shop.diolosa.com\/wp-content\/uploads\/2019\/07\/DL_403_Apotheke_IBK_Produkte.jpg","contentUrl":"https:\/\/shop.diolosa.com\/wp-content\/uploads\/2019\/07\/DL_403_Apotheke_IBK_Produkte.jpg","width":800,"height":533},{"@type":"BreadcrumbList","@id":"https:\/\/shop.diolosa.com\/pl\/product\/balsam-popoludniowego-nieba\/#breadcrumb","itemListElement":[{"@type":"ListItem","position":1,"name":"Startseite","item":"https:\/\/shop.diolosa.com\/pl\/?page_id=3835710"},{"@type":"ListItem","position":2,"name":"Sklep","item":"https:\/\/shop.diolosa.com\/pl\/?page_id=3835710"},{"@type":"ListItem","position":3,"name":"Balsam popo\u0142udniowego nieba"}]},{"@type":"WebSite","@id":"https:\/\/shop.diolosa.com\/pl\/#website","url":"https:\/\/shop.diolosa.com\/pl\/","name":"Claude Diolosa","description":"","publisher":{"@id":"https:\/\/shop.diolosa.com\/pl\/#organization"},"potentialAction":[{"@type":"SearchAction","target":{"@type":"EntryPoint","urlTemplate":"https:\/\/shop.diolosa.com\/pl\/?s={search_term_string}"},"query-input":{"@type":"PropertyValueSpecification","valueRequired":true,"valueName":"search_term_string"}}],"inLanguage":"pl-PL"},{"@type":"Organization","@id":"https:\/\/shop.diolosa.com\/pl\/#organization","name":"Claude Diolosa","url":"https:\/\/shop.diolosa.com\/pl\/","logo":{"@type":"ImageObject","inLanguage":"pl-PL","@id":"https:\/\/shop.diolosa.com\/pl\/#\/schema\/logo\/image\/","url":"https:\/\/shop.diolosa.com\/wp-content\/uploads\/2019\/08\/diolosa-drop-logo-new.png","contentUrl":"https:\/\/shop.diolosa.com\/wp-content\/uploads\/2019\/08\/diolosa-drop-logo-new.png","width":134,"height":176,"caption":"Claude Diolosa"},"image":{"@id":"https:\/\/shop.diolosa.com\/pl\/#\/schema\/logo\/image\/"},"sameAs":["https:\/\/facebook.com\/claudediolosa","https:\/\/www.instagram.com\/diolosaclaude108\/"]}]}},"_links":{"self":[{"href":"https:\/\/shop.diolosa.com\/pl\/wp-json\/wp\/v2\/product\/3840942","targetHints":{"allow":["GET"]}}],"collection":[{"href":"https:\/\/shop.diolosa.com\/pl\/wp-json\/wp\/v2\/product"}],"about":[{"href":"https:\/\/shop.diolosa.com\/pl\/wp-json\/wp\/v2\/types\/product"}],"wp:featuredmedia":[{"embeddable":true,"href":"https:\/\/shop.diolosa.com\/pl\/wp-json\/wp\/v2\/media\/3840944"}],"wp:attachment":[{"href":"https:\/\/shop.diolosa.com\/pl\/wp-json\/wp\/v2\/media?parent=3840942"}],"wp:term":[{"taxonomy":"product_brand","embeddable":true,"href":"https:\/\/shop.diolosa.com\/pl\/wp-json\/wp\/v2\/product_brand?post=3840942"},{"taxonomy":"product_cat","embeddable":true,"href":"https:\/\/shop.diolosa.com\/pl\/wp-json\/wp\/v2\/product_cat?post=3840942"},{"taxonomy":"product_tag","embeddable":true,"href":"https:\/\/shop.diolosa.com\/pl\/wp-json\/wp\/v2\/product_tag?post=3840942"}],"curies":[{"name":"wp","href":"https:\/\/api.w.org\/{rel}","templated":true}]}}