{"id":3840946,"date":"2019-09-04T12:12:33","date_gmt":"2025-03-10T05:55:20","guid":{"rendered":"https:\/\/shop.diolosa.com\/product\/tabletki-morning-heavens-bliss\/"},"modified":"2025-05-06T15:20:33","modified_gmt":"2025-05-06T14:20:33","slug":"tabletki-morning-heavens-bliss","status":"publish","type":"product","link":"https:\/\/shop.diolosa.com\/pl\/product\/tabletki-morning-heavens-bliss\/","title":{"rendered":"Tabletki Morning Heaven&#8217;s Bliss"},"content":{"rendered":"<p>MORNING HEAVEN&#8217;S BLISS jest stosowany w przypadku manifestacji Yang Ming atopowego zapalenia sk\u00f3ry, kt\u00f3re mo\u017ce by\u0107 r\u00f3wnie\u017c spowodowane chorobami zaka\u017anymi. Preparat ten drenuje toksyny Yang Ming (\u017co\u0142\u0105dek i jelito grube), usuwa ciep\u0142o krwi, zapobiega zastojowi krwi, osusza sk\u00f3r\u0119, rozprasza wiatr sk\u00f3ry i \u0142agodzi sw\u0119dzenie.<\/p>\n","protected":false},"excerpt":{"rendered":"<p>MORNING HEAVEN&#8217;S BLISS jest stosowany w przypadku manifestacji Yang Ming  [&#8230;]<\/p>\n","protected":false},"featured_media":3835943,"template":"","meta":{"_acf_changed":false},"product_brand":[],"product_cat":[11813],"product_tag":[12105],"class_list":{"0":"post-3840946","1":"product","2":"type-product","3":"status-publish","4":"has-post-thumbnail","6":"product_cat-dermatologia","7":"product_tag-ostre-neurodermitowe-zapalenie-skory-yang-ming","9":"first","10":"instock","11":"taxable","12":"shipping-taxable","13":"purchasable","14":"product-type-simple"},"acf":{"yn_product_audio":"https:\/\/shop.diolosa.com\/wp-content\/uploads\/2018\/12\/DL_0287.mp3","yn_product_video":"https:\/\/shop.diolosa.com\/wp-content\/uploads\/2024\/11\/Morning-Heaven-s-Bliss-Tablets.mp4","yn_product_akupunktur":"<p>Yang Ming Wy\u0142adowanie Wilgotne Ciep\u0142o<br \/>\njelito grube 11 &#8211; qu chi &#8211; gui tui (he &#8211; gui) &#8211; xie fa<br \/>\njelito grube 4 &#8211; he gu (yuan) &#8211; xie fa<br \/>\njelito grube 2 &#8211; er jian (ying) &#8211; xie fa<br \/>\n\u017co\u0142\u0105dek 45 &#8211; li dui (jing) &#8211; xie fa<br \/>\n\u017co\u0142\u0105dek 44 &#8211; nei ting (ying) &#8211; xie fa<br \/>\n\u017co\u0142\u0105dek 25 &#8211; tian shu (mo,jelito grube, ME) &#8211; xie fa<br \/>\nsan chiao 6 &#8211; zhi gou (jing) &#8211; xie fa<br \/>\n\u017co\u0142\u0105dek 40 &#8211; feng long (luo) &#8211; xie fa  <\/p>\n<p>Sk\u00f3ra i tkanki Drena\u017c wilgotnego ciep\u0142a<br \/>\n\u015bledziona 6 &#8211; san yin jiao (le,ni,mb) &#8211; xie fa<br \/>\n\u015bledziona 9 &#8211; yin ling quan (he) &#8211; xie fa  <\/p>\n<p>Odprowadzanie ciep\u0142a krwi i wilgoci<br \/>\n\u015bledziona 10 &#8211; xue hai (xue) &#8211; xie fa<br \/>\np\u0119cherz 17 &#8211; ge shu (krew) &#8211; krwawienie<br \/>\nshi xuan &#8211; M-UE-1 (krwawienie, shen)<br \/>\nyou mai 10 &#8211; ling tai &#8211; xie fa<br \/>\nyou mai 9 &#8211; zhi yang &#8211; xie fa<br \/>\nkr\u0105\u017cenie 5 &#8211; jian shi &#8211; gui lu (jing, gui) &#8211; xie fa  <\/p>\n<p>Shen calm<br \/>\ndu mai 14 &#8211; da zhui (jezioro qi) &#8211; xie fa<br \/>\ncirculation 6 &#8211; nei guan (luo, yin wei mai) &#8211; xie fa<br \/>\nstomach 6 &#8211; jia che &#8211; gui chuan (gui) &#8211; xie fa<br \/>\nsi shen cong &#8211; M-HN-1 (m\u00f3zg, cns) &#8211; xie fa<br \/>\nyin tang &#8211; M-HN-3 &#8211; xie fa<\/p>\n","yn_product_verabreichungsart":"Pelety 140szt.","yn_product_dosierung":"<p>3 x 6 do 10 tabletek dziennie, zawsze przed posi\u0142kami.<\/p>\n","yn_product_combinations":"<p>SUNRISE (neurodermit Shao Yang), SUNSET (neurodermit Xue Fen), MILKY WAY (neurodermit Tai Yang), MORNING HEAVEN&#8217;S BALM (ma\u015b\u0107 na ostry neurodermit), AFTERNOON HEAVEN&#8217;S BLISS (przewlek\u0142y neurodermit), CLEANSING DAYS TABLETS and TEA (kuracja detoksykuj\u0105ca).<\/p>\n","yn_product_avoidable":"<p>Owoce morza, ryby, jagni\u0119cina, czerwone wino, bia\u0142e wino, orzechy w\u0142oskie, orzechy, sok pomara\u0144czowy, sok z cytryny, owoce tropikalne, ocet, tabasco, pieprz, czosnek, por, cebula<\/p>\n","yn_product_tcm_mindmapping":"<p>Yang Ming Wilgotne Ciep\u0142o > Poziom Krwi Wilgotne Ciep\u0142o > Wilgotne Ciep\u0142o Sk\u00f3ry > Wiatr Sk\u00f3ry<\/p>\n","yn_product_tongue_body":"<p>Szerokie, grube, czerwone, a nawet plamiste<\/p>\n","yn_product_tongue_coating":"<p>\u017b\u00f3\u0142tawy, t\u0142usty, lepki w \u015brodku lub u nasady j\u0119zyka<\/p>\n","yn_product_pulse_diagnostics":"<p>Pozycja \u017co\u0142\u0105dka i jelita grubego: hua mai &#8211; szybuj\u0105ca, shi mai &#8211; pe\u0142na, shuo mai &#8211; szybka, xian mai &#8211; napi\u0119ta, a tak\u017ce se mai &#8211; szorstka.<\/p>\n","yn_product_indications":"<p>P\u0142acz\u0105ce i sw\u0119dz\u0105ce neurodermitowe zapalenie sk\u00f3ry, wysypka wyst\u0119puje g\u0142\u00f3wnie wzd\u0142u\u017c meridianu \u017co\u0142\u0105dka i jelita grubego.<\/p>\n","yn_product_contra_indications":"<p>Niedob\u00f3r Yang nerek > wilgotno\u015b\u0107 Yang Ming i ch\u0142\u00f3d flegmy<\/p>\n","yn_product_pregnancy":"<p>Dozwolone<\/p>\n","yn_product_herbs":"<p>semen coici praep &#8211; chao yi yi ren, sclerotium poriae cocos rubrae &#8211; chi fu ling, scutellariae baicalensis radix &#8211; huang qin, ledebouriellae divaricatae radix &#8211; fang feng, achyranthis radix &#8211; huai niu xi, dictamni radicis cortex &#8211; bai xian pi, alismati rhizoma &#8211; ze xie, moutan cortex &#8211; mu dan pi<\/p>\n","yn_product_magisterrecipes":"<p>Shu Feng Qing Re Yin, Bai Xian Pi Yin, Huang Lian Wen Dan Tang<\/p>\n"},"yoast_head":"<!-- This site is optimized with the Yoast SEO plugin v24.9 - https:\/\/yoast.com\/wordpress\/plugins\/seo\/ -->\n<title>Tabletki Morning Heaven&#039;s Bliss - Claude Diolosa<\/title>\n<meta name=\"robots\" content=\"index, follow, max-snippet:-1, max-image-preview:large, max-video-preview:-1\" \/>\n<link rel=\"canonical\" href=\"https:\/\/shop.diolosa.com\/pl\/product\/tabletki-morning-heavens-bliss\/\" \/>\n<meta property=\"og:locale\" content=\"pl_PL\" \/>\n<meta property=\"og:type\" content=\"article\" \/>\n<meta property=\"og:title\" content=\"Tabletki Morning Heaven&#039;s Bliss - Claude Diolosa\" \/>\n<meta property=\"og:description\" content=\"MORNING HEAVEN&#8217;S BLISS jest stosowany w przypadku manifestacji Yang Ming [...]\" \/>\n<meta property=\"og:url\" content=\"https:\/\/shop.diolosa.com\/pl\/product\/tabletki-morning-heavens-bliss\/\" \/>\n<meta property=\"og:site_name\" content=\"Claude Diolosa\" \/>\n<meta property=\"article:publisher\" content=\"https:\/\/facebook.com\/claudediolosa\" \/>\n<meta property=\"article:modified_time\" content=\"2025-05-06T14:20:33+00:00\" \/>\n<meta property=\"og:image\" content=\"https:\/\/shop.diolosa.com\/wp-content\/uploads\/2019\/09\/Presslinge-140.jpg\" \/>\n\t<meta property=\"og:image:width\" content=\"800\" \/>\n\t<meta property=\"og:image:height\" content=\"533\" \/>\n\t<meta property=\"og:image:type\" content=\"image\/jpeg\" \/>\n<meta name=\"twitter:card\" content=\"summary_large_image\" \/>\n<script type=\"application\/ld+json\" class=\"yoast-schema-graph\">{\"@context\":\"https:\/\/schema.org\",\"@graph\":[{\"@type\":\"WebPage\",\"@id\":\"https:\/\/shop.diolosa.com\/pl\/product\/tabletki-morning-heavens-bliss\/\",\"url\":\"https:\/\/shop.diolosa.com\/pl\/product\/tabletki-morning-heavens-bliss\/\",\"name\":\"Tabletki Morning Heaven's Bliss - Claude Diolosa\",\"isPartOf\":{\"@id\":\"https:\/\/shop.diolosa.com\/pl\/#website\"},\"primaryImageOfPage\":{\"@id\":\"https:\/\/shop.diolosa.com\/pl\/product\/tabletki-morning-heavens-bliss\/#primaryimage\"},\"image\":{\"@id\":\"https:\/\/shop.diolosa.com\/pl\/product\/tabletki-morning-heavens-bliss\/#primaryimage\"},\"thumbnailUrl\":\"https:\/\/shop.diolosa.com\/wp-content\/uploads\/2019\/09\/Presslinge-140.jpg\",\"datePublished\":\"2025-03-10T05:55:20+00:00\",\"dateModified\":\"2025-05-06T14:20:33+00:00\",\"breadcrumb\":{\"@id\":\"https:\/\/shop.diolosa.com\/pl\/product\/tabletki-morning-heavens-bliss\/#breadcrumb\"},\"inLanguage\":\"pl-PL\",\"potentialAction\":[{\"@type\":\"ReadAction\",\"target\":[\"https:\/\/shop.diolosa.com\/pl\/product\/tabletki-morning-heavens-bliss\/\"]}]},{\"@type\":\"ImageObject\",\"inLanguage\":\"pl-PL\",\"@id\":\"https:\/\/shop.diolosa.com\/pl\/product\/tabletki-morning-heavens-bliss\/#primaryimage\",\"url\":\"https:\/\/shop.diolosa.com\/wp-content\/uploads\/2019\/09\/Presslinge-140.jpg\",\"contentUrl\":\"https:\/\/shop.diolosa.com\/wp-content\/uploads\/2019\/09\/Presslinge-140.jpg\",\"width\":800,\"height\":533},{\"@type\":\"BreadcrumbList\",\"@id\":\"https:\/\/shop.diolosa.com\/pl\/product\/tabletki-morning-heavens-bliss\/#breadcrumb\",\"itemListElement\":[{\"@type\":\"ListItem\",\"position\":1,\"name\":\"Startseite\",\"item\":\"https:\/\/shop.diolosa.com\/pl\/?page_id=3835710\"},{\"@type\":\"ListItem\",\"position\":2,\"name\":\"Sklep\",\"item\":\"https:\/\/shop.diolosa.com\/pl\/?page_id=3835710\"},{\"@type\":\"ListItem\",\"position\":3,\"name\":\"Tabletki Morning Heaven&#8217;s Bliss\"}]},{\"@type\":\"WebSite\",\"@id\":\"https:\/\/shop.diolosa.com\/pl\/#website\",\"url\":\"https:\/\/shop.diolosa.com\/pl\/\",\"name\":\"Claude Diolosa\",\"description\":\"\",\"publisher\":{\"@id\":\"https:\/\/shop.diolosa.com\/pl\/#organization\"},\"potentialAction\":[{\"@type\":\"SearchAction\",\"target\":{\"@type\":\"EntryPoint\",\"urlTemplate\":\"https:\/\/shop.diolosa.com\/pl\/?s={search_term_string}\"},\"query-input\":{\"@type\":\"PropertyValueSpecification\",\"valueRequired\":true,\"valueName\":\"search_term_string\"}}],\"inLanguage\":\"pl-PL\"},{\"@type\":\"Organization\",\"@id\":\"https:\/\/shop.diolosa.com\/pl\/#organization\",\"name\":\"Claude Diolosa\",\"url\":\"https:\/\/shop.diolosa.com\/pl\/\",\"logo\":{\"@type\":\"ImageObject\",\"inLanguage\":\"pl-PL\",\"@id\":\"https:\/\/shop.diolosa.com\/pl\/#\/schema\/logo\/image\/\",\"url\":\"https:\/\/shop.diolosa.com\/wp-content\/uploads\/2019\/08\/diolosa-drop-logo-new.png\",\"contentUrl\":\"https:\/\/shop.diolosa.com\/wp-content\/uploads\/2019\/08\/diolosa-drop-logo-new.png\",\"width\":134,\"height\":176,\"caption\":\"Claude Diolosa\"},\"image\":{\"@id\":\"https:\/\/shop.diolosa.com\/pl\/#\/schema\/logo\/image\/\"},\"sameAs\":[\"https:\/\/facebook.com\/claudediolosa\",\"https:\/\/www.instagram.com\/diolosaclaude108\/\"]}]}<\/script>\n<!-- \/ Yoast SEO plugin. -->","yoast_head_json":{"title":"Tabletki Morning Heaven's Bliss - Claude Diolosa","robots":{"index":"index","follow":"follow","max-snippet":"max-snippet:-1","max-image-preview":"max-image-preview:large","max-video-preview":"max-video-preview:-1"},"canonical":"https:\/\/shop.diolosa.com\/pl\/product\/tabletki-morning-heavens-bliss\/","og_locale":"pl_PL","og_type":"article","og_title":"Tabletki Morning Heaven's Bliss - Claude Diolosa","og_description":"MORNING HEAVEN&#8217;S BLISS jest stosowany w przypadku manifestacji Yang Ming [...]","og_url":"https:\/\/shop.diolosa.com\/pl\/product\/tabletki-morning-heavens-bliss\/","og_site_name":"Claude Diolosa","article_publisher":"https:\/\/facebook.com\/claudediolosa","article_modified_time":"2025-05-06T14:20:33+00:00","og_image":[{"width":800,"height":533,"url":"https:\/\/shop.diolosa.com\/wp-content\/uploads\/2019\/09\/Presslinge-140.jpg","type":"image\/jpeg"}],"twitter_card":"summary_large_image","schema":{"@context":"https:\/\/schema.org","@graph":[{"@type":"WebPage","@id":"https:\/\/shop.diolosa.com\/pl\/product\/tabletki-morning-heavens-bliss\/","url":"https:\/\/shop.diolosa.com\/pl\/product\/tabletki-morning-heavens-bliss\/","name":"Tabletki Morning Heaven's Bliss - Claude Diolosa","isPartOf":{"@id":"https:\/\/shop.diolosa.com\/pl\/#website"},"primaryImageOfPage":{"@id":"https:\/\/shop.diolosa.com\/pl\/product\/tabletki-morning-heavens-bliss\/#primaryimage"},"image":{"@id":"https:\/\/shop.diolosa.com\/pl\/product\/tabletki-morning-heavens-bliss\/#primaryimage"},"thumbnailUrl":"https:\/\/shop.diolosa.com\/wp-content\/uploads\/2019\/09\/Presslinge-140.jpg","datePublished":"2025-03-10T05:55:20+00:00","dateModified":"2025-05-06T14:20:33+00:00","breadcrumb":{"@id":"https:\/\/shop.diolosa.com\/pl\/product\/tabletki-morning-heavens-bliss\/#breadcrumb"},"inLanguage":"pl-PL","potentialAction":[{"@type":"ReadAction","target":["https:\/\/shop.diolosa.com\/pl\/product\/tabletki-morning-heavens-bliss\/"]}]},{"@type":"ImageObject","inLanguage":"pl-PL","@id":"https:\/\/shop.diolosa.com\/pl\/product\/tabletki-morning-heavens-bliss\/#primaryimage","url":"https:\/\/shop.diolosa.com\/wp-content\/uploads\/2019\/09\/Presslinge-140.jpg","contentUrl":"https:\/\/shop.diolosa.com\/wp-content\/uploads\/2019\/09\/Presslinge-140.jpg","width":800,"height":533},{"@type":"BreadcrumbList","@id":"https:\/\/shop.diolosa.com\/pl\/product\/tabletki-morning-heavens-bliss\/#breadcrumb","itemListElement":[{"@type":"ListItem","position":1,"name":"Startseite","item":"https:\/\/shop.diolosa.com\/pl\/?page_id=3835710"},{"@type":"ListItem","position":2,"name":"Sklep","item":"https:\/\/shop.diolosa.com\/pl\/?page_id=3835710"},{"@type":"ListItem","position":3,"name":"Tabletki Morning Heaven&#8217;s Bliss"}]},{"@type":"WebSite","@id":"https:\/\/shop.diolosa.com\/pl\/#website","url":"https:\/\/shop.diolosa.com\/pl\/","name":"Claude Diolosa","description":"","publisher":{"@id":"https:\/\/shop.diolosa.com\/pl\/#organization"},"potentialAction":[{"@type":"SearchAction","target":{"@type":"EntryPoint","urlTemplate":"https:\/\/shop.diolosa.com\/pl\/?s={search_term_string}"},"query-input":{"@type":"PropertyValueSpecification","valueRequired":true,"valueName":"search_term_string"}}],"inLanguage":"pl-PL"},{"@type":"Organization","@id":"https:\/\/shop.diolosa.com\/pl\/#organization","name":"Claude Diolosa","url":"https:\/\/shop.diolosa.com\/pl\/","logo":{"@type":"ImageObject","inLanguage":"pl-PL","@id":"https:\/\/shop.diolosa.com\/pl\/#\/schema\/logo\/image\/","url":"https:\/\/shop.diolosa.com\/wp-content\/uploads\/2019\/08\/diolosa-drop-logo-new.png","contentUrl":"https:\/\/shop.diolosa.com\/wp-content\/uploads\/2019\/08\/diolosa-drop-logo-new.png","width":134,"height":176,"caption":"Claude Diolosa"},"image":{"@id":"https:\/\/shop.diolosa.com\/pl\/#\/schema\/logo\/image\/"},"sameAs":["https:\/\/facebook.com\/claudediolosa","https:\/\/www.instagram.com\/diolosaclaude108\/"]}]}},"_links":{"self":[{"href":"https:\/\/shop.diolosa.com\/pl\/wp-json\/wp\/v2\/product\/3840946","targetHints":{"allow":["GET"]}}],"collection":[{"href":"https:\/\/shop.diolosa.com\/pl\/wp-json\/wp\/v2\/product"}],"about":[{"href":"https:\/\/shop.diolosa.com\/pl\/wp-json\/wp\/v2\/types\/product"}],"wp:featuredmedia":[{"embeddable":true,"href":"https:\/\/shop.diolosa.com\/pl\/wp-json\/wp\/v2\/media\/3835943"}],"wp:attachment":[{"href":"https:\/\/shop.diolosa.com\/pl\/wp-json\/wp\/v2\/media?parent=3840946"}],"wp:term":[{"taxonomy":"product_brand","embeddable":true,"href":"https:\/\/shop.diolosa.com\/pl\/wp-json\/wp\/v2\/product_brand?post=3840946"},{"taxonomy":"product_cat","embeddable":true,"href":"https:\/\/shop.diolosa.com\/pl\/wp-json\/wp\/v2\/product_cat?post=3840946"},{"taxonomy":"product_tag","embeddable":true,"href":"https:\/\/shop.diolosa.com\/pl\/wp-json\/wp\/v2\/product_tag?post=3840946"}],"curies":[{"name":"wp","href":"https:\/\/api.w.org\/{rel}","templated":true}]}}