{"id":3840950,"date":"2019-09-04T12:12:33","date_gmt":"2025-03-10T05:55:22","guid":{"rendered":"https:\/\/shop.diolosa.com\/product\/peaceful-valley-supp\/"},"modified":"2025-05-06T15:20:34","modified_gmt":"2025-05-06T14:20:34","slug":"peaceful-valley-supp","status":"publish","type":"product","link":"https:\/\/shop.diolosa.com\/pl\/product\/peaceful-valley-supp\/","title":{"rendered":"Peaceful Valley Supp."},"content":{"rendered":"<p>PEACEFUL VALLEY SUPP. jest stosowany w leczeniu ple\u015bniawki pochwy i powinien by\u0107 stosowany w po\u0142\u0105czeniu z PEACEFUL VALLEY BALM. Preparat ten odprowadza ciep\u0142o i toksyny z w\u0105troby i Dai Mai (naczynia krwiono\u015bnego), usuwa ciep\u0142o krwi, usuwa zastoje krwi, \u0142agodzi sw\u0119dzenie i b\u00f3l.<\/p>\n","protected":false},"excerpt":{"rendered":"<p>PEACEFUL VALLEY SUPP. jest stosowany w leczeniu ple\u015bniawki pochwy i  [&#8230;]<\/p>\n","protected":false},"featured_media":3840952,"template":"","meta":{"_acf_changed":false},"product_brand":[],"product_cat":[11799],"product_tag":[12108],"class_list":{"0":"post-3840950","1":"product","2":"type-product","3":"status-publish","4":"has-post-thumbnail","6":"product_cat-ginekologia","7":"product_tag-grzybica-grzybica-pochwy-supp","9":"first","10":"instock","11":"taxable","12":"shipping-taxable","13":"purchasable","14":"product-type-simple"},"acf":{"yn_product_verabreichungsart":"Czopki 20szt.","yn_product_dosierung":"<p>1 czopek wieczorem przez 6 do 10 dni. Mo\u017cna r\u00f3wnie\u017c \u0142\u0105czy\u0107 z zachodnim \u015brodkiem przeciwgrzybiczym. <\/p>\n","yn_product_combinations":"<p>PEACEFUL VALLEY BALM (grzybica pochwy), HOT DAMP BELT (up\u0142awy \u017c\u00f3\u0142te), EASY FLOW HOT (bolesne miesi\u0105czkowanie), HOT STREAM (ostre zapalenie p\u0119cherza moczowego), CLEANSING DAYS TABLETS, TEE (kuracja wiosenna), HEAVENLY STREAMS (toksyny wilgotnego ciep\u0142a w Jue Yin), WATER SEPARATION (ni\u017csze, cieplejsze wilgotne ciep\u0142o).<\/p>\n","yn_product_avoidable":"<p>Alkohol, cukier, wszelkie s\u0142odycze, koktajle, czosnek, por, cebula, ser, mas\u0142o, herbata z przyprawami, jagni\u0119cina, czerwone wino, owoce morza, ryby, cukier<\/p>\n","yn_product_tcm_mindmapping":"<p>Pierwotne toksyny w\u0105troby, p\u0119cherza moczowego i mokrego ciep\u0142a Dai Mai w dolnym ogrzewaczu lub choroba zaka\u017ana > Wilgotne ciep\u0142o i toksyny w UE<\/p>\n"},"yoast_head":"<!-- This site is optimized with the Yoast SEO plugin v24.9 - https:\/\/yoast.com\/wordpress\/plugins\/seo\/ -->\n<title>Peaceful Valley Supp. - Claude Diolosa<\/title>\n<meta name=\"robots\" content=\"index, follow, max-snippet:-1, max-image-preview:large, max-video-preview:-1\" \/>\n<link rel=\"canonical\" href=\"https:\/\/shop.diolosa.com\/pl\/product\/peaceful-valley-supp\/\" \/>\n<meta property=\"og:locale\" content=\"pl_PL\" \/>\n<meta property=\"og:type\" content=\"article\" \/>\n<meta property=\"og:title\" content=\"Peaceful Valley Supp. - Claude Diolosa\" \/>\n<meta property=\"og:description\" content=\"PEACEFUL VALLEY SUPP. jest stosowany w leczeniu ple\u015bniawki pochwy i [...]\" \/>\n<meta property=\"og:url\" content=\"https:\/\/shop.diolosa.com\/pl\/product\/peaceful-valley-supp\/\" \/>\n<meta property=\"og:site_name\" content=\"Claude Diolosa\" \/>\n<meta property=\"article:publisher\" content=\"https:\/\/facebook.com\/claudediolosa\" \/>\n<meta property=\"article:modified_time\" content=\"2025-05-06T14:20:34+00:00\" \/>\n<meta property=\"og:image\" content=\"https:\/\/shop.diolosa.com\/wp-content\/uploads\/2019\/07\/DL_368_Apotheke_IBK_Produkte.jpg\" \/>\n\t<meta property=\"og:image:width\" content=\"800\" \/>\n\t<meta property=\"og:image:height\" content=\"533\" \/>\n\t<meta property=\"og:image:type\" content=\"image\/jpeg\" \/>\n<meta name=\"twitter:card\" content=\"summary_large_image\" \/>\n<script type=\"application\/ld+json\" class=\"yoast-schema-graph\">{\"@context\":\"https:\/\/schema.org\",\"@graph\":[{\"@type\":\"WebPage\",\"@id\":\"https:\/\/shop.diolosa.com\/pl\/product\/peaceful-valley-supp\/\",\"url\":\"https:\/\/shop.diolosa.com\/pl\/product\/peaceful-valley-supp\/\",\"name\":\"Peaceful Valley Supp. - Claude Diolosa\",\"isPartOf\":{\"@id\":\"https:\/\/shop.diolosa.com\/pl\/#website\"},\"primaryImageOfPage\":{\"@id\":\"https:\/\/shop.diolosa.com\/pl\/product\/peaceful-valley-supp\/#primaryimage\"},\"image\":{\"@id\":\"https:\/\/shop.diolosa.com\/pl\/product\/peaceful-valley-supp\/#primaryimage\"},\"thumbnailUrl\":\"https:\/\/shop.diolosa.com\/wp-content\/uploads\/2019\/07\/DL_368_Apotheke_IBK_Produkte.jpg\",\"datePublished\":\"2025-03-10T05:55:22+00:00\",\"dateModified\":\"2025-05-06T14:20:34+00:00\",\"breadcrumb\":{\"@id\":\"https:\/\/shop.diolosa.com\/pl\/product\/peaceful-valley-supp\/#breadcrumb\"},\"inLanguage\":\"pl-PL\",\"potentialAction\":[{\"@type\":\"ReadAction\",\"target\":[\"https:\/\/shop.diolosa.com\/pl\/product\/peaceful-valley-supp\/\"]}]},{\"@type\":\"ImageObject\",\"inLanguage\":\"pl-PL\",\"@id\":\"https:\/\/shop.diolosa.com\/pl\/product\/peaceful-valley-supp\/#primaryimage\",\"url\":\"https:\/\/shop.diolosa.com\/wp-content\/uploads\/2019\/07\/DL_368_Apotheke_IBK_Produkte.jpg\",\"contentUrl\":\"https:\/\/shop.diolosa.com\/wp-content\/uploads\/2019\/07\/DL_368_Apotheke_IBK_Produkte.jpg\",\"width\":800,\"height\":533},{\"@type\":\"BreadcrumbList\",\"@id\":\"https:\/\/shop.diolosa.com\/pl\/product\/peaceful-valley-supp\/#breadcrumb\",\"itemListElement\":[{\"@type\":\"ListItem\",\"position\":1,\"name\":\"Startseite\",\"item\":\"https:\/\/shop.diolosa.com\/pl\/?page_id=3835710\"},{\"@type\":\"ListItem\",\"position\":2,\"name\":\"Sklep\",\"item\":\"https:\/\/shop.diolosa.com\/pl\/?page_id=3835710\"},{\"@type\":\"ListItem\",\"position\":3,\"name\":\"Peaceful Valley Supp.\"}]},{\"@type\":\"WebSite\",\"@id\":\"https:\/\/shop.diolosa.com\/pl\/#website\",\"url\":\"https:\/\/shop.diolosa.com\/pl\/\",\"name\":\"Claude Diolosa\",\"description\":\"\",\"publisher\":{\"@id\":\"https:\/\/shop.diolosa.com\/pl\/#organization\"},\"potentialAction\":[{\"@type\":\"SearchAction\",\"target\":{\"@type\":\"EntryPoint\",\"urlTemplate\":\"https:\/\/shop.diolosa.com\/pl\/?s={search_term_string}\"},\"query-input\":{\"@type\":\"PropertyValueSpecification\",\"valueRequired\":true,\"valueName\":\"search_term_string\"}}],\"inLanguage\":\"pl-PL\"},{\"@type\":\"Organization\",\"@id\":\"https:\/\/shop.diolosa.com\/pl\/#organization\",\"name\":\"Claude Diolosa\",\"url\":\"https:\/\/shop.diolosa.com\/pl\/\",\"logo\":{\"@type\":\"ImageObject\",\"inLanguage\":\"pl-PL\",\"@id\":\"https:\/\/shop.diolosa.com\/pl\/#\/schema\/logo\/image\/\",\"url\":\"https:\/\/shop.diolosa.com\/wp-content\/uploads\/2019\/08\/diolosa-drop-logo-new.png\",\"contentUrl\":\"https:\/\/shop.diolosa.com\/wp-content\/uploads\/2019\/08\/diolosa-drop-logo-new.png\",\"width\":134,\"height\":176,\"caption\":\"Claude Diolosa\"},\"image\":{\"@id\":\"https:\/\/shop.diolosa.com\/pl\/#\/schema\/logo\/image\/\"},\"sameAs\":[\"https:\/\/facebook.com\/claudediolosa\",\"https:\/\/www.instagram.com\/diolosaclaude108\/\"]}]}<\/script>\n<!-- \/ Yoast SEO plugin. -->","yoast_head_json":{"title":"Peaceful Valley Supp. - Claude Diolosa","robots":{"index":"index","follow":"follow","max-snippet":"max-snippet:-1","max-image-preview":"max-image-preview:large","max-video-preview":"max-video-preview:-1"},"canonical":"https:\/\/shop.diolosa.com\/pl\/product\/peaceful-valley-supp\/","og_locale":"pl_PL","og_type":"article","og_title":"Peaceful Valley Supp. - Claude Diolosa","og_description":"PEACEFUL VALLEY SUPP. jest stosowany w leczeniu ple\u015bniawki pochwy i [...]","og_url":"https:\/\/shop.diolosa.com\/pl\/product\/peaceful-valley-supp\/","og_site_name":"Claude Diolosa","article_publisher":"https:\/\/facebook.com\/claudediolosa","article_modified_time":"2025-05-06T14:20:34+00:00","og_image":[{"width":800,"height":533,"url":"https:\/\/shop.diolosa.com\/wp-content\/uploads\/2019\/07\/DL_368_Apotheke_IBK_Produkte.jpg","type":"image\/jpeg"}],"twitter_card":"summary_large_image","schema":{"@context":"https:\/\/schema.org","@graph":[{"@type":"WebPage","@id":"https:\/\/shop.diolosa.com\/pl\/product\/peaceful-valley-supp\/","url":"https:\/\/shop.diolosa.com\/pl\/product\/peaceful-valley-supp\/","name":"Peaceful Valley Supp. - Claude Diolosa","isPartOf":{"@id":"https:\/\/shop.diolosa.com\/pl\/#website"},"primaryImageOfPage":{"@id":"https:\/\/shop.diolosa.com\/pl\/product\/peaceful-valley-supp\/#primaryimage"},"image":{"@id":"https:\/\/shop.diolosa.com\/pl\/product\/peaceful-valley-supp\/#primaryimage"},"thumbnailUrl":"https:\/\/shop.diolosa.com\/wp-content\/uploads\/2019\/07\/DL_368_Apotheke_IBK_Produkte.jpg","datePublished":"2025-03-10T05:55:22+00:00","dateModified":"2025-05-06T14:20:34+00:00","breadcrumb":{"@id":"https:\/\/shop.diolosa.com\/pl\/product\/peaceful-valley-supp\/#breadcrumb"},"inLanguage":"pl-PL","potentialAction":[{"@type":"ReadAction","target":["https:\/\/shop.diolosa.com\/pl\/product\/peaceful-valley-supp\/"]}]},{"@type":"ImageObject","inLanguage":"pl-PL","@id":"https:\/\/shop.diolosa.com\/pl\/product\/peaceful-valley-supp\/#primaryimage","url":"https:\/\/shop.diolosa.com\/wp-content\/uploads\/2019\/07\/DL_368_Apotheke_IBK_Produkte.jpg","contentUrl":"https:\/\/shop.diolosa.com\/wp-content\/uploads\/2019\/07\/DL_368_Apotheke_IBK_Produkte.jpg","width":800,"height":533},{"@type":"BreadcrumbList","@id":"https:\/\/shop.diolosa.com\/pl\/product\/peaceful-valley-supp\/#breadcrumb","itemListElement":[{"@type":"ListItem","position":1,"name":"Startseite","item":"https:\/\/shop.diolosa.com\/pl\/?page_id=3835710"},{"@type":"ListItem","position":2,"name":"Sklep","item":"https:\/\/shop.diolosa.com\/pl\/?page_id=3835710"},{"@type":"ListItem","position":3,"name":"Peaceful Valley Supp."}]},{"@type":"WebSite","@id":"https:\/\/shop.diolosa.com\/pl\/#website","url":"https:\/\/shop.diolosa.com\/pl\/","name":"Claude Diolosa","description":"","publisher":{"@id":"https:\/\/shop.diolosa.com\/pl\/#organization"},"potentialAction":[{"@type":"SearchAction","target":{"@type":"EntryPoint","urlTemplate":"https:\/\/shop.diolosa.com\/pl\/?s={search_term_string}"},"query-input":{"@type":"PropertyValueSpecification","valueRequired":true,"valueName":"search_term_string"}}],"inLanguage":"pl-PL"},{"@type":"Organization","@id":"https:\/\/shop.diolosa.com\/pl\/#organization","name":"Claude Diolosa","url":"https:\/\/shop.diolosa.com\/pl\/","logo":{"@type":"ImageObject","inLanguage":"pl-PL","@id":"https:\/\/shop.diolosa.com\/pl\/#\/schema\/logo\/image\/","url":"https:\/\/shop.diolosa.com\/wp-content\/uploads\/2019\/08\/diolosa-drop-logo-new.png","contentUrl":"https:\/\/shop.diolosa.com\/wp-content\/uploads\/2019\/08\/diolosa-drop-logo-new.png","width":134,"height":176,"caption":"Claude Diolosa"},"image":{"@id":"https:\/\/shop.diolosa.com\/pl\/#\/schema\/logo\/image\/"},"sameAs":["https:\/\/facebook.com\/claudediolosa","https:\/\/www.instagram.com\/diolosaclaude108\/"]}]}},"_links":{"self":[{"href":"https:\/\/shop.diolosa.com\/pl\/wp-json\/wp\/v2\/product\/3840950","targetHints":{"allow":["GET"]}}],"collection":[{"href":"https:\/\/shop.diolosa.com\/pl\/wp-json\/wp\/v2\/product"}],"about":[{"href":"https:\/\/shop.diolosa.com\/pl\/wp-json\/wp\/v2\/types\/product"}],"wp:featuredmedia":[{"embeddable":true,"href":"https:\/\/shop.diolosa.com\/pl\/wp-json\/wp\/v2\/media\/3840952"}],"wp:attachment":[{"href":"https:\/\/shop.diolosa.com\/pl\/wp-json\/wp\/v2\/media?parent=3840950"}],"wp:term":[{"taxonomy":"product_brand","embeddable":true,"href":"https:\/\/shop.diolosa.com\/pl\/wp-json\/wp\/v2\/product_brand?post=3840950"},{"taxonomy":"product_cat","embeddable":true,"href":"https:\/\/shop.diolosa.com\/pl\/wp-json\/wp\/v2\/product_cat?post=3840950"},{"taxonomy":"product_tag","embeddable":true,"href":"https:\/\/shop.diolosa.com\/pl\/wp-json\/wp\/v2\/product_tag?post=3840950"}],"curies":[{"name":"wp","href":"https:\/\/api.w.org\/{rel}","templated":true}]}}