{"id":3840959,"date":"2019-09-04T12:12:33","date_gmt":"2025-03-10T05:55:25","guid":{"rendered":"https:\/\/shop.diolosa.com\/product\/balsam-spokojna-dolina\/"},"modified":"2025-05-06T15:20:41","modified_gmt":"2025-05-06T14:20:41","slug":"balsam-spokojna-dolina","status":"publish","type":"product","link":"https:\/\/shop.diolosa.com\/pl\/product\/balsam-spokojna-dolina\/","title":{"rendered":"Balsam Spokojna Dolina"},"content":{"rendered":"<p>PEACEFUL VALLEY BALM jest stosowany w leczeniu ple\u015bniawki pochwy i powinien by\u0107 u\u017cywany w po\u0142\u0105czeniu z PEACEFUL VALLEY SUPP. Preparat ten odprowadza ciep\u0142o i toksyny z w\u0105troby i Dai Mai (naczynia krwiono\u015bnego), usuwa ciep\u0142o krwi, usuwa zastoje krwi, \u0142agodzi sw\u0119dzenie i b\u00f3l.<\/p>\n","protected":false},"excerpt":{"rendered":"<p>PEACEFUL VALLEY BALM jest stosowany w leczeniu ple\u015bniawki pochwy i  [&#8230;]<\/p>\n","protected":false},"featured_media":3840960,"template":"","meta":{"_acf_changed":false},"product_brand":[],"product_cat":[11799],"product_tag":[12113],"class_list":{"0":"post-3840959","1":"product","2":"type-product","3":"status-publish","4":"has-post-thumbnail","6":"product_cat-ginekologia","7":"product_tag-grzybica-grzybica-pochwy-masc","9":"first","10":"instock","11":"taxable","12":"shipping-taxable","13":"purchasable","14":"product-type-simple"},"acf":{"yn_product_audio":"https:\/\/shop.diolosa.com\/wp-content\/uploads\/2018\/12\/DL_0369.mp3","yn_product_video":"https:\/\/shop.diolosa.com\/wp-content\/uploads\/2024\/10\/Peaceful-Valley-BalmSupp-.mp4","yn_product_akupunktur":"<p>Dolna grza\u0142ka Wy\u0142adowanie wilgotnego ciep\u0142a<br \/>\n\u015bledziona 6 &#8211; san yin jiao (le, ni, mb) &#8211; xie fa<br \/>\n\u015bledziona 9 &#8211; yin ling quan (he) &#8211; xie fa<br \/>\nw\u0105troba 3 &#8211; tai chong (shu, yuan) &#8211; xie fa<br \/>\nworeczek \u017c\u00f3\u0142ciowy 41 &#8211; to lin qi (dai mai, shu) &#8211; xie fa  <\/p>\n<p>czyste ciep\u0142o<br \/>\nw\u0105troba 2 &#8211; xing jian (ying) &#8211; xie fa<br \/>\nnerki 2 &#8211; rang gu (ying) &#8211; xie fa<br \/>\nworeczek \u017c\u00f3\u0142ciowy 43 &#8211; xia xi (ying) &#8211; xie fa  <\/p>\n<p>Dai Mai Wy\u0142adowanie wilgoci Ciep\u0142o<br \/>\nworeczek \u017c\u00f3\u0142ciowy 41 &#8211; to lin qi (dai mai, shu) &#8211; xie fa<br \/>\nworeczek \u017c\u00f3\u0142ciowy 26 &#8211; woreczek \u017c\u00f3\u0142ciowy &#8211; dai mai &#8211; xie fa  <\/p>\n<p>Wy\u0142adowanie San Chiao Wilgotne ciep\u0142o<br \/>\np\u0119cherz 22 &#8211; san jiao shu (mo &#8211; san chiao) &#8211; xie fa<br \/>\nren mai 3 &#8211; zhong ji (mo>p\u0119cherz, w\u0105troba, nerki, \u015bledziona) &#8211; xie fa<br \/>\nren mai 2 &#8211; qu gu (w\u0105troba, ren mai) &#8211; xie fa<br \/>\np\u0119cherz 39 &#8211; wei yang (xia he xue &#8211; san chiao) &#8211; xie fa  <\/p>\n<p>Tonizuje \u015bledzion\u0119<br \/>\np\u0119cherz 20 &#8211; pi shu &#8211; bu fa<br \/>\n\u015bledziona 3 &#8211; tai bai (yuan) &#8211; bu fa  <\/p>\n<p>Przenie\u015b krew<br \/>\n\u015bledziona 10 &#8211; xue hai (jezioro krwi) &#8211; xie fa<br \/>\n\u015bledziona 8 &#8211; di ji (xi) &#8211; xie fa<br \/>\nw\u0105troba 6 &#8211; zhong du (xi) &#8211; xie fa<\/p>\n","yn_product_verabreichungsart":"Ma\u015b\u0107 30g","yn_product_dosierung":"<p>Stosowa\u0107 3 razy dziennie<\/p>\n","yn_product_combinations":"<p>PEACEFUL VALLEY SUPP. (grzybica pochwy), HOT DAMP BELT (up\u0142awy \u017c\u00f3\u0142te), EASY FLOW HOT (bolesne miesi\u0105czkowanie), HOT STREAM (ostre zapalenie p\u0119cherza moczowego), CLEANSING DAYS TABLETS, TEE (kuracja wiosenna), HEAVENLY STREAMS (mokre ciep\u0142o toksyn w Jue Yin), WATER SEPARATION (ni\u017csze, cieplejsze, wilgotne ciep\u0142o). <\/p>\n","yn_product_avoidable":"<p>Alkohol, cukier, wszelkie s\u0142odycze, koktajle, czosnek, pory, cebula, szczypiorek, koperek, herbata z przyprawami, jagni\u0119cina, czerwone wino, owoce morza, ryby<\/p>\n","yn_product_tcm_mindmapping":"<p>Pierwotna w\u0105troba, p\u0119cherz moczowy i Dai Mai Wilgotne ciep\u0142o Toksyny w dolnym cieple lub choroba zaka\u017ana > Wilgotne ciep\u0142o i toksyny w UE<\/p>\n","yn_product_tongue_body":"<p>Pierwotne wilgotne ciep\u0142o: D\u0142ugie, szerokie, czerwone<br \/>\nWt\u00f3rne wilgotne ciep\u0142o: Szerokie, wilgotne i blade ze \u015bladami z\u0119b\u00f3w<\/p>\n","yn_product_tongue_coating":"<p>\u017b\u00f3\u0142tawy u nasady j\u0119zyka, bardzo gruby, t\u0142usty z wystaj\u0105cymi czerwonawymi brodawkami<\/p>\n","yn_product_pulse_diagnostics":"<p>Ni\u017csza pozycja rozgrzewaj\u0105ca, dai mai i pozycja w\u0105troby: hua mai &#8211; szybuj\u0105ca, shi mai &#8211; pe\u0142na, shuo mai &#8211; szybka, xian mai &#8211; napi\u0119ta.<\/p>\n","yn_product_indications":"<p>Grzybica, sw\u0119dzenie sk\u00f3ry, opryszczka narz\u0105d\u00f3w p\u0142ciowych<\/p>\n","yn_product_contra_indications":"<p>Sw\u0119dzenie sk\u00f3ry spowodowane niedoborem Yin i pustym ciep\u0142em, bardzo sucha sk\u00f3ra<\/p>\n","yn_product_pregnancy":"<p>Dozwolone<\/p>\n","yn_product_herbs":"<p>cnidii fructus &#8211; she chuang zi, phellodendri cortex &#8211; huang bai, sophorae flavenscentis radix &#8211; ku shen<\/p>\n","yn_product_magisterrecipes":"<p>Ku Shen Tang, Si Miao San, Er Miao San<\/p>\n"},"yoast_head":"<!-- This site is optimized with the Yoast SEO plugin v24.9 - https:\/\/yoast.com\/wordpress\/plugins\/seo\/ -->\n<title>Balsam Spokojna Dolina - Claude Diolosa<\/title>\n<meta name=\"robots\" content=\"index, follow, max-snippet:-1, max-image-preview:large, max-video-preview:-1\" \/>\n<link rel=\"canonical\" href=\"https:\/\/shop.diolosa.com\/pl\/product\/balsam-spokojna-dolina\/\" \/>\n<meta property=\"og:locale\" content=\"pl_PL\" \/>\n<meta property=\"og:type\" content=\"article\" \/>\n<meta property=\"og:title\" content=\"Balsam Spokojna Dolina - Claude Diolosa\" \/>\n<meta property=\"og:description\" content=\"PEACEFUL VALLEY BALM jest stosowany w leczeniu ple\u015bniawki pochwy i [...]\" \/>\n<meta property=\"og:url\" content=\"https:\/\/shop.diolosa.com\/pl\/product\/balsam-spokojna-dolina\/\" \/>\n<meta property=\"og:site_name\" content=\"Claude Diolosa\" \/>\n<meta property=\"article:publisher\" content=\"https:\/\/facebook.com\/claudediolosa\" \/>\n<meta property=\"article:modified_time\" content=\"2025-05-06T14:20:41+00:00\" \/>\n<meta property=\"og:image\" content=\"https:\/\/shop.diolosa.com\/wp-content\/uploads\/2019\/07\/DL_369_Apotheke_IBK_Produkte.jpg\" \/>\n\t<meta property=\"og:image:width\" content=\"800\" \/>\n\t<meta property=\"og:image:height\" content=\"533\" \/>\n\t<meta property=\"og:image:type\" content=\"image\/jpeg\" \/>\n<meta name=\"twitter:card\" content=\"summary_large_image\" \/>\n<script type=\"application\/ld+json\" class=\"yoast-schema-graph\">{\"@context\":\"https:\/\/schema.org\",\"@graph\":[{\"@type\":\"WebPage\",\"@id\":\"https:\/\/shop.diolosa.com\/pl\/product\/balsam-spokojna-dolina\/\",\"url\":\"https:\/\/shop.diolosa.com\/pl\/product\/balsam-spokojna-dolina\/\",\"name\":\"Balsam Spokojna Dolina - Claude Diolosa\",\"isPartOf\":{\"@id\":\"https:\/\/shop.diolosa.com\/pl\/#website\"},\"primaryImageOfPage\":{\"@id\":\"https:\/\/shop.diolosa.com\/pl\/product\/balsam-spokojna-dolina\/#primaryimage\"},\"image\":{\"@id\":\"https:\/\/shop.diolosa.com\/pl\/product\/balsam-spokojna-dolina\/#primaryimage\"},\"thumbnailUrl\":\"https:\/\/shop.diolosa.com\/wp-content\/uploads\/2019\/07\/DL_369_Apotheke_IBK_Produkte.jpg\",\"datePublished\":\"2025-03-10T05:55:25+00:00\",\"dateModified\":\"2025-05-06T14:20:41+00:00\",\"breadcrumb\":{\"@id\":\"https:\/\/shop.diolosa.com\/pl\/product\/balsam-spokojna-dolina\/#breadcrumb\"},\"inLanguage\":\"pl-PL\",\"potentialAction\":[{\"@type\":\"ReadAction\",\"target\":[\"https:\/\/shop.diolosa.com\/pl\/product\/balsam-spokojna-dolina\/\"]}]},{\"@type\":\"ImageObject\",\"inLanguage\":\"pl-PL\",\"@id\":\"https:\/\/shop.diolosa.com\/pl\/product\/balsam-spokojna-dolina\/#primaryimage\",\"url\":\"https:\/\/shop.diolosa.com\/wp-content\/uploads\/2019\/07\/DL_369_Apotheke_IBK_Produkte.jpg\",\"contentUrl\":\"https:\/\/shop.diolosa.com\/wp-content\/uploads\/2019\/07\/DL_369_Apotheke_IBK_Produkte.jpg\",\"width\":800,\"height\":533},{\"@type\":\"BreadcrumbList\",\"@id\":\"https:\/\/shop.diolosa.com\/pl\/product\/balsam-spokojna-dolina\/#breadcrumb\",\"itemListElement\":[{\"@type\":\"ListItem\",\"position\":1,\"name\":\"Startseite\",\"item\":\"https:\/\/shop.diolosa.com\/pl\/?page_id=3835710\"},{\"@type\":\"ListItem\",\"position\":2,\"name\":\"Sklep\",\"item\":\"https:\/\/shop.diolosa.com\/pl\/?page_id=3835710\"},{\"@type\":\"ListItem\",\"position\":3,\"name\":\"Balsam Spokojna Dolina\"}]},{\"@type\":\"WebSite\",\"@id\":\"https:\/\/shop.diolosa.com\/pl\/#website\",\"url\":\"https:\/\/shop.diolosa.com\/pl\/\",\"name\":\"Claude Diolosa\",\"description\":\"\",\"publisher\":{\"@id\":\"https:\/\/shop.diolosa.com\/pl\/#organization\"},\"potentialAction\":[{\"@type\":\"SearchAction\",\"target\":{\"@type\":\"EntryPoint\",\"urlTemplate\":\"https:\/\/shop.diolosa.com\/pl\/?s={search_term_string}\"},\"query-input\":{\"@type\":\"PropertyValueSpecification\",\"valueRequired\":true,\"valueName\":\"search_term_string\"}}],\"inLanguage\":\"pl-PL\"},{\"@type\":\"Organization\",\"@id\":\"https:\/\/shop.diolosa.com\/pl\/#organization\",\"name\":\"Claude Diolosa\",\"url\":\"https:\/\/shop.diolosa.com\/pl\/\",\"logo\":{\"@type\":\"ImageObject\",\"inLanguage\":\"pl-PL\",\"@id\":\"https:\/\/shop.diolosa.com\/pl\/#\/schema\/logo\/image\/\",\"url\":\"https:\/\/shop.diolosa.com\/wp-content\/uploads\/2019\/08\/diolosa-drop-logo-new.png\",\"contentUrl\":\"https:\/\/shop.diolosa.com\/wp-content\/uploads\/2019\/08\/diolosa-drop-logo-new.png\",\"width\":134,\"height\":176,\"caption\":\"Claude Diolosa\"},\"image\":{\"@id\":\"https:\/\/shop.diolosa.com\/pl\/#\/schema\/logo\/image\/\"},\"sameAs\":[\"https:\/\/facebook.com\/claudediolosa\",\"https:\/\/www.instagram.com\/diolosaclaude108\/\"]}]}<\/script>\n<!-- \/ Yoast SEO plugin. -->","yoast_head_json":{"title":"Balsam Spokojna Dolina - Claude Diolosa","robots":{"index":"index","follow":"follow","max-snippet":"max-snippet:-1","max-image-preview":"max-image-preview:large","max-video-preview":"max-video-preview:-1"},"canonical":"https:\/\/shop.diolosa.com\/pl\/product\/balsam-spokojna-dolina\/","og_locale":"pl_PL","og_type":"article","og_title":"Balsam Spokojna Dolina - Claude Diolosa","og_description":"PEACEFUL VALLEY BALM jest stosowany w leczeniu ple\u015bniawki pochwy i [...]","og_url":"https:\/\/shop.diolosa.com\/pl\/product\/balsam-spokojna-dolina\/","og_site_name":"Claude Diolosa","article_publisher":"https:\/\/facebook.com\/claudediolosa","article_modified_time":"2025-05-06T14:20:41+00:00","og_image":[{"width":800,"height":533,"url":"https:\/\/shop.diolosa.com\/wp-content\/uploads\/2019\/07\/DL_369_Apotheke_IBK_Produkte.jpg","type":"image\/jpeg"}],"twitter_card":"summary_large_image","schema":{"@context":"https:\/\/schema.org","@graph":[{"@type":"WebPage","@id":"https:\/\/shop.diolosa.com\/pl\/product\/balsam-spokojna-dolina\/","url":"https:\/\/shop.diolosa.com\/pl\/product\/balsam-spokojna-dolina\/","name":"Balsam Spokojna Dolina - Claude Diolosa","isPartOf":{"@id":"https:\/\/shop.diolosa.com\/pl\/#website"},"primaryImageOfPage":{"@id":"https:\/\/shop.diolosa.com\/pl\/product\/balsam-spokojna-dolina\/#primaryimage"},"image":{"@id":"https:\/\/shop.diolosa.com\/pl\/product\/balsam-spokojna-dolina\/#primaryimage"},"thumbnailUrl":"https:\/\/shop.diolosa.com\/wp-content\/uploads\/2019\/07\/DL_369_Apotheke_IBK_Produkte.jpg","datePublished":"2025-03-10T05:55:25+00:00","dateModified":"2025-05-06T14:20:41+00:00","breadcrumb":{"@id":"https:\/\/shop.diolosa.com\/pl\/product\/balsam-spokojna-dolina\/#breadcrumb"},"inLanguage":"pl-PL","potentialAction":[{"@type":"ReadAction","target":["https:\/\/shop.diolosa.com\/pl\/product\/balsam-spokojna-dolina\/"]}]},{"@type":"ImageObject","inLanguage":"pl-PL","@id":"https:\/\/shop.diolosa.com\/pl\/product\/balsam-spokojna-dolina\/#primaryimage","url":"https:\/\/shop.diolosa.com\/wp-content\/uploads\/2019\/07\/DL_369_Apotheke_IBK_Produkte.jpg","contentUrl":"https:\/\/shop.diolosa.com\/wp-content\/uploads\/2019\/07\/DL_369_Apotheke_IBK_Produkte.jpg","width":800,"height":533},{"@type":"BreadcrumbList","@id":"https:\/\/shop.diolosa.com\/pl\/product\/balsam-spokojna-dolina\/#breadcrumb","itemListElement":[{"@type":"ListItem","position":1,"name":"Startseite","item":"https:\/\/shop.diolosa.com\/pl\/?page_id=3835710"},{"@type":"ListItem","position":2,"name":"Sklep","item":"https:\/\/shop.diolosa.com\/pl\/?page_id=3835710"},{"@type":"ListItem","position":3,"name":"Balsam Spokojna Dolina"}]},{"@type":"WebSite","@id":"https:\/\/shop.diolosa.com\/pl\/#website","url":"https:\/\/shop.diolosa.com\/pl\/","name":"Claude Diolosa","description":"","publisher":{"@id":"https:\/\/shop.diolosa.com\/pl\/#organization"},"potentialAction":[{"@type":"SearchAction","target":{"@type":"EntryPoint","urlTemplate":"https:\/\/shop.diolosa.com\/pl\/?s={search_term_string}"},"query-input":{"@type":"PropertyValueSpecification","valueRequired":true,"valueName":"search_term_string"}}],"inLanguage":"pl-PL"},{"@type":"Organization","@id":"https:\/\/shop.diolosa.com\/pl\/#organization","name":"Claude Diolosa","url":"https:\/\/shop.diolosa.com\/pl\/","logo":{"@type":"ImageObject","inLanguage":"pl-PL","@id":"https:\/\/shop.diolosa.com\/pl\/#\/schema\/logo\/image\/","url":"https:\/\/shop.diolosa.com\/wp-content\/uploads\/2019\/08\/diolosa-drop-logo-new.png","contentUrl":"https:\/\/shop.diolosa.com\/wp-content\/uploads\/2019\/08\/diolosa-drop-logo-new.png","width":134,"height":176,"caption":"Claude Diolosa"},"image":{"@id":"https:\/\/shop.diolosa.com\/pl\/#\/schema\/logo\/image\/"},"sameAs":["https:\/\/facebook.com\/claudediolosa","https:\/\/www.instagram.com\/diolosaclaude108\/"]}]}},"_links":{"self":[{"href":"https:\/\/shop.diolosa.com\/pl\/wp-json\/wp\/v2\/product\/3840959","targetHints":{"allow":["GET"]}}],"collection":[{"href":"https:\/\/shop.diolosa.com\/pl\/wp-json\/wp\/v2\/product"}],"about":[{"href":"https:\/\/shop.diolosa.com\/pl\/wp-json\/wp\/v2\/types\/product"}],"wp:featuredmedia":[{"embeddable":true,"href":"https:\/\/shop.diolosa.com\/pl\/wp-json\/wp\/v2\/media\/3840960"}],"wp:attachment":[{"href":"https:\/\/shop.diolosa.com\/pl\/wp-json\/wp\/v2\/media?parent=3840959"}],"wp:term":[{"taxonomy":"product_brand","embeddable":true,"href":"https:\/\/shop.diolosa.com\/pl\/wp-json\/wp\/v2\/product_brand?post=3840959"},{"taxonomy":"product_cat","embeddable":true,"href":"https:\/\/shop.diolosa.com\/pl\/wp-json\/wp\/v2\/product_cat?post=3840959"},{"taxonomy":"product_tag","embeddable":true,"href":"https:\/\/shop.diolosa.com\/pl\/wp-json\/wp\/v2\/product_tag?post=3840959"}],"curies":[{"name":"wp","href":"https:\/\/api.w.org\/{rel}","templated":true}]}}