{"id":3840961,"date":"2019-09-04T12:12:00","date_gmt":"2025-03-10T05:55:25","guid":{"rendered":"https:\/\/shop.diolosa.com\/product\/zupa-mocy-yin-i-qi\/"},"modified":"2025-05-06T14:55:20","modified_gmt":"2025-05-06T13:55:20","slug":"zupa-mocy-yin-i-qi","status":"publish","type":"product","link":"https:\/\/shop.diolosa.com\/pl\/product\/zupa-mocy-yin-i-qi\/","title":{"rendered":"Zupa mocy &#8211; Yin i Qi"},"content":{"rendered":"<p>POWER SOUP &#8211; YIN AND QI jest stosowany jako og\u00f3lny tonik do leczenia niedoboru Qi i Yin. Ten preparat z mi\u0119sem kaczki, \u017c\u00f3\u0142tkiem jaja i warzywami tonizuje Qi i od\u017cywia Yin bez powodowania stagnacji. <\/p>\n<p>&nbsp;<\/p>\n<p>&nbsp;<\/p>\n","protected":false},"excerpt":{"rendered":"<p>&nbsp;<\/p>\n<p>&nbsp;<\/p>\n<p>&nbsp;<\/p>\n","protected":false},"featured_media":3840962,"template":"","meta":{"_acf_changed":false},"product_brand":[],"product_cat":[12034],"product_tag":[12114],"class_list":{"0":"post-3840961","1":"product","2":"type-product","3":"status-publish","4":"has-post-thumbnail","6":"product_cat-przedluzenie-zycia","7":"product_tag-zupa-mocy-yin-i-qi","9":"first","10":"instock","11":"taxable","12":"shipping-taxable","13":"purchasable","14":"product-type-simple"},"acf":{"yn_product_audio":"https:\/\/shop.diolosa.com\/wp-content\/uploads\/2022\/10\/DL_Power-Soup-Yin-Qi-.m4a","yn_product_video":"https:\/\/shop.diolosa.com\/wp-content\/uploads\/2025\/04\/Kraftsuppe-YIN-und-QI.mp4","yn_product_akupunktur":"<p><strong>Uzupe\u0142nienie yin i qi nerek<\/strong><br \/>\np\u0119cherz 23 &#8211; shen shu &#8211; bu fa<br \/>\nworeczek \u017c\u00f3\u0142ciowy 25 &#8211; jing men (mo &#8211; nerka) &#8211; bu fa<br \/>\nnerka 3 &#8211; tai xi (shu,yuan) &#8211; bu fa<br \/>\nnerka 7 &#8211; fu liu (jing) &#8211; bu fa<br \/>\nnerki\/nerki-6 \u7167\u6d77 zh\u00e0o h\u01cei (yin qiao mai).<br \/>\n\u015bledziona 6 &#8211; san yin jiao (le,ni,mb) &#8211; bu fa<\/p>\n<p><strong>Uzupe\u0142nienie yin w p\u0142ucach<\/strong><br \/>\np\u0142uco 9 &#8211; tai yuan &#8211; gui xin (shu, yuan, ba hui xue, gui) &#8211; bu fa<br \/>\np\u0142uco 5 &#8211; chi ze (he) &#8211; bu fa<br \/>\np\u0119cherz 13 &#8211; fei shu &#8211; bu fa<\/p>\n<p><strong>Uzupe\u0142nienie qi i yin<\/strong><br \/>\n\u017co\u0142\u0105dek 36 &#8211; to san li (shu, xia he xue &#8211; \u017co\u0142\u0105dek, si hai xue, si zhong xue) &#8211; bu fa<br \/>\n\u015bledziona 6 &#8211; san yin jiao (le,ni,mb) &#8211; bu fa<\/p>\n","yn_product_verabreichungsart":"Zupa energetyczna 232 g","yn_product_dosierung":"<p>3 x 1 miska dziennie, przez 12 dni, razem z herbat\u0105 San Bao<\/p>\n","yn_product_combinations":"<p>KORZE\u0143 YIN, SAN BAO TEE (niedob\u00f3r Qi i Yin w nerkach)<\/p>\n","yn_product_avoidable":"<p>Gor\u0105ce i aromatyczne przyprawy, herbata mi\u0119towa, herbata imbirowa, herbata joga, alkohol, jagni\u0119cina, owoce morza, ocet, czosnek, por, cebula, szczypiorek, pieprz, ga\u0142ka muszkato\u0142owa.<\/p>\n","yn_product_tcm_mindmapping":"<p>Niedob\u00f3r Qi \u015bledziony > Niedob\u00f3r Yin i Qi nerek > Niedob\u00f3r Yin i krwi w\u0105troby<\/p>\n","yn_product_tongue_body":"<p>Cienka, w\u0105ska, pop\u0119kana, sucha, kr\u00f3tka, czerwonawa ko\u0144c\u00f3wka j\u0119zyka.<\/p>\n","yn_product_tongue_coating":"<p>Cienki, \u017c\u00f3\u0142ty i suchy<\/p>\n","yn_product_pulse_diagnostics":"<p>chen mai &#8211; g\u0142\u0119boki, xi mai &#8211; cienki, duan mai &#8211; kr\u00f3tki, xu mai &#8211; pusty, shuo mai &#8211; szybki, se mai &#8211; szorstki lub fu mai &#8211; powierzchowny<\/p>\n","yn_product_indications":"<p>Ryzyko poronienia, niep\u0142odno\u015b\u0107, sk\u0105pe miesi\u0105czki, brak miesi\u0105czki z powodu sucho\u015bci, niedob\u00f3r \u017celaza, niedokrwisto\u015b\u0107, wypadanie w\u0142os\u00f3w, niedoci\u015bnienie, zawroty g\u0142owy, przewlek\u0142e b\u00f3le g\u0142owy, zaburzenia widzenia, wyczerpanie poporodowe, bezsenno\u015b\u0107.<\/p>\n","yn_product_contra_indications":"<p>Niedob\u00f3r Yang, wilgo\u0107 i przezi\u0119bienie flegmy<\/p>\n","yn_product_pregnancy":"<p>Dozwolone<\/p>\n","yn_product_herbs":"<p>Mi\u0119so kaczki<br \/>\nastragali radix &#8211; huang qi, pseudostellariae radix &#8211; tai zhi shen, polygoni multiflori radix &#8211; he shou wu, mori albae fructus &#8211; sang shen zi, opiophogonis radix &#8211; mai men dong, angelicae sinensis radix &#8211; dang gui, paeoniae albae radix &#8211; bai shao yao, sclerotium poriae cocos &#8211; fu ling, dioscorea rhizoma &#8211; shan yao, zizyphi jujubae fructus &#8211; da zao<\/p>\n","yn_product_magisterrecipes":"<p>Liu Wei Di Huang Tang, Zuo Gui Wan<\/p>\n"},"yoast_head":"<!-- This site is optimized with the Yoast SEO plugin v24.9 - https:\/\/yoast.com\/wordpress\/plugins\/seo\/ -->\n<title>Zupa mocy - Yin i Qi - Claude Diolosa<\/title>\n<meta name=\"robots\" content=\"index, follow, max-snippet:-1, max-image-preview:large, max-video-preview:-1\" \/>\n<link rel=\"canonical\" href=\"https:\/\/shop.diolosa.com\/pl\/product\/zupa-mocy-yin-i-qi\/\" \/>\n<meta property=\"og:locale\" content=\"pl_PL\" \/>\n<meta property=\"og:type\" content=\"article\" \/>\n<meta property=\"og:title\" content=\"Zupa mocy - Yin i Qi - Claude Diolosa\" \/>\n<meta property=\"og:description\" content=\"&nbsp; &nbsp; &nbsp;\" \/>\n<meta property=\"og:url\" content=\"https:\/\/shop.diolosa.com\/pl\/product\/zupa-mocy-yin-i-qi\/\" \/>\n<meta property=\"og:site_name\" content=\"Claude Diolosa\" \/>\n<meta property=\"article:publisher\" content=\"https:\/\/facebook.com\/claudediolosa\" \/>\n<meta property=\"article:modified_time\" content=\"2025-05-06T13:55:20+00:00\" \/>\n<meta property=\"og:image\" content=\"https:\/\/shop.diolosa.com\/wp-content\/uploads\/2019\/07\/DL_397_Apotheke_IBK_Produkte.jpg\" \/>\n\t<meta property=\"og:image:width\" content=\"800\" \/>\n\t<meta property=\"og:image:height\" content=\"533\" \/>\n\t<meta property=\"og:image:type\" content=\"image\/jpeg\" \/>\n<meta name=\"twitter:card\" content=\"summary_large_image\" \/>\n<script type=\"application\/ld+json\" class=\"yoast-schema-graph\">{\"@context\":\"https:\/\/schema.org\",\"@graph\":[{\"@type\":\"WebPage\",\"@id\":\"https:\/\/shop.diolosa.com\/pl\/product\/zupa-mocy-yin-i-qi\/\",\"url\":\"https:\/\/shop.diolosa.com\/pl\/product\/zupa-mocy-yin-i-qi\/\",\"name\":\"Zupa mocy - Yin i Qi - Claude Diolosa\",\"isPartOf\":{\"@id\":\"https:\/\/shop.diolosa.com\/pl\/#website\"},\"primaryImageOfPage\":{\"@id\":\"https:\/\/shop.diolosa.com\/pl\/product\/zupa-mocy-yin-i-qi\/#primaryimage\"},\"image\":{\"@id\":\"https:\/\/shop.diolosa.com\/pl\/product\/zupa-mocy-yin-i-qi\/#primaryimage\"},\"thumbnailUrl\":\"https:\/\/shop.diolosa.com\/wp-content\/uploads\/2019\/07\/DL_397_Apotheke_IBK_Produkte.jpg\",\"datePublished\":\"2025-03-10T05:55:25+00:00\",\"dateModified\":\"2025-05-06T13:55:20+00:00\",\"breadcrumb\":{\"@id\":\"https:\/\/shop.diolosa.com\/pl\/product\/zupa-mocy-yin-i-qi\/#breadcrumb\"},\"inLanguage\":\"pl-PL\",\"potentialAction\":[{\"@type\":\"ReadAction\",\"target\":[\"https:\/\/shop.diolosa.com\/pl\/product\/zupa-mocy-yin-i-qi\/\"]}]},{\"@type\":\"ImageObject\",\"inLanguage\":\"pl-PL\",\"@id\":\"https:\/\/shop.diolosa.com\/pl\/product\/zupa-mocy-yin-i-qi\/#primaryimage\",\"url\":\"https:\/\/shop.diolosa.com\/wp-content\/uploads\/2019\/07\/DL_397_Apotheke_IBK_Produkte.jpg\",\"contentUrl\":\"https:\/\/shop.diolosa.com\/wp-content\/uploads\/2019\/07\/DL_397_Apotheke_IBK_Produkte.jpg\",\"width\":800,\"height\":533},{\"@type\":\"BreadcrumbList\",\"@id\":\"https:\/\/shop.diolosa.com\/pl\/product\/zupa-mocy-yin-i-qi\/#breadcrumb\",\"itemListElement\":[{\"@type\":\"ListItem\",\"position\":1,\"name\":\"Startseite\",\"item\":\"https:\/\/shop.diolosa.com\/pl\/?page_id=3835710\"},{\"@type\":\"ListItem\",\"position\":2,\"name\":\"Sklep\",\"item\":\"https:\/\/shop.diolosa.com\/pl\/?page_id=3835710\"},{\"@type\":\"ListItem\",\"position\":3,\"name\":\"Zupa mocy &#8211; Yin i Qi\"}]},{\"@type\":\"WebSite\",\"@id\":\"https:\/\/shop.diolosa.com\/pl\/#website\",\"url\":\"https:\/\/shop.diolosa.com\/pl\/\",\"name\":\"Claude Diolosa\",\"description\":\"\",\"publisher\":{\"@id\":\"https:\/\/shop.diolosa.com\/pl\/#organization\"},\"potentialAction\":[{\"@type\":\"SearchAction\",\"target\":{\"@type\":\"EntryPoint\",\"urlTemplate\":\"https:\/\/shop.diolosa.com\/pl\/?s={search_term_string}\"},\"query-input\":{\"@type\":\"PropertyValueSpecification\",\"valueRequired\":true,\"valueName\":\"search_term_string\"}}],\"inLanguage\":\"pl-PL\"},{\"@type\":\"Organization\",\"@id\":\"https:\/\/shop.diolosa.com\/pl\/#organization\",\"name\":\"Claude Diolosa\",\"url\":\"https:\/\/shop.diolosa.com\/pl\/\",\"logo\":{\"@type\":\"ImageObject\",\"inLanguage\":\"pl-PL\",\"@id\":\"https:\/\/shop.diolosa.com\/pl\/#\/schema\/logo\/image\/\",\"url\":\"https:\/\/shop.diolosa.com\/wp-content\/uploads\/2019\/08\/diolosa-drop-logo-new.png\",\"contentUrl\":\"https:\/\/shop.diolosa.com\/wp-content\/uploads\/2019\/08\/diolosa-drop-logo-new.png\",\"width\":134,\"height\":176,\"caption\":\"Claude Diolosa\"},\"image\":{\"@id\":\"https:\/\/shop.diolosa.com\/pl\/#\/schema\/logo\/image\/\"},\"sameAs\":[\"https:\/\/facebook.com\/claudediolosa\",\"https:\/\/www.instagram.com\/diolosaclaude108\/\"]}]}<\/script>\n<!-- \/ Yoast SEO plugin. -->","yoast_head_json":{"title":"Zupa mocy - Yin i Qi - Claude Diolosa","robots":{"index":"index","follow":"follow","max-snippet":"max-snippet:-1","max-image-preview":"max-image-preview:large","max-video-preview":"max-video-preview:-1"},"canonical":"https:\/\/shop.diolosa.com\/pl\/product\/zupa-mocy-yin-i-qi\/","og_locale":"pl_PL","og_type":"article","og_title":"Zupa mocy - Yin i Qi - Claude Diolosa","og_description":"&nbsp; &nbsp; &nbsp;","og_url":"https:\/\/shop.diolosa.com\/pl\/product\/zupa-mocy-yin-i-qi\/","og_site_name":"Claude Diolosa","article_publisher":"https:\/\/facebook.com\/claudediolosa","article_modified_time":"2025-05-06T13:55:20+00:00","og_image":[{"width":800,"height":533,"url":"https:\/\/shop.diolosa.com\/wp-content\/uploads\/2019\/07\/DL_397_Apotheke_IBK_Produkte.jpg","type":"image\/jpeg"}],"twitter_card":"summary_large_image","schema":{"@context":"https:\/\/schema.org","@graph":[{"@type":"WebPage","@id":"https:\/\/shop.diolosa.com\/pl\/product\/zupa-mocy-yin-i-qi\/","url":"https:\/\/shop.diolosa.com\/pl\/product\/zupa-mocy-yin-i-qi\/","name":"Zupa mocy - Yin i Qi - Claude Diolosa","isPartOf":{"@id":"https:\/\/shop.diolosa.com\/pl\/#website"},"primaryImageOfPage":{"@id":"https:\/\/shop.diolosa.com\/pl\/product\/zupa-mocy-yin-i-qi\/#primaryimage"},"image":{"@id":"https:\/\/shop.diolosa.com\/pl\/product\/zupa-mocy-yin-i-qi\/#primaryimage"},"thumbnailUrl":"https:\/\/shop.diolosa.com\/wp-content\/uploads\/2019\/07\/DL_397_Apotheke_IBK_Produkte.jpg","datePublished":"2025-03-10T05:55:25+00:00","dateModified":"2025-05-06T13:55:20+00:00","breadcrumb":{"@id":"https:\/\/shop.diolosa.com\/pl\/product\/zupa-mocy-yin-i-qi\/#breadcrumb"},"inLanguage":"pl-PL","potentialAction":[{"@type":"ReadAction","target":["https:\/\/shop.diolosa.com\/pl\/product\/zupa-mocy-yin-i-qi\/"]}]},{"@type":"ImageObject","inLanguage":"pl-PL","@id":"https:\/\/shop.diolosa.com\/pl\/product\/zupa-mocy-yin-i-qi\/#primaryimage","url":"https:\/\/shop.diolosa.com\/wp-content\/uploads\/2019\/07\/DL_397_Apotheke_IBK_Produkte.jpg","contentUrl":"https:\/\/shop.diolosa.com\/wp-content\/uploads\/2019\/07\/DL_397_Apotheke_IBK_Produkte.jpg","width":800,"height":533},{"@type":"BreadcrumbList","@id":"https:\/\/shop.diolosa.com\/pl\/product\/zupa-mocy-yin-i-qi\/#breadcrumb","itemListElement":[{"@type":"ListItem","position":1,"name":"Startseite","item":"https:\/\/shop.diolosa.com\/pl\/?page_id=3835710"},{"@type":"ListItem","position":2,"name":"Sklep","item":"https:\/\/shop.diolosa.com\/pl\/?page_id=3835710"},{"@type":"ListItem","position":3,"name":"Zupa mocy &#8211; Yin i Qi"}]},{"@type":"WebSite","@id":"https:\/\/shop.diolosa.com\/pl\/#website","url":"https:\/\/shop.diolosa.com\/pl\/","name":"Claude Diolosa","description":"","publisher":{"@id":"https:\/\/shop.diolosa.com\/pl\/#organization"},"potentialAction":[{"@type":"SearchAction","target":{"@type":"EntryPoint","urlTemplate":"https:\/\/shop.diolosa.com\/pl\/?s={search_term_string}"},"query-input":{"@type":"PropertyValueSpecification","valueRequired":true,"valueName":"search_term_string"}}],"inLanguage":"pl-PL"},{"@type":"Organization","@id":"https:\/\/shop.diolosa.com\/pl\/#organization","name":"Claude Diolosa","url":"https:\/\/shop.diolosa.com\/pl\/","logo":{"@type":"ImageObject","inLanguage":"pl-PL","@id":"https:\/\/shop.diolosa.com\/pl\/#\/schema\/logo\/image\/","url":"https:\/\/shop.diolosa.com\/wp-content\/uploads\/2019\/08\/diolosa-drop-logo-new.png","contentUrl":"https:\/\/shop.diolosa.com\/wp-content\/uploads\/2019\/08\/diolosa-drop-logo-new.png","width":134,"height":176,"caption":"Claude Diolosa"},"image":{"@id":"https:\/\/shop.diolosa.com\/pl\/#\/schema\/logo\/image\/"},"sameAs":["https:\/\/facebook.com\/claudediolosa","https:\/\/www.instagram.com\/diolosaclaude108\/"]}]}},"_links":{"self":[{"href":"https:\/\/shop.diolosa.com\/pl\/wp-json\/wp\/v2\/product\/3840961","targetHints":{"allow":["GET"]}}],"collection":[{"href":"https:\/\/shop.diolosa.com\/pl\/wp-json\/wp\/v2\/product"}],"about":[{"href":"https:\/\/shop.diolosa.com\/pl\/wp-json\/wp\/v2\/types\/product"}],"wp:featuredmedia":[{"embeddable":true,"href":"https:\/\/shop.diolosa.com\/pl\/wp-json\/wp\/v2\/media\/3840962"}],"wp:attachment":[{"href":"https:\/\/shop.diolosa.com\/pl\/wp-json\/wp\/v2\/media?parent=3840961"}],"wp:term":[{"taxonomy":"product_brand","embeddable":true,"href":"https:\/\/shop.diolosa.com\/pl\/wp-json\/wp\/v2\/product_brand?post=3840961"},{"taxonomy":"product_cat","embeddable":true,"href":"https:\/\/shop.diolosa.com\/pl\/wp-json\/wp\/v2\/product_cat?post=3840961"},{"taxonomy":"product_tag","embeddable":true,"href":"https:\/\/shop.diolosa.com\/pl\/wp-json\/wp\/v2\/product_tag?post=3840961"}],"curies":[{"name":"wp","href":"https:\/\/api.w.org\/{rel}","templated":true}]}}