{"id":3840966,"date":"2019-09-04T12:12:00","date_gmt":"2025-03-10T05:55:27","guid":{"rendered":"https:\/\/shop.diolosa.com\/product\/zupa-mocy-qi-i-yang\/"},"modified":"2025-05-06T14:55:22","modified_gmt":"2025-05-06T13:55:22","slug":"zupa-mocy-qi-i-yang","status":"publish","type":"product","link":"https:\/\/shop.diolosa.com\/pl\/product\/zupa-mocy-qi-i-yang\/","title":{"rendered":"Zupa mocy &#8211; Qi i Yang"},"content":{"rendered":"<p>POWER SOUP &#8211; YANG AND QI jest stosowany jako og\u00f3lny tonik w leczeniu niedoboru Qi i Yang. Ten preparat z jagni\u0119cin\u0105 i warzywami tonizuje Qi i rozgrzewa Yang nerek bez powodowania stagnacji. <\/p>\n<p>&nbsp;<\/p>\n<p>&nbsp;<\/p>\n","protected":false},"excerpt":{"rendered":"<p>&nbsp;<\/p>\n<p>&nbsp;<\/p>\n<p>&nbsp;<\/p>\n","protected":false},"featured_media":3840968,"template":"","meta":{"_acf_changed":false},"product_brand":[],"product_cat":[12034],"product_tag":[12119],"class_list":{"0":"post-3840966","1":"product","2":"type-product","3":"status-publish","4":"has-post-thumbnail","6":"product_cat-przedluzenie-zycia","7":"product_tag-zupa-mocy-qi-i-yang","9":"first","10":"instock","11":"taxable","12":"shipping-taxable","13":"purchasable","14":"product-type-simple"},"acf":{"yn_product_audio":"https:\/\/shop.diolosa.com\/wp-content\/uploads\/2022\/10\/DL_Power-Soup-Qi-und-Yang-.m4a","yn_product_video":"https:\/\/shop.diolosa.com\/wp-content\/uploads\/2025\/04\/Kraftsuppe-Yang-und-Qi.mp4","yn_product_akupunktur":"<p>Tonizuje yang i qi nerek<br \/>\np\u0119cherz 23 &#8211; shen shu &#8211; moksa<br \/>\nnerka 3 &#8211; tai xi (shu,yuan) &#8211; bu fa<br \/>\n\u015bledziona 6 &#8211; san yin jiao (le,ni,mb) &#8211; bu fa<br \/>\np\u0119cherz 31 do 34 &#8211; ba liao &#8211; moksa<br \/>\nren mai 4 &#8211; guan yuan (mo> jelito cienkie,w\u0105troba,nerki,\u015bledziona) &#8211; moksa ren mai 6 &#8211; qi hai (yuan qi) &#8211; moksa du mai 4 &#8211; ming men &#8211; moksa jelito cienkie, w\u0105troba, nerki, \u015bledziona) &#8211; moxa<br \/>\nren mai 6 &#8211; qi hai (yuan qi) &#8211; moxa<br \/>\ndu mai 4 &#8211; ming men &#8211; moxa<br \/>\nti tuo &#8211; N-CA-4 (macica) &#8211; bu fa<br \/>\nzi gong &#8211; M-CA-18 (macica) &#8211; bu fa  <\/p>\n<p>Tonizuje qi i krew<br \/>\n\u017co\u0142\u0105dek 36 &#8211; to san li (shu, xia he xue &#8211; \u017co\u0142\u0105dek, si hai xue, si zhong xue) &#8211; bu fa<br \/>\n\u015bledziona 6 &#8211; san yin jiao (le, ni, mb) &#8211; bu fa<\/p>\n","yn_product_verabreichungsart":"Zupa mocy 188 g","yn_product_dosierung":"<p>3 x 1 miska dziennie przez 12 dni<\/p>\n","yn_product_combinations":"<p>KORZE\u0143 YANG, RINCHEN TEE, OGRZEWANIE KORZENIA, TAJEMNA MOC (niedob\u00f3r Qi nerek, Yang i Jing)<\/p>\n","yn_product_avoidable":"<p>Zimne napoje, surowe warzywa, pomidor, og\u00f3rek, zielona sa\u0142ata, gruszka, jab\u0142ko, owoce tropikalne, zw\u0142aszcza produkty mleczne.<\/p>\n","yn_product_tcm_mindmapping":"<p>Niedob\u00f3r Yang i Qi w nerkach > Niedob\u00f3r Yang i Qi w \u015bledzionie > Wilgo\u0107 i zimno flegmy<\/p>\n","yn_product_tongue_body":"<p>Kr\u00f3tki, blady, s\u0142aby, wilgotny i przekrwiony<\/p>\n","yn_product_tongue_coating":"<p>Bia\u0142y i wilgotny<\/p>\n","yn_product_pulse_diagnostics":"<p>Pozycja nerek: chen mai &#8211; g\u0142\u0119boka, duan mai &#8211; kr\u00f3tka, xu mai &#8211; pusta, xi mai &#8211; cienka lub ruo mai &#8211; s\u0142aba.<\/p>\n","yn_product_indications":"<p>Niedoci\u015bnienie, hipotermia, zimne ko\u0144czyny, wyczerpanie, apatia, os\u0142abienie ko\u0144czyn, zatrzymanie wody w nogach, przewlek\u0142y b\u00f3l plec\u00f3w, niep\u0142odno\u015b\u0107, bolesne miesi\u0105czkowanie z zatrzymaniem wody, depresja.<\/p>\n","yn_product_contra_indications":"<p>Niedob\u00f3r Yin w nerkach, puste ciep\u0142o i ciep\u0142o krwi<\/p>\n","yn_product_pregnancy":"<p>Dozwolone<\/p>\n","yn_product_herbs":"<p>Mi\u0119so jagni\u0119ce z ko\u015bci\u0105 i szpikiem<br \/>\nzantoxyli pericarpium &#8211; hua jiao, astragali radix &#8211; huang qi, atractylodes macrocephalae rhizoma &#8211; bai zhu, zingiberis recensis officinalis rhizoma &#8211; sheng jiang, zizyphi jujubae fructus &#8211; da zao, lycii fructus &#8211; gou qi zi, dioscorea rhizoma &#8211; shan yao, sclerotium poriae cocos &#8211; fu ling, cinnamomi cortex &#8211; rou gui, coicis semen &#8211; yi yi ren<\/p>\n","yn_product_magisterrecipes":"<p>You Gui Wan, Ji Kui Shen Qi Wan, Ba Wei Di Huang Wan<\/p>\n"},"yoast_head":"<!-- This site is optimized with the Yoast SEO plugin v24.9 - https:\/\/yoast.com\/wordpress\/plugins\/seo\/ -->\n<title>Zupa mocy - Qi i Yang - Claude Diolosa<\/title>\n<meta name=\"robots\" content=\"index, follow, max-snippet:-1, max-image-preview:large, max-video-preview:-1\" \/>\n<link rel=\"canonical\" href=\"https:\/\/shop.diolosa.com\/pl\/product\/zupa-mocy-qi-i-yang\/\" \/>\n<meta property=\"og:locale\" content=\"pl_PL\" \/>\n<meta property=\"og:type\" content=\"article\" \/>\n<meta property=\"og:title\" content=\"Zupa mocy - Qi i Yang - Claude Diolosa\" \/>\n<meta property=\"og:description\" content=\"&nbsp; &nbsp; &nbsp;\" \/>\n<meta property=\"og:url\" content=\"https:\/\/shop.diolosa.com\/pl\/product\/zupa-mocy-qi-i-yang\/\" \/>\n<meta property=\"og:site_name\" content=\"Claude Diolosa\" \/>\n<meta property=\"article:publisher\" content=\"https:\/\/facebook.com\/claudediolosa\" \/>\n<meta property=\"article:modified_time\" content=\"2025-05-06T13:55:22+00:00\" \/>\n<meta property=\"og:image\" content=\"https:\/\/shop.diolosa.com\/wp-content\/uploads\/2019\/07\/DL_398_Apotheke_IBK_Produkte.jpg\" \/>\n\t<meta property=\"og:image:width\" content=\"800\" \/>\n\t<meta property=\"og:image:height\" content=\"533\" \/>\n\t<meta property=\"og:image:type\" content=\"image\/jpeg\" \/>\n<meta name=\"twitter:card\" content=\"summary_large_image\" \/>\n<script type=\"application\/ld+json\" class=\"yoast-schema-graph\">{\"@context\":\"https:\/\/schema.org\",\"@graph\":[{\"@type\":\"WebPage\",\"@id\":\"https:\/\/shop.diolosa.com\/pl\/product\/zupa-mocy-qi-i-yang\/\",\"url\":\"https:\/\/shop.diolosa.com\/pl\/product\/zupa-mocy-qi-i-yang\/\",\"name\":\"Zupa mocy - Qi i Yang - Claude Diolosa\",\"isPartOf\":{\"@id\":\"https:\/\/shop.diolosa.com\/pl\/#website\"},\"primaryImageOfPage\":{\"@id\":\"https:\/\/shop.diolosa.com\/pl\/product\/zupa-mocy-qi-i-yang\/#primaryimage\"},\"image\":{\"@id\":\"https:\/\/shop.diolosa.com\/pl\/product\/zupa-mocy-qi-i-yang\/#primaryimage\"},\"thumbnailUrl\":\"https:\/\/shop.diolosa.com\/wp-content\/uploads\/2019\/07\/DL_398_Apotheke_IBK_Produkte.jpg\",\"datePublished\":\"2025-03-10T05:55:27+00:00\",\"dateModified\":\"2025-05-06T13:55:22+00:00\",\"breadcrumb\":{\"@id\":\"https:\/\/shop.diolosa.com\/pl\/product\/zupa-mocy-qi-i-yang\/#breadcrumb\"},\"inLanguage\":\"pl-PL\",\"potentialAction\":[{\"@type\":\"ReadAction\",\"target\":[\"https:\/\/shop.diolosa.com\/pl\/product\/zupa-mocy-qi-i-yang\/\"]}]},{\"@type\":\"ImageObject\",\"inLanguage\":\"pl-PL\",\"@id\":\"https:\/\/shop.diolosa.com\/pl\/product\/zupa-mocy-qi-i-yang\/#primaryimage\",\"url\":\"https:\/\/shop.diolosa.com\/wp-content\/uploads\/2019\/07\/DL_398_Apotheke_IBK_Produkte.jpg\",\"contentUrl\":\"https:\/\/shop.diolosa.com\/wp-content\/uploads\/2019\/07\/DL_398_Apotheke_IBK_Produkte.jpg\",\"width\":800,\"height\":533},{\"@type\":\"BreadcrumbList\",\"@id\":\"https:\/\/shop.diolosa.com\/pl\/product\/zupa-mocy-qi-i-yang\/#breadcrumb\",\"itemListElement\":[{\"@type\":\"ListItem\",\"position\":1,\"name\":\"Startseite\",\"item\":\"https:\/\/shop.diolosa.com\/pl\/?page_id=3835710\"},{\"@type\":\"ListItem\",\"position\":2,\"name\":\"Sklep\",\"item\":\"https:\/\/shop.diolosa.com\/pl\/?page_id=3835710\"},{\"@type\":\"ListItem\",\"position\":3,\"name\":\"Zupa mocy &#8211; Qi i Yang\"}]},{\"@type\":\"WebSite\",\"@id\":\"https:\/\/shop.diolosa.com\/pl\/#website\",\"url\":\"https:\/\/shop.diolosa.com\/pl\/\",\"name\":\"Claude Diolosa\",\"description\":\"\",\"publisher\":{\"@id\":\"https:\/\/shop.diolosa.com\/pl\/#organization\"},\"potentialAction\":[{\"@type\":\"SearchAction\",\"target\":{\"@type\":\"EntryPoint\",\"urlTemplate\":\"https:\/\/shop.diolosa.com\/pl\/?s={search_term_string}\"},\"query-input\":{\"@type\":\"PropertyValueSpecification\",\"valueRequired\":true,\"valueName\":\"search_term_string\"}}],\"inLanguage\":\"pl-PL\"},{\"@type\":\"Organization\",\"@id\":\"https:\/\/shop.diolosa.com\/pl\/#organization\",\"name\":\"Claude Diolosa\",\"url\":\"https:\/\/shop.diolosa.com\/pl\/\",\"logo\":{\"@type\":\"ImageObject\",\"inLanguage\":\"pl-PL\",\"@id\":\"https:\/\/shop.diolosa.com\/pl\/#\/schema\/logo\/image\/\",\"url\":\"https:\/\/shop.diolosa.com\/wp-content\/uploads\/2019\/08\/diolosa-drop-logo-new.png\",\"contentUrl\":\"https:\/\/shop.diolosa.com\/wp-content\/uploads\/2019\/08\/diolosa-drop-logo-new.png\",\"width\":134,\"height\":176,\"caption\":\"Claude Diolosa\"},\"image\":{\"@id\":\"https:\/\/shop.diolosa.com\/pl\/#\/schema\/logo\/image\/\"},\"sameAs\":[\"https:\/\/facebook.com\/claudediolosa\",\"https:\/\/www.instagram.com\/diolosaclaude108\/\"]}]}<\/script>\n<!-- \/ Yoast SEO plugin. -->","yoast_head_json":{"title":"Zupa mocy - Qi i Yang - Claude Diolosa","robots":{"index":"index","follow":"follow","max-snippet":"max-snippet:-1","max-image-preview":"max-image-preview:large","max-video-preview":"max-video-preview:-1"},"canonical":"https:\/\/shop.diolosa.com\/pl\/product\/zupa-mocy-qi-i-yang\/","og_locale":"pl_PL","og_type":"article","og_title":"Zupa mocy - Qi i Yang - Claude Diolosa","og_description":"&nbsp; &nbsp; &nbsp;","og_url":"https:\/\/shop.diolosa.com\/pl\/product\/zupa-mocy-qi-i-yang\/","og_site_name":"Claude Diolosa","article_publisher":"https:\/\/facebook.com\/claudediolosa","article_modified_time":"2025-05-06T13:55:22+00:00","og_image":[{"width":800,"height":533,"url":"https:\/\/shop.diolosa.com\/wp-content\/uploads\/2019\/07\/DL_398_Apotheke_IBK_Produkte.jpg","type":"image\/jpeg"}],"twitter_card":"summary_large_image","schema":{"@context":"https:\/\/schema.org","@graph":[{"@type":"WebPage","@id":"https:\/\/shop.diolosa.com\/pl\/product\/zupa-mocy-qi-i-yang\/","url":"https:\/\/shop.diolosa.com\/pl\/product\/zupa-mocy-qi-i-yang\/","name":"Zupa mocy - Qi i Yang - Claude Diolosa","isPartOf":{"@id":"https:\/\/shop.diolosa.com\/pl\/#website"},"primaryImageOfPage":{"@id":"https:\/\/shop.diolosa.com\/pl\/product\/zupa-mocy-qi-i-yang\/#primaryimage"},"image":{"@id":"https:\/\/shop.diolosa.com\/pl\/product\/zupa-mocy-qi-i-yang\/#primaryimage"},"thumbnailUrl":"https:\/\/shop.diolosa.com\/wp-content\/uploads\/2019\/07\/DL_398_Apotheke_IBK_Produkte.jpg","datePublished":"2025-03-10T05:55:27+00:00","dateModified":"2025-05-06T13:55:22+00:00","breadcrumb":{"@id":"https:\/\/shop.diolosa.com\/pl\/product\/zupa-mocy-qi-i-yang\/#breadcrumb"},"inLanguage":"pl-PL","potentialAction":[{"@type":"ReadAction","target":["https:\/\/shop.diolosa.com\/pl\/product\/zupa-mocy-qi-i-yang\/"]}]},{"@type":"ImageObject","inLanguage":"pl-PL","@id":"https:\/\/shop.diolosa.com\/pl\/product\/zupa-mocy-qi-i-yang\/#primaryimage","url":"https:\/\/shop.diolosa.com\/wp-content\/uploads\/2019\/07\/DL_398_Apotheke_IBK_Produkte.jpg","contentUrl":"https:\/\/shop.diolosa.com\/wp-content\/uploads\/2019\/07\/DL_398_Apotheke_IBK_Produkte.jpg","width":800,"height":533},{"@type":"BreadcrumbList","@id":"https:\/\/shop.diolosa.com\/pl\/product\/zupa-mocy-qi-i-yang\/#breadcrumb","itemListElement":[{"@type":"ListItem","position":1,"name":"Startseite","item":"https:\/\/shop.diolosa.com\/pl\/?page_id=3835710"},{"@type":"ListItem","position":2,"name":"Sklep","item":"https:\/\/shop.diolosa.com\/pl\/?page_id=3835710"},{"@type":"ListItem","position":3,"name":"Zupa mocy &#8211; Qi i Yang"}]},{"@type":"WebSite","@id":"https:\/\/shop.diolosa.com\/pl\/#website","url":"https:\/\/shop.diolosa.com\/pl\/","name":"Claude Diolosa","description":"","publisher":{"@id":"https:\/\/shop.diolosa.com\/pl\/#organization"},"potentialAction":[{"@type":"SearchAction","target":{"@type":"EntryPoint","urlTemplate":"https:\/\/shop.diolosa.com\/pl\/?s={search_term_string}"},"query-input":{"@type":"PropertyValueSpecification","valueRequired":true,"valueName":"search_term_string"}}],"inLanguage":"pl-PL"},{"@type":"Organization","@id":"https:\/\/shop.diolosa.com\/pl\/#organization","name":"Claude Diolosa","url":"https:\/\/shop.diolosa.com\/pl\/","logo":{"@type":"ImageObject","inLanguage":"pl-PL","@id":"https:\/\/shop.diolosa.com\/pl\/#\/schema\/logo\/image\/","url":"https:\/\/shop.diolosa.com\/wp-content\/uploads\/2019\/08\/diolosa-drop-logo-new.png","contentUrl":"https:\/\/shop.diolosa.com\/wp-content\/uploads\/2019\/08\/diolosa-drop-logo-new.png","width":134,"height":176,"caption":"Claude Diolosa"},"image":{"@id":"https:\/\/shop.diolosa.com\/pl\/#\/schema\/logo\/image\/"},"sameAs":["https:\/\/facebook.com\/claudediolosa","https:\/\/www.instagram.com\/diolosaclaude108\/"]}]}},"_links":{"self":[{"href":"https:\/\/shop.diolosa.com\/pl\/wp-json\/wp\/v2\/product\/3840966","targetHints":{"allow":["GET"]}}],"collection":[{"href":"https:\/\/shop.diolosa.com\/pl\/wp-json\/wp\/v2\/product"}],"about":[{"href":"https:\/\/shop.diolosa.com\/pl\/wp-json\/wp\/v2\/types\/product"}],"wp:featuredmedia":[{"embeddable":true,"href":"https:\/\/shop.diolosa.com\/pl\/wp-json\/wp\/v2\/media\/3840968"}],"wp:attachment":[{"href":"https:\/\/shop.diolosa.com\/pl\/wp-json\/wp\/v2\/media?parent=3840966"}],"wp:term":[{"taxonomy":"product_brand","embeddable":true,"href":"https:\/\/shop.diolosa.com\/pl\/wp-json\/wp\/v2\/product_brand?post=3840966"},{"taxonomy":"product_cat","embeddable":true,"href":"https:\/\/shop.diolosa.com\/pl\/wp-json\/wp\/v2\/product_cat?post=3840966"},{"taxonomy":"product_tag","embeddable":true,"href":"https:\/\/shop.diolosa.com\/pl\/wp-json\/wp\/v2\/product_tag?post=3840966"}],"curies":[{"name":"wp","href":"https:\/\/api.w.org\/{rel}","templated":true}]}}