{"id":3840971,"date":"2019-09-04T12:11:44","date_gmt":"2025-03-10T05:55:29","guid":{"rendered":"https:\/\/shop.diolosa.com\/product\/syrop-spokojne-noce\/"},"modified":"2025-05-06T15:18:40","modified_gmt":"2025-05-06T14:18:40","slug":"syrop-spokojne-noce","status":"publish","type":"product","link":"https:\/\/shop.diolosa.com\/pl\/product\/syrop-spokojne-noce\/","title":{"rendered":"Syrop Spokojne Noce"},"content":{"rendered":"<p>PEACEFUL NIGHTS SIRUP jest stosowany w leczeniu zaburze\u0144 snu u dzieci. Syrop ten tonizuje Qi \u015bledziony, nie wytwarza wilgoci, od\u017cywia krew, rozlu\u017ania Qi, otwiera kana\u0142y serca, uspokaja Yang serca i wiatr serca, harmonizuje HUN i PO oraz uspokaja SHEN. Syrop nale\u017cy podawa\u0107 przed snem.  <\/p>\n<p>&nbsp;<\/p>\n","protected":false},"excerpt":{"rendered":"<p>&nbsp;<\/p>\n<p>&nbsp;<\/p>\n","protected":false},"featured_media":3840973,"template":"","meta":{"_acf_changed":false},"product_brand":[],"product_cat":[11916],"product_tag":[12120],"class_list":{"0":"post-3840971","1":"product","2":"type-product","3":"status-publish","4":"has-post-thumbnail","6":"product_cat-psychiatria","7":"product_tag-bezsennosc-syrop","9":"first","10":"instock","11":"taxable","12":"shipping-taxable","13":"purchasable","14":"product-type-simple"},"acf":{"yn_product_audio":"https:\/\/shop.diolosa.com\/wp-content\/uploads\/2022\/10\/DL_Peaceful-Nights-Sirup.m4a","yn_product_akupunktur":"<p>Uspok\u00f3j Shen i od\u017cywiaj serce<br \/>\nan mian &#8211; N-HN-54 (shen, m\u00f3zg) &#8211; xie fa<br \/>\ndu mai 20 &#8211; bai hui &#8211; bai lao (jezioro szpiku kostnego, p\u0119cherz) &#8211; xie fa<br \/>\nyin tang &#8211; M-HN-3 &#8211; xie fa<br \/>\ndu mai 24 &#8211; shen ting (p\u0119cherz,\u017co\u0142\u0105dek, gui) &#8211; xie fa<br \/>\nworeczek \u017c\u00f3\u0142ciowy 34 &#8211; yang ling quan (he, xia he xue, gui) &#8211; xie fa<br \/>\nkr\u0105\u017cenie 6 &#8211; nei guan (luo, yin wei mai) &#8211; xie fa  <\/p>\n<p>Yi \u0142agodzi<br \/>\n\u017co\u0142\u0105dek 6 &#8211; jia che &#8211; gui chuan (gui) &#8211; xie fa<br \/>\n\u017co\u0142\u0105dek 44 &#8211; nei ting (ying) &#8211; xie fa<\/p>\n<p>Uzupe\u0142nienie yin<br \/>\nnerki 6 &#8211; zhao hai (yin qiao mai) &#8211; bu fa<br \/>\np\u0142uca 5 &#8211; chi ze (he) &#8211; bu fa<\/p>\n","yn_product_verabreichungsart":"Syrop 150ml","yn_product_dosierung":"<p>1 \u0142y\u017ceczka przed snem<\/p>\n","yn_product_combinations":"<p>DEEP SLEEP FORTE (bezsenno\u015b\u0107), GOOD DREAMS TEA (bezsenno\u015b\u0107), BRIGHT LIGHT (oczy i serce), SPIRITUAL SOUL GATE (HUN), ANIMAL SOUL DOOR (PO), INTELLIGENT LODGE (YI), HAPPY DAYS (depresja).<\/p>\n","yn_product_avoidable":"<p>Kawa, czarna i zielona herbata przed snem, czerwone wino, alkohol, gor\u0105ce i ostre przyprawy.<\/p>\n","yn_product_tcm_mindmapping":"<p>Niedob\u00f3r Qi \u015bledziony > Niedob\u00f3r krwi w\u0105troby i serca > Niedob\u00f3r Jing nerek > Niedob\u00f3r krwi w\u0105troby i serca > Wiatr w sercu<\/p>\n","yn_product_tongue_body":"<p>Przekrwiona, czerwona ko\u0144c\u00f3wka j\u0119zyka<\/p>\n","yn_product_tongue_coating":"<p>Cienki, \u017c\u00f3\u0142tawy<\/p>\n","yn_product_pulse_diagnostics":"<p>Pozycja serca: fu mai &#8211; powierzchowne, xi mai &#8211; cienkie, xian mai &#8211; napi\u0119te, xu mai &#8211; puste, shuo mai &#8211; szybkie<\/p>\n","yn_product_indications":"<p>Bezsenno\u015b\u0107 i zaburzenia snu u dzieci i doros\u0142ych<\/p>\n","yn_product_contra_indications":"<p>Niedob\u00f3r Qi i Yang nerek i \u015bledziony > Mokro\u015b\u0107 Yang Ming i zimno flegmy<\/p>\n","yn_product_pregnancy":"<p>Dozwolone<\/p>\n","yn_product_herbs":"<p>citri reticulatae pericarpium &#8211; chen pi, pinelliae ternatae rhizoma &#8211; ban xia, amomi fructus &#8211; sha ren, aucklandiae radix &#8211; mu xiang, raphani semen &#8211; lai fu zi, sclerotium poriae cocos &#8211; fu ling, angelicae sinensis radix &#8211; dang gui, ziziphy spinosae semen &#8211; suan zao ren<\/p>\n","yn_product_magisterrecipes":"<p>Gui Pi Wan<\/p>\n"},"yoast_head":"<!-- This site is optimized with the Yoast SEO plugin v24.9 - https:\/\/yoast.com\/wordpress\/plugins\/seo\/ -->\n<title>Syrop Spokojne Noce - Claude Diolosa<\/title>\n<meta name=\"robots\" content=\"index, follow, max-snippet:-1, max-image-preview:large, max-video-preview:-1\" \/>\n<link rel=\"canonical\" href=\"https:\/\/shop.diolosa.com\/pl\/product\/syrop-spokojne-noce\/\" \/>\n<meta property=\"og:locale\" content=\"pl_PL\" \/>\n<meta property=\"og:type\" content=\"article\" \/>\n<meta property=\"og:title\" content=\"Syrop Spokojne Noce - Claude Diolosa\" \/>\n<meta property=\"og:description\" content=\"&nbsp; &nbsp;\" \/>\n<meta property=\"og:url\" content=\"https:\/\/shop.diolosa.com\/pl\/product\/syrop-spokojne-noce\/\" \/>\n<meta property=\"og:site_name\" content=\"Claude Diolosa\" \/>\n<meta property=\"article:publisher\" content=\"https:\/\/facebook.com\/claudediolosa\" \/>\n<meta property=\"article:modified_time\" content=\"2025-05-06T14:18:40+00:00\" \/>\n<meta property=\"og:image\" content=\"https:\/\/shop.diolosa.com\/wp-content\/uploads\/2019\/07\/DL_400_Apotheke_IBK_Produkte.jpg\" \/>\n\t<meta property=\"og:image:width\" content=\"800\" \/>\n\t<meta property=\"og:image:height\" content=\"533\" \/>\n\t<meta property=\"og:image:type\" content=\"image\/jpeg\" \/>\n<meta name=\"twitter:card\" content=\"summary_large_image\" \/>\n<script type=\"application\/ld+json\" class=\"yoast-schema-graph\">{\"@context\":\"https:\/\/schema.org\",\"@graph\":[{\"@type\":\"WebPage\",\"@id\":\"https:\/\/shop.diolosa.com\/pl\/product\/syrop-spokojne-noce\/\",\"url\":\"https:\/\/shop.diolosa.com\/pl\/product\/syrop-spokojne-noce\/\",\"name\":\"Syrop Spokojne Noce - Claude Diolosa\",\"isPartOf\":{\"@id\":\"https:\/\/shop.diolosa.com\/pl\/#website\"},\"primaryImageOfPage\":{\"@id\":\"https:\/\/shop.diolosa.com\/pl\/product\/syrop-spokojne-noce\/#primaryimage\"},\"image\":{\"@id\":\"https:\/\/shop.diolosa.com\/pl\/product\/syrop-spokojne-noce\/#primaryimage\"},\"thumbnailUrl\":\"https:\/\/shop.diolosa.com\/wp-content\/uploads\/2019\/07\/DL_400_Apotheke_IBK_Produkte.jpg\",\"datePublished\":\"2025-03-10T05:55:29+00:00\",\"dateModified\":\"2025-05-06T14:18:40+00:00\",\"breadcrumb\":{\"@id\":\"https:\/\/shop.diolosa.com\/pl\/product\/syrop-spokojne-noce\/#breadcrumb\"},\"inLanguage\":\"pl-PL\",\"potentialAction\":[{\"@type\":\"ReadAction\",\"target\":[\"https:\/\/shop.diolosa.com\/pl\/product\/syrop-spokojne-noce\/\"]}]},{\"@type\":\"ImageObject\",\"inLanguage\":\"pl-PL\",\"@id\":\"https:\/\/shop.diolosa.com\/pl\/product\/syrop-spokojne-noce\/#primaryimage\",\"url\":\"https:\/\/shop.diolosa.com\/wp-content\/uploads\/2019\/07\/DL_400_Apotheke_IBK_Produkte.jpg\",\"contentUrl\":\"https:\/\/shop.diolosa.com\/wp-content\/uploads\/2019\/07\/DL_400_Apotheke_IBK_Produkte.jpg\",\"width\":800,\"height\":533},{\"@type\":\"BreadcrumbList\",\"@id\":\"https:\/\/shop.diolosa.com\/pl\/product\/syrop-spokojne-noce\/#breadcrumb\",\"itemListElement\":[{\"@type\":\"ListItem\",\"position\":1,\"name\":\"Startseite\",\"item\":\"https:\/\/shop.diolosa.com\/pl\/?page_id=3835710\"},{\"@type\":\"ListItem\",\"position\":2,\"name\":\"Sklep\",\"item\":\"https:\/\/shop.diolosa.com\/pl\/?page_id=3835710\"},{\"@type\":\"ListItem\",\"position\":3,\"name\":\"Syrop Spokojne Noce\"}]},{\"@type\":\"WebSite\",\"@id\":\"https:\/\/shop.diolosa.com\/pl\/#website\",\"url\":\"https:\/\/shop.diolosa.com\/pl\/\",\"name\":\"Claude Diolosa\",\"description\":\"\",\"publisher\":{\"@id\":\"https:\/\/shop.diolosa.com\/pl\/#organization\"},\"potentialAction\":[{\"@type\":\"SearchAction\",\"target\":{\"@type\":\"EntryPoint\",\"urlTemplate\":\"https:\/\/shop.diolosa.com\/pl\/?s={search_term_string}\"},\"query-input\":{\"@type\":\"PropertyValueSpecification\",\"valueRequired\":true,\"valueName\":\"search_term_string\"}}],\"inLanguage\":\"pl-PL\"},{\"@type\":\"Organization\",\"@id\":\"https:\/\/shop.diolosa.com\/pl\/#organization\",\"name\":\"Claude Diolosa\",\"url\":\"https:\/\/shop.diolosa.com\/pl\/\",\"logo\":{\"@type\":\"ImageObject\",\"inLanguage\":\"pl-PL\",\"@id\":\"https:\/\/shop.diolosa.com\/pl\/#\/schema\/logo\/image\/\",\"url\":\"https:\/\/shop.diolosa.com\/wp-content\/uploads\/2019\/08\/diolosa-drop-logo-new.png\",\"contentUrl\":\"https:\/\/shop.diolosa.com\/wp-content\/uploads\/2019\/08\/diolosa-drop-logo-new.png\",\"width\":134,\"height\":176,\"caption\":\"Claude Diolosa\"},\"image\":{\"@id\":\"https:\/\/shop.diolosa.com\/pl\/#\/schema\/logo\/image\/\"},\"sameAs\":[\"https:\/\/facebook.com\/claudediolosa\",\"https:\/\/www.instagram.com\/diolosaclaude108\/\"]}]}<\/script>\n<!-- \/ Yoast SEO plugin. -->","yoast_head_json":{"title":"Syrop Spokojne Noce - Claude Diolosa","robots":{"index":"index","follow":"follow","max-snippet":"max-snippet:-1","max-image-preview":"max-image-preview:large","max-video-preview":"max-video-preview:-1"},"canonical":"https:\/\/shop.diolosa.com\/pl\/product\/syrop-spokojne-noce\/","og_locale":"pl_PL","og_type":"article","og_title":"Syrop Spokojne Noce - Claude Diolosa","og_description":"&nbsp; &nbsp;","og_url":"https:\/\/shop.diolosa.com\/pl\/product\/syrop-spokojne-noce\/","og_site_name":"Claude Diolosa","article_publisher":"https:\/\/facebook.com\/claudediolosa","article_modified_time":"2025-05-06T14:18:40+00:00","og_image":[{"width":800,"height":533,"url":"https:\/\/shop.diolosa.com\/wp-content\/uploads\/2019\/07\/DL_400_Apotheke_IBK_Produkte.jpg","type":"image\/jpeg"}],"twitter_card":"summary_large_image","schema":{"@context":"https:\/\/schema.org","@graph":[{"@type":"WebPage","@id":"https:\/\/shop.diolosa.com\/pl\/product\/syrop-spokojne-noce\/","url":"https:\/\/shop.diolosa.com\/pl\/product\/syrop-spokojne-noce\/","name":"Syrop Spokojne Noce - Claude Diolosa","isPartOf":{"@id":"https:\/\/shop.diolosa.com\/pl\/#website"},"primaryImageOfPage":{"@id":"https:\/\/shop.diolosa.com\/pl\/product\/syrop-spokojne-noce\/#primaryimage"},"image":{"@id":"https:\/\/shop.diolosa.com\/pl\/product\/syrop-spokojne-noce\/#primaryimage"},"thumbnailUrl":"https:\/\/shop.diolosa.com\/wp-content\/uploads\/2019\/07\/DL_400_Apotheke_IBK_Produkte.jpg","datePublished":"2025-03-10T05:55:29+00:00","dateModified":"2025-05-06T14:18:40+00:00","breadcrumb":{"@id":"https:\/\/shop.diolosa.com\/pl\/product\/syrop-spokojne-noce\/#breadcrumb"},"inLanguage":"pl-PL","potentialAction":[{"@type":"ReadAction","target":["https:\/\/shop.diolosa.com\/pl\/product\/syrop-spokojne-noce\/"]}]},{"@type":"ImageObject","inLanguage":"pl-PL","@id":"https:\/\/shop.diolosa.com\/pl\/product\/syrop-spokojne-noce\/#primaryimage","url":"https:\/\/shop.diolosa.com\/wp-content\/uploads\/2019\/07\/DL_400_Apotheke_IBK_Produkte.jpg","contentUrl":"https:\/\/shop.diolosa.com\/wp-content\/uploads\/2019\/07\/DL_400_Apotheke_IBK_Produkte.jpg","width":800,"height":533},{"@type":"BreadcrumbList","@id":"https:\/\/shop.diolosa.com\/pl\/product\/syrop-spokojne-noce\/#breadcrumb","itemListElement":[{"@type":"ListItem","position":1,"name":"Startseite","item":"https:\/\/shop.diolosa.com\/pl\/?page_id=3835710"},{"@type":"ListItem","position":2,"name":"Sklep","item":"https:\/\/shop.diolosa.com\/pl\/?page_id=3835710"},{"@type":"ListItem","position":3,"name":"Syrop Spokojne Noce"}]},{"@type":"WebSite","@id":"https:\/\/shop.diolosa.com\/pl\/#website","url":"https:\/\/shop.diolosa.com\/pl\/","name":"Claude Diolosa","description":"","publisher":{"@id":"https:\/\/shop.diolosa.com\/pl\/#organization"},"potentialAction":[{"@type":"SearchAction","target":{"@type":"EntryPoint","urlTemplate":"https:\/\/shop.diolosa.com\/pl\/?s={search_term_string}"},"query-input":{"@type":"PropertyValueSpecification","valueRequired":true,"valueName":"search_term_string"}}],"inLanguage":"pl-PL"},{"@type":"Organization","@id":"https:\/\/shop.diolosa.com\/pl\/#organization","name":"Claude Diolosa","url":"https:\/\/shop.diolosa.com\/pl\/","logo":{"@type":"ImageObject","inLanguage":"pl-PL","@id":"https:\/\/shop.diolosa.com\/pl\/#\/schema\/logo\/image\/","url":"https:\/\/shop.diolosa.com\/wp-content\/uploads\/2019\/08\/diolosa-drop-logo-new.png","contentUrl":"https:\/\/shop.diolosa.com\/wp-content\/uploads\/2019\/08\/diolosa-drop-logo-new.png","width":134,"height":176,"caption":"Claude Diolosa"},"image":{"@id":"https:\/\/shop.diolosa.com\/pl\/#\/schema\/logo\/image\/"},"sameAs":["https:\/\/facebook.com\/claudediolosa","https:\/\/www.instagram.com\/diolosaclaude108\/"]}]}},"_links":{"self":[{"href":"https:\/\/shop.diolosa.com\/pl\/wp-json\/wp\/v2\/product\/3840971","targetHints":{"allow":["GET"]}}],"collection":[{"href":"https:\/\/shop.diolosa.com\/pl\/wp-json\/wp\/v2\/product"}],"about":[{"href":"https:\/\/shop.diolosa.com\/pl\/wp-json\/wp\/v2\/types\/product"}],"wp:featuredmedia":[{"embeddable":true,"href":"https:\/\/shop.diolosa.com\/pl\/wp-json\/wp\/v2\/media\/3840973"}],"wp:attachment":[{"href":"https:\/\/shop.diolosa.com\/pl\/wp-json\/wp\/v2\/media?parent=3840971"}],"wp:term":[{"taxonomy":"product_brand","embeddable":true,"href":"https:\/\/shop.diolosa.com\/pl\/wp-json\/wp\/v2\/product_brand?post=3840971"},{"taxonomy":"product_cat","embeddable":true,"href":"https:\/\/shop.diolosa.com\/pl\/wp-json\/wp\/v2\/product_cat?post=3840971"},{"taxonomy":"product_tag","embeddable":true,"href":"https:\/\/shop.diolosa.com\/pl\/wp-json\/wp\/v2\/product_tag?post=3840971"}],"curies":[{"name":"wp","href":"https:\/\/api.w.org\/{rel}","templated":true}]}}