{"id":3840981,"date":"2019-09-04T12:12:00","date_gmt":"2025-03-10T05:55:31","guid":{"rendered":"https:\/\/shop.diolosa.com\/product\/deep-sleep-forte\/"},"modified":"2025-05-06T15:19:24","modified_gmt":"2025-05-06T14:19:24","slug":"deep-sleep-forte","status":"publish","type":"product","link":"https:\/\/shop.diolosa.com\/pl\/product\/deep-sleep-forte\/","title":{"rendered":"Deep Sleep Forte"},"content":{"rendered":"<p>DEEP SLEEP FORTE jest stosowany w przewlek\u0142ej postaci zaburze\u0144 snu z wyczerpaniem Yin i od\u0142\u0105czeniem Yang. Preparat ten jest silniejszy w swoim sk\u0142adzie ni\u017c PEACEFUL NIGHTS i przede wszystkim uwzgl\u0119dnia Yin i od\u0142\u0105czenie Yang i zosta\u0142 specjalnie opracowany do leczenia raka i chor\u00f3b wyniszczaj\u0105cych. DEEP SLEEP FORTE od\u017cywia Yin, usuwa Puste Ciep\u0142o i Ciep\u0142o Krwi, zapobiega zastojowi krwi, obni\u017ca Yang\/Wiatr W\u0105troby i Serca, oczyszcza osiem subtelnych kana\u0142\u00f3w Serca, uspokaja SHEN i harmonizuje HUN i PO.  <\/p>\n<p>&nbsp;<\/p>\n<p>&nbsp;<\/p>\n<p>&nbsp;<\/p>\n","protected":false},"excerpt":{"rendered":"<p>&nbsp;<\/p>\n<p>&nbsp;<\/p>\n<p>&nbsp;<\/p>\n<p>&nbsp;<\/p>\n","protected":false},"featured_media":3835943,"template":"","meta":{"_acf_changed":false},"product_brand":[],"product_cat":[11916],"product_tag":[12127],"class_list":{"0":"post-3840981","1":"product","2":"type-product","3":"status-publish","4":"has-post-thumbnail","6":"product_cat-psychiatria","7":"product_tag-bezsennosc-przewlekla","9":"first","10":"instock","11":"taxable","12":"shipping-taxable","13":"purchasable","14":"product-type-simple"},"acf":{"yn_product_audio":"https:\/\/shop.diolosa.com\/wp-content\/uploads\/2024\/11\/Deep-Sleep-Forte-Audio.mp3","yn_product_video":"https:\/\/shop.diolosa.com\/wp-content\/uploads\/2019\/09\/Deep-Sleep-Forte-1.mp4","yn_product_akupunktur":"<p>Od\u017cywianie yin i krwi<br \/>\nnerka 3 &#8211; tai xi (shu,yuan) &#8211; bu fa<br \/>\np\u0119cherz 23 &#8211; shen shu &#8211; bu fa<br \/>\n\u015bledziona 6 &#8211; san yin jiao (le,ni,mb) &#8211; bu fa<br \/>\nserce 7 &#8211; shen men (shu, yuan) &#8211; bu fa<br \/>\np\u0142uco 5 &#8211; chi ze (he) &#8211; bu fa<br \/>\nw\u0105troba 3 &#8211; tai chong (shu, yuan) &#8211; bu fa<br \/>\np\u0119cherz 43 &#8211; gao huang shu (qi,xue,jinye,yin,yang) &#8211; bu fa<\/p>\n<p>Promowanie snu poprzez rozlu\u017anienie qi<br \/>\nworeczek \u017c\u00f3\u0142ciowy 34 &#8211; yang ling quan (he, xia he xue, gui) &#8211; xie fa<br \/>\nworeczek \u017c\u00f3\u0142ciowy 40 &#8211; qiu xu (yuan) &#8211; xie fa<br \/>\nworeczek \u017c\u00f3\u0142ciowy 41 &#8211; zu lin qi (dai mai, shu) &#8211; xie fa  <\/p>\n<p>Promowanie snu przez 4 bramy<br \/>\nw\u0105troba 3 &#8211; tai chong (shu, yuan) &#8211; xie fa<br \/>\njelito grube 4 &#8211; he gu (yuan) &#8211; xie fa  <\/p>\n<p>Promowanie snu przez oczy<br \/>\nworeczek \u017c\u00f3\u0142ciowy 37 &#8211; guang ming (luo) &#8211; xie fa<br \/>\np\u0119cherz 1 &#8211; jing ming (du mai, yang\/yin qiao mai, jelito cienkie, san chiao, \u017co\u0142\u0105dek, jing bie of he and d\u00fc) &#8211; xie fa<br \/>\np\u0119cherz 2 &#8211; cuan zhu &#8211; xie fa<br \/>\nworeczek \u017c\u00f3\u0142ciowy 14 &#8211; yang bai (\u017co\u0142\u0105dek, yang wei mai) &#8211; xie fa<br \/>\n\u017co\u0142\u0105dek 1 &#8211; cheng qi (jing bie of mb and ma) &#8211; xie fa<br \/>\nyu yao &#8211; M-HN-6 &#8211; xie fa  <\/p>\n<p>Zapobiegaj koszmarom o PO<br \/>\np\u0119cherz 42 &#8211; po hu (po) &#8211; bu fa<br \/>\np\u0119cherz 13 &#8211; fei shu &#8211; bu fa<br \/>\np\u0142uca 5 &#8211; chi ze (on) &#8211; bu fa<br \/>\np\u0142uca 9 &#8211; tai yuan &#8211; gui xin (shu, yuan, ba hui xue, gui) &#8211; bu fa<\/p>\n<p>Po\u0142\u0105czenie luo i yuan przeciw nocnym potom<br \/>\njelito cienkie 7 &#8211; zhi zheng (luo) &#8211; xie fa<br \/>\nserce 6 &#8211; yin xi (xi) &#8211; bu fa  <\/p>\n<p>R\u00f3wnowaga Qiao Mai<br \/>\nnerka 6 &#8211; zhao hai (yin qiao mai) &#8211; bu fa<br \/>\nba\u0144ka 62 &#8211; shen mai &#8211; gui lu (yang qiao mai) &#8211; xie fa<\/p>\n<p>Yi soothe<br \/>\n\u017co\u0142\u0105dek 44 &#8211; nei ting (ying) &#8211; xie fa<br \/>\n\u017co\u0142\u0105dek 40 &#8211; feng long (luo) &#8211; xie fa<br \/>\njelito grube 2 &#8211; er jian (ying) &#8211; xie fa<br \/>\nren mai 12 &#8211; zhong wan (mo> \u017co\u0142\u0105dek\u017co\u0142\u0105dek, ba hui xue, jelito cienkie, san chiao, \u017co\u0142\u0105dek) &#8211; xie fa<br \/>\n\u017co\u0142\u0105dek 37 &#8211; shang ju xu (xia he xue &#8211; jelito grube, jezioro krwi, chong mai) &#8211; xie fa<br \/>\n\u017co\u0142\u0105dek 39 &#8211; xia ju xu (xia he xue &#8211; jelito cienkie, jezioro krwi, chong mai) &#8211; xie fa  <\/p>\n<p>Oczy\u015b\u0107 kana\u0142y serca<br \/>\nsi shen cong &#8211; M-HN-1 (m\u00f3zg, cns) &#8211; xie fa<br \/>\n\u017co\u0142\u0105dek 6 &#8211; jia che &#8211; gui chuan (gui) &#8211; xie fa<br \/>\nyin tang &#8211; M-HN-3 &#8211; xie fa<br \/>\nan mian &#8211; N-HN-54 (shen,m\u00f3zg) &#8211; xie fa<br \/>\ndu mai 24 &#8211; shen ting (p\u0119cherz, \u017co\u0142\u0105dek, gui) &#8211; xie fa<br \/>\nkr\u0105\u017cenie 6 &#8211; nei guan (luo, yin wei mai) &#8211; xie fa  <\/p>\n<p>Drena\u017c flegmy i opalenizny<br \/>\n\u017co\u0142\u0105dek 40 &#8211; feng long (luo) &#8211; xie fa<br \/>\nkr\u0105\u017cenie 5 &#8211; jian shi &#8211; gui lu (jing, gui) &#8211; xie fa<br \/>\nkr\u0105\u017cenie 6 &#8211; nei guan (luo, yin wei mai) &#8211; xie fa<br \/>\nren mai 12 &#8211; zhong wan (mo> \u017co\u0142\u0105dek, ba hui xue, jelito cienkie, san chiao, \u017co\u0142\u0105dek)\u017co\u0142\u0105dek, ba hui xue, jelito cienkie, san chiao, \u017co\u0142\u0105dek) &#8211; xie fa<br \/>\nren mai 14 &#8211; ju que (mo> serce) &#8211; xie fa<br \/>\nserce 7 &#8211; shen men (shu, yuan) &#8211; xie fa  <\/p>\n<p>Rozpuszczanie zastoj\u00f3w krwi i usuwanie ciep\u0142a krwi<br \/>\np\u0119cherz 17 &#8211; ge shu (krew) &#8211; xie fa<br \/>\n\u015bledziona 10 &#8211; xue hai (jezioro krwi) &#8211; xie fa  <\/p>\n<p>Powr\u00f3t yang do \u017ar\u00f3d\u0142a poprzez yang<br \/>\ndu mai 4 &#8211; ming men &#8211; bu fa z mox\u0105<br \/>\nbubble 23 &#8211; shen shu &#8211; bu fa z mox\u0105<\/p>\n","yn_product_verabreichungsart":"Pelety 140szt.","yn_product_dosierung":"<p>6 do 10 tabletek na kr\u00f3tko przed snem<\/p>\n","yn_product_combinations":"<p>SPOKOJNE NOCE (bezsenno\u015b\u0107), SZCZ\u0118\u015aLIWE DNI (depresja), ODNALEZIENIE R\u00d3WNOWAGI (Kuang), USUNI\u0118CIE WYPALENIA (syndrom wypalenia), KORZE\u0143 YIN, SAN BAO TEE (niedob\u00f3r yin w nerkach), USUNI\u0118CIE NADCI\u015aNIENIA (nadci\u015bnienie), DUCHOWA BRAMA DUSZY (HUN), JASNE \u015aWIAT\u0141O (oczy i serce), OD\u017bYWIENIE ESENCJI (niedob\u00f3r yin i jin).<\/p>\n","yn_product_avoidable":"<p>Kawa, czarna i zielona herbata przed snem, czerwone wino, alkohol, gor\u0105ce i ostre przyprawy.<\/p>\n","yn_product_tcm_mindmapping":"<p>Op\u0119ta\u0144cze my\u015blenie (Yi Plus) > Ogie\u0144 w \u017co\u0142\u0105dku > Niedob\u00f3r krwi w sercu > Niedob\u00f3r Yin w sercu > Puste ciep\u0142o > Ciep\u0142o krwi > Wiatr w sercu > Rozdzielenie nerek i serca<\/p>\n","yn_product_tongue_body":"<p>W\u0105ski, blady, dr\u017c\u0105cy, czerwony czubek j\u0119zyka<\/p>\n","yn_product_tongue_coating":"<p>Cienkie, bia\u0142e\/\u017c\u00f3\u0142tawe, rzadkie<\/p>\n","yn_product_pulse_diagnostics":"<p>Pozycja serca: fu mai &#8211; powierzchowne, xi mai &#8211; cienkie, xian mai &#8211; napi\u0119te, xu mai &#8211; puste, shuo mai &#8211; szybkie<\/p>\n","yn_product_indications":"<p>Trudno\u015bci z zasypianiem i utrzymaniem snu, wra\u017cliwo\u015b\u0107 na ha\u0142as i \u015bwiat\u0142o podczas snu, zapominanie, sny i koszmary senne, wyczerpanie, niepok\u00f3j, zesp\u00f3\u0142 niespokojnych n\u00f3g, Gu Zheng, nocne poty<\/p>\n","yn_product_contra_indications":"<p>Niedob\u00f3r Yang i Qi serca > Zimno flegmy w \u017co\u0142\u0105dku i p\u0119cherzyku \u017c\u00f3\u0142ciowym<\/p>\n","yn_product_pregnancy":"<p>Dozwolone<\/p>\n","yn_product_herbs":"<p>uncariae cum uncis ramulus &#8211; gou teng, panacis quinquefolium radix &#8211; xi yang shen, nelumbinis plumuli &#8211; lian zi xin, anemarrhenae rhizoma &#8211; zhi mu, lilii bulbus &#8211; bai he, ziziphy spinosae semen &#8211; suan zao ren, opiophogonis radix &#8211; mai men dong, polygoni multiflori caulis &#8211; ye jiao teng<\/p>\n","yn_product_magisterrecipes":"<p>Suan Zao Ren Tang, An Shen Wan, Tian Wang Bu Xin Tang, Tian Ma Gou Teng Yin, You Gui Yin, You Gui Wan<\/p>\n"},"yoast_head":"<!-- This site is optimized with the Yoast SEO plugin v24.9 - https:\/\/yoast.com\/wordpress\/plugins\/seo\/ -->\n<title>Deep Sleep Forte - Claude Diolosa<\/title>\n<meta name=\"robots\" content=\"index, follow, max-snippet:-1, max-image-preview:large, max-video-preview:-1\" \/>\n<link rel=\"canonical\" href=\"https:\/\/shop.diolosa.com\/pl\/product\/deep-sleep-forte\/\" \/>\n<meta property=\"og:locale\" content=\"pl_PL\" \/>\n<meta property=\"og:type\" content=\"article\" \/>\n<meta property=\"og:title\" content=\"Deep Sleep Forte - Claude Diolosa\" \/>\n<meta property=\"og:description\" content=\"&nbsp; &nbsp; &nbsp; &nbsp;\" \/>\n<meta property=\"og:url\" content=\"https:\/\/shop.diolosa.com\/pl\/product\/deep-sleep-forte\/\" \/>\n<meta property=\"og:site_name\" content=\"Claude Diolosa\" \/>\n<meta property=\"article:publisher\" content=\"https:\/\/facebook.com\/claudediolosa\" \/>\n<meta property=\"article:modified_time\" content=\"2025-05-06T14:19:24+00:00\" \/>\n<meta property=\"og:image\" content=\"https:\/\/shop.diolosa.com\/wp-content\/uploads\/2019\/09\/Presslinge-140.jpg\" \/>\n\t<meta property=\"og:image:width\" content=\"800\" \/>\n\t<meta property=\"og:image:height\" content=\"533\" \/>\n\t<meta property=\"og:image:type\" content=\"image\/jpeg\" \/>\n<meta name=\"twitter:card\" content=\"summary_large_image\" \/>\n<script type=\"application\/ld+json\" class=\"yoast-schema-graph\">{\"@context\":\"https:\/\/schema.org\",\"@graph\":[{\"@type\":\"WebPage\",\"@id\":\"https:\/\/shop.diolosa.com\/pl\/product\/deep-sleep-forte\/\",\"url\":\"https:\/\/shop.diolosa.com\/pl\/product\/deep-sleep-forte\/\",\"name\":\"Deep Sleep Forte - Claude Diolosa\",\"isPartOf\":{\"@id\":\"https:\/\/shop.diolosa.com\/pl\/#website\"},\"primaryImageOfPage\":{\"@id\":\"https:\/\/shop.diolosa.com\/pl\/product\/deep-sleep-forte\/#primaryimage\"},\"image\":{\"@id\":\"https:\/\/shop.diolosa.com\/pl\/product\/deep-sleep-forte\/#primaryimage\"},\"thumbnailUrl\":\"https:\/\/shop.diolosa.com\/wp-content\/uploads\/2019\/09\/Presslinge-140.jpg\",\"datePublished\":\"2025-03-10T05:55:31+00:00\",\"dateModified\":\"2025-05-06T14:19:24+00:00\",\"breadcrumb\":{\"@id\":\"https:\/\/shop.diolosa.com\/pl\/product\/deep-sleep-forte\/#breadcrumb\"},\"inLanguage\":\"pl-PL\",\"potentialAction\":[{\"@type\":\"ReadAction\",\"target\":[\"https:\/\/shop.diolosa.com\/pl\/product\/deep-sleep-forte\/\"]}]},{\"@type\":\"ImageObject\",\"inLanguage\":\"pl-PL\",\"@id\":\"https:\/\/shop.diolosa.com\/pl\/product\/deep-sleep-forte\/#primaryimage\",\"url\":\"https:\/\/shop.diolosa.com\/wp-content\/uploads\/2019\/09\/Presslinge-140.jpg\",\"contentUrl\":\"https:\/\/shop.diolosa.com\/wp-content\/uploads\/2019\/09\/Presslinge-140.jpg\",\"width\":800,\"height\":533},{\"@type\":\"BreadcrumbList\",\"@id\":\"https:\/\/shop.diolosa.com\/pl\/product\/deep-sleep-forte\/#breadcrumb\",\"itemListElement\":[{\"@type\":\"ListItem\",\"position\":1,\"name\":\"Startseite\",\"item\":\"https:\/\/shop.diolosa.com\/pl\/?page_id=3835710\"},{\"@type\":\"ListItem\",\"position\":2,\"name\":\"Sklep\",\"item\":\"https:\/\/shop.diolosa.com\/pl\/?page_id=3835710\"},{\"@type\":\"ListItem\",\"position\":3,\"name\":\"Deep Sleep Forte\"}]},{\"@type\":\"WebSite\",\"@id\":\"https:\/\/shop.diolosa.com\/pl\/#website\",\"url\":\"https:\/\/shop.diolosa.com\/pl\/\",\"name\":\"Claude Diolosa\",\"description\":\"\",\"publisher\":{\"@id\":\"https:\/\/shop.diolosa.com\/pl\/#organization\"},\"potentialAction\":[{\"@type\":\"SearchAction\",\"target\":{\"@type\":\"EntryPoint\",\"urlTemplate\":\"https:\/\/shop.diolosa.com\/pl\/?s={search_term_string}\"},\"query-input\":{\"@type\":\"PropertyValueSpecification\",\"valueRequired\":true,\"valueName\":\"search_term_string\"}}],\"inLanguage\":\"pl-PL\"},{\"@type\":\"Organization\",\"@id\":\"https:\/\/shop.diolosa.com\/pl\/#organization\",\"name\":\"Claude Diolosa\",\"url\":\"https:\/\/shop.diolosa.com\/pl\/\",\"logo\":{\"@type\":\"ImageObject\",\"inLanguage\":\"pl-PL\",\"@id\":\"https:\/\/shop.diolosa.com\/pl\/#\/schema\/logo\/image\/\",\"url\":\"https:\/\/shop.diolosa.com\/wp-content\/uploads\/2019\/08\/diolosa-drop-logo-new.png\",\"contentUrl\":\"https:\/\/shop.diolosa.com\/wp-content\/uploads\/2019\/08\/diolosa-drop-logo-new.png\",\"width\":134,\"height\":176,\"caption\":\"Claude Diolosa\"},\"image\":{\"@id\":\"https:\/\/shop.diolosa.com\/pl\/#\/schema\/logo\/image\/\"},\"sameAs\":[\"https:\/\/facebook.com\/claudediolosa\",\"https:\/\/www.instagram.com\/diolosaclaude108\/\"]}]}<\/script>\n<!-- \/ Yoast SEO plugin. -->","yoast_head_json":{"title":"Deep Sleep Forte - Claude Diolosa","robots":{"index":"index","follow":"follow","max-snippet":"max-snippet:-1","max-image-preview":"max-image-preview:large","max-video-preview":"max-video-preview:-1"},"canonical":"https:\/\/shop.diolosa.com\/pl\/product\/deep-sleep-forte\/","og_locale":"pl_PL","og_type":"article","og_title":"Deep Sleep Forte - Claude Diolosa","og_description":"&nbsp; &nbsp; &nbsp; &nbsp;","og_url":"https:\/\/shop.diolosa.com\/pl\/product\/deep-sleep-forte\/","og_site_name":"Claude Diolosa","article_publisher":"https:\/\/facebook.com\/claudediolosa","article_modified_time":"2025-05-06T14:19:24+00:00","og_image":[{"width":800,"height":533,"url":"https:\/\/shop.diolosa.com\/wp-content\/uploads\/2019\/09\/Presslinge-140.jpg","type":"image\/jpeg"}],"twitter_card":"summary_large_image","schema":{"@context":"https:\/\/schema.org","@graph":[{"@type":"WebPage","@id":"https:\/\/shop.diolosa.com\/pl\/product\/deep-sleep-forte\/","url":"https:\/\/shop.diolosa.com\/pl\/product\/deep-sleep-forte\/","name":"Deep Sleep Forte - Claude Diolosa","isPartOf":{"@id":"https:\/\/shop.diolosa.com\/pl\/#website"},"primaryImageOfPage":{"@id":"https:\/\/shop.diolosa.com\/pl\/product\/deep-sleep-forte\/#primaryimage"},"image":{"@id":"https:\/\/shop.diolosa.com\/pl\/product\/deep-sleep-forte\/#primaryimage"},"thumbnailUrl":"https:\/\/shop.diolosa.com\/wp-content\/uploads\/2019\/09\/Presslinge-140.jpg","datePublished":"2025-03-10T05:55:31+00:00","dateModified":"2025-05-06T14:19:24+00:00","breadcrumb":{"@id":"https:\/\/shop.diolosa.com\/pl\/product\/deep-sleep-forte\/#breadcrumb"},"inLanguage":"pl-PL","potentialAction":[{"@type":"ReadAction","target":["https:\/\/shop.diolosa.com\/pl\/product\/deep-sleep-forte\/"]}]},{"@type":"ImageObject","inLanguage":"pl-PL","@id":"https:\/\/shop.diolosa.com\/pl\/product\/deep-sleep-forte\/#primaryimage","url":"https:\/\/shop.diolosa.com\/wp-content\/uploads\/2019\/09\/Presslinge-140.jpg","contentUrl":"https:\/\/shop.diolosa.com\/wp-content\/uploads\/2019\/09\/Presslinge-140.jpg","width":800,"height":533},{"@type":"BreadcrumbList","@id":"https:\/\/shop.diolosa.com\/pl\/product\/deep-sleep-forte\/#breadcrumb","itemListElement":[{"@type":"ListItem","position":1,"name":"Startseite","item":"https:\/\/shop.diolosa.com\/pl\/?page_id=3835710"},{"@type":"ListItem","position":2,"name":"Sklep","item":"https:\/\/shop.diolosa.com\/pl\/?page_id=3835710"},{"@type":"ListItem","position":3,"name":"Deep Sleep Forte"}]},{"@type":"WebSite","@id":"https:\/\/shop.diolosa.com\/pl\/#website","url":"https:\/\/shop.diolosa.com\/pl\/","name":"Claude Diolosa","description":"","publisher":{"@id":"https:\/\/shop.diolosa.com\/pl\/#organization"},"potentialAction":[{"@type":"SearchAction","target":{"@type":"EntryPoint","urlTemplate":"https:\/\/shop.diolosa.com\/pl\/?s={search_term_string}"},"query-input":{"@type":"PropertyValueSpecification","valueRequired":true,"valueName":"search_term_string"}}],"inLanguage":"pl-PL"},{"@type":"Organization","@id":"https:\/\/shop.diolosa.com\/pl\/#organization","name":"Claude Diolosa","url":"https:\/\/shop.diolosa.com\/pl\/","logo":{"@type":"ImageObject","inLanguage":"pl-PL","@id":"https:\/\/shop.diolosa.com\/pl\/#\/schema\/logo\/image\/","url":"https:\/\/shop.diolosa.com\/wp-content\/uploads\/2019\/08\/diolosa-drop-logo-new.png","contentUrl":"https:\/\/shop.diolosa.com\/wp-content\/uploads\/2019\/08\/diolosa-drop-logo-new.png","width":134,"height":176,"caption":"Claude Diolosa"},"image":{"@id":"https:\/\/shop.diolosa.com\/pl\/#\/schema\/logo\/image\/"},"sameAs":["https:\/\/facebook.com\/claudediolosa","https:\/\/www.instagram.com\/diolosaclaude108\/"]}]}},"_links":{"self":[{"href":"https:\/\/shop.diolosa.com\/pl\/wp-json\/wp\/v2\/product\/3840981","targetHints":{"allow":["GET"]}}],"collection":[{"href":"https:\/\/shop.diolosa.com\/pl\/wp-json\/wp\/v2\/product"}],"about":[{"href":"https:\/\/shop.diolosa.com\/pl\/wp-json\/wp\/v2\/types\/product"}],"wp:featuredmedia":[{"embeddable":true,"href":"https:\/\/shop.diolosa.com\/pl\/wp-json\/wp\/v2\/media\/3835943"}],"wp:attachment":[{"href":"https:\/\/shop.diolosa.com\/pl\/wp-json\/wp\/v2\/media?parent=3840981"}],"wp:term":[{"taxonomy":"product_brand","embeddable":true,"href":"https:\/\/shop.diolosa.com\/pl\/wp-json\/wp\/v2\/product_brand?post=3840981"},{"taxonomy":"product_cat","embeddable":true,"href":"https:\/\/shop.diolosa.com\/pl\/wp-json\/wp\/v2\/product_cat?post=3840981"},{"taxonomy":"product_tag","embeddable":true,"href":"https:\/\/shop.diolosa.com\/pl\/wp-json\/wp\/v2\/product_tag?post=3840981"}],"curies":[{"name":"wp","href":"https:\/\/api.w.org\/{rel}","templated":true}]}}