{"id":3840982,"date":"2019-09-04T12:11:44","date_gmt":"2025-03-10T05:55:32","guid":{"rendered":"https:\/\/shop.diolosa.com\/product\/filar-niebios\/"},"modified":"2025-05-06T15:18:49","modified_gmt":"2025-05-06T14:18:49","slug":"filar-niebios","status":"publish","type":"product","link":"https:\/\/shop.diolosa.com\/pl\/product\/filar-niebios\/","title":{"rendered":"Filar Niebios"},"content":{"rendered":"<p>HEAVEN&#8217;S PILLAR jest stosowany w leczeniu zespo\u0142u kr\u0119gos\u0142upa szyjnego. Preparat ten dociera do kr\u0119gos\u0142upa szyjnego, usuwa przenikliwy wiatr, zimno i mokry PE, rozpuszcza zast\u00f3j krwi, wspomaga mobilno\u015b\u0107, otwiera naczynia Luo, \u0142agodzi b\u00f3l i oczyszcza kana\u0142y serca (smagni\u0119cie biczem).<\/p>\n","protected":false},"excerpt":{"rendered":"<p>HEAVEN&#8217;S PILLAR jest stosowany w leczeniu zespo\u0142u kr\u0119gos\u0142upa szyjnego. Preparat  [&#8230;]<\/p>\n","protected":false},"featured_media":3835943,"template":"","meta":{"_acf_changed":false},"product_brand":[],"product_cat":[11954],"product_tag":[12128],"class_list":{"0":"post-3840982","1":"product","2":"type-product","3":"status-publish","4":"has-post-thumbnail","6":"product_cat-reumatologia","7":"product_tag-zespol-kregoslupa-szyjnego","9":"first","10":"instock","11":"taxable","12":"shipping-taxable","13":"purchasable","14":"product-type-simple"},"acf":{"yn_product_akupunktur":"<p>Leczenie ostre<br \/>\njia ji szyjki macicy (EX.B2) &#8211; xie fa<br \/>\nbai lao &#8211; M-HN-30 &#8211; xie fa<br \/>\nluo zhen xue &#8211; M-UE-24 (hws) &#8211; xie fa<br \/>\nyou mai 14 &#8211; da zhui (jezioro qi) &#8211; xie fa<br \/>\ndu mai 16 &#8211; feng fu (jezioro szpiku kostnego, yang wei mai) &#8211; xie fa<br \/>\njelito cienkie 3 &#8211; hou xi (shu,du mai) kierunek jelito grube 4 &#8211; he gu (yuan) &#8211; xie fa<br \/>\np\u0142uco 7 &#8211; lie que (luo, ren mai) &#8211; xie fa (zimny wiatr)<br \/>\nworeczek \u017c\u00f3\u0142ciowy 20 &#8211; feng chi (san chiao, yang wei mai) &#8211; xie fa<br \/>\nworeczek \u017c\u00f3\u0142ciowy 21 &#8211; jiang jing &#8211; xie fa<br \/>\nbubble 10 &#8211; tian zhu &#8211; zimny wiatr &#8211; xie fa<br \/>\ndwukropek 15 &#8211; jian yu (yang qiao mai) &#8211; xie fa<br \/>\njelito cienkie 6 &#8211; yang lao (xi) &#8211; xie fa<br \/>\nbubble 63 &#8211; jin men (xi, yang wei mai) &#8211; xie fa<br \/>\nbubble 60 &#8211; kun lun (jing) &#8211; xie fa<\/p>\n","yn_product_verabreichungsart":"Pelety 140szt.","yn_product_dosierung":"<p>3 x 6 do 10 tabletek dziennie, zawsze przed posi\u0142kami<\/p>\n","yn_product_combinations":"<p>FREE FLOW SPRAY, OIL, GEL i TABLETKI (przeciw zastojowi Qi i krwi &#8211; urazy), COLD EASY MOVEMENT (reumatyzm &#8211; zesp\u00f3\u0142 Shi Han Bi), FIVE QUEENS (zast\u00f3j krwi), FIVE DRAGONS (Luo Mai)<\/p>\n","yn_product_avoidable":"<p>Zimne pokarmy, surowe warzywa, og\u00f3rki, pomidory, owoce tropikalne, owoce cytrusowe, kawa, ziemniaki, czarna herbata.<\/p>\n","yn_product_tcm_mindmapping":"<p>Wiatr Zimno i mokro PE > atakuje kr\u0119gos\u0142up szyjny > zast\u00f3j Qi i krwi > b\u00f3l lub uraz > zast\u00f3j Qi i krwi > b\u00f3l<\/p>\n","yn_product_tongue_body":"<p>Poplamione kraw\u0119dzie<\/p>\n","yn_product_tongue_coating":"<p>Cienki, bia\u0142y i wilgotny<\/p>\n","yn_product_pulse_diagnostics":"<p>G\u00f3rny cieplejszy: fu mai &#8211; powierzchowny, xi mai &#8211; cienki, se mai &#8211; szorstki lub jin mai &#8211; j\u0119drny, shi mai &#8211; pe\u0142ny, chi mai &#8211; powolny<\/p>\n","yn_product_indications":"<p>P\u00f3\u017ane skutki urazu kr\u0119gos\u0142upa szyjnego, uraz, ograniczenie ruchu i b\u00f3l, zawroty g\u0142owy<\/p>\n","yn_product_contra_indications":"<p>Niedob\u00f3r Yin > Puste ciep\u0142o i od\u0142\u0105czenie Yang<\/p>\n","yn_product_pregnancy":"<p>Dozwolone<\/p>\n","yn_product_herbs":"<p>ramulus cinamomi &#8211; gui zhi, puerariae lobatae radix &#8211; ge gen, notopterygium radix et rhizomae &#8211; qiang huo, spatholobi seu milletiae caulis &#8211; ji xue teng, angelicae sinensis par caudensis radix &#8211; dang gui wei, ligusticii rhizoma &#8211; chuan xiong, carthami flos &#8211; hong hua, glycyrrhizae uralensis radix &#8211; gan cao<\/p>\n","yn_product_magisterrecipes":"<p>Ge Gen Tang, Gui Zhi Jia Ge Gen Tang, Di Long Tang Jia Jian, Juan Bi Tang<\/p>\n","yn_product_audio":"https:\/\/shop.diolosa.com\/wp-content\/uploads\/2025\/07\/Earth-Pillar.m4a","yn_product_video":"https:\/\/shop.diolosa.com\/wp-content\/uploads\/2025\/07\/Heavens-Pillar-Kopie.mp4"},"yoast_head":"<!-- This site is optimized with the Yoast SEO plugin v24.9 - https:\/\/yoast.com\/wordpress\/plugins\/seo\/ -->\n<title>Filar Niebios - Claude Diolosa<\/title>\n<meta name=\"robots\" content=\"index, follow, max-snippet:-1, max-image-preview:large, max-video-preview:-1\" \/>\n<link rel=\"canonical\" href=\"https:\/\/shop.diolosa.com\/pl\/product\/filar-niebios\/\" \/>\n<meta property=\"og:locale\" content=\"pl_PL\" \/>\n<meta property=\"og:type\" content=\"article\" \/>\n<meta property=\"og:title\" content=\"Filar Niebios - Claude Diolosa\" \/>\n<meta property=\"og:description\" content=\"HEAVEN&#8217;S PILLAR jest stosowany w leczeniu zespo\u0142u kr\u0119gos\u0142upa szyjnego. Preparat [...]\" \/>\n<meta property=\"og:url\" content=\"https:\/\/shop.diolosa.com\/pl\/product\/filar-niebios\/\" \/>\n<meta property=\"og:site_name\" content=\"Claude Diolosa\" \/>\n<meta property=\"article:publisher\" content=\"https:\/\/facebook.com\/claudediolosa\" \/>\n<meta property=\"article:modified_time\" content=\"2025-05-06T14:18:49+00:00\" \/>\n<meta property=\"og:image\" content=\"https:\/\/shop.diolosa.com\/wp-content\/uploads\/2019\/09\/Presslinge-140.jpg\" \/>\n\t<meta property=\"og:image:width\" content=\"800\" \/>\n\t<meta property=\"og:image:height\" content=\"533\" \/>\n\t<meta property=\"og:image:type\" content=\"image\/jpeg\" \/>\n<meta name=\"twitter:card\" content=\"summary_large_image\" \/>\n<script type=\"application\/ld+json\" class=\"yoast-schema-graph\">{\"@context\":\"https:\/\/schema.org\",\"@graph\":[{\"@type\":\"WebPage\",\"@id\":\"https:\/\/shop.diolosa.com\/pl\/product\/filar-niebios\/\",\"url\":\"https:\/\/shop.diolosa.com\/pl\/product\/filar-niebios\/\",\"name\":\"Filar Niebios - Claude Diolosa\",\"isPartOf\":{\"@id\":\"https:\/\/shop.diolosa.com\/pl\/#website\"},\"primaryImageOfPage\":{\"@id\":\"https:\/\/shop.diolosa.com\/pl\/product\/filar-niebios\/#primaryimage\"},\"image\":{\"@id\":\"https:\/\/shop.diolosa.com\/pl\/product\/filar-niebios\/#primaryimage\"},\"thumbnailUrl\":\"https:\/\/shop.diolosa.com\/wp-content\/uploads\/2019\/09\/Presslinge-140.jpg\",\"datePublished\":\"2025-03-10T05:55:32+00:00\",\"dateModified\":\"2025-05-06T14:18:49+00:00\",\"breadcrumb\":{\"@id\":\"https:\/\/shop.diolosa.com\/pl\/product\/filar-niebios\/#breadcrumb\"},\"inLanguage\":\"pl-PL\",\"potentialAction\":[{\"@type\":\"ReadAction\",\"target\":[\"https:\/\/shop.diolosa.com\/pl\/product\/filar-niebios\/\"]}]},{\"@type\":\"ImageObject\",\"inLanguage\":\"pl-PL\",\"@id\":\"https:\/\/shop.diolosa.com\/pl\/product\/filar-niebios\/#primaryimage\",\"url\":\"https:\/\/shop.diolosa.com\/wp-content\/uploads\/2019\/09\/Presslinge-140.jpg\",\"contentUrl\":\"https:\/\/shop.diolosa.com\/wp-content\/uploads\/2019\/09\/Presslinge-140.jpg\",\"width\":800,\"height\":533},{\"@type\":\"BreadcrumbList\",\"@id\":\"https:\/\/shop.diolosa.com\/pl\/product\/filar-niebios\/#breadcrumb\",\"itemListElement\":[{\"@type\":\"ListItem\",\"position\":1,\"name\":\"Startseite\",\"item\":\"https:\/\/shop.diolosa.com\/pl\/?page_id=3835710\"},{\"@type\":\"ListItem\",\"position\":2,\"name\":\"Sklep\",\"item\":\"https:\/\/shop.diolosa.com\/pl\/?page_id=3835710\"},{\"@type\":\"ListItem\",\"position\":3,\"name\":\"Filar Niebios\"}]},{\"@type\":\"WebSite\",\"@id\":\"https:\/\/shop.diolosa.com\/pl\/#website\",\"url\":\"https:\/\/shop.diolosa.com\/pl\/\",\"name\":\"Claude Diolosa\",\"description\":\"\",\"publisher\":{\"@id\":\"https:\/\/shop.diolosa.com\/pl\/#organization\"},\"potentialAction\":[{\"@type\":\"SearchAction\",\"target\":{\"@type\":\"EntryPoint\",\"urlTemplate\":\"https:\/\/shop.diolosa.com\/pl\/?s={search_term_string}\"},\"query-input\":{\"@type\":\"PropertyValueSpecification\",\"valueRequired\":true,\"valueName\":\"search_term_string\"}}],\"inLanguage\":\"pl-PL\"},{\"@type\":\"Organization\",\"@id\":\"https:\/\/shop.diolosa.com\/pl\/#organization\",\"name\":\"Claude Diolosa\",\"url\":\"https:\/\/shop.diolosa.com\/pl\/\",\"logo\":{\"@type\":\"ImageObject\",\"inLanguage\":\"pl-PL\",\"@id\":\"https:\/\/shop.diolosa.com\/pl\/#\/schema\/logo\/image\/\",\"url\":\"https:\/\/shop.diolosa.com\/wp-content\/uploads\/2019\/08\/diolosa-drop-logo-new.png\",\"contentUrl\":\"https:\/\/shop.diolosa.com\/wp-content\/uploads\/2019\/08\/diolosa-drop-logo-new.png\",\"width\":134,\"height\":176,\"caption\":\"Claude Diolosa\"},\"image\":{\"@id\":\"https:\/\/shop.diolosa.com\/pl\/#\/schema\/logo\/image\/\"},\"sameAs\":[\"https:\/\/facebook.com\/claudediolosa\",\"https:\/\/www.instagram.com\/diolosaclaude108\/\"]}]}<\/script>\n<!-- \/ Yoast SEO plugin. -->","yoast_head_json":{"title":"Filar Niebios - Claude Diolosa","robots":{"index":"index","follow":"follow","max-snippet":"max-snippet:-1","max-image-preview":"max-image-preview:large","max-video-preview":"max-video-preview:-1"},"canonical":"https:\/\/shop.diolosa.com\/pl\/product\/filar-niebios\/","og_locale":"pl_PL","og_type":"article","og_title":"Filar Niebios - Claude Diolosa","og_description":"HEAVEN&#8217;S PILLAR jest stosowany w leczeniu zespo\u0142u kr\u0119gos\u0142upa szyjnego. Preparat [...]","og_url":"https:\/\/shop.diolosa.com\/pl\/product\/filar-niebios\/","og_site_name":"Claude Diolosa","article_publisher":"https:\/\/facebook.com\/claudediolosa","article_modified_time":"2025-05-06T14:18:49+00:00","og_image":[{"width":800,"height":533,"url":"https:\/\/shop.diolosa.com\/wp-content\/uploads\/2019\/09\/Presslinge-140.jpg","type":"image\/jpeg"}],"twitter_card":"summary_large_image","schema":{"@context":"https:\/\/schema.org","@graph":[{"@type":"WebPage","@id":"https:\/\/shop.diolosa.com\/pl\/product\/filar-niebios\/","url":"https:\/\/shop.diolosa.com\/pl\/product\/filar-niebios\/","name":"Filar Niebios - Claude Diolosa","isPartOf":{"@id":"https:\/\/shop.diolosa.com\/pl\/#website"},"primaryImageOfPage":{"@id":"https:\/\/shop.diolosa.com\/pl\/product\/filar-niebios\/#primaryimage"},"image":{"@id":"https:\/\/shop.diolosa.com\/pl\/product\/filar-niebios\/#primaryimage"},"thumbnailUrl":"https:\/\/shop.diolosa.com\/wp-content\/uploads\/2019\/09\/Presslinge-140.jpg","datePublished":"2025-03-10T05:55:32+00:00","dateModified":"2025-05-06T14:18:49+00:00","breadcrumb":{"@id":"https:\/\/shop.diolosa.com\/pl\/product\/filar-niebios\/#breadcrumb"},"inLanguage":"pl-PL","potentialAction":[{"@type":"ReadAction","target":["https:\/\/shop.diolosa.com\/pl\/product\/filar-niebios\/"]}]},{"@type":"ImageObject","inLanguage":"pl-PL","@id":"https:\/\/shop.diolosa.com\/pl\/product\/filar-niebios\/#primaryimage","url":"https:\/\/shop.diolosa.com\/wp-content\/uploads\/2019\/09\/Presslinge-140.jpg","contentUrl":"https:\/\/shop.diolosa.com\/wp-content\/uploads\/2019\/09\/Presslinge-140.jpg","width":800,"height":533},{"@type":"BreadcrumbList","@id":"https:\/\/shop.diolosa.com\/pl\/product\/filar-niebios\/#breadcrumb","itemListElement":[{"@type":"ListItem","position":1,"name":"Startseite","item":"https:\/\/shop.diolosa.com\/pl\/?page_id=3835710"},{"@type":"ListItem","position":2,"name":"Sklep","item":"https:\/\/shop.diolosa.com\/pl\/?page_id=3835710"},{"@type":"ListItem","position":3,"name":"Filar Niebios"}]},{"@type":"WebSite","@id":"https:\/\/shop.diolosa.com\/pl\/#website","url":"https:\/\/shop.diolosa.com\/pl\/","name":"Claude Diolosa","description":"","publisher":{"@id":"https:\/\/shop.diolosa.com\/pl\/#organization"},"potentialAction":[{"@type":"SearchAction","target":{"@type":"EntryPoint","urlTemplate":"https:\/\/shop.diolosa.com\/pl\/?s={search_term_string}"},"query-input":{"@type":"PropertyValueSpecification","valueRequired":true,"valueName":"search_term_string"}}],"inLanguage":"pl-PL"},{"@type":"Organization","@id":"https:\/\/shop.diolosa.com\/pl\/#organization","name":"Claude Diolosa","url":"https:\/\/shop.diolosa.com\/pl\/","logo":{"@type":"ImageObject","inLanguage":"pl-PL","@id":"https:\/\/shop.diolosa.com\/pl\/#\/schema\/logo\/image\/","url":"https:\/\/shop.diolosa.com\/wp-content\/uploads\/2019\/08\/diolosa-drop-logo-new.png","contentUrl":"https:\/\/shop.diolosa.com\/wp-content\/uploads\/2019\/08\/diolosa-drop-logo-new.png","width":134,"height":176,"caption":"Claude Diolosa"},"image":{"@id":"https:\/\/shop.diolosa.com\/pl\/#\/schema\/logo\/image\/"},"sameAs":["https:\/\/facebook.com\/claudediolosa","https:\/\/www.instagram.com\/diolosaclaude108\/"]}]}},"_links":{"self":[{"href":"https:\/\/shop.diolosa.com\/pl\/wp-json\/wp\/v2\/product\/3840982","targetHints":{"allow":["GET"]}}],"collection":[{"href":"https:\/\/shop.diolosa.com\/pl\/wp-json\/wp\/v2\/product"}],"about":[{"href":"https:\/\/shop.diolosa.com\/pl\/wp-json\/wp\/v2\/types\/product"}],"wp:featuredmedia":[{"embeddable":true,"href":"https:\/\/shop.diolosa.com\/pl\/wp-json\/wp\/v2\/media\/3835943"}],"wp:attachment":[{"href":"https:\/\/shop.diolosa.com\/pl\/wp-json\/wp\/v2\/media?parent=3840982"}],"wp:term":[{"taxonomy":"product_brand","embeddable":true,"href":"https:\/\/shop.diolosa.com\/pl\/wp-json\/wp\/v2\/product_brand?post=3840982"},{"taxonomy":"product_cat","embeddable":true,"href":"https:\/\/shop.diolosa.com\/pl\/wp-json\/wp\/v2\/product_cat?post=3840982"},{"taxonomy":"product_tag","embeddable":true,"href":"https:\/\/shop.diolosa.com\/pl\/wp-json\/wp\/v2\/product_tag?post=3840982"}],"curies":[{"name":"wp","href":"https:\/\/api.w.org\/{rel}","templated":true}]}}