{"id":3841009,"date":"2019-09-04T12:11:44","date_gmt":"2025-03-10T05:55:37","guid":{"rendered":"https:\/\/shop.diolosa.com\/product\/oddech-wielkiego-smoka\/"},"modified":"2025-05-06T15:19:01","modified_gmt":"2025-05-06T14:19:01","slug":"oddech-wielkiego-smoka","status":"publish","type":"product","link":"https:\/\/shop.diolosa.com\/pl\/product\/oddech-wielkiego-smoka\/","title":{"rendered":"Oddech Wielkiego Smoka"},"content":{"rendered":"<p>GREAT DRAGON&#8217;S BREATH jest stosowany w leczeniu ostrego kataru siennego. Ten bardzo skuteczny preparat rozprasza wiatr, otwiera narz\u0105dy zmys\u0142\u00f3w, \u0142agodzi sw\u0119dzenie sk\u00f3ry i zaczerwienienie twarzy, obni\u017ca Qi p\u0142uc i u\u0142atwia oddychanie.<\/p>\n","protected":false},"excerpt":{"rendered":"<p>GREAT DRAGON&#8217;S BREATH jest stosowany w leczeniu ostrego kataru siennego.  [&#8230;]<\/p>\n","protected":false},"featured_media":3835943,"template":"","meta":{"_acf_changed":false},"product_brand":[],"product_cat":[12140],"product_tag":[12148],"class_list":{"0":"post-3841009","1":"product","2":"type-product","3":"status-publish","4":"has-post-thumbnail","6":"product_cat-alergologia","7":"product_tag-ostry-katar-sienny","9":"first","10":"instock","11":"taxable","12":"shipping-taxable","13":"purchasable","14":"product-type-simple"},"acf":{"yn_product_audio":"https:\/\/shop.diolosa.com\/wp-content\/uploads\/2018\/12\/DL_0276.mp3","yn_product_video":"https:\/\/shop.diolosa.com\/wp-content\/uploads\/2019\/09\/Great-Dragon-Breath-.mp4","yn_product_akupunktur":"<p>Ostre leczenie<br \/>\np\u0119cherz 13 &#8211; fei shu &#8211; xie fa<br \/>\np\u0119cherz 12 &#8211; feng men (du mai) &#8211; xie fa<br \/>\njelito grube 4 &#8211; he gu (yuan) &#8211; xie fa<br \/>\nsan chiao 5 &#8211; wai guan (yang wei mai, luo) &#8211; xie fa<br \/>\np\u0142uca 7 &#8211; lie que (luo, ren mai) &#8211; xie fa<br \/>\njelito grube 20 &#8211; ying xiang &#8211; xie fa<br \/>\nbi tong -M-HN-14 &#8211; xie fa<br \/>\nyin tang &#8211; M-HN-3 &#8211; xie fa<br \/>\np\u0119cherz moczowy 2 &#8211; cuan zhu &#8211; xie fa<br \/>\njelito grube 20 &#8211; ying xiang &#8211; xie fa<br \/>\ndu mai 24 &#8211; shen ting (p\u0119cherz moczowy, \u017co\u0142\u0105dek, gui) &#8211; xie fa  <\/p>\n<p>Tonizuje nerki<br \/>\np\u0119cherz 23 &#8211; shen shu &#8211; bu fa &#8211; moxa<br \/>\nnerki 7 &#8211; fu liu (jing) &#8211; bu fa  <\/p>\n<p>Tonizuje \u015bledzion\u0119<br \/>\np\u0119cherz 20 &#8211; pi shu &#8211; bu fa<br \/>\n\u015bledziona 3 &#8211; tai bai (yuan) &#8211; bu fa  <\/p>\n<p>Drena\u017c \u015bluzu<br \/>\n\u017co\u0142\u0105dek 40 &#8211; feng long (luo) &#8211; xie fa<\/p>\n","yn_product_verabreichungsart":"Pelety 140szt.","yn_product_dosierung":"<p>Przyjmowa\u0107 3 x 6 do 10 tabletek dziennie, zawsze przed posi\u0142kami, najlepiej razem z herbat\u0105 mi\u0119tow\u0105.<\/p>\n","yn_product_combinations":"<p>SMALL DRAGON&#8217;S BREATH (przewlek\u0142y katar sienny), LUMINOUS SHIELD (niedob\u00f3r odporno\u015bci), YANG ROOT, RINCHEN TEA (niedob\u00f3r qi nerek, yang i jing)<\/p>\n","yn_product_avoidable":"<p>Czosnek, czekolada, kawa, czarna herbata, zielona herbata, jogurt i cukier.<\/p>\n","yn_product_tcm_mindmapping":"<p>Wiatr PE > wi\u0105\u017ce p\u0142uca > atakuje Yang Ming i Shao Yang na twarzy > buntownicza Qi p\u0142uc (kichanie, kaszel i sw\u0119dzenie)<\/p>\n","yn_product_tongue_body":"<p>Czerwone brzegi lub opuchni\u0119te i zaczerwienione po jednej stronie, zaczerwieniona ko\u0144c\u00f3wka j\u0119zyka<\/p>\n","yn_product_tongue_coating":"<p>\u017b\u00f3\u0142tawy, cienki i pr\u0105\u017ckowany<\/p>\n","yn_product_pulse_diagnostics":"<p>Pozycja OE: xian mai &#8211; napi\u0119ty, fu mai &#8211; powierzchowny, shi mai &#8211; pe\u0142ny, shuo mai &#8211; szybki, hua mai &#8211; szybuj\u0105cy<\/p>\n","yn_product_indications":"<p>Katar sienny, kichanie i kaszel z plwocin\u0105, sw\u0119dzenie oczu, duszno\u015b\u0107<\/p>\n","yn_product_contra_indications":"<p>Wymiana Yang<\/p>\n","yn_product_pregnancy":"<p>Dozwolone<\/p>\n","yn_product_herbs":"<p>platycodi grandiflori radix &#8211; jie geng, mori folium &#8211; sang ye, bupleurum radix &#8211; chai hu, ligusticii rhizoma &#8211; chuan xiong, magnoliae flos &#8211; xi yin hua, astragali radix &#8211; huang qi, armeniacae amarum semen &#8211; ku xing ren, pinelliae ternatae rhizoma &#8211; ban xia<\/p>\n","yn_product_magisterrecipes":"<p>Xiao Chai Hu Tang, Cang Er Zi San, Xin Yi San<\/p>\n"},"yoast_head":"<!-- This site is optimized with the Yoast SEO plugin v24.9 - https:\/\/yoast.com\/wordpress\/plugins\/seo\/ -->\n<title>Oddech Wielkiego Smoka - Claude Diolosa<\/title>\n<meta name=\"robots\" content=\"index, follow, max-snippet:-1, max-image-preview:large, max-video-preview:-1\" \/>\n<link rel=\"canonical\" href=\"https:\/\/shop.diolosa.com\/pl\/product\/oddech-wielkiego-smoka\/\" \/>\n<meta property=\"og:locale\" content=\"pl_PL\" \/>\n<meta property=\"og:type\" content=\"article\" \/>\n<meta property=\"og:title\" content=\"Oddech Wielkiego Smoka - Claude Diolosa\" \/>\n<meta property=\"og:description\" content=\"GREAT DRAGON&#8217;S BREATH jest stosowany w leczeniu ostrego kataru siennego. [...]\" \/>\n<meta property=\"og:url\" content=\"https:\/\/shop.diolosa.com\/pl\/product\/oddech-wielkiego-smoka\/\" \/>\n<meta property=\"og:site_name\" content=\"Claude Diolosa\" \/>\n<meta property=\"article:publisher\" content=\"https:\/\/facebook.com\/claudediolosa\" \/>\n<meta property=\"article:modified_time\" content=\"2025-05-06T14:19:01+00:00\" \/>\n<meta property=\"og:image\" content=\"https:\/\/shop.diolosa.com\/wp-content\/uploads\/2019\/09\/Presslinge-140.jpg\" \/>\n\t<meta property=\"og:image:width\" content=\"800\" \/>\n\t<meta property=\"og:image:height\" content=\"533\" \/>\n\t<meta property=\"og:image:type\" content=\"image\/jpeg\" \/>\n<meta name=\"twitter:card\" content=\"summary_large_image\" \/>\n<script type=\"application\/ld+json\" class=\"yoast-schema-graph\">{\"@context\":\"https:\/\/schema.org\",\"@graph\":[{\"@type\":\"WebPage\",\"@id\":\"https:\/\/shop.diolosa.com\/pl\/product\/oddech-wielkiego-smoka\/\",\"url\":\"https:\/\/shop.diolosa.com\/pl\/product\/oddech-wielkiego-smoka\/\",\"name\":\"Oddech Wielkiego Smoka - Claude Diolosa\",\"isPartOf\":{\"@id\":\"https:\/\/shop.diolosa.com\/pl\/#website\"},\"primaryImageOfPage\":{\"@id\":\"https:\/\/shop.diolosa.com\/pl\/product\/oddech-wielkiego-smoka\/#primaryimage\"},\"image\":{\"@id\":\"https:\/\/shop.diolosa.com\/pl\/product\/oddech-wielkiego-smoka\/#primaryimage\"},\"thumbnailUrl\":\"https:\/\/shop.diolosa.com\/wp-content\/uploads\/2019\/09\/Presslinge-140.jpg\",\"datePublished\":\"2025-03-10T05:55:37+00:00\",\"dateModified\":\"2025-05-06T14:19:01+00:00\",\"breadcrumb\":{\"@id\":\"https:\/\/shop.diolosa.com\/pl\/product\/oddech-wielkiego-smoka\/#breadcrumb\"},\"inLanguage\":\"pl-PL\",\"potentialAction\":[{\"@type\":\"ReadAction\",\"target\":[\"https:\/\/shop.diolosa.com\/pl\/product\/oddech-wielkiego-smoka\/\"]}]},{\"@type\":\"ImageObject\",\"inLanguage\":\"pl-PL\",\"@id\":\"https:\/\/shop.diolosa.com\/pl\/product\/oddech-wielkiego-smoka\/#primaryimage\",\"url\":\"https:\/\/shop.diolosa.com\/wp-content\/uploads\/2019\/09\/Presslinge-140.jpg\",\"contentUrl\":\"https:\/\/shop.diolosa.com\/wp-content\/uploads\/2019\/09\/Presslinge-140.jpg\",\"width\":800,\"height\":533},{\"@type\":\"BreadcrumbList\",\"@id\":\"https:\/\/shop.diolosa.com\/pl\/product\/oddech-wielkiego-smoka\/#breadcrumb\",\"itemListElement\":[{\"@type\":\"ListItem\",\"position\":1,\"name\":\"Startseite\",\"item\":\"https:\/\/shop.diolosa.com\/pl\/?page_id=3835710\"},{\"@type\":\"ListItem\",\"position\":2,\"name\":\"Sklep\",\"item\":\"https:\/\/shop.diolosa.com\/pl\/?page_id=3835710\"},{\"@type\":\"ListItem\",\"position\":3,\"name\":\"Oddech Wielkiego Smoka\"}]},{\"@type\":\"WebSite\",\"@id\":\"https:\/\/shop.diolosa.com\/pl\/#website\",\"url\":\"https:\/\/shop.diolosa.com\/pl\/\",\"name\":\"Claude Diolosa\",\"description\":\"\",\"publisher\":{\"@id\":\"https:\/\/shop.diolosa.com\/pl\/#organization\"},\"potentialAction\":[{\"@type\":\"SearchAction\",\"target\":{\"@type\":\"EntryPoint\",\"urlTemplate\":\"https:\/\/shop.diolosa.com\/pl\/?s={search_term_string}\"},\"query-input\":{\"@type\":\"PropertyValueSpecification\",\"valueRequired\":true,\"valueName\":\"search_term_string\"}}],\"inLanguage\":\"pl-PL\"},{\"@type\":\"Organization\",\"@id\":\"https:\/\/shop.diolosa.com\/pl\/#organization\",\"name\":\"Claude Diolosa\",\"url\":\"https:\/\/shop.diolosa.com\/pl\/\",\"logo\":{\"@type\":\"ImageObject\",\"inLanguage\":\"pl-PL\",\"@id\":\"https:\/\/shop.diolosa.com\/pl\/#\/schema\/logo\/image\/\",\"url\":\"https:\/\/shop.diolosa.com\/wp-content\/uploads\/2019\/08\/diolosa-drop-logo-new.png\",\"contentUrl\":\"https:\/\/shop.diolosa.com\/wp-content\/uploads\/2019\/08\/diolosa-drop-logo-new.png\",\"width\":134,\"height\":176,\"caption\":\"Claude Diolosa\"},\"image\":{\"@id\":\"https:\/\/shop.diolosa.com\/pl\/#\/schema\/logo\/image\/\"},\"sameAs\":[\"https:\/\/facebook.com\/claudediolosa\",\"https:\/\/www.instagram.com\/diolosaclaude108\/\"]}]}<\/script>\n<!-- \/ Yoast SEO plugin. -->","yoast_head_json":{"title":"Oddech Wielkiego Smoka - Claude Diolosa","robots":{"index":"index","follow":"follow","max-snippet":"max-snippet:-1","max-image-preview":"max-image-preview:large","max-video-preview":"max-video-preview:-1"},"canonical":"https:\/\/shop.diolosa.com\/pl\/product\/oddech-wielkiego-smoka\/","og_locale":"pl_PL","og_type":"article","og_title":"Oddech Wielkiego Smoka - Claude Diolosa","og_description":"GREAT DRAGON&#8217;S BREATH jest stosowany w leczeniu ostrego kataru siennego. [...]","og_url":"https:\/\/shop.diolosa.com\/pl\/product\/oddech-wielkiego-smoka\/","og_site_name":"Claude Diolosa","article_publisher":"https:\/\/facebook.com\/claudediolosa","article_modified_time":"2025-05-06T14:19:01+00:00","og_image":[{"width":800,"height":533,"url":"https:\/\/shop.diolosa.com\/wp-content\/uploads\/2019\/09\/Presslinge-140.jpg","type":"image\/jpeg"}],"twitter_card":"summary_large_image","schema":{"@context":"https:\/\/schema.org","@graph":[{"@type":"WebPage","@id":"https:\/\/shop.diolosa.com\/pl\/product\/oddech-wielkiego-smoka\/","url":"https:\/\/shop.diolosa.com\/pl\/product\/oddech-wielkiego-smoka\/","name":"Oddech Wielkiego Smoka - Claude Diolosa","isPartOf":{"@id":"https:\/\/shop.diolosa.com\/pl\/#website"},"primaryImageOfPage":{"@id":"https:\/\/shop.diolosa.com\/pl\/product\/oddech-wielkiego-smoka\/#primaryimage"},"image":{"@id":"https:\/\/shop.diolosa.com\/pl\/product\/oddech-wielkiego-smoka\/#primaryimage"},"thumbnailUrl":"https:\/\/shop.diolosa.com\/wp-content\/uploads\/2019\/09\/Presslinge-140.jpg","datePublished":"2025-03-10T05:55:37+00:00","dateModified":"2025-05-06T14:19:01+00:00","breadcrumb":{"@id":"https:\/\/shop.diolosa.com\/pl\/product\/oddech-wielkiego-smoka\/#breadcrumb"},"inLanguage":"pl-PL","potentialAction":[{"@type":"ReadAction","target":["https:\/\/shop.diolosa.com\/pl\/product\/oddech-wielkiego-smoka\/"]}]},{"@type":"ImageObject","inLanguage":"pl-PL","@id":"https:\/\/shop.diolosa.com\/pl\/product\/oddech-wielkiego-smoka\/#primaryimage","url":"https:\/\/shop.diolosa.com\/wp-content\/uploads\/2019\/09\/Presslinge-140.jpg","contentUrl":"https:\/\/shop.diolosa.com\/wp-content\/uploads\/2019\/09\/Presslinge-140.jpg","width":800,"height":533},{"@type":"BreadcrumbList","@id":"https:\/\/shop.diolosa.com\/pl\/product\/oddech-wielkiego-smoka\/#breadcrumb","itemListElement":[{"@type":"ListItem","position":1,"name":"Startseite","item":"https:\/\/shop.diolosa.com\/pl\/?page_id=3835710"},{"@type":"ListItem","position":2,"name":"Sklep","item":"https:\/\/shop.diolosa.com\/pl\/?page_id=3835710"},{"@type":"ListItem","position":3,"name":"Oddech Wielkiego Smoka"}]},{"@type":"WebSite","@id":"https:\/\/shop.diolosa.com\/pl\/#website","url":"https:\/\/shop.diolosa.com\/pl\/","name":"Claude Diolosa","description":"","publisher":{"@id":"https:\/\/shop.diolosa.com\/pl\/#organization"},"potentialAction":[{"@type":"SearchAction","target":{"@type":"EntryPoint","urlTemplate":"https:\/\/shop.diolosa.com\/pl\/?s={search_term_string}"},"query-input":{"@type":"PropertyValueSpecification","valueRequired":true,"valueName":"search_term_string"}}],"inLanguage":"pl-PL"},{"@type":"Organization","@id":"https:\/\/shop.diolosa.com\/pl\/#organization","name":"Claude Diolosa","url":"https:\/\/shop.diolosa.com\/pl\/","logo":{"@type":"ImageObject","inLanguage":"pl-PL","@id":"https:\/\/shop.diolosa.com\/pl\/#\/schema\/logo\/image\/","url":"https:\/\/shop.diolosa.com\/wp-content\/uploads\/2019\/08\/diolosa-drop-logo-new.png","contentUrl":"https:\/\/shop.diolosa.com\/wp-content\/uploads\/2019\/08\/diolosa-drop-logo-new.png","width":134,"height":176,"caption":"Claude Diolosa"},"image":{"@id":"https:\/\/shop.diolosa.com\/pl\/#\/schema\/logo\/image\/"},"sameAs":["https:\/\/facebook.com\/claudediolosa","https:\/\/www.instagram.com\/diolosaclaude108\/"]}]}},"_links":{"self":[{"href":"https:\/\/shop.diolosa.com\/pl\/wp-json\/wp\/v2\/product\/3841009","targetHints":{"allow":["GET"]}}],"collection":[{"href":"https:\/\/shop.diolosa.com\/pl\/wp-json\/wp\/v2\/product"}],"about":[{"href":"https:\/\/shop.diolosa.com\/pl\/wp-json\/wp\/v2\/types\/product"}],"wp:featuredmedia":[{"embeddable":true,"href":"https:\/\/shop.diolosa.com\/pl\/wp-json\/wp\/v2\/media\/3835943"}],"wp:attachment":[{"href":"https:\/\/shop.diolosa.com\/pl\/wp-json\/wp\/v2\/media?parent=3841009"}],"wp:term":[{"taxonomy":"product_brand","embeddable":true,"href":"https:\/\/shop.diolosa.com\/pl\/wp-json\/wp\/v2\/product_brand?post=3841009"},{"taxonomy":"product_cat","embeddable":true,"href":"https:\/\/shop.diolosa.com\/pl\/wp-json\/wp\/v2\/product_cat?post=3841009"},{"taxonomy":"product_tag","embeddable":true,"href":"https:\/\/shop.diolosa.com\/pl\/wp-json\/wp\/v2\/product_tag?post=3841009"}],"curies":[{"name":"wp","href":"https:\/\/api.w.org\/{rel}","templated":true}]}}